{"id":3448,"date":"2015-07-13T05:49:06","date_gmt":"2015-07-13T03:49:06","guid":{"rendered":"https:\/\/www.parafiawierzbno.com.pl\/?page_id=3448"},"modified":"2015-07-25T23:24:00","modified_gmt":"2015-07-25T21:24:00","slug":"ogloszenia-lipiec-2015","status":"publish","type":"page","link":"https:\/\/www.parafiawierzbno.com.pl\/?page_id=3448","title":{"rendered":"Og\u0142oszenia &#8211; Lipiec 2015"},"content":{"rendered":"<p><a title=\"Og\u0142oszenia parafialne\" href=\"https:\/\/www.parafiawierzbno.com.pl\/?page_id=225\">Powr\u00f3t do listy og\u0142osze\u0144<\/a><\/p>\n<h2 align=\"center\"><span style=\"color: #ff0000;\"><b>26 lipca &#8211; XVII Niedziela zwyk\u0142a<\/b><\/span><\/h2>\n<p><b><i>1.<\/i><\/b> Co roku 26 lipca Ko\u015bci\u00f3\u0142 wspomina <b>\u015bw. Joachima i Ann\u0119<\/b>, <b>rodzic\u00f3w NMP<\/b> i z tej racji szczeg\u00f3lnie otacza modlitw\u0105 ludzi starszego wieku: dziadk\u00f3w i emeryt\u00f3w, wyra\u017caj\u0105c im wdzi\u0119czno\u015b\u0107. Pozdrawiamy wszystkich ludzi \u201ez\u0142otego wieku\u201d tzn. po pi\u0119\u0107dziesi\u0105tce i \u017cyczymy Wam du\u017co rado\u015bci, pogody serca, wielu lat w zdrowiu. Niech wasza modlitwa wyprasza dla ca\u0142ej parafii i ka\u017cdej rodziny obfite \u0142aski. Dzi\u015b uroczysto\u015b\u0107 odpustowa w Kopciach.<\/p>\n<p><b><i>2.<\/i><\/b> Wczoraj by\u0142o wspomnienie <b>\u015bw. Krzysztofa<\/b>, patrona kierowc\u00f3w. Dzi\u015b po Mszy \u015bw. o 9.00 i 11.00 b\u0142ogos\u0142awie\u0144stwo kierowc\u00f3w i pojazd\u00f3w: samochod\u00f3w, motocykli i rower\u00f3w. Tradycyjnie ofiary sk\u0142adane przy tej okazji s\u0105 przekazywane przez MIVA na \u015brodki transportu dla misjonarzy.<\/p>\n<p><b><i>3.<\/i><\/b> Serdecznie prosz\u0119 o przygotowanie pierog\u00f3w dla pielgrzym\u00f3w <b>z Pieszej Bia\u0142ostockiej Pielgrzymki<\/b>. Mog\u0105 by\u0107 pierogi z kapust\u0105, serem lub grzybami. My, z wdzi\u0119czno\u015bci za ich trud, przygotujemy dla pielgrzym\u00f3w kolacj\u0119 3 sierpnia i potem \u015bniadanie. Prosz\u0119 o zg\u0142oszenie si\u0119 do pomocy na plebanii woluntariuszy, a tak\u017ce tych, kt\u00f3rzy chcieliby przyj\u0105\u0107 utrudzonych pielgrzym\u00f3w na nocleg. Ofiary na tac\u0119 w najbli\u017csz\u0105 niedziel\u0119 b\u0119d\u0105 przeznaczone na ten cel.<\/p>\n<p><b><i>4.<\/i><\/b> W sobot\u0119 od <b>9.00 zapraszam do sprz\u0105tania na cmentarzu mieszka\u0144c\u00f3w Sobonia<\/b>. Trzeba oczy\u015bci\u0107 alejki z zesch\u0142ej trawy i \u015bmieci, a tak\u017ce wywie\u017a\u0107 na kompostownik. Prosz\u0119 zabra\u0107 grabie, szczotki i \u0142opaty. Niech go\u015bcie i pielgrzymi, kt\u00f3rzy odwiedzaj\u0105 Wierzbno, zobacz\u0105 nasz\u0105 trosk\u0119 o to szczeg\u00f3lne miejsce modlitwy za zmar\u0142ych.<\/p>\n<p><b><i>5.<\/i><\/b> Dzi\u0119kuj\u0119 paniom z Jan\u00f3wka za sprz\u0105tanie ko\u015bcio\u0142a i zapraszam na sobot\u0119: p. Teodor\u0119 i Andrzeja Ko\u0142ak, Danut\u0119 i S\u0142awomira Rozbickich oraz Teres\u0119 i Jacka Ga\u0142eckich z Jan\u00f3wka.<\/p>\n<p><b><i>6.<\/i><\/b> Pomoc Ko\u015bcio\u0142om w Potrzebie pomaga wsp\u00f3lnotom Ko\u015bcio\u0142a misyjnego, ofiarom wojen i kataklizm\u00f3w. Mo\u017cemy w\u0142\u0105czy\u0107 si\u0119 w to dzie\u0142o, przynosz\u0105c <b>zu\u017cyty sprz\u0119t elektroniczny<\/b> i elektryczny <b>1 sierpnia o godz. 10.00<\/b> na plac przy sklepie p. Romana Gog\u0142ozy.<\/p>\n<p><b><i>7.<\/i><\/b> W najbli\u017csz\u0105 niedziel\u0119 po sumie adoracja Naj\u015bwi\u0119tszego Sakramentu i procesja eucharystyczna, a po niej zmianka tajemniczek r\u00f3\u017ca\u0144cowych.<\/p>\n<p><b><i>8.<\/i><\/b> Planuj\u0119 w dniach 23-26 sierpnia <b>pielgrzymk\u0119 do Wambierzyc i w G\u00f3ry Sto\u0142owe<\/b>. Trasa nast\u0119puj\u0105ca: Jasna G\u00f3ra, Bardo \u015al\u0105skie, Sanktuarium Matki Bo\u017cej przyczyny naszej rado\u015bci na Iglicznej, Sanktuarium Matki Bo\u017cej opiekunki rodzin w Wambierzycach, Kudowa Zdr\u00f3j, Czermna &#8211; Kaplica czaszek, B\u0142\u0119dne ska\u0142y i Szczelinie Wielki. Zainteresowanych prosz\u0119 o zg\u0142aszanie si\u0119 w ci\u0105gu najbli\u017cszych dni.<\/p>\n<p><b><i>9.<\/i><\/b> Wczoraj zawarli w naszej \u015bwi\u0105tyni zwi\u0105zek ma\u0142\u017ce\u0144ski: <b>Agata Sk\u00f3rczakowska i Maciej Wr\u00f3bel<\/b>. \u017byczymy Nowo\u017ce\u0144com wzrastania w mi\u0142o\u015bci i budowania z Bo\u017c\u0105 pomoc\u0105 pi\u0119knej rodziny.<\/p>\n<p><b><i>10.<\/i><\/b> Do Sakramentu ma\u0142\u017ce\u0144stwa przygotowuj\u0105 si\u0119 nast\u0119puj\u0105ce osoby: <b>Marek Ksi\u0105\u017cek<\/b>, kawaler zam. w Kruszewie, parafii pw. \u015bw. Wawrzy\u0144ca w Korytnicy i <b>Maria Katarzyna Gersz<\/b>, panna zam. w Soboniu, zapowied\u017a trzecia. <b>Daniel Grabowski<\/b>, kawaler zam w Wierzbnie i <b>Martyna Wierciochowska<\/b>, panna zam. w Warszawie, parafii pw. \u015bw. Krzysztofa, zapowied\u017a pierwsza Pami\u0119tajmy o narzeczonych w naszych modlitwach.<\/p>\n<p><b><i>11.<\/i><\/b> Pan B\u00f3g powo\u0142a\u0142 do wieczno\u015bci <b>\u015bp. Mieczys\u0142aw\u0119 Gersz <\/b>z Sobonia. Dzi\u015b o 18.00 Msza \u015bw. w 7 dzie\u0144 po \u015bmierci. Z ofiar zebranych na pogrzebie b\u0119dzie sprawowanych 6 Mszy \u015bw. o zbawienie jej duszy. Odesz\u0142a do Pana r\u00f3wnie\u017c <b>\u015bp. Cecylia Patoka<\/b> z Jan\u00f3wka. Pogrzeb we wtorek o godz. 16.00. <i>Wieczny odpoczynek racz im da\u0107, Panie&#8230;<\/i><\/p>\n<p><b><i>12.<\/i><\/b> Zach\u0119cam do lektury nowy nr \u201eEcha Katolickiego\u201d. Znajdziemy ciekawe relacje z rekolekcji \u201eJezus na Stadionie\u201d, o pierwszej pustelnicy w naszej diecezji, oraz odpowiedzi na pytania: czy ka\u017cde male\u0144stwo mo\u017cna uratowa\u0107? Czym grozi za\u017cywanie dopalaczy?<\/p>\n<h2 align=\"center\"><b>19 lipca &#8211; XVI Niedziela zwyk\u0142a<\/b><\/h2>\n<p><b><i>1.<\/i><\/b> Dzi\u015b <b>uroczysto\u015b\u0107 odpustowa \u015bw. Aleksego w Oleksinie<\/b>. Serdecznie dzi\u0119kuj\u0119 za ofiary do puszek (380 z\u0142) na leczenie 4-letniej Marysi Tch\u00f3rzewskiej z Siedlec. Tak\u017ce ks. Ireneusz G\u0142owacki z ca\u0142ego serca dzi\u0119kuje za ofiarno\u015b\u0107 naszych parafian.<\/p>\n<p><b><i>2.<\/i><\/b> Wczoraj z grup\u0105 parafian uczestniczyli\u015bmy w <b>Rekolekcjach \u201eJezus na stadionie\u201d,<\/b> podczas kt\u00f3rych 3 konferencje wyg\u0142osi\u0142 o. John Bashobora z Ugandy. Czas niesamowitej \u0142aski. Osobi\u015bcie modli\u0142em si\u0119 o ducha przemiany i wybaczenia wzajemnych uraz\u00f3w, o rado\u015b\u0107 i mi\u0142o\u015b\u0107 dla naszej wsp\u00f3lnoty a tak\u017ce dla siebie.<\/p>\n<p><b><i>3.<\/i><\/b> W najbli\u017csz\u0105 niedziel\u0119 z racji \u015bw. Joachima i Anny dzie\u0144 wdzi\u0119czno\u015bci naszym rodzicom, dziadkom i emerytom. Po Mszy \u015bw. o 9.00 i 11.00 <b>b\u0142ogos\u0142awie\u0144stwo pojazd\u00f3w<\/b> z racji Dnia automobilist\u00f3w i motocyklist\u00f3w.<\/p>\n<p><b><i>4.<\/i><\/b> Chwa\u0142a Bogu, <b>uko\u0144czyli\u015bmy prace przy remoncie parkanu cmentarza.<\/b> W tym tygodniu pracowali mieszka\u0144cy Jaworka, Helenowa i na koniec panowie z Cierpi\u0105t. Wielkie podzi\u0119kowania dla p. Marka Wiel\u0105dka za wiele dni gorliwej pracy i wzi\u0119cie odpowiedzialno\u015bci za ca\u0142e przedsi\u0119wzi\u0119cie, 174 m\u0119\u017cczyzn pomogli dni\u00f3wk\u0105 pracy. Wielu parafian z\u0142o\u017cy\u0142o ofiary na ten cel. Tylko w ostatnim tygodniu: p. Zofia Jarmu\u017cewska, Jaworek &#8211; 100 z\u0142, Gra\u017cyna i Stefan Cichoccy &#8211; 100 z\u0142, Teresa i Andrzej Chabiera &#8211; 100 z\u0142, Zofia Kobylska &#8211; 200 z\u0142, \u0141ukasz Komorowski &#8211; 100 z\u0142, Janusz Komorowski &#8211; 200 z\u0142, Zofia Zagrodzka &#8211; 50 z\u0142, Stanis\u0142awa Jaworowski \u2013 100 z\u0142 i Lidia Chabiera z W\u00f3lki -100 z\u0142. Serdeczne \u201eB\u00f3g zap\u0142a\u0107!\u201d<\/p>\n<p><b><i>5.<\/i><\/b> Dzi\u0119kuj\u0119 rodzinom z Jan\u00f3wka za sprz\u0105tanie ko\u015bcio\u0142a. Na sobot\u0119 zapraszam: p. Jadwig\u0119 i Barbar\u0119 Barcz, Ew\u0119 i Zygmunta Gawor oraz p. Teres\u0119 i Wac\u0142awa Zalewskich z Jan\u00f3wka.<\/p>\n<p><b><i>6.<\/i><\/b> Zach\u0119cam do wzi\u0119cia udzia\u0142u w <b>Pieszej Pielgrzymce Podlaskiej<\/b> na Jasn\u0105 G\u00f3r\u0119. Ks. Biskup dzi\u015b skierowa\u0142 do nas z tej racji list pasterski. Bli\u017csze informacje na tablicy og\u0142osze\u0144. Mo\u017cemy te\u017c uda\u0107 si\u0119 do Matki na Jasn\u0105 G\u00f3r\u0119 z Pielgrzymk\u0105 Bia\u0142ostock\u0105, kt\u00f3r\u0105 b\u0119dziemy go\u015bcili 3 sierpnia. Zach\u0119cam do przygotowania pierog\u00f3w dla pielgrzym\u00f3w, aby przyj\u0105\u0107 ich go\u015bcinnie i zarosi\u0107 do swoich dom\u00f3w.<\/p>\n<p><b><i>7.<\/i><\/b> Informuj\u0119, \u017ce podobnie jak w ubieg\u0142ym roku planujemy <b>Do\u017cynki Parafialne<\/b>, aby dzi\u0119kowa\u0107 Panu Bogu za plony i tworzy\u0107 parafialn\u0105 wsp\u00f3lnot\u0119. Planujemy do\u017cynki w niedziel\u0119 <b>16 sierpnia<\/b>. Serdecznie prosz\u0119, aby ka\u017cda miejscowo\u015b\u0107 przygotowa\u0142a pi\u0119kny wieniec i kr\u00f3tki program prezentuj\u0105cy ich spo\u0142eczno\u015b\u0107.<\/p>\n<p><b><i>8.<\/i><\/b> Pomoc Ko\u015bcio\u0142om w Potrzebie pomaga wsp\u00f3lnotom Ko\u015bcio\u0142a misyjnego, ofiarom wojen i kataklizm\u00f3w. Mo\u017cemy w\u0142\u0105czy\u0107 si\u0119 w to dzie\u0142o, przynosz\u0105c <b>zu\u017cyty sprz\u0119t elektroniczny<\/b> i elektryczny <b>1 sierpnia o godz. 10.00<\/b> na plac przy sklepie p. Romana Gog\u0142ozy.<\/p>\n<p><b><i>9.<\/i><\/b> Do Sakramentu ma\u0142\u017ce\u0144stwa przygotowuj\u0105 si\u0119 nast\u0119puj\u0105ce osoby: <b>Marek Ksi\u0105\u017cek<\/b>, kawaler zam. w Kruszewie, parafii pw. \u015bw. Wawrzy\u0144ca w Korytnicy i <b>Maria Katarzyna Gersz<\/b>, panna zam. w Soboniu, zapowied\u017a druga. Pami\u0119tajmy o narzeczonych w naszych modlitwach.<\/p>\n<p><b><i>10.<\/i><\/b> Zach\u0119cam do lektury bie\u017c\u0105cy nr \u201eEcha Katolickiego\u201d. Wiele ciekawych i praktycznych rzeczy mo\u017cemy si\u0119 dowiedzie\u0107.<\/p>\n<h2 align=\"center\"><span style=\"color: #ff0000;\"><b>12 lipca &#8211; 15 Niedziela zwyk\u0142a<\/b><\/span><\/h2>\n<p><b><i>1.<\/i><\/b> Go\u015bcimy dzi\u015b w naszej wsp\u00f3lnocie <b>ks. Proboszcza Ireneusza G\u0142owackiego<\/b>, kt\u00f3ry wraz z parafianami w Zembrach buduje \u015bwi\u0105tyni\u0119. Dzi\u0119kujemy za homili\u0119, wspieramy to wielkie dzie\u0142o ofiarami na tac\u0119 i \u017cyczymy, aby wkr\u00f3tce wierni w Zembrach mogli si\u0119 modli\u0107 w nowej \u015bwi\u0105tyni. Na pro\u015bb\u0119 ks. Biskupa ofiarami do puszek wspieramy leczenie za granic\u0105 4-letniej Marii Tch\u00f3rzewskiej z Siedlec. Po Mszy \u015bw. o 9.00 zmianka tajemnic dla wsp\u00f3lnoty rodzic\u00f3w modl\u0105cych si\u0119 za dzieci.<\/p>\n<p><b><i>2.<\/i><\/b> Jutro po Mszy \u015bw. o <b>18.00 nabo\u017ce\u0144stwo Fatimskie<\/b>. B\u0119dziemy prosi\u0107 Pana Boga przez przyczyn\u0119 Maryi, aby katolicy odpoczywaj\u0105cy na wakacjach i urlopach nie zapominali o niedzielnej Mszy \u015bw. i codziennej modlitwie.<\/p>\n<p><b><i>3.<\/i><\/b> W sobot\u0119 o godz. 6.00 rano wyjazd busem z parkingu na <b>rekolekcje \u201eJezus na Stadionie\u201d<\/b>. Planowany powr\u00f3t oko\u0142o godz. 23.00. Prosz\u0119 zabra\u0107 ze sob\u0105 kanapki i wod\u0119 mineraln\u0105.<\/p>\n<p><b><i>4.<\/i><\/b> Z Bo\u017c\u0105 pomoc\u0105 <b>zako\u0144czyli\u015bmy zalewanie wie\u0144ca i s\u0142up\u00f3w oporowych<\/b> umacniaj\u0105cych parkan cmentarza. Dzi\u0119kuj\u0119 p. Markowi Wiel\u0105dkowi i mieszka\u0144com Jaworka. Serdecznie dzi\u0119kuj\u0119 p. Krystynie Gog\u0142ozie, kt\u00f3ra przygotowuje dla pracuj\u0105cych gor\u0105cy obiad. Teraz trzeba oczy\u015bci\u0107 ca\u0142y mur, zape\u0142ni\u0107 wszelkie szczeliny i p\u0119kni\u0119cia oraz pokry\u0107 ca\u0142y parkan tynkiem tzw. barankiem. Zapraszam do pracy (od poniedzia\u0142ku do \u015brody: mieszka\u0144c\u00f3w Jaworka, w czwartek \u2013 pan\u00f3w z Selenowa, a w pi\u0105tek i sobot\u0119 \u2013 ch\u0119tnych z Cierpi\u0105t. <b>Dzi\u0119kuj\u0119 za ofiary na prowadzone prace<\/b>: p. Marian \u0141abarzewski z Jab\u0142onnej &#8211; 200 z\u0142, Katarzyna i S\u0142awomir Laskowscy \u2013 100 z\u0142, Janusz Sledziewski \u2013 100 z\u0142, Jerzy Ku\u017ama \u2013 100 z\u0142, Jadwiga Wr\u00f3blewska \u2013 100 z\u0142, bezimienna &#8211; 200 z i Jan G\u00f3jski -100 z\u0142, Agnieszka i Piotr Michalczyk \u2013 200 z\u0142.<\/p>\n<p><b><i>5.<\/i><\/b> Serdecznie dzi\u0119kuj\u0119 rodzinom z Jan\u00f3wka za solidne posprz\u0105tanie ko\u015bcio\u0142a i alejki wok\u00f3\u0142 \u015bwi\u0105tyni. Na sobot\u0119 zapraszam: p. Gra\u017cyn\u0119 i Adama Patoka, p. Teres\u0119 Filipiak oraz Mari\u0119 i Henryka Grodzkich z Jan\u00f3wka.<\/p>\n<p><b><i>6.<\/i><\/b> Do Sakramentu ma\u0142\u017ce\u0144stwa przygotowuj\u0105 si\u0119 nast\u0119puj\u0105ce osoby:\u00a0 <b>Artur Bzoch<\/b>, kawaler zam. w W\u00f3lce, par tutejsza i <b>Dominika Helena Mo\u0144ka<\/b>, panna zam. w Warszawie w par. pw. Najczystszego Serca Maryi, zapowied\u017a trzecia; <b>Marek Ksi\u0105\u017cek<\/b>, kawaler zam. w Kruszewie, parafii pw. \u015bw. Wawrzy\u0144ca w Korytnicy i <b>Maria Katarzyna Gersz<\/b>, panna zam. w Soboniu, zapowied\u017a pierwsza. Pami\u0119tajmy o narzeczonych w naszych modlitwach.<\/p>\n<p><b><i>7.<\/i><\/b> Zach\u0119cam do lektury nowy nr \u201eEcha Katolickiego\u201d. Znajdziemy ciekaw\u0105 relacj\u0119 z dnia chorego w Kodniu, o tegorocznej pieszej pielgrzymce na Jasn\u0105 G\u00f3r\u0119 i wiele innych.<\/p>\n<h2 align=\"center\"><span style=\"color: #ff0000;\">\u00a0<b>5 lipca &#8211; 14 Niedziela zwyk\u0142a<\/b><\/span><\/h2>\n<p><b><i>1.<\/i><\/b> Dzi\u015b pierwsza niedziela lipca i ju\u017c tradycyjnie wspieramy ofiarami do puszek misje w Bulo Bulo i ks. Jaros\u0142awa Dziedzica. Po sumie adoracja Naj\u015bwi\u0119tszego Sakramentu, procesja eucharystyczna i zmianka tajemnic r\u00f3\u017ca\u0144cowych. <b>Intencje Apostolstwa Modlitwy na lipiec<\/b>: <b><i>og\u00f3lna<\/i><\/b> &#8211; Aby odpowiedzialno\u015b\u0107 polityczna by\u0142a prze\u017cywana na wszystkich poziomach jako wznios\u0142a forma mi\u0142osierdzia; <b><i>ewangelizacyjna<\/i><\/b> &#8211; Aby chrze\u015bcijanie w Ameryce \u0141aci\u0144skiej w obliczu nier\u00f3wno\u015bci spo\u0142ecznych mogli dawa\u0107 \u015bwiadectwo mi\u0142o\u015bci do ubogich i wnosi\u0107 sw\u00f3j wk\u0142ad, by spo\u0142ecze\u0144stwo stawa\u0142o si\u0119 bardziej braterskie.<\/p>\n<p><b><i>2.<\/i><\/b> Serdecznie dzi\u0119kuj\u0119 wszystkim za zaanga\u017cowanie w procesji w dniu odpustu \u015bw. Aposto\u0142\u00f3w Piotra i Paw\u0142a. <b>Z ca\u0142ego serca dzi\u0119kuj\u0119 paniom<\/b>, kt\u00f3re przygotowa\u0142y ciasto i obiad dla kap\u0142an\u00f3w i alumn\u00f3w.<\/p>\n<p><b><i>3.<\/i><\/b> Posuwaj\u0105 si\u0119 do przodu <b>prace przy remoncie parkanu cmentarza<\/b>, chocia\u017c sam by\u0142em kilka dni na urlopie w Bieszczadach. Do pomocy p. Markowi Wiel\u0105dkowi zapraszam mieszka\u0144c\u00f3w Jaworka. Serdecznie dzi\u0119kuj\u0119 za ofiary na ten cel: Alicja \u0141okietek -100 z\u0142., bezimienna -100 z\u0142., Katarzyna Obojska -150 z\u0142., Miros\u0142aw, Bo\u017cena i Halina Florowscy &#8211; 400 z\u0142., Maria i W\u0142odzimierz Komorowscy -100 z\u0142., Anna i Krzysztof Jaworscy -150 z\u0142., Alfred Chabiera -100 z\u0142. \u201eB\u00f3g zap\u0142a\u0107!\u201d<\/p>\n<p><b><i>4.<\/i><\/b> W najbli\u017csz\u0105 niedziel\u0119 b\u0119dziemy go\u015bcili <b>ks. proboszcza Ireneusza G\u0142owackiego<\/b>, kt\u00f3ry w Zembrach buduje ko\u015bci\u00f3\u0142. Wyg\u0142osi dla nas homilie i zbierze ofiary na tac\u0119, aby\u015bmy mieli sw\u00f3j male\u0144ki udzia\u0142 w dziele wznoszenia tej \u015bwi\u0105tyni. Po Mszy \u015bw. o 9.00 zmianka tajemnic dla wsp\u00f3lnoty \u017bywego R\u00f3\u017ca\u0144ca rodzic\u00f3w modl\u0105cych si\u0119 za dzieci.<\/p>\n<p><b><i>5.<\/i><\/b> Serdecznie dzi\u0119kuj\u0119 rodzinom z Jaworka za trosk\u0119 o nasz\u0105 \u015bwi\u0105tyni\u0119. Dy\u017cur sprz\u0105tania ko\u015bcio\u0142a przejmuj\u0105 <b>mieszka\u0144cy Jan\u00f3wka<\/b>. Na sobot\u0119 zapraszam p. Leszka Wron\u0119, p. Danut\u0119 i Andrzeja Laskowskich oraz p. Teres\u0119 i W\u0142adys\u0142awa Wiel\u0105dek z Jan\u00f3wka.<\/p>\n<p><b><i>6.<\/i><\/b> Do Sakramentu Ma\u0142\u017ce\u0144stwa przygotowuj\u0105 si\u0119: <b><i>Artur Bzoch<\/i><\/b>, kawaler zam. w W\u00f3lce i <b>Dominika Helena Mo\u0144ka<\/b>, panna zam. w Warszawie w par. pw. Najczystszego Serca Maryi, zapowied\u017a druga. Pami\u0119tajmy o narzeczonych w naszych modlitwach.<\/p>\n<p><b><i>7.<\/i><\/b> Wczoraj w naszej \u015bwi\u0105tyni <b>zawarli Sakrament Ma\u0142\u017ce\u0144stwa<\/b>: Katarzyna Ku\u015bmierczyk i Micha\u0142 Skolimowski oraz Anna W\u0105sowska i Pawe\u0142 Wieliczko. Niech ich mi\u0142o\u015b\u0107 umocniona \u0142ask\u0105 Bo\u017c\u0105 wzrasta z ka\u017cdym dniem, aby, z Bo\u017c\u0105 pomoc\u0105, stworzyli pi\u0119kne chrze\u015bcija\u0144skie rodziny.<\/p>\n<p><b><i>8.<\/i><\/b> Zach\u0119cam do lektury nowy nr \u201eEcha Katolickiego\u201d. Znajdziemy ciekawe artyku\u0142y o Medjugorje, o alergii na gluten, a tak\u017ce propozycj\u0119 jak odpocz\u0105\u0107, aby umocni\u0107 rodzinne wi\u0119zi.<\/p>\n","protected":false},"excerpt":{"rendered":"<p>Powr\u00f3t do listy og\u0142osze\u0144 26 lipca &#8211; XVII Niedziela zwyk\u0142a 1. Co roku 26 lipca Ko\u015bci\u00f3\u0142 wspomina \u015bw. Joachima i Ann\u0119, rodzic\u00f3w NMP i z tej racji szczeg\u00f3lnie otacza modlitw\u0105 ludzi starszego wieku: dziadk\u00f3w i emeryt\u00f3w, wyra\u017caj\u0105c im wdzi\u0119czno\u015b\u0107. Pozdrawiamy wszystkich ludzi \u201ez\u0142otego wieku\u201d tzn. po pi\u0119\u0107dziesi\u0105tce i \u017cyczymy Wam du\u017co rado\u015bci, pogody serca, wielu lat w zdrowiu. Niech wasza modlitwa wyprasza dla ca\u0142ej parafii i ka\u017cdej rodziny obfite \u0142aski. Dzi\u015b uroczysto\u015b\u0107 odpustowa w Kopciach. 2. Wczoraj by\u0142o wspomnienie \u015bw. Krzysztofa, patrona kierowc\u00f3w. Dzi\u015b po Mszy \u015bw. o 9.00 i 11.00 b\u0142ogos\u0142awie\u0144stwo kierowc\u00f3w i pojazd\u00f3w: samochod\u00f3w, motocykli i rower\u00f3w. Tradycyjnie ofiary sk\u0142adane przy tej okazji s\u0105 przekazywane przez MIVA na \u015brodki transportu dla misjonarzy. 3. Serdecznie prosz\u0119 o przygotowanie pierog\u00f3w dla pielgrzym\u00f3w z Pieszej Bia\u0142ostockiej Pielgrzymki. Mog\u0105 by\u0107 pierogi z kapust\u0105, serem lub grzybami. My, z wdzi\u0119czno\u015bci za ich trud, przygotujemy dla pielgrzym\u00f3w kolacj\u0119 3 sierpnia i potem \u015bniadanie. Prosz\u0119 \u2026 <a class=\"continue-reading-link\" href=\"https:\/\/www.parafiawierzbno.com.pl\/?page_id=3448\">Czytaj dalej <span class=\"meta-nav\">&rarr; <\/span><\/a><\/p>\n","protected":false},"author":1,"featured_media":0,"parent":225,"menu_order":0,"comment_status":"closed","ping_status":"closed","template":"","meta":{"ngg_post_thumbnail":0},"_links":{"self":[{"href":"https:\/\/www.parafiawierzbno.com.pl\/index.php?rest_route=\/wp\/v2\/pages\/3448"}],"collection":[{"href":"https:\/\/www.parafiawierzbno.com.pl\/index.php?rest_route=\/wp\/v2\/pages"}],"about":[{"href":"https:\/\/www.parafiawierzbno.com.pl\/index.php?rest_route=\/wp\/v2\/types\/page"}],"author":[{"embeddable":true,"href":"https:\/\/www.parafiawierzbno.com.pl\/index.php?rest_route=\/wp\/v2\/users\/1"}],"replies":[{"embeddable":true,"href":"https:\/\/www.parafiawierzbno.com.pl\/index.php?rest_route=%2Fwp%2Fv2%2Fcomments&post=3448"}],"version-history":[{"count":6,"href":"https:\/\/www.parafiawierzbno.com.pl\/index.php?rest_route=\/wp\/v2\/pages\/3448\/revisions"}],"predecessor-version":[{"id":3477,"href":"https:\/\/www.parafiawierzbno.com.pl\/index.php?rest_route=\/wp\/v2\/pages\/3448\/revisions\/3477"}],"up":[{"embeddable":true,"href":"https:\/\/www.parafiawierzbno.com.pl\/index.php?rest_route=\/wp\/v2\/pages\/225"}],"wp:attachment":[{"href":"https:\/\/www.parafiawierzbno.com.pl\/index.php?rest_route=%2Fwp%2Fv2%2Fmedia&parent=3448"}],"curies":[{"name":"wp","href":"https:\/\/api.w.org\/{rel}","templated":true}]}}