{"id":3492,"date":"2015-08-02T08:58:54","date_gmt":"2015-08-02T06:58:54","guid":{"rendered":"https:\/\/www.parafiawierzbno.com.pl\/?page_id=3492"},"modified":"2015-08-30T09:16:32","modified_gmt":"2015-08-30T07:16:32","slug":"ogloszenia-sierpien-2015","status":"publish","type":"page","link":"https:\/\/www.parafiawierzbno.com.pl\/?page_id=3492","title":{"rendered":"Og\u0142oszenia &#8211; Sierpie\u0144 2015"},"content":{"rendered":"<p><a title=\"Og\u0142oszenia parafialne\" href=\"https:\/\/www.parafiawierzbno.com.pl\/?page_id=225\">Powr\u00f3t do listy og\u0142osze\u0144<\/a><\/p>\n<h2 align=\"center\"><span style=\"color: #ff0000;\"><b>30 sierpnia &#8211; XXII Niedziela zwyk\u0142a<\/b><\/span><\/h2>\n<p><b>1.<\/b> Ju\u017c ostatnie dni wakacji i pozw\u00f3lmy, aby Chrystus Pan b\u0142ogos\u0142awi\u0142 dzieciom i m\u0142odzie\u017cy w nauce. Zapraszam uczni\u00f3w, aby skorzystali z sakramentu pokuty i z Chrystusem w sercu rozpocz\u0119li nowy okres nauki. Razem z ks. Stanis\u0142awem oczekujemy dzi\u015b w konfesjona\u0142ach. We <b>wtorek o godz. 8.00 uroczysta Msza \u015bw. na rozpocz\u0119cie nowego roku szkolnego<\/b>. B\u0119dziemy prosi\u0107 o hojne b\u0142ogos\u0142awie\u0144stwo Bo\u017ce dla nauczycieli i wychowawc\u00f3w, dla dzieci i m\u0142odzie\u017cy naszej szko\u0142y. Serdecznie zapraszam tak\u017ce rodzic\u00f3w.<\/p>\n<p><b><i>2.<\/i><\/b> Jest nowy grafik dla zespo\u0142u czytaj\u0105cego S\u0142owo Bo\u017ce. Od wrze\u015bnia <b>rozpoczniemy przygotowanie do sakramentu bierzmowania<\/b> dla uczni\u00f3w naszego gimnazjum i m\u0142odzie\u017cy, kt\u00f3ra nie przyj\u0119\u0142a jeszcze tego sakramentu.<\/p>\n<p><b><i>3.<\/i><\/b> W czwartek od 17.00 <b>adoracja Naj\u015bwi\u0119tszego Sakramentu<\/b>, modlitwa o powo\u0142ania kap\u0142a\u0144skie i zakonne oraz okazja do spowiedzi przed I pi\u0105tkiem miesi\u0105ca.<\/p>\n<p><b><i>4.<\/i><\/b> W <b>pierwszy pi\u0105tek<\/b> wynagradzamy Naj\u015bwi\u0119tszemu Sercu Pana Jezusa za grzechy nasze i ca\u0142ego \u015bwiata. Eucharystia o 7.30 i 18.00, a p\u00f3\u0142 godziny wcze\u015bniej s\u0142u\u017c\u0119 w konfesjonale. Przypominam dzieciom z klasy III i IV o zadaniu obchodzenia 9 kolejnych pierwszych pi\u0105tk\u00f3w miesi\u0105ca jako wyraz wdzi\u0119czno\u015bci za Komuni\u0119 \u015bw. Chorych odwiedz\u0119 od 9.00.<\/p>\n<p><b><i>5.<\/i><\/b><b> <\/b>W tym tygodniu mamy te\u017c <b>pierwsz\u0105 sobot\u0119 miesi\u0105ca<\/b>. Wynagradzamy Niepokalanemu Sercu Maryi za grzechy. Msza \u015bw. o 7.30 i 18.00.<b> <\/b><\/p>\n<p><b><i>6.<\/i><\/b><b> <\/b>W najbli\u017csz\u0105 niedziel\u0119 po sumie adoracja Naj\u015bwi\u0119tszego Sakramentu i procesja eucharystyczna oraz zmianka tajemnic r\u00f3\u017ca\u0144cowych. Ofiarami do puszek wspieramy misje.<\/p>\n<p><b><i>7.<\/i><\/b><b> <\/b>Bardzo serdecznie <b>dzi\u0119kuj\u0119 wszystkim z Jan\u00f3wka<\/b>, kt\u00f3rzy wczoraj solidnie sprz\u0105tali w ko\u015bciele i wok\u00f3\u0142 \u015bwi\u0105tyni. Na sobot\u0119 zapraszam: p. Barbar\u0119 i Miros\u0142awa Patoka, Mariol\u0119 i Dariusza Patoka oraz Ann\u0119 i Waldemara G\u0105siorowskich z Jan\u00f3wka.<\/p>\n<p><b><i>8.<\/i><\/b><b> <\/b>Na potrzeby ko\u015bcio\u0142a, a szczeg\u00f3lnie na renowacj\u0119 pomnika \u015bp. Piotra Machczy\u0144skiego wp\u0142yn\u0119\u0142y nast\u0119puj\u0105ce ofiary: W\u0142odzimierz Jasi\u0144ski \u2013 200 z\u0142, Jerzy Lisiecki &#8211; 100 z\u0142, Zofia Laskowska z Jakubowa \u2013 100 z\u0142. Serdeczne \u201eB\u00f3g zap\u0142a\u0107!\u201d<\/p>\n<p><b><i>9.<\/i><\/b> Do <b>sakramentu ma\u0142\u017ce\u0144stwa<\/b> przygotowuj\u0105 si\u0119 nast\u0119puj\u0105ce osoby: <b>Krzysztof<\/b> <b>Ko\u0142ak<\/b>, kawaler zam w Jan\u00f3wku i <b>Aneta Patoka<\/b>, panna z Jan\u00f3wka, oboje parafii tutejszej, zapowied\u017a druga. Otaczajmy narzeczonych modlitw\u0105, aby stworzyli pi\u0119kn\u0105 chrze\u015bcija\u0144sk\u0105 rodzin\u0119.<\/p>\n<p><b><i>10. <\/i><\/b>Zach\u0119cam do lektury \u201eEcha Katolickiego\u201d. S\u0105 ciekawe artyku\u0142y. Wywiad z potomkiem bohaterskiego unity, obro\u0144cy ko\u015bcio\u0142a w Pratulinie, comiesi\u0119czne materia\u0142y formacyjne dla K\u00f3\u0142 \u017bywego R\u00f3\u017ca\u0144ca oraz o blaskach i cieniach wsp\u00f3\u0142czesnej szko\u0142y.<\/p>\n<p><b><i>11.<\/i><\/b> Pan B\u00f3g powo\u0142a\u0142 do wieczno\u015bci <b>\u015bp. El\u017cbiet\u0119 Chabier\u0119<\/b>. We wtorek o 18.30 b\u0119dzie Msza \u015bw. w 7 dzie\u0144 po \u015bmierci. Z ofiar zebranych na pogrzebie b\u0119dzie odprawionych 14 Mszy \u015bw. o zbawienie jej duszy. <i>Wieczny odpoczynek racz jej da\u0107, Panie&#8230;<\/i><\/p>\n<h2 align=\"center\"><span style=\"color: #ff0000;\"><b>23 sierpnia &#8211; XXI Niedziela zwyk\u0142a<\/b><\/span><\/h2>\n<p><b><i>1.<\/i><\/b> Dzi\u015b 21 Niedziela zwyk\u0142a, powoli ko\u0144cz\u0105 si\u0119 wakacje, dlatego zach\u0119cam dzieci i m\u0142odzie\u017c do spowiedzi przed pocz\u0105tkiem roku szkolnego. Dzi\u015b o 13.00 wyjazd na pielgrzymk\u0119 do Sanktuarium na Jasnej G\u00f3rze, na Iglicznej i w Wambierzycach oraz w G\u00f3ry Sto\u0142owe. Ks. Stanis\u0142aw Abramczuk zast\u0119puje mnie do \u015brody.<\/p>\n<p><b><i>2.<\/i><\/b> W \u015brod\u0119 urocz. <b>Naj\u015bwi\u0119tszej Maryi Panny Cz\u0119stochowskiej<\/b>. Zapraszam na Eucharysti\u0119 o godz. 18.00.<\/p>\n<p><b><i>3.<\/i><\/b> Rozpoczynamy nowy <b>cykl katechez dla rodzic\u00f3w przed chrztem dziecka<\/b> i rodzic\u00f3w chrzestnych. Pierwsza katecheza w sobot\u0119 <b>12 wrze\u015bnia o godz. 19.00<\/b>.<\/p>\n<p><b><i>4.<\/i><\/b> Serdecznie dzi\u0119kuj\u0119 rodzinom z Jan\u00f3wka za sprz\u0105tanie ko\u015bcio\u0142a. Na najbli\u017csz\u0105 sobot\u0119 zapraszam: p. Krystyn\u0119 i Sylwestra Okrzeja, p. Katarzyn\u0119 i Tadeusza Bartnickich oraz Beat\u0119 i Mariusza Patoka z Jan\u00f3wka.<\/p>\n<p><b><i>5.<\/i><\/b> Do <b>sakramentu ma\u0142\u017ce\u0144stwa<\/b> przygotowuj\u0105 si\u0119 nast\u0119puj\u0105ce osoby: <b>Karol Komorowski<\/b>, kawaler zam. w Wygl\u0119d\u00f3wku i <b>Ewa Zg\u00f3dka<\/b>, panna zam. w Mi\u0144sku Maz., parafii pw. Narodzenia NMP, zapowied\u017a trzecia; <b>Mieczys\u0142aw Replin<\/b>, kawaler zam. w Wierzbnie i <b>Anna Pie\u0144kowska<\/b>, panna zam. w Markach, parafii pw. \u015bw. Izydora, zapowied\u017a trzecia. <b>Krzysztof<\/b> <b>Ko\u0142ak<\/b>, kawaler z Jan\u00f3wka i <b>Aneta Patoka<\/b>, panna zam. w Jan\u00f3wku, oboje parafii tutejszej, zapowied\u017a pierwsza. Otaczajmy narzeczonych modlitw\u0105, aby dobrze przygotowali si\u0119 do sakramentu ma\u0142\u017ce\u0144stwa.<\/p>\n<p><b><i>6.<\/i><\/b> Zach\u0119cam do lektury bie\u017c\u0105cego nr. \u201eEcha Katolickiego\u201d. Znajdziemy ciekawy artyku\u0142 o cudach na Jasnej G\u00f3rze i historii tego wyj\u0105tkowego miejsca, oraz porady: jak psychicznie przygotowa\u0107 dziecko na p\u00f3j\u015bcie do szko\u0142y i gdzie szuka\u0107 pomocy w sytuacji uzale\u017cnienia od alkoholu.<\/p>\n<p><b><i>7.<\/i><\/b> Pan B\u00f3g powo\u0142a\u0142 do wieczno\u015bci <b>\u015bp. Andrzeja Parola<\/b> z Wygl\u0119d\u00f3wka, pogrzeb w czwartek. <i>Wieczny odpoczynek racz mu da\u0107, Panie&#8230;<\/i><\/p>\n<h2 align=\"center\"><span style=\"color: #ff0000;\"><b>16 sierpnia &#8211; XX Niedziela zwyk\u0142a<\/b><\/span><\/h2>\n<p><b><i>1.<\/i><\/b> Chwa\u0142a Bogu w Tr\u00f3jcy \u015awi\u0119tej Jedynemu za dobre tegoroczne plony, za Jego b\u0142ogos\u0142awie\u0144stwo w trudnej pracy rolnik\u00f3w i wszystkich pracuj\u0105cych na roli. Chcemy wsp\u00f3\u0142pracowa\u0107 z Panem Bogiem i prosi\u0107 z ufno\u015bci\u0105 o potrzebny deszcz dla ca\u0142ej Ojczyzny. <b>Do\u017cynki Parafialne s\u0105 wyrazem naszego dzi\u0119kczynienia i okazj\u0105 do budowania braterskiej wsp\u00f3lnoty<\/b>. Z ca\u0142ego serca dzi\u0119kuj\u0119 za pi\u0119kne wie\u0144ce, za dekoracj\u0119 \u015bwi\u0105tyni i o\u0142tarza polowego. Po uroczystej Eucharystii o 11.00 przejdziemy z wie\u0144cami do o\u0142tarza polowego, aby ka\u017cda miejscowo\u015b\u0107 mog\u0142a zaprezentowa\u0107 sw\u00f3j wieniec i kr\u00f3tki program artystyczny. B\u0119d\u0105 napoje i lody za symboliczn\u0105 z\u0142ot\u00f3wk\u0119.<\/p>\n<p><b><i>2.<\/i><\/b> Z serca <b>dzi\u0119kuj\u0119 za ofiary do puszek<\/b> w wysoko\u015bci 988 z\u0142 na leczenia Dawida Pernacha\u00a0 ucznia I kl. Gimnazjum w Gr\u0119bkowie. Wdzi\u0119czno\u015b\u0107 ca\u0142ej naszej parafii wyra\u017caj\u0105 rodzice chorego Dawida. Dzi\u0119kuj\u0119 tak\u017ce za ofiary na remont parkanu cmentarza: Marianna Szatkowska \u2013 100 z\u0142, Wies\u0142aw \u0141abarzewski \u2013 100 z\u0142 oraz Anna i Kazimierz Grabowscy \u2013 100 z\u0142. Chwa\u0142a Bogu, ju\u017c odda\u0142em d\u0142ug za cement i inne materia\u0142y budowlane dla p. S\u0142awomira Zaboklickiego.<\/p>\n<p><b><i>3.<\/i><\/b> W sobot\u0119 wspomnienie <b>Naj\u015bwi\u0119tszej Maryi Panny Kr\u00f3lowej<\/b> i Msza \u015bw. o 18.00.<\/p>\n<p><b><i>4.<\/i><\/b> Serdecznie <b>dzi\u0119kuj\u0119 rodzinom z Jan\u00f3wka za sprz\u0105tanie ko\u015bcio\u0142a<\/b> i zapraszam na sobot\u0119 do troski o porz\u0105dek w ko\u015bciele: p. Katarzyn\u0119 i Mariusza Patoka, Milen\u0119 i Andrzeja Po\u0142awskich oraz p. Jacka Ku\u015bmierza.<\/p>\n<p><b><i>5.<\/i><\/b> W najbli\u017csz\u0105 niedziel\u0119 <b>o 13.00 wyje\u017cd\u017camy na pielgrzymk\u0119<\/b> na Jasn\u0105 G\u00f3r\u0119, na Igliczn\u0105 do Matki Bo\u017cej przyczyny naszej rado\u015bci, do Wambierzyc, do Maryi Kr\u00f3lowej i opiekunki rodzin oraz w G\u00f3ry Sto\u0142owe: B\u0142\u0119dne Ska\u0142y i Szczelinie. Powr\u00f3t planujemy w \u015brod\u0119 26 sierpnia wieczorem. Ks. Stanis\u0142aw b\u0119dzie mnie zast\u0119powa\u0142 w parafii.<\/p>\n<p><b><i>6.<\/i><\/b> Do <b>sakramentu ma\u0142\u017ce\u0144stwa<\/b> przygotowuj\u0105 si\u0119 nast\u0119puj\u0105ce osoby: <b>Karol Komorowski<\/b>, kawaler zam. w Wygl\u0119d\u00f3wku i <b>Ewa Zg\u00f3dka<\/b>, panna zam. w Mi\u0144sku Maz., parafii pw. Narodzenia NMP, zapowied\u017a druga; <b>Mieczys\u0142aw Replin<\/b>, kawaler zam. w Wierzbnie i <b>Anna Pie\u0144kowska<\/b>, panna zam. w Markach, parafii pw. \u015bw. Izydora, zapowied\u017a druga. Otaczajmy narzeczonych modlitw\u0105, aby dobrze przygotowali si\u0119 do sakramentu ma\u0142\u017ce\u0144stwa.<\/p>\n<p><b><i>7.<\/i><\/b> Zach\u0119cam do lektury bie\u017c\u0105cy nr \u201eEcha Katolickiego\u201d. Znajdziemy w nim pi\u0119kn\u0105 fotogalegi\u0119 z Pieszej Pielgrzymki na Jasn\u0105 G\u00f3r\u0119, a r\u00f3wnie\u017c informacje o \u015bw. Maksymilianie Kolbe i czym jest naprotechnologia.<\/p>\n<h2 align=\"center\"><span style=\"color: #ff0000;\"><b>9 sierpnia &#8211; XIX Niedziela zwyk\u0142a<\/b><\/span><\/h2>\n<p><b><i>1.<\/i><\/b><b> <\/b>Bardzo <b>serdecznie dzi\u0119kuj\u0119 wszystkim parafianom<\/b>, kt\u00f3rzy przygotowali pierogi i zaprosili utrudzonych pielgrzym\u00f3w na odpoczynek. Nie jestem w stanie wszystkich wymieni\u0107, dlatego wszystkim z serca: \u201eB\u00f3g zap\u0142a\u0107!\u201d Parafia stan\u0119\u0142a na wysoko\u015bci zadania i sam B\u00f3g hojnie was wynagrodzi.<b> <\/b><\/p>\n<p><b><i>2.<\/i><\/b><b> <\/b>Po Mszy \u015bw. o 9.00 <b>zmianka tajemnic r\u00f3\u017ca\u0144cowych dla wsp\u00f3lnoty rodzic\u00f3w modl\u0105cych si\u0119 za dzieci<\/b>. Dzi\u015b ofiarami do puszek wesprzemy ucznia z I gimnazjum w Gr\u0119bkowie Dawida Pernach, chorego na nowotw\u00f3r, kt\u00f3ry w najbli\u017cszych dniach przejdzie leczenie w Niemczech.<b> <\/b><\/p>\n<p><b><i>3.<\/i><\/b><b> <\/b>Zach\u0119cam do licznego udzia\u0142u <b>w duchowym pielgrzymowaniu<\/b>. W dni powszednie o 20.00 jest sprawowana Eucharystia w duchowej \u0142\u0105czno\u015bci z p\u0105tnikami, potem modlitwa r\u00f3\u017ca\u0144cowa i na zako\u0144czenie Apel Jasnog\u00f3rski.<\/p>\n<p><b><i>4.<\/i><\/b><b> <\/b>W <b>czwartek<\/b> po Mszy o 18.00 <b>Nabo\u017ce\u0144stwo Fatimskie<\/b> i ju\u017c po\u00a0 Mszy \u015bw. o 20.00 nie b\u0119dzie r\u00f3\u017ca\u0144ca. Zapraszam do licznego udzia\u0142u.<\/p>\n<p><b><i>5.<\/i><\/b><b> <\/b>W sobot\u0119 <b>Uroczysto\u015b\u0107 Wniebowzi\u0119cia Naj\u015bwi\u0119tszej Maryi Panny<\/b>. Msza \u015bw. o 9.00, 11.00 i 18.00 z b\u0142ogos\u0142awie\u0144stwem zi\u00f3\u0142 i kwiat\u00f3w.<\/p>\n<p><b><i>6.<\/i><\/b> W najbli\u017csz\u0105 niedziel\u0119 <b>Do\u017cynki Parafialne <\/b>na Mszy \u015bw. o 11.00. Chcemy z serca dzi\u0119kowa\u0107 Panu Bogu za b\u0142ogos\u0142awie\u0144stwo w pracy rolnik\u00f3w, za tegoroczne zbiory i szczerze prosi\u0107, aby dla wszystkich wystarczy\u0142o chleba. Zwracam si\u0119 z gor\u0105c\u0105 pro\u015bb\u0105, aby ka\u017cda miejscowo\u015b\u0107, jak w ubieg\u0142ym roku, przygotowa\u0142a wieniec do\u017cynkowy jak znak wdzi\u0119czno\u015bci Panu Bogu za urodzaje i kr\u00f3tk\u0105 prezentacj\u0119. Proponuj\u0119, aby w tym roku starost\u0105 do\u017cynek by\u0142 gospodarz z Jaworka.<\/p>\n<p><b><i>7.<\/i><\/b> Dzi\u0119kuj\u0119 rodzinom z Jan\u00f3wka za sprz\u0105tanie ko\u015bcio\u0142a. Zapraszam w pi\u0105tek, poniewa\u017c w sobot\u0119 Urocz. Wniebowzi\u0119cia NMP, do sprz\u0105tania nast\u0119puj\u0105ce osoby: Dorot\u0119 i Henryka Rozbickich, Mieczys\u0142aw\u0119 i Janusza Cichockich oraz Ew\u0119 i Stefana Patoka z Jan\u00f3wka.<\/p>\n<p><b><i>8.<\/i><\/b> Dzi\u0119kuj\u0119 za ofiary na remont parkanu cmentarza: ofiary po 100 z\u0142 \u2013 Edmund Ko\u0142ak, Adam Patoka, Ryszard Mr\u00f3z, rodzina Bia\u0142ousz, Bo\u017cena Chabiera i Janusz Doma\u0144ski, S\u0142awomir Bergiel oraz Dorota i Dariusz Wr\u00f3blewscy. Z serca dzi\u0119kuj\u0119.<\/p>\n<p><b><i>9.<\/i><\/b> Do <b>sakramentu ma\u0142\u017ce\u0144stwa<\/b> przygotowuj\u0105 si\u0119 nast\u0119puj\u0105ce osoby:\u00a0 <b>Daniel Grabowski<\/b>, kawaler zam. w Wierzbnie i <b>Martyna Wierciochowska<\/b>, panna zam. w Warszawie, parafii pw. \u015bw. Krzysztofa, zapowied\u017a trzecia. <b>Karol Komorowski<\/b>, kawaler zam. w Wygl\u0119d\u00f3wku i <b>Ewa Zg\u00f3dka<\/b>, panna zam. w Mi\u0144sku Maz., parafii pw. Narodzenia NMP, zapowied\u017a pierwsza, <b>Mieczys\u0142aw Replin<\/b>, kawaler zam. w Wierzbnie i <b>Anna Pie\u0144kowska<\/b>, panna zam. w Markach, parafii pw. \u015bw. Izydora, zapowied\u017a pierwsza. Otaczajmy narzeczonych modlitw\u0105, aby dobrze przygotowali si\u0119 do sakramentu ma\u0142\u017ce\u0144stwa.<\/p>\n<p><b><i>10.<\/i><\/b> Pan B\u00f3g powo\u0142a\u0142 do wieczno\u015bci <b>\u015bp. Mariann\u0119 Kudelsk\u0105<\/b>. Z ofiar zebranych na pogrzebie b\u0119dzie sprawowanych 16 Mszy \u015bw. o zbawienie jej duszy. <i>Wieczny odpoczynek racz jej da\u0107, Panie&#8230;<\/i><\/p>\n<p><b><i>11.<\/i><\/b> Zach\u0119cam do lektury nowy nr \u201eEcha Katolickiego\u201d. Znajdziemy poruszaj\u0105ce \u015bwiadectwa uczestnik\u00f3w wakacyjnych oaz, a tak\u017ce o sztuce towarzyszenia chorym w ostatnich chwilach ich \u017cycia.<\/p>\n<h2 align=\"center\"><span style=\"color: #ff0000;\"><b>2 sierpnia &#8211; XVIII Niedziela zwyk\u0142a<\/b><\/span><\/h2>\n<p><b><i>1.<\/i><\/b> Ko\u015bci\u00f3\u0142 w Polsce gor\u0105co zach\u0119ca do podj\u0119cia dobrowolnej abstynencji w miesi\u0105cu sierpniu. Odpowiadaj\u0105c na ten apel, chciejmy wynagradza\u0107 na grzechy pija\u0144stwa i narkomanii.\u00a0 Dzi\u015b pierwsza niedziela sierpnia i z tej racji po sumie adoracja Naj\u015bwi\u0119tszego Sakramentu, procesja Eucharystyczna i zmianka tajemnic r\u00f3\u017ca\u0144cowych. <b><i>Intencje Apostolstwa modlitwy <\/i><\/b>na ten miesi\u0105c: <b><i>Og\u00f3lna<\/i><\/b> &#8211; Aby wszyscy ludzie pracuj\u0105cy na polu woluntariatu wielkodusznie anga\u017cowali si\u0119 w s\u0142u\u017cb\u0119 potrzebuj\u0105cym; <b><i>ewangelizacyjna<\/i><\/b> \u2013 Aby\u015bmy, wychodz\u0105c poza siebie, potrafili stawa\u0107 si\u0119 bliscy tym, kt\u00f3rzy s\u0105 na peryferiach wi\u0119zi mi\u0119dzyludzkich i spo\u0142ecznych. Ofiarami do puszek wspieramy misje w Bulo Bulo i ks. Jaros\u0142awa Dziedzica.<\/p>\n<p><b><i>2.<\/i><\/b> Jutro czas szczeg\u00f3lnej \u0142aski dla naszej parafii. B\u0119dziemy <b>go\u015bcili utrudzonych pielgrzym\u00f3w z Pieszej Bia\u0142ostockiej Pielgrzymki<\/b>, kt\u00f3rzy ju\u017c oko\u0142o 16.00 zaczn\u0105 przybywa\u0107 do Wierzbna. Zach\u0119cam, by\u015bmy serdecznie ich powitali i zgodnie z polsk\u0105 go\u015bcinno\u015bci\u0105 zaprosili do swoich dom\u00f3w. Serdecznie prosz\u0119 o przygotowanie pierog\u00f3w tak jak to by\u0142o w latach ubieg\u0142ych. Dzi\u0119kuj\u0119 p. Duni i p. Krystynie Pi\u00f3rek za pierogi. Pielgrzymi przynosz\u0105 nam Bo\u017ce b\u0142ogos\u0142awie\u0144stwo. We wtorek rano po Eucharystii zorganizujemy dla pielgrzym\u00f3w \u015bniadanie na skwerze przy ko\u015bciele. Zapraszam ch\u0119tnych do pomocy, aby rado\u015bnie pos\u0142u\u017cy\u0107 pielgrzymom. Potem odprowadzimy naszych go\u015bci. Serdecznie dzi\u0119kuj\u0119 za pieczywo dla pielgrzym\u00f3w p. Kindze Gromulskiej i piekarni w Dobrem oraz piekarni w Broszkach i Bielanach.<\/p>\n<p><b><i>3.<\/i><\/b> Od wtorku zapraszam na <b>duchowe pielgrzymowanie o godz. 20.00<\/b> w dni powszednie. Swoje intencje przynosimy na Msz\u0119 \u015bw., potem modlitwa r\u00f3\u017ca\u0144cowa, zako\u0144czona Apelem Jasnog\u00f3rskim w jedno\u015bci z wszystkimi pielgrzymami zd\u0105\u017caj\u0105cymi do Matki Bo\u017cej na Jasn\u0105 G\u00f3r\u0119.\u00a0 W <b>\u015brod\u0119 o 12.20 przyb\u0119d\u0105<\/b> do nas na odpoczynek <b>rowerowi pielgrzymi z Bia\u0142egostoku<\/b>. \u0141\u0105cznie oko\u0142o 150 os\u00f3b.<\/p>\n<p><b><i>4.<\/i><\/b> W czwartek <b>\u015bwi\u0119to Przemienienia Pa\u0144skiego<\/b>. Msza \u015bw. o 9.00 i o 20.00. Zapraszam.<\/p>\n<p><b><i>5.<\/i><\/b> <b>Pierwszy pi\u0105tek miesi\u0105ca<\/b>, od godz. 9.00 odwiedzam chorych. Msza \u015bw. o 7.30 i 20.00, a p\u00f3\u0142 godziny przed Eucharysti\u0105 czekam w konfesjonale.<\/p>\n<p><b><i>6.<\/i><\/b> Wczoraj pi\u0119knie i gorliwie <b>mieszka\u0144cy Sobonia<\/b> <b>oczyszczali alejki na cmentarzu<\/b>. Z serca dzi\u0119kuj\u0119. R\u00f3wnie\u017c solidnie sprz\u0105tali przy ko\u015bciele rodziny z Jan\u00f3wka. Na sobot\u0119 zapraszam: p. Jadwig\u0119 i Lecha Kiesner, Jadwig\u0119 i Zdzis\u0142awa Po\u0142awskich oraz Krystyn\u0119 i Zbigniewa Siemi\u0144skich z Jan\u00f3wka.<\/p>\n<p><b><i>7.<\/i><\/b> W przysz\u0142\u0105 niedziel\u0119 o Mszy \u015bw. o 9.00 zmianka tajemnic r\u00f3\u017ca\u0144cowych dla wsp\u00f3lnoty rodzic\u00f3w modl\u0105cych si\u0119 za dzieci. Ofiarami do puszek wesprzemy Dawida Pernach, chorego na nowotw\u00f3r ucznia z I gimnazjum w Gr\u0119bkowie, kt\u00f3ry przejdzie leczenie w Niemczech.<\/p>\n<p><b><i>8.<\/i><\/b> Serdecznie dzi\u0119kuj\u0119 za ofiary na remont parkanu cmentarza: Anna Wojty\u0144ska \u2013 100 z\u0142, Irena i Wojciech Popowscy \u2013 100 z\u0142, Teresa Dymek \u2013 100 z\u0142, Barbara Napi\u00f3rkowska \u2013 100 z\u0142, Mieczys\u0142aw Radzio \u2013 100 z\u0142 oraz Agnieszka i Witold Kujawa \u2013 200 z\u0142, Aneta i Rafa\u0142 Miklaszewscy \u2013 200 z\u0142, Krystyna i Roman Gog\u0142oza \u2013 100 z\u0142. Serdeczne \u201eB\u00f3g zap\u0142a\u0107!\u201d<\/p>\n<p><b><i>9.<\/i><\/b> Do Sakramentu ma\u0142\u017ce\u0144stwa przygotowuj\u0105 si\u0119 nast\u0119puj\u0105ce osoby: <b>Daniel Grabowski<\/b>,<\/p>\n<p>kawaler zam. w Wierzbnie i <b>Martyna Wierciochowska<\/b>, panna zam. w Warszawie, parafii pw. \u015bw. Krzysztofa, zapowied\u017a druga.\u00a0 Pami\u0119tajmy o narzeczonych w naszych modlitwach.<\/p>\n<p><b><i>10.<\/i><\/b> Wczoraj w naszej \u015bwi\u0105tyni zawarli sakrament Ma\u0142\u017ce\u0144stwa: <b>Maria Katarzyna Gersz i Marek Ksi\u0105\u017cek.<\/b> \u017byczymy im szcz\u0119\u015bcia i wszelkich \u0142ask w \u017cyciu ma\u0142\u017ce\u0144skim.<\/p>\n<p><b><i>11.<\/i><\/b> Zach\u0119cam do lektury nowy nr \u201eEcha Katolickiego\u201d. Znajdziemy ciekawe artyku\u0142y. Zach\u0119cam do przeczytania o ojcu Klimuszko i o jego metodach leczenia.<\/p>\n","protected":false},"excerpt":{"rendered":"<p>Powr\u00f3t do listy og\u0142osze\u0144 30 sierpnia &#8211; XXII Niedziela zwyk\u0142a 1. Ju\u017c ostatnie dni wakacji i pozw\u00f3lmy, aby Chrystus Pan b\u0142ogos\u0142awi\u0142 dzieciom i m\u0142odzie\u017cy w nauce. Zapraszam uczni\u00f3w, aby skorzystali z sakramentu pokuty i z Chrystusem w sercu rozpocz\u0119li nowy okres nauki. Razem z ks. Stanis\u0142awem oczekujemy dzi\u015b w konfesjona\u0142ach. We wtorek o godz. 8.00 uroczysta Msza \u015bw. na rozpocz\u0119cie nowego roku szkolnego. B\u0119dziemy prosi\u0107 o hojne b\u0142ogos\u0142awie\u0144stwo Bo\u017ce dla nauczycieli i wychowawc\u00f3w, dla dzieci i m\u0142odzie\u017cy naszej szko\u0142y. Serdecznie zapraszam tak\u017ce rodzic\u00f3w. 2. Jest nowy grafik dla zespo\u0142u czytaj\u0105cego S\u0142owo Bo\u017ce. Od wrze\u015bnia rozpoczniemy przygotowanie do sakramentu bierzmowania dla uczni\u00f3w naszego gimnazjum i m\u0142odzie\u017cy, kt\u00f3ra nie przyj\u0119\u0142a jeszcze tego sakramentu. 3. W czwartek od 17.00 adoracja Naj\u015bwi\u0119tszego Sakramentu, modlitwa o powo\u0142ania kap\u0142a\u0144skie i zakonne oraz okazja do spowiedzi przed I pi\u0105tkiem miesi\u0105ca. 4. W pierwszy pi\u0105tek wynagradzamy Naj\u015bwi\u0119tszemu Sercu Pana Jezusa za grzechy nasze i ca\u0142ego \u015bwiata. Eucharystia o \u2026 <a class=\"continue-reading-link\" href=\"https:\/\/www.parafiawierzbno.com.pl\/?page_id=3492\">Czytaj dalej <span class=\"meta-nav\">&rarr; <\/span><\/a><\/p>\n","protected":false},"author":1,"featured_media":0,"parent":225,"menu_order":0,"comment_status":"closed","ping_status":"closed","template":"","meta":{"ngg_post_thumbnail":0},"_links":{"self":[{"href":"https:\/\/www.parafiawierzbno.com.pl\/index.php?rest_route=\/wp\/v2\/pages\/3492"}],"collection":[{"href":"https:\/\/www.parafiawierzbno.com.pl\/index.php?rest_route=\/wp\/v2\/pages"}],"about":[{"href":"https:\/\/www.parafiawierzbno.com.pl\/index.php?rest_route=\/wp\/v2\/types\/page"}],"author":[{"embeddable":true,"href":"https:\/\/www.parafiawierzbno.com.pl\/index.php?rest_route=\/wp\/v2\/users\/1"}],"replies":[{"embeddable":true,"href":"https:\/\/www.parafiawierzbno.com.pl\/index.php?rest_route=%2Fwp%2Fv2%2Fcomments&post=3492"}],"version-history":[{"count":8,"href":"https:\/\/www.parafiawierzbno.com.pl\/index.php?rest_route=\/wp\/v2\/pages\/3492\/revisions"}],"predecessor-version":[{"id":3520,"href":"https:\/\/www.parafiawierzbno.com.pl\/index.php?rest_route=\/wp\/v2\/pages\/3492\/revisions\/3520"}],"up":[{"embeddable":true,"href":"https:\/\/www.parafiawierzbno.com.pl\/index.php?rest_route=\/wp\/v2\/pages\/225"}],"wp:attachment":[{"href":"https:\/\/www.parafiawierzbno.com.pl\/index.php?rest_route=%2Fwp%2Fv2%2Fmedia&parent=3492"}],"curies":[{"name":"wp","href":"https:\/\/api.w.org\/{rel}","templated":true}]}}