{"id":3555,"date":"2015-10-08T20:15:48","date_gmt":"2015-10-08T18:15:48","guid":{"rendered":"https:\/\/www.parafiawierzbno.com.pl\/?page_id=3555"},"modified":"2015-10-26T07:45:54","modified_gmt":"2015-10-26T06:45:54","slug":"ogloszenia-pazdziernik-2015","status":"publish","type":"page","link":"https:\/\/www.parafiawierzbno.com.pl\/?page_id=3555","title":{"rendered":"Og\u0142oszenia &#8211; Pa\u017adziernik 2015"},"content":{"rendered":"<p><a title=\"Og\u0142oszenia parafialne\" href=\"https:\/\/www.parafiawierzbno.com.pl\/?page_id=225\">Powr\u00f3t do listy og\u0142osze\u0144<\/a><\/p>\n<h2 align=\"center\"><span style=\"color: #ff0000;\"><b>25 pa\u017adziernika &#8211; XXX Niedziela zwyk\u0142a<\/b><\/span><\/h2>\n<p><b><i>1.<\/i><\/b> Obchodzimy dzi\u015b <b>uroczysto\u015b\u0107 Rocznicy Po\u015bwi\u0119cenia naszego ko\u015bcio\u0142a<\/b>. Nasza \u015bwi\u0105tynia zosta\u0142a wybudowana 160 lat temu. Jej fundatorami byli w\u0142a\u015bciciele d\u00f3br Wierzbno, Helena i Micha\u0142 \u015awiniarscy. Pami\u0119tajmy z wdzi\u0119czno\u015bci\u0105 w modlitwie o fundatorach, budowniczych, dobroczy\u0144cach oraz o kap\u0142anach, kt\u00f3rzy tu pos\u0142ugiwali, niech Pan im hojnie wynagrodzi. Dzi\u015b liczenie wiernych uczestnicz\u0105cych w Eucharystii i przyst\u0119puj\u0105cych do Komunii \u015bw. Prosz\u0119 o powolne wychodzenie z ko\u015bcio\u0142a, aby m\u0142odzie\u017c i ministranci mogli dobrze policzy\u0107. Dla zespo\u0142u czytaj\u0105cego S\u0142owo Bo\u017ce jest grafik pos\u0142ugi w listopadzie.<\/p>\n<p><b><i>2.<\/i><\/b> Otaczamy modlitw\u0105 nasz\u0105 Ojczyzn\u0119 w dniu <b>wybor\u00f3w parlamentarnych<\/b>, aby dobry B\u00f3g czuwa\u0142 nad naszym narodem i b\u0142ogos\u0142awi\u0142 tym, kt\u00f3rzy odpowiedzialnie przejm\u0105 najwy\u017csze urz\u0119dy w Polsce.<\/p>\n<p><b><i>3.<\/i><\/b> W \u015brod\u0119\u00a0 <b>uroczysto\u015b\u0107 \u015bw. Aposto\u0142\u00f3w Szymona i Judy Tadeusza<\/b>, g\u0142\u00f3wnych patron\u00f3w naszej diecezji. Zapraszam na Msz\u0119 \u015bw. o 17.00 i 18.00.<\/p>\n<p><b><i>4.<\/i><\/b> Z serca dzi\u0119kuj\u0119 wszystkim parafianom za uporz\u0105dkowanie mogi\u0142. Prosz\u0119 o umiar w dekorowaniu chryzantemami i zniczami, a tak\u017ce by\u015bmy unikali plastykowych wi\u0105zanek. Na sobot\u0119 zapraszam mieszka\u0144c\u00f3w Helenowa do wywiezienia li\u015bci na kompostownik.<\/p>\n<p><b><i>5.<\/i><\/b> W niedziel\u0119 <b>Uroczysto\u015b\u0107 Wszystkich \u015awi\u0119tych<\/b>. Msza \u015bw. b\u0119dzie sprawowana o 9.00, 12.00 i o 17.00. Po sumie procesja na cmentarz i modlitwa za zmar\u0142ych. Podczas modlitwy r\u00f3\u017ca\u0144cowej b\u0119dzie zbi\u00f3rka na tac\u0119, aby by\u0142y \u015brodki na wyw\u00f3z \u015bmieci. Potem po\u015bwi\u0119cenie nowych pomnik\u00f3w. Na sumie b\u0119d\u0105 wr\u0119czone nagrody dla dzieci, kt\u00f3re sumiennie uczestniczy\u0142y w nabo\u017ce\u0144stwach R\u00f3\u017ca\u0144cowych. Zach\u0119cam do zapisywania si\u0119 na kasety z Festynu Rodzinnego, a 8 listopada b\u0119dzie mo\u017cliwo\u015b\u0107 ich nabycia u p. Tadeusza Jaczewskiego.<\/p>\n<p><b><i>6.<\/i><\/b> W poniedzia\u0142ek wspominamy <b>Wszystkich Wiernych Zmar\u0142ych<\/b>. Zapraszam na Eucharysti\u0119 o 9.00, 12.00 i 17.00. P\u00f3\u0142 godziny przed ka\u017cd\u0105 Msz\u0105 \u015bw. modlitwa wspominkowa za zmar\u0142ych, a po Mszy o 9.00 <b>procesja na cmentarz<\/b> i modlitwa za zmar\u0142ych. Zach\u0119cam do szczeg\u00f3lnej modlitwy za dusze w czy\u015b\u0107cu cierpi\u0105ce w dniach <b>od 1 do 8 listopada<\/b>, kiedy codziennie mo\u017cemy zyska\u0107 odpust zupe\u0142ny dla kogo\u015b ze zmar\u0142ych. Nale\u017cy by\u0107 tylko w stanie \u0142aski u\u015bwi\u0119caj\u0105cej, przyj\u0105\u0107 Komuni\u0119 \u015bw. i pomodli\u0107 si\u0119 na cmentarzu. Codziennie w listopadzie przed Msz\u0105 \u015bw. wieczorn\u0105 modlitwa wypominkowa.<\/p>\n<p><b><i>7.<\/i><\/b> Bardzo serdecznie dzi\u0119kuj\u0119 rodzinom z Wygl\u0119d\u00f3wka za sprz\u0105tanie w \u015bwi\u0105tyni i zgrabienie li\u015bci wok\u00f3\u0142 niej. Na sobot\u0119 zapraszam p. Szymona Parola, p. Zofi\u0119 i Mieczys\u0142awa \u015ale-dziewskich oraz p. Bogdana Zwierza. Takim sposobem mieszka\u0144cy Wygl\u0119d\u00f3wka zako\u0144cz\u0105 sw\u00f3j dy\u017cur troski o porz\u0105dek w ko\u015bciele. Z serca \u201eB\u00f3g zap\u0142a\u0107!\u201d. Mam nadziej\u0119, \u017ce mieszka\u0144cy Swidna b\u0119d\u0105 kontynuowa\u0107 trosk\u0119 o nasz\u0105 \u015bwi\u0105tyni\u0119.<\/p>\n<p><b><i>8.<\/i><\/b> W bie\u017c\u0105cym nr \u201eEcha Katolickiego\u201d znajdziemy materia\u0142y formacyjne dla K\u00f3\u0142 \u017bywego R\u00f3\u017ca\u0144ca oraz o lekcji patriotyzmu, kt\u00f3rej udzieli\u0142 nam \u015bw. Jan Pawe\u0142 II. Zach\u0119cam do lektury.<\/p>\n<p><b><i>9.<\/i><\/b> Wczoraj w naszej \u015bwi\u0105tyni zawarli Sakrament Ma\u0142\u017ce\u0144stwa <b>Natalia Agnieszka Michalczyk i Piotr Kisiel<\/b>. \u017byczymy nowo\u017ce\u0144com obfito\u015bci \u0142aski Bo\u017cej i opieki Matki Naj\u015bwi\u0119tszej.<\/p>\n<h2 align=\"center\"><span style=\"color: #ff0000;\"><b>18 pa\u017adziernika &#8211; XIX Niedziela zwyk\u0142a<\/b><\/span><\/h2>\n<p><b><i>1.<\/i><\/b> Dzi\u015b <b>Niedziela Misyjna<\/b> i rozpoczynamy Tydzie\u0144 Misyjny pod has\u0142em: <b>\u201eOd nawr\u00f3cenia do misji\u201d<\/b>. W or\u0119dziu papie\u017c Franciszek przypomina nam: <i>\u201ePoniewa\u017c ca\u0142e \u017cycie Chrystusa ma charakter misyjny, to wszyscy, kt\u00f3rzy wiernie Go na\u015bladuj\u0105, musz\u0105 przyj\u0105\u0107 ten sam misyjny styl \u017cycia. (&#8230;) Wszyscy cz\u0142onkowie Ko\u015bcio\u0142a s\u0105 powo\u0142ani do g\u0142oszenia Ewangelii poprzez \u015bwiadectwo \u017cycia\u201d<\/i>. Wspieramy misje katolickie ofiarami na tac\u0119 i modlitw\u0105 r\u00f3\u017ca\u0144cow\u0105, aby Ewangelia przemienia\u0142a \u017cycie narod\u00f3w i konkretnych ludzi.<\/p>\n<p><b><i>2.<\/i><\/b> W czwartek <b>wspomnienie \u015bw. Jana Paw\u0142a II<\/b>, zapraszam na Eucharysti\u0119 o 17.00 i nabo\u017ce\u0144stwo R\u00f3\u017ca\u0144cowe. Rozpoczynamy 9 miesi\u0119czn\u0105 Nowenn\u0119 za m\u0142odych przed \u015awiatowymi Dniami M\u0142odzie\u017cy w Krakowie w 2016 r.<\/p>\n<p><b><i>3.<\/i><\/b> Od \u015brody do pi\u0105tku w\u0142\u0105cznie <b>wyje\u017cd\u017camy z m\u0142odzie\u017c\u0105 gimnazjaln\u0105 w Bieszczady<\/b> i w Wierzbnie przy o\u0142tarzu zast\u0105pi mnie ks. Stanis\u0142aw Abramczyk.<\/p>\n<p><b><i>4.<\/i><\/b> W najbli\u017csz\u0105 niedziel\u0119 b\u0119dziemy obchodzi\u0107 <b>uroczysto\u015b\u0107 po\u015bwi\u0119cenia naszego ko\u015bcio\u0142a<\/b>. B\u0119dzie tak\u017ce tradycyjne <b>liczenie wiernych<\/b>, uczestnicz\u0105cych we Mszy \u015bw. i przyjmuj\u0105cych Komuni\u0119 \u015bw.<\/p>\n<p><b><i>5.<\/i><\/b> Za tydzie\u0144, 25 pa\u017adziernika, <b>wybory parlamentarne<\/b>. Zach\u0119cam ka\u017cdego parafianina do g\u0142osowania w zgodzie z w\u0142asnym sumieniem, wra\u017cliwym na dobro wsp\u00f3lne i stoj\u0105cym na stra\u017cy \u017cycia ka\u017cdego cz\u0142owieka od pocz\u0119cia do naturalnej \u015bmierci. Pro\u015bmy Ojca niebieskiego o ducha jedno\u015bci i b\u0142ogos\u0142awie\u0144stwo dla naszej Ojczyzny.<\/p>\n<p><b><i>6.<\/i><\/b> Na \u0142awkach i na stoliku z gazetami le\u017c\u0105 kartki wspominkowe. Serdeczna pro\u015bba, aby wyra\u017anie napisa\u0107 imiona zmar\u0142ych, a tak\u017ce nazwisko i miejscowo\u015b\u0107 zamawiaj\u0105cego. <b>Przez ca\u0142y listopad przede Msz\u0105 b\u0119dziemy modli\u0107 si\u0119 za zmar\u0142ych<\/b> polecanych Bo\u017cemu Mi\u0142osierdziu w wypominkach. Opr\u00f3cz tego w ka\u017cdy pierwszy czwartek miesi\u0105ca b\u0119dzie sprawowana Eucharystia w ich intencji.<\/p>\n<p><b><i>7.<\/i><\/b> Z serca <b>dzi\u0119kuj\u0119 mieszka\u0144com Jaworka<\/b> za sprz\u0105tanie na cmentarzu i wywiezienie naturalnych odpad\u00f3w na kompostownik. Dzi\u0119kuj\u0119 ch\u0142opcom z MOWu za zgrabienie li\u015bci na skwerze przed ko\u015bcio\u0142em. Z serca dzi\u0119kuj\u0119 rodzinom z Wygl\u0119d\u00f3wka za sprz\u0105tanie ko\u015bcio\u0142a i na sobot\u0119 zapraszam: p. Danut\u0119 i Janusza Stachowicz, p. Remigiusza Zalewskiego oraz p. Helen\u0119 i Ew\u0119 Sledziewskie z Wygl\u0119d\u00f3wka.<\/p>\n<p><b><i>8.<\/i><\/b> Do<b><i> <\/i><\/b>Sakramentu Ma\u0142\u017ce\u0144stwa przygotowuj\u0105 si\u0119: <b>Piotr Kisiel<\/b>, kawaler zam. w Terespolu, par Tr\u00f3jcy \u015awi\u0119tej i <b>Natalia Agnieszka Michalczyk<\/b>, panna z Wierzbna, zapowied\u017a trzecia. Pro\u015bmy Maryj\u0119, aby otoczy\u0142a ich p\u0142aszczem opieki i wyjedna\u0142a potrzebne \u0142aski.<\/p>\n<p><b><i>9.<\/i><\/b> W najnowszym nr \u201eEcha Katolickiego\u201d znajdziemy ciekawe artyku\u0142y, m.in.: o sile R\u00f3\u017ca\u0144ca, o trudach wspierania w chorobie a tak\u017ce wywiad z o. Janem Glic\u0105, misjonarzem, pracuj\u0105cym od 47 lat w Brazylii.<\/p>\n<h2 align=\"center\"><span style=\"color: #ff0000;\"><b>11 pa\u017adziernika &#8211; XXVIII Niedziela zwyk\u0142a<\/b><\/span><\/h2>\n<p><b><i>1.<\/i><\/b> Obchodzimy dzi\u015b <b>XV Dzie\u0144 Papieski<\/b>, wdzi\u0119czni Panu Bogu za dar wielkiego Polaka i \u015bwi\u0119tego Jana Paw\u0142a II Papie\u017ca Rodziny. Ofiarami do puszek <b>wspieramy Fundacj\u0119 \u201eDzie\u0142o Nowego Tysi\u0105clecia\u201d<\/b>, pomagaj\u0105c\u0105 zdolnej m\u0142odzie\u017cy z rodzin wielodzietnych w zdobywaniu wykszta\u0142cenia. W naszej parafii <b>go\u015bcimy alumna WSD<\/b> w Nowym Opolu k. Siedlec. Po Mszy \u015bw. b\u0119dzie rozprowadza\u0142 kalendarze seminaryjne, jako cegie\u0142ki na rzecz naszej duchowej uczelni. Dzi\u0119kuj\u0119 za ofiary na tac\u0119 na rzecz Seminarium, mo\u017ce w najbli\u017cszym czasie kt\u00f3ry\u015b z m\u0142odzie\u0144c\u00f3w naszej parafii odkryje g\u0142os powo\u0142ania i b\u0119dzie przygotowywa\u0142 si\u0119 do kap\u0142a\u0144stwa. Z powodu braku ch\u0119tnych odwo\u0142ujemy Pielgrzymk\u0119 do Lichenia, G\u0142ogowca, Gniezna i Poznania.<\/p>\n<p><b><i>2.<\/i><\/b> We wtorek wspomnienie b\u0142. Honorata Ko\u017ami\u0144skiego i po Mszy \u015bw. o 17.00 <b>Nabo\u017ce\u0144stwo Fatimskie<\/b>. B\u0119dziemy modli\u0107 si\u0119 za powo\u0142anych do s\u0142u\u017cby Bo\u017cej w Ko\u015bciele, o w\u0142a\u015bciwe odczytanie powo\u0142ania i wierne kroczenie za Chrystusem. Prosz\u0119 zabra\u0107 lampiony.<\/p>\n<p><b><i>3.<\/i><\/b> W \u015brod\u0119 <b>Dzie\u0144 Edukacji<\/b>, modlimy si\u0119 za nauczycieli i wychowawc\u00f3w, aby Duch \u015awi\u0119ty umacnia\u0142 w trudzie wychowania dzieci i m\u0142odzie\u017cy i aby widzieli owoce swej pracy. W Jaworku o 9.00 Msza \u015bw. w o\u015brodku MOWu. S\u0105 zaroszeni tak\u017ce mieszka\u0144cy Jaworka.<\/p>\n<p><b><i>4.<\/i><\/b> W pi\u0105tek kolejne <b>spotkanie dla kandydat\u00f3w do bierzmowania<\/b>, obecno\u015b\u0107 obowi\u0105zkowa. O 17.00 Msza, potem R\u00f3\u017caniec i spotkanie formacyjne.<\/p>\n<p><b><i>5.<\/i><\/b> Najbli\u017csza niedziela, 18 pa\u017adziernika, jest <b>Niedziel\u0119 Misyjn\u0105<\/b> i pocz\u0105tkiem tygodnia Misyjnego. Nasz\u0105 modlitw\u0105 i ofiarami na tac\u0119 wspieramy misje katolickie.<\/p>\n<p><b><i>6.<\/i><\/b> Dzi\u0119kuj\u0119 rodzinom z Wygl\u0119d\u00f3wka za sprz\u0105tanie ko\u015bcio\u0142a i zapraszam na sobot\u0119: p. Gra\u017cyn\u0119 Kope\u0107, Jadwig\u0119 i Romana Milewskich oraz Danut\u0119 i S\u0142awomira Kapitanowicz.<\/p>\n<p><b><i>7<\/i><\/b>. Zach\u0119cam do wcze\u015bniejszego sprz\u0105tania mogi\u0142 swoich bliskich, ale zatroszczmy si\u0119 tak\u017ce o uprz\u0105tni\u0119cie mogi\u0142 zapomnianych. Plastyki wk\u0142adamy do \u017c\u00f3\u0142tych work\u00f3w, a szk\u0142o do bia\u0142ych. Na sobot\u0119 zapraszam od 9.00 <b>parafian z Jaworka <\/b>do pracy na cmentarzu, aby zagrabi\u0107 li\u015bcie na alejkach, wywie\u017a\u0107 naturalne odpady na kompostownik. Prosz\u0119 zabra\u0107 odpowiednie narz\u0119dzia do pracy.<\/p>\n<p><b><i>8. <\/i><\/b>Do<b><i> <\/i><\/b>Sakramentu Ma\u0142\u017ce\u0144stwa przygotowuj\u0105 si\u0119 nast\u0119puj\u0105ce osoby: <b>Artur Szcz\u0119sny<\/b>, kawaler z Sobonia i <b>Marzena Morawska<\/b>, panna ze Starejwsi, par. \u015bw. Micha\u0142a Archanio\u0142a w Starejwsi, zapowied\u017a trzecia. <b>Piotr Kisiel<\/b>, kawaler zam. w Terespolu, par Tr\u00f3jcy \u015awi\u0119tej i <b>Natalia Agnieszka Michalczyk<\/b>, panna z Wierzbna, zapowied\u017a druga. Pro\u015bmy Maryj\u0119, aby otoczy\u0142a ich p\u0142aszczem opieki i wyjedna\u0142a potrzebne \u0142aski.<\/p>\n<p><b><i>9.<\/i><\/b> Wczoraj w naszej \u015bwi\u0105tyni zawarli Sakrament Ma\u0142\u017ce\u0144stwa <b>Patrycja Magdalena K\u0119dzior z d. Gersz i Pawe\u0142 K\u0119dzior<\/b>. \u017byczymy, aby z Bo\u017c\u0105 pomoc\u0105 stworzyli dobr\u0105 chrze\u015bcija\u0144sk\u0105 rodzin\u0119.<\/p>\n<p><b><i>10.<\/i><\/b> Zach\u0119cam do lektury bie\u017c\u0105cy nr \u201eEcha Katolickiego\u201d. Przeczytamy o tym, co pisze papie\u017c Franciszek na \u015awiatowe Dni M\u0142odzie\u017cy, a tak\u017ce o naprotechnologii i jej skutkach.<\/p>\n<h2 align=\"center\"><span style=\"color: #ff6600;\"><b>4 pa\u017adziernika &#8211; XXVII Niedziela zwyk\u0142a<\/b><\/span><\/h2>\n<p><b><i>1.<\/i><\/b> Dzi\u015b Niedziela miesi\u0119cznej adoracji Naj\u015bwi\u0119tszego Sakramentu. O 11.30 Nabo\u017ce\u0144stwo R\u00f3\u017ca\u0144cowe, a po sumie zmianka tajemnic r\u00f3\u017ca\u0144cowych. B\u0119dziemy modli\u0107 si\u0119 za Ojca \u015bwi\u0119tego Franciszka, kt\u00f3ry ma dzi\u015b swoje Imieniny. Ofiary na tac\u0119 s\u0105 dzi\u015b przeznaczone na Caritas diecezjaln\u0105. Po Mszy \u015bw. o 9.00 zapraszam na spotkanie podsumowuj\u0105ce niedziel\u0119 synodaln\u0105 zesp\u00f3\u0142 synodalny i radnych. Informuj\u0119, \u017ce od pa\u017adziernika suma w niedziel\u0119 o 12.00, a Msza \u015bw. wieczorowa o godz. 17.00. <b><i>Intencje Apostolstwa Modlitwy<\/i><\/b> na ten miesi\u0105c: <b><i>og\u00f3lna \u2013 <\/i><\/b><i>Aby zosta\u0142 wykorzeniony handel lud\u017ami, nowoczesna forma niewolnictwa;<b> Ewangelizacyjna<\/b><\/i> \u2013 <i>Aby wsp\u00f3lnoty chrze\u015bcija\u0144skie na kontynencie azjatyckim w duchu misyjnym g\u0142osi\u0142y Ewangeli\u0119 tym, kt\u00f3rzy jeszcze na ni\u0105 czekaj\u0105<\/i>. Ofiarami do puszek wspieramy misje w Boliwii i ks. Jaros\u0142awa Dziedzica.<\/p>\n<p><b><i>2.<\/i><\/b> W przysz\u0142\u0105 niedziel\u0119, 11 pa\u017adziernika, obchody <b>XV Dnia Papieskiego<\/b> pod has\u0142em: <b>\u201eJan Pawe\u0142 II \u2013 Patron rodziny\u201d<\/b> i zbi\u00f3rka do puszek na <b>Dzie\u0142o Nowego Tysi\u0105clecia<\/b>. B\u0119dziemy te\u017c <b>go\u015bci\u0107 alumna WSD w Siedlcach<\/b>, kt\u00f3ry zbierze ofiary na tac\u0119 oraz b\u0119dzie rozprowadza\u0142 kalendarze seminaryjne.<\/p>\n<p><b><i>3.<\/i><\/b> W \u015brod\u0119 wspomnienie <b>NMP R\u00f3\u017ca\u0144cowej<\/b>. Zach\u0119cam do licznego udzia\u0142u w modlitwie r\u00f3\u017ca\u0144cowej. W niedziel\u0119 modlitwa r\u00f3\u017ca\u0144cowa przed sum\u0105, a w tygodniu po Mszy \u015bw. o 17.00. Papie\u017c Franciszek powiedzia\u0142, \u017ce: <i>\u201eR\u00f3\u017caniec jest modlitw\u0105 zawsze towarzysz\u0105c\u0105 memu \u017cyciu, jest modlitw\u0105 ludzi prostych i \u015bwi\u0119tych&#8230; jest modlitw\u0105 mego serca\u201d.<\/i><\/p>\n<p><b><i>4.<\/i><\/b> Jak na razie ma\u0142o ch\u0119tnych na <b>pielgrzymk\u0119 do Lichenia, G\u0142ogowca, Gniezna i Poznania<\/b>. Je\u015bli b\u0119d\u0105 ch\u0119tni, to wyjazd w niedziel\u0119 o 14.00, powr\u00f3t noc\u0105 w poniedzia\u0142ek. Zach\u0119cam do zapisywania, poniewa\u017c nie wiem, czy b\u0119dzie sens organizowa\u0107 takie wyjazdy, je\u015bli nie ma ludzi.<\/p>\n<p><b><i>5.<\/i><\/b> Dzi\u0119kuj\u0119 za sprz\u0105tanie ko\u015bcio\u0142a <b>rodzinom z Wygl\u0119d\u00f3wka<\/b> i zapraszam na sobot\u0119: p. Eugeni\u0119 Pe\u0142czy\u0144sk\u0105, Agnieszk\u0119 Cyran oraz Mari\u0119 i J\u00f3zefa Kope\u0107.<\/p>\n<p>Wczoraj bardzo solidnie przy sprz\u0105taniu <b>na cmentarzu pracowali mieszka\u0144cy Lasu Jaworskiego<\/b>. Kto\u015b z przyjezdnych go\u015bci pochwali\u0142, \u017ce mamy wzorowy porz\u0105dek na cmentarzu. Bardzo prosz\u0119, aby nie k\u0142a\u015b\u0107 na grobach plastykowych wi\u0105zanek ze sztucznymi kwiatami. Potem najlepiej je zabiera\u0107 potem do domu, bo trudno utylizowa\u0107.<\/p>\n<p><b><i>6. <\/i><\/b>Sakramentu Ma\u0142\u017ce\u0144stwa przygotowuje si\u0119 <b>Pawe\u0142 K\u0119dzior<\/b>, cywilnie zwi\u0105zany, zam. w Wycz\u00f3\u0142kach par. pw. \u015bw. Stanis\u0142awa Bpa i M\u0119czennika w Czerwonce i <b>Patrycja Magdalena K\u0119dzior z d. Gersz<\/b>, cywilnie zwi\u0105zana, pochodz\u0105ca z Sobonia, zapowied\u017a trzecia. <b>Artur Szcz\u0119sny<\/b>, kawaler z Sobonia i <b>Marzena Morawska<\/b>, panna ze Starejwsi, par. \u015bw. Micha\u0142a Archanio\u0142a w Starejwsi, zapowied\u017a druga. <b>Piotr Kisiel<\/b>, kawaler zam. w Terespolu, par Tr\u00f3jcy \u015awi\u0119tej i <b>Natalia Agnieszka Michalczyk<\/b>, panna z Wierzbna, zapowied\u017a pierwsza. Pro\u015bmy Maryj\u0119, aby otoczy\u0142a ich p\u0142aszczem opieki i wyjedna\u0142a potrzebne \u0142aski.<\/p>\n<p><b><i>7.<\/i><\/b> W bie\u017c\u0105cym nr \u201eEcha Katolickiego\u201d znajdziemy ciekawe artyku\u0142y o ekranizacji dziej\u00f3w wizerunku Matki Bo\u017cej Kode\u0144skiej, relacje z pielgrzymki Ojca \u015bw. Franciszka do Stan\u00f3w Zjednoczonych oraz o wsp\u00f3\u0142czesnych zagro\u017ceniach duchowych. Zach\u0119cam do lektury.<\/p>\n","protected":false},"excerpt":{"rendered":"<p>Powr\u00f3t do listy og\u0142osze\u0144 25 pa\u017adziernika &#8211; XXX Niedziela zwyk\u0142a 1. Obchodzimy dzi\u015b uroczysto\u015b\u0107 Rocznicy Po\u015bwi\u0119cenia naszego ko\u015bcio\u0142a. Nasza \u015bwi\u0105tynia zosta\u0142a wybudowana 160 lat temu. Jej fundatorami byli w\u0142a\u015bciciele d\u00f3br Wierzbno, Helena i Micha\u0142 \u015awiniarscy. Pami\u0119tajmy z wdzi\u0119czno\u015bci\u0105 w modlitwie o fundatorach, budowniczych, dobroczy\u0144cach oraz o kap\u0142anach, kt\u00f3rzy tu pos\u0142ugiwali, niech Pan im hojnie wynagrodzi. Dzi\u015b liczenie wiernych uczestnicz\u0105cych w Eucharystii i przyst\u0119puj\u0105cych do Komunii \u015bw. Prosz\u0119 o powolne wychodzenie z ko\u015bcio\u0142a, aby m\u0142odzie\u017c i ministranci mogli dobrze policzy\u0107. Dla zespo\u0142u czytaj\u0105cego S\u0142owo Bo\u017ce jest grafik pos\u0142ugi w listopadzie. 2. Otaczamy modlitw\u0105 nasz\u0105 Ojczyzn\u0119 w dniu wybor\u00f3w parlamentarnych, aby dobry B\u00f3g czuwa\u0142 nad naszym narodem i b\u0142ogos\u0142awi\u0142 tym, kt\u00f3rzy odpowiedzialnie przejm\u0105 najwy\u017csze urz\u0119dy w Polsce. 3. W \u015brod\u0119\u00a0 uroczysto\u015b\u0107 \u015bw. Aposto\u0142\u00f3w Szymona i Judy Tadeusza, g\u0142\u00f3wnych patron\u00f3w naszej diecezji. Zapraszam na Msz\u0119 \u015bw. o 17.00 i 18.00. 4. Z serca dzi\u0119kuj\u0119 wszystkim parafianom za uporz\u0105dkowanie mogi\u0142. Prosz\u0119 o umiar w \u2026 <a class=\"continue-reading-link\" href=\"https:\/\/www.parafiawierzbno.com.pl\/?page_id=3555\">Czytaj dalej <span class=\"meta-nav\">&rarr; <\/span><\/a><\/p>\n","protected":false},"author":1,"featured_media":0,"parent":225,"menu_order":0,"comment_status":"closed","ping_status":"closed","template":"","meta":{"ngg_post_thumbnail":0},"_links":{"self":[{"href":"https:\/\/www.parafiawierzbno.com.pl\/index.php?rest_route=\/wp\/v2\/pages\/3555"}],"collection":[{"href":"https:\/\/www.parafiawierzbno.com.pl\/index.php?rest_route=\/wp\/v2\/pages"}],"about":[{"href":"https:\/\/www.parafiawierzbno.com.pl\/index.php?rest_route=\/wp\/v2\/types\/page"}],"author":[{"embeddable":true,"href":"https:\/\/www.parafiawierzbno.com.pl\/index.php?rest_route=\/wp\/v2\/users\/1"}],"replies":[{"embeddable":true,"href":"https:\/\/www.parafiawierzbno.com.pl\/index.php?rest_route=%2Fwp%2Fv2%2Fcomments&post=3555"}],"version-history":[{"count":6,"href":"https:\/\/www.parafiawierzbno.com.pl\/index.php?rest_route=\/wp\/v2\/pages\/3555\/revisions"}],"predecessor-version":[{"id":3574,"href":"https:\/\/www.parafiawierzbno.com.pl\/index.php?rest_route=\/wp\/v2\/pages\/3555\/revisions\/3574"}],"up":[{"embeddable":true,"href":"https:\/\/www.parafiawierzbno.com.pl\/index.php?rest_route=\/wp\/v2\/pages\/225"}],"wp:attachment":[{"href":"https:\/\/www.parafiawierzbno.com.pl\/index.php?rest_route=%2Fwp%2Fv2%2Fmedia&parent=3555"}],"curies":[{"name":"wp","href":"https:\/\/api.w.org\/{rel}","templated":true}]}}