{"id":3577,"date":"2015-11-04T01:05:10","date_gmt":"2015-11-04T00:05:10","guid":{"rendered":"https:\/\/www.parafiawierzbno.com.pl\/?page_id=3577"},"modified":"2015-11-29T11:23:06","modified_gmt":"2015-11-29T10:23:06","slug":"ogloszenia-listopad-2015","status":"publish","type":"page","link":"https:\/\/www.parafiawierzbno.com.pl\/?page_id=3577","title":{"rendered":"Og\u0142oszenia &#8211; Listopad 2015"},"content":{"rendered":"<p><a title=\"Og\u0142oszenia parafialne\" href=\"https:\/\/www.parafiawierzbno.com.pl\/?page_id=225\">Powr\u00f3t do listy og\u0142osze\u0144<\/a><\/p>\n<h2 align=\"center\"><span style=\"color: #ff0000;\"><b>29 listopada \u2013 I Niedziela Adwentu<\/b><\/span><\/h2>\n<p><b><i>1.<\/i><\/b> Dzi\u015b rozpocz\u0119cie <b>Jubileuszu 1050. rocznicy Chrztu Polski<\/b> w parafiach naszej diecezji. Wczoraj p. Dorota i Dariusz Wr\u00f3blewscy otrzymali w Katedrze Siedleckiej jubileuszow\u0105 \u015bwiec\u0119 dla naszej parafii, kt\u00f3ra b\u0119dzie p\u0142on\u0105\u0107 w ka\u017cd\u0105 I niedziel\u0119 miesi\u0105ca ukazuj\u0105c jubileuszow\u0105 drog\u0119 chrzcieln\u0105. R\u00f3wnie\u017c dzi\u015b <b>Pan Jezus w obrazie: \u201eJezu, ufam Tobie!\u201d rozpoczyna nawiedzenie<\/b> <b>rodzin<\/b>, aby nie\u015b\u0107 b\u0142ogos\u0142awie\u0144stwo i mi\u0142o\u015b\u0107, pok\u00f3j i pojednanie. Mieszka\u0144cy Jaworka wyrazili pragnienie zaprosi\u0107 Chrystusa do swoich rodzin.<\/p>\n<p><b><i>2.<\/i><\/b> Rozpoczynamy Adwent, czas radosnego oczekiwania na przyj\u015bcie Pana. Zapraszam do udzia\u0142u w <b>Roratach o godz. 7.00 w poniedzia\u0142ki, \u015brody i soboty<\/b>. Dla dzieci i m\u0142odzie\u017cy b\u0119dzie konkurs aktywno\u015bci uczestnictwa w Roratach i na niedzielnej Eucharystii. Przede Msz\u0105 15 min wcze\u015bniej b\u0119dziemy \u015bpiewa\u0107 Godzinki do Matki Bo\u017cej. Rekolekcje adwentowe w Wierzbnie od 18 do 20 grudnia. Rusza <b>Wigilijne Dzie\u0142o Pomocy Dzieciom<\/b>. Na bocznym o\u0142tarzu le\u017c\u0105 \u015bwiece wigilijne jako cegie\u0142ki dla Caritas. Bardzo du\u017ce \u2013 20 z\u0142, du\u017ce &#8211; 15 z\u0142, \u015brednie \u2013 10 z\u0142 i ma\u0142e 5 z\u0142. Serdecznie dzi\u0119kuj\u0119 p. Krystynie Gogozie za pi\u0119kny wieniec adwentowy. Zapraszam czytaj\u0105cych s\u0142owo Bo\u017ce po grafik na miesi\u0105c grudzie\u0144 i Oremus.<\/p>\n<p><b><i>3.<\/i><\/b> Zach\u0119cam m\u0142odzie\u017c i doros\u0142ych <b>do uczestnictwa w \u015awiatowych Dniach M\u0142odzie\u017cy<\/b> w Krakowie w 2016 r. Mo\u017cna do\u015bwiadczy\u0107 blisko\u015bci Pana Boga i \u017cywej wsp\u00f3lnoty Ko\u015bcio\u0142a. Zapisy tylko do wtorku w\u0142\u0105cznie, wype\u0142niamy deklaracj\u0119 i wp\u0142acamy wpisowe 50 z\u0142.<\/p>\n<p><b><i>4.<\/i><\/b> W poniedzia\u0142ek <b>\u015bwi\u0119to \u015bw. Andrzeja Aposto\u0142a<\/b>. Pozdrawiamy wszystkich Solenizant\u00f3w i \u017cyczymy im m\u0119\u017cnej wiary. U nas Eucharystia tylko rano o 7.00.<\/p>\n<p><b><i>5.<\/i><\/b> W czwartek od 16.00 adoracja Naj\u015bwi\u0119tszego Sakramentu i modlitwa za powo\u0142anych do s\u0142u\u017cby Bo\u017cej w Ko\u015bciele. Okazja do spowiedzi przed I pi\u0105tkiem miesi\u0105ca.<\/p>\n<p><b><i>6.<\/i><\/b> Od pi\u0105tku do niedzieli jestem na rekolekcjach w Polskowoli. W parafii zast\u0105pi mnie ks. Stanis\u0142aw Abramczuk. <b>Pierwszy pi\u0105tek miesi\u0105ca i od 16.00 spowied\u017a, a o 17.00 Msza \u015bw. wynagradzaj\u0105ca<\/b> Naj\u015bwi\u0119tszemu Sercu Pana Jezusa za grzechy nasze i ca\u0142ego \u015bwiata. Przypominam, \u017ce dzieci z klas III i IV obchodz\u0105 pierwsze pi\u0105tki miesi\u0105ca jako podzi\u0119kowanie za otrzymane \u0142aski.<\/p>\n<p><b><i>7.<\/i><\/b> W najbli\u017csz\u0105 niedziel\u0119, <b>6 grudnia<\/b>, ofiarami do puszek wspomagamy Ko\u015bci\u00f3\u0142 na wschodzie. Po sumie adoracja Naj\u015bwi\u0119tszego Sakramentu i zmianka tajemnic r\u00f3\u017ca\u0144cowych.<\/p>\n<p><b><i>8.<\/i><\/b> W sobot\u0119 5 grudnia w Peru odb\u0119dzie si\u0119 <b>beatyfikacja dw\u00f3ch misjonarzy franciszka\u0144skich<\/b> \u2013 o. Zbigniewa Strza\u0142kowskiego i o. Micha\u0142a Tomaszka. Ponie\u015bli oni \u015bmier\u0107 m\u0119cze\u0144sk\u0105 z r\u0105k terroryst\u00f3w z Komunistycznej Partii Peru \u201e\u015awietlany Szlak\u201d dnia 9 sierpnia 1991 roku w peruwia\u0144skiej miejscowo\u015bci Pariacoto w Andach. Wi\u0119cej informacji w gablocie oraz na stronie www. franciszkanie.pl.<\/p>\n<p><b><i>9.<\/i><\/b> Serdecznie <b>dzi\u0119kuj\u0119 rodzinom ze Swidna<\/b> za sprz\u0105tanie ko\u015bcio\u0142a i na sobot\u0119 zapraszam: p. Ew\u0119 i Dariusza Bergiel, Hann\u0119 i S\u0142awomira Bergiel i Daniel\u0119 Bergiel.<\/p>\n<p><b><i>10.<\/i><\/b> Zach\u0119cam do lektury nowy nr \u201eEcha Katolickiego\u201d. Znajdziemy ciekawe artyku\u0142y: czy mona spotka\u0107 Boga na Facebooku? Po co jest Adwent? oraz o upadku obyczaj\u00f3w i j\u0119zyka publicznej debaty<\/p>\n<h2 align=\"center\"><span style=\"color: #ff0000;\"><b>22 listopada \u2013 Uroczysto\u015b\u0107 Jezusa Chrystusa, <\/b><\/span><\/h2>\n<h2 align=\"center\"><span style=\"color: #ff0000;\"><b>Kr\u00f3la wszech\u015bwiata<\/b><\/span><\/h2>\n<p><b><i>1<\/i><\/b>. <b>Chrystus Wodzem! Chrystus Kr\u00f3lem! Chrystus W\u0142adc\u0105 nam!<\/b> Dzisiejsza uroczysto\u015b\u0107 Chrystusa, Kr\u00f3la wszech\u015bwiata, sk\u0142ania nas, aby zawierzy\u0107 nasze rodziny, nasz\u0105 Ojczyzn\u0119 i ca\u0142e nasze \u017cycie Jezusowi, naszemu Panu i Zbawcy. Po sumie adoracja Naj\u015bwi\u0119tszego Sakramentu, Litania do Serca Pana Jezusa i akt po\u015bwi\u0119cenia. Mo\u017cemy zyska\u0107 odpust zupe\u0142ny. Po Mszy \u015bw. o 9.00 zapraszam zesp\u00f3\u0142 synodalny i ch\u0119tnych na dyskusj\u0119 o rodzinie. Dzi\u015b tak\u017ce wspomnienie \u015bw. Cecylii, patronki ch\u00f3r\u00f3w ko\u015bcielnych i organist\u00f3w. Dzi\u0119kujemy Panu Bogu za nasz\u0105 p. organistk\u0119 i schol\u0119, niech \u015bw. Cecylia dla nich wyprasza obfite \u0142aski.<\/p>\n<p><b><i>2.<\/i><\/b> We <b>wtorek o 7.30<\/b> Msza \u015bw. w intencji <b>ks. Tomasza Sobiepanka<\/b>, kt\u00f3ry urodzi\u0142 si\u0119 148 lat temu (24 listopada 1867 r.) w Eminie, dzisiejsze Swidno i odda\u0142 swoje \u017cycie w 1941 r. w obozie koncentracyjnym w Dachau. Uwa\u017cam, \u017ce w naszej \u015bwi\u0105tyni powinna znale\u017a\u0107 si\u0119 tablica upami\u0119tniaj\u0105ca naszego Rodaka, kt\u00f3ry jest m\u0119czennikiem represji hitlerowskich. Mam pro\u015bb\u0119, aby napisa\u0107, co kto pami\u0119ta, co by\u0142o przekazywane w rodzinie o ks. Tomaszu.<\/p>\n<p><b><i>3.<\/i><\/b> W <b>\u015brod\u0119 o 15.00 Msza \u015bw. w Jaworku w remizie<\/b>. Zapraszam mieszka\u0144c\u00f3w Jaworka i ch\u0142opc\u00f3w z MOWu.<\/p>\n<p><b><i>4.<\/i><\/b> W niedziel\u0119 <b>29 listopada rozpoczynamy Adwent<\/b>, czas przygotowuj\u0105cy nas na spotkanie z Chrystusem i \u015bwi\u0119ta Bo\u017cego Narodzenia. W Adwencie zapraszam do uczestnictwa w <b>Roratach w poniedzia\u0142ki, \u015brody i soboty o godz. 7.00<\/b> <b>rano<\/b>. Przed Roratami 15 min b\u0119dziemy \u015bpiewa\u0107 godzinki ku czci NMP. Dla dzieci i m\u0142odzie\u017cy b\u0119dzie konkurs aktywno\u015bci.<\/p>\n<p><b><i>5.<\/i><\/b> W najbli\u017csz\u0105 niedziel\u0119 na Mszy \u015bw. o 9.00 rozpocznie si\u0119 <b>nawiedzenie Obrazu Jezusa Mi\u0142osiernego w Jaworku<\/b>. Niech spotkanie z Panem Jezusem przyniesie obfite owoce pojednania i gorliwo\u015bci \u017cycia wiary na co dzie\u0144.<\/p>\n<p><b><i>6.<\/i><\/b> Serdecznie <b>dzi\u0119kuj\u0119 rodzinom ze Swidna za sprz\u0105tanie ko\u015bcio\u0142a<\/b> i na sobot\u0119 zapraszam: p. Mariann\u0119 i W\u0142odzimierza Jasi\u0144skich, p. Halin\u0119 i Krzysztofa Chabiera oraz p. Leszka Kodym.<\/p>\n<p><b><i>7.<\/i><\/b> W najnowszym nr \u201eEcha Katolickiego\u201d znajdziemy informacj\u0119 o biskupie Adolfie Szel\u0105\u017cku, a tak\u017ce jak nasza diecezja przygotowuje si\u0119 do Roku Mi\u0142osierdzia oraz ile powinna trwa\u0107 \u017ca\u0142oba. Zach\u0119cam do lektury.<\/p>\n<h2 align=\"center\"><span style=\"color: #ff0000;\"><b>15 listopada \u2013 XXXIII Niedziela zwyk\u0142a<\/b><\/span><\/h2>\n<p><b><i>1.<\/i><\/b> Prze\u017cywamy w naszej diecezji Niedziel\u0119 synodaln\u0105 pod has\u0142em: <b>\u201eRodzina domowym Ko\u015bcio\u0142em\u201d.<\/b> Zapraszam w sobot\u0119 na katechez\u0119 synodaln\u0105 podczas Eucharystii o godz. 17.00, a w przysz\u0142\u0105 niedziel\u0119 po Mszy \u015bw. o 9.00 na dyskusj\u0119 nad katechez\u0105. Dzi\u015b ofiary na tac\u0119 s\u0105 przeznaczone na organizacj\u0119 \u015awiatowych Dni M\u0142odzie\u017cy w Krakowie w 2016 r. Po Mszy \u015bw. o 9.00 zmianka tajemnic r\u00f3\u017ca\u0144cowych dla wsp\u00f3lnoty rodzic\u00f3w modl\u0105cych si\u0119 za dzieci.<\/p>\n<p><b><i>2.<\/i><\/b> Serdecznie dzi\u0119kuj\u0119 za ofiary do puszek w niedziel\u0119 8 listopada jako wsparcie dla Ko\u015bcio\u0142a prze\u015bladowanego w Syrii. Dzi\u0119kuj\u0119 uczniom Zespo\u0142u Szk\u00f3\u0142 w Wierzbnie za pi\u0119kny i wymowny program patriotyczny w <b>\u015bwi\u0119to Nieodleg\u0142o\u015bci Polski<\/b>. Dzi\u0119kuj\u0119 druhom stra\u017cakom za obecno\u015b\u0107 i wszystkim, kt\u00f3rzy uczestniczyli we Mszy \u015bw. za Ojczyzn\u0119.<\/p>\n<p><b><i>3.<\/i><\/b> <b>20 listopada<\/b>, w pi\u0105tek, o 17.00 kolejne <b>spotkanie dla m\u0142odzie\u017cy<\/b> przed \u015awiatowymi Dniami M\u0142odzie\u017cy i przed przyj\u0119ciem Sakramentu Bierzmowania. Zach\u0119cam m\u0142odzie\u017c do uczestnictwa w centralnych uroczysto\u015bciach SDM w Krakowie. Zapisy tylko do ko\u0144ca listopada, wpisowe po 50 z\u0142.<\/p>\n<p><b><i>4.<\/i><\/b> Najbli\u017csza niedziela, to <b>uroczysto\u015b\u0107 Chrystusa Kr\u00f3la Wszech\u015bwiata<\/b>. Mo\u017cna uzyska\u0107 odpust zupe\u0142ny za publiczne odm\u00f3wienie Litanii do Naj\u015bwi\u0119tszego Serca Pana Jezusa i aktu po\u015bwi\u0119cenia.<\/p>\n<p><b><i>5.<\/i><\/b> Wkr\u00f3tce rozpocznie si\u0119 w Ko\u015bciele <b>Nadzwyczajny Jubileusz Mi\u0142osierdzia Bo\u017cego<\/b>. W naszej parafii <b>od 29 listopada Pan Jezus Mi\u0142osierny w obrazie \u201eJezu, ufam Tobie\u201d b\u0119dzie nawiedza\u0142 rodziny w Jaworku<\/b>. Wa\u017cne, aby cz\u0142onkowie rodziny wcze\u015bniej pojednali si\u0119 i wybaczyli urazy swoim bliskim czy s\u0105siadom oraz przyst\u0105pili do sakramentu pokuty, by pojedna\u0107 si\u0119 z Panem Bogiem.<\/p>\n<p><b><i>6.<\/i><\/b> Jest organizowana <b>5 grudnia<\/b> <b>Pielgrzymka do Torunia<\/b> na 24 rocznic\u0119 Radia Maryja. Wyjazd o 2 rano, powr\u00f3t wieczorem, w programie: zwiedzanie Radia Maryja i Telewizji Trwam z przewodnikiem, uroczysto\u015b\u0107 po\u015bwi\u0119cenia ko\u015bcio\u0142a jako wotum wdzi\u0119czno\u015bci \u015bw. Jana Paw\u0142a II. Organizator Jolanta Kurek (tel. 609 214 172). Koszt ok. 80 z\u0142.<\/p>\n<p><b><i>7.<\/i><\/b> Wczoraj nie by\u0142o nikogo do sprz\u0105tania ko\u015bcio\u0142a i zapraszam na sobot\u0119 rodziny ze Swidna: p. Bo\u017cen\u0119 i Tadeusza Sobiepanek, Beat\u0119 i J\u00f3zefa Sobiepanek oraz p. Ann\u0119 i Rafa\u0142a Jasi\u0144skich.<\/p>\n<p><b><i>8.<\/i><\/b> W najnowszym nr \u201eEcha Katolickiego\u201d przeczytamy o duchowym dobrodziejstwie p\u0142yn\u0105cym ze spowiedzi generalnej, jak w\u0142a\u015bciwie rozumie\u0107 Msze \u015bw. z modlitw\u0105 o uzdrowienie. Jest te\u017c wspomnienie kap\u0142an\u00f3w naszej diecezji, kt\u00f3rzy odeszli do Pana w tym roku.<\/p>\n<h2 align=\"center\"><span style=\"color: #ff0000;\"><b>8 listopada \u2013 XXXII Niedziela zwyk\u0142a<\/b><\/span><\/h2>\n<p><b><i>1.<\/i><\/b> Obchodzimy w ca\u0142ej Polsce <b>Dzie\u0144 solidarno\u015bci z Ko\u015bcio\u0142em prze\u015bladowanym w Syrii<\/b>. Jest to okazja do przyj\u015bcia z pomoc\u0105 prze\u015bladowanym za wiar\u0119 przez ofiar\u0119 z\u0142o\u017con\u0105 do puszki. Wype\u0142niajmy przykazanie mi\u0142o\u015bci nieprzyjaci\u00f3\u0142 i m\u00f3dlmy si\u0119 r\u00f3wnie\u017c za prze\u015bladowc\u00f3w. Wysy\u0142aj\u0105c SMS o tre\u015bci <b>RATUJE<\/b> na nr <b>72405<\/b>, wspieramy potrzebuj\u0105cych chrze\u015bcijan w Syrii. Po Mszy \u015bw. o 9.00 zapraszam radnych na spotkanie na plebanii. Po sumie procesja na cmentarz i r\u00f3\u017caniec za zmar\u0142ych polecanych w wypominkach.<\/p>\n<p><b><i>2.<\/i><\/b> Przez ca\u0142y listopad 15 min przed Msz\u0105 \u015bw. wieczorn\u0105 modlitwa wypominkowa za zmar\u0142ych. B\u0119dziemy poleca\u0107 Bo\u017cemu Mi\u0142osierdziu naszych zmar\u0142ych wg nast\u0119puj\u0105cego porz\u0105dku:\u00a0 <b><i>&#8211; poniedzia\u0142ek<\/i><\/b>: zmarli z Jan\u00f3wka i Wygl\u0119d\u00f3wka,<\/p>\n<p><b><i>&#8211; wtorek<\/i><\/b>: zmarli z Sobonia,<\/p>\n<p>&#8211; <b><i>\u015broda:<\/i><\/b> zmarli z Jaworka,<\/p>\n<p>&#8211; <b><i>czwartek:<\/i><\/b> zmarli z Adamowa, Swidna, W\u00f3lki i kartki spoza parafii,<\/p>\n<p>&#8211; <b><i>pi\u0105tek:<\/i><\/b> zmarli z Cierpi\u0105t, Helenowa, Lasu Jaworskiego i kartki bez adresu,<\/p>\n<p>&#8211; <b><i>sobota:<\/i><\/b> zmarli z Wierzbna. R\u00f3wnie\u017c w ka\u017cd\u0105 niedziel\u0119 przed Eucharysti\u0105 b\u0119dziemy modli\u0107 si\u0119 za zmar\u0142ych, wypraszaj\u0105c dla nich wiecznie zbawienie.<\/p>\n<p><b><i>3.<\/i><\/b> W \u015brod\u0119 <b>\u015awi\u0119to Narodowe, rocznica Odzyskania Niepodleg\u0142o\u015bci<\/b>. Zapraszam do licznego udzia\u0142u w Eucharystii o <b>9.00 w intencji Ojczyzny<\/b>. Zapraszam druh\u00f3w stra\u017cak\u00f3w na galowo i z pocztem sztandarowym. Po Mszy \u015bw. uczniowie Zespo\u0142u Szk\u00f3\u0142 w Wierzbnie przedstawi\u0105 kr\u00f3tki program artystyczny i wszyscy p\u00f3jdziemy pod pomnik Marsza\u0142ka J\u00f3zefa Pi\u0142sudskiego, gdzie od\u015bpiewamy pie\u015bni patriotyczne. Potrzeba modlitwy o jedno\u015b\u0107 mi\u0119dzy Polakami i o Bo\u017ce b\u0142ogos\u0142awie\u0144stwo dla ka\u017cdej polskiej rodziny.<\/p>\n<p><b><i>4.<\/i><\/b> Najbli\u017csz\u0105 niedziel\u0119 b\u0119dziemy prze\u017cywali jako <b>Niedziel\u0119 Synodaln\u0105<\/b> od has\u0142em: <b>\u201eRodzina domowym Ko\u015bcio\u0142em\u201d.<\/b> Ofiary na tac\u0119 b\u0119d\u0105 przeznaczone na organizacj\u0119 \u015awiatowych Dni M\u0142odzie\u017cy w Krakowie w 2016 r. Po Mszy \u015bw. o 9.00 zapraszam na zmiank\u0119 tajemnic wsp\u00f3lnot\u0119 rodzic\u00f3w modl\u0105cych si\u0119 za dzieci. R\u00f3wnie\u017c po Mszy \u015bw. o 9.00 p. Tadeusz Jaczewski b\u0119dzie rozprowadza\u0142 <b>film o II Festynie Rodzinnym \u201eRodzina G\u00f3r\u0105!\u201d.<\/b><\/p>\n<p><b><i>5.<\/i><\/b> W Siedlcach, 31 pa\u017adziernika, z p. Hann\u0105 Tomkiewicz uczestniczyli\u015bmy w szkoleniu parafialnych koordynator\u00f3w charytatywnych. Chcia\u0142bym, aby w naszej wsp\u00f3lnocie powsta\u0142 <b>zesp\u00f3\u0142 charytatywny z woluntariuszy<\/b>. Trzeba nie\u015b\u0107 potrzebuj\u0105cym mi\u0142o\u015b\u0107 w konkretnym s\u0142u\u017ceniu.<\/p>\n<p><b><i>6.<\/i><\/b> Serdecznie dzi\u0119kuj\u0119 rodzinom ze Swidna za sprz\u0105tanie ko\u015bcio\u0142a. Na sobot\u0119 zapraszam: p. Mari\u0119 i Mariana Drabarek, p. Mieczys\u0142awa Grabowskiego oraz Ew\u0119 i Zenona \u0141abarzewskiego ze Swidna.<\/p>\n<p><b><i>7.<\/i><\/b> Zach\u0119cam do lektury nowy nr \u201eEcha Katolickiego\u201d. Znajdziemy artyku\u0142y o prze\u015bladowaniach wyznawc\u00f3w Chrystusa i mo\u017cliwo\u015bci pomocy, o chrze\u015bcija\u0144skim prze\u017cywaniu \u017ca\u0142oby oraz jako ostrze\u017cenie o metodach werbunku i sposobach manipulacji, jakie stosuj\u0105 sekty.<\/p>\n<h2 align=\"center\"><span style=\"color: #ff0000;\"><b>1 listopada \u2013 Uroczysto\u015b\u0107 Wszystkich \u015awi\u0119tych<\/b><\/span><\/h2>\n<p><b><i>1.<\/i><\/b> Jednoczymy si\u0119 dzi\u015b w modlitwie ze wszystkimi \u015bwi\u0119tymi, kt\u00f3rzy ju\u017c osi\u0105gn\u0119li chwa\u0142\u0119 zbawionych i z tymi, kt\u00f3rzy s\u0105 w drodze do \u015bwi\u0119to\u015bci. Dla ka\u017cdego z nas od dnia Chrztu \u015bw. jest miejsce w niebie, ale trzeba codziennie podejmowa\u0107 wysi\u0142ek radosnego spe\u0142niania woli Bo\u017cej i \u017cycia w \u0142asce u\u015bwi\u0119caj\u0105cej.<\/p>\n<p><b><i>2.<\/i><\/b> <b><i>Intencje Apostolstwa Modlitwy<\/i><\/b> na listopad: <b><i>og\u00f3lna<\/i><\/b> \u2013 Aby\u015bmy potrafili otworzy\u0107 si\u0119 na osobiste spotkanie i dialog ze wszystkimi, r\u00f3wnie\u017c z tymi, kt\u00f3rzy maj\u0105 inne ni\u017c my przekonania; <b><i>ewangelizacyjna<\/i><\/b> \u2013 Aby Pasterze Ko\u015bcio\u0142a, g\u0142\u0119boko mi\u0142uj\u0105c swoje owce, mogli towarzyszy\u0107 im w drodze i podtrzymywa\u0107 ich nadziej\u0119.<\/p>\n<p><b><i>3.<\/i><\/b> Wszystkim parafianom i go\u015bciom, kt\u00f3rzy maj\u0105 mogi\u0142y bliskich na naszym cmentarzu z serca <b>dzi\u0119kuj\u0119 za zrobienie porz\u0105dku i zapraszam do wsp\u00f3lnej modlitwy wypominkowej<\/b> za zmar\u0142ych przez ca\u0142y listopad i w pierwsze czwartki miesi\u0105ca przez ca\u0142y rok. Jutro po Mszy \u015bw. o 9.00 <b>procesja \u017ca\u0142obna na cmentarz<\/b> i modlitwa przy pi\u0119ciu stacjach. Ofiary na tac\u0119 w dniu jutrzejszym s\u0105 przeznaczone na utylizacj\u0119 \u015bmieci. Od wtorku do niedzieli po Mszy wieczorowej modlitwa r\u00f3\u017ca\u0144cowa na cmentarzu za zmar\u0142ych polecanych w wypominkach i za dusze w czy\u015b\u0107cu cierpi\u0105ce. Zach\u0119cam do szczeg\u00f3lnej modlitwy za dusze w czy\u015b\u0107cu cierpi\u0105ce w dniach <b>od 1 do 8 listopada<\/b>, kiedy codziennie mo\u017cemy zyska\u0107 odpust zupe\u0142ny dla kogo\u015b ze zmar\u0142ych. Nale\u017cy by\u0107 tylko w stanie \u0142aski u\u015bwi\u0119caj\u0105cej, przyj\u0105\u0107 Komuni\u0119 \u015bw. i pomodli\u0107 si\u0119 na cmentarzu.<\/p>\n<p><b><i>4.<\/i><\/b> Bardzo serdecznie <b>dzi\u0119kuj\u0119 mieszka\u0144com Helenowa i Cierpi\u0105t<\/b> za wywiezienie we wtorek li\u015bci na kompostownik, a tak\u017ce wszystkim, kt\u00f3rzy wczoraj sprz\u0105tali li\u015bcie na skwerze i wok\u00f3\u0142 ko\u015bcio\u0142a. Dzi\u0119kuj\u0119 bardzo uczniom naszej szko\u0142y, kt\u00f3rzy razem z wychowawcami grabili li\u015bcie na skwerze przed ko\u015bcio\u0142em, na cmentarzu i przy ko\u015bciele. Wsp\u00f3lnymi si\u0142ami \u0142atwiej mogli\u015bmy si\u0119 upora\u0107 z li\u015b\u0107mi. Dzi\u0119kuj\u0119 p. Gog\u0142ozie za chryzantemy do ko\u015bcio\u0142a.<\/p>\n<p><b><i>5.<\/i><\/b> Serdeczne podzi\u0119kowanie dla mieszka\u0144c\u00f3w Wygl\u0119d\u00f3wka za sumienne pe\u0142nienie dy\u017curu sprz\u0105tania ko\u015bcio\u0142a. Na sobot\u0119 zapraszam ju\u017c mieszka\u0144c\u00f3w Swidna, a konkretnie: p. Albin\u0119 Wojty\u0144sk\u0105, Mari\u0119 i Bronis\u0142awa Sobiepanek oraz p. Hann\u0119 i Jana Tomkiewicz.<\/p>\n<p><b><i>6.<\/i><\/b> W tym tygodniu <b>pierwszy czwartek miesi\u0105ca<\/b>. Od 16.00 adoracja naj\u015bwi\u0119tszego Sakramentu i modlitwa o powo\u0142ania do kap\u0142a\u0144stwa i \u017cycia konsekrowanego. B\u0119dzie mo\u017cliwo\u015b\u0107 spowiedzi przed I pi\u0105tkiem miesi\u0105ca.<\/p>\n<p><b><i>7.<\/i><\/b> <b>Pierwszy pi\u0105tek miesi\u0105ca<\/b>. Zapraszam na Msz\u0119 \u015bw. o 7.30 i 17.00. Od 9.00 odwiedzam chorych, pragn\u0105cych zaprosi\u0107 Chrystusa w Komunii \u015bw.<\/p>\n<p><b><i>8.<\/i><\/b> W Najbli\u017csz\u0105 niedziel\u0119 <b>Dzie\u0144 solidarno\u015bci z Ko\u015bcio\u0142em prze\u015bladowanym<\/b>. Zbi\u00f3rka do puszek na potrzeby prze\u015bladowanych wsp\u00f3lnot Ko\u015bcio\u0142a w Syrii. Zapraszam wszystkich radnych na plebani\u0119 po Mszy \u015bw. o 9.00. Trzeba wsp\u00f3lnie ustali\u0107 pewne sprawy.<\/p>\n<p><b><i>9.<\/i><\/b> Zach\u0119cam do lektury nowy nr \u201eEcha Katolickiego\u201d. Znajdziemy ciekawe artyku\u0142y: w jaki spos\u00f3b mo\u017cemy pom\u00f3c naszym zmar\u0142ym, jak b\u0119dzie w niebie oraz czy \u015bwi\u0119to\u015b\u0107 jest zarezerwowana tylko dla wybranych?<\/p>\n","protected":false},"excerpt":{"rendered":"<p>Powr\u00f3t do listy og\u0142osze\u0144 29 listopada \u2013 I Niedziela Adwentu 1. Dzi\u015b rozpocz\u0119cie Jubileuszu 1050. rocznicy Chrztu Polski w parafiach naszej diecezji. Wczoraj p. Dorota i Dariusz Wr\u00f3blewscy otrzymali w Katedrze Siedleckiej jubileuszow\u0105 \u015bwiec\u0119 dla naszej parafii, kt\u00f3ra b\u0119dzie p\u0142on\u0105\u0107 w ka\u017cd\u0105 I niedziel\u0119 miesi\u0105ca ukazuj\u0105c jubileuszow\u0105 drog\u0119 chrzcieln\u0105. R\u00f3wnie\u017c dzi\u015b Pan Jezus w obrazie: \u201eJezu, ufam Tobie!\u201d rozpoczyna nawiedzenie rodzin, aby nie\u015b\u0107 b\u0142ogos\u0142awie\u0144stwo i mi\u0142o\u015b\u0107, pok\u00f3j i pojednanie. Mieszka\u0144cy Jaworka wyrazili pragnienie zaprosi\u0107 Chrystusa do swoich rodzin. 2. Rozpoczynamy Adwent, czas radosnego oczekiwania na przyj\u015bcie Pana. Zapraszam do udzia\u0142u w Roratach o godz. 7.00 w poniedzia\u0142ki, \u015brody i soboty. Dla dzieci i m\u0142odzie\u017cy b\u0119dzie konkurs aktywno\u015bci uczestnictwa w Roratach i na niedzielnej Eucharystii. Przede Msz\u0105 15 min wcze\u015bniej b\u0119dziemy \u015bpiewa\u0107 Godzinki do Matki Bo\u017cej. Rekolekcje adwentowe w Wierzbnie od 18 do 20 grudnia. Rusza Wigilijne Dzie\u0142o Pomocy Dzieciom. Na bocznym o\u0142tarzu le\u017c\u0105 \u015bwiece wigilijne jako cegie\u0142ki dla Caritas. Bardzo \u2026 <a class=\"continue-reading-link\" href=\"https:\/\/www.parafiawierzbno.com.pl\/?page_id=3577\">Czytaj dalej <span class=\"meta-nav\">&rarr; <\/span><\/a><\/p>\n","protected":false},"author":1,"featured_media":0,"parent":225,"menu_order":0,"comment_status":"closed","ping_status":"closed","template":"","meta":{"ngg_post_thumbnail":0},"_links":{"self":[{"href":"https:\/\/www.parafiawierzbno.com.pl\/index.php?rest_route=\/wp\/v2\/pages\/3577"}],"collection":[{"href":"https:\/\/www.parafiawierzbno.com.pl\/index.php?rest_route=\/wp\/v2\/pages"}],"about":[{"href":"https:\/\/www.parafiawierzbno.com.pl\/index.php?rest_route=\/wp\/v2\/types\/page"}],"author":[{"embeddable":true,"href":"https:\/\/www.parafiawierzbno.com.pl\/index.php?rest_route=\/wp\/v2\/users\/1"}],"replies":[{"embeddable":true,"href":"https:\/\/www.parafiawierzbno.com.pl\/index.php?rest_route=%2Fwp%2Fv2%2Fcomments&post=3577"}],"version-history":[{"count":7,"href":"https:\/\/www.parafiawierzbno.com.pl\/index.php?rest_route=\/wp\/v2\/pages\/3577\/revisions"}],"predecessor-version":[{"id":3727,"href":"https:\/\/www.parafiawierzbno.com.pl\/index.php?rest_route=\/wp\/v2\/pages\/3577\/revisions\/3727"}],"up":[{"embeddable":true,"href":"https:\/\/www.parafiawierzbno.com.pl\/index.php?rest_route=\/wp\/v2\/pages\/225"}],"wp:attachment":[{"href":"https:\/\/www.parafiawierzbno.com.pl\/index.php?rest_route=%2Fwp%2Fv2%2Fmedia&parent=3577"}],"curies":[{"name":"wp","href":"https:\/\/api.w.org\/{rel}","templated":true}]}}