{"id":3731,"date":"2015-12-13T09:20:45","date_gmt":"2015-12-13T08:20:45","guid":{"rendered":"https:\/\/www.parafiawierzbno.com.pl\/?page_id=3731"},"modified":"2015-12-27T11:34:18","modified_gmt":"2015-12-27T10:34:18","slug":"ogloszenia-grudzien-2015","status":"publish","type":"page","link":"https:\/\/www.parafiawierzbno.com.pl\/?page_id=3731","title":{"rendered":"Og\u0142oszenia &#8211; Grudzie\u0144 2015"},"content":{"rendered":"<p><a title=\"Og\u0142oszenia parafialne\" href=\"https:\/\/www.parafiawierzbno.com.pl\/?page_id=225\">Powr\u00f3t do listy og\u0142osze\u0144<\/a><\/p>\n<h2 align=\"center\"><span style=\"color: #ff0000;\"><b>27 grudnia \u2013 \u015awi\u0119to \u015bwi\u0119tej Rodziny: <\/b><\/span><\/h2>\n<h2 align=\"center\"><span style=\"color: #ff0000;\"><b>Jezusa, Maryi i J\u00f3zefa<\/b><\/span><\/h2>\n<p><b><i>1.<\/i><\/b> Polecamy dzi\u015b wstawiennictwu \u015bw. Rodziny z Nazaretu rodziny naszej parafii, niech umacniaj\u0105 si\u0119 w wierze i jedno\u015bci, niech Jezus, nasz Zbawiciel, hojnie b\u0142ogos\u0142awi ma\u0142\u017conkom i rodzicom, babciom i dziadkom, a tak\u017ce dzieciom. Po Mszy \u015bw. o 9.00 <b>spotkanie op\u0142atkowe z radnymi parafialnymi <\/b>oraz planowanie zada\u0144 gospodarczych na 2016 r. Jest \u201eOremus&#8221; i grafik s\u0142u\u017cby liturgicznej na stycze\u0144 2016 r.<\/p>\n<p><b><i>2.<\/i><\/b> Dzi\u0119kuj\u0119 p. Wasilewskiej z Adamowa i p. Szaniawskiemu z Jaworka za pi\u0119kne choinki do ko\u015bcio\u0142a. Serdecznie dzi\u0119kuj\u0119 rodzicom kandydat\u00f3w do Bierzmowania za sprz\u0105tni\u0119cie ko\u015bcio\u0142a, a m\u0142odzie\u017cy za \u015bwi\u0105teczn\u0105 dekoracj\u0119, pod kierunkiem p. Anety. Sprz\u0105tanie ko\u015bcio\u0142a po \u015bwi\u0119tach wyj\u0105tkowo jutro, 28 grudnia, od 9.00. Zapraszam p. Teres\u0119 i Zbigniewa Bzoch, p. Gra\u017cyn\u0119 i Mariana Wojty\u0144skich oraz p. Katarzyn\u0119 i Grzegorza Wojty\u0144skich z W\u00f3lki.<\/p>\n<p><b><i>3.<\/i><\/b> W poniedzia\u0142ek o <b>18.00<\/b> w ko\u015bciele <b>pr\u00f3ba jase\u0142ek<\/b>, kt\u00f3re b\u0119d\u0105 wystawione w \u015bwi\u0119to Objawienia Pa\u0144skiego po Mszy \u015bw. o 9.00. Mam serdeczn\u0105 pro\u015bb\u0119, by\u015bmy przy okazji jase\u0142ek hojnie wsparli chorego ucznia III gimnazjum Dominika Skar\u017cy\u0144skiego. Potrzebuje on przeno\u015bnego koncentratora tlenu, dla wspomagania oddychania (kosztuje oko\u0142o 15 tys. z\u0142.)<\/p>\n<p><b><i>4.<\/i><\/b><b> Program wizyty duszpasterskiej<\/b> w tym tygodniu: <i>w poniedzia\u0142ek od 9.00<\/i> \u2013 <b>Jan\u00f3wek<\/b>, <i>we wtorek<\/i> \u2013 <b>Las Jaworski<\/b>, <i>w \u015brod\u0119<\/i> \u2013 <b>Wygl\u0119d\u00f3wek<\/b>, <i>w czwartek<\/i> \u2013 <b>Sobo\u0144<\/b> i <i>w sobot\u0119<\/i> 1 cz. <b>Wierzbna<\/b> (od p. Szyma\u0144skich do p. Ha\u0142adaj\u00f3w).<\/p>\n<p><b><i>5.<\/i><\/b> Zapraszam w czwartek o 17.00 na Eucharysti\u0119 dzi\u0119kczynn\u0105 za wszelkie \u0142aski i dobro otrzymane w roku 2015. Po Mszy nabo\u017ce\u0144stwo dzi\u0119kczynno-przebagalne z racji zako\u0144czenia roku kalendarzowego.<\/p>\n<p><b><i>6.<\/i><\/b> W pi\u0105tek uroczysto\u015b\u0107 <b>\u015awi\u0119tej Bo\u017cej Rodzicielki<\/b> \u2013 Nowy Rok i \u015awiatowy Dzie\u0144 Pokoju. Jest to r\u00f3wnie\u017c pierwszy pi\u0105tek miesi\u0105ca. Zapraszam na Eucharysti\u0119 o 9.00, 12.00 i 17.00. W tym dniu z racji uroczysto\u015bci, nie obowi\u0105zuje wstrzemi\u0119\u017aliwo\u015b\u0107 od pokarm\u00f3w mi\u0119snych.<\/p>\n<p><b><i>7.<\/i><\/b> W sobot\u0119 o 8.30 zapraszam do sprz\u0105tania ko\u015bcio\u0142a: p. Jolant\u0119 Ostrowsk\u0105, p. Ma\u0142gorzat\u0119 i Jacka Duszak oraz p. Halin\u0119 i Tadeusza Polkowskich z W\u00f3lki.<\/p>\n<p><b><i>8.<\/i><\/b> Pan B\u00f3g powo\u0142a\u0142 do wieczno\u015bci <b>\u015bp. Mariann\u0119 Szatkowsk\u0105<\/b>, pogrzeb w poniedzia\u0142ek o 14.00 i <b>\u015bp. Zofi\u0119 Witowsk\u0105 z d. Chabiera<\/b>, pogrzeb we wtorek o 12.30. <i>Wieczny odpoczynek racz im da\u0107, Panie&#8230;<\/i><\/p>\n<h2 align=\"center\"><span style=\"color: #ff0000;\"><b>20 grudnia \u2013 IV Niedziela Adwentu<\/b><\/span><\/h2>\n<p><b><i>1.<\/i><\/b> Ko\u0144czymy <b>Rekolekcje Adwentowe<\/b> i wyra\u017camy wielk\u0105 wdzi\u0119czno\u015b\u0107 ks. Micha\u0142owi Pawlonce, proboszczowi z Lacka, za trud g\u0142oszenia nauk rekolekcyjnych, z serca dzi\u0119kuj\u0119 kap\u0142anom, kt\u00f3rzy s\u0142u\u017cyli w konfesjona\u0142ach. Dzi\u015b Komunia \u015bwi\u0119ta generalna i pro\u015bmy Pana o b\u0142ogos\u0142awie\u0144stwo dla naszej Parafii i dla ca\u0142ej Ojczyzny. Dzi\u0119kuj\u0119 parafianom, kt\u00f3rzy przygotowali ciasto na rekolekcje i paniom, kt\u00f3re s\u0142u\u017cy\u0142y na plebanii.<\/p>\n<p><b><i>2.<\/i><\/b> Ju\u017c ostatnie dni przed \u015awi\u0119tami Bo\u017cego Narodzenia. Zach\u0119cam do uczestnictwa w Roratach w poniedzia\u0142ek, \u015brod\u0119 i czwartek o godz. 7.00 rano. W poniedzia\u0142ek 21 grudnia od 16.00 zapraszam do sprz\u0105tania ko\u015bcio\u0142a rodzic\u00f3w kandydat\u00f3w do Bierzmowania. Wypada wytrze\u0107 kurze i zrobi\u0107 solidne porz\u0105dki. Od 18.00 we\u017amiemy si\u0119 z m\u0142odzie\u017c\u0105 za dekoracj\u0119 \u015bwi\u0105teczn\u0105. Serdecznie dzi\u0119kuj\u0119 p. Wasilewskiej z Adamowa za choinki do ko\u015bcio\u0142a.<\/p>\n<p><b><i>3.<\/i><\/b> W czwartek <b>wigilia Bo\u017cego Narodzenia<\/b>, ostatnie Roraty i tradycyjnie zachowujemy wstrzemi\u0119\u017aliwo\u015b\u0107 od pokarm\u00f3w mi\u0119snych, a wieczorem gromadzimy si\u0119 w gronie rodziny i bliskich na wieczerzy wigilijnej.<\/p>\n<p><b><i>4.<\/i><\/b> O p\u00f3\u0142nocy uroczysta <b>Eucharystia<\/b>, tzw. <b>Pasterka<\/b> w intencji parafian i wszystkich go\u015bci. Zapraszam o <b>23.30<\/b> na wsp\u00f3lne kol\u0119dowanie z nasz\u0105 schol\u0105. W dzie\u0144 Bo\u017cego Narodzenia jeszcze Msza \u015bw. o 9.00, 12.00 i 17.00. Na sum\u0119 zapraszam dzieci z uk\u0142adank\u0105 adwentow\u0105, aby mog\u0142y otrzyma\u0107 niewielkie prezenty. Z racji uroczysto\u015bci Bo\u017cego Narodzenia, chocia\u017c to pi\u0105tek, nie obowi\u0105zuje wstrzemi\u0119\u017aliwo\u015b\u0107 od pokarm\u00f3w mi\u0119snych.<\/p>\n<p><b><i>5.<\/i><\/b> W sobot\u0119 drugi dzie\u0144 \u015awi\u0105t Bo\u017cego Narodzenia, <b>\u015bw. Szczepana pierwszego m\u0119czennika<\/b>, Msza \u015bw. o 9.00, 12.00 i 17.00. Zgodnie z zarz\u0105dzeniem ks. Biskupa ofiary na tac\u0119 s\u0105 przeznaczone na Caritas diecezjaln\u0105.<\/p>\n<p><b><i>6.<\/i><\/b> W niedziel\u0119 <b>\u015bwi\u0119to \u015awi\u0119tej Rodziny: Jezusa, Maryi i J\u00f3zefa<\/b>. Po Mszy \u015bw. o 9.00 <b>spotkanie op\u0142atkowe z rad\u0105 parafialn\u0105<\/b>. B\u0119dziemy si\u0119 modli\u0107 o wszelkie \u0142aski dla naszych rodzin.<\/p>\n<p><b><i>7.<\/i><\/b> Sprz\u0105tanie ko\u015bcio\u0142a po \u015bwi\u0119tach wyj\u0105tkowo w poniedzia\u0142ek 28 grudnia od 9.00. Zapraszam p. Teres\u0119 i Zbigniewa Bzoch, pp. Gra\u017cyn\u0119 i Mariana Wojty\u0144skich oraz p. Katarzyn\u0119 i Grzegorza Wojty\u0144skich z W\u00f3lki.<\/p>\n<p><b><i>8.<\/i><\/b> Zach\u0119cam do lektury nowy nr. \u201eEcha Katolickiego\u201d. Przeczytamy o znaczeniu Wigilii i naszych oczekiwaniach, o prezydencie Andrzeju Dudzie opowiadaj\u0105 rodzice, a tak\u017ce poruszaj\u0105ce \u015bwiadectwo lekarza, kt\u00f3ry po kilkunastu latach przesta\u0142 wykonywa\u0107 \u201ein vitro\u201d.<\/p>\n<p><b><i>9.<\/i><\/b> Do wieczno\u015bci Pan B\u00f3g powo\u0142a\u0142 <b>\u015bp. Andrzeja Drabarka <\/b>ze Swidna. Pogrzeb w poniedzia\u0142ek w Wielgolesie Brzezi\u0144skim. <i>Wieczny odpoczynek racz mu da\u0107, Panie&#8230;<\/i><\/p>\n<h2 align=\"center\"><span style=\"color: #ff0000;\"><b>13 grudnia \u2013 III Niedziela Adwentu<\/b><\/span><\/h2>\n<p><b><i>1.<\/i><\/b> Trzecia Niedziela Adwentu zwana jest \u201eGaudete\u201d, czyli niedziel\u0105 rado\u015bci. Dzi\u015b tak\u017ce <b>rozpocz\u0119cie Nadzwyczajnego Jubileuszu Mi\u0142osierdzia w Diecezji<\/b>. W Katedrze Siedleckiej na pocz\u0105tku uroczystej Eucharystii, o godz. 10.00 Ks. Biskup Kazimierz Gurda otworzy\u0142 Bram\u0119 Mi\u0142osierdzia, a tym samym \u015bwi\u0119towanie Nadzwyczajnego Jubileuszu w naszej Diecezji.\u00a0Rozpoczynamy kwartalne dni modlitw o \u017cycie chrze\u015bcija\u0144skie rodzin.<\/p>\n<p><b><i>2.<\/i><\/b> Zach\u0119cam wszystkich do licznego udzia\u0142u w Roratach w poniedzia\u0142ek, \u015brod\u0119 i sobot\u0119 o godz. 7.00 rano. Od czwartku rozpoczyna si\u0119 bezpo\u015brednie przygotowanie do Uroczysto\u015bci Narodzenia Pa\u0144skiego.<\/p>\n<p><b><i>3.<\/i><\/b> <b>Rekolekcje Adwentowe<\/b> w naszej parafii <b>od pi\u0105tku do niedzieli (18 &#8211; 20 grudnia).<\/b> Nauki rekolekcyjne poprowadzi ks. Micha\u0142 Pawlonka, proboszcz z Lacka.\u00a0 W\u00a0 pi\u0105tek i sobot\u0119 kap\u0142ani b\u0119d\u0105 s\u0142u\u017cy\u0107 w konfesjona\u0142ach i pro\u015bba, aby solidnie przygotowa\u0107 si\u0119 do sakramentu pokuty, a r\u00f3wnie\u017c zach\u0119ci\u0107 tych, kt\u00f3rzy maj\u0105 opory przed spowiedzi\u0105. <b>Msza \u015bw. o 10.00, 12.00 i 17.00<\/b>. Dzieci i m\u0142odzie\u017c zapraszam w pi\u0105tek i sobot\u0119 na Msz\u0119 \u015bw. o godz. 12.00. Prosz\u0119 tak\u017ce zg\u0142asza\u0107 chorych do spowiedzi. Chc\u0119 ich odwiedzi\u0107 w sobot\u0119 od godz. 14.00. W niedziel\u0119 ofiarami na tac\u0119 wyrazimy wdzi\u0119czno\u015b\u0107 ks. Rekolekcjoni\u015bcie. Prosz\u0119 panie, pragn\u0105ce przygotowa\u0107 na rekolekcje ciasto, o wcze\u015bniejsz\u0105 konsultacj\u0119 ze mn\u0105.<\/p>\n<p><b><i>4.<\/i><\/b> Serdecznie <b>dzi\u0119kuj\u0119 mieszka\u0144com Jan\u00f3wka<\/b> za wywiezienie chryzantem z cmentarza na kompostownik. Prosz\u0119 o wyjmowanie chryzantem z doniczek zanim wyrzuci si\u0119 je na miejsce, gdzie sk\u0142adamy \u015bmieci organiczne.<\/p>\n<p><b><i>5.<\/i><\/b> Do sprz\u0105tania ko\u015bcio\u0142a zapraszam <b>w sobot\u0119 od 8.30 mieszka\u0144c\u00f3w W\u00f3lki<\/b>, a konkretnie: p. Zofi\u0119 i Tadeusza Jab\u0142o\u0144skich, p. Halin\u0119 Kruszewsk\u0105 i Jolant\u0119 Bzoch. W poniedzia\u0142ek 21 grudnia od 16.00 do sprz\u0105tania przed \u015bwi\u0119tami zapraszam rodzic\u00f3w m\u0142odzie\u017cy przygotowuj\u0105cej si\u0119 do sakramentu bierzmowania.<\/p>\n<p><b><i>6.<\/i><\/b> Organizujemy w tym tygodniu <b>zbi\u00f3rk\u0119 \u017cywno\u015bci dla os\u00f3b znajduj\u0105cych si\u0119 w trudnej sytuacji \u017cyciowej<\/b>, aby z mi\u0142o\u015bci\u0105 pom\u00f3c im w radosnym prze\u017cyciu \u015awi\u0105t Bo\u017cego Narodzenia. Artyku\u0142y \u017cywno\u015bciowe prosz\u0119 sk\u0142ada\u0107 do kosza z napisem <b>\u201eDar serca\u201d.<\/b> Z inicjatyw\u0105 wyszed\u0142 radny powiatowy p. Tadeusz Kot. Prosz\u0119 zg\u0142asza\u0107 osoby potrzebuj\u0105ce takiej pomocy.<\/p>\n<p><b><i>7.<\/i><\/b> W nowym nr. \u201eEcha Katolickiego\u201d znajdziemy wszystko o Jubileuszowym Roku Mi\u0142osierdzia w Watykanie i naszej diecezji, a tak\u017ce informacje: jaki powinien by\u0107 dobry spowiednik i jak przebiegaj\u0105 przygotowania do \u015awiatowych Dni M\u0142odzie\u017cy w 2016 r. Zapraszam do lektury!<\/p>\n<p><b><i>8.<\/i><\/b> Pan B\u00f3g powo\u0142a\u0142 do wieczno\u015bci <b>\u015bp. Stanis\u0142aw\u0119 Chabier\u0119<\/b>, pogrzeb w poniedzia\u0142ek o 12.00 i <b>\u015bp. Sabin\u0119 Wiel\u0105dek<\/b> z Lasu Jaworskiego, pogrzeb we wtorek o 14.00. <i>Wieczny odpoczynek racz im da\u0107, Panie&#8230;<\/i><\/p>\n<h2 align=\"center\">\u00a0<span style=\"color: #ff0000;\"><b>6 grudnia \u2013 II Niedziela Adwentu<\/b><\/span><\/h2>\n<p><b><i>1.<\/i><\/b> Dzi\u015b <b>niedziela pomocy Ko\u015bcio\u0142owi na Wschodzie<\/b>. Otaczamy modlitw\u0105 wsp\u00f3lnoty Ko\u015bcio\u0142a w krajach by\u0142ego Zwi\u0105zku Radzieckiego i wspieramy ofiarami do puszek. Jest to tak\u017ce pierwsza Niedziela miesi\u0105ca. Po sumie adoracja Naj\u015bwi\u0119tszego Sakramentu i zmianka tajemnic r\u00f3\u017ca\u0144cowych. <b>Intencje Apostolstwa Modlitwy na grudzie\u0144<\/b>: <b><i>Og\u00f3lna<\/i><\/b><i> \u2013 Aby wszyscy mogli do\u015bwiadczy\u0107 mi\u0142osierdzia Boga, kt\u00f3ry wci\u0105\u017c niestrudzenie nam przebacza; <b>Ewangelizacyjna<\/b> \u2013 Aby rodziny, w szczeg\u00f3lny spos\u00f3b te, kt\u00f3re cierpi\u0105, znajdowa\u0142y w narodzinach Jezusa znak niezawodnej nadziei.<\/i><\/p>\n<p><b><i>2.<\/i><\/b> We wtorek <b>Uroczysto\u015b\u0107 Niepokalanego Pocz\u0119ci NMP<\/b> i rozpocz\u0119cie w ca\u0142ym Ko\u015bciele <b>Nadzwyczajnego Jubileuszu Mi\u0142osierdzia<\/b>. Zapraszam na Eucharysti\u0119 o 9.00 i 17.00.<\/p>\n<p><b><i>3.<\/i><\/b> Zach\u0119cam do licznego uczestnictwa w <b>Roratach w poniedzia\u0142ki, \u015brody i soboty o 7.00<\/b> rano. Tradycyjnie zabierajmy ze sob\u0105 lampiony, kt\u00f3re s\u0105 symbolem czuwania.<\/p>\n<p><b><i>4.<\/i><\/b> W \u015brod\u0119 o 15.00 Msza \u015bw. w Jaworku w Mowie. Zapraszam mieszka\u0144c\u00f3w Jaworka.<\/p>\n<p><b><i>5. <\/i><\/b>W <b>pi\u0105tek o 17.00<\/b> kolejne spotkanie\u00a0 przed \u015awiatowymi Dniami M\u0142odzie\u017cy i dla przygotowuj\u0105cych si\u0119 do Bierzmowania. Informuj\u0119, \u017ce 20 os\u00f3b z naszej parafii zadeklarowa\u0142o gotowo\u015b\u0107 uczestniczenia w \u015awiatowych Dniach M\u0142odzie\u017cy w Krakowie w licu 2016 r.<\/p>\n<p><b><i>6.<\/i><\/b> W sobot\u0119 na Mszy \u015bw. o 7.00 modlimy si\u0119 o niebo dla wieloletniego proboszcza w naszej parafii,<b> ks. Leona Rydera<\/b>. W niedziel\u0119, 13 grudnia, przypada 35 rocznica jego \u015bmierci.<\/p>\n<p><b><i>7.<\/i><\/b> W sobot\u0119 zapraszam od 9.00 mieszka\u0144c\u00f3w Jan\u00f3wka <b>do segregacji \u015bmieci na cmentarzu i wywiezienia chryzantem na kompostownik<\/b>. Trzeba te\u017c wybra\u0107 plastykowe kwiaty, szarfy i inne plastyki na kompostowniku.<\/p>\n<p><b><i>8.<\/i><\/b> Serdecznie dzi\u0119kuj\u0119 za sprz\u0105tanie ko\u015bcio\u0142a rodzinom ze Swidna, a na sobot\u0119 zapraszam: p. Ann\u0119 i Jacka Lipi\u0144skich. W dalszej kolejno\u015bci dy\u017cur troski o czysto\u015b\u0107 ko\u015bcio\u0142a przejm\u0105 mieszka\u0144cy W\u00f3lki.<\/p>\n<p><b><i>9.<\/i><\/b> W niedziel\u0119, 13 grudnia, rozpocz\u0119cie Nadzwyczajnego Jubileuszu Mi\u0142osierdzia w diecezji siedleckiej.<\/p>\n<p><b><i>10.<\/i><\/b> Zach\u0119cam do lektury nowy nr \u201eEcha Katolickiego\u201d.<\/p>\n","protected":false},"excerpt":{"rendered":"<p>Powr\u00f3t do listy og\u0142osze\u0144 27 grudnia \u2013 \u015awi\u0119to \u015bwi\u0119tej Rodziny: Jezusa, Maryi i J\u00f3zefa 1. Polecamy dzi\u015b wstawiennictwu \u015bw. Rodziny z Nazaretu rodziny naszej parafii, niech umacniaj\u0105 si\u0119 w wierze i jedno\u015bci, niech Jezus, nasz Zbawiciel, hojnie b\u0142ogos\u0142awi ma\u0142\u017conkom i rodzicom, babciom i dziadkom, a tak\u017ce dzieciom. Po Mszy \u015bw. o 9.00 spotkanie op\u0142atkowe z radnymi parafialnymi oraz planowanie zada\u0144 gospodarczych na 2016 r. Jest \u201eOremus&#8221; i grafik s\u0142u\u017cby liturgicznej na stycze\u0144 2016 r. 2. Dzi\u0119kuj\u0119 p. Wasilewskiej z Adamowa i p. Szaniawskiemu z Jaworka za pi\u0119kne choinki do ko\u015bcio\u0142a. Serdecznie dzi\u0119kuj\u0119 rodzicom kandydat\u00f3w do Bierzmowania za sprz\u0105tni\u0119cie ko\u015bcio\u0142a, a m\u0142odzie\u017cy za \u015bwi\u0105teczn\u0105 dekoracj\u0119, pod kierunkiem p. Anety. Sprz\u0105tanie ko\u015bcio\u0142a po \u015bwi\u0119tach wyj\u0105tkowo jutro, 28 grudnia, od 9.00. Zapraszam p. Teres\u0119 i Zbigniewa Bzoch, p. Gra\u017cyn\u0119 i Mariana Wojty\u0144skich oraz p. Katarzyn\u0119 i Grzegorza Wojty\u0144skich z W\u00f3lki. 3. W poniedzia\u0142ek o 18.00 w ko\u015bciele pr\u00f3ba jase\u0142ek, kt\u00f3re b\u0119d\u0105 wystawione w \u2026 <a class=\"continue-reading-link\" href=\"https:\/\/www.parafiawierzbno.com.pl\/?page_id=3731\">Czytaj dalej <span class=\"meta-nav\">&rarr; <\/span><\/a><\/p>\n","protected":false},"author":1,"featured_media":0,"parent":225,"menu_order":0,"comment_status":"closed","ping_status":"closed","template":"","meta":{"ngg_post_thumbnail":0},"_links":{"self":[{"href":"https:\/\/www.parafiawierzbno.com.pl\/index.php?rest_route=\/wp\/v2\/pages\/3731"}],"collection":[{"href":"https:\/\/www.parafiawierzbno.com.pl\/index.php?rest_route=\/wp\/v2\/pages"}],"about":[{"href":"https:\/\/www.parafiawierzbno.com.pl\/index.php?rest_route=\/wp\/v2\/types\/page"}],"author":[{"embeddable":true,"href":"https:\/\/www.parafiawierzbno.com.pl\/index.php?rest_route=\/wp\/v2\/users\/1"}],"replies":[{"embeddable":true,"href":"https:\/\/www.parafiawierzbno.com.pl\/index.php?rest_route=%2Fwp%2Fv2%2Fcomments&post=3731"}],"version-history":[{"count":7,"href":"https:\/\/www.parafiawierzbno.com.pl\/index.php?rest_route=\/wp\/v2\/pages\/3731\/revisions"}],"predecessor-version":[{"id":3758,"href":"https:\/\/www.parafiawierzbno.com.pl\/index.php?rest_route=\/wp\/v2\/pages\/3731\/revisions\/3758"}],"up":[{"embeddable":true,"href":"https:\/\/www.parafiawierzbno.com.pl\/index.php?rest_route=\/wp\/v2\/pages\/225"}],"wp:attachment":[{"href":"https:\/\/www.parafiawierzbno.com.pl\/index.php?rest_route=%2Fwp%2Fv2%2Fmedia&parent=3731"}],"curies":[{"name":"wp","href":"https:\/\/api.w.org\/{rel}","templated":true}]}}