{"id":3760,"date":"2016-01-03T21:03:28","date_gmt":"2016-01-03T20:03:28","guid":{"rendered":"https:\/\/www.parafiawierzbno.com.pl\/?page_id=3760"},"modified":"2016-02-07T11:06:23","modified_gmt":"2016-02-07T10:06:23","slug":"ogloszenia-styczen-2016","status":"publish","type":"page","link":"https:\/\/www.parafiawierzbno.com.pl\/?page_id=3760","title":{"rendered":"Og\u0142oszenia &#8211; Stycze\u0144 2016"},"content":{"rendered":"<p style=\"text-align: left;\" align=\"center\"><a title=\"Og\u0142oszenia parafialne\" href=\"https:\/\/www.parafiawierzbno.com.pl\/?page_id=225\">Powr\u00f3t do listy og\u0142osze\u0144<\/a><\/p>\n<h2 align=\"center\"><span style=\"color: #ff0000;\"><b>31 stycznia \u2013 IV Niedziela zwyk\u0142a<\/b><\/span><\/h2>\n<p><b>\u00a0<i>1.<\/i><\/b> Z ca\u0142ego serca dzi\u0119kuj\u0119 Panu Bogu za wspania\u0142\u0105 pielgrzymk\u0119 do Meksyku. By\u0142 czas na modlitw\u0119 w r\u00f3\u017cnych miejscach i pami\u0119ta\u0142em o naszej parafii. Dzi\u015b mieszka\u0144cy Helenowa i Lasu Jaworskiego dzi\u0119kuj\u0105 za \u0142aski nawiedzenia Pana Jezusa w obrazie: \u201eJezu, ufam Tobie!\u201d Rozpocznie si\u0119 nawiedzenie rodzin w Jan\u00f3wku. Zapraszam czytaj\u0105cych S\u0142owo Bo\u017ce podczas liturgii po nowy grafik. <b><i>Intencje Apostolstwa modlitwy <\/i><\/b>na luty: <b><i>Og\u00f3lna<\/i><\/b> \u2013 Aby\u015bmy opiekowali si\u0119 \u015bwiatem stworzonym, kt\u00f3ry otrzymali\u015bmy jako bezinteresowny dar, \u017ceby go piel\u0119gnowa\u0107 i chroni\u0107 dla przysz\u0142ych pokole\u0144; <b><i>Ewangelizacyjna<\/i><\/b> \u2013 Aby wzrasta\u0142y szanse na dialog i spotkanie wiary chrze\u015bcija\u0144skiej i lud\u00f3w Azji.<\/p>\n<p><b><i>2.<\/i><\/b> We wtorek \u015bwi\u0119to <b>Ofiarowania Pa\u0144skiego<\/b> czyli <b>Matki Bo\u017cej Gromnicznej<\/b>. Jest to tak\u017ce <b>Dzie\u0144 \u017bycia Konsekrowanego<\/b> i ofiarami na tac\u0119 wspieramy zakony klauzurowe w naszej diecezji. Zapraszam na Msz\u0119 \u015bw. o godz. 9.00 i 17.00, podczas kt\u00f3rej b\u0119dzie po\u015bwi\u0119cenie gromnic.<\/p>\n<p><b><i>3.<\/i><\/b> W \u015brod\u0119 od godz. 15.00 rozbieramy dekoracj\u0119 Bo\u017conarodzeniow\u0105. Do pomocy zapraszam m\u0142odzie\u017c przygotowuj\u0105c\u0105 si\u0119 do Sakramentu Bierzmowania.<\/p>\n<p><b><i>4.<\/i><\/b> W czwartek od 16.00 adoracja Naj\u015bwi\u0119tszego Sakramentu, <b>modlitwa o powo\u0142ania kap\u0142a\u0144skie i do \u017cycia konsekrowanego <\/b>oraz okazja do spowiedzi przed Pierwszym pi\u0105tkiem miesi\u0105ca.<\/p>\n<p><b><i>5.<\/i><\/b> <b>Pierwszy pi\u0105tek miesi\u0105ca<\/b>, zapraszam na Eucharysti\u0119 wynagradzaj\u0105c\u0105 Naj\u015bwi\u0119tszemu Sercu Pana Jezusa za grzechy nasze i ca\u0142ego \u015bwiata o 7.30 i 17.00, a p\u00f3\u0142 godziny przede Msz\u0105 s\u0142u\u017c\u0119 w konfesjonale. Od godz. 9.00 odwiedz\u0119 chorych, pragn\u0105cych przyj\u0105\u0107 Chrystusa w Komunii \u015bw.<\/p>\n<p><b><i>6.<\/i><\/b> W <b>pierwsz\u0105 sobot\u0119<\/b> Msza \u015bw. wynagradzaj\u0105ca Niepokalanemu Sercu Maryi o 7.30.<\/p>\n<p><b><i>7.<\/i><\/b> Najbli\u017csza niedziela, 7 lutego, jest <b>Niedziel\u0105 Synodaln\u0105<\/b> i b\u0119dzie prze\u017cywana pod has\u0142em: \u201e<b><i>Mi\u0142osierdzie Boga w sakramencie pokuty i pojednania\u201d. <\/i><\/b>Jest to pierwsza niedziela lutego i po sumie wystawienie Naj\u015bwi\u0119tszego Sakramentu, adoracja i zmianka tajemnic r\u00f3\u017ca\u0144cowych.<\/p>\n<p><b><i>8.<\/i><\/b> <b>Nauki przedma\u0142\u017ce\u0144skie w Gr\u0119bkowie<\/b> odb\u0119d\u0105 si\u0119 w Sali katechetycznej przy plebanii <b>w sobot\u0119 13 i 20 lutego od godz. 10.00<\/b>. Zach\u0119cam narzeczonych, planuj\u0105cych ma\u0142\u017ce\u0144stwo, do uczestnictwa w nich.<\/p>\n<p><b><i>9. <\/i><\/b>Serdecznie <b>dzi\u0119kuj\u0119 rodzinom z Sobonia za trosk\u0119 o nasz\u0105 \u015bwi\u0105tynie<\/b> i zapraszam do sprz\u0105tanie ko\u015bcio\u0142a na sobot\u0119: p. Stanis\u0142awa Smoli\u0144skiego, p. Agnieszk\u0119 i Andrzeja Chabiera oraz p. Halin\u0119 i Eugeniusza Szatkowskich z Sobonia.<\/p>\n<p><b><i>10.<\/i><\/b> Zach\u0119cam do lektury nowy nr \u201eEcha Katolickiego\u201d. Znajdziemy w nim materia\u0142y formacyjne dla K\u00f3\u0142 \u017bywego R\u00f3\u017ca\u0144ca, podsumowanie Roku \u017bycia Konsekrowanego oraz odpowiedzi na pytanie: w jakim kierunku zmierza Europa?<\/p>\n<p style=\"text-align: left;\" align=\"center\"><b><i>11.<\/i><\/b> Pan B\u00f3g powo\u0142a\u0142 do wieczno\u015bci <b>\u015bp. Tadeusza Polkowskiego<\/b> z W\u00f3lki. Z ofiar zebranych na pogrzebie b\u0119dzie sprawowanych 9 Mszy \u015bw. o zbawienie jego duszy. <b><i>Wieczny odpoczynek racz mu da\u0107, Panie..<\/i><\/b><\/p>\n<h2 align=\"center\"><span style=\"color: #ff0000;\"><b>10 stycznia \u2013 \u015awi\u0119to Chrztu Pa\u0144skiego<\/b><\/span><\/h2>\n<p><b><i>1.<\/i><\/b><b> <\/b>Dzisiejsze <b>\u015awi\u0119to Chrztu Pa\u0144skiego<\/b> ko\u0144czy okres Narodzenia Pa\u0144skiego. Tradycyjnie mo\u017cemy jeszcze \u015bpiewa\u0107 kol\u0119dy do 2 lutego. Prze\u017cywamy Jubileusz Mi\u0142osierdzia i Pan Jezus w obrazie: \u201eJezu, ufam Tobie!\u201d nawiedza rodziny naszej parafii. Teraz po Jaworku obraz przejmuj\u0105 rodziny z Helenowa, a nast\u0119pnie z Lasu Jaworskiego. Po Mszy \u015bw. o 9.00 zmianka tajemnic r\u00f3\u017ca\u0144cowych dla wsp\u00f3lnoty rodzic\u00f3w modl\u0105cych si\u0119 za dzieci.<\/p>\n<p><b><i>2.<\/i><\/b> Z serca <b>dzi\u0119kuj\u0119 naszym aktorom i scholi za pi\u0119kne jase\u0142ka<\/b> w \u015bwi\u0119to Objawienia Pa\u0144skiego. \u201eWielkie B\u00f3g zap\u0142a\u0107!\u201d za wsparcie materialne dla Dominika Skar\u017cy\u0144skiego. Jest ca\u0142a suma potrzebna na zakup przeno\u015bnego koncentratora tlenu i ten aparat ju\u017c zosta\u0142 zam\u00f3wiony.<\/p>\n<p><b>3. <\/b>W tym tygodniu zako\u0144czenie wizyty duszpasterskiej. W <b><i>poniedzia\u0142ek<\/i><\/b> od 9.00 odwiedz\u0119 rodziny w <b>Swidnie<\/b> i <i>w <b>\u015brod\u0119<\/b><\/i> w <b>Helenowie<\/b>. Przy okazji kol\u0119dy zosta\u0142y z\u0142o\u017cone ofiary w wysoko\u015bci 9000 z\u0142 na prace na cmentarzu przy remoncie parkanu. Serdeczne \u201eB\u00f3g zap\u0142a\u0107!\u201d Z Bo\u017c\u0105 pomoc\u0105 chcemy na wiosn\u0119 wzmocni\u0107 pozosta\u0142\u0105 cz\u0119\u015b\u0107 parkanu i pokry\u0107 go blach\u0105 aluminiow\u0105.<\/p>\n<p><b><i>4.<\/i><\/b> W <b>pi\u0105tek o 17.00 zapraszam kandydat\u00f3w do Bierzmowania<\/b> na Eucharysti\u0119 i kolejne spotkanie formacyjne.<\/p>\n<p><b><i>5.<\/i><\/b> W sobot\u0119, 16 stycznia, wyje\u017cd\u017cam na <b>pielgrzymk\u0119 do Guadalupe<\/b> i planowany powr\u00f3t wieczorem 27 stycznia. W parafii i w szkole b\u0119dzie mnie zast\u0119powa\u0142 ks. Stanis\u0142aw Abramczyk. U Matki Bo\u017cej w Meksyku obiecuj\u0119\u00a0 modlitw\u0119 za nasz\u0105 parafi\u0119.<\/p>\n<p><b><i>6.<\/i><\/b> Serdecznie dzi\u0119kuj\u0119 rodzinom z W\u00f3lki za sprz\u0105tanie ko\u015bcio\u0142a i na sobot\u0119 zapraszam: p. Lidi\u0119 Chabiera, p. Bernard\u0119 i Waleriana Kowalczyk oraz p. Mariann\u0119 i Alfreda Chabiera.<\/p>\n<p style=\"text-align: left;\" align=\"center\"><b><i>7.<\/i><\/b> Zach\u0119cam do lektury nowy 1 nr \u201eEcha Katolickiego\u201d. Znajdziemy ciekawe artyku\u0142y o wychowaniu dzieci, o cz\u0119sto zapomnianej dzia\u0142alno\u015bci charytatywnej Ko\u015bcio\u0142a, o konsekwencjach lekcewa\u017cenia cukrzycy.<\/p>\n<h2 align=\"center\"><span style=\"color: #ff0000;\"><b>3 stycznia \u2013 2 Niedziela po Narodzeniu Pa\u0144skim<\/b><\/span><\/h2>\n<p><b><i>1.<\/i><\/b> Dzi\u015b niedziela miesi\u0119cznej adoracji Naj\u015bwi\u0119tszego Sakramentu. Po sumie wystawienie Naj\u015bwi\u0119tszego Sakramentu, adoracja i zmianka tajemnic r\u00f3\u017ca\u0144cowych. <b><i>Intencje Apostolstwa Modlitwy na stycze\u0144<\/i><\/b>: <b><i>Og\u00f3lna<\/i><\/b>: <i>Aby szczery dialog mi\u0119dzy lud\u017ami wyznaj\u0105cymi r\u00f3\u017cne religie przyni\u00f3s\u0142 owoce pokoju i sprawiedliwo\u015bci<\/i>. <b><i>Ewangelizacyjna:<\/i><\/b> <i>Aby poprzez dialog i mi\u0142o\u015b\u0107 bratersk\u0105, dzi\u0119ki \u0142asce Ducha \u015awi\u0119tego, zosta\u0142y przezwyci\u0119\u017cone podzia\u0142y w\u015br\u00f3d chrze\u015bcijan. <\/i><\/p>\n<p><b><i>2.<\/i><\/b> W \u015brod\u0119 <b>uroczysto\u015b\u0107 Objawienia Pa\u0144skiego<\/b>, po Komunii \u015bw. po\u015bwi\u0119cenie wody, kredy i kadzid\u0142a. U nas porz\u0105dek Mszy \u015bw. jak w niedziel\u0119: o 9.00, 12.00 i 17.00. Szczeg\u00f3lnie zapraszam na Eucharysti\u0119 o 9.00, a potem na <b>Jase\u0142ka i koncert kol\u0119d<\/b>. Ofiary zebrane podczas jase\u0142ek s\u0105 przeznaczone na pomoc w zakupie koncentratora tlenu dla ucznia III klasy naszego Gimnazjum Dominika Skar\u017cy\u0144skiego. Gor\u0105co prosz\u0119 o hojne wsparcie ofiar\u0105, a Pan B\u00f3g z pewno\u015bci\u0105 nam to wynagrodzi.<\/p>\n<p><b><i>3.<\/i><\/b> Serdecznie dzi\u0119kuj\u0119 za \u017cyczliwo\u015b\u0107 podczas <b>wizyt duszpasterskich<\/b>. W intencji ka\u017cdej miejscowo\u015bci b\u0119d\u0119 sprawowa\u0142 Eucharysti\u0119, aby wyprasza\u0107 hojne \u0142aski dla rodzin naszej parafii. W tym tygodniu planuj\u0119 odwiedzi\u0107 <b>w poniedzia\u0142ek<\/b> od godz. 9.00 mieszka\u0144c\u00f3w <b>W\u00f3lki<\/b>, <b><i>w pi\u0105tek<\/i><\/b> \u2013 <b>Jaworka<\/b> i <b><i>w sobot\u0119<\/i><\/b> \u2013 <b>Wierzbna <\/b>(cz.2).<\/p>\n<p><b><i>4.<\/i><\/b> <b>Pierwszy czwartek miesi\u0105ca<\/b>, od 16.00 adoracja Naj\u015bwi\u0119tszego Sakramentu i modlitwa o powo\u0142ania kap\u0142a\u0144skie i zakonne, a potem Eucharystia.<\/p>\n<p><b><i>5.<\/i><\/b> 10 stycznia <b>niedziela Chrztu Pa\u0144skiego<\/b> i zako\u0144czenie okresu Narodzenia Pa\u0144skiego. Mieszka\u0144cy Jaworka na Eucharystii o 9.00 chc\u0105 podzi\u0119kowa\u0107 za nawiedzenie rodzin przez Pana Jezusa w obrazie: \u201eJezu, ufam Tobie\u201d. Nast\u0119pnie rozpocznie si\u0119 nawiedzenie rodzin w Helenowie, a potem w Lesie Jaworskim. Po Mszy \u015bw. o 9.00 zmianka tajemnic r\u00f3\u017ca\u0144cowych dla wsp\u00f3lnoty rodzic\u00f3w modl\u0105cych si\u0119 za dzieci.<\/p>\n<p><b><i>6.<\/i><\/b> Pragn\u0119 podzi\u0119kowa\u0107 <b>za artyku\u0142y spo\u017cywcze na paczki dla rodzin trudnej sytuacji<\/b>. Przed wigili\u0105 by\u0142o rozwiezione 20 paczek. Du\u017c\u0105 pomoc okaza\u0142 tak\u017ce p. Tadeusz Kot. Wszystkim serdeczne \u201eB\u00f3g zap\u0142a\u0107!\u201d<\/p>\n<p><b><i>7.<\/i><\/b>\u00a0 Serdecznie dzi\u0119kuj\u0119 za sprz\u0105tanie ko\u015bcio\u0142a rodzinom z W\u00f3lki i zapraszam na sobot\u0119: p. Jaros\u0142awa i Renat\u0119 \u0141abarzewskich, p. Edwarda Grabowskiego oraz p. Bo\u017cen\u0119 i Stefana Chabiera z W\u00f3lki.<\/p>\n<p><b><i>8.<\/i><\/b> Zach\u0119cam do lektury nowy nr. \u201eEcha Katolickiego\u201d.<\/p>\n","protected":false},"excerpt":{"rendered":"<p>Powr\u00f3t do listy og\u0142osze\u0144 31 stycznia \u2013 IV Niedziela zwyk\u0142a \u00a01. Z ca\u0142ego serca dzi\u0119kuj\u0119 Panu Bogu za wspania\u0142\u0105 pielgrzymk\u0119 do Meksyku. By\u0142 czas na modlitw\u0119 w r\u00f3\u017cnych miejscach i pami\u0119ta\u0142em o naszej parafii. Dzi\u015b mieszka\u0144cy Helenowa i Lasu Jaworskiego dzi\u0119kuj\u0105 za \u0142aski nawiedzenia Pana Jezusa w obrazie: \u201eJezu, ufam Tobie!\u201d Rozpocznie si\u0119 nawiedzenie rodzin w Jan\u00f3wku. Zapraszam czytaj\u0105cych S\u0142owo Bo\u017ce podczas liturgii po nowy grafik. Intencje Apostolstwa modlitwy na luty: Og\u00f3lna \u2013 Aby\u015bmy opiekowali si\u0119 \u015bwiatem stworzonym, kt\u00f3ry otrzymali\u015bmy jako bezinteresowny dar, \u017ceby go piel\u0119gnowa\u0107 i chroni\u0107 dla przysz\u0142ych pokole\u0144; Ewangelizacyjna \u2013 Aby wzrasta\u0142y szanse na dialog i spotkanie wiary chrze\u015bcija\u0144skiej i lud\u00f3w Azji. 2. We wtorek \u015bwi\u0119to Ofiarowania Pa\u0144skiego czyli Matki Bo\u017cej Gromnicznej. Jest to tak\u017ce Dzie\u0144 \u017bycia Konsekrowanego i ofiarami na tac\u0119 wspieramy zakony klauzurowe w naszej diecezji. Zapraszam na Msz\u0119 \u015bw. o godz. 9.00 i 17.00, podczas kt\u00f3rej b\u0119dzie po\u015bwi\u0119cenie gromnic. 3. W \u015brod\u0119 od godz. \u2026 <a class=\"continue-reading-link\" href=\"https:\/\/www.parafiawierzbno.com.pl\/?page_id=3760\">Czytaj dalej <span class=\"meta-nav\">&rarr; <\/span><\/a><\/p>\n","protected":false},"author":1,"featured_media":0,"parent":225,"menu_order":0,"comment_status":"closed","ping_status":"closed","template":"","meta":{"ngg_post_thumbnail":0},"_links":{"self":[{"href":"https:\/\/www.parafiawierzbno.com.pl\/index.php?rest_route=\/wp\/v2\/pages\/3760"}],"collection":[{"href":"https:\/\/www.parafiawierzbno.com.pl\/index.php?rest_route=\/wp\/v2\/pages"}],"about":[{"href":"https:\/\/www.parafiawierzbno.com.pl\/index.php?rest_route=\/wp\/v2\/types\/page"}],"author":[{"embeddable":true,"href":"https:\/\/www.parafiawierzbno.com.pl\/index.php?rest_route=\/wp\/v2\/users\/1"}],"replies":[{"embeddable":true,"href":"https:\/\/www.parafiawierzbno.com.pl\/index.php?rest_route=%2Fwp%2Fv2%2Fcomments&post=3760"}],"version-history":[{"count":7,"href":"https:\/\/www.parafiawierzbno.com.pl\/index.php?rest_route=\/wp\/v2\/pages\/3760\/revisions"}],"predecessor-version":[{"id":3796,"href":"https:\/\/www.parafiawierzbno.com.pl\/index.php?rest_route=\/wp\/v2\/pages\/3760\/revisions\/3796"}],"up":[{"embeddable":true,"href":"https:\/\/www.parafiawierzbno.com.pl\/index.php?rest_route=\/wp\/v2\/pages\/225"}],"wp:attachment":[{"href":"https:\/\/www.parafiawierzbno.com.pl\/index.php?rest_route=%2Fwp%2Fv2%2Fmedia&parent=3760"}],"curies":[{"name":"wp","href":"https:\/\/api.w.org\/{rel}","templated":true}]}}