{"id":3955,"date":"2016-03-10T10:43:22","date_gmt":"2016-03-10T09:43:22","guid":{"rendered":"https:\/\/www.parafiawierzbno.com.pl\/?page_id=3955"},"modified":"2016-04-08T18:00:16","modified_gmt":"2016-04-08T16:00:16","slug":"ogloszenia-marzec-2016","status":"publish","type":"page","link":"https:\/\/www.parafiawierzbno.com.pl\/?page_id=3955","title":{"rendered":"Og\u0142oszenia &#8211; Marzec 2016"},"content":{"rendered":"<p><a title=\"Og\u0142oszenia parafialne\" href=\"https:\/\/www.parafiawierzbno.com.pl\/?page_id=225\">Powr\u00f3t do listy og\u0142osze\u0144<\/a><\/p>\n<h2><span style=\"color: #ff0000;\"><strong>27 marca\u00a0 \u2013 Niedziela Zmartwychwstania Pa\u0144skiego<\/strong><\/span><\/h2>\n<p><strong>1. Chrystus prawdziwie Zmartwychwsta\u0142! <\/strong><\/p>\n<p><strong>\u017bycz\u0119 ca\u0142ej naszej wsp\u00f3lnocie parafialnej pokoju i wielkiej ufno\u015bci, poniewa\u017c Mi\u0142osierny Jezus zwyci\u0119\u017cy\u0142 grzech i szatana, \u017cycz\u0119 mocnej wiary i wytrwa\u0142ej mi\u0142o\u015bci w czynach, \u017cycz\u0119 odwagi bycia na co dzie\u0144 aposto\u0142em, by dzieli\u0107 si\u0119 radosnym faktem, \u017ce Chrystus Zmartwychwsta\u0142 i czeka na nas w Eucharystii.<\/strong><\/p>\n<p>2. Jest grafik na kwiecie\u0144 dla czytaj\u0105cych S\u0142owo Bo\u017ce, zapraszam po odbi\u00f3r do zakrystii. Dzi\u015b na Sumie nagrody dla dzieci obchodz\u0105cych gorliwie drogi krzy\u017cowe przez ca\u0142y Wielki Post. Po sumie trzeci dzie\u0144 nowenny do Mi\u0142osierdzia Bo\u017cego i Koronka.<\/p>\n<p>3. Cieszy mnie, \u017ce coraz wi\u0119cej parafian anga\u017cuje si\u0119 w \u017cycie naszej wsp\u00f3lnoty. Z ca\u0142ego serca dzi\u0119kuj\u0119 pani Anecie Miklaszewskiej, m\u0142odzie\u017cy i doros\u0142ym za dekoracj\u0119 ko\u015bcio\u0142a. Dzi\u0119kuj\u0119 p. Marii Komorowskiej za trosk\u0119 o kwiaty i czyste obrusy na o\u0142tarze; dzi\u0119kuj\u0119 druhom stra\u017cakom za wart\u0119 honorow\u0105 przy grobie Pa\u0144skim i asyst\u0119 podczas Rezurekcji, dzi\u0119kuj\u0119 s\u0142u\u017cbie liturgicznej doros\u0142ych za wsp\u00f3lne tworzenie liturgii, to pi\u0119kny przyk\u0142ad dla ministrant\u00f3w, dzi\u0119kuj\u0119 scholii z pani\u0105 organistk\u0105 za prowadzenie \u015bpiewu, dzi\u0119kuj\u0119 wszystkim, kt\u00f3rzy znale\u017ali czas na adoracj\u0119 i uczestniczyli w uroczystej Liturgii Triduum Paschalnego.<\/p>\n<p>4. Jutro <strong>Poniedzia\u0142ek Wielkanocny<\/strong>; taca na KUL oraz szko\u0142y katolickie w diecezji siedleckiej. Na Mszy \u015bw. o 9.00 mieszka\u0144cy Wygl\u0119d\u00f3wka podzi\u0119kuj\u0105 za \u0142aski nawiedzenia rodzin przez Pana Jezusa w obrazie: \u201eJezu, ufam Tobie!\u201d Teraz rozpocznie si\u0119 nawiedzenie rodzin w Soboniu.<\/p>\n<p>5. Dzi\u0119kuj\u0119 rodzinom kandydat\u00f3w do Bierzmowania za sprz\u0105tni\u0119cie ko\u015bcio\u0142a, a m\u0142odzie\u017cy za porz\u0105dki na skwerze i wok\u00f3\u0142 \u015bwi\u0105tyni. Mog\u0142oby by\u0107 wi\u0119cej, ale dzi\u0119kuj\u0119 tym, kt\u00f3rzy przyszli. Na sobot\u0119 do sprz\u0105tania ko\u015bcio\u0142a zapraszam: p. Regin\u0119 i S\u0142awomira Tafil, p. Mieczys\u0142awa i Tadeusza Dmowskich oraz p. El\u017cbiet\u0119 i S\u0142awomira Szcz\u0119snych z Sobonia.<\/p>\n<p>6. Ca\u0142y ten tydzie\u0144 jest <strong>Oktaw\u0105 Wielkanocy i ma charakter liturgicznej uroczysto\u015bci<\/strong>. Dlatego w najbli\u017cszy pi\u0105tek nie obowi\u0105zuje wstrzemi\u0119\u017aliwo\u015b\u0107 od pokarm\u00f3w mi\u0119snych. W pierwszy pi\u0105tek Msza \u015bw. o 7.30 i 18.00, b\u0119dziemy wynagradza\u0107 Naj\u015bwi\u0119tszemu Sercu Pana Jezusa za grzechy nasze i ca\u0142ego \u015bwiata.<\/p>\n<p>7. Druga Niedziela Wielkanocy jest <strong>Niedziel\u0105 Mi\u0142osierdzia Bo\u017cego<\/strong>. Jest to tak\u017ce niedziela miesi\u0119cznej adoracji Naj\u015bwi\u0119tszego Sakramentu. Ofiary na tac\u0119 s\u0105 przeznaczone na Caritas diecezjaln\u0105.<\/p>\n<p>8. Rodzic\u00f3w i chrzestnych, przygotowuj\u0105cych si\u0119 do sakramentu chrztu dziecka, zapraszam na <strong>katechez\u0119<\/strong> w najbli\u017csz\u0105 niedziel\u0119 po Mszy \u015bw. o 9.00.<\/p>\n<p>9. W sobot\u0119 zapraszam od 8.30 <strong>mieszka\u0144c\u00f3w Jan\u00f3wka do wywiezienia naturalnych \u015bmieci na kompostownik<\/strong>. Serdecznie wszystkich prosz\u0119, aby segregowa\u0107 \u015bmieci; plastyki do \u017c\u00f3\u0142tych work\u00f3w, a szk\u0142o do bia\u0142ych, aby by\u0142 porz\u0105dek.<\/p>\n<p>10. Do Sakramentu Ma\u0142\u017ce\u0144stwa przygotowuj\u0105 si\u0119 nast\u0119puj\u0105ce osoby:<strong> Damian Kwiatkowski<\/strong>, kawaler zam. w \u015awieszyno, parafii Narodzenia NMP i <strong>Katarzyna Cendrowska<\/strong>, panna zamieszka\u0142a w Wierzbnie, zapowied\u017a druga; <strong>Kamil \u0141abarzewski<\/strong>, kawaler zam. w W\u00f3lce, parafii tutejszej i <strong>Marlena Skup<\/strong>, panna zam. w Skupie, parafii pw. \u015bw. Jadwigi w Mokobodach, zapowied\u017a pierwsza. Otoczmy narzeczonych naszymi modlitwami.<\/p>\n<p>11. Zach\u0119cam do lektury nowy \u015bwi\u0105teczny nr \u201eEcha Katolickiego\u201d. Znajdziemy wiele ciekawych artyku\u0142\u00f3w.<\/p>\n<p>12. Pan B\u00f3g powo\u0142a\u0142 do wieczno\u015bci <strong>\u015bp. Henryka Wac\u0142awa Barcz<\/strong>. Z ofiar zebranych na pogrzebie b\u0119dzie sprawowanych 8 Mszy \u015bw. o zbawienie jego duszy. <em>Wieczny odpoczynek racz mu da\u0107, Panie&#8230;<\/em><\/p>\n<h2 align=\"center\"><span style=\"color: #ff0000;\"><b>20 marca \u2013 Niedziela Palmowa, czyli M\u0119ki Pa\u0144skiej<\/b><\/span><\/h2>\n<p><b><i>1.<\/i><\/b> Niedziela Palmowa czyli Niedziela M\u0119ki Pa\u0144skiej, rozpoczynaj\u0105ca Wielki Tydzie\u0144, \u0142\u0105czy zapowied\u017a triumfu Chrystusa i or\u0119dzie Jego M\u0119ki. Przed sum\u0105 nabo\u017ce\u0144stwo Gorzkich \u017cali i <b>uroczysta procesja z palmami wok\u00f3\u0142 ko\u015bcio\u0142a<\/b>. Dzi\u015b ofiarami na tac\u0119 wspieramy organizowanie \u015awiatowych Dni M\u0142odzie\u017cy. Z serca dzi\u0119kuj\u0119 za ofiary.<\/p>\n<p><b>2<\/b>. W poniedzia\u0142ek od <b>9.00 odwiedziny chorych<\/b>, kt\u00f3rzy pragn\u0105 si\u0119 wyspowiada\u0107 i przyj\u0105\u0107 Chrystusa w Komunii \u015bw. Prosz\u0119 zg\u0142asza\u0107 chorych, abym m\u00f3g\u0142 im pos\u0142u\u017cy\u0107.<\/p>\n<p><b>3<\/b>. W <b>\u015brod\u0119<\/b> zapraszam na <b>14.30<\/b> m\u0142odzie\u017c i doros\u0142ych do <b>dekoracji ko\u015bcio\u0142a<i>. <\/i><\/b>Nad ca\u0142\u0105 prac\u0105 przy dekoracji czuwa p. Aneta Miklaszewska.<\/p>\n<p><b>4<\/b>.<b><i> <\/i><\/b>Dzi\u0119kuj\u0119 za sprz\u0105tanie w sobot\u0119 ko\u015bcio\u0142a rodzinom z Sobonia. Wyj\u0105tkowo przed \u015bwi\u0119tami <b>sprz\u0105tanie ko\u015bcio\u0142a w czwartek od 8.30<\/b>. Zapraszam rodzic\u00f3w i m\u0142odzie\u017c przygotowuj\u0105c\u0105 si\u0119 do Sakramentu Bierzmowania. Dobrze, gdy we\u017amiecie grabie i prosz\u0119 o sprz\u0105tni\u0119cie skweru przed ko\u015bcio\u0142em i terenu wok\u00f3\u0142 \u015bwi\u0105tyni.<\/p>\n<p><b><i>5.<\/i><\/b> Serdecznie <b>dzi\u0119kuj\u0119 za ofiary na kwiaty do Grobu Pa\u0144skiego.<\/b> Serdeczne B\u00f3g zap\u0142a\u0107!<\/p>\n<p><b><i>6.<\/i><\/b> Przed nami najwa\u017cniejsze dni w roku liturgicznym, tzw. <b>\u015awi\u0119te Triduum Paschalne<\/b>. Gor\u0105ca pro\u015bba! Tak zaplanujmy przed\u015bwi\u0105teczne prace, aby mie\u0107 czas dla Chrystusa Pana w Eucharystii.<\/p>\n<p><b>Wielki Czwartek<\/b> o <b>18.00 Msza \u015bw. Wieczerzy Pa\u0144skiej,<\/b> kt\u00f3ra przypomina ow\u0105 Ostatni\u0105 Wieczerz\u0119, kiedy Pan Jezus ofiarowa\u0142 si\u0119 Bogu Ojcu pod postaciami chleba i wina, da\u0142 do spo\u017cycia aposto\u0142om swoje Cia\u0142o i Krew. Obrz\u0119d obmycia n\u00f3g m\u0119\u017cczyznom oznacza s\u0142u\u017cb\u0119 i mi\u0142o\u015b\u0107 Chrystusa.<\/p>\n<p><b><i>7<\/i><\/b><i>.<\/i> <b>Wielki Pi\u0105tek M\u0119ki Pa\u0144skiej<\/b> jest dniem pokuty, w kt\u00f3rym obowi\u0105zuje zachowanie wstrzemi\u0119\u017aliwo\u015bci i \u015bcis\u0142ego postu. Jest to <b>szczeg\u00f3lny dzie\u0144 Mi\u0142osierdzia Bo\u017cego<\/b>. Zapraszam na Koronk\u0119 do Bo\u017cego Mi\u0142osierdzia <b>o 15.00<\/b>\u00a0 i rozpocz\u0119cie nowenny. <b>O 18.00 Liturgia M\u0119ki Pa\u0144skiej, <\/b>podczas kt\u00f3rej adorujemy krzy\u017c Chrystusa<b>.<\/b> Ofiary z\u0142o\u017cone w czasie adoracji krzy\u017ca s\u0105 przeznaczone na Bazylik\u0119 Grobu Pa\u0144skiego w Jerozolimie. \u015awi\u0105tynia b\u0119dzie otwarta dla prywatnej adoracji Chrystusa i modlitwy od godz. 7.00 do 22.00.<\/p>\n<p><b><i>8<\/i><\/b><i>.<\/i> Zach\u0119cam <b><i><span style=\"text-decoration: underline;\">w Wielki Pi\u0105tek do adoracji i modlitwy wg nast\u0119puj\u0105cego porz\u0105dku<\/span><\/i><\/b>: <b>7.00<\/b> \u2013 siostry z K\u00f3\u0142ka R\u00f3\u017ca\u0144cowego, <b>8.00<\/b> \u2013 mieszka\u0144cy Lasu Jaworskiego, <b>9.00<\/b> \u2013 mieszka\u0144cy Helenowa, <b>10.00<\/b> \u2013 mieszka\u0144cy Jaworka, <b>11.00<\/b> \u2013 mieszka\u0144cy Wygl\u0119d\u00f3wka, <b>12.00<\/b> \u2013 mieszka\u0144cy Jan\u00f3wka, <b>13.00<\/b> \u2013 dzieci ze Szko\u0142y Podstawowej, kl. II-VI, <b>14.00<\/b> &#8211; m\u0142odzie\u017c z Gimnazjum, <b>15.00<\/b> \u2013 <b>Koronka do Mi\u0142osierdzia Bo\u017cego i droga krzy\u017cowa<\/b> \u2013 wszyscy czciciele Mi\u0142osierdzia Bo\u017cego, <b>16.00<\/b> \u2013 mieszka\u0144cy W\u00f3lki, <b>17.00<\/b> \u2013 mieszka\u0144cy Swidna, <b>19.00<\/b> \u2013 mieszka\u0144cy Sobonia, <b>20.00<\/b> \u2013 mieszka\u0144cy Wierzbna (od p. Szyma\u0144skiej do le\u015bnicz\u00f3wki), <b>21.00<\/b> \u2013 mieszka\u0144cy Wierzbna II cz. i o <b>22.00<\/b> zako\u0144czenie adoracji.<\/p>\n<p><b><i>9<\/i><\/b><i>.<\/i> W <b>Wielk\u0105 Sobot\u0119<\/b> <b>po\u015bwi\u0119cenie pokarm\u00f3w wielkanocnych wg tradycyjnej trasy<\/b>: od 8.30 Wierzbno, potem, Las Jaworski, Helen\u00f3w, Jaworek, Jan\u00f3wek, Wygl\u0119d\u00f3wek, Swidno i Sobo\u0144. O godz. 15.00, po Koronce do Mi\u0142osierdzia Bo\u017cego, b\u0119dzie jeszcze po\u015bwi\u0119cenie pokarm\u00f3w w Wierzbnie.<\/p>\n<p><b><i>10<\/i><\/b><i>.<\/i> Serdecznie zapraszam w <b>Wielk\u0105 Sobot\u0119<\/b> na <b>20.00, <\/b><b>by uczestniczy\u0107 w Wigilii Paschalnej, jest to bardzo uroczyste \u015bwi\u0119towanie Zmartwychwstania Pa\u0144skiego<\/b>.<\/p>\n<p><b><i><span style=\"text-decoration: underline;\">W Wielk\u0105 Sobot\u0119 adoracja Pana Jezusa w Grobie wg porz\u0105dku jak w Wielki Pi\u0105tek<\/span><\/i><\/b>. Zapraszam od <b>7.00<\/b> \u2013 siostry z K\u00f3\u0142ka R\u00f3\u017ca\u0144cowego, <b>8.00<\/b> \u2013 mieszka\u0144cy Lasu Jaworskiego, <b>9.00<\/b> \u2013 mieszka\u0144cy Helenowa, <b>10.00<\/b> \u2013 mieszka\u0144cy Jaworka, <b>11.00<\/b> \u2013 mieszka\u0144cy Wygl\u0119d\u00f3wka, <b>12.00<\/b> \u2013 mieszka\u0144cy Jan\u00f3wka, <b>13.00<\/b> \u2013 dzieci ze Szko\u0142y Podstawowej, kl. II-VI, <b>14.00<\/b> &#8211; m\u0142odzie\u017c z Gimnazjum, <b>15.00<\/b> \u2013 Koronka do Mi\u0142osierdzia Bo\u017cego \u2013 ludzie chorzy i czciciele Mi\u0142osierdzia Bo\u017cego, <b>16.00<\/b> \u2013 mieszka\u0144cy W\u00f3lki, <b>17.00<\/b> \u2013 mieszka\u0144cy Swidna, <b>18.00<\/b> \u2013 mieszka\u0144cy Sobonia, <b>19.00<\/b> \u2013 mieszka\u0144cy Wierzbna (od p. Szyma\u0144skiej do le\u015bnicz\u00f3wki), <b>22.00<\/b> \u2013 mieszka\u0144cy Wierzbna II cz. i o <b>23.00<\/b> zako\u0144czenie adoracji.<\/p>\n<p><b><i>11<\/i><\/b><i>.<\/i> W <b>Niedziel\u0119 Zmartwychwstania<\/b> o <b>6.00 <\/b>rano uroczysta<b> Rezurekcja<\/b>. Pro\u015bba by przygotowa\u0107 wcze\u015bniej wszystkie chor\u0105gwie, dzieci zapraszam do sypania kwiatk\u00f3w. Potem Msza \u015bw. <b>o 10.00 i 12.00 i 18.00<\/b>. <b>Podczas Mszy \u015bw. o 12.00 nagradzamy dzieci za konkurs Drogi uczynk\u00f3w do nieba.<\/b> Prosz\u0119 przynie\u015b\u0107 ca\u0142\u0105 uk\u0142adank\u0119. Od Wielkanocy Mszy \u015bw. wieczorowa w dni powszednie i niedziele b\u0119dzie sprawowana o godz. 18.00.<\/p>\n<p><b><i>12<\/i><\/b><b>. <\/b>Na stoliku nowy nr Echa Katolickiego. Mo\u017cemy przeczyta\u0107 o bogatej symbolice Obchod\u00f3w Triduum Paschalnego, o duchowej adopcji dzieci nienarodzonych, oraz jak dobrze si\u0119 przygotowa\u0107 do przezywania tajemnicy Wielkiej Nocy.<\/p>\n<p><b><i>13.<\/i><\/b> Do Sakramentu Ma\u0142\u017ce\u0144stwa przygotowuj\u0105 si\u0119 nast\u0119puj\u0105ce osoby: <b>Damian Kwiatkowski<\/b>, kawaler zam. w \u015awieszyno, parafii Narodzenia NMP i <b>Katarzyna Cendrowska<\/b>, panna zamieszka\u0142a w Wierzbnie, zapowied\u017a pierwsza. Otoczmy narzeczonych naszymi modlitwami.<\/p>\n<h2 align=\"center\"><span style=\"color: #ff0000;\"><b>13 marca \u2013 V Niedziela Wielkiego Postu<\/b><\/span><\/h2>\n<p><b><i>1.<\/i><\/b> Ju\u017c V Niedziela Wielkiego Postu i otaczamy szczeg\u00f3ln\u0105 modlitw\u0105 <b>papie\u017ca Franciszka<\/b> w trzeci\u0105 rocznic\u0119 wyboru na Stolic\u0119 Piotrow\u0105. Po Mszy \u015bw. o 9.00 zapraszam rodzic\u00f3w modl\u0105cych si\u0119 za dzieci na zmiank\u0119 tajemnic r\u00f3\u017ca\u0144ca. Przed sum\u0105 o 11.30 nabo\u017ce\u0144stwo Gorzkich \u017cali.<\/p>\n<p><b><i>2.<\/i><\/b> Prze\u017cywamy Rok Mi\u0142osierdzia. Dzi\u015b w naszej wsp\u00f3lnocie o 14.00 <b>Droga Krzy\u017cowa ulicami Wierzbna<\/b>, jako <b>droga pe\u0142nienia uczynk\u00f3w mi\u0142osierdzia<\/b>. Serdecznie zapraszam wszystkich parafian, a druhom stra\u017cakom polecam piecz\u0119 nad bezpiecze\u0144stwem przemarszu i wart\u0105 honorow\u0105 przy krzy\u017cu. Gor\u0105co prosz\u0119 wszystkich o w\u0142\u0105czenie si\u0119 w \u015bpiew i wsp\u00f3ln\u0105 modlitw\u0119. Przejdziemy obok cmentarza drog\u0105 w kierunku W\u00f3lki, potem \u017cwir\u00f3wk\u0105 do pocz\u0105tku miejscowo\u015bci a nast\u0119pnie drog\u0105 przez\u00a0 Wierzbno wr\u00f3cimy do ko\u015bcio\u0142a. Dzi\u0119kuj\u0119 tym, kt\u00f3rzy przywie\u017ali brz\u00f3zki, wykonali krzy\u017ce i oznaczyli nimi tras\u0119 przemarszu.<\/p>\n<p><b><i>3.<\/i><\/b> W pi\u0105tek <b>spotkanie dla kandydat\u00f3w do Sakramentu Bierzmowania<\/b>. Zapraszam na Drog\u0119 Krzy\u017cow\u0105 o 16.30, a potem Msza \u015bw. z katechez\u0105 dla m\u0142odzie\u017cy. Na godz. <b>16. 00 zapraszam ministrant\u00f3w<\/b>, aby ustali\u0107 s\u0142u\u017cb\u0119 w Wielkim Tygodniu.<\/p>\n<p><b><i>4.<\/i><\/b> W sobot\u0119 <b>uroczysto\u015b\u0107 \u015bw. J\u00f3zefa Oblubie\u0144ca NMP<\/b>. Msza \u015bw. o 7.30 i 17. 00. Ja b\u0119d\u0119 spowiada\u0142 na rekolekcjach w Kopciach.<\/p>\n<p><b><i>5.<\/i><\/b> Za tydzie\u0144 <b>Niedziela Palmowa, <\/b>czyli<b> M\u0119ki Pa\u0144skiej<\/b>. Prosz\u0119 przygotowa\u0107 palmy i Eucharystia zacznie si\u0119 procesj\u0105 z palmami.\u00a0 Ofiary na tac\u0119 s\u0105 przeznaczone na organizacj\u0119 \u015awiatowych Dni M\u0142odzie\u017cy.<\/p>\n<p><b><i>6.<\/i><\/b> Z serca <b>dzi\u0119kuj\u0119 mieszka\u0144com Jan\u00f3wka <\/b>za ofiar\u0119 (850 z\u0142) z racji nawiedzenia Obrazu Pana Jezusa Mi\u0142osiernego, przeznaczymy t\u0119 sum\u0119 na remont parkanu cmentarza. Serdecznie <b>dzi\u0119kuj\u0119 za sprz\u0105tanie ko\u015bcio\u0142a rodzinom z Sobonia<\/b> i na sobot\u0119 zapraszam: p. Barbar\u0119 i Andrzeja Patoka, p. Justyn\u0119 i Janusza \u0141ukasiak oraz Tadeusza Gersza.<\/p>\n<p><b><i>7.<\/i><\/b> Na bocznym o\u0142tarzu s\u0105 jeszcze <b>baranki wielkanocne<\/b> rozprowadzane przez Caritas po 5 z\u0142.<\/p>\n<p><b><i>8. <\/i><\/b>Wicemarsza\u0142ek Senatu Maria Koc zaprasza <b>18 marca o 17.00<\/b> na spotkanie z <b>Jackiem Boguckim<\/b> wiceministrem rolnictwa i <b>Jerzym Chr\u00f3\u015bcikowskim<\/b> przewodnicz\u0105cym senackiej Komisji Rolnictwa w Gminnym O\u015brodku Kultury <b>w Miedznie<\/b>. Og\u0142oszenie w gablocie przy ko\u015bciele.<\/p>\n<p><b><i>9.<\/i><\/b> <b><i>\u00a0<\/i><\/b>Zach\u0119cam do lektury nowy nr \u201eEcha Katolickiego\u201d. Znajdziemy w nim rozwa\u017canie o krzy\u017cu, kt\u00f3ry jest symbolem najwi\u0119kszej Mi\u0142o\u015bci, o sile modlitwy r\u00f3\u017ca\u0144cowej i o k\u0142amstwie, na kt\u00f3rym nie si\u0119 niczego zbudowa\u0107.<\/p>\n<h2 align=\"center\"><span style=\"color: #ff0000;\"><b>6 marca \u2013 IV Niedziela Wielkiego Postu<\/b><\/span><\/h2>\n<p><b><i>1<\/i><\/b>. Dzisiejsza <b>IV<\/b> <b>niedziela Wielkiego Postu nazywa si\u0119 \u201eLaetare\u201d<\/b> dopuszcza zdobienie o\u0142tarzy kwiatami. Mieszka\u0144cy Jan\u00f3wka dzi\u0119kuj\u0105 Panu Jezusowi za \u0142aski nawiedzenia, a teraz obraz Jezusa Mi\u0142osiernego przejm\u0105 rodziny w Wygl\u0119d\u00f3wku. Po Mszy \u015bw. o 9. 00 zapraszam radnych i ch\u0119tnych do zaanga\u017cowania si\u0119 w Drog\u0119 Krzy\u017cow\u0105 ulicami Wierzbna<b>. <\/b>O 11.30 nabo\u017ce\u0144stwo Gorzkich \u017cali, a<b> <\/b>po sumie zmianka tajemnic r\u00f3\u017ca\u0144cowych. Ofiarami do puszek po Mszy \u015bw. wspieramy ks. Jaros\u0142awa Dziedzica i misje w Boliwii.<\/p>\n<p><b><i>Intencje Apostolstwa Modlitwy na marzec: Og\u00f3lna <\/i><\/b><b><i>\u2013<\/i><\/b><b><i> <\/i><\/b><i>Aby rodziny prze<\/i>\u017c<i>ywaj\u0105ce trudno\u015bci otrzyma\u0142y konieczne wsparcie, a dzieci mog\u0142y wzrasta\u0107 w zdrowym i pogodnym \u015brodowisku;<b> Ewangelizacyjna\u00a0 <\/b><\/i><b><i>\u2013 <\/i><\/b><i>Aby chrze\u015bcijanie dyskryminowani lub prze\u015bladowani z powodu swojej wiary byli wci\u0105\u017c silni i wierni Ewangelii dzi\u0119ki nieustannej modlitwie ca\u0142ego Ko\u015bcio\u0142a<\/i>.<\/p>\n<p><b><i>2.<\/i><\/b> W \u015brod\u0119 o 15.00 Msza \u015bw. w MOW w Jaworku. Zapraszam wychowank\u00f3w o\u015brodka i mieszka\u0144c\u00f3w Jaworka.<\/p>\n<p><b><i>3.<\/i><\/b> Na o\u0142tarzu bocznym mo\u017cemy naby\u0107 <b>baranki wielkanocne<\/b> po 5 z\u0142. Jest to cegie\u0142ka pomocy dla Caritas.<\/p>\n<p><b><i>4.<\/i><\/b> W pi\u0105tek nabo\u017ce\u0144stwo Drogi Krzy\u017cowej o godz. 16.<b> <\/b>00, a potem Komunia \u015bw. W pi\u0105tek s\u0142u\u017c\u0119 na rekolekcjach w Czerwonce, a w sobot\u0119 w Wi\u015bniewie.<\/p>\n<p><b><i>5.<\/i><\/b> W niedziel\u0119 <b>13 marca od godz. 14. 00<\/b> organizujemy ulicami <b>Wierzbna Drog\u0119 Krzy\u017cow\u0105, jako drog\u0119 uczynk\u00f3w mi\u0142osierdzia<\/b>. Zapraszam wszystkich do licznego udzia\u0142u wszystkich parafian, druh\u00f3w stra\u017cak\u00f3w do warty honorowej i kierowania ruchem drogowym. Zapraszam do niesienia krzy\u017ca nast\u0119puj\u0105ce grupy ludzi: z ko\u015bcio\u0142a <b>do I stacji<\/b> \u2013 druhowie stra\u017cacy, <b>do II stacji<\/b> \u2013 siostry k\u00f3\u0142ek r\u00f3\u017ca\u0144cowych z Wierzbna, do <b>III stacji<\/b> \u2013 ludzie chorzy i opiekuj\u0105cy si\u0119 chorymi, <b>do IV stacji<\/b> \u2013 mamy z dzie\u0107mi, <b>do V stacji<\/b> \u2013 mieszka\u0144cy Lasu Jaworskiego, <b>do VI stacji<\/b> &#8211; mieszka\u0144cy Helenowa, do <b>VII stacji<\/b> &#8211; mieszka\u0144cy Jaworka, <b>do VIII stacji<\/b> \u2013 mieszka\u0144cy Cierpi\u0105t,\u00a0 <b>do IX stacji<\/b> \u2013 mieszka\u0144cy Jan\u00f3wka, <b>do X stacji<\/b> \u2013 mieszka\u0144cy Wygl\u0119d\u00f3wka, <b>do XI stacji<\/b> \u2013 mieszka\u0144cy W\u00f3lki, do <b>XII stacji<\/b> \u2013 mieszka\u0144cy Swidna, <b>do XIII stacji<\/b> \u2013 mieszka\u0144cy Sobonia, <b>do XIV stacji<\/b> \u2013 mieszka\u0144cy Wierzbna i <b>do ko\u015bcio\u0142a<\/b> \u2013 m\u0142odzie\u017c i ministranci. Niech wsp\u00f3lna modlitwa i \u015bpiew jednoczy nas w jedn\u0105 duchow\u0105 rodzin\u0119.<\/p>\n<p><b><i>6.<\/i><\/b> W niedziel\u0119 o Mszy \u015bw. o 9.00 zmianka tajemnic r\u00f3\u017ca\u0144cowych dla wsp\u00f3lnoty rodzic\u00f3w modl\u0105cych si\u0119 za dzieci.<\/p>\n<p><b><i>7.<\/i><\/b> Serdecznie <b>dzi\u0119kuj\u0119 rodzinom z Sobonia za sprz\u0105tanie ko\u015bcio\u0142a<\/b> i zapraszam na sobot\u0119: p. Iren\u0119 i Jacka Kiesner, p. Teres\u0119 i Tadeusza \u0141ukasiak i p. W\u0142adys\u0142aw\u0119 Raubo.<\/p>\n<p><b><i>7.<\/i><\/b> Zach\u0119cam do lektury nowy nr. \u201eEcha Katolickiego\u201d. Znajdziemy w nim o sile modlitwy wstawienniczej i kulcie \u015bw. J\u00f3zefa, comiesi\u0119czne materia\u0142y Ruchu \u015awiat\u0142o<b><i>\u2013<\/i><\/b> Zycie oraz r\u00f3\u017cnych absurdalnych pomys\u0142ach feministek.<\/p>\n<p><b><i>8.<\/i><\/b> Mazowiecki O\u015brodek Doradztwa Rolniczego zaprasza do Urz\u0119du Gminy Wierzbno 11 marca w pi\u0105tek o 10. 00 na wa\u017cne szkolenie \u201eP\u0142atno\u015bci bezpo\u015brednie na 2016 r.\u201d Zaproszenie w gablocie przy ko\u015bciele.<\/p>\n<p><b><i>9.<\/i><\/b> Pan B\u00f3g<b> <\/b>powo\u0142a\u0142 do wieczno\u015bci <b>\u015bp. Kazimierza Wierzbickiego<\/b>, d\u0142ugoletniego nauczyciela naszej szko\u0142y i <b>Stanis\u0142awa Koszewskiego z Wygl\u0119d\u00f3wka<\/b>. Z ofiar zebranych na pogrzebie b\u0119dzie sprawowanych 10 Mszy \u015bw. za zbawienie \u015bp. Kazimierza i 9 Mszy \u015bw. za \u015bp. Stanis\u0142awa. <i>Wieczny odpoczynek racz im da\u0107, Panie&#8230;<\/i><\/p>\n","protected":false},"excerpt":{"rendered":"<p>Powr\u00f3t do listy og\u0142osze\u0144 27 marca\u00a0 \u2013 Niedziela Zmartwychwstania Pa\u0144skiego 1. Chrystus prawdziwie Zmartwychwsta\u0142! \u017bycz\u0119 ca\u0142ej naszej wsp\u00f3lnocie parafialnej pokoju i wielkiej ufno\u015bci, poniewa\u017c Mi\u0142osierny Jezus zwyci\u0119\u017cy\u0142 grzech i szatana, \u017cycz\u0119 mocnej wiary i wytrwa\u0142ej mi\u0142o\u015bci w czynach, \u017cycz\u0119 odwagi bycia na co dzie\u0144 aposto\u0142em, by dzieli\u0107 si\u0119 radosnym faktem, \u017ce Chrystus Zmartwychwsta\u0142 i czeka na nas w Eucharystii. 2. Jest grafik na kwiecie\u0144 dla czytaj\u0105cych S\u0142owo Bo\u017ce, zapraszam po odbi\u00f3r do zakrystii. Dzi\u015b na Sumie nagrody dla dzieci obchodz\u0105cych gorliwie drogi krzy\u017cowe przez ca\u0142y Wielki Post. Po sumie trzeci dzie\u0144 nowenny do Mi\u0142osierdzia Bo\u017cego i Koronka. 3. Cieszy mnie, \u017ce coraz wi\u0119cej parafian anga\u017cuje si\u0119 w \u017cycie naszej wsp\u00f3lnoty. Z ca\u0142ego serca dzi\u0119kuj\u0119 pani Anecie Miklaszewskiej, m\u0142odzie\u017cy i doros\u0142ym za dekoracj\u0119 ko\u015bcio\u0142a. Dzi\u0119kuj\u0119 p. Marii Komorowskiej za trosk\u0119 o kwiaty i czyste obrusy na o\u0142tarze; dzi\u0119kuj\u0119 druhom stra\u017cakom za wart\u0119 honorow\u0105 przy grobie Pa\u0144skim i asyst\u0119 podczas Rezurekcji, dzi\u0119kuj\u0119 \u2026 <a class=\"continue-reading-link\" href=\"https:\/\/www.parafiawierzbno.com.pl\/?page_id=3955\">Czytaj dalej <span class=\"meta-nav\">&rarr; <\/span><\/a><\/p>\n","protected":false},"author":1,"featured_media":0,"parent":225,"menu_order":0,"comment_status":"closed","ping_status":"closed","template":"","meta":{"ngg_post_thumbnail":0},"_links":{"self":[{"href":"https:\/\/www.parafiawierzbno.com.pl\/index.php?rest_route=\/wp\/v2\/pages\/3955"}],"collection":[{"href":"https:\/\/www.parafiawierzbno.com.pl\/index.php?rest_route=\/wp\/v2\/pages"}],"about":[{"href":"https:\/\/www.parafiawierzbno.com.pl\/index.php?rest_route=\/wp\/v2\/types\/page"}],"author":[{"embeddable":true,"href":"https:\/\/www.parafiawierzbno.com.pl\/index.php?rest_route=\/wp\/v2\/users\/1"}],"replies":[{"embeddable":true,"href":"https:\/\/www.parafiawierzbno.com.pl\/index.php?rest_route=%2Fwp%2Fv2%2Fcomments&post=3955"}],"version-history":[{"count":8,"href":"https:\/\/www.parafiawierzbno.com.pl\/index.php?rest_route=\/wp\/v2\/pages\/3955\/revisions"}],"predecessor-version":[{"id":4203,"href":"https:\/\/www.parafiawierzbno.com.pl\/index.php?rest_route=\/wp\/v2\/pages\/3955\/revisions\/4203"}],"up":[{"embeddable":true,"href":"https:\/\/www.parafiawierzbno.com.pl\/index.php?rest_route=\/wp\/v2\/pages\/225"}],"wp:attachment":[{"href":"https:\/\/www.parafiawierzbno.com.pl\/index.php?rest_route=%2Fwp%2Fv2%2Fmedia&parent=3955"}],"curies":[{"name":"wp","href":"https:\/\/api.w.org\/{rel}","templated":true}]}}