{"id":4204,"date":"2016-04-08T21:27:53","date_gmt":"2016-04-08T19:27:53","guid":{"rendered":"https:\/\/www.parafiawierzbno.com.pl\/?page_id=4204"},"modified":"2016-04-24T23:47:47","modified_gmt":"2016-04-24T21:47:47","slug":"ogloszenia-kwiecien-2016","status":"publish","type":"page","link":"https:\/\/www.parafiawierzbno.com.pl\/?page_id=4204","title":{"rendered":"Og\u0142oszenia &#8211; Kwiecie\u0144 2016"},"content":{"rendered":"<p><a title=\"Og\u0142oszenia parafialne\" href=\"https:\/\/www.parafiawierzbno.com.pl\/?page_id=225\">Powr\u00f3t do listy og\u0142osze\u0144<\/a><\/p>\n<h2 style=\"text-align: center;\"><span style=\"color: #ff0000;\"><strong>24 kwietnia \u2013 5 Niedziela Wielkanocy<\/strong><\/span><\/h2>\n<p><strong>1. <\/strong>Dzi\u015b 5 Niedziela Wielkanocna i my, odpowiadaj\u0105c na apel Ojca \u015bwi\u0119tego Franciszka, modlimy si\u0119 <strong>o pok\u00f3j na wschodzie Ukrainy<\/strong>. Chcemy wesprze\u0107 ofiarami do puszek ludzi na Ukrainie, kt\u00f3rzy znale\u017ali si\u0119 bez \u015brodk\u00f3w do \u017cycia. Ks. Biskup Kazimierz Gurda kieruje do nas w tej sprawie specjalny komunikat.<\/p>\n<p>2. Na Mszy \u015bw. o 9.00 mieszka\u0144cy Sobonia dzi\u0119kuj\u0105 za \u0142aski otrzymane od Pana Jezusa w czasie nawiedzenia, a obraz Jezusa Mi\u0142osiernego zapraszaj\u0105 teraz do siebie mieszka\u0144cy Swidna.<\/p>\n<p>3. W najbli\u017csz\u0105 niedziel\u0119 rozpoczyna si\u0119 maj, miesi\u0105c szczeg\u00f3lnie po\u015bwi\u0119cony Naj\u015bw. Maryi Pannie. Zgodnie z wielowiekow\u0105 tradycj\u0105 zatroszczymy si\u0119, aby w wioskach naszej parafii przy krzy\u017cu lub kapliczce by\u0142y nabo\u017ce\u0144stwa majowe. <strong>Zapraszam <\/strong>r\u00f3wnie\u017c <strong>na nabo\u017ce\u0144stwa majowe do ko\u015bcio\u0142a<\/strong>: w dni powszednie po Mszy \u015bw. o <strong>18.00<\/strong>, a w niedziel\u0119 po sumie. Dla dzieci szko\u0142y podstawowej b\u0119dzie konkurs i nagrody za gorliwe uczestnictwo. Jest grafik na maj dla czytaj\u0105cych s\u0142owo Bo\u017ce na Eucharystii.<\/p>\n<p>4. W niedziel\u0119 <strong>1 maja o 9.00<\/strong> zapraszam wszystkich <strong>druh\u00f3w stra\u017cak\u00f3w z OSP Wierzbno i OSP Jaworek<\/strong> na uroczyst\u0105 Msz\u0119 \u015bw. z racji \u015bwi\u0119ta Patrona \u015bw. Floriana. Ciesz\u0119 si\u0119, \u017ce mamy w parafii takich dzielnych ludzi, gotowych spieszy\u0107 z pomoc\u0105 w ka\u017cdej biedzie. Ze swej strony, jako parafia, chcemy wesprze\u0107 naszych stra\u017cak\u00f3w, sk\u0142adaj\u0105c bardziej hojne ofiary na tac\u0119. Planujemy zakupi\u0107 dla naszej jednostki sprz\u0119t ratowniczy. Prezes Eko Team p. Artur Skrzypek obieca\u0142 dofinansowa\u0107 t\u0119 inwestycj\u0119.<\/p>\n<p>5. <strong>Po\u015bwi\u0119cenie p\u00f3l<\/strong> rozpoczniemy <strong>1 maja<\/strong> &#8211; w Jaworku, <strong>3 maja<\/strong> &#8211; w Jan\u00f3wku i Wygl\u0119d\u00f3wku, <strong>7 maja<\/strong> \u2013 w Lesie Jaworskim i Hellenowie, a <strong>8 maja<\/strong> &#8211; na W\u00f3lce i w Swidnie. Pocz\u0105tek o godz. 15.00. B\u0119dziemy si\u0119 modli\u0107 o Bo\u017ce b\u0142ogos\u0142awie\u0144stwo w pracy na roli i obfite zbiory, aby nikomu nie zabrak\u0142o chleba.<\/p>\n<p>6. Serdecznie <strong>dzi\u0119kuj\u0119 p. Markowi Wiel\u0105dkowi i m\u0119\u017cczyznom z Wygl\u0119d\u00f3wka<\/strong>, kt\u00f3rzy w tym tygodniu pracowali przy remoncie parkanu cmentarza. Nie wszyscy wyznaczeni w\u0142\u0105czyli si\u0119 do pracy przy parkanie. Zrobimy teraz przerw\u0119, aby rolnicy mogli uko\u0144czy\u0107 wiosenne prace polowe. <strong>Od<\/strong> <strong>6 maja zapraszam do pracy m\u0119\u017cczyzn z Jaworka<\/strong>. Dzi\u0119kuj\u0119 za ofiary na prace remontowe: p. Irena Wr\u00f3blewska \u2013 100 z\u0142, p. Witold Pi\u00f3rek \u2013 200 z\u0142 i p. Witold Wiel\u0105dek z Lasu Jaworskiego \u2013 200 z\u0142. Serdeczne \u201eB\u00f3g zap\u0142a\u0107!\u201d<\/p>\n<p>7. Mo\u017cemy by\u0107 dumni, ze <strong>17 maja Al. Piotr Wr\u00f3blewski<\/strong> przyjmie w Poznaniu <strong>\u015bwi\u0119cenia diakonatu<\/strong>. Gor\u0105co prosz\u0119, by\u015bmy otoczyli go codzienn\u0105 modlitw\u0105. Zach\u0119cam do wyjazdu na t\u0119 uroczysto\u015b\u0107 i mo\u017cna si\u0119 ju\u017c zapisywa\u0107. W drodze powrotnej zajedziemy do sanktuarium Matki Bo\u017cej w Licheniu.<\/p>\n<p>8. Proponuj\u0119 tak\u017ce z racji Jubileuszu 1050 rocznicy Chrztu Polski <strong>pielgrzymk\u0119 \u017cycia do Ziemi \u015awi\u0119tej<\/strong>. Termin we wrze\u015bniu lub pa\u017adzierniku. Krocz\u0105c po \u015bladach ziemskich w\u0119dr\u00f3wek Pana Jezusa umocnimy swoj\u0105 wiar\u0119 i b\u0119dziemy si\u0119 ni\u0105 dzieli\u0107 z innymi. Zapraszam zainteresowanych do zg\u0142aszania si\u0119.<\/p>\n<p>9. Dzi\u0119kuj\u0119 rodzinom z Wierzbna za sprz\u0105tanie ko\u015bcio\u0142a i na sobot\u0119 zapraszam: p. El\u017cbiet\u0119 Zajkowsk\u0105, p. Zdzis\u0142awa Komnatko, p. Justyn\u0119 i Przemys\u0142awa Swiderskich oraz p. Wies\u0142aw\u0119 i Henryka \u0141ukasiak.<\/p>\n<p>10. Do Sakramentu Ma\u0142\u017ce\u0144stwa przygotowuj\u0105 si\u0119 nast\u0119puj\u0105ce osoby:<strong> Micha\u0142 Wojciech Andrasik<\/strong>, kawaler zam. w Lubominie, par. \u015bw. Jana Chrzciciela w Stanis\u0142awowie i <strong>Monika Jaworowska<\/strong>, panna zam. w Wierzbnie, zapowied\u017a trzecia. Otoczmy narzeczonych naszymi modlitwami.<\/p>\n<p>11. Zach\u0119cam do lektury nowy nr \u201eEcha Katolickiego\u201d. Przeczytamy o tym, co Pan Jezus m\u00f3wi nam przez cuda eucharystyczne, jakie atrakcje czekaj\u0105 na uczestnik\u00f3w Diecezjalnego Dnia Rodzin w Parczewie, oraz ile razy trzeba si\u0119 \u017cegna\u0107 podczas Mszy \u015bw.<\/p>\n<p>12. Mazowiecki O\u015brodek Doradztwa Rolniczego zaprasza w dniu 27 kwietnia (\u015broda) o 9.00 do Urz\u0119du Gminy na <strong>szkolenie chemiczne<\/strong>. Og\u0142oszenie w gablocie.<\/p>\n<p><strong><\/strong>13. Pan B\u00f3g powo\u0142a\u0142 do wieczno\u015bci <strong>\u015bp. Mariana Adama Karaban<\/strong> z Nadziei. Z ofiar zebranych na pogrzebie b\u0119dzie sprawowanych 3 Msze \u015bw., a jeszcze 2 Msze \u015bw. o jego zbawienie zosta\u0142y zam\u00f3wione przez Siostry Albertynki. <em>Wieczny odpoczynek racz mu da\u0107, Panie&#8230; <\/em><\/p>\n<h2 style=\"text-align: center;\"><span style=\"color: #ff0000;\"><strong>17 kwietnia \u2013 4 Niedziela Wielkanocy<\/strong><\/span><\/h2>\n<p><strong>1.<\/strong>Prze\u017cywamy g\u0142\u00f3wne <strong>Uroczysto\u015bci 1050-lecia Chrztu Polski<\/strong>. Wczoraj w Poznaniu sprawowa\u0142em uroczyst\u0105 Eucharysti\u0119 w intencji ca\u0142ej wsp\u00f3lnoty parafialnej w Wierzbnie, prosz\u0105c o moc wiary i odwag\u0119 do \u015bwiadczenia o Chrystusie na co dzie\u0144.<\/p>\n<p>2. Dzi\u015b, Niedziela Dobrego Pasterza i z rado\u015bci\u0105 <strong>go\u015bcimy alumna Micha\u0142a<\/strong>. Dzi\u0119kujemy za jego obecno\u015b\u0107 i \u015bwiadectwo. Wspieramy nasze Seminarium Duchowne modlitw\u0105, ofiarami na tac\u0119 i ofiar\u0105 za ksi\u0105\u017cki, rozprowadzane przez alumna Micha\u0142a. Rozpoczynamy tydzie\u0144 modlitw o powo\u0142ania kap\u0142a\u0144skie i do \u017cycia konsekrowanego.<\/p>\n<p>3.W sobot\u0119 <strong>uroczysto\u015b\u0107 \u015bw. Wojciecha,<\/strong> biskupa i m\u0119czennika, g\u0142\u00f3wnego patrona Polski. Zapraszam na Eucharysti\u0119 o godz. 18.00.<\/p>\n<p>4.W \u015brod\u0119 o 15.00 Msza \u015bw. w remizie OSP w Jaworku. Zapraszam mieszka\u0144c\u00f3w Jaworka i wychowank\u00f3w MOWu.<\/p>\n<p>5.W pi\u0105tek <strong>Dominik Skar\u017cy\u0144ski<\/strong>, ucze\u0144 III kl. gimnazjum, <strong>uda\u0142 si\u0119 do Zabrza<\/strong>, gdzie prawdopodobnie w najbli\u017cszym czasie odb\u0119dzie si\u0119 operacja przeszczepu p\u0142uc. Zapraszam m\u0142odzie\u017c w poniedzia\u0142ek o 7.30 na Msz\u0119 \u015bw., aby si\u0119 modli\u0107 o szcz\u0119\u015bliwy przebieg tej operacji. Wszystkich parafian prosz\u0119 o modlitw\u0119 w intencji Dominika. Wszystko w r\u0119ku Pana Boga.<\/p>\n<p>6.<strong>Trwaj\u0105 prac\u0119 przy remoncie parkanu cmentarza<\/strong>. Zosta\u0142y umocnione fundamenty parkanu od strony p. Lisieckiego. Z ca\u0142ego serca jestem wdzi\u0119czny p. Markowi Wiel\u0105dkowi i mieszka\u0144com Jan\u00f3wka za solidn\u0105 prac\u0119. W tym tygodniu zapraszam do pracy na cmentarzu mieszka\u0144c\u00f3w Wygl\u0119d\u00f3wka. Dzi\u0119kuj\u0119 za ofiary z\u0142o\u017cone na prace przy parkanie.<\/p>\n<p>7.Serdecznie dzi\u0119kuj\u0119 za sprz\u0105tni\u0119cie ko\u015bcio\u0142a i na sobot\u0119 zapraszam nast\u0119puj\u0105ce rodziny z Wierzbna: p. Ew\u0119 i Adam Trzeci\u0144skich, p. Helen\u0119 Bia\u0142ousz oraz p. Jana Karaban i p. Ma\u0142gorzat\u0119 Malinowsk\u0105.<\/p>\n<p>8.Do Sakramentu Ma\u0142\u017ce\u0144stwa przygotowuj\u0105 si\u0119 nast\u0119puj\u0105ce osoby:<strong> Marcin Komorowski<\/strong>, kawaler zam. w Wygl\u0119d\u00f3wku i <strong>Wioletta Ose\u0142ka<\/strong>, panna zam. w Stare Piastowo, parafii \u015bw. Wita i Modesta w Sierpcu, zapowied\u017a trzecia; <strong>Micha\u0142 Wojciech Andrasik<\/strong>, kawaler zam. w Lubominie, par. \u015bw. Jana Chrzciciela w Stanis\u0142awowie i <strong>Monika Jaworowska<\/strong>, panna zam. w Wierzbnie, zapowied\u017a druga. Otoczmy narzeczonych naszymi modlitwami.<\/p>\n<p>9.Informuj\u0119, \u017ce <strong>5 czerwca<\/strong> planujemy wsp\u00f3lnie z Zespo\u0142em Szk\u00f3\u0142 w Wierzbnie zorganizowa\u0107 <strong>III Festyn Rodzinny<\/strong>, na kt\u00f3ry ju\u017c gor\u0105co wszystkich zapraszamy.<\/p>\n<p><strong><em>10.<\/em><\/strong> Zach\u0119cam do lektury nowy nr \u201eEcha Katolickiego\u201d. Znajdziemy komentarz do najnowszej adhortacji papie\u017ca Franciszka o rodzinie, o Diecezjalnym Dniu Rodziny w Parczewie i jak zapobiega\u0107 cukrzycy<\/p>\n<h2 style=\"text-align: center;\"><span style=\"color: #ff0000;\"><strong>10 kwietnia<\/strong><strong> \u2013 3 Niedziela Wielkanocy<\/strong><\/span><\/h2>\n<p><em>1.<\/em>Pami\u0119tamy 6 rocznicy katastrofy lotniczej pod Smole\u0144skiem. Prosimy Mi\u0142osiernego Boga o \u0142ask\u0119 nieba dla tych, kt\u00f3rzy zgin\u0119li. Dzi\u015b Niedziela Synodalna pod has\u0142em: \u201eMi\u0142o\u015b\u0107 Chrystusa przynagla nas. Obowi\u0105zek pomocy ubogim\u201d. W czwartek na Mszy \u015bw. o 18.00 b\u0119dzie katecheza synodalna. Zapraszam zesp\u00f3\u0142 synodalny i wszystkich ch\u0119tnych. Dzi\u015b po Mszy \u015bw. o 9.00 spotkanie z rodzicami, aby om\u00f3wi\u0107 Rocznic\u0119 I Komunii \u015bw.\u00a0 Trzecia Niedziela Wielkanocna rozpoczyna w Polsce Tydzie\u0144 Biblijny. G\u0142\u00f3wn\u0105 my\u015bl\u0105 b\u0119d\u0105 s\u0142owa z Dziej\u00f3w Apostolskich: \u201e<em>Gdy us\u0142yszeli Ewangeli\u0119, przyj\u0119li chrzest w imi\u0119 Pana Jezusa\u201d.<\/em> Jest to nawi\u0105zanie do 1050 rocznicy Chrztu Polski.<\/p>\n<p>2.We wtorek o 19.00 kolejna <strong>katecheza dla rodzic\u00f3w i chrzestnych<\/strong>. Zapraszam zainteresowanych na plebani\u0119.<\/p>\n<p><strong><em>3.<\/em><\/strong>W <strong>pi\u0105tek<\/strong> zapraszam <strong>kandydat\u00f3w do Sakramentu Bierzmowania<\/strong> o 18.00 na Msz\u0119 \u015bw. i katechez\u0119.<\/p>\n<p>4.Od poniedzia\u0142ku <strong>rozpoczynamy prace przy remoncie parkanu cmentarza<\/strong>. Do pomocy p. Markowi Wiel\u0105dkowi zapraszam mieszka\u0144c\u00f3w Jan\u00f3wka. Jest mo\u017cliwo\u015b\u0107 kupienia blachy aluminiowej (0,8 mm) na pokrycie parkanu w cenie 55 z\u0142 za m2. Dzi\u0119kuj\u0119 za ofiary na remont parkanu. Serdeczne \u201eB\u00f3g zap\u0142a\u0107!\u201d<\/p>\n<p>5.W niedziel\u0119 <strong>17 kwietnia b\u0119dziemy go\u015bcili alumna Seminarium Duchownego w Nowym Opolu<\/strong>. Alumn podobnie jak w latach ubieg\u0142ych zbierze ofiary na tac\u0119 i b\u0119dzie rozprowadza\u0142 ksi\u0105\u017cki seminaryjne. W najbli\u017csz\u0105 sobot\u0119 i niedziel\u0119 ks. kanonik Stanis\u0142aw Abramczuk zast\u0105pi mnie w parafii, poniewa\u017c b\u0119d\u0119 uczestniczy\u0142 w centralnych uroczysto\u015bciach Jubileuszu 1050-lecia Chrztu Polski w Poznaniu.<\/p>\n<p>6.Serdecznie <strong>dzi\u0119kuj\u0119 rodzinom z Wierzbna za sprz\u0105tni\u0119cie ko\u015bcio\u0142a<\/strong> i na sobot\u0119 zapraszam: p. Mari\u0119 i Ryszarda Kujawa, p. Agnieszk\u0119 i Andrzeja Michalczyk oraz p. Urszul\u0119 i Szczepana Tomkiewicz z Wierzbna.<\/p>\n<p>7.W nowym nr \u201eEcha Katolickiego\u201d przeczytamy poruszaj\u0105c\u0105 histori\u0119 chrze\u015bcijanki skazanej na \u015bmier\u0107 za obron\u0119 swojej wiary oraz o przygotowaniu do Swiatowych Dni M\u0142odzie\u017cy w Krakowie.<\/p>\n<p>8.Do Sakramentu Ma\u0142\u017ce\u0144stwa przygotowuj\u0105 si\u0119 nast\u0119puj\u0105ce osoby:<strong> Kamil \u0141abarzewski<\/strong>, kawaler zam. w W\u00f3lce, parafii tutejszej i <strong>Marlena Skup<\/strong>, panna zam. w Skupie, parafii pw. \u015bw. Jadwigi w Mokobodach, zapowied\u017a trzecia; <strong>Marcin Komorowski<\/strong>, kawaler zam. w Wygl\u0119d\u00f3wku i <strong>Wioletta Ose\u0142ka<\/strong>, panna zam. w Stare Piastowo, parafii \u015bw. Wita i Modesta w Sierpcu, zapowied\u017a druga; <strong>Micha\u0142 Wojciech Andrasik<\/strong>, kawaler zam. w Lubominie, par. \u015bw. Jana Chrzciciela w Stanis\u0142awowie i <strong>Monika Jaworowska<\/strong>, panna zam. w Wierzbnie, zapowied\u017a pierwsza. Otoczmy narzeczonych naszymi modlitwami.<\/p>\n<h2 style=\"text-align: center;\"><span style=\"color: #ff0000;\"><strong>3 kwietnia<\/strong><strong> \u2013 Niedziela Mi\u0142osierdzia Bo\u017cego<\/strong><\/span><\/h2>\n<p><strong>\u00a0<\/strong>1. Ju\u017c od kilku lat druga Niedziela Wielkanocy jest Niedziel\u0105 Bo\u017cego Mi\u0142osierdzia. Rozpoczynamy Tydzie\u0144 Mi\u0142osierdzia, kt\u00f3rego mottem s\u0105 s\u0142owa: <strong>\u201eMi\u0142osierni jak Ojciec\u201d<\/strong> . Ofiary na tac\u0119 s\u0105 przeznaczone na Caritas diecezjaln\u0105. W naszej wsp\u00f3lnocie przezywamy wielk\u0105 rado\u015b\u0107 i <strong>wdzi\u0119czno\u015b\u0107 Panu Bogu za dar powo\u0142ania Al. Piotra Wr\u00f3blewskiego, kt\u00f3ry dzi\u015b sk\u0142ada wieczyste \u015bluby zakonne w Towarzystwie Chrystusowym.<\/strong><\/p>\n<p>2. Dzi\u015b r\u00f3wnie\u017c pierwsza niedziela miesi\u0105ca. Po Mszy \u015bw. o 9.00 <strong>katecheza dla rodzic\u00f3w i chrzestnych<\/strong>, planuj\u0105cych w najbli\u017cszych miesi\u0105cach chrzest dziecka. Po sumie wystawienie Naj\u015bwi\u0119tszego Sakramentu, Koronka do Mi\u0142osierdzia Bo\u017cego i zmianka tajemnic r\u00f3\u017ca\u0144cowych.\u00a0 <strong><em>Intencje Apostolstwa Modlitwy na kwiecie\u0144<\/em><\/strong>: Og\u00f3lna \u2013 Aby rolnicy indywidualni otrzymywali nale\u017cyte wynagrodzenie za swoj\u0105 cenn\u0105 prac\u0119; Ewangelizacyjna \u2013 Aby chrze\u015bcijanie w Afryce dawali \u015bwiadectwo mi\u0142o\u015bci i wiary w Jezusa Chrystusa po\u015br\u00f3d konflikt\u00f3w polityczno-religijnych.<\/p>\n<p>3. Jutro <strong>Uroczysto\u015b\u0107 Zwiastowania Pa\u0144skiego<\/strong> i zapraszam na Msz\u0119 \u015bw. o 9.00 i 18.00. Podczas Eucharystii zach\u0119cam do podj\u0119cia <strong>dzie\u0142a Duchowej Adopcji Dziecka Pocz\u0119tego.<\/strong><\/p>\n<p>4. W \u015brod\u0119 o godz. 15.00 Msza \u015bw. w remizie w Jaworku. Zapraszam mieszka\u0144c\u00f3w Jaworka i wychowank\u00f3w MOWu. W czwartek o 7.30 Msza \u015bw. w intencji zmar\u0142ych polecanych Bo\u017cemu Mi\u0142osierdziu w wypominkach, a od <strong>17.00 adoracja Naj\u015bwi\u0119tszego Sakramentu<\/strong> i modlitwa o nowe i \u015bwi\u0119te powo\u0142ania do s\u0142u\u017cby Bo\u017cej.<\/p>\n<p><em>5.<\/em> Najbli\u017csza niedziela, 10 kwietnia, jest kolejn\u0105 Niedziel\u0105 Synodaln\u0105. Jej temat: \u2013 \u201eMi\u0142o\u015b\u0107 Chrystusa przynagla nas. Obowi\u0105zek pomocy ubogim\u201d.<\/p>\n<p>6. Z ca\u0142ego serca <strong>dzi\u0119kuj\u0119 mieszka\u0144com Jan\u00f3wka<\/strong> za solidn\u0105 prac\u0119 przy segregacji i wywiezieniu naturalnych \u015bmieci na kompostownik. Serdecznie dzi\u0119kuj\u0119 rodzinom z Sobonia za sprz\u0105tanie ko\u015bcio\u0142a i m\u0119\u017cczyznom, kt\u00f3rzy uprz\u0105tn\u0119li ulic\u0119 od strony plebanii. Na sobot\u0119 do sprz\u0105tania ko\u015bcio\u0142a zapraszam ju\u017c mieszka\u0144c\u00f3w Wierzbna,a konkretnie: p. Teres\u0119 i Andrzeja Szyma\u0144skich, p. Ann\u0119 i Krzysztofa Jaworowskich oraz p. Katarzyn\u0119 i Marcina Gryglas.<\/p>\n<p>7.<strong> Przyst\u0119pujemy do remontu<\/strong> pozosta\u0142ej cz\u0119\u015bci parkanu cmentarza. Zaczniemy prac\u0119 od poniedzia\u0142ku, 11 kwietnia. Cieszy mnie, \u017ce p. Marek Wiel\u0105dek wyrazi\u0142 gotowo\u015b\u0107 kontynuowania tego przedsi\u0119wzi\u0119cia. Zapraszam na pocz\u0105tek do pomocy m\u0119\u017cczyzn z Jan\u00f3wka.<\/p>\n<p>8. Do Sakramentu Ma\u0142\u017ce\u0144stwa przygotowuj\u0105 si\u0119 nast\u0119puj\u0105ce osoby:<strong> Damian Kwiatkowski<\/strong>, kawaler zam. w \u015awieszyno, parafii Narodzenia NMP i <strong>Katarzyna Cendrowska<\/strong>, panna zamieszka\u0142a w Wierzbnie, zapowied\u017a trzecia; <strong>Kamil \u0141abarzewski<\/strong>, kawaler zam. w W\u00f3lce, parafii tutejszej i <strong>Marlena Skup<\/strong>, panna zam. w Skupie, parafii pw. \u015bw. Jadwigi w Mokobodach, zapowied\u017a druga; <strong>Marcin Komorowski<\/strong>, kawaler zam. w Wygl\u0119d\u00f3wku i <strong>Wioletta Ose\u0142ka<\/strong>, panna zam. w Stare Piastowo, parafii \u015bw. Wita i Modesta w Sierpcu, zapowied\u017a pierwsza. Otoczmy narzeczonych naszymi modlitwami.<\/p>\n<p>9. Zach\u0119cam do lektury nowy nr. \u201eEcha Katolickiego\u201d. Przeczytamy o mi\u0142osierdziu, kt\u00f3re naprawd\u0119 nie zna granic, prawd\u0119 o ludob\u00f3jstwie na Wo\u0142yniu i o filmach, kt\u00f3re mog\u0105 zmieni\u0107 ludzkie \u017cycie.<\/p>\n<p>&nbsp;<\/p>\n","protected":false},"excerpt":{"rendered":"<p>Powr\u00f3t do listy og\u0142osze\u0144 24 kwietnia \u2013 5 Niedziela Wielkanocy 1. Dzi\u015b 5 Niedziela Wielkanocna i my, odpowiadaj\u0105c na apel Ojca \u015bwi\u0119tego Franciszka, modlimy si\u0119 o pok\u00f3j na wschodzie Ukrainy. Chcemy wesprze\u0107 ofiarami do puszek ludzi na Ukrainie, kt\u00f3rzy znale\u017ali si\u0119 bez \u015brodk\u00f3w do \u017cycia. Ks. Biskup Kazimierz Gurda kieruje do nas w tej sprawie specjalny komunikat. 2. Na Mszy \u015bw. o 9.00 mieszka\u0144cy Sobonia dzi\u0119kuj\u0105 za \u0142aski otrzymane od Pana Jezusa w czasie nawiedzenia, a obraz Jezusa Mi\u0142osiernego zapraszaj\u0105 teraz do siebie mieszka\u0144cy Swidna. 3. W najbli\u017csz\u0105 niedziel\u0119 rozpoczyna si\u0119 maj, miesi\u0105c szczeg\u00f3lnie po\u015bwi\u0119cony Naj\u015bw. Maryi Pannie. Zgodnie z wielowiekow\u0105 tradycj\u0105 zatroszczymy si\u0119, aby w wioskach naszej parafii przy krzy\u017cu lub kapliczce by\u0142y nabo\u017ce\u0144stwa majowe. Zapraszam r\u00f3wnie\u017c na nabo\u017ce\u0144stwa majowe do ko\u015bcio\u0142a: w dni powszednie po Mszy \u015bw. o 18.00, a w niedziel\u0119 po sumie. Dla dzieci szko\u0142y podstawowej b\u0119dzie konkurs i nagrody za gorliwe uczestnictwo. Jest grafik na \u2026 <a class=\"continue-reading-link\" href=\"https:\/\/www.parafiawierzbno.com.pl\/?page_id=4204\">Czytaj dalej <span class=\"meta-nav\">&rarr; <\/span><\/a><\/p>\n","protected":false},"author":1,"featured_media":0,"parent":225,"menu_order":0,"comment_status":"closed","ping_status":"closed","template":"","meta":{"ngg_post_thumbnail":0},"_links":{"self":[{"href":"https:\/\/www.parafiawierzbno.com.pl\/index.php?rest_route=\/wp\/v2\/pages\/4204"}],"collection":[{"href":"https:\/\/www.parafiawierzbno.com.pl\/index.php?rest_route=\/wp\/v2\/pages"}],"about":[{"href":"https:\/\/www.parafiawierzbno.com.pl\/index.php?rest_route=\/wp\/v2\/types\/page"}],"author":[{"embeddable":true,"href":"https:\/\/www.parafiawierzbno.com.pl\/index.php?rest_route=\/wp\/v2\/users\/1"}],"replies":[{"embeddable":true,"href":"https:\/\/www.parafiawierzbno.com.pl\/index.php?rest_route=%2Fwp%2Fv2%2Fcomments&post=4204"}],"version-history":[{"count":10,"href":"https:\/\/www.parafiawierzbno.com.pl\/index.php?rest_route=\/wp\/v2\/pages\/4204\/revisions"}],"predecessor-version":[{"id":4272,"href":"https:\/\/www.parafiawierzbno.com.pl\/index.php?rest_route=\/wp\/v2\/pages\/4204\/revisions\/4272"}],"up":[{"embeddable":true,"href":"https:\/\/www.parafiawierzbno.com.pl\/index.php?rest_route=\/wp\/v2\/pages\/225"}],"wp:attachment":[{"href":"https:\/\/www.parafiawierzbno.com.pl\/index.php?rest_route=%2Fwp%2Fv2%2Fmedia&parent=4204"}],"curies":[{"name":"wp","href":"https:\/\/api.w.org\/{rel}","templated":true}]}}