{"id":4302,"date":"2016-06-05T11:05:51","date_gmt":"2016-06-05T09:05:51","guid":{"rendered":"https:\/\/www.parafiawierzbno.com.pl\/?page_id=4302"},"modified":"2016-07-03T12:51:12","modified_gmt":"2016-07-03T10:51:12","slug":"ogloszenia-czerwiec-2016","status":"publish","type":"page","link":"https:\/\/www.parafiawierzbno.com.pl\/?page_id=4302","title":{"rendered":"Og\u0142oszenia &#8211; Czerwiec 2016"},"content":{"rendered":"<p><a title=\"Og\u0142oszenia parafialne\" href=\"https:\/\/www.parafiawierzbno.com.pl\/?page_id=225\">Powr\u00f3t do listy og\u0142osze\u0144<\/a><\/p>\n<h2 style=\"text-align: center;\"><span style=\"color: #339966;\"><strong>26 czerwca \u2013 XIII Niedziela zwyk\u0142a<\/strong><\/span><\/h2>\n<p><strong>1. <\/strong>Po Mszy \u015bw. o 9.00 m\u0142odzi z Bia\u0142ej Podlaskiej przedstawi\u0105 <strong>spektakl pt. \u201eHistoria pewnego powo\u0142ania\u201d<\/strong>. Z serca dzi\u0119kuj\u0119 za to, m\u0142odzie\u017c potrafi si\u0119 zmobilizowa\u0107 i rozwija\u0107 swoje talenty. O godz. 15.00 zapraszam na boisko szkolne na mecz Ministranci kontra reszta \u015bwiata.<\/p>\n<p>2. W \u015brod\u0119 <strong>uroczysto\u015b\u0107 Patron\u00f3w Parafii \u015bw. Aposto\u0142\u00f3w Piotra i Paw\u0142a<\/strong>. Msze \u015bw. o 9.00, 12.00 i 18.00. Zapraszam szczeg\u00f3lnie na uroczyst\u0105 sum\u0119 o 12.00, kt\u00f3rej b\u0119dzie przewodniczy\u0142 duszpasterz sportowc\u00f3w <strong>ks. Pra\u0142at Miros\u0142aw Mikulski<\/strong>. Serdecznie zapraszam s\u0142u\u017cb\u0119 liturgiczn\u0105, druh\u00f3w stra\u017cak\u00f3w do asysty w procesji i niech wszystkie chor\u0105gwie i feretrony dodadz\u0105 powagi procesji eucharystycznej na zako\u0144czenie Eucharystii. Zach\u0119cam do skorzystania z sakramentu pokuty, aby zyska\u0107 odpust, czyli darowanie kar jakie zaci\u0105gamy przez nasze grzechy.<\/p>\n<p>3. <strong>Pierwszy pi\u0105tek miesi\u0105ca<\/strong>, Msza \u015bw. o 7.30 i 18.00 z aktem wynagrodzenia Naj\u015bwi\u0119tszemu Sercu Pana Jezusa. Od 9.00 odwiedz\u0119 chorych, kt\u00f3rzy pragn\u0105 przyj\u0105\u0107 Chrystusa Pana w Komunii \u015bw.<\/p>\n<p>4. W sobot\u0119 <strong>diecezjalny dzie\u0144 chorego<\/strong> w sanktuarium Matki Bo\u017cej w Kodniu. Og\u0142oszenie i zaproszenie w gablocie przed ko\u015bcio\u0142em.<\/p>\n<p><strong><em>5<\/em><\/strong>. Najbli\u017csza niedziela, to pierwsza niedziela lipca. Po sumie wystawienie Naj\u015bwi\u0119tszego Sakramentu i procesja eucharystyczna wok\u00f3\u0142 ko\u015bcio\u0142a. Potem zmianka tajemnic r\u00f3\u017ca\u0144cowych. Ofiarami do puszek b\u0119dziemy mogli zn\u00f3w wesprze\u0107 ks. Jaros\u0142awa Dziedzica, misjonarza z Boliwii.<\/p>\n<p>6. Serdecznie <strong>dzi\u0119kuj\u0119 mieszka\u0144com Lasu Jaworskiego za segregacj\u0119 \u015bmieci i wyw\u00f3z li\u015bci i ga\u0142\u0119zi na kompostownik<\/strong>. Gor\u0105co prosz\u0119 wszystkich o segregacj\u0119 \u015bmieci: plastyk wk\u0142adamy do \u017c\u00f3\u0142tych work\u00f3w, a szk\u0142o do bia\u0142ych.<\/p>\n<p>7. Dzi\u0119kuj\u0119 za ofiary na remont parkanu cmentarza. Pod koniec lipca zaczniemy kry\u0107 blach\u0105 aluminiow\u0105 parkan cmentarza.<\/p>\n<p>8. Dzi\u0119kuj\u0119 rodzinom z Wierzbna za sprz\u0105tanie ko\u015bcio\u0142a i zapraszam na sobot\u0119: p. Ann\u0119 i Cezarego Dudek, p. Duni\u0119 Pazdyka oraz p. Renat\u0119 i Miros\u0142awa Jachimowicz.<\/p>\n<p>9. Zach\u0119cam do lektury nowy nr \u201eEcha Katolickiego\u201d. Znajdziemy ciekawe informacje: Jak odnale\u017a\u0107 sens choroby i cierpienia? Czym grozi nadmierne spo\u017cycie soli i w jakich produktach znajdziemy jej najwi\u0119cej? Jest tak\u017ce artyku\u0142 o spektaklu przygotowanym przez m\u0142odzie\u017c gimnazjaln\u0105: \u201e<strong>Od chrztu Polski do chrztu Litwy\u201d.<\/strong><\/p>\n<p>10. Wczoraj w naszej \u015bwi\u0105tyni zawarli <strong>Sakrament Ma\u0142\u017ce\u0144stwa<\/strong>: <strong>\u017baneta Filipiak i Marcin Bieniek<\/strong>. \u017byczymy nowo\u017ce\u0144com, aby z Bo\u017c\u0105 pomoc\u0105 stworzyli pi\u0119kn\u0105 chrze\u015bcija\u0144sk\u0105 rodzin\u0119.<\/p>\n<h2 style=\"text-align: center;\"><span style=\"color: #008000;\"><strong>19 czerwca \u2013 XII Niedziela zwyk\u0142a<\/strong><\/span><\/h2>\n<p><strong>1. <\/strong>Dzi\u015b po Mszy \u015bw. o 9.00 <strong>spotkanie z Rad\u0105 Parafialn\u0105<\/strong>. Serdecznie zapraszam tak\u017ce tych, kt\u00f3rzy chc\u0105 w\u0142\u0105czy\u0107 si\u0119 we wsp\u00f3lne dzia\u0142ania parafii. Ofiarami do puszek wspieramy KUL. Wczoraj nasi ministranci odnie\u015bli zwyci\u0119stwo nad dru\u017cyn\u0105 ministranck\u0105 Wi\u015bniewa.<\/p>\n<p>2. Kontynuujemy w promowanie <strong>obywatelskiego projektu o prawie do narodzin dla ka\u017cdego dziecka<\/strong>. Trzeba zebra\u0107 minimum 100 tys. podpis\u00f3w, aby projekt by\u0142 rozpatrywany przez Sejm RP. Na stoliku za \u0142awkami le\u017c\u0105 formularze do sk\u0142adania podpis\u00f3w. Nale\u017cy poda\u0107 dane osobowe wraz z Peselem.<\/p>\n<p>3. W poniedzia\u0142ek o 19.00 spotkanie dla tych, kt\u00f3rzy pragn\u0105 jecha\u0107 na <strong>pielgrzymk\u0119 do Ziemi \u015awi\u0119tej <\/strong>w dniach 15 &#8211; 22 pa\u017adziernika.<\/p>\n<p><strong><em>4<\/em><\/strong>. W pi\u0105tek <strong>uroczysto\u015b\u0107 Narodzenia \u015bw. Jana Chrzciciela<\/strong>. Z racji uroczysto\u015bci mo\u017cemy w tym dniu spo\u017cywa\u0107 pokarmy mi\u0119sne. O godz. 8.00 Msza \u015bw. z racji zako\u0144czenia roku szkolnego, a wieczorem Eucharystia o 18.00 i litania do Naj\u015bwi\u0119tszego Serca Pana Jezusa.<\/p>\n<p>5. Zbli\u017ca si\u0119 <strong>odpust parafialny \u015bw. Aposto\u0142\u00f3w Piotra i Paw\u0142a<\/strong>. Uroczystej sum\u0119 29 czerwca o godz. 12.00 b\u0119dzie przewodniczy\u0142 <strong>ks. Pra\u0142at Miros\u0142aw Mikulski<\/strong>. Mam serdeczn\u0105 pro\u015bb\u0119: aby w tym tygodniu zrobi\u0107 porz\u0105dki na grobach bliskich zmar\u0142ych, a tak\u017ce skosi\u0107 traw\u0119, kt\u00f3ra ro\u015bnie przy mogi\u0142ach. W sobot\u0119 25 czerwca od 9.00 zapraszam mieszka\u0144c\u00f3w Lasu Jaworskiego do segregacji \u015bmieci oraz wywiezienia li\u015bci i trawy na kompostownik.<\/p>\n<p>6. W niedziel\u0119 <strong>26 czerwca<\/strong> m\u0142odzie\u017c z Bia\u0142ej Podlaskiej po Mszy \u015bw. o 9.00 wystawi sztuk\u0119, pt. <strong>\u201eHistoria jednego powo\u0142ania\u201d.<\/strong> O godz. 15.00 zapraszam na boisko przy szkole na <strong>mecz w pi\u0142k\u0119 no\u017cn\u0105: ministranci kontra seniorzy.<\/strong><\/p>\n<p><strong>7. <\/strong>Fundacja <strong>\u201ePomoc Ko\u015bcio\u0142owi w Potrzebie\u201d<\/strong> przeprowadza w czwartek <strong>21 czerwca zbi\u00f3rk\u0119 zu\u017cytego sprz\u0119tu elektrycznego<\/strong>, aby realizowa\u0107 projekty w krajach misyjnych: studnie, szko\u0142y i szpitale. Zach\u0119cam do w\u0142\u0105czenia si\u0119 w t\u0105 akcj\u0119 i proponuj\u0119, aby zu\u017cyty sprz\u0119t z\u0142o\u017cy\u0107 na parkingu przy sklepie p. Gog\u0142ozy.<\/p>\n<p>8. Z serca dzi\u0119kuj\u0119 za solidne posprz\u0105tanie ko\u015bcio\u0142a i wykoszenie trawy wok\u00f3\u0142 \u015bwi\u0105tyni. Zapraszam na sobot\u0119: p. Henryk\u0119 i Andrzeja Miklaszewskich, p. Sylwestra Mali\u015bkiewicza oraz Teodozj\u0119 i Waldemara Witowskich<\/p>\n<p><strong><em>9.<\/em><\/strong> Zach\u0119cam do lektury nowy nr \u201eEcha Katolickiego\u201d. Znajdziemy w nim obszern\u0105 relacj\u0119 ze \u015bwi\u0119ce\u0144 kap\u0142a\u0144skich. Przeczytamy o zbli\u017caj\u0105cej si\u0119 beatyfikacji ks. Prymasa Tysi\u0105clecia i o nadziejach na zmiany w polskiej o\u015bwiacie.<\/p>\n<h2 style=\"text-align: center;\"><span style=\"color: #008000;\"><strong>12 czerwca \u2013 XI Niedziela zwyk\u0142a<\/strong><\/span><\/h2>\n<p><strong>1. <\/strong>Dzi\u015b po Mszy \u015bw. o 9.00 zmianka tajemnic R\u00f3\u017ca\u0144ca dla wsp\u00f3lnoty rodzic\u00f3w modl\u0105cych si\u0119 za dzieci. Jeszcze raz serdecznie dzi\u0119kuj\u0119 za wsparcie modlitw\u0105 i ofiarami misjonarza ks. Jaros\u0142awa Dziedzica.<\/p>\n<p>2. Pragniemy w\u0142\u0105czy\u0107 si\u0119 w promowanie <strong>obywatelskiego projektu o prawie do narodzin dla ka\u017cdego dziecka<\/strong>. Trzeba zebra\u0107 minimum 100 tys. podpis\u00f3w, aby projekt by\u0142 rozpatrywany przez Sejm RP. Na stoliku za \u0142awkami le\u017c\u0105 formularze do sk\u0142adania podpis\u00f3w. Nale\u017cy poda\u0107 dane osobowe wraz z Peselem.<\/p>\n<p>3. Jutro po Mszy \u015bw. o 18.00 <strong>Nabo\u017ce\u0144stwo Fatimskie<\/strong>, kt\u00f3re zako\u0144czymy litani\u0105 do Naj\u015bwi\u0119tszego Serca Pana Jezusa. Zach\u0119cam do licznego udzia\u0142u.<\/p>\n<p>4. W \u015brod\u0119 o 15.00 Msza \u015bw. w remizie OSP w Jaworku. Zapraszam wychowank\u00f3w MOWu i mieszka\u0144c\u00f3w Jaworka.<\/p>\n<p>5. W pi\u0105tek <strong>spotkanie dla kandydat\u00f3w do Sakramentu Bierzmowania<\/strong>. Od 17.30 spowied\u017a dla m\u0142odzie\u017cy z racji zbli\u017caj\u0105cego si\u0119 zako\u0144czenia roku szkolnego, o 18.00 Msza \u015bw. z katechez\u0105. Informuj\u0119, \u017ce osoby zapisane na \u015awiatowe Dni M\u0142odzie\u017cy w Krakowie do ko\u0144ca czerwca powinny wp\u0142aci\u0107 ca\u0142\u0105 nale\u017cno\u015b\u0107.<\/p>\n<p>6. W najbli\u017csz\u0105 niedziel\u0119 po Mszy \u015bw. o 9.00 <strong>spotkanie z rad\u0105 parafialn\u0105<\/strong>. Ofiarami do puszek wspieramy KUL.<\/p>\n<p>7. W sobot\u0119 <strong>18 czerwca<\/strong> organizujemy <strong>rajd rowerowy dla ministrant\u00f3w do Wi\u015bniewa<\/strong>. W programie jest zapoznanie z gronem ministranckim z Wi\u015bniewa, mecz w pi\u0142k\u0119 no\u017cn\u0105 i kie\u0142basa z grilla.<\/p>\n<p>8. We wtorek 14 czerwca w O\u015brodku Zdrowia odb\u0119dzie si\u0119 <strong>komputerowe badanie wzroku<\/strong> i pomiar ci\u015bnienia \u015br\u00f3dga\u0142kowego. Szczeg\u00f3\u0142y w gablocie przy ko\u015bciele.<\/p>\n<p>9. Fundacja <strong>\u201ePomoc Ko\u015bcio\u0142owi w Potrzebie\u201d<\/strong> przeprowadza w czwartek <strong>21 czerwca zbi\u00f3rk\u0119 zu\u017cytego sprz\u0119tu elektrycznego<\/strong>, aby realizowa\u0107 projekty w krajach misyjnych: studnie, szko\u0142y i szpitale. Zach\u0119cam do w\u0142\u0105czenia si\u0119 w t\u0105 akcj\u0119 i proponuj\u0119, aby zu\u017cyty sprz\u0119t z\u0142o\u017cy\u0107 na parkingu przy sklepie p. Gog\u0142ozy.<\/p>\n<p>10. Z serca dzi\u0119kuj\u0119 rodzinom z Wierzbna za sprz\u0105tanie ko\u015bcio\u0142a. Na sobot\u0119 zapraszam: p. Agnieszk\u0119 i Witolda Kujawa, p. Krystyn\u0119 i Romana Gog\u0142oza, oraz p. Bogus\u0142awa Tylusa.<\/p>\n<p>11. Zach\u0119cam do lektury nowy nr \u201eEcha Katolickiego\u201d. Znajdziemy w nim relacj\u0119 z kanonizacji o. Stanis\u0142awa Papczy\u0144skiego, artyku\u0142 o ojcostwie a tak\u017ce o diecezjalnej Szkole Nowej Ewangelizacji.<\/p>\n<p>12. Do <strong>Sakramentu Ma\u0142\u017ce\u0144stwa<\/strong> przygotowuj\u0105 si\u0119: <strong>Marcin Bieniek<\/strong>, kawaler z Lipnik parafii \u015bw. Wawrzy\u0144ca w Korytnicy i <strong>\u017baneta Filipiak<\/strong>, panna z Jan\u00f3wka parafii tutejszej, zapowied\u017a trzecia. Otoczmy ich gor\u0105c\u0105 modlitw\u0105.<\/p>\n<h2 style=\"text-align: center;\"><span style=\"color: #339966;\"><strong>5 czerwca \u2013 X Niedziela zwyk\u0142a<\/strong><\/span><\/h2>\n<p>1. Ju\u017c po raz IX obchodzimy <strong>Dzie\u0144 Dzi\u0119kczynienia<\/strong> Panu Bogu za woln\u0105 Polsk\u0119. My\u015bl\u0105 przewodni\u0105 tego dnia s\u0105 s\u0142owa: <strong>\u201eChrzest darem mi\u0142osierdzia\u201d,<\/strong> a szczeg\u00f3lnym or\u0119downikiem \u015bw. Maksymilian Maria Kolbe. Ofiary do puszek s\u0105 przeznaczone na \u015awi\u0105tyni\u0119 Opatrzno\u015bci Bo\u017cej w Warszawie. Go\u015bcimy z rado\u015bci\u0105 <strong>misjonarza ks. Jaros\u0142awa Dziedzica, pos\u0142uguj\u0105cego w Boliwii<\/strong>,\u00a0 przyjaciela naszej parafii. Dzi\u0119kuj\u0119 za jego \u015bwiadectwo wiary i Wam, z serca dzi\u0119kuj\u0119 za ofiary na misje katolickie. Dzi\u0119ki modlitwie i ofierze ka\u017cdy z nas mo\u017ce by\u0107 misjonarzem. Ks. Jaros\u0142aw po Mszy \u015bw. b\u0119dzie rozdawa\u0142 widok\u00f3wki ze swej parafii i mo\u017cna z\u0142o\u017cy\u0107 ofiar\u0119, by dopom\u00f3c w zakupie monstrancji i ornat\u00f3w. Obraz Pana Jezusa Mi\u0142osiernego rozpocznie nawiedzenie rodzin w Wierzbnie, niech umacnia pok\u00f3j i jedno\u015b\u0107 w naszych rodzinach.<\/p>\n<p>2. Z racji pierwszej niedzieli miesi\u0105ca o 11.30 adoracja Naj\u015bwi\u0119tszego Sakramentu i nabo\u017ce\u0144stwo ku czci Naj\u015bw. Serca Pana Jezusa. <strong>Intencje Apostolstwa Modlitwy na czerwiec:<\/strong> <strong><em>Og\u00f3lna:<\/em><\/strong> <em>Aby osoby w podesz\u0142ym wieku, zepchni\u0119te na margines i samotne znajdowa\u0142y, r\u00f3wnie\u017c w wielkich miastach, okazje do spotkania i solidarno\u015b\u0107; <strong>Ewangelizacyjna:<\/strong> Aby seminarzy\u015bci, nowicjusze i nowicjuszki spotykali formator\u00f3w \u017cyj\u0105cych z rado\u015bci\u0105 Ewangeli\u0105, kt\u00f3rzy m\u0105drze przygotuj\u0105 ich do misji, jak\u0105 maj\u0105 pe\u0142ni\u0107<\/em>.<\/p>\n<p>3. Dzi\u015b w naszej spo\u0142eczno\u015bci <strong>III Festyn Rodzinny \u201eRodzina g\u00f3r\u0105!\u201d<\/strong>, aby promowa\u0107 rodzin\u0119 i budowa\u0107 przyjazne relacje z lud\u017ami. Rozpoczniemy modlitw\u0105 za rodziny na Mszy \u015bw. o 12.00, a potem wraz z Orkiestr\u0105 D\u0119t\u0105 z Liwa przejdziemy na boisko szkolne. Zach\u0119cam z ca\u0142ego serca do wzi\u0119cia udzia\u0142u w Festynie. Atrakcji mn\u00f3stwo, wyst\u0119py dzieci i m\u0142odzie\u017cy, spektakl o Chrzcie Polski i bajka \u201eKopciuszek\u201d w wykonaniu rodzic\u00f3w, pokazy stra\u017cackie i dyskoteka. Moi Drodzy! Nie mo\u017ce Was zabrakn\u0105\u0107!<\/p>\n<p>4. Od najbli\u017cszej niedzieli i przez ca\u0142e lato suma b\u0119dzie sprawowana o godz. 11.00. Zach\u0119cam do licznego uczestnictwa w <strong>nabo\u017ce\u0144stwach<\/strong> <strong>ku czci Naj\u015bwi\u0119tszego Serca Pana<\/strong> <strong>Jezusa<\/strong>: w dni powszednie po Mszy \u015bw. o 18.00 a w niedziel\u0119 przed sum\u0105.<\/p>\n<p>5. Serdecznie <strong>dzi\u0119kuj\u0119 rodzinom z Wierzbna za sprz\u0105tanie ko\u015bcio\u0142a<\/strong> i zapraszam w sobot\u0119: p. Janin\u0119 i Waldemara Replin, p. Ew\u0119 i Mariusza Replin oraz p. Mart\u0119 i Huberta Ha\u0142adaj.<\/p>\n<p>6. W sobot\u0119 <strong>18 czerwca<\/strong> organizujemy <strong>rajd rowerowy dla ministrant\u00f3w do Wi\u015bniewa<\/strong>. Zapoznanie z gronem ministranckim z Wi\u015bniewa, mecz w pi\u0142k\u0119 no\u017cn\u0105 i kie\u0142basa z grilla.<\/p>\n<p>7. Dzi\u0119kuj\u0119 za ofiary na remont parkanu cmentarza. Serdeczne \u201eB\u00f3g zap\u0142a\u0107!\u201d<\/p>\n<p>8. Do <strong>Sakramentu Ma\u0142\u017ce\u0144stwa<\/strong> przygotowuj\u0105 si\u0119: <strong>Marcin Bieniek<\/strong>, kawaler z Lipnik parafii \u015bw. Wawrzy\u0144ca w Korytnicy i <strong>\u017baneta Filipiak<\/strong>, panna z Jan\u00f3wka parafii tutejszej, zapowied\u017a druga. Otoczmy ich gor\u0105c\u0105 modlitw\u0105.<\/p>\n<p>9. Zach\u0119cam do lektury nowy nr \u201eEcha Katolickiego\u201d. Przeczytamy o skutecznej szkole Bo\u017cej mi\u0142o\u015bci, jak B\u00f3g potrafi uczyni\u0107 z ateisty charyzmatycznego ksi\u0119dza oraz jak \u0142atwo mo\u017cna manipulowa\u0107 nasz\u0105 \u015bwiadomo\u015bci\u0105.<\/p>\n<p>10. Pan B\u00f3g powo\u0142a\u0142 do wieczno\u015bci <strong>\u015bp. Mariann\u0119 Jachimowicz<\/strong>. Z ofiar zebranych na pogrzebie b\u0119dzie sprawowane 4 Msze \u015bw. o zbawienie jej duszy. <em>Wieczny odpoczynek racz jej da\u0107, Panie&#8230;<\/em><\/p>\n","protected":false},"excerpt":{"rendered":"<p>Powr\u00f3t do listy og\u0142osze\u0144 26 czerwca \u2013 XIII Niedziela zwyk\u0142a 1. Po Mszy \u015bw. o 9.00 m\u0142odzi z Bia\u0142ej Podlaskiej przedstawi\u0105 spektakl pt. \u201eHistoria pewnego powo\u0142ania\u201d. Z serca dzi\u0119kuj\u0119 za to, m\u0142odzie\u017c potrafi si\u0119 zmobilizowa\u0107 i rozwija\u0107 swoje talenty. O godz. 15.00 zapraszam na boisko szkolne na mecz Ministranci kontra reszta \u015bwiata. 2. W \u015brod\u0119 uroczysto\u015b\u0107 Patron\u00f3w Parafii \u015bw. Aposto\u0142\u00f3w Piotra i Paw\u0142a. Msze \u015bw. o 9.00, 12.00 i 18.00. Zapraszam szczeg\u00f3lnie na uroczyst\u0105 sum\u0119 o 12.00, kt\u00f3rej b\u0119dzie przewodniczy\u0142 duszpasterz sportowc\u00f3w ks. Pra\u0142at Miros\u0142aw Mikulski. Serdecznie zapraszam s\u0142u\u017cb\u0119 liturgiczn\u0105, druh\u00f3w stra\u017cak\u00f3w do asysty w procesji i niech wszystkie chor\u0105gwie i feretrony dodadz\u0105 powagi procesji eucharystycznej na zako\u0144czenie Eucharystii. Zach\u0119cam do skorzystania z sakramentu pokuty, aby zyska\u0107 odpust, czyli darowanie kar jakie zaci\u0105gamy przez nasze grzechy. 3. Pierwszy pi\u0105tek miesi\u0105ca, Msza \u015bw. o 7.30 i 18.00 z aktem wynagrodzenia Naj\u015bwi\u0119tszemu Sercu Pana Jezusa. Od 9.00 odwiedz\u0119 chorych, kt\u00f3rzy pragn\u0105 przyj\u0105\u0107 \u2026 <a class=\"continue-reading-link\" href=\"https:\/\/www.parafiawierzbno.com.pl\/?page_id=4302\">Czytaj dalej <span class=\"meta-nav\">&rarr; <\/span><\/a><\/p>\n","protected":false},"author":1,"featured_media":0,"parent":225,"menu_order":0,"comment_status":"closed","ping_status":"closed","template":"","meta":{"ngg_post_thumbnail":0},"_links":{"self":[{"href":"https:\/\/www.parafiawierzbno.com.pl\/index.php?rest_route=\/wp\/v2\/pages\/4302"}],"collection":[{"href":"https:\/\/www.parafiawierzbno.com.pl\/index.php?rest_route=\/wp\/v2\/pages"}],"about":[{"href":"https:\/\/www.parafiawierzbno.com.pl\/index.php?rest_route=\/wp\/v2\/types\/page"}],"author":[{"embeddable":true,"href":"https:\/\/www.parafiawierzbno.com.pl\/index.php?rest_route=\/wp\/v2\/users\/1"}],"replies":[{"embeddable":true,"href":"https:\/\/www.parafiawierzbno.com.pl\/index.php?rest_route=%2Fwp%2Fv2%2Fcomments&post=4302"}],"version-history":[{"count":6,"href":"https:\/\/www.parafiawierzbno.com.pl\/index.php?rest_route=\/wp\/v2\/pages\/4302\/revisions"}],"predecessor-version":[{"id":4339,"href":"https:\/\/www.parafiawierzbno.com.pl\/index.php?rest_route=\/wp\/v2\/pages\/4302\/revisions\/4339"}],"up":[{"embeddable":true,"href":"https:\/\/www.parafiawierzbno.com.pl\/index.php?rest_route=\/wp\/v2\/pages\/225"}],"wp:attachment":[{"href":"https:\/\/www.parafiawierzbno.com.pl\/index.php?rest_route=%2Fwp%2Fv2%2Fmedia&parent=4302"}],"curies":[{"name":"wp","href":"https:\/\/api.w.org\/{rel}","templated":true}]}}