{"id":4347,"date":"2016-07-03T13:53:26","date_gmt":"2016-07-03T11:53:26","guid":{"rendered":"https:\/\/www.parafiawierzbno.com.pl\/?page_id=4347"},"modified":"2016-07-31T13:41:25","modified_gmt":"2016-07-31T11:41:25","slug":"ogloszenia-lipiec-2016","status":"publish","type":"page","link":"https:\/\/www.parafiawierzbno.com.pl\/?page_id=4347","title":{"rendered":"Og\u0142oszenia &#8211; Lipiec 2016"},"content":{"rendered":"<p><a title=\"Og\u0142oszenia parafialne\" href=\"https:\/\/www.parafiawierzbno.com.pl\/?page_id=225\">Powr\u00f3t do listy og\u0142osze\u0144<\/a><\/p>\n<h2 style=\"text-align: center;\"><span style=\"color: #008000;\"><strong>31 lipca \u2013 XVIII Niedziela zwyk\u0142a<\/strong><\/span><\/h2>\n<p><strong>\u00a01. <\/strong>Prze\u017cywamy centralne <strong>uroczysto\u015bci \u015awiatowych Dni M\u0142odzie\u017cy w Krakowie<\/strong> wraz z Ojcem \u015bw. Franciszkiem. Wczoraj o 10.30 w sanktuarium \u015bw. Jana Paw\u0142a II sprawowa\u0142em Eucharysti\u0119 w intencji ca\u0142ej naszej parafii, a dzi\u015b o 10.00 na Campus Misericordiae polecam Jezusowi Mi\u0142osiernemu nasz\u0105 m\u0142odzie\u017c, aby \u015bwiadczy\u0142a o swojej wierze i ch\u0119tnie pe\u0142ni\u0142a dzie\u0142a mi\u0142osierdzia.<\/p>\n<p>2. Jest <strong>grafik na sierpie\u0144 dla s\u0142u\u017cby liturgicznej<\/strong>, czytaj\u0105cej s\u0142owo Bo\u017ce podczas Eucharystii. Prosz\u0119 zg\u0142osi\u0107 si\u0119 do zakrystii. Z racji uczestnictwa w duchowej Pielgrzymce <strong>od 4 do 13 sierpnia<\/strong> zapraszam na <strong>Msz\u0119 \u015bw. o 20.00<\/strong>, a po niej R\u00f3\u017caniec w jedno\u015bci z pielgrzymami zmierzaj\u0105cymi do tronu naszej Matki i Kr\u00f3lowej i Apel Jasnog\u00f3rski.<\/p>\n<p>3. W <strong>\u015brod\u0119 oko\u0142o 16.00<\/strong> przybywaj\u0105 do naszej parafii <strong>pielgrzymi z 30 Bia\u0142ostockiej Pieszej Pielgrzymki<\/strong>. Mamy dobr\u0105 okazj\u0119, aby okaza\u0107 im mi\u0142o\u015b\u0107 w czynach. Zr\u00f3bmy jak dyktuje nam serce. Serdecznie prosz\u0119 o zrobienie dla pielgrzym\u00f3w pierog\u00f3w z grzybami, z kapust\u0105 i mi\u0119sem, a we wtorek i \u015brod\u0119 mo\u017cna je przynosi\u0107 na plebani\u0119. Jak sta\u0142o si\u0119 ju\u017c tradycj\u0105, chcemy ugo\u015bci\u0107 w \u015brod\u0119 pielgrzym\u00f3w kolacj\u0105 i na \u015bniadanie w czwartek o 7.00 rano. Prosz\u0119 woluntariuszy do pomocy w pos\u0142udze pielgrzymom. B\u0119dzie te\u017c kie\u0142basa do grillowania. Mo\u017ce kt\u00f3ry\u015b z pan\u00f3w podejmie si\u0119 tego zadania. W <strong>pi\u0105tek <\/strong>oko\u0142o<strong> godz. 14.00<\/strong> przyjad\u0105 do nas <strong>rowerowi pielgrzymi<\/strong>, aby odpocz\u0105\u0107, posili\u0107 si\u0119 i pomodli\u0107 si\u0119 do Mi\u0142osierdzia Bo\u017cego.<\/p>\n<p>4. W tym tygodniu <strong>Pierwszy czwartek miesi\u0105ca<\/strong>. Zapraszam na Msz\u0119 \u015bw. o 18.00 i 20.00. Od godz. 19.00 adoracja Naj\u015bwi\u0119tszego Sakramentu, R\u00f3\u017caniec w duchowej jedno\u015bci z pielgrzymami i modlitwa o powo\u0142ania kap\u0142a\u0144skie i zakonne.<\/p>\n<p><strong>5. Pierwszy pi\u0105tek miesi\u0105ca<\/strong>. Zapraszam na Msz\u0119 \u015bw. wynagradzaj\u0105c\u0105 za grzechy nasze i ca\u0142ego \u015bwiata o 7.30 i 20.00. Od godz. 9.00 odwiedzam chorych, pragn\u0105cych przyj\u0105\u0107 Pana Jezusa w Komunii \u015bw.<\/p>\n<p>6. W sobot\u0119 <strong>\u015bwi\u0119to Przemienienia Pa\u0144skiego<\/strong>. Zapraszam na Msz\u0119 \u015bw. o 9.00 i18.00.<\/p>\n<p>7. W najbli\u017csz\u0105 niedziel\u0119 po sumie adoracja Naj\u015bwi\u0119tszego Sakramentu, procesja eucharystyczna i zmianka tajemnic r\u00f3\u017ca\u0144cowych. Tak\u017ce uroczysto\u015b\u0107 odpustowa w Gr\u0119bkowie.<\/p>\n<p>8. Informuj\u0119, \u017ce <strong>21 sierpnia<\/strong> na Mszy \u015bw. o 11.00 planujemy <strong>Do\u017cynki Parafialne<\/strong>. Serdeczna pro\u015bba do parafian, aby ka\u017cda miejscowo\u015b\u0107 przygotowa\u0142a wieniec do\u017cynkowy. Niech b\u0119dzie to znak naszej wdzi\u0119czno\u015bci Panu Bogu za b\u0142ogos\u0142awie\u0144stwo w pracy i tegoroczne zbiory.<\/p>\n<p>9. Z serca dzi\u0119kuj\u0119 za sprz\u0105tanie ko\u015bcio\u0142a i zapraszam na sobot\u0119: p. Wiolett\u0119 i Adama Florkowskich, p. Miros\u0142aw\u0119 i Jerzego Jachimowicz oraz Mariol\u0119 i Tomasza Jachimowicz.<\/p>\n<p><strong><em>10.<\/em><\/strong> Zach\u0119cam do lektury nowy nr \u201eEcha Katolickiego\u201d. Znajdziemy wiele ciekawych artyku\u0142\u00f3w i relacji ze \u015awiatowych Dni M\u0142odzie\u017cy.<\/p>\n<h2 style=\"text-align: center;\"><span style=\"color: #339966;\"><strong>24 lipca \u2013 XVII Niedziela zwyk\u0142a<\/strong><\/span><\/h2>\n<p style=\"text-align: left;\">1. Dzi\u015b po ka\u017cdej Mszy \u015bw. <strong>b\u0142ogos\u0142awie\u0144stwo samochod\u00f3w i motocykli<\/strong> z racji \u015bw. Krzysztofa. <strong>Akcja \u201e1 grosz za 1 km\u201d<\/strong> i zbi\u00f3rka ofiar na pojazdy na misjonarzy. Dzi\u015b tak\u017ce uroczysto\u015b\u0107 odpustowa w Kopciach.<\/p>\n<p>2. Trwaj\u0105 <strong>\u015awiatowe Dni M\u0142odzie\u017cy na poziomie diecezji<\/strong> i jestem pe\u0142en entuzjazmu po spotkaniach z m\u0142odymi w Siedlcach i w Kodniu. Jest du\u017co radosnej m\u0142odzie\u017cy z wielu kraj\u00f3w, m\u0142odzie\u017cy, kt\u00f3ra pragnie lepiej pozna\u0107 Jezusa i rozumiem sens s\u0142\u00f3w Jana Paw\u0142a II, \u017ce to m\u0142odzi s\u0105 nadziej\u0105 Ko\u015bcio\u0142a.<\/p>\n<p>W pi\u0105tek o godz <strong>4.10<\/strong> z parkingu przy ko\u015bciele <strong>wyje\u017cd\u017camy do Krakowa<\/strong>, aby tworzy\u0107 wsp\u00f3lnot\u0119 \u017cywego Ko\u015bcio\u0142a, nape\u0142nia\u0107 si\u0119 rado\u015bci\u0105 i blisko\u015bci\u0105 Pana Boga.<\/p>\n<p>3. W pi\u0105tek i w sobot\u0119 Mszy \u015bw. w Wierzbnie nie b\u0119dzie, a w niedziel\u0119 zast\u0105pi mnie ks. Kanonik Stanis\u0142aw Abramczuk. W sytuacjach nag\u0142ych prosz\u0119 zwraca\u0107 si\u0119 do ks. dziekana w Gr\u0119bkowie lub do ks. Miros\u0142awa w Czerwonce.<\/p>\n<p>4. Dzi\u0119kuj\u0119 za ofiary na remont parkanu cmentarza. Z serca \u201eB\u00f3g zap\u0142a\u0107!\u201d<\/p>\n<p>5. Serdecznie dzi\u0119kuj\u0119 za sprz\u0105tanie ko\u015bcio\u0142a i na sobot\u0119 zapraszam: p. Jolant\u0119 i Sylwestra Durka, p. El\u017cbiet\u0119 i Eugeniusza Kudelskiego oraz p. El\u017cbiet\u0119 i Wincentego Chabiera z Wierzbna.<\/p>\n<p>6. Do<strong> Sakramentu Ma\u0142\u017ce\u0144stwa <\/strong>przygotowuj\u0105 si\u0119:<strong> \u0141ukasz Jan Chencel<\/strong>, kawaler zam. w Siedlcach, parafia pw. \u015bw. J\u00f3zefa w Siedlcach<strong> i Marta Gadaj, <\/strong>panna zam. w Wierzbnie, zapowied\u017a trzecia. Otoczmy narzeczonych modlitw\u0105, aby z Bo\u017c\u0105 pomoc\u0105 stworzyli pi\u0119kn\u0105 chrze\u015bcija\u0144sk\u0105 rodzin\u0119.<\/p>\n<p><strong><em>7.<\/em><\/strong> Zach\u0119cam do lektury nowy nr \u201eEcha Katolickiego\u201d. Znajdziemy relacj\u0119 z SDM i niezwyk\u0142e historie ukazuj\u0105ce na czym polega mi\u0142osierdzie. A tak\u017ce podpowied\u017a jak nie da\u0107 si\u0119 naci\u0105gn\u0105\u0107 oszustom na telemedycyn\u0119.<\/p>\n<h2 style=\"text-align: center;\"><span style=\"color: #008000;\"><strong>17 lipca \u2013 XVI Niedziela zwyk\u0142a<\/strong><\/span><\/h2>\n<p><strong>\u00a01. <\/strong>Biskup Kazimierz Gurda kieruje do diecezjan <strong>List Pasterski z okazji \u015awiatowych Dni M\u0142odzie\u017cy w Krakowie<\/strong> oraz 36 Pieszej Pielgrzymki Podlaskiej na Jasn\u0105 G\u00f3r\u0119. Do Wierzbna <strong>3 sierpnia<\/strong> przyjd\u0105 pielgrzymi z Bia\u0142egostoku. Staropolskie powiedzenie przypomina, \u017ce: \u201eGo\u015b\u0107 w dom, B\u00f3g w dom\u201d. Jak co roku zaprosimy ich na nocleg i ugo\u015bcimy ich kolacj\u0105, aby mogli pokrzepi\u0107 swoje si\u0142y i odpocz\u0105\u0107 przed dalsz\u0105 drog\u0105. Gor\u0105co prosz\u0119 o przygotowanie pierog\u00f3w z mi\u0119sem, kapust\u0105, grzybami (mog\u0105 by\u0107 pieczarki). Je\u015bli sami nie mo\u017cemy wybra\u0107 si\u0119 na pielgrzymi szlak, to przez go\u015bcinne podj\u0119cie utrudzonych pielgrzym\u00f3w, mamy szans\u0119 poczu\u0107 ducha pielgrzymki.<\/p>\n<p><strong>Dzi\u015b odpust w Oleksinie<\/strong>, a o 15.00 mecz w pi\u0142k\u0119 no\u017cn\u0105: ministranci kontra reszta \u015bwiata. Wieczorem <strong>o 19.00<\/strong> wa\u017cne <strong>spotkanie w Gr\u0119bkowie dla m\u0142odzie\u017cy wyje\u017cd\u017caj\u0105cej do Krakowa na SDM<\/strong>.<\/p>\n<p>2. W sobot\u0119 jedziemy do <strong>Kodnia<\/strong> na <strong>spotkanie w ramach \u015awiatowych Dni M\u0142odzie\u017cy<\/strong> w naszej diecezji. Wyjazd o 13.30 z parkingu przy ko\u015bciele a powr\u00f3t wieczorem oko\u0142o 22.00. Serdecznie prosz\u0119, o zg\u0142oszenie si\u0119 do zakrystii po kart\u0119 uczestnika SDM.<\/p>\n<p>3. W najbli\u017csz\u0105 niedziel\u0119 z racji wspomnienia <strong>\u015bw. Krzysztofa<\/strong> po ka\u017cdej Mszy \u015bw. <strong>b\u0142ogos\u0142awie\u0144stwo samochod\u00f3w i motocykli<\/strong>. Przy okazji <strong>akcja \u201e1 gr za 1 km\u201d<\/strong> i zbi\u00f3rka na ofiar na pojazdy dla misjonarzy. W ubieg\u0142ym roku dzi\u0119ki Akcji \u015bw. Krzysztof misjonarze i misjonarki otrzymali 38 samochod\u00f3w, 12 motocykli i 438 rower\u00f3w na katechist\u00f3w misyjnych.<\/p>\n<p>4. Serdecznie dzi\u0119kuj\u0119 za sprz\u0105tanie ko\u015bcio\u0142a i na sobot\u0119 zapraszam: p. Barbar\u0119 i Krzysztofa Chabiera, p. Teres\u0119 i Waldemara Jachimowicz oraz Magd\u0119 i Krzysztofa Chabiera z Wierzbna.<\/p>\n<p>5. Wczoraj p. Krzysztof Ko\u0142ak <strong>odremontowa\u0142 cok\u00f3\u0142 o\u0142tarza polowego i wy\u0142o\u017cy\u0142 kostk\u0105<\/strong> doj\u015bcie do niego. Z serca dzi\u0119kuj\u0119 za t\u0119 prac\u0119.<\/p>\n<p>6. Jest <strong>konieczno\u015b\u0107 zrobienia nowego krzy\u017ca<\/strong>, aby zamieni\u0107 ten, kt\u00f3ry stoi na pocz\u0105tku Wierzbna przy skrzy\u017cowaniu na Jan\u00f3wek i Gr\u0119bk\u00f3w. B\u0119d\u0119 si\u0119 cieszy\u0142, gdy kto\u015b podaruje \u0142adnego d\u0105bka, aby nowy krzy\u017c by\u0142 znakiem naszej \u017cywej wiary.<\/p>\n<p>7. Dzi\u0119kuj\u0119 za ofiary na remont parkanu cmentarza i blach\u0119 na jego pokrycie: p. Mieczys\u0142aw Radzio \u2013 100 z\u0142, p. Jaros\u0142aw \u0141abarzewski \u2013 100 z\u0142. Serdeczne \u201eB\u00f3g zap\u0142a\u0107!\u201d<\/p>\n<p>8. Do<strong> Sakramentu Ma\u0142\u017ce\u0144stwa <\/strong>przygotowuj\u0105 si\u0119:<strong> \u0141ukasz Jan Chencel<\/strong>, kawaler zam. w Siedlcach, parafia pw. \u015bw. J\u00f3zefa w Siedlcach<strong> i Marta Gadaj, <\/strong>panna zam. w Wierzbnie, zapowied\u017a druga. Otoczmy narzeczonych modlitw\u0105, aby z Bo\u017c\u0105 pomoc\u0105 stworzyli pi\u0119kn\u0105 chrze\u015bcija\u0144sk\u0105 rodzin\u0119.<\/p>\n<p><strong><em>9.<\/em><\/strong> Zach\u0119cam do lektury nowy nr \u201eEcha Katolickiego\u201d. Przeczytamy o przygotowaniu naszego regionu do \u015awiatowych Dni M\u0142odzie\u017cy, o odpoczynku i niedzielnej Mszy \u015bw., a tak\u017ce o niebezpiecznej ro\u015blinie, kt\u00f3ra nazywa si\u0119: barszcz Sosnowskiego.<\/p>\n<h2 style=\"text-align: center;\"><span style=\"color: #339966;\"><strong>10 lipca \u2013 XV Niedziela zwyk\u0142a<\/strong><\/span><\/h2>\n<p><strong>1. <\/strong>Dzi\u015b prze\u017cywamy 15 niedziel\u0119 zwyk\u0142\u0105. Po Mszy \u015bw. o 9.00 zmianka tajemnic r\u00f3\u017ca\u0144cowych dla wsp\u00f3lnoty rodzic\u00f3w modl\u0105cych si\u0119 za dzieci.<\/p>\n<p><strong>2. <\/strong>Jutro \u015bwi\u0119to \u015bw. Benedykta opata, patrona Europy. Zapraszam na Eucharysti\u0119 o godz. 18.00.<\/p>\n<p><strong>3. <\/strong>W \u015brod\u0119, rocznica kolejnych objawie\u0144 Matki Bo\u017cej w Fatimie. Zapraszam na Msz\u0119 \u015bw. o 18.00 i <strong>nabo\u017ce\u0144stwo Fatimskie<\/strong>. B\u0119dziemy modli\u0107 si\u0119 w intencji m\u0142odzie\u017cy i o owoce \u015awiatowych Dni M\u0142odzie\u017cy w Krakowie.<\/p>\n<p><strong>4. <\/strong>W sobot\u0119 wspomnienie Matki Bo\u017cej Szkaplerznej. Msza \u015bw. o godz. 18.00.<\/p>\n<p><strong><em>5<\/em><\/strong><strong>. <\/strong>Przez ponad 2 lata Diecezja Siedlecka przygotowywa\u0142a si\u0119 duchowo i organizacyjnie na SDM 2016. Ju\u017c za kilka dni m\u0142odzie\u017c z 38 narodowo\u015bci przyjedzie do Siedlec, aby przez 5 dni prze\u017cywa\u0107 \u015awiatowe Dni M\u0142odzie\u017cy w naszej diecezji. W naszej diecezji zaplanowano 2 centralne uroczysto\u015bci: <strong>Gala Otwarcia<\/strong>, we czwartek <strong>21 lipca o godz. 18.00 w Siedlcach <\/strong>oraz <strong>Uroczysto\u015b\u0107 ku czci Matki Bo\u017cej Jedno\u015bci<\/strong> \u2013 Eucharystia w Kodniu w sobot\u0119 23 lipca o godz. 18.00, sprawowana w mi\u0119dzynarodowej wsp\u00f3lnocie.<\/p>\n<p>6. Zach\u0119cam m\u0142odych do uczestnictwa w spotkaniu w Kodniu i trwaj\u0105 zapisy.<\/p>\n<p>7. W \u015brod\u0119 b\u0119dzie przywieziona blacha na pokrycie parkanu cmentarza. Jej koszt to 13\u00a0700 z\u0142. Dzi\u0119kuj\u0119 za ofiary na remont parkanu: p. Dariusz Patoka \u2013 100 z\u0142.<\/p>\n<p><strong>8. <\/strong>Serdecznie dzi\u0119kuj\u0119 za sprz\u0105tanie ko\u015bcio\u0142a i zapraszam na sobot\u0119: p. Barbar\u0119 Jachimowicz, Lidi\u0119 i Adama Jachimowicz oraz p. Wincentego Lisieckiego z Wierzbna.<\/p>\n<p>9. Do<strong> Sakramentu Ma\u0142\u017ce\u0144stwa <\/strong>przygotowuj\u0105 si\u0119:<strong> \u0141ukasz Jan Chencel<\/strong>, kawaler zam. w Siedlcach, parafia pw. \u015bw. J\u00f3zefa w Siedlcach<strong> i Marta Gadaj, <\/strong>panna zam. w Wierzbnie, zapowied\u017a pierwsza. Otoczmy narzeczonych modlitw\u0105, aby z Bo\u017c\u0105 pomoc\u0105 stworzyli pi\u0119kn\u0105 chrze\u015bcija\u0144sk\u0105 rodzin\u0119.<\/p>\n<p><strong>10. <\/strong>Informuj\u0119, \u017ce w dniach <strong>1- 12 sierpnia gabinet lekarski w Wierzbnie b\u0119dzie nieczynny<\/strong> z powodu urlopu. W nag\u0142ych zachorowaniach zast\u0119pstwo w Revita-W\u0119gr\u00f3w, ul Bohater\u00f3w Warszawy, tel. 25\u00a0792 20 12.<\/p>\n<p><strong>11.\u00a0<\/strong>Zach\u0119cam do lektury nowy nr \u201eEcha Katolickiego\u201d. Znajdziemy w nim obszern\u0105 relacj\u0119 z Diecezjalnego Dnia Chorych w Kodniu, o propozycji ograniczenia handlu w niedziel\u0119 oraz o wydarzeniach na Wo\u0142yniu w lipcu 1943 r. Zach\u0119cam do lektury<\/p>\n<h2 style=\"text-align: center;\"><span style=\"color: #ff0000;\"><strong>3 lipca \u2013 XIV Niedziela zwyk\u0142a<\/strong><\/span><\/h2>\n<p><strong>\u00a01. <\/strong>Dzi\u015b pierwsza niedziela lipca. Ofiarami do puszek wspieramy misjonarza ks. Jaros\u0142awa Dziedzica i misje w Boliwii. Po sumie adoracja Naj\u015bwi\u0119tszego Sakramentu i procesja eucharystyczna wok\u00f3\u0142 ko\u015bcio\u0142a. Zmianka tajemnic r\u00f3\u017ca\u0144cowych. <strong><em>Intencje Apostolstwa Modlitwy <\/em><\/strong>na ten miesi\u0105c: <strong><em>Og\u00f3lna:<\/em><\/strong> <em>Aby szanowane by\u0142y ludy tubylcze, kt\u00f3rych to\u017csamo\u015b\u0107, a nawet egzystencja s\u0105 zagro\u017cone;<\/em> <strong><em>Ewangelizacyjna<\/em><\/strong>: <em>Aby Ko\u015bci\u00f3\u0142 w Ameryce \u0141aci\u0144skiej i na Karaibach poprzez swoj\u0105 misj\u0119 kontynentaln\u0105 g\u0142osi\u0142 Ewangeli\u0119 z odnowionym zapa\u0142em i entuzjazmem<\/em>.<\/p>\n<p>2. Serdecznie dzi\u0119kuj\u0119 wszystkim, kt\u00f3rzy w\u0142\u0105czyli si\u0119 w uroczyste \u015bwi\u0119towanie naszego parafialnego Odpustu \u015bw. Aposto\u0142\u00f3w Piotra i Paw\u0142a. Dzi\u015b o 15.00 zapraszam na boisko na mecz ministranci kontra reszta \u015bwiata.<\/p>\n<p>3. Od poniedzia\u0142ku do \u015brody w\u0142\u0105cznie jestem poza parafi\u0105 i nie b\u0119dzie Mszy \u015bw. W sprawach nag\u0142ych prosz\u0119 dzwoni\u0107 do dziekana w Gr\u0119bkowie lub do ks. Stanis\u0142awa Abramczuka (tel. 518\u00a0308 099).<\/p>\n<p>4. W <strong>czwartek od 17.00 adoracja Naj\u015bwi\u0119tszego Sakramentu<\/strong> i modlitwa o powo\u0142ania kap\u0142a\u0144skie i zakonne. O 18.00 w Eucharystii modlimy si\u0119 o Bo\u017ce Mi\u0142osierdzie dla zmar\u0142ych polecanych w wypominkach.<\/p>\n<p>5. W przysz\u0142\u0105 niedziel\u0119 po Mszy \u015bw. o 9.00 zmianka tajemnic r\u00f3\u017ca\u0144cowych wsp\u00f3lnoty rodzic\u00f3w modl\u0105cych si\u0119 za dzieci. Zapraszam.<\/p>\n<p>6. Z naszej parafii na \u015awiatowe Dni M\u0142odzie\u017cy w Krakowie i spotkanie z Ojcem \u015bw. Franciszkiem wybiera si\u0119 20 os\u00f3b. W <strong>Kodniu 23 lipca jest organizowane diecezjalne spotkanie m\u0142odych wraz z m\u0142odzie\u017c\u0105 z innych kraj\u00f3w<\/strong>. Planujemy wyjazd na to spotkanie i prosz\u0119 si\u0119 zapisywa\u0107. Koszt wyjazdu do Kodnia tylko 10 z\u0142.<\/p>\n<p>7. Serdecznie dzi\u0119kuj\u0119 za sprz\u0105tni\u0119cie ko\u015bcio\u0142a p. Jachimowiczom i na sobot\u0119 zapraszam: p. Barbar\u0119 Krzy\u017canowsk\u0105, p. Mariann\u0119 i Lecha Radzio oraz p. Miros\u0142aw\u0119 i Witolda Okrzeja.<\/p>\n<p>8. Z serca dzi\u0119kuj\u0119 za ofiary na remont parkanu cmentarza: p. Teresa i Andrzej Chabiera \u2013 200 z\u0142, p. Tadeusz Jab\u0142o\u0144ski \u2013 100 z\u0142, p. Alina i Ireneusz Karaban \u2013 200 z\u0142 oraz p. Renata i Miros\u0142aw Jachimowicz \u2013 2000 z\u0142. Serdeczne \u201eB\u00f3g zap\u0142a\u0107!\u201d<\/p>\n<p>9. Zach\u0119cam do lektury nowy nr \u201eEcha Katolickiego\u201d. Znajdziemy ciekawe informacje o \u015awiatowych Dniach M\u0142odzie\u017cy i pieszej pielgrzymce na Jasn\u0105 G\u00f3r\u0119. Jest te\u017c \u015bwiadectwo kobiety, kt\u00f3ra opu\u015bci\u0142a wsp\u00f3lnot\u0119 \u015bwiadk\u00f3w Jehowy.<\/p>\n","protected":false},"excerpt":{"rendered":"<p>Powr\u00f3t do listy og\u0142osze\u0144 31 lipca \u2013 XVIII Niedziela zwyk\u0142a \u00a01. Prze\u017cywamy centralne uroczysto\u015bci \u015awiatowych Dni M\u0142odzie\u017cy w Krakowie wraz z Ojcem \u015bw. Franciszkiem. Wczoraj o 10.30 w sanktuarium \u015bw. Jana Paw\u0142a II sprawowa\u0142em Eucharysti\u0119 w intencji ca\u0142ej naszej parafii, a dzi\u015b o 10.00 na Campus Misericordiae polecam Jezusowi Mi\u0142osiernemu nasz\u0105 m\u0142odzie\u017c, aby \u015bwiadczy\u0142a o swojej wierze i ch\u0119tnie pe\u0142ni\u0142a dzie\u0142a mi\u0142osierdzia. 2. Jest grafik na sierpie\u0144 dla s\u0142u\u017cby liturgicznej, czytaj\u0105cej s\u0142owo Bo\u017ce podczas Eucharystii. Prosz\u0119 zg\u0142osi\u0107 si\u0119 do zakrystii. Z racji uczestnictwa w duchowej Pielgrzymce od 4 do 13 sierpnia zapraszam na Msz\u0119 \u015bw. o 20.00, a po niej R\u00f3\u017caniec w jedno\u015bci z pielgrzymami zmierzaj\u0105cymi do tronu naszej Matki i Kr\u00f3lowej i Apel Jasnog\u00f3rski. 3. W \u015brod\u0119 oko\u0142o 16.00 przybywaj\u0105 do naszej parafii pielgrzymi z 30 Bia\u0142ostockiej Pieszej Pielgrzymki. Mamy dobr\u0105 okazj\u0119, aby okaza\u0107 im mi\u0142o\u015b\u0107 w czynach. Zr\u00f3bmy jak dyktuje nam serce. Serdecznie prosz\u0119 o zrobienie dla pielgrzym\u00f3w \u2026 <a class=\"continue-reading-link\" href=\"https:\/\/www.parafiawierzbno.com.pl\/?page_id=4347\">Czytaj dalej <span class=\"meta-nav\">&rarr; <\/span><\/a><\/p>\n","protected":false},"author":1,"featured_media":0,"parent":225,"menu_order":0,"comment_status":"closed","ping_status":"closed","template":"","meta":{"ngg_post_thumbnail":0},"_links":{"self":[{"href":"https:\/\/www.parafiawierzbno.com.pl\/index.php?rest_route=\/wp\/v2\/pages\/4347"}],"collection":[{"href":"https:\/\/www.parafiawierzbno.com.pl\/index.php?rest_route=\/wp\/v2\/pages"}],"about":[{"href":"https:\/\/www.parafiawierzbno.com.pl\/index.php?rest_route=\/wp\/v2\/types\/page"}],"author":[{"embeddable":true,"href":"https:\/\/www.parafiawierzbno.com.pl\/index.php?rest_route=\/wp\/v2\/users\/1"}],"replies":[{"embeddable":true,"href":"https:\/\/www.parafiawierzbno.com.pl\/index.php?rest_route=%2Fwp%2Fv2%2Fcomments&post=4347"}],"version-history":[{"count":10,"href":"https:\/\/www.parafiawierzbno.com.pl\/index.php?rest_route=\/wp\/v2\/pages\/4347\/revisions"}],"predecessor-version":[{"id":4377,"href":"https:\/\/www.parafiawierzbno.com.pl\/index.php?rest_route=\/wp\/v2\/pages\/4347\/revisions\/4377"}],"up":[{"embeddable":true,"href":"https:\/\/www.parafiawierzbno.com.pl\/index.php?rest_route=\/wp\/v2\/pages\/225"}],"wp:attachment":[{"href":"https:\/\/www.parafiawierzbno.com.pl\/index.php?rest_route=%2Fwp%2Fv2%2Fmedia&parent=4347"}],"curies":[{"name":"wp","href":"https:\/\/api.w.org\/{rel}","templated":true}]}}