{"id":4589,"date":"2016-09-04T09:30:17","date_gmt":"2016-09-04T07:30:17","guid":{"rendered":"https:\/\/www.parafiawierzbno.com.pl\/?page_id=4589"},"modified":"2016-09-26T22:01:07","modified_gmt":"2016-09-26T20:01:07","slug":"ogloszenia-wrzesien-2016","status":"publish","type":"page","link":"https:\/\/www.parafiawierzbno.com.pl\/?page_id=4589","title":{"rendered":"Og\u0142oszenia &#8211; Wrzesie\u0144 2016"},"content":{"rendered":"<p><a title=\"Og\u0142oszenia parafialne\" href=\"https:\/\/www.parafiawierzbno.com.pl\/?page_id=225\">Powr\u00f3t do listy og\u0142osze\u0144<\/a><\/p>\n<h2 style=\"text-align: center;\"><span style=\"color: #ff0000;\">25 wrze\u015bnia &#8211; XXVI Niedziela zwyk\u0142a<\/span><\/h2>\n<p>1. Cieszymy si\u0119 z obecno\u015bci alumna naszego WSD w Nowym Opolu. Dzi\u0119kuj\u0119 za ofiary na tac\u0119 i modlitwy w intencji powo\u0142a\u0144. Jest to szczeg\u00f3lna pomoc dla tych, kt\u00f3rzy pragn\u0105 dobrze przygotowa\u0107 si\u0119 do s\u0142u\u017cby w kap\u0142a\u0144stwie, kt\u00f3rego pi\u0119kny przyk\u0142ad zostawi\u0142 nam \u015bw. Jan Pawe\u0142 II. Dzi\u015b na pro\u015bb\u0119 Ojca \u015bw. Franciszka przeprowadzimy r\u00f3wnie\u017c zbi\u00f3rk\u0119 ofiar do puszek jako pomoc poszkodowanym w trz\u0119sieniu ziemi we W\u0142oszech. Po Mszy \u015bw. o 9.00 spotkanie dla rodzic\u00f3w i dzieci klasy III, przygotowuj\u0105cych si\u0119 do I spowiedzi i Komunii \u015bw. Po Mszy wieczorowej spotkanie dla kandydat\u00f3w do Sakramentu Bierzmowania i ich rodzic\u00f3w.<\/p>\n<p>2. W tym tygodniu szczeg\u00f3lny czas: od wtorku do czwartku &#8211; 40-godzinne Nabo\u017ce\u0144stwo, aby odda\u0107 cze\u015b\u0107 Chrystusowi w Naj\u015bwi\u0119tszym Sakramencie. Otoczmy naszymi modlitwami ludzi starszych, chorych i samotnych, aby znale\u017ali w Panu Bogu si\u0142y i optymizm, a od ludzi &#8211; wiele wsparcia i ciep\u0142a. Program adoracji w ramach 40-godzinnego nabo\u017ce\u0144stwa wywieszony w gablocie przed ko\u015bcio\u0142em. W czwartek oddajemy cze\u015b\u0107 \u015bw. Archanio\u0142om: Micha\u0142owi, Gabrielowi i Rafa\u0142owi. Zapraszam na Eucharysti\u0119 o 7.30 i 18.00.<\/p>\n<p>3. Od pa\u017adziernika suma w ka\u017cd\u0105 niedziel\u0119 b\u0119dzie sprawowana o godz. 12.00, a Msza \u015bw. wieczorem o 17.00. Gor\u0105co zach\u0119cam do modlitwy i uczestnictwa w nabo\u017ce\u0144stwach r\u00f3\u017ca\u0144cowych. W dni powszednie po Mszy \u015bw. o 17.00, a w niedziel\u0119 o 11.30 przed sum\u0105. Dla dzieci b\u0119dzie uk\u0142adanka i konkurs z uczestnictwa w nabo\u017ce\u0144stwach r\u00f3\u017ca\u0144cowych.<\/p>\n<p>4. W najbli\u017csz\u0105 niedziel\u0119 ofiary na tac\u0119 s\u0105 przeznaczone na Caritas diecezjaln\u0105. Po sumie adoracja Naj\u015bwi\u0119tszego Sakramentu i zmianka tajemnic R\u00f3\u017ca\u0144cowych. 2 pa\u017adziernika z racji Dnia Seniora zapraszam wszystkich naszych szanownych starszych parafian na godz. 16.30 na program artystyczny i Msz\u0119 \u015bw. w intencji ludzi starszych i chorych. B\u0119dzie tak\u017ce okazja, aby skorzysta\u0107 ze spowiedzi.<\/p>\n<p>5. Serdecznie dzi\u0119kuj\u0119 rodzinom z Lasu Jaworskiego za sprz\u0105tanie ko\u015bcio\u0142a. Na sobot\u0119, aby zrobi\u0107 solidny porz\u0105dek w ko\u015bciele i pograbi\u0107 li\u015bcie na skwerze i wok\u00f3\u0142 \u015bwi\u0105tyni zapraszam rodzic\u00f3w i m\u0142odzie\u017c przygotowuj\u0105c\u0105 si\u0119 do Sakramentu Bierzmowania.<\/p>\n<p>6. Serdecznie dzi\u0119kuj\u0119 za ofiary na remont parkanu cmentarza: p. Barbara Jachimowicz \u2013 100 z\u0142, bezimienna \u2013 100 z\u0142, Natalia i Daniel B\u0142a\u017cejczyk \u2013 100 z\u0142 oraz Monika i Karol Potrykus \u2013 100 z\u0142. Serdeczne \u201eB\u00f3g zap\u0142a\u0107!\u201d<\/p>\n<p>7.\u00a0 Do Sakramentu Ma\u0142\u017ce\u0144stwa przygotowuj\u0105 si\u0119: Mateusz Tomkiewicz, kawaler zam. w Swidnie i Kinga Wiel\u0105dek, panna zam. w Suchodole, par. \u015bw. Bart\u0142omieja w Gr\u0119bkowie, zapowied\u017a druga. Otoczmy narzeczonych nasz\u0105 modlitw\u0105.<\/p>\n<p>8. Wczoraj w naszej \u015bwi\u0105tyni zawarli Sakrament Ma\u0142\u017ce\u0144stwa: Natalia Jaworska i Daniel B\u0142a\u017cejczyk, oraz Monika Leszczy\u0144ska i Karol Potrykus. \u017byczymy Nowo\u017ce\u0144com, aby razem z Chrystusem kroczyli przez \u017cycie i tworzyli szcz\u0119\u015bliwe chrze\u015bcija\u0144skie rodziny.<\/p>\n<p>9. Zach\u0119cam do lektury nowy nr. Echa Katolickiego. Znajdziemy wiele ciekawych informacji na temat: Jak unikn\u0105\u0107 zgorzknienia i cynizmu, Jak pomaga\u0107 misjom? O zmianie nawyk\u00f3w \u017cywieniowych oraz historia cz\u0142owieka, kt\u00f3rego ocali\u0142a mi\u0142o\u015b\u0107 dw\u00f3ch ojc\u00f3w.<\/p>\n<h2 style=\"text-align: center;\"><span style=\"color: #993366;\">18 wrze\u015bnia &#8211; XXV Niedziela zwyk\u0142a<\/span><\/h2>\n<p>1. Dzi\u015b go\u015bcimy w naszej parafii ks. Zbigniewa Bartoszewskiego, pos\u0142uguj\u0105cego w Rostowie nad Donem. Serdecznie dzi\u0119kuj\u0119 za ofiary na wyposa\u017cenie katolickiej \u015bwi\u0105tyni w tym mie\u015bcie. Pozdrawiamy wszystkich Solenizant\u00f3w, a szczeg\u00f3lnie ks. kan. Stanis\u0142awa Abramczuka, kt\u00f3ry s\u0142u\u017cy w naszej wsp\u00f3lnocie. Niech przyk\u0142ad \u015bw. Stanis\u0142awa Kostki i jego wytrwa\u0142e d\u0105\u017cenie do celu b\u0119dzie tak\u017ce wezwaniem dla dzieci i m\u0142odzie\u017cy do wi\u0119kszej gorliwo\u015bci w wierze. O godz. 15.00 zapraszam na boisko szkolne na mecz ministrant\u00f3w i m\u0142odzie\u017cy z MOWu w Jaworku. Dzi\u0119kuj\u0119 wszystkim, kt\u00f3rzy wczoraj wieczorem przy ognisku, z racji \u015bw. Stanis\u0142awa Kostki, tworzyli radosn\u0105 wsp\u00f3lnot\u0119.<\/p>\n<p>2. Dzi\u015b po Mszy \u015bw. o 18.00 spotkanie dla kandydat\u00f3w do Sakramentu Bierzmowania. W najbli\u017csz\u0105 niedziel\u0119, r\u00f3wnie\u017c po Mszy \u015bw. o 18.00 wa\u017cne spotkanie dla rodzic\u00f3w i m\u0142odzie\u017cy, przygotowuj\u0105cej si\u0119 do Bierzmowania. Egzamin kurialny w poniedzia\u0142ek 26 wrze\u015bnia o godz. 15.00. Sakramentu Bierzmowania udzieli Ks. Biskup Piotr Sawczuk 6 pa\u017adziernika o godz. 17.00.<\/p>\n<p>3. W czwartek, 22 wrze\u015bnia, obchodzimy Rocznic\u0119 Po\u015bwi\u0119cenia Ko\u015bcio\u0142a Katedralnego w Siedlcach. Msza \u015bw. o 18.00.<\/p>\n<p>4. W najbli\u017csz\u0105 niedziel\u0119 b\u0119dziemy go\u015bcili alumna WSD naszej diecezji, kt\u00f3ry podzieli si\u0119 swoim do\u015bwiadczeniem \u017cycia seminaryjnego, zbierze ofiary na tac\u0119 i b\u0119dzie rozprowadza\u0142 kalendarze seminaryjne. Na pro\u015bb\u0119 Ojca \u015bw. Franciszka przeprowadzimy r\u00f3wnie\u017c zbi\u00f3rk\u0119 ofiar do puszek jako pomoc poszkodowanym w trz\u0119sieniu ziemi we W\u0142oszech.<\/p>\n<p>5. W niedziel\u0119 25 wrze\u015bnia po Mszy \u015bw. o 9.00 spotkanie dla rodzic\u00f3w i dzieci klasy III\u00a0 z racji przygotowa\u0144 do I spowiedzi i Komunii \u015bw.<\/p>\n<p>6. Wczoraj przy sprz\u0105taniu na cmentarzu by\u0142o z W\u00f3lki jedynie 2 osoby. Dlatego uwa\u017cam za sprawiedliwe, aby kto nie chce w\u0142\u0105czy\u0107 si\u0119 do dy\u017curu w sprz\u0105taniu niech znicze i zesch\u0142e wi\u0105zanki z grob\u00f3w bliskich zabiera do domu. Serdecznie dzi\u0119kuj\u0119, tym kto pracowa\u0142 tak\u017ce z Wierzbna. Z serca dzi\u0119kuj\u0119 za sprz\u0105tanie ko\u015bcio\u0142a rodzinom z Lasu Jaworskiego, a na sobot\u0119 zapraszam: p. Regin\u0119 i Marka Wiel\u0105dka, p. Mieczys\u0142awa Leszczy\u0144skiego oraz p. Krystyn\u0119 i Dariusza Radzio.<\/p>\n<p>7. M\u0142odzie\u017c, kt\u00f3ra w naszej parafii anga\u017cuje si\u0119 w woluntariat, organizuje 2 pa\u017adziernika Dzie\u0144 Seniora. Od \u015brody chcemy odwiedzi\u0107 ludzi starszych i samotnych, aby wnie\u015b\u0107 troch\u0119 ciep\u0142a i rado\u015bci. Planujemy dotrze\u0107 do tych, kt\u00f3rzy uko\u0144czyli 75 rok \u017cycia.<\/p>\n<p>8.\u00a0 Do Sakramentu Ma\u0142\u017ce\u0144stwa przygotowuj\u0105 si\u0119: Przemys\u0142aw Bogdan Dmowski, kawaler zam. w Mokobodach, par. pw. \u015bw. Jadwigi i Beata Jaworska, panna zam. w Adamowie, zapowied\u017a trzecia. Mateusz Tomkiewicz, kawaler zam. w Swidnie i Kinga Wiel\u0105dek, panna zam. w Suchodole, par. \u015bw. Bart\u0142omieja w Gr\u0119bkowie, zapowied\u017a pierwsza. Otoczmy narzeczonych nasz\u0105 modlitw\u0105, aby z Bo\u017c\u0105 pomoc\u0105 stworzyli pi\u0119kn\u0105 chrze\u015bcija\u0144sk\u0105 rodzin\u0119.<\/p>\n<p>9. Zach\u0119cam do lektury nowy Nr \u201eEcha Katolickiego\u201d. Znajdziemy pi\u0119kn\u0105 relacj\u0119 z do\u017cynek diecezjalnych w Woli Gu\u0142owskiej, o uroczysto\u015bciach milenijnych w Siedlcach w 1966 roku, kt\u00f3re okaza\u0142y si\u0119 wielkim religijnym zrywem, o wychowaniu, kt\u00f3re daje nadziej\u0119 na przysz\u0142o\u015b\u0107 Ko\u015bcio\u0142a i Ojczyzny<\/p>\n<h2 style=\"text-align: center;\"><span style=\"color: #ff0000;\">11 wrze\u015bnia &#8211; XXIV Niedziela zwyk\u0142a<\/span><\/h2>\n<p>1. Dzi\u015b rozpoczynamy VI Tydzie\u0144 Wychowania pod has\u0142em: \u201eMi\u0142osierni jak Ojciec\u201d. Po Mszy \u015bw. o 9.00 zmianka tajemnic r\u00f3\u017ca\u0144cowych dla wsp\u00f3lnoty rodzic\u00f3w modl\u0105cych si\u0119 za dzieci.<\/p>\n<p>2. We wtorek po Mszy \u015bw. o 18.00 nabo\u017ce\u0144stwo Fatimskie. Modlitw\u0105 chcemy szczeg\u00f3lnie otoczy\u0107 m\u0142odzie\u017c, przygotowuj\u0105c\u0105 si\u0119 do Sakramentu Bierzmowania. Zach\u0119cam do licznego udzia\u0142u.<\/p>\n<p>3. W \u015brod\u0119 \u015bwi\u0119to Podwy\u017cszenia Krzy\u017ca \u015awi\u0119tego. Zapraszam na Msz\u0119 \u015bw. o 18.00.<\/p>\n<p>4. W sobot\u0119 po Mszy \u015bw. o 18.00 zapraszam dzieci i m\u0142odzie\u017c na ognisko z racji \u015bw. Stanis\u0142awa Kostki, patrona dzieci i m\u0142odzie\u017cy. A w niedziel\u0119 o 15.00 na boisku szkolnym mecz w pi\u0142k\u0119 no\u017cn\u0105 Ministrant\u00f3w i m\u0142odzie\u017cy z MOWu w Jaworku.<\/p>\n<p>5. Dzi\u0119kuj\u0119 mieszka\u0144com Wierzbna za trosk\u0119 o czysto\u015b\u0107 ko\u015bcio\u0142a. Teraz dy\u017cur przejmuj\u0105\u00a0 rodziny z Lasu Jaworskiego. Na sobot\u0119 zapraszam: p. Halin\u0119 Wiel\u0105dek, p. Janin\u0119 i Bogus\u0142awa Aleksandrowicz oraz p. Monik\u0119 i Roberta Matusik.<\/p>\n<p>6. Zapraszam w sobot\u0119 od 9.00 mieszka\u0144c\u00f3w W\u00f3lki, aby wywie\u017ali z cmentarza li\u015bcie i ga\u0142\u0119zie na kompostownik. Serdecznie dzi\u0119kuj\u0119 za ofiary na remont parkanu cmentarza: bezimienna \u2013 150 z\u0142. Dzi\u0119kuj\u0119 p. Janowi Karaban za ofiarowanie d\u0119bu na krzy\u017c, kt\u00f3ry b\u0119dzie ustanowiony na wyje\u017adzie z Wierzbna i skrzy\u017cowaniu do Gr\u0119bkowa i Jan\u00f3wka.<\/p>\n<p>7. W niedziel\u0119 18 wrze\u015bnia b\u0119dziemy go\u015bci\u0107 w naszej wsp\u00f3lnocie ks. Zbigniewa Bartoszewskiego, kt\u00f3ry pos\u0142uguje w Rostowie nad Donem. Zbierze on ofiary na tac\u0119 na wyposa\u017cenie ko\u015bcio\u0142a i b\u0119dzie g\u0142osi\u0142 S\u0142owo Bo\u017ce.<\/p>\n<p>8. \u00a0Do Sakramentu Ma\u0142\u017ce\u0144stwa przygotowuj\u0105 si\u0119: Daniel B\u0142a\u017cejczyk, kawaler zam. w Rudnie, par. \u015bw. Miko\u0142aja w Dobrem i Natalia Jaworska, panna zam. w Adamowie, zapowied\u017a trzecia; Karol Potrykus, kawaler zam. w Wierzbnie i Monika Leszczy\u0144ska, panna zam. w Czarnog\u0142owie, par. Tr\u00f3jcy \u015awi\u0119tej w Wi\u015bniewie, zapowied\u017a trzecia. Przemys\u0142aw Bogdan Dmowski, kawaler zam. w Mokobodach, par. pw. \u015bw. Jadwigi i Beata Jaworska, panna zam. w Adamowie, zapowied\u017a druga. Otoczmy narzeczonych nasz\u0105 modlitw\u0105, aby z Bo\u017c\u0105 pomoc\u0105 stworzyli pi\u0119kn\u0105 chrze\u015bcija\u0144sk\u0105 rodzin\u0119.<\/p>\n<p>9. Wczoraj w naszej \u015bwi\u0105tyni zawarli Sakrament Ma\u0142\u017ce\u0144stwa: Katarzyna Mr\u00f3z i Marcin Bartoszewski. \u017byczymy Nowo\u017ce\u0144com obfito\u015bci Bo\u017cej \u0142aski i niech przyk\u0142ad ich \u017cycia ma\u0142\u017ce\u0144skiego zach\u0119ci m\u0142odych do budowania szcz\u0119\u015bcia w chrze\u015bcija\u0144skiej rodzinie.<\/p>\n<p>10. Zach\u0119cam do lektury nowy Nr \u201eEcha Katolickiego\u201d. Znajdziemy informacje o krzy\u017cu, jako znaku mi\u0142o\u015bci Boga do cz\u0142owieka, o nowennie pompeja\u0144skiej, jak zaanga\u017cowa\u0107 si\u0119 w akcj\u0119 Szlachetnej Paczki.<\/p>\n<p>11. Pan B\u00f3g powo\u0142a\u0142 do wieczno\u015bci \u015bp. Iren\u0119 Kujawa z Sobonia. Z ofiar zebranych na pogrzebie b\u0119dzie sprawowanych za jej dusz\u0119 10 Mszy \u015bw. i jeszcze jedn\u0105 Msz\u0119 zam\u00f3wili s\u0105siedzi zamiast kwiat\u00f3w. Wieczny odpoczynek racz jej da\u0107, Panie&#8230;<\/p>\n<p>12. Poradnia Medycyny Rodzinnej \u201eSAMED\u201d w Wierzbnie informuje, \u017ce w dniach 19 \u2013 23 wrze\u015bnia gabinet lekarski b\u0119dzie nieczynny z powodu urlopu. Zast\u0119pstwo w nag\u0142ych wypadkach w \u201eREVITA\u201d W\u0119gr\u00f3w.<\/p>\n<h2 style=\"text-align: center;\"><span style=\"color: #ff0000;\">4 wrze\u015bnia &#8211; XXIII Niedziela zwyk\u0142a<\/span><\/h2>\n<p>1. Pierwsza niedziela wrze\u015bnia, po sumie adoracja Naj\u015bwi\u0119tszego Sakramentu, procesja eucharystyczna i zmianka tajemnic r\u00f3\u017ca\u0144cowych. Intencje Apostolstwa Modlitwy na wrzesie\u0144: Og\u00f3lna: Aby ka\u017cdy wnosi\u0142 wk\u0142ad we wsp\u00f3lne dobro i budow\u0119 spo\u0142ecze\u0144stwa, kt\u00f3re stawia w centrum osob\u0119 ludzk\u0105; Ewangelizacyjna: Aby chrze\u015bcijanie, przyst\u0119puj\u0105c do sakrament\u00f3w i rozwa\u017caj\u0105c Pismo \u015awi\u0119te, stawali si\u0119 coraz bardziej \u015bwiadomi swojej misji ewangelizacyjnej. Ofiarami do puszek wspieramy misjonarza ks. Jaros\u0142awa i misje w Boliwii. Na naszej stronie internetowej: www. parafiawierzbno.com.pl mo\u017cemy obejrze\u0107 film o III Festynie Rodzinnym \u201eRodzina G\u00f3r\u0105!\u201d Dzi\u0119kuj\u0119 p. Rafa\u0142owi Miklaszewskiemu za to nagranie, kt\u00f3re jest dobr\u0105 pami\u0105tk\u0105 naszego \u015bwi\u0119towania.<\/p>\n<p>2. Dzi\u015b po Mszy \u015bw. wieczorowej spotkanie dla kandydat\u00f3w do Sakramentu Bierzmowania. Obecno\u015b\u0107 obowi\u0105zkowa. Kolejne spotkanie odb\u0119dzie si\u0119 w sobot\u0119, 10 wrze\u015bnia, po Mszy \u015bw. o 18.00.<\/p>\n<p>3. W czwartek \u015bwi\u0119to Narodzenia Naj\u015bwi\u0119tszej Maryi Panny, tradycyjnie nazywane Matki Bo\u017cej Siewnej. Zapraszam na Eucharysti\u0119 o 7.30 i 18.00, a po Komunii \u015bw. b\u0142ogos\u0142awie\u0144stwo ziarna do siewu. 8 wrze\u015bnia &#8211; Do\u017cynki Diecezjalne w Woli Gu\u0142owskiej. Zach\u0119cam do udzia\u0142u, szczeg\u00f3\u0142owy program tych uroczysto\u015bci w gablocie przy ko\u015bciele.<\/p>\n<p>4. W najbli\u017csz\u0105 niedziel\u0119 rozpoczynamy VI Tydzie\u0144 Wychowania, a po Mszy \u015bw. o 9.00 zmianka tajemnic r\u00f3\u017ca\u0144cowych dla wsp\u00f3lnoty rodzic\u00f3w modl\u0105cych si\u0119 za dzieci.<\/p>\n<p>5. Od 27 do 29 wrze\u015bnia b\u0119dziemy prze\u017cywa\u0107 w naszej wsp\u00f3lnocie 40 godzinne nabo\u017ce\u0144stwo, aby odda\u0107 cze\u015b\u0107 Chrystusowi w Naj\u015bwi\u0119tszym Sakramencie. W tym roku chcemy otoczy\u0107 szczeg\u00f3ln\u0105 modlitw\u0105 ludzi chorych, starszych i obarczonych r\u00f3\u017cnymi krzy\u017cami.<\/p>\n<p>6. Trwaj\u0105 prace przy pokryciu parkanu cmentarza blach\u0105 aluminiow\u0105.<\/p>\n<p>7. Dzi\u0119kuj\u0119 za sprz\u0105tanie ko\u015bcio\u0142a i na sobot\u0119 zapraszam: p. Dorot\u0119 i Dariusza Wr\u00f3blewskich, p. Iren\u0119 Wr\u00f3blewsk\u0105 oraz p. Wand\u0119 Zieli\u0144sk\u0105. Mieszka\u0144cy Wierzbna ko\u0144cz\u0105 ju\u017c dy\u017cur troski\u00a0 o czysto\u015b\u0107 w naszej \u015bwi\u0105tyni. Z ca\u0142ego serca dzi\u0119kuj\u0119 za zaanga\u017cowanie i po\u015bwi\u0119cony czas. W najbli\u017cszym czasie prosz\u0119 o podj\u0119cie dy\u017curu mieszka\u0144c\u00f3w Lasu Jaworskiego.<\/p>\n<p>8. Do Sakramentu Ma\u0142\u017ce\u0144stwa przygotowuj\u0105 si\u0119: Marcin Bartoszewski, kawaler zam. w Zelce par. \u015bw. Piotra i \u015bw. Antoniego w W\u0119growie i Katarzyna Mr\u00f3z, panna zam. w Jaworku, parafii tutejszej; zapowied\u017a trzecia; Daniel B\u0142a\u017cejczyk, kawaler zam. w Rudno, par. \u015bw. Miko\u0142aja w Dobrem i Natalia Jaworska, panna zam. w Adamowie, zapowied\u017a druga; Karol Potrykus, kawaler zam. w Wierzbnie i Monika Leszczy\u0144ska, panna zam. w Czarnog\u0142owie, par. Tr\u00f3jcy \u015awi\u0119tej w Wi\u015bniewie, zapowied\u017a druga. Przemys\u0142aw Bogdan Dmowski, kawaler zam. w Mokobodach, par. pw. \u015bw. Jadwigi i Beata Jaworska, panna zam. w Adamowie, zapowied\u017a pierwsza. Otoczmy narzeczonych nasz\u0105 modlitw\u0105, aby z Bo\u017c\u0105 pomoc\u0105 stworzyli pi\u0119kn\u0105 chrze\u015bcija\u0144sk\u0105 rodzin\u0119.<\/p>\n<p>9. Zach\u0119cam do lektury nowy nr \u201eEcha Katolickiego\u201d. Znajdziemy ciekawe artyku\u0142y o drodze do \u015bwi\u0119to\u015bci Matki Teresy z Kalkuty, o mi\u0142o\u015bci do Ojczyzny a\u017c po ofiar\u0119 z \u017cycia, o niszczycielskiej sile zawi\u015bci i sposobach jej pokonywania.<\/p>\n","protected":false},"excerpt":{"rendered":"<p>Powr\u00f3t do listy og\u0142osze\u0144 25 wrze\u015bnia &#8211; XXVI Niedziela zwyk\u0142a 1. Cieszymy si\u0119 z obecno\u015bci alumna naszego WSD w Nowym Opolu. Dzi\u0119kuj\u0119 za ofiary na tac\u0119 i modlitwy w intencji powo\u0142a\u0144. Jest to szczeg\u00f3lna pomoc dla tych, kt\u00f3rzy pragn\u0105 dobrze przygotowa\u0107 si\u0119 do s\u0142u\u017cby w kap\u0142a\u0144stwie, kt\u00f3rego pi\u0119kny przyk\u0142ad zostawi\u0142 nam \u015bw. Jan Pawe\u0142 II. Dzi\u015b na pro\u015bb\u0119 Ojca \u015bw. Franciszka przeprowadzimy r\u00f3wnie\u017c zbi\u00f3rk\u0119 ofiar do puszek jako pomoc poszkodowanym w trz\u0119sieniu ziemi we W\u0142oszech. Po Mszy \u015bw. o 9.00 spotkanie dla rodzic\u00f3w i dzieci klasy III, przygotowuj\u0105cych si\u0119 do I spowiedzi i Komunii \u015bw. Po Mszy wieczorowej spotkanie dla kandydat\u00f3w do Sakramentu Bierzmowania i ich rodzic\u00f3w. 2. W tym tygodniu szczeg\u00f3lny czas: od wtorku do czwartku &#8211; 40-godzinne Nabo\u017ce\u0144stwo, aby odda\u0107 cze\u015b\u0107 Chrystusowi w Naj\u015bwi\u0119tszym Sakramencie. Otoczmy naszymi modlitwami ludzi starszych, chorych i samotnych, aby znale\u017ali w Panu Bogu si\u0142y i optymizm, a od ludzi &#8211; wiele wsparcia i \u2026 <a class=\"continue-reading-link\" href=\"https:\/\/www.parafiawierzbno.com.pl\/?page_id=4589\">Czytaj dalej <span class=\"meta-nav\">&rarr; <\/span><\/a><\/p>\n","protected":false},"author":1,"featured_media":0,"parent":225,"menu_order":0,"comment_status":"closed","ping_status":"closed","template":"","meta":{"ngg_post_thumbnail":0},"_links":{"self":[{"href":"https:\/\/www.parafiawierzbno.com.pl\/index.php?rest_route=\/wp\/v2\/pages\/4589"}],"collection":[{"href":"https:\/\/www.parafiawierzbno.com.pl\/index.php?rest_route=\/wp\/v2\/pages"}],"about":[{"href":"https:\/\/www.parafiawierzbno.com.pl\/index.php?rest_route=\/wp\/v2\/types\/page"}],"author":[{"embeddable":true,"href":"https:\/\/www.parafiawierzbno.com.pl\/index.php?rest_route=\/wp\/v2\/users\/1"}],"replies":[{"embeddable":true,"href":"https:\/\/www.parafiawierzbno.com.pl\/index.php?rest_route=%2Fwp%2Fv2%2Fcomments&post=4589"}],"version-history":[{"count":5,"href":"https:\/\/www.parafiawierzbno.com.pl\/index.php?rest_route=\/wp\/v2\/pages\/4589\/revisions"}],"predecessor-version":[{"id":4606,"href":"https:\/\/www.parafiawierzbno.com.pl\/index.php?rest_route=\/wp\/v2\/pages\/4589\/revisions\/4606"}],"up":[{"embeddable":true,"href":"https:\/\/www.parafiawierzbno.com.pl\/index.php?rest_route=\/wp\/v2\/pages\/225"}],"wp:attachment":[{"href":"https:\/\/www.parafiawierzbno.com.pl\/index.php?rest_route=%2Fwp%2Fv2%2Fmedia&parent=4589"}],"curies":[{"name":"wp","href":"https:\/\/api.w.org\/{rel}","templated":true}]}}