{"id":4608,"date":"2016-10-02T22:03:59","date_gmt":"2016-10-02T20:03:59","guid":{"rendered":"https:\/\/www.parafiawierzbno.com.pl\/?page_id=4608"},"modified":"2016-10-31T00:05:49","modified_gmt":"2016-10-30T23:05:49","slug":"ogloszenia-pazdziernik-2016","status":"publish","type":"page","link":"https:\/\/www.parafiawierzbno.com.pl\/?page_id=4608","title":{"rendered":"Og\u0142oszenia &#8211; Pa\u017adziernik 2016"},"content":{"rendered":"<p><a title=\"Og\u0142oszenia parafialne\" href=\"https:\/\/www.parafiawierzbno.com.pl\/?page_id=225\">Powr\u00f3t do listy og\u0142osze\u0144<\/a><\/p>\n<h2 style=\"text-align: center;\"><span style=\"color: #993366;\">30 pa\u017adziernika &#8211; XXXI Niedziela zwyk\u0142a<\/span><\/h2>\n<p>1. Dzi\u015b obchodzimy uroczysto\u015b\u0107 Rocznicy Po\u015bwi\u0119cenia naszego ko\u015bcio\u0142a. Parafia w Wierzbnie zosta\u0142a erygowana w 1583 roku i pocz\u0105tkowo nale\u017ca\u0142a do diecezji pozna\u0144skiej. Pierwszym proboszczem by\u0142 ks. Franciszek D\u0119bski. Z chwil\u0105 powstania parafii wzniesiono ko\u015bci\u00f3\u0142 drewniany, kt\u00f3ry prawdopodobnie sp\u0142on\u0105\u0142 sto lat p\u00f3\u017aniej. Drugi ko\u015bci\u00f3\u0142 drewniany ze \u015bcian\u0105 frontow\u0105 murowan\u0105, wybudowa\u0142 w 1686 r., miecznik ziemi liwskiej i dziedzic Wierzbna\u00a0 \u2013 Miko\u0142aj Wodzi\u0144ski. W czerwca 1855 r. ten ko\u015bci\u00f3\u0142 zosta\u0142 zniszczony przez huragan. Z tego drewniano-murowanego ko\u015bcio\u0142a ocala\u0142a jedynie solidnie wymurowana \u015bciana frontowa. Nast\u0119pny, trzeci z kolei, ju\u017c ca\u0142y murowany ko\u015bci\u00f3\u0142 wzniesiono w latach 1855-1856, wykorzystuj\u0105c przy tym zachowan\u0105 \u015bcian\u0119 frontow\u0105. Fundatorami ko\u015bcio\u0142a byli Helena i Micha\u0142 \u015awiniarscy, w\u0142a\u015bciciele d\u00f3br Wierzbno. Budow\u0119 ko\u015bcio\u0142a prowadzi\u0142 majster Tadeusz Ma\u0142kowski. Przy budowie ko\u015bcio\u0142a wielce zas\u0142u\u017cy\u0142 si\u0119 \u00f3wczesny proboszcz ks. Jan Niemyski i tutejsi parafianie. Konsekracji \u015bwi\u0105tyni dokonano w 1856 roku.<\/p>\n<p>2. Serdecznie dzi\u0119kuj\u0119 p. Romanowi Gog\u0142ozie za podarowane kwiaty do \u015bwi\u0105tyni. Jest grafik na listopad dla zespo\u0142u liturgicznego. Dzi\u015b przed sum\u0105 wr\u0119czenie nagr\u00f3d dla dzieci za gorliwe uczestnictwo w nabo\u017ce\u0144stwach R\u00f3\u017ca\u0144cowych.<\/p>\n<p>3. We wtorek Uroczysto\u015b\u0107 Wszystkich \u015awi\u0119tych i Msze \u015bw. b\u0119d\u0105 sprawowane o 9.00, 12.00 i 17.00. Po Mszy \u015bw. o 12.00 procesja na cmentarz, modlitwa r\u00f3\u017ca\u0144cowa za zmar\u0142ych, potem po\u015bwi\u0119cenie nowych pomnik\u00f3w. Od 1 do 8 listopada w\u0142\u0105cznie mo\u017cna codziennie zyska\u0107 odpust zupe\u0142ny i ofiarowa\u0107 go za zmar\u0142ych. Warunkiem jego zyskania jest \u017cycie w \u0142asce u\u015bwi\u0119caj\u0105cej (po spowiedzi), bez przywi\u0105zania do dobrowolnego grzechu, pobo\u017cne nawiedzenie cmentarza i modlitwa za zmar\u0142ych oraz w intencjach Ojca \u015bw. Franciszka.<\/p>\n<p>4. W \u015brod\u0119 Wspomnienie wszystkich Wiernych Zmar\u0142ych. Po Mszy \u015bw. o 9.00 procesja \u017ca\u0142obna na cmentarz i modlitwa przy pi\u0119ciu stacjach. Zapraszam na Msz\u0119 \u015bw. o 9.00, 12.00 i 17.00. Przede Msz\u0105 \u015bw. modlimy si\u0119 za zmar\u0142ych polecanych Bo\u017cemu Mi\u0142osierdziu w wypominkach.<\/p>\n<p>5. Wszystkim parafianom i go\u015bciom, kt\u00f3rzy maj\u0105 mogi\u0142y bliskich na naszym cmentarzu z serca dzi\u0119kuj\u0119 za zrobienie porz\u0105dku i zapraszam do wsp\u00f3lnej modlitwy wypominkowej za zmar\u0142ych przez ca\u0142y listopad i w pierwsze czwartki miesi\u0105ca przez ca\u0142y rok. Ofiary na tac\u0119 w dniu jutrzejszym s\u0105 przeznaczone na utylizacj\u0119 \u015bmieci. Od \u015brody do wtorku po Mszy wieczorowej modlitwa r\u00f3\u017ca\u0144cowa na cmentarzu za zmar\u0142ych polecanych w wypominkach i za dusze w czy\u015b\u0107cu cierpi\u0105ce.<\/p>\n<p>6. W pi\u0105tek z racji I pi\u0105tku miesi\u0105ca nabo\u017ce\u0144stwo wynagradzaj\u0105ce Naj\u015bwi\u0119tszemu Sercu Pana Jezusa za grzechy nasze i ca\u0142ego \u015bwiata po Mszy o 7.30 i 17.00. Od 9.00 odwiedzam chorych pragn\u0105cych przyj\u0105\u0107 Chrystusa w Komunii \u015bw.<\/p>\n<p>7. Pierwsza niedziela miesi\u0105ca, po sumie adoracja Naj\u015bwi\u0119tszego Sakramentu i zmianka tajemnic r\u00f3\u017ca\u0144cowych.<\/p>\n<p>8. Serdecznie dzi\u0119kuj\u0119 rodzinom z Helenowa za sprz\u0105tanie ko\u015bcio\u0142a i na sobot\u0119 zapraszam: p. Barbar\u0119 i Ryszarda Aleksandrowicz oraz p. Hann\u0119 i Zbigniewa Go\u0142\u0119biewskich.<\/p>\n<p>9. Ju\u017c na uko\u0144czeniu prace przy parkanie cmentarza. Dzi\u0119kuj\u0119 za ofiary, bo pragn\u0119 rozliczy\u0107 si\u0119 z wydatk\u00f3w. Serdeczne \u201eB\u00f3g zap\u0142a\u0107!\u201d<\/p>\n<p>10. Zach\u0119cam do lektury nowy nr \u201eEcha Katolickiego\u201d. Znajdziemy odpowiedzi na pytania: Jak unikn\u0105\u0107 czy\u015b\u0107ca i jak pom\u00f3c tym, kt\u00f3rzy tam trafili? Jak pokona\u0107 l\u0119k przed \u015bmierci\u0105? Oraz o odchodzeniu do wieczno\u015bci wielkich ludzi.<\/p>\n<p>11.\u00a0 Pan B\u00f3g powo\u0142a\u0142 do siebie \u015bp. Jewdokij\u0119 Duni\u0119 Pazdyka. Z ofiar zebranych na pogrzebie b\u0119dzie sprawowanych 11 Mszy \u015bw. i jeszcze 2 Msze \u015bw. zosta\u0142y zam\u00f3wione zamiast kwiat\u00f3w. Wieczny odpoczynek racz jej da\u0107, Panie&#8230;<\/p>\n<h2 style=\"text-align: center;\"><span style=\"color: #993366;\">23 pa\u017adziernika &#8211; XXX Niedziela zwyk\u0142a<\/span><\/h2>\n<p>1. \u201eOchrzczony to znaczy pos\u0142any\u201d. To my\u015bl\u00a0 przewodnia Niedzieli Misyjnej i ca\u0142ego tygodnia po\u015bwi\u0119conego modlitwie w intencji misji katolickich. Przypomina nam, \u017ce ka\u017cdy ochrzczony jest wezwany do apostolstwa ca\u0142ym swoim \u017cyciem. Dzi\u015b wspieramy misje ofiarami na tac\u0119, a ks. misjonarza Jaros\u0142awa Dziedzica &#8211; ofiarami do puszek.<\/p>\n<p>2. W pi\u0105tek urocz. \u015aw. Aposto\u0142\u00f3w Szymona i Judy Tadeusza, g\u0142\u00f3wnych patron\u00f3w naszej diecezji. Zapraszam na Msz\u0119 \u015bw. o 17.00 i nabo\u017ce\u0144stwo R\u00f3\u017ca\u0144cowe.<\/p>\n<p>3. W najbli\u017csz\u0105 niedziel\u0119 b\u0119dziemy obchodzi\u0107 uroczysto\u015b\u0107 Po\u015bwi\u0119cenia naszego ko\u015bcio\u0142a. Wyrazimy modlitewn\u0105 wdzi\u0119czno\u015b\u0107 tym, kt\u00f3rzy w po\u0142owie XIX w. budowali nasz\u0105 \u015bwi\u0105tyni\u0119 i tym, kt\u00f3rzy przez dziesi\u0105tki lat troszczyli si\u0119 o jej wystr\u00f3j i estetyk\u0119.<\/p>\n<p>4. Zach\u0119cam do modlitwy r\u00f3\u017ca\u0144cowej, a w niedziel\u0119, 30 listopada, przed sum\u0105 o 11.30 nagrody dla dzieci, kt\u00f3re gorliwie uczestniczy\u0142y w nabo\u017ce\u0144stwach R\u00f3\u017ca\u0144cowych.<\/p>\n<p>5. Zbli\u017ca si\u0119 Uroczysto\u015b\u0107 Wszystkich \u015awi\u0119tych i Wspomnienie wszystkich wiernych zmar\u0142ych. Serdecznie prosz\u0119 o uporz\u0105dkowanie mogi\u0142. Zach\u0119cam do umiaru w dekorowaniu chryzantemami i zniczami, a przede wszystkim do unikania plastykowych wi\u0105zanek. W poniedzia\u0142ek b\u0119dzie podstawiona na cmentarzu przyczepa, na kt\u00f3r\u0105 mo\u017cna b\u0119dzie sk\u0142ada\u0107 niesegregowane \u015bmieci.<\/p>\n<p>6. Z serca dzi\u0119kuj\u0119 za ofiary na remont parkanu cmentarza.<\/p>\n<p>7. Serdecznie dzi\u0119kuj\u0119 rodzinom z Helenowa za sprz\u0105tanie ko\u015bcio\u0142a i na sobot\u0119 zapraszam: p. Ma\u0142gorzat\u0119 i Czes\u0142awa Tafil, p. Barbar\u0119 i Arkadiusza Zalewskich oraz p. Teres\u0119 i Kazimierza Leszczy\u0144skich.<\/p>\n<p>8. Zach\u0119cam do lektury nowy nr \u201eEcha Katolickiego\u201d. Przeczytamy o nabo\u017ce\u0144stwie Wielkiej Pokuty na Jasnej G\u00f3rze, o prawid\u0142owym kulcie relikwii, o mo\u017cliwych zagro\u017ceniach na p\u0142aszczy\u017anie mi\u0119dzynarodowej.<\/p>\n<h2 style=\"text-align: center;\"><span style=\"color: #993366;\">16 pa\u017adziernika &#8211; XIX Niedziela zwyk\u0142a<\/span><\/h2>\n<p>1. Dzi\u0119kujemy Opatrzno\u015bci Bo\u017cej za wielkiego Polaka \u015bw. Jana Paw\u0142a II. Dzi\u015b trzydziesta \u00f3sma rocznica wyboru kardyna\u0142a Karola Wojty\u0142y na stolic\u0119 Piotrow\u0105 na Watykanie. W najbli\u017csz\u0105 sobot\u0119 b\u0119dziemy obchodzili liturgiczne wspomnienie \u015bw. Jana Paw\u0142a II. Dzi\u015b we wszystkich ko\u015bcio\u0142ach w Polsce liczenie wiernych uczestnicz\u0105cych we Mszy \u015bw. i przyjmuj\u0105cych Komuni\u0119 \u015bw. Po Mszy \u015bw. o 9.00 zmianka tajemnic r\u00f3\u017ca\u0144cowych dla wsp\u00f3lnoty rodzic\u00f3w modl\u0105cych si\u0119 za dzieci. Zach\u0119cam rodzic\u00f3w do w\u0142\u0105czenia si\u0119 w modlitw\u0119 za swoje dzieci, aby by\u0142a wsp\u00f3lnota dwudziestu rodzin.<\/p>\n<p>2. We wtorek \u015bw. \u0141ukasza ewangelisty, patrona pracownik\u00f3w s\u0142u\u017cby zdrowia. Zapraszam na Msz\u0119 \u015bw. o 17.00 i 18.00.<\/p>\n<p>3. Najbli\u017csza niedziela jest niedziel\u0105 misyjn\u0105 i rozpoczyna Tydzie\u0144 Misyjny pod has\u0142em: \u201eOchrzczony to znaczy pos\u0142any\u201d. Ofiary na tac\u0119 s\u0105 przeznaczone na misje.<\/p>\n<p>4. Z ca\u0142ego serca dzi\u0119kuj\u0119 mieszka\u0144com Sobonia za prac\u0119 na cmentarzu. Zosta\u0142y oczyszczone alejki, zamiecione li\u015bcie i wywiezione na kompostownik. Wszystkich parafian prosz\u0119 zadba\u0107 o porz\u0105dek na mogi\u0142ach swoich bliskich. Ga\u0142\u0119zie, zesch\u0142e kwiaty i li\u015bcie sk\u0142adamy na pryzm\u0119 na \u015bmietniku, a plastyk i szk\u0142o do work\u00f3w, aby potem \u0142atwiej mo\u017cna by\u0142o sprz\u0105tn\u0105\u0107.<\/p>\n<p>5. Dzi\u0119kuj\u0119 za ofiary na remont parkanu cmentarza: p. Zofia Zaboklicka -100 z\u0142, p. Jerzy Leszczy\u0144ski \u2013 100 z\u0142 i p. Czes\u0142aw Chmielewski \u2013 100 z\u0142. Serdeczne \u201eB\u00f3g zap\u0142a\u0107!\u201d. Chcemy wymieni\u0107 baliki w \u0142awkach przed ko\u015bcio\u0142em, aby mog\u0142y jeszcze s\u0142u\u017cy\u0107 przez kolejne lata.<\/p>\n<p>6. Dzi\u0119kuj\u0119 rodzinom z Lasu Jaworskiego za sprz\u0105tanie ko\u015bcio\u0142a. Teraz na sobot\u0119 zapraszam mieszka\u0144c\u00f3w Helenowa: p. Janin\u0119 Kubuj, p. Ryszarda Kubuj, p. Agnieszk\u0119 i Grzegorza Bagrowskich oraz p. El\u017cbiet\u0119 Kubuj.<\/p>\n<p>7. Informuj\u0119, \u017ce Pielgrzymka do Ziemi \u015awi\u0119tej jest przeniesiona na inny termin. Jedziemy od 18 do 25 lutego 2017 roku. Ziemia \u015awi\u0119ta to jak pi\u0105ta Ewangelia, poniewa\u017c stajemy na tych miejscach, gdzie Jezus g\u0142osi\u0142 Dobr\u0105 Nowin\u0119 i czyni\u0142 wiele cud\u00f3w. Je\u015bli kto\u015b pragnie odby\u0107 pielgrzymk\u0119 \u017cycia, to zach\u0119cam, aby do\u0142\u0105czy\u0142 do naszej grupy.<\/p>\n<p>8. Zach\u0119cam do lektury nowy Nr \u201eEcha Katolickiego\u201d. Znajdziemy relacj\u0119 z diecezjalnych obchod\u00f3w 20. rocznicy beatyfikacji Unit\u00f3w Podlaskich, o owocach \u015awiatowych Dni M\u0142odzie\u017cy oraz o Dniu Seniora w naszej parafii.<\/p>\n<h2 style=\"text-align: center;\"><span style=\"color: #993366;\">9 pa\u017adziernika &#8211; XXVIII Niedziela zwyk\u0142a<\/span><\/h2>\n<p>1. W naszej Ojczy\u017anie obchodzimy XVI Dzie\u0144 Papieski, kt\u00f3rego mottem s\u0105 s\u0142owa: \u201eB\u0105d\u017acie \u015bwiadkami mi\u0142osierdzia\u201d. Po Mszy \u015bw. zbi\u00f3rka do puszek na Fundacj\u0119 Dzie\u0142o Nowego Tysi\u0105clecia. W naszej parafii mamy tak\u017ce niedziel\u0119 radiow\u0105 i go\u015bcimy przedstawiciela Katolickiego Radia Podlasie. Serdecznie dzi\u0119kuj\u0119 za wsparcie naszego Radia ofiarami na tac\u0119. Po Mszy \u015bw. o 9.00 spotkanie dla rodzic\u00f3w i dzieci klasy III.<\/p>\n<p>2. W czwartek JE Ks. Biskup Piotr Sawczuk udzieli\u0142 Sakramentu Bierzmowania 24 m\u0142odym parafianom i po\u015bwi\u0119ci\u0142 tablic\u0119 upami\u0119tniaj\u0105c\u0105 naszego rodaka ks. Tomasza Sobiepanka. Podczas Mszy \u015bw. zosta\u0142y zebrane ofiary na tac\u0119 (458 z\u0142) na dom rekolekcyjny w naszej diecezji. Dzi\u0119kuj\u0119 rodzicom za ciasto, pa\u0144stwu Popowskim za w\u0119dlin\u0119 oraz p. Anecie &#8211; za dekoracj\u0119 kwiatami \u015bwi\u0105tyni.<\/p>\n<p>3. W czwartek, 13 pa\u017adziernika i kolejna rocznica objawie\u0144 Matki Bo\u017cej, po Mszy \u015bw. o 17.00 Nabo\u017ce\u0144stwo Fatimskie. Prosz\u0119 zabra\u0107 lampiony.<\/p>\n<p>4. W najbli\u017csz\u0105 niedziel\u0105, 16 pa\u017adziernika, b\u0119dziemy obchodzili 38 rocznic\u0119 wyboru papie\u017ca \u015bw. Jana Paw\u0142a II. Podczas Mszy \u015bw. b\u0119dzie liczenie wiernych przyst\u0119puj\u0105cych do Komunii \u015bw.<\/p>\n<p>5. Serdecznie dzi\u0119kuj\u0119 rodzinom z Lasu Jaworskiego za solidn\u0105 prac\u0119 w dniu wczorajszym. Posprz\u0105tali ko\u015bci\u00f3\u0142, zagrabili li\u015bcie i wywie\u017ali na kompostownik. Na sobot\u0119 zapraszam: p. Helen\u0119 Wiel\u0105dek oraz p. Zofi\u0119 i Jerzego Leszczy\u0144skich. Tak mieszka\u0144cy Lasu Jaworskiego uko\u0144cz\u0105 sw\u00f3j dy\u017cur, a przejm\u0105 trosk\u0119 o ko\u015bci\u00f3\u0142 mieszka\u0144cy Helenowa.<\/p>\n<p>6. Na sobot\u0119 zapraszam mieszka\u0144c\u00f3w Sobonia do sprz\u0105tania na cmentarzu, oczyszczenia alejek, zagrabienia li\u015bci i wywiezienia na kompostownik. Dzi\u0119kuj\u0119 za ofiary na remont parkanu cmentarza: p. Barbara Napi\u00f3rkowska \u2013 100 z\u0142, p. Ewa i Zenon \u0141abarzewscy \u2013 100 z\u0142, p. Henryka Ko\u0142ak \u2013 100 z\u0142 i bezimienna &#8211; 300 z\u0142.<\/p>\n<p>7. Zach\u0119cam do lektury nowy Nr \u201eEcha Katolickiego\u201d. Znajdziemy relacj\u0119 z Diecezjalnej Pielgrzymki M\u0119\u017cczyzn do Pratulina, a tak\u017ce o czytaniu Pisma \u015bw., o b\u0142. o. Honoracie Ko\u017ami\u0144skim i o bezpiecze\u0144stwie w rolnictwie.<\/p>\n<p>8. Pan B\u00f3g powo\u0142a\u0142 do wieczno\u015bci \u015bp. Genowef\u0119 Bieli\u0144sk\u0105. Wieczny odpoczynek racz jej da\u0107, Panie&#8230;<\/p>\n<h2 style=\"text-align: center;\"><span style=\"color: #993366;\">2 pa\u017adziernika &#8211; XXVII Niedziela zwyk\u0142a<\/span><\/h2>\n<p>1. Od dzi\u015b suma w ka\u017cd\u0105 niedziel\u0119 b\u0119dzie sprawowana o godz. 12.00, a Msza \u015bw. wieczorowa &#8211; o 17.00. Z racji I niedzieli po sumie zmianka tajemnic r\u00f3\u017ca\u0144cowych. Ofiary na tac\u0119 s\u0105 dzi\u015b przeznaczone na dzia\u0142alno\u015b\u0107 Caritas naszej diecezji. Serdecznie zapraszam wszystkich ludzi starszych na spotkanie z racji Dnia Seniora. Pocz\u0105tek o godz. 16.30, a potem Msza \u015bw. w intencji ludzi starszych i chorych. Serdecznie dzi\u0119kuj\u0119 wszystkim, kt\u00f3rzy znale\u017ali czas i adorowali Pana Jezusa w Naj\u015bwi\u0119tszym Sakramencie z racji 40-godzinnego Nabo\u017ce\u0144stwa. Intencje Apostolstwa Modlitwy na ten miesi\u0105c: Og\u00f3lna \u2013 Aby dziennikarze w swojej pracy zawodowej kierowali si\u0119 zawsze szacunkiem dla prawdy i silnym poczuciem etyki; Ewangelizacyjna \u2013 Aby \u015awiatowy Dzie\u0144 Misyjny odnowi\u0142 we wszystkich wsp\u00f3lnotach chrze\u015bcija\u0144skich rado\u015b\u0107 i odpowiedzialno\u015b\u0107 zwi\u0105zane z g\u0142oszeniem Ewangelii.<\/p>\n<p>2. Rozpoczynamy pa\u017adziernik, kt\u00f3ry w naszej chrze\u015bcija\u0144skiej tradycji jest miesi\u0105cem modlitwy r\u00f3\u017ca\u0144cowej. W objawieniach w Fatimie Naj\u015bwi\u0119tsza Maryja Panna wzywa\u0142a do odmawiania R\u00f3\u017ca\u0144ca. Gor\u0105co zach\u0119cam wszystkich parafian do uczestnictwa w Nabo\u017ce\u0144stwach R\u00f3\u017ca\u0144cowych w dni powszednie po Mszy \u015bw. o 17.00, a w niedziel\u0119 o 11.30. Dla dzieci, podobnie jak w ubieg\u0142ym roku, konkurs aktywno\u015bci w odmawianiu R\u00f3\u017ca\u0144ca. W niedziel\u0119 modlitwie r\u00f3\u017ca\u0144cowej przewodnicz\u0105 dzieci klas I i II z rodzicami, w poniedzia\u0142ek &#8211; dzieci z klasy III i IV szko\u0142y podstawowej, we wtorek \u2013 uczniowie klas V i VI, w \u015brod\u0119 \u2013 m\u0142odzie\u017c I i II gimnazjum, w czwartek \u2013 III gimnazjum, w pi\u0105tek &#8211; doro\u015bli, a w sobot\u0119 \u2013 cz\u0142onkowie k\u00f3\u0142ek r\u00f3\u017ca\u0144cowych.<\/p>\n<p>3. W czwartek JE. Ks. Biskup Piotr Sawczuk udzieli Sakramentu Bierzmowania naszej m\u0142odzie\u017cy i ods\u0142oni tablic\u0119 upami\u0119tniaj\u0105c\u0105 75 rocznic\u0119 \u015bmierci ks. Tomasza Sobiepanka. Zapraszam na Eucharysti\u0119 o 17.00. Nabo\u017ce\u0144stwo R\u00f3\u017ca\u0144cowe wyj\u0105tkowo przede Msz\u0105 \u015bw. o 16.15. We wtorek o 18.00 spowied\u017a dla m\u0142odzie\u017cy, przed bierzmowaniem, dla ich \u015bwiadk\u00f3w i rodzic\u00f3w.<\/p>\n<p>4. W pi\u0105tek wspomnienie NMP R\u00f3\u017ca\u0144cowej i pierwszy pi\u0105tek miesi\u0105ca. Po Mszy \u015bw. o 7.30 nabo\u017ce\u0144stwo wynagradzaj\u0105ce Naj\u015bwi\u0119tszemu Sercu Pana Jezusa. Od 9.00 odwiedzam chorych pragn\u0105cych przyj\u0105\u0107 Chrystusa Pana w Komunii \u015bw.<\/p>\n<p>5. W najbli\u017csz\u0105 niedziel\u0119 XVI Dzie\u0144 Papieski i zbi\u00f3rka do puszek na Dzie\u0142o Nowego Tysi\u0105clecia. Has\u0142em tego dnia brzmi: \u201eJan Pawe\u0142 II\u00a0 b\u0105d\u017acie \u015bwiadkami mi\u0142osierdzia\u201d. W naszej wsp\u00f3lnocie b\u0119dzie to tak\u017ce niedziela radiowa. B\u0119dziemy go\u015bcili przedstawiciela Katolickiego Radia Podlasie, kt\u00f3ry skieruje do nas s\u0142owo i zbierze ofiary na tac\u0119. Na Mszy \u015bw. o 9.00 po\u015bwi\u0119cenie r\u00f3\u017ca\u0144c\u00f3w dla dzieci przygotowuj\u0105cych si\u0119 do I spowiedzi i Komunii \u015bw., a po Mszy spotkanie na plebanii dla rodzic\u00f3w i dzieci klasy lII.<\/p>\n<p>6. Z serca dzi\u0119kuj\u0119 rodzicom i kandydatom do Bierzmowania za wczorajsz\u0105 prac\u0119 przy sprz\u0105taniu ko\u015bcio\u0142a i zagrabieniu li\u015bci wok\u00f3\u0142 ko\u015bcio\u0142a, na skwerze i przed plebani\u0105. Na sobot\u0119 do sprz\u0105tania ko\u015bcio\u0142a zapraszam: p. Miros\u0142aw\u0119 Trojanowsk\u0105, p. Henryk\u0119 i Witolda Wiel\u0105dek oraz p. Halin\u0119 i Jana G\u00f3jskich z Lasu Jaworskiego.<\/p>\n<p>7. Na sobot\u0119 zapraszam od 9.00 mieszka\u0144c\u00f3w Sobonia do sprz\u0105tania na cmentarzu. Trzeba oczy\u015bci\u0107 alejki z usch\u0142ej trawy, zagrabi\u0107 li\u015bcie i wywie\u017a\u0107 je na kompostownik.<\/p>\n<p>8. Mamy nadziej\u0119, \u017ce w pa\u017adzierniku uda si\u0119 zako\u0144czy\u0107 prac\u0119 przy parkanie cmentarza. Serdecznie dzi\u0119kuj\u0119 za ofiary na ten cel: bezimienna \u2013 100 z\u0142, Stefan Chabiera \u2013 100 z\u0142, p. Piotr Pi\u00f3rek oraz Beata i Przemys\u0142aw Dmowscy \u2013 100 z\u0142. \u201eB\u00f3g zap\u0142a\u0107!\u201d<\/p>\n<p>9.\u00a0 Do Sakramentu Ma\u0142\u017ce\u0144stwa przygotowuj\u0105 si\u0119: Mateusz Tomkiewicz, kawaler zam. w Swidnie i Kinga Wiel\u0105dek, panna zam. w Suchodole, par. \u015bw. Bart\u0142omieja w Gr\u0119bkowie, zapowied\u017a trzecia. Otoczmy narzeczonych nasz\u0105 modlitw\u0105.<\/p>\n<p>10. Wczoraj w naszej \u015bwi\u0105tyni zawarli Sakrament Ma\u0142\u017ce\u0144stwa: Beata Jaworska i Przemys\u0142aw Dmowski. \u017byczymy Nowo\u017ce\u0144com szcz\u0119\u015bcia, aby Matka Naj\u015bwi\u0119tsza wyprasza\u0142a im wszelkie \u0142aski i budowali szcz\u0119\u015bliw\u0105 chrze\u015bcija\u0144sk\u0105 rodzin\u0119.<\/p>\n<p>11. Zach\u0119cam do lektury nowy nr \u201eEcha Katolickiego\u201d. Znajdziemy informacje o tym jak b\u0142. M\u0119czennicy z Pratulina skutecznie or\u0119duj\u0105 za nami, o masowych zsy\u0142kach unit\u00f3w w g\u0142\u0105b Rosji po powstaniu styczniowym, oraz jak dzielnie zmaga\u0142a si\u0119 z chorob\u0105 \u015bw. s. Faustyna.<\/p>\n<p>12. Pan B\u00f3g powo\u0142a\u0142 do wieczno\u015bci \u015bp. Janin\u0119 Patoka z Jan\u00f3wka. Z ofiar zebranych na pogrzebie b\u0119dzie sprawowanych 8 Mszy \u015bw. Wieczny odpoczynek racz jej da\u0107, Panie&#8230;.<\/p>\n","protected":false},"excerpt":{"rendered":"<p>Powr\u00f3t do listy og\u0142osze\u0144 30 pa\u017adziernika &#8211; XXXI Niedziela zwyk\u0142a 1. Dzi\u015b obchodzimy uroczysto\u015b\u0107 Rocznicy Po\u015bwi\u0119cenia naszego ko\u015bcio\u0142a. Parafia w Wierzbnie zosta\u0142a erygowana w 1583 roku i pocz\u0105tkowo nale\u017ca\u0142a do diecezji pozna\u0144skiej. Pierwszym proboszczem by\u0142 ks. Franciszek D\u0119bski. Z chwil\u0105 powstania parafii wzniesiono ko\u015bci\u00f3\u0142 drewniany, kt\u00f3ry prawdopodobnie sp\u0142on\u0105\u0142 sto lat p\u00f3\u017aniej. Drugi ko\u015bci\u00f3\u0142 drewniany ze \u015bcian\u0105 frontow\u0105 murowan\u0105, wybudowa\u0142 w 1686 r., miecznik ziemi liwskiej i dziedzic Wierzbna\u00a0 \u2013 Miko\u0142aj Wodzi\u0144ski. W czerwca 1855 r. ten ko\u015bci\u00f3\u0142 zosta\u0142 zniszczony przez huragan. Z tego drewniano-murowanego ko\u015bcio\u0142a ocala\u0142a jedynie solidnie wymurowana \u015bciana frontowa. Nast\u0119pny, trzeci z kolei, ju\u017c ca\u0142y murowany ko\u015bci\u00f3\u0142 wzniesiono w latach 1855-1856, wykorzystuj\u0105c przy tym zachowan\u0105 \u015bcian\u0119 frontow\u0105. Fundatorami ko\u015bcio\u0142a byli Helena i Micha\u0142 \u015awiniarscy, w\u0142a\u015bciciele d\u00f3br Wierzbno. Budow\u0119 ko\u015bcio\u0142a prowadzi\u0142 majster Tadeusz Ma\u0142kowski. Przy budowie ko\u015bcio\u0142a wielce zas\u0142u\u017cy\u0142 si\u0119 \u00f3wczesny proboszcz ks. Jan Niemyski i tutejsi parafianie. Konsekracji \u015bwi\u0105tyni dokonano w 1856 roku. 2. Serdecznie dzi\u0119kuj\u0119 p. Romanowi \u2026 <a class=\"continue-reading-link\" href=\"https:\/\/www.parafiawierzbno.com.pl\/?page_id=4608\">Czytaj dalej <span class=\"meta-nav\">&rarr; <\/span><\/a><\/p>\n","protected":false},"author":1,"featured_media":0,"parent":225,"menu_order":0,"comment_status":"closed","ping_status":"closed","template":"","meta":{"ngg_post_thumbnail":0},"_links":{"self":[{"href":"https:\/\/www.parafiawierzbno.com.pl\/index.php?rest_route=\/wp\/v2\/pages\/4608"}],"collection":[{"href":"https:\/\/www.parafiawierzbno.com.pl\/index.php?rest_route=\/wp\/v2\/pages"}],"about":[{"href":"https:\/\/www.parafiawierzbno.com.pl\/index.php?rest_route=\/wp\/v2\/types\/page"}],"author":[{"embeddable":true,"href":"https:\/\/www.parafiawierzbno.com.pl\/index.php?rest_route=\/wp\/v2\/users\/1"}],"replies":[{"embeddable":true,"href":"https:\/\/www.parafiawierzbno.com.pl\/index.php?rest_route=%2Fwp%2Fv2%2Fcomments&post=4608"}],"version-history":[{"count":6,"href":"https:\/\/www.parafiawierzbno.com.pl\/index.php?rest_route=\/wp\/v2\/pages\/4608\/revisions"}],"predecessor-version":[{"id":4637,"href":"https:\/\/www.parafiawierzbno.com.pl\/index.php?rest_route=\/wp\/v2\/pages\/4608\/revisions\/4637"}],"up":[{"embeddable":true,"href":"https:\/\/www.parafiawierzbno.com.pl\/index.php?rest_route=\/wp\/v2\/pages\/225"}],"wp:attachment":[{"href":"https:\/\/www.parafiawierzbno.com.pl\/index.php?rest_route=%2Fwp%2Fv2%2Fmedia&parent=4608"}],"curies":[{"name":"wp","href":"https:\/\/api.w.org\/{rel}","templated":true}]}}