{"id":4681,"date":"2016-12-05T06:21:50","date_gmt":"2016-12-05T05:21:50","guid":{"rendered":"https:\/\/www.parafiawierzbno.com.pl\/?page_id=4681"},"modified":"2016-12-26T00:16:30","modified_gmt":"2016-12-25T23:16:30","slug":"ogloszenia-grudzien-2016","status":"publish","type":"page","link":"https:\/\/www.parafiawierzbno.com.pl\/?page_id=4681","title":{"rendered":"Og\u0142oszenia &#8211; Grudzie\u0144 2016"},"content":{"rendered":"<p style=\"text-align: left;\"><a title=\"Og\u0142oszenia parafialne\" href=\"https:\/\/www.parafiawierzbno.com.pl\/?page_id=225\">Powr\u00f3t do listy og\u0142osze\u0144<\/a><\/p>\n<h2 style=\"text-align: center;\"><span style=\"color: #ff0000;\">25 grudnia \u2013 Urocz. Narodzenia Pa\u0144skiego<\/span><\/h2>\n<p>1. Uroczysto\u015b\u0107 Narodzenia Pa\u0144skiego pokazuje nam jak wa\u017cny jest dla Boga Ojca ka\u017cdy cz\u0142owiek, skoro Syn Bo\u017cy w ludzkiej postaci przychodzi na ziemi\u0119. B\u00f3g sta\u0142 si\u0119 cz\u0142owiekiem, aby\u015bmy odkryli wielk\u0105 godno\u015b\u0107 dzieci Bo\u017cych. Niech Nowonarodzony Zbawiciel uczy nas pokory i wytrwa\u0142o\u015bci w budowaniu pokoju i jedno\u015bci w rodzinach i naszym \u015brodowisku, \u017cyczliwo\u015bci i mi\u0142o\u015bci, kt\u00f3ra przejawia si\u0119 w gestach i czynach. Dzi\u015b w czasie sumy nagrody za gorliwe uczestnictwo w Roratach.<\/p>\n<p>2. Serdecznie dzi\u0119kuj\u0119 p. Urszuli Wasilewskiej z Adamowa za choinki i p. Szaniawskiemu z Jaworka za pi\u0119kn\u0105 jode\u0142k\u0119. Dzi\u0119kuj\u0119 m\u0142odzie\u017cy i doros\u0142ym za dekoracj\u0119 \u015bwi\u0105teczn\u0105.<\/p>\n<p>3. Jutro \u015bw. Szczepana, pierwszego m\u0119czennika. Zapraszam na Eucharysti\u0119 o 9.00, 12.00 i 17.00. Zgodnie z rozporz\u0105dzeniem Biskupa Siedleckiego ofiary na tac\u0119 s\u0105 przeznaczone na Caritas diecezjaln\u0105. Ofiarami do puszek wesprzemy misjonarza ks. Jaros\u0142awa Dziedzica i jego pos\u0142ug\u0119 w Boliwii.<\/p>\n<p>4. Zach\u0119cam wszystkich do uczestnictwa 6 stycznia w Orszaku Trzech Kr\u00f3li. Pocz\u0105tek Orszaku przy pieczarkarni o 12.30. W \u015brod\u0119 28 grudnia o 18.00 pr\u00f3ba przed Orszakiem Trzech Kr\u00f3li w sali konferencyjnej Urz\u0119du Gminy.<\/p>\n<p>5. W pi\u0105tek \u015bwi\u0119to \u015awi\u0119tej Rodziny, Jezusa, Maryi i J\u00f3zefa. Zapraszam na Eucharysti\u0119 o godz. 7.30.<\/p>\n<p>6. W sobot\u0119 ostatni dzie\u0144 2016 roku i na Mszy \u015bw. o 17.00 b\u0119dziemy dzi\u0119kowa\u0107 za wszelkie dobro, jakie otrzymali\u015bmy z Bo\u017cej hojno\u015bci.<\/p>\n<p>7. Najbli\u017csza niedziela to uroczysto\u015b\u0107 \u015awi\u0119tej Bo\u017cej Rodzicielki Maryi i pocz\u0105tek nowego 2017 roku. Msza \u015bw. o 9.00, 12.00 i 17.00. Po Mszy \u015bw. o 9.00 spotkanie op\u0142atkowe dla radnych naszej parafii. Zapraszam wszystkich radnych, aby przy okazji om\u00f3wi\u0107 bie\u017c\u0105ce sprawy.<\/p>\n<p>8. Tradycyjnie do \u015bwi\u0119tach rozpoczynamy wizyt\u0119 duszpastersk\u0105. Ofiary sk\u0142adane podczas kol\u0119dy b\u0119d\u0105 przeznaczone na sp\u0142acenie d\u0142ugu w zwi\u0105zku z remontem parkanu cmentarza. Mamy, jako parafia, 8500 z\u0142 d\u0142ugu. Program wizyty duszpasterskiej: we wtorek od 9.00 \u2013 Jan\u00f3wek, w \u015brod\u0119 \u2013 Las Jaworski i Helen\u00f3w, w czwartek \u2013 Sobo\u0144, w pi\u0105tek \u2013 Jaworek, w sobot\u0119 \u2013 Wierzbno, cz. 1. (od p. Szyma\u0144skich do Urz\u0119du Gminy).<\/p>\n<p>9. Serdecznie dzi\u0119kuj\u0119 rodzinom z Jaworka za sprz\u0105tanie ko\u015bcio\u0142a i na sobot\u0119 zapraszam: p. Mieczys\u0142awa i Dariusza Ku\u015bmierczyk, p. Jerzego Ku\u017ama oraz p. Teres\u0119 i S\u0142awomira Krasuskich.<\/p>\n<p>10. Zach\u0119cam do lektury nowy Nr \u201eEcha Katolickiego\u201d. Du\u017co ciekawych artyku\u0142\u00f3w i konkurs \u015bwi\u0105teczny z nagrodami.<\/p>\n<h2 style=\"text-align: center;\">18 grudnia \u2013 IV Niedziela Adwentu<\/h2>\n<p>1. Z ca\u0142ego serca dzi\u0119kuj\u0119 ks. Stanis\u0142awowi Chod\u017ace za pos\u0142ug\u0119 rekolekcyjn\u0105, za s\u0142owo skierowane do nas i \u015bwiadectwo wielkiego zaanga\u017cowania w \u017cycie swojej parafii. Niech Chrystus, kt\u00f3rego narodzenie b\u0119dziemy wkr\u00f3tce \u015bwi\u0119towa\u0107, obdarza go zdrowiem, moc\u0105 \u0142aski, pokojem i \u015bwiat\u0142em nowych inicjatyw duszpasterskich. Obiecujemy modlitw\u0119 za ks. Stanis\u0142awa i za parafi\u0119 w Zbuczynie. Serdecznie dzi\u0119kuj\u0119 kap\u0142anom, kt\u00f3rzy spowiadali podczas rekolekcji, dzi\u0119kuj\u0119 osobom pos\u0142uguj\u0105cym na plebanii i tym, kt\u00f3rzy ofiarowali ciasto i w\u0119dlin\u0119.<\/p>\n<p>2. Zapraszam dzi\u015b Szanownych Senior\u00f3w do sali w GSu na Spotkanie Wigilijne. Pocz\u0105tek o 14.00, a zako\u0144czymy Msz\u0105 \u015bw. w ko\u015bciele o 17.00. B\u0119dzie te\u017c okazja do spowiedzi przede Msz\u0105 \u015bw.<\/p>\n<p>3. Rozpoczynamy ju\u017c 4 tydzie\u0144 Adwentu, czas bezpo\u015bredniego przygotowania do uroczysto\u015bci Narodzenia Pa\u0144skiego. Zapraszam w poniedzia\u0142ek, \u015brod\u0119 i sobot\u0119 na Msz\u0119 \u015bw. Roratni\u0105 o 7.00.<\/p>\n<p>4. W poniedzia\u0142ek o 18.00 kolejna pr\u00f3ba przed Orszakiem Trzech Kr\u00f3li. Zapraszam do Sali konferencyjnej Urz\u0119du Gminy. Do poniedzia\u0142ku tak\u017ce prosz\u0119 dostarczy\u0107 paczki dla potrzebuj\u0105cych w ramach akcji Rodzina \u2013 Rodzinie.<\/p>\n<p>5. W \u015brod\u0119 od 14.00 dekorujemy nasz\u0105 \u015bwi\u0105tyni\u0119 na \u015awi\u0119t\u0105 Bo\u017cego Narodzenie. Prosz\u0119 m\u0142odzie\u017c i doros\u0142ych, aby\u015bmy wsp\u00f3lnie i sprawnie mogli\u00a0 podj\u0105\u0107 to zadanie.<\/p>\n<p>6. W sobot\u0119 Wigilia, tradycyjnie powstrzymujemy si\u0119 od pokarm\u00f3w mi\u0119snych i po zachodzie s\u0142o\u0144ca gromadzimy si\u0119 w kr\u0119gu rodziny i znajomych na uroczystej wieczerzy. Zapro\u015bmy tak\u017ce tych, kt\u00f3rzy s\u0105 samotni. Przy dzieleniu si\u0119 op\u0142atkiem sk\u0142adamy sobie \u017cyczenia i wybaczamy nieporozumienia. Niech pok\u00f3j i mi\u0142o\u015b\u0107, kt\u00f3r\u0105 niesie Zbawiciel narodzony w Betlejem, nape\u0142nia nasze domy i rodziny.<\/p>\n<p>7. W uroczysto\u015b\u0107 Narodzenia Pa\u0144skiego zapraszam na uroczyst\u0105 Pasterk\u0119 o p\u00f3\u0142nocy, a potem na Eucharysti\u0119 o 10.00 i 12.00. Nie b\u0119dzie Mszy \u015bw. o 17.00. Na sumie b\u0119d\u0105 nagrody dla tych, kt\u00f3rzy gorliwie uczestniczyli w Roratach oraz tych, kt\u00f3rzy podj\u0119li zadanie konkursu znajomo\u015bci \u015bwi\u0119tych.<\/p>\n<p>8. Na sobot\u0119 zapraszam do sprz\u0105tania ko\u015bcio\u0142a: p. Ryszarda Mr\u00f3z, p. Teres\u0119 i Janusza Doma\u0144skich oraz Mariann\u0119 i Stanis\u0142awa Ku\u015bmierczyk z Jaworka.<\/p>\n<p>9. Zach\u0119cam do lektury nowy Nr \u201eEcha Katolickiego\u201d. Przeczytamy o kulcie Dzieci\u0105tka Jezus, jak powinna wygl\u0105da\u0107 wieczerza wigilijna w katolickiej rodzinie, oraz o r\u00f3\u017cnych obliczach woluntariatu.<\/p>\n<p>10. Do Sakramentu Ma\u0142\u017ce\u0144stwa przygotowuj\u0105 si\u0119 nast\u0119puj\u0105ce osoby: Zbigniew Wysiejewski i Jolanta Wysiejewska, cywilnie zwi\u0105zani, zamieszkali w Wierzbnie, zapowied\u017a trzecia. Otoczmy ich nasz\u0105 gor\u0105c\u0105 modlitw\u0105.<\/p>\n<h2 style=\"text-align: center;\"><span style=\"color: #993366;\">11 grudnia \u2013 III Niedziela Adwentu<\/span><\/h2>\n<p>1. Mamy ju\u017c trzeci\u0105 Niedziel\u0119 Adwentu, kt\u00f3r\u0105 tradycyjnie nazywa si\u0119 \u201eGaudete\u201d czyli niedziel\u0105 rado\u015bci z tego faktu, \u017ce Pan ju\u017c blisko. Po Mszy \u015bw. o 9.00 spotkanie dla rodzic\u00f3w i dzieci klasy III w ramach przygotowania do I spowiedzi i Komunii \u015bw. Dla wsp\u00f3lnoty rodzic\u00f3w modl\u0105cych si\u0119 za dzieci tak\u017ce zmianka tajemnic r\u00f3\u017ca\u0144cowych.<\/p>\n<p>2. We wtorek 36 rocznica \u015bmierci ks. Leona Rydera, kt\u00f3ry jest pochowany na naszym cmentarzu. W czasie Mszy \u015bw. o 7.30 b\u0119dziemy modli\u0107 si\u0119 w jego intencji.<\/p>\n<p>3. W tym tygodniu woluntariusze pragn\u0105 odwiedzi\u0107 Szanownych Senior\u00f3w: w poniedzia\u0142ek od 14.00 w Cierpi\u0119tach, w Helenowie i w Lesie Jaworskim, a w \u015brod\u0119 od 15.00 w Wygl\u0119d\u00f3wku.<\/p>\n<p>4. Gor\u0105co zapraszam wszystkich parafian do uczestnictwa w Rekolekcjach Adwentowych (16 &#8211; 18 grudnia) czyli od pi\u0105tku do niedzieli. Zr\u00f3bmy wszystko, aby dobrze przygotowa\u0107 si\u0119 do sakramentu pokuty i skorzysta\u0107 z nauk rekolekcyjnych, kt\u00f3re wyg\u0142osi ks. Stanis\u0142aw Chod\u017ako. W pi\u0105tek i sobot\u0119 kap\u0142ani b\u0119d\u0105 pos\u0142ugiwa\u0107 w konfesjona\u0142ach. Msza \u015bw. o 10.00, 12.00 i 17.00. W sobot\u0119 Roraty wyj\u0105tkowo o 10.00.<\/p>\n<p>W sobot\u0119 od 14.00 odwiedzamy chorych pragn\u0105cych przyst\u0105pi\u0107 do spowiedzi i przyj\u0105\u0107 Chrystusa w Komunii \u015bw. Prosz\u0119 zg\u0142asza\u0107 chorych.<\/p>\n<p>5. W niedziel\u0119 na zako\u0144czenie rekolekcji zapraszamy Szanownych Senior\u00f3w na spotkanie wigilijne o 14.00 w budynku GS. Prosz\u0119 parafian, aby podwie\u017a\u0107 starszych senior\u00f3w na wigili\u0119. Niech b\u0119dzie to promyk rado\u015bci dla naszych Szanownych Senior\u00f3w. Uprzejmie prosz\u0119 do 19 grudnia dostarczy\u0107 paczki dla rodzin i umie\u015bci\u0107 na opakowaniu ten nr, kt\u00f3ry by\u0142 na wylosowanej kopercie w akcji \u201eRodzina \u2013 Rodzinie\u201d.<\/p>\n<p>6. Serdecznie dzi\u0119kuj\u0119 za sprz\u0105tanie ko\u015bcio\u0142a rodzinom z Jaworka i na sobot\u0119 (z racji rekolekcji od godz. 13.00) zapraszam: p. Halin\u0119 i Stanis\u0142awa Mr\u00f3z, p. Ann\u0119 i Wies\u0142awa Chro\u015bcickich oraz p. Gra\u017cyn\u0119 Kucharsk\u0105.<\/p>\n<p>7. Chwa\u0142a Bogu, zosta\u0142a ju\u017c uko\u0144czona praca przy parkanie cmentarza i trzeba si\u0119 tylko do ko\u0144ca rozliczy\u0107 z poniesionych wydatk\u00f3w.<\/p>\n<p>8. Do Sakramentu Ma\u0142\u017ce\u0144stwa przygotowuj\u0105 si\u0119 nast\u0119puj\u0105ce osoby: Zbigniew Wysiejewski i Jolanta Wysiejewska, cywilnie zwi\u0105zani, zamieszkali w Wierzbnie, zapowied\u017a druga. Otoczmy ich naszymi modlitwami.<\/p>\n<p>9. Zach\u0119cam do lektury nowy Nr \u201eEcha Katolickiego\u201d. Znajdziemy artyku\u0142y o macierzy\u0144skiej opiece Maryi, o przebaczeniu, kt\u00f3re wyzwala, o kulisach wprowadzania stanu wojennego i rady pedagoga, jak wspomaga\u0107 dziecko w uczeniu si\u0119.<\/p>\n<p>10. Pan B\u00f3g powo\u0142a\u0142 do wieczno\u015bci \u015bp. Henryk\u0119 Lisieck\u0105. Z ofiar zebranych na pogrzebie b\u0119dzie sprawowanych 12 Mszy \u015bw. o zbawienie jej duszy i jeszcze jedn\u0105 Msz\u0119 \u015bw. zam\u00f3wi\u0142y siostry z KRK z Wierzbna. Wieczny odpoczynek racz jej da\u0107, Panie&#8230;<\/p>\n<h2 style=\"text-align: center;\"><span style=\"color: #993366;\">4 grudnia \u2013 II Niedziela Adwentu<\/span><\/h2>\n<p>1. Dzi\u015b niedziela miesi\u0119cznej adoracji Naj\u015bwi\u0119tszego Sakramentu. Po sumie wystawienie Naj\u015bwi\u0119tszego Sakramentu, adoracja i zmianka tajemnic r\u00f3\u017ca\u0144cowych. Ofiarami do puszek wspieramy wsp\u00f3lnoty Ko\u015bcio\u0142a Katolickiego w Rosji, na Ukrainie i innych krajach postsowieckich. Intencje Apostolstwa Modlitwy na grudzie\u0144:Og\u00f3lna \u2013 Aby we wszystkich cz\u0119\u015bciach \u015bwiata znikn\u0119\u0142a plaga, jak\u0105 jest werbowanie dzieci \u017co\u0142nierzy; Ewangelizacyjna \u2013 Aby ludy europejskie odkry\u0142y na nowo pi\u0119kno, dobro\u0107 i prawd\u0119 Ewangelii, kt\u00f3ra nape\u0142nia \u017cycie rado\u015bci\u0105 i nadziej\u0105. Dzi\u015b po Mszy \u015bw. o 17.00 pr\u00f3ba przed Orszakiem Trzech Kr\u00f3li w sali konferencyjnej w Urz\u0119dzie Gminy.<\/p>\n<p>2. W czwartek Uroczysto\u015b\u0107 Niepokalanego Pocz\u0119cia NMP. Zapraszam na Msz\u0119 \u015bw. o 9.00 i o 17.00.<\/p>\n<p>3. W \u015brod\u0119 o 15.00 Msza \u015bw. w M\u0142odzie\u017cowym O\u015brodku w Jaworku. Zapraszam tak\u017ce mieszka\u0144c\u00f3w Jaworka.<\/p>\n<p>4. W najbli\u017csz\u0105 niedziel\u0119 po Mszy \u015bw. o 9.00 spotkanie rodzic\u00f3w i dzieci klasy III w ramach przygotowania do I spowiedzi i Komunii \u015bw. Tak\u017ce zmianka tajemnic r\u00f3\u017ca\u0144cowych dla rodzic\u00f3w modl\u0105cych si\u0119 za dzieci.<\/p>\n<p>5. Rekolekcje Adwentowe w naszej parafii w dniach 16-18 grudnia przeprowadzi ks. Stanis\u0142aw Chod\u017ako, proboszcz ze Zbuczyna. Zaplanujmy tak czas, aby skorzysta\u0107 z nauk i sakramentu Pokuty.<\/p>\n<p>6. Z Bo\u017c\u0105 pomoc\u0105 chcemy 18 grudnia o godz. 14.00 zorganizowa\u0107 Wigili\u0119 dla Senior\u00f3w (od 70 wzwy\u017c) w budynku GSu na dole. Prosz\u0119 parafian o pomoc przygotowaniu da\u0144 wigilijnych. W tym tygodniu wraz z woluntariuszami chcemy odwiedzi\u0107 szanownych Senior\u00f3w: we wtorek od 15.00 w Adamowie, Swidnie i W\u00f3lce, w \u015brod\u0119 od 10.00 w Wierzbnie, w czwartek od 15.00 w Wygl\u0119d\u00f3wku i Jan\u00f3wku, a w pi\u0105tek (od 15.00) w Jaworku.<\/p>\n<p>7. Dzi\u0119kuj\u0119 za sprz\u0105tanie ko\u015bcio\u0142a rodzinom z Jaworka i na sobot\u0119 zapraszam: p. Ireneusza i Wies\u0142awa Zagrodzkich, p. Ma\u0142gorzat\u0119 i Tadeusza Szatkowskich oraz p. Monik\u0119 i W\u0142odzimierza Durk\u00f3w.<\/p>\n<p>8. Do Sakramentu Ma\u0142\u017ce\u0144stwa przygotowuj\u0105 si\u0119 nast\u0119puj\u0105ce osoby: Zbigniew Wysiejewski i Jolanta Wysiejewska, cywilnie zwi\u0105zani, zamieszkali w Wierzbnie, zapowied\u017a pierwsza. Otoczmy ich naszymi modlitwami.<\/p>\n<p>9. Zach\u0119cam do lektury nowy Nr \u201eEcha Katolickiego\u201d. Przeczytamy o adwentowych zwyczajach, kt\u00f3re buduj\u0105 jedno\u015b\u0107 w rodzinie, o m\u0105drym wychowaniu a tak\u017ce jak do\u015bwiadczy\u0107 rado\u015bci przebaczenia i uczy\u0107 przebacza\u0107 bli\u017anim.<\/p>\n<p>10. Pan B\u00f3g powo\u0142a\u0142 do wieczno\u015bci \u015bp. Alin\u0119 Karaban. Z ofiar zebranych na pogrzebie b\u0119dzie sprawowanych 10 Mszy \u015bw. o zbawienie jej duszy. Wieczny odpoczynek racz jej da\u0107, Panie&#8230;<\/p>\n","protected":false},"excerpt":{"rendered":"<p>Powr\u00f3t do listy og\u0142osze\u0144 25 grudnia \u2013 Urocz. Narodzenia Pa\u0144skiego 1. Uroczysto\u015b\u0107 Narodzenia Pa\u0144skiego pokazuje nam jak wa\u017cny jest dla Boga Ojca ka\u017cdy cz\u0142owiek, skoro Syn Bo\u017cy w ludzkiej postaci przychodzi na ziemi\u0119. B\u00f3g sta\u0142 si\u0119 cz\u0142owiekiem, aby\u015bmy odkryli wielk\u0105 godno\u015b\u0107 dzieci Bo\u017cych. Niech Nowonarodzony Zbawiciel uczy nas pokory i wytrwa\u0142o\u015bci w budowaniu pokoju i jedno\u015bci w rodzinach i naszym \u015brodowisku, \u017cyczliwo\u015bci i mi\u0142o\u015bci, kt\u00f3ra przejawia si\u0119 w gestach i czynach. Dzi\u015b w czasie sumy nagrody za gorliwe uczestnictwo w Roratach. 2. Serdecznie dzi\u0119kuj\u0119 p. Urszuli Wasilewskiej z Adamowa za choinki i p. Szaniawskiemu z Jaworka za pi\u0119kn\u0105 jode\u0142k\u0119. Dzi\u0119kuj\u0119 m\u0142odzie\u017cy i doros\u0142ym za dekoracj\u0119 \u015bwi\u0105teczn\u0105. 3. Jutro \u015bw. Szczepana, pierwszego m\u0119czennika. Zapraszam na Eucharysti\u0119 o 9.00, 12.00 i 17.00. Zgodnie z rozporz\u0105dzeniem Biskupa Siedleckiego ofiary na tac\u0119 s\u0105 przeznaczone na Caritas diecezjaln\u0105. Ofiarami do puszek wesprzemy misjonarza ks. Jaros\u0142awa Dziedzica i jego pos\u0142ug\u0119 w Boliwii. 4. Zach\u0119cam wszystkich do \u2026 <a class=\"continue-reading-link\" href=\"https:\/\/www.parafiawierzbno.com.pl\/?page_id=4681\">Czytaj dalej <span class=\"meta-nav\">&rarr; <\/span><\/a><\/p>\n","protected":false},"author":1,"featured_media":0,"parent":225,"menu_order":0,"comment_status":"closed","ping_status":"closed","template":"","meta":{"ngg_post_thumbnail":0},"_links":{"self":[{"href":"https:\/\/www.parafiawierzbno.com.pl\/index.php?rest_route=\/wp\/v2\/pages\/4681"}],"collection":[{"href":"https:\/\/www.parafiawierzbno.com.pl\/index.php?rest_route=\/wp\/v2\/pages"}],"about":[{"href":"https:\/\/www.parafiawierzbno.com.pl\/index.php?rest_route=\/wp\/v2\/types\/page"}],"author":[{"embeddable":true,"href":"https:\/\/www.parafiawierzbno.com.pl\/index.php?rest_route=\/wp\/v2\/users\/1"}],"replies":[{"embeddable":true,"href":"https:\/\/www.parafiawierzbno.com.pl\/index.php?rest_route=%2Fwp%2Fv2%2Fcomments&post=4681"}],"version-history":[{"count":6,"href":"https:\/\/www.parafiawierzbno.com.pl\/index.php?rest_route=\/wp\/v2\/pages\/4681\/revisions"}],"predecessor-version":[{"id":4717,"href":"https:\/\/www.parafiawierzbno.com.pl\/index.php?rest_route=\/wp\/v2\/pages\/4681\/revisions\/4717"}],"up":[{"embeddable":true,"href":"https:\/\/www.parafiawierzbno.com.pl\/index.php?rest_route=\/wp\/v2\/pages\/225"}],"wp:attachment":[{"href":"https:\/\/www.parafiawierzbno.com.pl\/index.php?rest_route=%2Fwp%2Fv2%2Fmedia&parent=4681"}],"curies":[{"name":"wp","href":"https:\/\/api.w.org\/{rel}","templated":true}]}}