{"id":4759,"date":"2017-02-12T09:35:00","date_gmt":"2017-02-12T08:35:00","guid":{"rendered":"https:\/\/www.parafiawierzbno.com.pl\/?page_id=4759"},"modified":"2023-02-12T14:27:45","modified_gmt":"2023-02-12T13:27:45","slug":"ogloszenia-luty-2017","status":"publish","type":"page","link":"https:\/\/www.parafiawierzbno.com.pl\/?page_id=4759","title":{"rendered":"Og\u0142oszenia &#8211; Luty 2017"},"content":{"rendered":"<p><a title=\"Og\u0142oszenia parafialne\" href=\"https:\/\/www.parafiawierzbno.com.pl\/?page_id=225\">Powr\u00f3t do listy og\u0142osze\u0144<\/a><\/p>\n<h2 style=\"text-align: center;\"><span style=\"color: #ff0000;\">26 luty \u2013 VIII Niedziela zwyk\u0142a<\/span><\/h2>\n<p>1. Jestem wdzi\u0119czny Panu Bogu za mo\u017cliwo\u015b\u0107 odbycia pielgrzymki do Ziemi \u015awi\u0119tej. To niewypowiedziane szcz\u0119\u015bcie by\u0107 i modli\u0107 si\u0119 na tych miejscach, kt\u00f3re w szczeg\u00f3lny spos\u00f3b nawiedzi\u0142 i umi\u0142owa\u0142 Pan B\u00f3g. Czytaj\u0105c tam Ewangeli\u0119 uderza s\u0142owo: \u201ehic\u201d, \u201etutaj\u201d. W\u0142a\u015bnie tutaj Anio\u0142 objawi\u0142 Maryi, \u017ce B\u00f3g wybra\u0142 J\u0105 na Matk\u0119 Zbawiciela, tutaj Maryja spotka\u0142a si\u0119 ze \u015bw. El\u017cbiet\u0105 i wy\u015bpiewa\u0142a Magnificat, tutaj Jezus si\u0119 narodzi\u0142, tutaj Jezus wyg\u0142osi\u0142 b\u0142ogos\u0142awie\u0144stwa i tutaj rozmno\u017cy\u0142 chleb i ryby, tutaj spo\u017cywa\u0142 Ostatni\u0105 Wieczerz\u0119 z uczniami, tutaj modli\u0142 si\u0119 przed m\u0119k\u0105, tutaj sta\u0142 przed Pi\u0142atem i zosta\u0142 skazany na \u015bmier\u0107, tutaj by\u0142 biczowany, tutaj na Golgocie umar\u0142 za nasze grzechy i pusty gr\u00f3b m\u00f3wi nam, \u017ce tutaj by\u0142o z\u0142o\u017cone Jego Cia\u0142o i zmartwychwsta\u0142, a potem tutaj ukaza\u0142 si\u0119 Marii Magdalenie. Miejsca te s\u0105 w wielkiej czci u chrze\u015bcijan r\u00f3\u017cnych wyzna\u0144 a tak\u017ce u muzu\u0142man\u00f3w.<\/p>\n<p>2. Po Mszy \u015bw. o 9.00 spotkanie dla rodzic\u00f3w i dzieci klasy III w ramach przygotowania do I spowiedzi i Komunii \u015bw.<\/p>\n<p>3. W \u015brod\u0119 rozpocz\u0119cie Wielkiego Postu. Zapraszam na Eucharysti\u0119 i obrz\u0119d posypania popio\u0142em o 9.00 i 17.00. Czwarte przykazanie ko\u015bcielne stanowi: \u201eZachowywa\u0107 nakazane posty i wstrzemi\u0119\u017aliwo\u015b\u0107 od pokarm\u00f3w mi\u0119snych, a w czasie Wielkiego Postu powstrzymywa\u0107 si\u0119 od udzia\u0142u w zabawach\u201d.&nbsp; W \u015arod\u0119 Popielcow\u0105 jako chrze\u015bcijanie nie spo\u017cywamy pokarm\u00f3w mi\u0119snych i tylko raz do syta mo\u017cemy si\u0119 naje\u015b\u0107. W pi\u0105tki Wielkiego Postu o 16.30 nabo\u017ce\u0144stwo Drogi Krzy\u017cowej, a w niedziel\u0119 przed sum\u0105 \u2013 nabo\u017ce\u0144stwo Gorzkich Zali. Dla dzieci i m\u0142odzie\u017cy b\u0119dzie konkurs aktywno\u015bci i uczestnictwa w drodze Krzy\u017cowej, Mszach \u015bw. i&nbsp; w Rekolekcjach Wielkopostnych.<\/p>\n<p>4. Dzi\u015b rozpoczynamy Tydzie\u0144 Modlitw o Trze\u017awo\u015b\u0107 naszego Narodu i b\u0119dziemy wyprasza\u0107 \u0142aski powstania z na\u0142ogu pija\u0144stwa, narkomanii i nikotynizmu oraz si\u0142\u0119 wiary dla rodzin os\u00f3b uzale\u017cnionych. Na niedziel\u0119,12 marca, zarosi\u0142em do naszej parafii ma\u0142\u017ce\u0144stwo Renat\u0119 i Leszka, kt\u00f3rzy dadz\u0105 \u015bwiadectwo, jak z Bo\u017c\u0105 pomoc\u0105, wyrwali si\u0119 z szpon na\u0142ogu i ocalili rodzin\u0119.<\/p>\n<p>5. W czwartek od 16.00 adoracja Naj\u015bwi\u0119tszego Sakramentu, modlitwa o powo\u0142ania kap\u0142a\u0144skie i do \u017cycia konsekrowanego oraz za zmar\u0142ych polecanych Mi\u0142osierdziu Bo\u017cemu w wypominkach.<\/p>\n<p>6. Pierwszy pi\u0105tek miesi\u0105ca i Msza \u015bw. wynagradzaj\u0105ca Naj\u015bw. Sercu Pana Jezusa o 7.30, od 9.00 odwiedzam chorych, o 16.30 nabo\u017ce\u0144stwo Drogi Krzy\u017cowej.<\/p>\n<p>7. W najbli\u017csz\u0105 niedziel\u0119 po sumie zmianka tajemnic r\u00f3\u017ca\u0144cowych.<\/p>\n<p>8. Katolicka Poradnia Rodzinna w Gr\u0119bkowie zaprasza na Katechezy Przedma\u0142\u017ce\u0144skie w dniach 4 i 11 marca. Bli\u017csze informacje w gablocie przy ko\u015bciele.<\/p>\n<p>9. Dzi\u0119kuj\u0119 rodzinom z Jan\u00f3wka za trosk\u0119 o czysto\u015b\u0107 ko\u015bcio\u0142a i zapraszam na sobot\u0119: p. Krystyn\u0119 i Sylwestra Okrzeja, p. Jacka Ku\u015bmierz oraz p. Milen\u0119 i Andrzeja Po\u0142awskich.<\/p>\n<p>10. Zach\u0119cam do lektury nowy Nr \u201eEcha Katolickiego\u201d<\/p>\n<h2 style=\"text-align: center;\"><span style=\"color: #ff0000;\">19 luty \u2013 VII Niedziela zwyk\u0142a<\/span><\/h2>\n<p>1. Pozdrawiam wszystkich parafian z Jerozolimy i z tych miejsc w Ziemi \u015awi\u0119tej, u\u015bwi\u0119conych obecno\u015bci\u0105, nauczaniem i cudami naszego Pana Jezusa Chrystusa. Tutaj Ewangelia przemawia do mnie jeszcze mocniej. Modl\u0119 si\u0119 o mocn\u0105 wiar\u0119 dla siebie i naszego narodu.<\/p>\n<p>2. Dzi\u0119kuj\u0119 rodzinom z Jan\u00f3wka za sprz\u0105tanie ko\u015bcio\u0142a i zapraszam na sobot\u0119: p. Wand\u0119 i Wies\u0142awa \u0141abarzewskich, p. Beat\u0119 i Mariusza \u0141abarzewskich oraz p. Katarzyn\u0119 i Tadeusza Bartnickich.<\/p>\n<p>3. Msza \u015bw. w sobot\u0119 o godz. 17.00. Serdecznie zapraszam.<\/p>\n<p>4. W niedziel\u0119 26 lutego po Mszy \u015bw. o 9.00 spotkanie dla rodzic\u00f3w i dzieci klasy III w ramach przygotowania do I spowiedzi i Komunii \u015bw.<\/p>\n<p>5. Powiatowy Zesp\u00f3\u0142 Doradztwa Rolniczego w W\u0119growie zaprasza na szkolenie na temat: Restrukturyzacja ma\u0142ych gospodarstw. Spotkanie odb\u0119dzie si\u0119 w Urz\u0119dzie Gminy we wtorek 21 lutego o godz. 10.00.<\/p>\n<p>6. Zach\u0119cam do lektury nowy Nr \u201eEcha Katolickiego\u201d.<\/p>\n<h2 style=\"text-align: center;\"><span style=\"color: #ff0000;\">12 luty \u2013 VI Niedziela zwyk\u0142a<\/span><\/h2>\n<p>1. Dzi\u015b po Mszy \u015bw. o 9.00 zmianka tajemnic r\u00f3\u017ca\u0144cowych dla wsp\u00f3lnoty rodzic\u00f3w modl\u0105cych si\u0119 za dzieci. W czasie sumy zostanie udzielony sakrament chorych dla os\u00f3b starszych i przewlekle chorych. O 15.00 zapraszam na spotkanie woluntariuszy zespo\u0142u charytatywnego.<\/p>\n<p>2. Papie\u017c Franciszek w Or\u0119dziu na XXV \u015awiatowy Dzie\u0144 Chorego&nbsp; przypomina, \u017ce \u201eludzie chorzy, podobnie jak osoby niepe\u0142nosprawne, nawet bardzo powa\u017cnie, posiadaj\u0105 swoj\u0105 niezbywaln\u0105 godno\u015b\u0107 i swoj\u0105 misj\u0119 w \u017cyciu. (&#8230;) Ponawiam moj\u0105 modlitewn\u0105 solidarno\u015b\u0107 i poparcie dla lekarzy, piel\u0119gniarek, woluntariuszy i wszystkich m\u0119\u017cczyzn i kobiet konsekrowanych, a tak\u017ce rodzin, kt\u00f3re z mi\u0142o\u015bci\u0105 opiekuj\u0105 si\u0119 swoimi chorymi krewnymi. Wszystkim \u017cycz\u0119, aby zawsze byli radosnymi znakami obecno\u015bci i mi\u0142o\u015bci Boga, na\u015bladuj\u0105c wspania\u0142e \u015bwiadectwo tak wielu przyjaci\u00f3\u0142 i przyjaci\u00f3\u0142ek Boga, w\u015br\u00f3d kt\u00f3rych wspomn\u0119 \u015bw. Jana Bo\u017cego i \u015bw. Kamila de Lellis, patron\u00f3w szpitali i pracownik\u00f3w s\u0142u\u017cby zdrowia, a tak\u017ce \u015bwi\u0119t\u0105 Matk\u0119 Teres\u0119 z Kalkuty, misjonark\u0119 czu\u0142o\u015bci Boga\u201d.<\/p>\n<p>3. We wtorek \u015bwi\u0119to Cyryla i Metodego, Patron\u00f3w Europy. Msza \u015bw. o 17.00.<\/p>\n<p>4. W czwartek Msza \u015bw. o 16.00, poniewa\u017c wyje\u017cd\u017camy na pielgrzymk\u0119 do Ziemi \u015awi\u0119tej. Powr\u00f3t do Polski planuj\u0119, jak B\u00f3g pozwoli, w sobot\u0119 25 lutego. Obiecuj\u0119 modlitw\u0119 za wszystkich parafian w miejscach, gdzie \u017cy\u0142, naucza\u0142 i czyni\u0142 cuda Jezus Chrystus. W sobot\u0119 i niedziel\u0119 zast\u0105pi mnie ks. kanonik Stanis\u0142aw Abramczuk. W razie konieczno\u015bci pos\u0142ugi kap\u0142ana, prosz\u0119 zwraca\u0107 si\u0119 do ks. dziekana Krzysztofa Pawelca w Gr\u0119bkowie.<\/p>\n<p>5. W niedziel\u0119 26 lutego po Mszy \u015bw. o 9.00 spotkanie dla rodzic\u00f3w i dzieci klasy III w ramach przygotowania do I spowiedzi i Komunii \u015bw.<\/p>\n<p>6. Katolicka Poradnia Rodzinna w Gr\u0119bkowie zaprasza na Katechezy Przedma\u0142\u017ce\u0144skie w dniach 4 i 11 marca. Bli\u017csze informacje w gablocie przy ko\u015bciele.<\/p>\n<p>7. Dzi\u0119kuj\u0119 rodzinom z Jan\u00f3wka za sprz\u0105tanie ko\u015bcio\u0142a i zapraszam na sobot\u0119: p. Mariol\u0119 i Dariusza Patoka, oraz p. Barbar\u0119 i Miros\u0142awa Patoka.<\/p>\n<p>8. Zach\u0119cam do lektury nowy Nr \u201eEcha Katolickiego\u201d. Przeczytamy o procesie beatyfikacyjnym bpa Adolfa Szel\u0105\u017cka, o formach duchowej pomocy kap\u0142anom oraz osobom \u017cycia konsekrowanego. Znajdziemy tak\u017ce rady dietetyka.<\/p>\n<h2 style=\"text-align: center;\"><span style=\"color: #ff0000;\">5 luty \u2013 V Niedziela zwyk\u0142a<\/span><\/h2>\n<p>1. Cieszymy si\u0119 z obecno\u015bci w\u015br\u00f3d nas ks. Wojciecha Matuszewskiego, misjonarza z Kazachstanu. Dzi\u0119kuj\u0119 za ofiary na tac\u0119 dla jego pos\u0142ugi i serdecznie prosz\u0119 otaczajmy go modlitw\u0105. Dzi\u015b z racji pierwszej niedzieli miesi\u0105ca po sumie adoracja Naj\u015bwi\u0119tszego Sakramentu i zmianka tajemnic r\u00f3\u017ca\u0144cowych. Intencja Apostolstwa Modlitwy na luty: Aby ludzie prze\u017cywaj\u0105cy pr\u00f3by, zw\u0142aszcza ubodzy, uchod\u017acy i spychani na margines, spotykali si\u0119 z przyj\u0119ciem i znajdowali wsparcie w naszych wsp\u00f3lnotach.<\/p>\n<p>2. W naszej diecezji prze\u017cywamy Niedziel\u0119 synodaln\u0105, pod has\u0142em: \u201ePowo\u0142anie i misja wiernych \u015bwieckich\u201d. Zapraszam m\u0119\u017cczyzn na plebani\u0119 o 15.00 na spotkanie dyskusyjne, by\u015bmy tworzyli wsp\u00f3lnot\u0119 zatroskanych o Ko\u015bci\u00f3\u0142 i Ojczyzn\u0119.<\/p>\n<p>3. W \u015brod\u0119, 8 lutego, b\u0119dziemy modli\u0107 si\u0119 o wieczne zbawienie dla \u015bp. ks. Wies\u0142awa G\u0142owackiego w kolejn\u0105 rocznic\u0119 jego \u015bmierci.<\/p>\n<p>4. W sobot\u0119, wspomnienie Naj\u015bwi\u0119tszej Maryi Panny z Lourdes i \u015bwiatowy Dzie\u0144 Chorego. Msza \u015bw. o godz. 17.00.<\/p>\n<p>5. W najbli\u017csz\u0105 niedziel\u0119 zapraszamy na sum\u0119 szczeg\u00f3lnie ludzi chorych i starszych. W czasie Eucharystii b\u0119dzie udzielony sakrament chorych, a przede Msz\u0105 \u015bw. zach\u0119camy wszystkich do spowiedzi. Po Mszy \u015bw. o 9.00 zmianka tajemnic r\u00f3\u017ca\u0144cowych dla wsp\u00f3lnoty rodzic\u00f3w modl\u0105cych si\u0119 za dzieci. Na 15.00 zapraszam woluntariuszy M\u0142odzie\u017cowego Zespo\u0142u Charytatywnego.<\/p>\n<p>6. Dzi\u0119kuj\u0119 p. Piotrowi Pi\u00f3rkowi i Micha\u0142owi W\u0105sowskiemu za rozebranie dekoracji \u015bwi\u0105tecznej. Szkoda, \u017ce nie by\u0142o nikogo z m\u0142odzie\u017cy. Serdecznie dzi\u0119kuj\u0119 rodzinom z Jan\u00f3wka za sprz\u0105tanie ko\u015bcio\u0142a i zapraszam na sobot\u0119: p. Jadwig\u0119 i Mariana Jaczewskich, p. Lucyn\u0119 i Bogdana Patoka oraz p. Ann\u0119 i Waldemara G\u0105siorowskich.<\/p>\n<p>7. Katolicka Poradnia Rodzinna w Gr\u0119bkowie zaprasza na Katechezy Przedma\u0142\u017ce\u0144skie w dniach 4 i 11 marca. Bli\u017csze informacje w gablocie przy ko\u015bciele.<\/p>\n<p>8. Zach\u0119cam do lektury nowy Nr \u201eEcha Katolickiego\u201d. Przeczytamy o trudnej sztuce przebaczania, na jakich dzia\u0142aniach skupia si\u0119 wsp\u00f3lnota \u201eMatki w modlitwie\u201d oraz jak Lourdes przemienia \u017cycie.<\/p>\n","protected":false},"excerpt":{"rendered":"<p>Powr\u00f3t do listy og\u0142osze\u0144 26 luty \u2013 VIII Niedziela zwyk\u0142a 1. Jestem wdzi\u0119czny Panu Bogu za mo\u017cliwo\u015b\u0107 odbycia pielgrzymki do Ziemi \u015awi\u0119tej. To niewypowiedziane szcz\u0119\u015bcie by\u0107 i modli\u0107 si\u0119 na tych miejscach, kt\u00f3re w szczeg\u00f3lny spos\u00f3b nawiedzi\u0142 i umi\u0142owa\u0142 Pan B\u00f3g. Czytaj\u0105c tam Ewangeli\u0119 uderza s\u0142owo: \u201ehic\u201d, \u201etutaj\u201d. W\u0142a\u015bnie tutaj Anio\u0142 objawi\u0142 Maryi, \u017ce B\u00f3g wybra\u0142 J\u0105 na Matk\u0119 Zbawiciela, tutaj Maryja spotka\u0142a si\u0119 ze \u015bw. El\u017cbiet\u0105 i wy\u015bpiewa\u0142a Magnificat, tutaj Jezus si\u0119 narodzi\u0142, tutaj Jezus wyg\u0142osi\u0142 b\u0142ogos\u0142awie\u0144stwa i tutaj rozmno\u017cy\u0142 chleb i ryby, tutaj spo\u017cywa\u0142 Ostatni\u0105 Wieczerz\u0119 z uczniami, tutaj modli\u0142 si\u0119 przed m\u0119k\u0105, tutaj sta\u0142 przed Pi\u0142atem i zosta\u0142 skazany na \u015bmier\u0107, tutaj by\u0142 biczowany, tutaj na Golgocie umar\u0142 za nasze grzechy i pusty gr\u00f3b m\u00f3wi nam, \u017ce tutaj by\u0142o z\u0142o\u017cone Jego Cia\u0142o i zmartwychwsta\u0142, a potem tutaj ukaza\u0142 si\u0119 Marii Magdalenie. Miejsca te s\u0105 w wielkiej czci u chrze\u015bcijan r\u00f3\u017cnych wyzna\u0144 a tak\u017ce u muzu\u0142man\u00f3w. 2. Po \u2026 <a class=\"continue-reading-link\" href=\"https:\/\/www.parafiawierzbno.com.pl\/?page_id=4759\">Czytaj dalej <span class=\"meta-nav\">&rarr; <\/span><\/a><\/p>\n","protected":false},"author":1,"featured_media":0,"parent":225,"menu_order":0,"comment_status":"closed","ping_status":"closed","template":"","meta":{"ngg_post_thumbnail":0},"_links":{"self":[{"href":"https:\/\/www.parafiawierzbno.com.pl\/index.php?rest_route=\/wp\/v2\/pages\/4759"}],"collection":[{"href":"https:\/\/www.parafiawierzbno.com.pl\/index.php?rest_route=\/wp\/v2\/pages"}],"about":[{"href":"https:\/\/www.parafiawierzbno.com.pl\/index.php?rest_route=\/wp\/v2\/types\/page"}],"author":[{"embeddable":true,"href":"https:\/\/www.parafiawierzbno.com.pl\/index.php?rest_route=\/wp\/v2\/users\/1"}],"replies":[{"embeddable":true,"href":"https:\/\/www.parafiawierzbno.com.pl\/index.php?rest_route=%2Fwp%2Fv2%2Fcomments&post=4759"}],"version-history":[{"count":7,"href":"https:\/\/www.parafiawierzbno.com.pl\/index.php?rest_route=\/wp\/v2\/pages\/4759\/revisions"}],"predecessor-version":[{"id":10866,"href":"https:\/\/www.parafiawierzbno.com.pl\/index.php?rest_route=\/wp\/v2\/pages\/4759\/revisions\/10866"}],"up":[{"embeddable":true,"href":"https:\/\/www.parafiawierzbno.com.pl\/index.php?rest_route=\/wp\/v2\/pages\/225"}],"wp:attachment":[{"href":"https:\/\/www.parafiawierzbno.com.pl\/index.php?rest_route=%2Fwp%2Fv2%2Fmedia&parent=4759"}],"curies":[{"name":"wp","href":"https:\/\/api.w.org\/{rel}","templated":true}]}}