{"id":5297,"date":"2017-04-02T20:33:10","date_gmt":"2017-04-02T18:33:10","guid":{"rendered":"https:\/\/www.parafiawierzbno.com.pl\/?page_id=5297"},"modified":"2017-05-03T11:43:43","modified_gmt":"2017-05-03T09:43:43","slug":"ogloszenia-kwiecien-2017","status":"publish","type":"page","link":"https:\/\/www.parafiawierzbno.com.pl\/?page_id=5297","title":{"rendered":"Og\u0142oszenia &#8211; Kwiecie\u0144 2017"},"content":{"rendered":"<p><a title=\"Og\u0142oszenia parafialne\" href=\"https:\/\/www.parafiawierzbno.com.pl\/?page_id=225\">Powr\u00f3t do listy og\u0142osze\u0144<\/a><\/p>\n<h2 style=\"text-align: center;\"><span style=\"color: #ff0000;\">30 kwietnia \u2013 3 Niedziela Wielkanocna<\/span><\/h2>\n<p>1. Dzi\u015b w ca\u0142ej Polsce Niedziela Biblijna i dzie\u0144 narodowego czytania Pisma \u015bw. W naszej diecezji to tak\u017ce Niedziela synodalna. G\u0142\u00f3wnym jej tematem jest kult maryjny w naszej diecezji. Po Mszy \u015bw. o 9.00 spotkanie dla rodzic\u00f3w i dzieci klasy III, przygotowuj\u0105cych si\u0119 do I spowiedzi i Komunii \u015bw. Ofiary na tac\u0119 s\u0105 przeznaczone na renowacj\u0119 dzwonnicy i frontonu naszej \u015bwi\u0105tyni. Jest nowy grafik dla czytaj\u0105cych s\u0142owo Bo\u017ce podczas Eucharystii. O godz. 15.30 nabo\u017ce\u0144stwo po\u015bwi\u0119cenia p\u00f3l w Lesie Jaworskim i Helenowie, zako\u0144czone Msz\u0105 \u015bw. o Bo\u017ce b\u0142ogos\u0142awie\u0144stwo w pracy dla rolnik\u00f3w i dzia\u0142kowicz\u00f3w, o sprzyjaj\u0105c\u0105 pogod\u0119 i obfite plony.<\/p>\n<p>2. Od jutra rozpoczynamy nabo\u017ce\u0144stwa majowe ku czci NMP po Mszy \u015bw. wieczorowej o\u00a0 18.00 w dni powszednie i w niedziele 15 minut przed sum\u0105. Zach\u0119cam do licznego udzia\u0142u wszystkich parafian. B\u0119dziemy prosi\u0107 or\u0119downictwa Maryi, o pok\u00f3j na \u015bwiecie, o jedno\u015b\u0107 i mi\u0142o\u015b\u0107 w naszych rodzinach. Dla dzieci b\u0119dzie konkurs i uk\u0142adanka, przez kt\u00f3r\u0105 b\u0119d\u0105 zapoznawa\u0107 si\u0119 z tajemnic\u0105 Fatimy.<\/p>\n<p>3. Jutro 1 maja i w kalendarzu liturgicznym wspominamy \u015bw. J\u00f3zefa, rzemie\u015blnika. Od godz. 15.30 nabo\u017ce\u0144stwo po\u015bwi\u0119cenia p\u00f3l w Soboniu, zako\u0144czone Eucharysti\u0105 w naszej \u015bwi\u0105tyni w intencji wszystkich mieszka\u0144c\u00f3w z pro\u015bb\u0105 o dobr\u0105 pogod\u0119 i obfite plony.<\/p>\n<p>4. W \u015brod\u0119 uroczysto\u015b\u0107 Naj\u015bwi\u0119tszej Maryi Panny, Kr\u00f3lowej Polski. Nie zapomnijmy udekorowa\u0107 swoich dom\u00f3w flagami Polski. Msze \u015bw. jak w ka\u017cd\u0105 niedziel\u0119, a na sumie modlimy si\u0119 szczeg\u00f3lnie za druh\u00f3w stra\u017cak\u00f3w OSP Wierzbno i OSP Jaworek z racji patrona \u015bw. Floriana. Od godz. 15.30 nabo\u017ce\u0144stwo po\u015bwi\u0119cenia p\u00f3l w Jan\u00f3wku i Wygl\u0119d\u00f3wku.<\/p>\n<p>5. Pierwszy czwartek miesi\u0105ca, o 7.30 Msza \u015bw. za zmar\u0142ych polecanych Bo\u017cemu Mi\u0142osierdziu w wypominkach, a od 17.00 adoracja Naj\u015bwi\u0119tszego Sakramentu i modlitwa o powo\u0142ania kap\u0142a\u0144skie i do \u017cycia konsekrowanego.<\/p>\n<p>6. Pierwszy pi\u0105tek miesi\u0105ca, o 7.30 Msza \u015bw. wynagradzaj\u0105ca Naj\u015bwi\u0119tszemu Sercu Pana Jezusa, od 9.00 odwiedzam chorych pragn\u0105cych si\u0119 wyspowiada\u0107 i przyj\u0105\u0107 Chrystusa w Komunii \u015bw., po po\u0142udniu Msza \u015bw. o 18.00.<\/p>\n<p>7. Pierwsza sobota miesi\u0105ca. O 7.30 Msza \u015bw. wynagradzaj\u0105ca Niepokalanemu Sercu Maryi. Zach\u0119cam do odprawiania nabo\u017ce\u0144stwa Pi\u0119ciu pierwszych sob\u00f3t miesi\u0105ca. Ministranci dzi\u015b b\u0119d\u0105 rozprowadza\u0107 ksi\u0105\u017ceczki (po 2 z\u0142), kt\u00f3re wyja\u015bniaj\u0105 jak mamy wype\u0142nia\u0107 fatimskie przes\u0142anie.<\/p>\n<p>8. 7 maja Niedziela Dobrego Pasterza i rozpocz\u0119cie tygodnia modlitw o powo\u0142ania kap\u0142a\u0144skie i do \u017cycia konsekrowanego. B\u0119dziemy go\u015bci\u0107 w naszej parafii Siostry S\u0142u\u017cki Niepokalanej, kt\u00f3re przybli\u017c\u0105 nam posta\u0107 b\u0142. o. Honorata Ko\u017ami\u0144skiego. Ofiary na tac\u0119 s\u0105 przeznaczone na potrzeby Wy\u017cszego Seminarium Duchownego. Od godz. 15.30 po\u015bwi\u0119cenie p\u00f3l na W\u00f3lce i Swidnie.<\/p>\n<p>9. W sobot\u0119 13 maja Nabo\u017ce\u0144stwo Fatimskie w 100. rocznic\u0119 objawie\u0144 Matki Bo\u017cej niech zgromadzi wszystkich czcicieli Maryi. Po Mszy \u015bw. o 18.00 przejdziemy ulicami Wierzbna, odmawiaj\u0105c cz\u0119\u015b\u0107 chwalebn\u0105 r\u00f3\u017ca\u0144ca. Przed ka\u017cd\u0105 tajemnic\u0105 rozwa\u017canie w formie scenki.<\/p>\n<p>10. Na sobot\u0119 zapraszam do sprz\u0105tania ko\u015bcio\u0142a rodziny z Wygl\u0119d\u00f3wka: p. Danut\u0119 i Jerzego Chabiera, p. Czes\u0142aw\u0119 Helen\u0119 i Mariana Milewskich oraz p. Janin\u0119 Bartnick\u0105.<\/p>\n<p>12. Zach\u0119cam do lektury nowy Nr \u201eEcha Katolickiego\u201d. Przeczytamy o tym, jak by\u0107 dzi\u015b patriot\u0105, o korzy\u015bciach z lektury Pisma \u015bw. oraz o historii Litanii loreta\u0144skiej.<\/p>\n<p>13. Pan B\u00f3g powo\u0142a\u0142 do wieczno\u015bci \u015bp. Zbigniewa Ko\u0142aka i \u015bp. Tadeusza Bartnickiego. O zbawienie \u015bp. Zbigniewa Ko\u0142aka b\u0119dzie sprawowanych 16 Mszy \u015bw. i za \u015bp. Tadeusza Bartnickiego -12 Mszy \u015bw. Wieczny odpoczynek racz im da\u0107, Panie&#8230;<\/p>\n<h2 style=\"text-align: center;\"><span style=\"color: #ff0000;\">23 kwietnia \u2013 Niedziela Mi\u0142osierdzia Bo\u017cego<\/span><\/h2>\n<p>1. Dzi\u015b Niedziela Mi\u0142osierdzia Bo\u017cego i mo\u017cemy wyprosi\u0107 u Jezusa wiele \u0142ask dla siebie i ca\u0142ego \u015bwiata. W \u201eDzienniczku\u201d \u015bw. s. Faustyna spisa\u0142a s\u0142owa, kt\u00f3re kierowa\u0142 do niej Pan Jezus: \u201eM\u00f3w \u015bwiatu o moim mi\u0142osierdziu, o mojej mi\u0142o\u015bci. Pal\u0105 mnie p\u0142omienie mi\u0142osierdzia, pragn\u0119 je wylewa\u0107 na dusze ludzkie. O jaki mi b\u00f3l sprawiaj\u0105, kiedy ich przyj\u0105\u0107 nie chc\u0105. Powiedz zbola\u0142ej ludzko\u015bci, niech si\u0119 przytuli do mi\u0142osiernego serca mego, a Ja ich nape\u0142ni\u0119 pokojem\u201d (Dz1074). Zbierz wszystkich grzesznik\u00f3w \u015bwiata i zanurz ich w przepa\u015bci mojego mi\u0142osierdzia. Pragn\u0119 udziela\u0107 si\u0119 duszom, dusz pragn\u0119. W \u015bwi\u0119to moje &#8211; w \u015bwi\u0119to Mi\u0142osierdzia &#8211; b\u0119dziesz przebiega\u0107 \u015bwiat ca\u0142y i sprowadza\u0107 b\u0119dziesz dusze zemdlone do \u017ar\u00f3d\u0142a mi\u0142osierdzia mojego. Ja je ulecz\u0119 i wzmocni\u0119\u201d(Dz206). Po sumie koronka do Mi\u0142osierdzia Bo\u017cego. O godz. 15.00 zapraszam m\u0119\u017cczyzn na kolejne spotkanie. Rozpoczynamy Tydzie\u0144 Mi\u0142osierdzia. Ofiary na tac\u0119 s\u0105 przeznaczone na Caritas diecezjaln\u0105, a ofiarami do puszek wspieramy cierpi\u0105cy nar\u00f3d syryjski.<\/p>\n<p>2. Jutro uroczysto\u015b\u0107 \u015bw. Wojciecha, biskupa i m\u0119czennika, g\u0142\u00f3wnego patrona Polski. Zapraszam na Eucharysti\u0119 o godz. 18.00.<\/p>\n<p>3. Najbli\u017csza niedziela b\u0119dzie kolejn\u0105 <strong>Niedziel\u0105 synodaln\u0105.<\/strong> G\u0142\u00f3wnym jej tematem jest kult maryjny w naszej diecezji. Po Mszy \u015bw. o 9.00 spotkanie dla rodzic\u00f3w i dzieci klasy III, przygotowuj\u0105cych si\u0119 do I spowiedzi i Komunii \u015bw. Ofiary na tac\u0119 b\u0119d\u0105 przeznaczone na renowacj\u0119 dzwonnicy i frontonu naszej \u015bwi\u0105tyni.<\/p>\n<p>4. Rozpoczynamy <strong>nabo\u017ce\u0144stwa po\u015bwi\u0119cenia p\u00f3l<\/strong>: w niedziel\u0119 30 kwietnia od 15.30 w Lesie Jaworskim i Helenowie, w poniedzia\u0142ek 1 maja tak\u017ce od 15.30 w Soboniu, 3 maja w Jan\u00f3wku i Wygl\u0119d\u00f3wku, a w niedziel\u0119 7 maja w W\u00f3lce i Swidnie.<\/p>\n<p>5. W pi\u0105tek 28 kwietnia\u00a0 na Mszy \u015bw. o 18.00 b\u0119dziemy modli\u0107 si\u0119 o \u0142ask\u0119 nieba dla ks. S\u0142awomira Malona w 2 rocznic\u0119 \u015bmierci.<\/p>\n<p>6. Dzi\u0119kuj\u0119 za sprz\u0105tanie ko\u015bcio\u0142a rodzinom z Jan\u00f3wka i na sobot\u0119 zapraszam: p. Danut\u0119 i Andrzeja Laskowskich, p. Leszka Wron\u0119. I mieszka\u0144cy Jan\u00f3wka zako\u0144cz\u0105 dy\u017cur troski o czysto\u015b\u0107 ko\u015bcio\u0142a. Po nich zapraszam do dbania o porz\u0105dek w ko\u015bciele mieszka\u0144c\u00f3w Wygl\u0119d\u00f3wka.<\/p>\n<p>7. Zach\u0119cam do lektury nowy Nr \u201eEcha Katolickiego\u201d. Przeczytamy o b\u0142. ks. Michale Sopo\u0107ko, wielkim or\u0119downiku Bo\u017cego Mi\u0142osierdzia, jak prze\u017cywa\u0107 transmisj\u0119 Mszy \u015bw. oraz jak zadba\u0107 o swoje zdrowie na wiosn\u0119.<\/p>\n<h2 style=\"text-align: center;\"><span style=\"color: #ff0000;\">16 kwietnia \u2013 Niedziela Zmartwychwstania Pa\u0144skiego<\/span><\/h2>\n<p><span style=\"color: #000000;\"><strong>1. Alleluja! Chrystus prawdziwie Zmartwychwsta\u0142!<\/strong><\/span><\/p>\n<p><span style=\"color: #000000;\"><strong>\u017bycz\u0119 naszym Go\u015bciom i wszystkim Parafianom, aby\u015bmy z rado\u015bci\u0105 piel\u0119gnowali skarb wiary, kt\u00f3rej fundamentem jest Zmartwychwstanie Chrystusa Pana. Dzielmy si\u0119 rado\u015bci\u0105 ze zwyci\u0119stwa Pana nad szatanem i \u015bmierci\u0105. Nie\u015bmy pok\u00f3j w nasze rodziny i w nasz\u0105 spo\u0142eczno\u015b\u0107, a si\u0142\u0119 do \u017cycia w mi\u0142o\u015bci b\u0119dziemy czerpa\u0107 z Eucharystii, w kt\u00f3rej Zmartwychwsta\u0142y Jezus daje nam Siebie pod postaci\u0105 chleba.<\/strong><\/span><\/p>\n<p>2. Dzi\u015b w naszej \u015bwi\u0105tyni Msza \u015bw. o 6.00, 10.00 i 12.00, nie ma Mszy \u015bw. wieczorowej. Podczas Eucharystii o 12.00 nagrodzimy dzieci za gorliwe uczestnictwo w nabo\u017ce\u0144stwach drogi krzy\u017cowej i Gorzkich \u017cali przez ca\u0142y Wielki Post. Po sumie trzeci dzie\u0144 nowenny do Mi\u0142osierdzia Bo\u017cego i koronka.<\/p>\n<p>3. Z ca\u0142ego serca dzi\u0119kuj\u0119 pani Anecie Miklaszewskiej, m\u0142odzie\u017cy i doros\u0142ym za dekoracj\u0119 ko\u015bcio\u0142a. Dzi\u0119kuj\u0119 p. Marii Komorowskiej za trosk\u0119 o kwiaty i czyste obrusy na o\u0142tarze; dzi\u0119kuj\u0119 druhom stra\u017cakom za wart\u0119 honorow\u0105 przy grobie Pa\u0144skim i asyst\u0119 podczas Rezurekcji. W pi\u0105tek druhowie ratowali dobytek z po\u017caru w Jaworku i wieczorem trzymali ju\u017c stra\u017c przy Grobie. Dzi\u0119kuj\u0119 s\u0142u\u017cbie liturgicznej doros\u0142ych za wielki wk\u0142ad w tworzenie liturgii, to pi\u0119kny przyk\u0142ad dla ministrant\u00f3w, dzi\u0119kuj\u0119 scholii z pani\u0105 organistk\u0105 za prowadzenie \u015bpiewu, dzi\u0119kuj\u0119 wszystkim, kt\u00f3rzy adorowali Jezusa i uczestniczyli ka\u017cdego dnia w uroczystej Liturgii Triduum Paschalnego.<\/p>\n<p>4. Jutro Poniedzia\u0142ek Wielkanocny; taca na KUL oraz szko\u0142y katolickie w diecezji siedleckiej. Porz\u0105dek Mszy \u015bw. jak w ka\u017cd\u0105 niedziel\u0119: o 9.00, 12.00 i 18.00.<\/p>\n<p>5. Ca\u0142y ten tydzie\u0144 jest Oktaw\u0105 Wielkanocy i ma charakter liturgicznej uroczysto\u015bci. Dlatego w najbli\u017cszy pi\u0105tek nie obowi\u0105zuje wstrzemi\u0119\u017aliwo\u015b\u0107 od pokarm\u00f3w mi\u0119snych. Od wtorku jestem na rekolekcjach kap\u0142a\u0144skich w domu rekolekcyjnym w Opolu. Zapraszam na Eucharysti\u0119 o 18.00; b\u0119d\u0119 codziennie przyje\u017cd\u017ca\u0142.<\/p>\n<p>6. Duga Niedziela Wielkanocy jest Niedziel\u0105 Mi\u0142osierdzia Bo\u017cego. Ofiary na tac\u0119 b\u0119d\u0105 przeznaczone na Caritas diecezjaln\u0105. Zgodnie z apelem Ojca \u015bw. Franciszka zbi\u00f3rka do puszek jako wyraz solidarno\u015bci z narodem syryjskim, przede wszystkim w zrujnowanym Aleppo.<\/p>\n<p>7. Dzi\u0119kuj\u0119 rodzinom z Jan\u00f3wka za sprz\u0105tanie ko\u015bcio\u0142a i na sobot\u0119 zapraszam: p. Marzenn\u0119 i Rafa\u0142a Okrzeja oraz p. Teres\u0119 i W\u0142adys\u0142awa Wiel\u0105dek.<\/p>\n<p>8. Przekazuj\u0119 og\u0142oszenie, \u017ce gabinet lekarski w dniach 2-12 maja b\u0119dzie nieczynny z powodu urlopu. Zast\u0119pstwo w Revita W\u0119gr\u00f3w, ul. Bohater\u00f3w Warszawy 2.<\/p>\n<p>9. Zach\u0119cam do lektury \u015bwi\u0105teczny nr \u201eEcha Katolickiego\u201d. Znajdziemy wiele ciekawych artyku\u0142\u00f3w: o prawdzie zmartwychwstania i nadziei p\u0142yn\u0105cej z pustego grobu, jak podr\u00f3\u017cnik sta\u0142 si\u0119 pielgrzymem, czyli rozmowa z Markiem Kami\u0144skim oraz jak pom\u00f3c ludziom chorym na depresj\u0119.<\/p>\n<h2 style=\"text-align: center;\"><span style=\"color: #ff0000;\">9 kwietnia \u2013 Niedziela Palmowa<\/span><\/h2>\n<p>1. Niedziela Palmowa czyli Niedziela M\u0119ki Pa\u0144skiej, rozpoczynaj\u0105ca Wielki Tydzie\u0144, \u0142\u0105czy zapowied\u017a triumfu Chrystusa i or\u0119dzie Jego M\u0119ki. Przed Eucharysti\u0105 o 9.00 po\u015bwi\u0119cenie palm przy krzy\u017cu misyjnym i uroczysta procesja z palmami wok\u00f3\u0142 ko\u015bcio\u0142a. Po Mszy \u015bw. o 9.00 zmianka tajemnic dla wsp\u00f3lnoty rodzic\u00f3w modl\u0105cych si\u0119 za dzieci.<\/p>\n<p>2. W \u015brod\u0119 zapraszam na 14.30 m\u0142odzie\u017c i doros\u0142ych do dekoracji ko\u015bcio\u0142a.<\/p>\n<p>3. Serdecznie dzi\u0119kuj\u0119 mieszka\u0144com Jaworka za segregacj\u0119 \u015bmieci na cmentarzu i wywiezienie zesch\u0142ych kwiat\u00f3w na kompostownik. Dzi\u0119kuj\u0119 za sprz\u0105tanie ko\u015bcio\u0142a rodzinom z Jan\u00f3wka. Wyj\u0105tkowo przed \u015bwi\u0119tami sprz\u0105tanie ko\u015bcio\u0142a w czwartek od 8.30. Zapraszam: p. Barbar\u0119 Napi\u00f3rkowsk\u0105, p. Marzen\u0119 i Miros\u0142awa Filipiak oraz p. Gra\u017cyn\u0119 i Adama Patoka.<\/p>\n<p>4. Przed nami najwa\u017cniejsze dni w roku liturgicznym, tzw.<span style=\"color: #ff0000;\"> \u015awi\u0119te Triduum Paschalne<\/span>. Gor\u0105ca pro\u015bba! Tak zaplanujmy przed\u015bwi\u0105teczne prace, aby mie\u0107 czas aby adorowa\u0107 Chrystusa w Eucharystii. <span style=\"color: #ff0000;\">Wielki Czwartek<\/span> o 18.00 Msza \u015bw. Wieczerzy Pa\u0144skiej, kt\u00f3ra przypomina ow\u0105 Ostatni\u0105 Wieczerz\u0119, kiedy Pan Jezus ofiarowa\u0142 si\u0119 Bogu Ojcu pod postaciami chleba i wina, da\u0142 do spo\u017cycia aposto\u0142om swoje Cia\u0142o i Krew. Obrz\u0119d obmycia n\u00f3g m\u0119\u017cczyznom oznacza s\u0142u\u017cb\u0119 i mi\u0142o\u015b\u0107 Chrystusa.<\/p>\n<p>5. <span style=\"color: #ff0000;\">Wielki Pi\u0105tek M\u0119ki Pa\u0144skiej<\/span> jest dniem pokuty, w kt\u00f3rym obowi\u0105zuje zachowanie wstrzemi\u0119\u017aliwo\u015bci i \u015bcis\u0142ego postu. Jest to szczeg\u00f3lny dzie\u0144 Mi\u0142osierdzia Bo\u017cego. Zapraszam na Koronk\u0119 do Bo\u017cego Mi\u0142osierdzia o 15.00\u00a0 i rozpocz\u0119cie nowenny. O 18.00 Liturgia M\u0119ki Pa\u0144skiej, podczas kt\u00f3rej adorujemy krzy\u017c Chrystusa. Ofiary z\u0142o\u017cone w czasie adoracji krzy\u017ca s\u0105 przeznaczone na Bazylik\u0119 Grobu Pa\u0144skiego w Jerozolimie. \u015awi\u0105tynia b\u0119dzie otwarta dla prywatnej adoracji Chrystusa i modlitwy od godz. 7.00 do 22.00.<\/p>\n<p>6. Zach\u0119cam w Wielki Pi\u0105tek do adoracji i modlitwy wg nast\u0119puj\u0105cego porz\u0105dku: 7.00 \u2013 siostry z K\u00f3\u0142ka R\u00f3\u017ca\u0144cowego, 8.00 \u2013 mieszka\u0144cy Lasu Jaworskiego, 9.00 \u2013 mieszka\u0144cy Helenowa, 9.30 \u2013 kap\u0142ani dekanatu gr\u0119bkowskiego, 10.00 \u2013 mieszka\u0144cy Jaworka, 11.00 \u2013 mieszka\u0144cy Wygl\u0119d\u00f3wka, 12.00 \u2013 mieszka\u0144cy Jan\u00f3wka, 13.00 \u2013 dzieci ze Szko\u0142y Podstawowej, kl. II-VI, 14.00 &#8211; m\u0142odzie\u017c z Gimnazjum, 15.00 \u2013 Koronka do Mi\u0142osierdzia Bo\u017cego i droga krzy\u017cowa \u2013 wszyscy czciciele Mi\u0142osierdzia Bo\u017cego, 16.00 \u2013 mieszka\u0144cy W\u00f3lki, 17.00 \u2013 mieszka\u0144cy Swidna, 19.00 \u2013 mieszka\u0144cy Sobonia, 20.00 \u2013 mieszka\u0144cy Wierzbna (od p. Szyma\u0144skiej do Urz\u0119du Gminy), 21.00 \u2013 mieszka\u0144cy Wierzbna II cz. i o 22.00 zako\u0144czenie adoracji.<\/p>\n<p>7. W Wielk\u0105 Sobot\u0119 po\u015bwi\u0119cenie pokarm\u00f3w wielkanocnych wg tradycyjnej trasy: od 8.30 Wierzbno, potem Las Jaworski, Helen\u00f3w, Jaworek, Jan\u00f3wek, Wygl\u0119d\u00f3wek, Swidno, W\u00f3lka i Sobo\u0144. O godz. 15.00, po Koronce do Mi\u0142osierdzia Bo\u017cego, b\u0119dzie jeszcze po\u015bwi\u0119cenie pokarm\u00f3w w Wierzbnie.<\/p>\n<p>8. Serdecznie zapraszam w <span style=\"color: #ff0000;\">Wielk\u0105 Sobot\u0119<\/span> na 20.00, by uczestniczy\u0107 w <span style=\"color: #ff0000;\">Wigilii Paschalnej<\/span>, jest to bardzo uroczyste \u015bwi\u0119towanie Zmartwychwstania Pa\u0144skiego.<\/p>\n<p>W Wielk\u0105 Sobot\u0119 adoracja Pana Jezusa w Grobie wg porz\u0105dku jak w Wielki Pi\u0105tek. Zapraszam od 7.00 \u2013 siostry z K\u00f3\u0142ka R\u00f3\u017ca\u0144cowego, 8.00 \u2013 mieszka\u0144cy Lasu Jaworskiego, 9.00 \u2013 mieszka\u0144cy Helenowa, 10.00 \u2013 mieszka\u0144cy Jaworka, 11.00 \u2013 mieszka\u0144cy Wygl\u0119d\u00f3wka, 12.00 \u2013 mieszka\u0144cy Jan\u00f3wka, 13.00 \u2013 dzieci ze Szko\u0142y Podstawowej, kl. II-VI, 14.00 &#8211; m\u0142odzie\u017c z Gimnazjum, 15.00 \u2013 Koronka do Mi\u0142osierdzia Bo\u017cego \u2013 ludzie chorzy i czciciele Mi\u0142osierdzia Bo\u017cego, 16.00 \u2013 mieszka\u0144cy W\u00f3lki, 17.00 \u2013 mieszka\u0144cy Swidna, 18.00 \u2013 mieszka\u0144cy Sobonia, 19.00 \u2013 mieszka\u0144cy Wierzbna (od p. Szyma\u0144skiej do Urz\u0119du Gminy), 22.00 \u2013 mieszka\u0144cy Wierzbna II cz. i o 23.00 zako\u0144czenie adoracji.<\/p>\n<p>9. W <span style=\"color: #ff0000;\">Niedziel\u0119 Zmartwychwstania<\/span> o 6.00 rano uroczysta Rezurekcja. Pro\u015bba, aby wcze\u015bniej przygotowa\u0107 wszystkie chor\u0105gwie, dzieci zapraszam do sypania kwiatk\u00f3w. Potem Msza \u015bw. o 10.00 i 12.00. Podczas Mszy \u015bw. o 12.00 nagradzamy dzieci, kt\u00f3re bardzo gorliwie uczestniczy\u0142y w nabo\u017ce\u0144stwie Drogi Krzy\u017cowej i Gorzkich \u017cali. Prosz\u0119 przynie\u015b\u0107 ca\u0142\u0105 uk\u0142adank\u0119. Na Wielkanoc nie b\u0119dzie Mszy \u015bw. o 18.00.<\/p>\n<p>10. Na stoliku nowy nr Echa Katolickiego. Mo\u017cemy przeczyta\u0107 o bogatej symbolice Obchod\u00f3w Triduum Paschalnego, o zapowiedzi triumfu Niepokalanego Serca Maryi.<\/p>\n<h2 style=\"text-align: center;\">2 kwietnia \u2013 V Niedziela Wielkiego Postu<\/h2>\n<p>1. Dzi\u015b z racji I niedzieli miesi\u0105ca ofiarami do puszek wspieramy misje w Boliwii i misjonarza ks. Jaros\u0142awa Dziedzica. O 11.40 &#8211; nabo\u017ce\u0144stwo Gorzkich \u017cali, a po sumie zmianka tajemnic r\u00f3\u017ca\u0144cowych. O godz. 15.00 Koronka do Mi\u0142osierdzia Bo\u017cego i Droga Krzy\u017cowa ulicami Wierzbna. Serdecznie zapraszam wszystkich parafian do wsp\u00f3lnej modlitwy, a druh\u00f3w stra\u017cak\u00f3w do asysty przy krzy\u017cu i czuwaniu nad przemarszem. Intencja Apostolstwa modlitwy og\u00f3lna na kwiecie\u0144: Aby m\u0142odzie\u017c umia\u0142a wielkodusznie odpowiada\u0107 na swoje powo\u0142anie, rozwa\u017caj\u0105c powa\u017cnie r\u00f3wnie\u017c mo\u017cliwo\u015b\u0107 po\u015bwi\u0119cenia si\u0119 Panu w kap\u0142a\u0144stwie lub w \u017cyciu konsekrowanym.<\/p>\n<p>2. W ubieg\u0142\u0105 niedziel\u0119 na tac\u0119 zosta\u0142o z\u0142o\u017cone 2103 z\u0142 jako ofiara na prace renowacyjne frontonu ko\u015bcio\u0142a i dzwonnicy. Z serca dzi\u0119kuj\u0119!<\/p>\n<p>3. Serdecznie dzi\u0119kuj\u0119 za ofiary na kwiaty do Grobu Pa\u0144skiego: Helen\u00f3w \u2013 120 z\u0142, Sobo\u0144 \u2013 330 z\u0142, Wierzbno \u2013 929 z\u0142. B\u00f3g zap\u0142a\u0107!<\/p>\n<p>4. W najbli\u017cszy poniedzia\u0142ek i wtorek &#8211; Msza \u015bw. o godz. 17.00, z racji tego, \u017ce pos\u0142uguj\u0119 na rekolekcjach w Gr\u0119bkowie.<\/p>\n<p>5. W \u015brod\u0119 o godz. 15.00 Msza \u015bw. w M\u0142odzie\u017cowym O\u015brodku Wychowawczym w Jaworku. Serdecznie zapraszam tak\u017ce mieszka\u0144c\u00f3w Jaworka.<\/p>\n<p>6. W czwartek od godz. 17.00 adoracja Naj\u015bwi\u0119tszego Sakramentu, modlitwa o powo\u0142ania kap\u0142a\u0144skie i do \u017cycia konsekrowanego, o 18.00 \u2013 Msza \u015bw. w intencji zmar\u0142ych polecanych Bo\u017cemu Mi\u0142osierdziu w wypominkach.<\/p>\n<p>7. Pierwszy pi\u0105tek miesi\u0105ca\u00a0 o 7.30 Msza \u015bw. wynagradzaj\u0105ca Naj\u015bwi\u0119tszemu Sercu Pana Jezusa za grzechy nasze i ca\u0142ego \u015bwiata. Od 9.00 odwiedzam chorych, pragn\u0105cych si\u0119 wyspowiada\u0107 i przyj\u0105\u0107 Komuni\u0119 \u015bw. Zapraszam na Drog\u0119 Krzy\u017cow\u0105 o 17.30, a potem o 18.00 Msza \u015bw.<\/p>\n<p>8. Najbli\u017csza niedziela to Niedziela Palmowa, kt\u00f3ra rozpoczyna Wielki Tydzie\u0144. Na pocz\u0105tku ka\u017cdej Mszy \u015bw. po\u015bwi\u0119cenie palm i Ewangelia o wje\u017adzie Jezusa do Jerozolimy. Przede Msz\u0105 \u015bw. o 9.00 po\u015bwi\u0119cenie palm przed ko\u015bcio\u0142em i procesja z palmami wok\u00f3\u0142 \u015bwi\u0105tyni.<\/p>\n<p>9.\u00a0 Dobrze b\u0119dzie, je\u015bli na nagrobkach naszych bliskich przed Wielkanoc\u0105 zrobimy porz\u0105dek i usuniemy usch\u0142e chryzantemy. Na pi\u0105tek od godz. 10.00 zapraszam mieszka\u0144c\u00f3w z Jaworka do pracy na cmentarzu: segregacja \u015bmieci i wywiezienie usch\u0142ych kwiat\u00f3w na kompostownik.<\/p>\n<p>10. Dzi\u0119kuj\u0119 za sprz\u0105tanie ko\u015bcio\u0142a rodzinom z Jan\u00f3wka i na sobot\u0119 zapraszam 4 rodziny, aby zrobi\u0107 bardziej solidne porz\u0105dki przed \u015awi\u0119tami Wielkanocnymi: p. Teodor\u0119 i Andrzeja Ko\u0142ak, p. Anet\u0119 i Krzysztofa Ko\u0142ak, p. Teres\u0119 i Wac\u0142awa Zalewskich oraz p. Jadwig\u0119 i Barbar\u0119 Barcz. Informuj\u0119, \u017ce dekoracj\u0119 ciemnicy i grobu Pa\u0144skiego b\u0119dziemy wykonywa\u0107 w Wielk\u0105 \u015arod\u0119.<\/p>\n<p>11. Zach\u0119cam do lektury nowy Nr \u201eEcha Katolickiego\u201d. Przeczytamy o Diecezjalnym Dniu M\u0142odzie\u017cy 8 kwietnia w parafii \u015bw. J\u00f3zefa w Siedlcach, o warunkach nabo\u017ce\u0144stwa pierwszych sob\u00f3t miesi\u0105ca, a tak\u017ce niezwyk\u0142\u0105 histori\u0119 Hanny Chrzanowskiej.<\/p>\n","protected":false},"excerpt":{"rendered":"<p>Powr\u00f3t do listy og\u0142osze\u0144 30 kwietnia \u2013 3 Niedziela Wielkanocna 1. Dzi\u015b w ca\u0142ej Polsce Niedziela Biblijna i dzie\u0144 narodowego czytania Pisma \u015bw. W naszej diecezji to tak\u017ce Niedziela synodalna. G\u0142\u00f3wnym jej tematem jest kult maryjny w naszej diecezji. Po Mszy \u015bw. o 9.00 spotkanie dla rodzic\u00f3w i dzieci klasy III, przygotowuj\u0105cych si\u0119 do I spowiedzi i Komunii \u015bw. Ofiary na tac\u0119 s\u0105 przeznaczone na renowacj\u0119 dzwonnicy i frontonu naszej \u015bwi\u0105tyni. Jest nowy grafik dla czytaj\u0105cych s\u0142owo Bo\u017ce podczas Eucharystii. O godz. 15.30 nabo\u017ce\u0144stwo po\u015bwi\u0119cenia p\u00f3l w Lesie Jaworskim i Helenowie, zako\u0144czone Msz\u0105 \u015bw. o Bo\u017ce b\u0142ogos\u0142awie\u0144stwo w pracy dla rolnik\u00f3w i dzia\u0142kowicz\u00f3w, o sprzyjaj\u0105c\u0105 pogod\u0119 i obfite plony. 2. Od jutra rozpoczynamy nabo\u017ce\u0144stwa majowe ku czci NMP po Mszy \u015bw. wieczorowej o\u00a0 18.00 w dni powszednie i w niedziele 15 minut przed sum\u0105. Zach\u0119cam do licznego udzia\u0142u wszystkich parafian. B\u0119dziemy prosi\u0107 or\u0119downictwa Maryi, o pok\u00f3j na \u015bwiecie, o jedno\u015b\u0107 \u2026 <a class=\"continue-reading-link\" href=\"https:\/\/www.parafiawierzbno.com.pl\/?page_id=5297\">Czytaj dalej <span class=\"meta-nav\">&rarr; <\/span><\/a><\/p>\n","protected":false},"author":1,"featured_media":0,"parent":225,"menu_order":0,"comment_status":"closed","ping_status":"closed","template":"","meta":{"ngg_post_thumbnail":0},"_links":{"self":[{"href":"https:\/\/www.parafiawierzbno.com.pl\/index.php?rest_route=\/wp\/v2\/pages\/5297"}],"collection":[{"href":"https:\/\/www.parafiawierzbno.com.pl\/index.php?rest_route=\/wp\/v2\/pages"}],"about":[{"href":"https:\/\/www.parafiawierzbno.com.pl\/index.php?rest_route=\/wp\/v2\/types\/page"}],"author":[{"embeddable":true,"href":"https:\/\/www.parafiawierzbno.com.pl\/index.php?rest_route=\/wp\/v2\/users\/1"}],"replies":[{"embeddable":true,"href":"https:\/\/www.parafiawierzbno.com.pl\/index.php?rest_route=%2Fwp%2Fv2%2Fcomments&post=5297"}],"version-history":[{"count":8,"href":"https:\/\/www.parafiawierzbno.com.pl\/index.php?rest_route=\/wp\/v2\/pages\/5297\/revisions"}],"predecessor-version":[{"id":5348,"href":"https:\/\/www.parafiawierzbno.com.pl\/index.php?rest_route=\/wp\/v2\/pages\/5297\/revisions\/5348"}],"up":[{"embeddable":true,"href":"https:\/\/www.parafiawierzbno.com.pl\/index.php?rest_route=\/wp\/v2\/pages\/225"}],"wp:attachment":[{"href":"https:\/\/www.parafiawierzbno.com.pl\/index.php?rest_route=%2Fwp%2Fv2%2Fmedia&parent=5297"}],"curies":[{"name":"wp","href":"https:\/\/api.w.org\/{rel}","templated":true}]}}