{"id":5366,"date":"2017-05-14T11:23:05","date_gmt":"2017-05-14T09:23:05","guid":{"rendered":"https:\/\/www.parafiawierzbno.com.pl\/?page_id=5366"},"modified":"2017-06-05T00:19:38","modified_gmt":"2017-06-04T22:19:38","slug":"ogloszenia-maj-2017","status":"publish","type":"page","link":"https:\/\/www.parafiawierzbno.com.pl\/?page_id=5366","title":{"rendered":"Og\u0142oszenia &#8211; Maj 2017"},"content":{"rendered":"<p><a title=\"Og\u0142oszenia parafialne\" href=\"https:\/\/www.parafiawierzbno.com.pl\/?page_id=225\">Powr\u00f3t do listy og\u0142osze\u0144<\/a><\/p>\n<h2 style=\"text-align: center;\"><span style=\"color: #ff0000;\">28 maja \u2013 Uroczysto\u015b\u0107 Wniebowst\u0105pienia\u00a0 Pa\u0144skiego<\/span><\/h2>\n<p>1. Dzi\u015b Uroczysto\u015b\u0107 Wniebowst\u0105pienia Chrystusa Pana i Z\u0142oty Jubileusz Kap\u0142a\u0144stwa ks. Kanonika Stanis\u0142awa Abramczuka. Trwamy w dzi\u0119kczynieniu za wielki dar kap\u0142a\u0144stwa i otaczajmy dostojnego Jubilata modlitw\u0105. Dzi\u015b tak\u017ce Piknik Rodzinny w Krypach i od 15.30 nabo\u017ce\u0144stwo po\u015bwi\u0119cenia p\u00f3l w Jaworku. Jest nowy grafik dla czytaj\u0105cych S\u0142owo Bo\u017ce podczas Eucharystii.<\/p>\n<p>2. Dzieci Komunijne ko\u0144cz\u0105 tzw. \u201ebia\u0142y tydzie\u0144\u201d. Serdecznie dzi\u0119kuj\u0119 rodzicom i p. katechetce za trosk\u0119 o to, aby codziennie by\u0107 na Eucharystii. Pami\u0119tajmy, aby w ka\u017cda niedziel\u0119 uczestniczy\u0107 we Mszy \u015bw. Dziewczynki, kt\u00f3re by\u0142y u I Komunii zach\u0119cam do sypania kwiatk\u00f3w na Uroczysto\u015b\u0107 Bo\u017cego Cia\u0142a, a ch\u0142opcy ju\u017c zaczynaj\u0105 s\u0142u\u017cy\u0107 przy o\u0142tarzu. Odpowiadaj\u0105c na pro\u015bb\u0119 Matki Bo\u017cej w Fatimie, dzieci Komunijne w tym roku obchodz\u0105 nabo\u017ce\u0144stwo pierwszych sob\u00f3t miesi\u0105ca.<\/p>\n<p>3. W najbli\u017csz\u0105 sobot\u0119 o 18.30 zapraszam wszystkie dzieci na radosny wiecz\u00f3r z okazji Dnia Dziecka na boisko za plebani\u0105. B\u0119dzie du\u017co rado\u015bci: rozgrywki w pi\u0142k\u0119 no\u017cn\u0105, siatk\u00f3wk\u0119, lody, ognisko i pieczenie kie\u0142basy.<\/p>\n<p>4. Od czwartku rozpoczynamy miesi\u0105c czerwiec i nabo\u017ce\u0144stwa ku czci Naj\u015bwi\u0119tszego Serca Pana Jezusa. Nabo\u017ce\u0144stwo Czerwcowe w dni powszednie po Mszy \u015bw. o 18.00, a w niedziel\u0119 15 min przed sum\u0105. W czwartek od 17.00 adoracja Naj\u015bwi\u0119tszego Sakramentu i modlitwa o powo\u0142ania kap\u0142a\u0144skie i do \u017cycia konsekrowanego zako\u0144czona Litani\u0105 do Naj\u015bwi\u0119tszego Serca Pana Jezusa.<\/p>\n<p>5. Pierwszy pi\u0105tek miesi\u0105ca i Msza \u015bw. wynagradzaj\u0105ca Naj\u015bwi\u0119tszemu Sercu Pana Jezusa o godz. 7.30 i o 18.00. Od 9.00 odwiedzam chorych, pragn\u0105cych przyj\u0105\u0107 Pana Jezusa w Komunii \u015bw.<\/p>\n<p>6 Pierwsza sobota miesi\u0105ca. Po Mszy o 7.30 wystawienie Naj\u015bwi\u0119tszego Sakramentu i nabo\u017ce\u0144stwo wynagradzaj\u0105ce Niepokalanemu Sercu Maryi za grzechy nasze i ca\u0142ego \u015bwiata.<\/p>\n<p>7.\u00a0 W najbli\u017csz\u0105 niedziel\u0119 Uroczysto\u015b\u0107 Zes\u0142ania Ducha \u015awi\u0119tego i \u015awi\u0119to Dzi\u0119kczynienia. Ofiarami do puszek wspieramy budow\u0119 \u015awi\u0105tyni Opatrzno\u015bci Bo\u017cej. Zapraszam na Msz\u0119 \u015bw. o 9.00, 12.00 i 18.00. Po sumie z racji I niedzieli wystawienie Naj\u015bwi\u0119tszego Sakramentu, procesja Eucharystyczna wok\u00f3\u0142 ko\u015bcio\u0142a i zmianka tajemnic r\u00f3\u017ca\u0144cowych. Od 16.30 nabo\u017ce\u0144stwo po\u015bwi\u0119cenia p\u00f3l w Wierzbnie zako\u0144czone o 18.00 Eucharysti\u0105 o b\u0142ogos\u0142awie\u0144stwo Bo\u017ce dla mieszka\u0144c\u00f3w i obfite zbiory.<\/p>\n<p>8. Serdecznie dzi\u0119kuj\u0119 za wczorajsze sprz\u0105tanie na cmentarzu mieszka\u0144c\u00f3w Jan\u00f3wka. Zosta\u0142y wywiezione zesch\u0142e kwiaty i li\u015bcie na kompostownik. Prosz\u0119 o przestrzeganie segregacji \u015bmieci, a wtedy b\u0119dziemy mieli porz\u0105dek na naszym cmentarzu.<\/p>\n<p>9. Dzi\u0119kuj\u0119 za sprz\u0105tanie ko\u015bcio\u0142a rodzinom z Wygl\u0119d\u00f3wka i na sobot\u0119 zapraszam: p. Mari\u0119 i J\u00f3zefa Kope\u0107 oraz p. Halin\u0119 W\u0105sowsk\u0105 i Agnieszk\u0119 Cyran.<\/p>\n<p>10. Na stoliku za \u0142awkami le\u017cy broszura: \u201eHistoria, kt\u00f3r\u0105 wsp\u00f3lnie tworzymy\u201d, a w niej \u015bwiadectwo powo\u0142ania ks. kan. Stanis\u0142awa Abramczuka. Ch\u0119tni mog\u0105 ja naby\u0107 za symboliczne 5 z\u0142. W nowym nr. \u201eEcha Katolickiego\u201d przeczytamy: o z\u0142otym jubileuszu \u015bwi\u0119ce\u0144 kap\u0142a\u0144skich, stanowisku Ko\u015bcio\u0142a w sprawie Medjugorie, a tak\u017ce jak przeciwdzia\u0142a\u0107 alergiom. Zach\u0119cam do lektury.<\/p>\n<p>11. Pan B\u00f3g powo\u0142a\u0142 do wieczno\u015bci \u015bp. Iren\u0119 Wi\u015bniewsk\u0105 z Wierzbna. Pogrzeb we wtorek, wyprowadzenie cia\u0142a z domu o 9.00, a o 10.00 Msza \u015bw. Wieczny odpoczynek racz jej da\u0107, Panie\u2026<\/p>\n<h2 style=\"text-align: center;\"><span style=\"color: #ff0000;\">21\u00a0 maja \u2013 6 Niedziela Wielkanocy<\/span><\/h2>\n<p>1.\u00a0\u00a0\u00a0\u00a0 Nasza wsp\u00f3lnota prze\u017cywa radosny czas I Komunii \u015bw. dzieci. Najm\u0142odsi parafianie z wielkim prze\u017cyciem przyjmuj\u0105 Cia\u0142o Chrystusa i s\u0105 dla nas przyk\u0142adem, by\u015bmy zawsze z g\u0142\u0119bok\u0105 wiar\u0105 i pokor\u0105 przyst\u0119powali do Sto\u0142u Pa\u0144skiego. Rozpoczynamy tzw. \u201ebia\u0142y tydzie\u0144\u201d. Z serca dzi\u0119kuj\u0119 katechetce p. Marcie Korzeniak za trud katechizowania dzieci do I spowiedzi i Komunii \u015bw. Dzi\u0119kuj\u0119 p. Anecie za dekoracj\u0119 \u015bwi\u0105tyni i opraw\u0119 muzyczn\u0105. Serdecznie dzi\u0119kuj\u0119 rodzicom za dobr\u0105 wsp\u00f3\u0142prac\u0119 przez ca\u0142y rok i zaanga\u017cowanie w przygotowanie uroczysto\u015bci I Komunii \u015bw.<\/p>\n<p>2.\u00a0\u00a0\u00a0\u00a0 Serdecznie dzi\u0119kuj\u0119 za ofiary zebrane w ubieg\u0142\u0105 niedziele na hydrauliczny zestaw ratowniczy w wysoko\u015bci 4994 z\u0142. Tak\u017ce p. Miros\u0142aw Jachimowicz zadeklarowa\u0142 5000 z\u0142 jako sw\u00f3j wk\u0142ad. W imieniu druh\u00f3w stra\u017cak\u00f3w sk\u0142adam z serca: \u201eB\u00f3g zap\u0142a\u0107!\u201d<\/p>\n<p>3.\u00a0\u00a0\u00a0\u00a0 We wtorek 23 maja w Bazylice Archikatedralnej w Poznaniu dk Piotr Wr\u00f3blewski przyjmie \u015bwi\u0119cenia prezbiteratu. Otoczmy go nasz\u0105 gor\u0105c\u0105 modlitw\u0105.<\/p>\n<p>4.\u00a0\u00a0\u00a0\u00a0 Zach\u0119cam do licznego uczestnictwa w nabo\u017ce\u0144stwach majowych: w dni powszednie po Mszy wieczorowej, a w niedziel\u0119 15 minut przed sum\u0105. Od pi\u0105tku rozpoczynamy nowenn\u0119 przed uroczysto\u015bci\u0105 Zes\u0142ania Ducha \u015awi\u0119tego.<\/p>\n<p>5.\u00a0\u00a0\u00a0\u00a0 W sobot\u0119 zapraszam od 8.30 do sprz\u0105tania i segregacji \u015bmieci na cmentarzu mieszka\u0144c\u00f3w Jan\u00f3wka. Wywieziemy zesch\u0142e kwiaty, li\u015bcie i ga\u0142\u0119zie na kompostownik.<\/p>\n<p>6.\u00a0\u00a0\u00a0\u00a0 W najbli\u017csz\u0105 niedziel\u0119 Uroczysto\u015b\u0107 Wniebowst\u0105pienia Pa\u0144skiego. Na Mszy \u015bw. o 9.00 dzi\u0119kujemy Panu Bogu za dar kap\u0142a\u0144stwa ks. kan. Stanis\u0142awa Abramczuka w 50 rocznic\u0119 \u015bwi\u0119ce\u0144. Ca\u0142\u0105 wsp\u00f3lnot\u0119 zapraszam do wdzi\u0119cznej modlitwy za pos\u0142ug\u0119 dostojnego Jubilata w naszej parafii. O 15.30 nabo\u017ce\u0144stwo po\u015bwi\u0119cenia p\u00f3l w Jaworku, zako\u0144czone Eucharysti\u0105 przy kapliczce. Ofiary na tac\u0119 s\u0105 przeznaczone na remont dzwonnicy i \u015bciany frontowej naszego ko\u015bcio\u0142a.<\/p>\n<p>7.\u00a0\u00a0\u00a0\u00a0 W niedziel\u0119 28 maja jeste\u015bmy zaproszeni od godz. 13.00 na Piknik Rodzinny do Kryp. W programie wyst\u0119py uczni\u00f3w, konkursy z nagrodami, wspania\u0142a zabawa i wiele innych atrakcji.<\/p>\n<p>8.\u00a0\u00a0\u00a0\u00a0 Mamy zaproszenie, 28 maja, do Pratulina na II Diecezjaln\u0105 Pielgrzymk\u0119 Kobiet. Szczeg\u00f3\u0142owy program w gablocie, zach\u0119cam panie do wzi\u0119cia udzia\u0142u.<\/p>\n<p>9.\u00a0\u00a0\u00a0\u00a0 Serdecznie dzi\u0119kuj\u0119 rodzicom dzieci pierwszokomunijnych za gruntowne posprz\u0105tanie ko\u015bcio\u0142a i na sobot\u0119 zapraszam: p. Jadwig\u0119 i Janusza Komorowskich oraz p. Jadwig\u0119 i Adama Jasi\u0144skich z Wygl\u0119d\u00f3wka.<\/p>\n<p>10.\u00a0\u00a0\u00a0 Zach\u0119cam do lektury nowy Nr \u201eEcha Katolickiego\u201d. Znajdziemy relacj\u0119 z obchod\u00f3w 100. rocznicy objawie\u0144 fatimskich. Przeczytamy r\u00f3wnie\u017c o historii naszej diecezji i postawie biskup\u00f3w podlaskich wobec carskich prze\u015bladowa\u0144.<\/p>\n<p>11.\u00a0\u00a0\u00a0 \u00a0Pan powo\u0142a\u0142 do wieczno\u015bci \u015bp. Barbar\u0119 Patok\u0119 z Sobonia. Zapraszam na Msz\u0119 \u015bw. w 7 dzie\u0144 w \u015brod\u0119 24 maja o godz. 17.00. Wieczny odpoczynek racz jej da\u0107, Panie\u2026<\/p>\n<h2 style=\"text-align: center;\"><span style=\"color: #ff0000;\">14 maja \u2013 5 Niedziela Wielkanocy<\/span><\/h2>\n<p>1. Wczoraj obchodzili\u015bmy 100. rocznic\u0119 pierwszych objawie\u0144 Matki Bo\u017cej w Fatimie. Z serca dzi\u0119kuj\u0119 tym, kto wczoraj wzi\u0105\u0142 udzia\u0142 w nabo\u017ce\u0144stwie Fatimskim, zaanga\u017cowa\u0142 si\u0119 w przygotowanie i wsp\u00f3ln\u0105 modlitw\u0119. Dzi\u0119kuj\u0119 m\u0142odzie\u017cy i dzieciom za przygotowanie scenek pod kierunkiem p. Ma\u0142gorzaty W\u0105sowskiej i p. Marty Korzeniak, p. Anecie za prowadzenie \u015bpiewu, p. Krzysztofowi Mrozowi &#8211; za scen\u0119 na ko\u0142ach, druhom stra\u017cakom &#8211; za czuwanie nad spokojnym przemarszem kolumny.<\/p>\n<p>2. Dzi\u015b po Mszy \u015bw. o 9.00 zmianka tajemnic r\u00f3\u017ca\u0144cowych dla wsp\u00f3lnoty rodzic\u00f3w modl\u0105cych si\u0119 za dzieci, a tak\u017ce spotkanie dla rodzic\u00f3w i dzieci klasy III przygotowuj\u0105cych si\u0119 do I spowiedzi i Komunii \u015bw. Serdecznie dzi\u0119kuj\u0119 za wsparcie ofiarami na tac\u0119 wspomagamy jednostki OSP Wierzbno, a konkretnie &#8211; zakupu hydraulicznego zestawu ratowniczego. Dzi\u0119kuj\u0119 tak\u017ce p. S\u0142awomirowi W\u0142odzimierzowi Zaboklickiemu za ofiar\u0119 1000 z\u0142 na ten cel. \u201eB\u00f3g zap\u0142a\u0107!\u201d<\/p>\n<p>3. W niedziel\u0119 21 maja na Mszy \u015bw. o godz. 10.00 uroczysto\u015b\u0107 I Komunii \u015bw. Otoczmy szczeg\u00f3ln\u0105 modlitw\u0105 dzieci, kt\u00f3re przygotowuj\u0105\u00a0 si\u0119 do pierwszej spowiedzi i chc\u0105 zaprosi\u0107 Chrystusa do swego serca. Przypominam, \u017ce na uroczysto\u015bci komunijnej nie mo\u017ce by\u0107 napoj\u00f3w alkoholowych i rodzice sk\u0142adaj\u0105 takie przyrzeczenia.<\/p>\n<p>4. Dzi\u0119kuj\u0119 rodzinom z Wygl\u0119d\u00f3wka za sprz\u0105tanie ko\u015bcio\u0142a. W tym tygodniu porz\u0105dek w ko\u015bciele i dekoracj\u0119 komunijn\u0105 zrobi\u0105 rodzice dzieci z klasy III.<\/p>\n<p>5. W sobot\u0119 od 17.00 spowied\u017a rodzic\u00f3w, chrzestnych i dzieci przed I Komuni\u0105 \u015bw. B\u0119dzie pos\u0142ugiwa\u0142 w konfesjonale tak\u017ce ks. Stanis\u0142aw Abramczuk.<\/p>\n<p>6. Zach\u0119cam do lektury nowy Nr \u201eEcha Katolickiego\u201d. Przeczytamy o pi\u0119knie adoracji Naj\u015bwi\u0119tszego Sakramentu, o kap\u0142anie, kt\u00f3ry propagowa\u0142 fatimskie or\u0119dzie oraz jak przezwyci\u0119\u017ca\u0107 lenistwo, gdy dziecko nie chce chodzi\u0107 do szko\u0142y.<\/p>\n<h2 style=\"text-align: center;\"><span style=\"color: #ff0000;\">7 maja \u2013 4 Niedziela Wielkanocy<\/span><\/h2>\n<p>1. Dzi\u015b Niedziela Dobrego Pasterza i rozpoczyna si\u0119 tydzie\u0144 modlitw o powo\u0142ania kap\u0142a\u0144skie i do \u017cycia konsekrowanego. Cieszymy si\u0119 z obecno\u015bci Si\u00f3str S\u0142u\u017cek w naszej wsp\u00f3lnocie i serdecznie dzi\u0119kujemy za ich \u015bwiadectwo. Ofiary na tac\u0119 s\u0105 przeznaczone na potrzeby Wy\u017cszego Seminarium Duchownego w Opolu k. Siedlec. Z racji I niedzieli miesi\u0105ca po sumie zmianka tajemnic r\u00f3\u017ca\u0144cowych. Intencje Apostolstwa Modlitwy na maj: Aby chrze\u015bcijanie w Afryce dawali profetyczne \u015bwiadectwo pojednania, sprawiedliwo\u015bci i pokoju, na\u015bladuj\u0105c Jezusa mi\u0142osiernego. Od 15.30 nabo\u017ce\u0144stwo po\u015bwi\u0119cenia p\u00f3l w W\u00f3lce i \u015awidnie, zako\u0144czone Eucharysti\u0105 przy krzy\u017cu o Bo\u017ce b\u0142ogos\u0142awie\u0144stwo w pracy rolnik\u00f3w, sprzyjaj\u0105c\u0105 pogod\u0119 i obfite plony.<\/p>\n<p>2. W poniedzia\u0142ek urocz. \u015aw. Stanis\u0142awa Biskupa i M\u0119czennika, g\u0142\u00f3wnego patrona Polski.\u00a0 Zapraszam na Eucharysti\u0119 o godz. 18.00 i nabo\u017ce\u0144stwo majowe.<\/p>\n<p>3. W sobot\u0119, 13 maja, 100 rocznica objawie\u0144 Matki Bo\u017cej w Fatimie. Po Msz \u015bw. o 18.00 wszystkich zapraszam na Nabo\u017ce\u0144stwo Fatimskie ulicami Wierzbna. Dzieci przygotowuj\u0105ce si\u0119 do I Komunii \u015bw. b\u0119d\u0105 nios\u0142y du\u017cy R\u00f3\u017caniec. Przy ka\u017cdej tajemnicy b\u0119dzie scenka i rozwa\u017canie. Za I tajemnic\u0119 odpowiadaj\u0105 mieszka\u0144cy Lasu Jaworskiego i Helenowa, za II \u2013 m\u0142odzie\u017c z gimnazjum, III \u2013 dzieci ze szko\u0142y podstawowej, IV \u2013 mieszka\u0144cy Wierzbna i V &#8211; mieszka\u0144cy \u015awidna i Adamowa. Na zako\u0144czenie od\u015bpiewamy litani\u0119 do Matki Bo\u017cej.<\/p>\n<p>4. W najbli\u017csz\u0105 niedziel\u0119 po Mszy \u015bw. o 9.00 spotkanie dla rodzic\u00f3w i dzieci klasy III przygotowuj\u0105cych si\u0119 do I spowiedzi i Komunii \u015bw. Ofiarami na tac\u0119 wesprzemy OSP Wierzbno, a konkretnie dofinansujemy zakup hydraulicznego zestawu ratownictwa w wypadkach drogowych. Jestem przekonany, \u017ce wsp\u00f3lnymi si\u0142ami mo\u017cemy znale\u017a\u0107 potrzebne \u015brodki.<\/p>\n<p>5. Po\u015bwi\u0119cenie p\u00f3l w Jaworku planuj\u0119 28 maja i zako\u0144czymy Eucharysti\u0105 przy kapliczce, a w Wierzbnie 4 czerwca.<\/p>\n<p>6. Bardzo serdecznie dzi\u0119kuj\u0119 rodzinom z Wygl\u0119d\u00f3wka za sprz\u0105tanie ko\u015bcio\u0142a i na sobot\u0119 zapraszam: p. Ew\u0119 i Kazimierza W\u0105sowskich oraz p. Zefiryn\u0119 i Adama Komorowskich.<\/p>\n<p>7. Zach\u0119cam do lektury nowy Nr Echa Katolickiego. Przeczytamy o or\u0119dziu fatimskim, \u015bwiadectwa ludzi, kt\u00f3rzy do\u015bwiadczyli \u015bmierci klinicznej, oraz o poradni leczenia niep\u0142odno\u015bci, kt\u00f3ra zacz\u0119\u0142a funkcjonowa\u0107 w naszej diecezji. Jest tak\u017ce bezp\u0142atna gazeta \u201eChit\u201d (Chrystus i Ty).<\/p>\n<p>8. Pan B\u00f3g powo\u0142a\u0142 do wieczno\u015bci \u015bp. Janin\u0119 Kubuj z Helenowa. Z ofiar zebranych na pogrzebie b\u0119dzie sprawowanych 9 Mszy \u015bw. o zbawienie jej duszy. Wieczny odpoczynek racz jej da\u0107, Panie\u2026<\/p>\n","protected":false},"excerpt":{"rendered":"<p>Powr\u00f3t do listy og\u0142osze\u0144 28 maja \u2013 Uroczysto\u015b\u0107 Wniebowst\u0105pienia\u00a0 Pa\u0144skiego 1. Dzi\u015b Uroczysto\u015b\u0107 Wniebowst\u0105pienia Chrystusa Pana i Z\u0142oty Jubileusz Kap\u0142a\u0144stwa ks. Kanonika Stanis\u0142awa Abramczuka. Trwamy w dzi\u0119kczynieniu za wielki dar kap\u0142a\u0144stwa i otaczajmy dostojnego Jubilata modlitw\u0105. Dzi\u015b tak\u017ce Piknik Rodzinny w Krypach i od 15.30 nabo\u017ce\u0144stwo po\u015bwi\u0119cenia p\u00f3l w Jaworku. Jest nowy grafik dla czytaj\u0105cych S\u0142owo Bo\u017ce podczas Eucharystii. 2. Dzieci Komunijne ko\u0144cz\u0105 tzw. \u201ebia\u0142y tydzie\u0144\u201d. Serdecznie dzi\u0119kuj\u0119 rodzicom i p. katechetce za trosk\u0119 o to, aby codziennie by\u0107 na Eucharystii. Pami\u0119tajmy, aby w ka\u017cda niedziel\u0119 uczestniczy\u0107 we Mszy \u015bw. Dziewczynki, kt\u00f3re by\u0142y u I Komunii zach\u0119cam do sypania kwiatk\u00f3w na Uroczysto\u015b\u0107 Bo\u017cego Cia\u0142a, a ch\u0142opcy ju\u017c zaczynaj\u0105 s\u0142u\u017cy\u0107 przy o\u0142tarzu. Odpowiadaj\u0105c na pro\u015bb\u0119 Matki Bo\u017cej w Fatimie, dzieci Komunijne w tym roku obchodz\u0105 nabo\u017ce\u0144stwo pierwszych sob\u00f3t miesi\u0105ca. 3. W najbli\u017csz\u0105 sobot\u0119 o 18.30 zapraszam wszystkie dzieci na radosny wiecz\u00f3r z okazji Dnia Dziecka na boisko za plebani\u0105. B\u0119dzie du\u017co \u2026 <a class=\"continue-reading-link\" href=\"https:\/\/www.parafiawierzbno.com.pl\/?page_id=5366\">Czytaj dalej <span class=\"meta-nav\">&rarr; <\/span><\/a><\/p>\n","protected":false},"author":1,"featured_media":0,"parent":225,"menu_order":0,"comment_status":"closed","ping_status":"closed","template":"","meta":{"ngg_post_thumbnail":0},"_links":{"self":[{"href":"https:\/\/www.parafiawierzbno.com.pl\/index.php?rest_route=\/wp\/v2\/pages\/5366"}],"collection":[{"href":"https:\/\/www.parafiawierzbno.com.pl\/index.php?rest_route=\/wp\/v2\/pages"}],"about":[{"href":"https:\/\/www.parafiawierzbno.com.pl\/index.php?rest_route=\/wp\/v2\/types\/page"}],"author":[{"embeddable":true,"href":"https:\/\/www.parafiawierzbno.com.pl\/index.php?rest_route=\/wp\/v2\/users\/1"}],"replies":[{"embeddable":true,"href":"https:\/\/www.parafiawierzbno.com.pl\/index.php?rest_route=%2Fwp%2Fv2%2Fcomments&post=5366"}],"version-history":[{"count":6,"href":"https:\/\/www.parafiawierzbno.com.pl\/index.php?rest_route=\/wp\/v2\/pages\/5366\/revisions"}],"predecessor-version":[{"id":5407,"href":"https:\/\/www.parafiawierzbno.com.pl\/index.php?rest_route=\/wp\/v2\/pages\/5366\/revisions\/5407"}],"up":[{"embeddable":true,"href":"https:\/\/www.parafiawierzbno.com.pl\/index.php?rest_route=\/wp\/v2\/pages\/225"}],"wp:attachment":[{"href":"https:\/\/www.parafiawierzbno.com.pl\/index.php?rest_route=%2Fwp%2Fv2%2Fmedia&parent=5366"}],"curies":[{"name":"wp","href":"https:\/\/api.w.org\/{rel}","templated":true}]}}