{"id":5401,"date":"2017-06-05T00:14:47","date_gmt":"2017-06-04T22:14:47","guid":{"rendered":"https:\/\/www.parafiawierzbno.com.pl\/?page_id=5401"},"modified":"2017-07-02T10:13:28","modified_gmt":"2017-07-02T08:13:28","slug":"ogloszenia-czerwiec-2017","status":"publish","type":"page","link":"https:\/\/www.parafiawierzbno.com.pl\/?page_id=5401","title":{"rendered":"Og\u0142oszenia &#8211; Czerwiec 2017"},"content":{"rendered":"<p style=\"text-align: left;\"><a title=\"Og\u0142oszenia parafialne\" href=\"https:\/\/www.parafiawierzbno.com.pl\/?page_id=225\">Powr\u00f3t do listy og\u0142osze\u0144<\/a><\/p>\n<h2 style=\"text-align: center;\"><span style=\"color: #ff0000;\">25 czerwca \u2013 12 Niedziela zwyk\u0142a<\/span><\/h2>\n<p>1. Dzi\u015b po Mszy \u015bw. o 9.00 zapraszam na spotkanie radnych parafialnych, aby podj\u0105\u0107 decyzj\u0119 w sprawie remontu dzwonnicy i osuszenia fundament\u00f3w ko\u015bcio\u0142a. Dzi\u0119kuj\u0119 za ofiary na tac\u0119 przeznaczone na ten cel. Jest nowy grafik na lipiec dla czytaj\u0105cych s\u0142owo Bo\u017ce podczas Eucharystii. Zapraszam o 15.00 m\u0119\u017cczyzn na spotkanie, aby rozmawia\u0107 o dojrza\u0142ej wierze i \u017cyciu wed\u0142ug zasad Ewangelii.<\/p>\n<p>2. W czwartek uroczysto\u015b\u0107 odpustowa \u015bwi\u0119tych Aposto\u0142\u00f3w Piotra i Paw\u0142a. W naszej\u00a0 wsp\u00f3lnocie jest to wa\u017cne wydarzenie. Msza \u015bw. o 9.00, suma o 12.00 i wieczorowa o 18.00. Uroczyst\u0105 sum\u0119 odpustow\u0105 b\u0119dzie celebrowa\u0142 ks. Kanonik Henryk Drozdek, a Proboszcz\u00a0 z Wyszkowa ks. Wojciech Zadro\u017cny wyg\u0142osi homili\u0119. Zach\u0119cam do licznego udzia\u0142u w Eucharystii i do skorzystania z sakramentu pokuty, aby uzyska\u0107 odpust zupe\u0142ny, czyli darowanie kar za grzechy. Ofiary na tac\u0119 b\u0119d\u0105 przeznaczone do dyspozycji Ojca \u015bwi\u0119tego.<\/p>\n<p>3. Pierwsza sobota lipca i Msza \u015bw. tylko rano o 7.30, a po niej R\u00f3\u017caniec i nabo\u017ce\u0144stwo wynagradzaj\u0105ce Niepokalanemu Sercu Maryi.<\/p>\n<p>4. Najbli\u017csza niedziela jest pierwsz\u0105 niedziel\u0105 lipca. Po sumie adoracja Naj\u015bwi\u0119tszego Sakramentu i procesja Eucharystyczna oraz zmianka tajemnic r\u00f3\u017ca\u0144cowych.<\/p>\n<p>5. Od 3 do 12 lipca b\u0119d\u0119 na urlopie i w parafii zast\u0105pi mnie ks. Kanonik Stanis\u0142aw Abramczuk. W sytuacjach nie cierpi\u0105cych zw\u0142oki prosz\u0119 zwraca\u0107 si\u0119 do dziekana ks. Krzysztofa Pawelca. Pragn\u0119 odwiedzi\u0107 na Syberii kap\u0142an\u00f3w i parafie, gdzie pos\u0142ugiwa\u0142em przez wiele lat.<\/p>\n<p>6. Dzi\u0119kuj\u0119 za sprz\u0105tanie ko\u015bcio\u0142a rodzinom z Wygl\u0119d\u00f3wka i na sobot\u0119 zapraszam: p. Albin\u0119 i Dariusza Wojty\u0144skich, p. Mari\u0119 i Bronis\u0142awa Sobiepanek oraz p. Hann\u0119 i Jana Tomkiewicz ze \u015awidna.<\/p>\n<p>7. Zach\u0119cam do lektury nowy Nr \u201eEcha Katolickiego\u201d. Znajdziemy relacj\u0119 z wa\u017cnych wydarze\u0144 diecezjalnych, comiesi\u0119czne materia\u0142y formacyjne dla K\u00f3\u0142 \u017bywego R\u00f3\u017ca\u0144ca i informacja o nabo\u017ce\u0144stwach fatimskich w naszej parafii.<\/p>\n<h2 style=\"text-align: center;\"><span style=\"color: #ff0000;\">18 czerwca \u2013 11 Niedziela zwyk\u0142a<\/span><\/h2>\n<p style=\"text-align: left;\">1. Jeste\u015bmy wdzi\u0119czni misjonarzowi ks. Mieczys\u0142awowi K\u0142akowi za poszerzenie naszych horyzont\u00f3w o dzia\u0142alno\u015bci Ko\u015bcio\u0142a na misjach i zapewniamy go o modlitwie. Niech Chrystus Pan umacnia i prowadzi to dzie\u0142o ewangelizacji w Brazylii. Serdecznie dzi\u0119kuj\u0119 za ofiary na tac\u0119, kt\u00f3re s\u0105 nasz\u0105 cegie\u0142k\u0105 w budowaniu ko\u015bcio\u0142a na misjach. Ofiary do puszek po Mszy \u015bw. s\u0105 przeznaczone na potrzeby Katolickiego Uniwersytetu Lubelskiego.<\/p>\n<p style=\"text-align: left;\">2. Z ca\u0142ego serca dzi\u0119kuj\u0119 za zaanga\u017cowanie w przygotowanie o\u0142tarzy na Bo\u017ce Cia\u0142o. Dzi\u0119kuj\u0119 druhom stra\u017cakom za asyst\u0119 i czuwanie nad bezpiecze\u0144stwem przemarszu procesji, dzi\u0119kuj\u0119 scholii z p. Anet\u0105 na czele, dzi\u0119kuj\u0119 osobom, kt\u00f3re nios\u0142y chor\u0105gwie i feretrony oraz ministrantom. To \u015bwiadectwo wiary i ho\u0142d wdzi\u0119czno\u015bci dla Chrystusa w Eucharystii. Zach\u0119cam wszystkich do uczestnictwa w oktawie Bo\u017cego Cia\u0142a.<\/p>\n<p style=\"text-align: left;\">3. We wtorek i \u015brod\u0119 nie ma Mszy \u015bw. w naszej \u015bwi\u0105tyni, poniewa\u017c z dzie\u0107mi komunijnymi jeste\u015bmy na pielgrzymce do Sok\u00f3\u0142ki Bia\u0142ostockiej, \u015awi\u0119tej Lipki i Gietrzwa\u0142du. Wyjazd we wtorek o 6.00 rano z parkingu przed ko\u015bcio\u0142em.<\/p>\n<p style=\"text-align: left;\">4. W czwartek zako\u0144czenie oktawy Bo\u017cego Cia\u0142a. Zapraszam na Msz\u0119 \u015bw. o 18.00 i procesj\u0119 eucharystyczn\u0105. Tradycyjnie tak\u017ce b\u0142ogos\u0142awie\u0144stwo zi\u00f3\u0142 i wiank\u00f3w.<\/p>\n<p style=\"text-align: left;\">5. W pi\u0105tek uroczysto\u015b\u0107 Naj\u015bwi\u0119tszego Serca Pana Jezusa. Msza \u015bw. o 18.00. Z racji uroczysto\u015bci mo\u017cna w ten pi\u0105tek spo\u017cywa\u0107 pokarmy mi\u0119sne.<\/p>\n<p style=\"text-align: left;\">6. W sobot\u0119 uroczysto\u015b\u0107 Narodzenia \u015bw. Jana Chrzciciela. Zapraszam na Eucharysti\u0119 o godz. 18.00. Wieczorem o 19.00 na plebanii kolejna katecheza przed chrztem dziecka.<\/p>\n<p style=\"text-align: left;\">7. W najbli\u017csz\u0105 niedziel\u0119 po Mszy \u015bw. o 9.00 zapraszam radnych na spotkanie w sprawie remontu dzwonnicy i ko\u015bcio\u0142a. Ofiary na tac\u0119 b\u0119d\u0105 przeznaczone na prace remontowe frontowej \u015bciany naszej \u015bwi\u0105tyni. Zapraszam tak\u017ce o 15.00 m\u0119\u017cczyzn na spotkanie na plebani\u0119.<\/p>\n<p style=\"text-align: left;\">8. Informuj\u0119, \u017ce uroczysto\u015b\u0107 odpustowa \u015bw. Aposto\u0142\u00f3w Piotra i Paw\u0142a b\u0119dziemy obchodzi\u0107 29 czerwca. Uroczyst\u0105 sum\u0119 o 12.00 b\u0119dzie celebrowa\u0142 ks. Kanonik Henryk Drozdek, kt\u00f3ry przez 12 lat pos\u0142ugiwa\u0142 w naszej parafii. Homili\u0119 wyg\u0142osi proboszcz z Wyszkowa ks. Wojciech Zadro\u017cny.<\/p>\n<p style=\"text-align: left;\">9. Dzi\u0119kuj\u0119 za sprz\u0105tanie ko\u015bcio\u0142a rodzinom z Wygl\u0119dowka i na sobot\u0119 zapraszam: p. Zofi\u0119 i Mieczys\u0142awa \u015aledziewskich, p. Szymona Parola i p. W\u0142adys\u0142aw\u0119 Zwierz. Dzi\u0119kuj\u0119 mieszka\u0144com Wygl\u0119d\u00f3wka za trosk\u0119 o czysto\u015b\u0107 ko\u015bcio\u0142a i zapraszam w dalszej kolejno\u015bci mieszka\u0144c\u00f3w \u015awidna.<\/p>\n<p style=\"text-align: left;\">10. Zapraszam do lektury nowy Nr. \u201eEcha Katolickiego\u201d. Znajdziemy relacj\u0119 ze \u015bwi\u0119ce\u0144 kap\u0142a\u0144skich w katedrze siedleckiej, o duchowo\u015bci \u015bw. Brata Alberta oraz o niebezpiecze\u0144stwach, kt\u00f3re kryj\u0105 si\u0119 w Internecie.<\/p>\n<h2 style=\"text-align: center;\"><span style=\"color: #ff0000;\">11 czerwca \u2013 Uroczysto\u015b\u0107 Naj\u015bwi\u0119tszej Tr\u00f3jcy<\/span><\/h2>\n<p style=\"text-align: left;\">1. Dzi\u015b uroczysto\u015b\u0107 Naj\u015bwi\u0119tszej Tr\u00f3jcy i odpust parafialny w Wi\u015bniewie. Po Mszy \u015bw. o 9.00 zmianka tajemnic r\u00f3\u017ca\u0144cowych dla wsp\u00f3lnoty rodzic\u00f3w modl\u0105cych si\u0119 za dzieci. Zapraszam na 12.00 na uroczyst\u0105 Eucharysti\u0119 Prymicyjn\u0105, kt\u00f3r\u0105 b\u0119dzie celebrowa\u0142 Ks. Piotr Wr\u00f3blewski. Na zako\u0144czenie zostanie udzielone prymicyjne b\u0142ogos\u0142awie\u0144stwo, z kt\u00f3rym \u0142\u0105czy si\u0119 odpust zupe\u0142ny, pod warunkiem, \u017ce b\u0119dziemy po spowiedzi, w stanie \u0142aski u\u015bwi\u0119caj\u0105cej i pomodlimy si\u0119 w intencjach Ojca \u015bw. Franciszka.<\/p>\n<p style=\"text-align: left;\">2. Bardzo serdecznie dzi\u0119kuj\u0119 mieszka\u0144com Wierzbna za posprz\u0105tanie skweru przed ko\u015bcio\u0142em i ulic, po kt\u00f3rych b\u0119dzie kroczy\u0107 Procesja Bo\u017cego Cia\u0142a. Pan Dariusz Wr\u00f3blewski i Bart\u0142omiej Chabiera solidnie wymyli chodniki wok\u00f3\u0142 ko\u015bcio\u0142a. Z serca: \u201eB\u00f3g zap\u0142a\u0107!\u201d<\/p>\n<p style=\"text-align: left;\">3. We wtorek po Mszy \u015bw. o godz. 18.00 kolejne nabo\u017ce\u0144stwo Fatimskie ulicami Wierzbna. B\u0119dziemy rozwa\u017ca\u0107 radosne tajemnice R\u00f3\u017ca\u0144ca. Rozwa\u017cania tajemnic b\u0119d\u0105 w formie scenek. Prosz\u0119 druh\u00f3w stra\u017cak\u00f3w o czuwanie nad bezpiecze\u0144stwem przemarszu.<\/p>\n<p style=\"text-align: left;\">4. W czwartek Uroczysto\u015b\u0107 Naj\u015bwi\u0119tszego Cia\u0142a i Krwi Chrystusa. Po Mszy \u015bw. o 9.00 uroczysta procesja Eucharystyczna do czterech o\u0142tarzy. Serdecznie prosz\u0119 o przygotowanie o\u0142tarzy, jak co roku, o wykorzystanie w procesji wszystkich chor\u0105gwi i feretron\u00f3w. Dziewczynki z m\u0142odszych klas zach\u0119cam do sypania kwiat\u00f3w. Niech nasz udzia\u0142 w procesji b\u0119dzie wyznaniem wiary w Chrystusa obecnego w Eucharystii. Druh\u00f3w stra\u017cak\u00f3w zapraszam do asysty w procesji i kierowania ruchem drogowym.<\/p>\n<p style=\"text-align: left;\">5. Podczas oktawy Bo\u017cego Cia\u0142a serdecznie zapraszam na Eucharysti\u0119 o godz. 18.00 i organizowanie procesji wok\u00f3\u0142 ko\u015bcio\u0142a mieszka\u0144c\u00f3w nast\u0119puj\u0105cych miejscowo\u015bci: w pi\u0105tek, 16 czerwca \u2013 Helen\u00f3w i Las Jaworski, w sobot\u0119, 17 czerwca \u2013 Jaworek i Sobo\u0144, w niedziel\u0119, 18 czerwca po sumie o 11.00 &#8211; Wierzbno, w poniedzia\u0142ek, 19 czerwca \u2013 Jan\u00f3wek i Wygl\u0119d\u00f3wek, oraz w czwartek, 22 czerwca \u2013 W\u00f3lka i \u015awidno. 20 i 21 czerwca nie b\u0119dzie Mszy \u015bw. i procesji, poniewa\u017c z dzie\u0107mi komunijnymi jedziemy na pielgrzymk\u0119 do Sok\u00f3\u0142ki Bia\u0142ostockiej, \u015awi\u0119tej Lipki i do Gietrzwa\u0142du.<\/p>\n<p style=\"text-align: left;\">6. Od najbli\u017cszej niedzieli i do ko\u0144ca wrze\u015bnia suma w niedziele b\u0119dzie sprawowana o godz. 11.00. W najbli\u017csz\u0105 niedziel\u0119 b\u0119dziemy go\u015bci\u0107 misjonarza z Brazylii, ks. Mieczys\u0142awa K\u0142aka, kt\u00f3ry wyg\u0142osi homili\u0119 i zbierze ofiary na tac\u0119 na budow\u0119 ko\u015bcio\u0142a. Ofiarami do puszek 18 czerwca wspieramy KUL.<\/p>\n<p style=\"text-align: left;\">7. W sobot\u0119 17 czerwca o 19.00 (na plebanii) katecheza dla rodzic\u00f3w i chrzestnych, kt\u00f3rzy w letnie miesi\u0105ce planuj\u0105 chrzest dziecka.<\/p>\n<p style=\"text-align: left;\">8. Serdecznie dzi\u0119kuj\u0119 rodzinom z Wygl\u0119d\u00f3wka za sprz\u0105tanie ko\u015bcio\u0142a i na sobot\u0119 zapraszam: p. Danut\u0119 i Janusza Stachowicz, p. Remigiusza Zalewskiego oraz p. Helen\u0119 \u015aledziewsk\u0105.<\/p>\n<p style=\"text-align: left;\">9. Zach\u0119cam do lektury nowy Nr \u201eEcha Katolickiego\u201d. Przeczytamy o nowych kap\u0142anach, kt\u00f3rzy otrzymali wczoraj \u015bwi\u0119cenia prezbiteratu, o zawierzeniu naszej Ojczyzny Niepokalanemu Sercu Maryi oraz o wymowie uroczystej procesji Bo\u017cego Cia\u0142a. Jest tak\u017ce informacja o Jubileuszu ks. Kan. Stanis\u0142awa Abramczuka w Wierzbnie.<\/p>\n<h2 style=\"text-align: center;\"><span style=\"color: #ff0000;\">4 czerwca \u2013 Niedziela Zes\u0142ania Ducha \u015awi\u0119tego<\/span><\/h2>\n<p>1. Uroczysto\u015b\u0107 Zes\u0142ania Ducha \u015awi\u0119tego ko\u0144czy okres 50 dni od Triduum Paschalnego. Za udzia\u0142 w publicznym \u015bpiewie hymnu \u201eO Stworzycielu, Duchu, przyjd\u017a\u201d mo\u017cna dzi\u015b zyska\u0107 odpust zupe\u0142ny. Dzi\u015b tak\u017ce \u015awi\u0119to Dzi\u0119kczynienia i ofiarami do puszek wspieramy budow\u0119 \u015bwi\u0105tyni Opatrzno\u015bci Bo\u017cej w Warszawie. Z racji pierwszej niedzieli miesi\u0105ca po sumie adoracja Naj\u015bwi\u0119tszego Sakramentu i procesja eucharystyczna wok\u00f3\u0142 ko\u015bcio\u0142a. Potem zmianka r\u00f3\u017ca\u0144cowa. Zapraszam mieszka\u0144c\u00f3w Wierzbna o 16.30 na nabo\u017ce\u0144stwo po\u015bwi\u0119cenia p\u00f3l i modlitw\u0119 o dobre plony. Intencja Apostolstwa Modlitwy na czerwiec: Aby odpowiedzialni za narody zdecydowanie do\u0142o\u017cyli stara\u0144, by po\u0142o\u017cy\u0107 kres handlowi broni\u0105, kt\u00f3ry jest przyczyn\u0105 wielu niewinnych ofiar.<\/p>\n<p>2. Serdecznie dzi\u0119kuj\u0119 za ofiary z ostatniej niedzieli w wysoko\u015bci 1775 z\u0142. S\u0105 one przeznaczone na remont dzwonnicy i \u015bciany frontowej ko\u015bcio\u0142a. Dzi\u0119kuj\u0119 dzieciom i rodzicom za radosny wiecz\u00f3r i wsp\u00f3ln\u0105 zabaw\u0119 z okazji Dnia Dziecka.<\/p>\n<p>3. Jutro \u015bwi\u0119to Naj\u015bwi\u0119tszej Maryi Panny, Matki Ko\u015bcio\u0142a. Eucharystia o godz. 18.00, a potem nabo\u017ce\u0144stwo ku czci Naj\u015bwi\u0119tszego Serca Pana Jezusa.<\/p>\n<p>4. W czwartek \u015bwi\u0119to Jezusa Chrystusa Najwy\u017cszego i Wiecznego Kap\u0142ana.<\/p>\n<p>5. W niedziel\u0119 uroczysto\u015b\u0107 Naj\u015bwi\u0119tszej Tr\u00f3jcy. Zapraszam na Eucharysti\u0119 o 9.00, 12.00 i 18.00. Po Mszy \u015bw. o 9.00 zmianka tajemnic r\u00f3\u017ca\u0144cowych dla wsp\u00f3lnoty rodzic\u00f3w modl\u0105cych si\u0119 za dzieci.<\/p>\n<p>6. Ju\u017c 20 lat czekamy na kolejn\u0105 uroczysto\u015b\u0107 Mszy \u015bw. Prymicyjnej. W niedziel\u0119 11 czerwca o godz. 12.00 ks. Piotr Wr\u00f3blewski b\u0119dzie sprawowa\u0142 w naszej \u015bwi\u0105tyni pierwsz\u0105 uroczyst\u0105 Eucharysti\u0119, a na jej zako\u0144czenie udzieli Prymicyjnego b\u0142ogos\u0142awie\u0144stwa. Dla parafian zostanie umieszczony du\u017cy telebim przed ko\u015bcio\u0142em, a go\u015bcie Prymicjanta b\u0119d\u0105 zajmowa\u0107 miejsce w naszej \u015bwi\u0105tyni.<\/p>\n<p>7. W \u015brod\u0119 od godz. 10.00 sprz\u0105tamy skwer przed ko\u015bcio\u0142em i ulice, po kt\u00f3rych przejdzie procesja Bo\u017cego Cia\u0142a i Ks. Prymicjant z domu rodzinnego do \u015bwi\u0105tyni. Trzeba zamie\u015b\u0107 piasek z chodnik\u00f3w i ulicy, zrobi\u0107 porz\u0105dek na skwerze. Zapraszam mieszka\u0144c\u00f3w Wierzbna do pracy. Niech b\u0119dzie to dow\u00f3d naszej mi\u0142o\u015bci do Chrystusa w Eucharystii. Prosz\u0119 tak\u017ce o zrobienie wie\u0144ca, w kt\u00f3rym dzieci przyprowadz\u0105 Ks. Prymicjanta. Potrzeba na sobot\u0119 od 14.00 kilku sprytnych m\u0119\u017cczyzn do powieszenia dekoracji na \u015bcianie frontowej ko\u015bcio\u0142a.<\/p>\n<p>8. Dzi\u0119kuj\u0119 rodzinom z Wygl\u0119dowka za sprz\u0105tanie ko\u015bcio\u0142a i w tym tygodniu zapraszam w pi\u0105tek nast\u0119puj\u0105ce osoby: p. Gra\u017cyn\u0119 Kope\u0107, p. Jadwig\u0119 i Romana Milewskich oraz p. Danut\u0119 i S\u0142awomira Kapitanowicz. W pi\u0105tek po Mszy \u015bw. wieczorowej spotkanie dla ministrant\u00f3w i pr\u00f3ba asysty.<\/p>\n<p>9. We wtorek 13 czerwca nabo\u017ce\u0144stwo Fatimskie po Mszy \u015bw. o 18.00. Proponuj\u0119 r\u00f3wnie\u017c rozwa\u017cania radosnych tajemnic r\u00f3\u017ca\u0144cowych w formie scenek. Prosz\u0119 ch\u0119tnych, aby zg\u0142osili si\u0119 po mnie.<\/p>\n<p>10. W ko\u0144cu lipca, 26-28, mo\u017cemy zorganizowa\u0107 pielgrzymk\u0119 do Krakowa, Kalwarii Zebrzydowskiej i Wadowic. Zainteresowani s\u0105 proszeni o zg\u0142oszenie si\u0119 do zakrystii.<\/p>\n<p>11. Zach\u0119cam do lektury nowy Nr \u201eEcha Katolickiego\u201d. Przeczytamy o jubileuszu ks. Kan. Stanis\u0142awa Abramczuka w Samogoszczy, o kulcie Serca Pana Jezusa, o s\u0142u\u017cbie w Wojskach Obrony Terytorialnej, a w dziale \u201eZdrowie\u201d jak zapobiega\u0107 odle\u017cynom.<\/p>\n","protected":false},"excerpt":{"rendered":"<p>Powr\u00f3t do listy og\u0142osze\u0144 25 czerwca \u2013 12 Niedziela zwyk\u0142a 1. Dzi\u015b po Mszy \u015bw. o 9.00 zapraszam na spotkanie radnych parafialnych, aby podj\u0105\u0107 decyzj\u0119 w sprawie remontu dzwonnicy i osuszenia fundament\u00f3w ko\u015bcio\u0142a. Dzi\u0119kuj\u0119 za ofiary na tac\u0119 przeznaczone na ten cel. Jest nowy grafik na lipiec dla czytaj\u0105cych s\u0142owo Bo\u017ce podczas Eucharystii. Zapraszam o 15.00 m\u0119\u017cczyzn na spotkanie, aby rozmawia\u0107 o dojrza\u0142ej wierze i \u017cyciu wed\u0142ug zasad Ewangelii. 2. W czwartek uroczysto\u015b\u0107 odpustowa \u015bwi\u0119tych Aposto\u0142\u00f3w Piotra i Paw\u0142a. W naszej\u00a0 wsp\u00f3lnocie jest to wa\u017cne wydarzenie. Msza \u015bw. o 9.00, suma o 12.00 i wieczorowa o 18.00. Uroczyst\u0105 sum\u0119 odpustow\u0105 b\u0119dzie celebrowa\u0142 ks. Kanonik Henryk Drozdek, a Proboszcz\u00a0 z Wyszkowa ks. Wojciech Zadro\u017cny wyg\u0142osi homili\u0119. Zach\u0119cam do licznego udzia\u0142u w Eucharystii i do skorzystania z sakramentu pokuty, aby uzyska\u0107 odpust zupe\u0142ny, czyli darowanie kar za grzechy. Ofiary na tac\u0119 b\u0119d\u0105 przeznaczone do dyspozycji Ojca \u015bwi\u0119tego. 3. Pierwsza sobota lipca i \u2026 <a class=\"continue-reading-link\" href=\"https:\/\/www.parafiawierzbno.com.pl\/?page_id=5401\">Czytaj dalej <span class=\"meta-nav\">&rarr; <\/span><\/a><\/p>\n","protected":false},"author":1,"featured_media":0,"parent":225,"menu_order":0,"comment_status":"closed","ping_status":"closed","template":"","meta":{"ngg_post_thumbnail":0},"_links":{"self":[{"href":"https:\/\/www.parafiawierzbno.com.pl\/index.php?rest_route=\/wp\/v2\/pages\/5401"}],"collection":[{"href":"https:\/\/www.parafiawierzbno.com.pl\/index.php?rest_route=\/wp\/v2\/pages"}],"about":[{"href":"https:\/\/www.parafiawierzbno.com.pl\/index.php?rest_route=\/wp\/v2\/types\/page"}],"author":[{"embeddable":true,"href":"https:\/\/www.parafiawierzbno.com.pl\/index.php?rest_route=\/wp\/v2\/users\/1"}],"replies":[{"embeddable":true,"href":"https:\/\/www.parafiawierzbno.com.pl\/index.php?rest_route=%2Fwp%2Fv2%2Fcomments&post=5401"}],"version-history":[{"count":9,"href":"https:\/\/www.parafiawierzbno.com.pl\/index.php?rest_route=\/wp\/v2\/pages\/5401\/revisions"}],"predecessor-version":[{"id":5425,"href":"https:\/\/www.parafiawierzbno.com.pl\/index.php?rest_route=\/wp\/v2\/pages\/5401\/revisions\/5425"}],"up":[{"embeddable":true,"href":"https:\/\/www.parafiawierzbno.com.pl\/index.php?rest_route=\/wp\/v2\/pages\/225"}],"wp:attachment":[{"href":"https:\/\/www.parafiawierzbno.com.pl\/index.php?rest_route=%2Fwp%2Fv2%2Fmedia&parent=5401"}],"curies":[{"name":"wp","href":"https:\/\/api.w.org\/{rel}","templated":true}]}}