{"id":5452,"date":"2017-08-06T08:26:50","date_gmt":"2017-08-06T06:26:50","guid":{"rendered":"https:\/\/www.parafiawierzbno.com.pl\/?page_id=5452"},"modified":"2017-08-28T18:27:36","modified_gmt":"2017-08-28T16:27:36","slug":"ogloszenia-sierpien-2017","status":"publish","type":"page","link":"https:\/\/www.parafiawierzbno.com.pl\/?page_id=5452","title":{"rendered":"Og\u0142oszenia &#8211; Sierpie\u0144 2017"},"content":{"rendered":"<p><a title=\"Og\u0142oszenia parafialne\" href=\"https:\/\/www.parafiawierzbno.com.pl\/?page_id=225\">Powr\u00f3t do listy og\u0142osze\u0144<\/a><\/p>\n<h2 style=\"text-align: center;\"><span style=\"color: #ff0000;\">27 sierpnia \u2013 21 Niedziela zwyk\u0142a<\/span><\/h2>\n<p>1. Z serca dzi\u0119kuj\u0119 za przygotowanie wie\u0144c\u00f3w do\u017cynkowych na nasze Parafialne Dzi\u0119kczynienie za Plony. Dzi\u0119kuj\u0119 p. Marii Patoka i p. Waldemarowi G\u0105siorowskiemu za podj\u0119cie zadania starosty do\u017cynek, a p. Rafa\u0142owi Okrzei za zorganizowanie konnej przeja\u017cd\u017cki.<\/p>\n<p>2. Dzi\u015b ofiarami do puszek po ka\u017cdej Mszy \u015bw. wspieramy rodziny w p\u00f3\u0142nocno-zachodniej Polsce, kt\u00f3re ucierpia\u0142y z powodu huraganu. Jest grafik na wrzesie\u0144 dla czytaj\u0105cych s\u0142owo Bo\u017ce podczas Eucharystii.<\/p>\n<p>3. W pi\u0105tek 1 wrze\u015bnia i modlimy si\u0119 za poleg\u0142ych w obronie Ojczyzny w 78 rocznic\u0119 wybuchu II wojny \u015bwiatowej. Nabo\u017ce\u0144stwo wynagradzaj\u0105ce Naj\u015bwi\u0119tszemu Sercu Pana Jezusa po Mszy \u015bw. o 7.30 i 18.00. Zapraszam na spowied\u017a p\u00f3\u0142 godziny przede Msz\u0105 \u015bw. Od godz. 9.00 odwiedzam ludzi chorych.<\/p>\n<p>4. Pierwsza sobota miesi\u0105ca i nabo\u017ce\u0144stwo wynagradzaj\u0105ce Niepokalanemu Sercu Maryi po Mszy \u015bw. o godz. 18.00. Zach\u0119cam dzieci do spowiedzi przed rozpocz\u0119ciem nowego roku szkolnego. B\u0119d\u0119 w konfesjonale ju\u017c od godz. 17.00.<\/p>\n<p>5. Planuj\u0119 w najbli\u017cszym czasie wy\u0142o\u017cy\u0107 kostk\u0105 wjazd na plebani\u0119, aby by\u0142o estetycznie i praktycznie.<\/p>\n<p>6. Serdecznie dzi\u0119kuj\u0119 za sprz\u0105tanie ko\u015bcio\u0142a i na sobot\u0119 zapraszam: p. Edwarda Grabowskiego, p. Bo\u017cen\u0119 i Stefana Chabiera oraz p. Lidi\u0119 Teres\u0119 Chabiera z W\u00f3lki<\/p>\n<p>7. Zach\u0119cam do lektury nowy Nr \u201eEcha Katolickiego\u201d. Przeczytamy poruszaj\u0105ce \u015bwiadectwo kap\u0142ana, wa\u017cne informacj\u0119 dla korzystaj\u0105cych z programu 500+ oraz materia\u0142y formacyjne dla K\u00f3\u0142 \u017bywego R\u00f3\u017ca\u0144ca.<\/p>\n<h2 style=\"text-align: center;\"><span style=\"color: #ff0000;\">20 sierpnia \u2013 20 Niedziela zwyk\u0142a<\/span><\/h2>\n<p>1. W naszej wsp\u00f3lnocie prze\u017cywamy Do\u017cynki Parafialne. Z ca\u0142ego serca dzi\u0119kujemy Panu Bogu za tegoroczne plony i urodzaje. Widzimy Bo\u017ce b\u0142ogos\u0142awie\u0144stwo w ci\u0119\u017ckiej pracy rolnik\u00f3w i w tym, \u017ce nasz\u0105 okolic\u0119 omijaj\u0105 gwa\u0142towne nawa\u0142nice i wichury. Serdecznie dzi\u0119kuj\u0119 za przygotowane wie\u0144ce do\u017cynkowe. Na Eucharystii o godz. 11.00 zaniesiemy Ojcu niebieskiemu dzi\u0119kczynienie za dobry urodzaj, a po niej w uroczystej procesji przeniesiemy do o\u0142tarza polowego. Tam b\u0119dzie prezentacja wie\u0144c\u00f3w, konkurs wiedzy o so\u0142tysach i koncert zespo\u0142u Divers z Gr\u0119bkowa.<\/p>\n<p>2. Dzi\u015b o 19.00 na plebanii spotkanie M\u0142odzie\u017cowego Zespo\u0142u Charytatywnego. Zapraszam tak\u017ce tych, kto chcia\u0142by si\u0119 w\u0142\u0105czy\u0107 w pos\u0142ug\u0119 ludziom potrzebuj\u0105cym.<\/p>\n<p>3. Od jutra do soboty jestem na Oazie Ewangelizacyjnej Rodzin w Bobrownikach. W parafii zast\u0105pi mnie ks. Stanis\u0142aw Abramczuk.<\/p>\n<p>4. W sobot\u0119 uroczysto\u015b\u0107\u00a0 Naj\u015bwi\u0119tszej Maryi Panny Cz\u0119stochowskiej. Zapraszam na Eucharysti\u0119 o godz. 18.00.<\/p>\n<p>5. W najbli\u017csz\u0105 niedziel\u0119 ofiary na tac\u0119 s\u0105 przeznaczone na remont \u015bciany frontowej ko\u015bcio\u0142a i dzwonnicy. A ofiarami do puszek wesprzemy poszkodowanych mieszka\u0144c\u00f3w, kt\u00f3rych ostatnio nawiedzi\u0142a wichura w p\u00f3\u0142nocno-zachodniej Polsce.<\/p>\n<p>6. Dzi\u0119kuj\u0119 rodzinom z W\u00f3lki za sprz\u0105tanie ko\u015bcio\u0142a i na sobot\u0119 zapraszam: p. Ma\u0142gorzat\u0119 i Jacka Duszak, p. Halin\u0119 Polkowsk\u0105 oraz p. Renat\u0119 i Jaros\u0142awa \u0141abarzewskich.<\/p>\n<p>7.\u00a0 Zach\u0119cam do lektury nowy Nr \u201eEcha Katolickiego\u201d. Przeczytamy o sztuce rozwi\u0105zywania konflikt\u00f3w, o pos\u0142udze misjonarza ks. Tomasza Grzyba w Boliwii oraz relacj\u0119 z uroczysto\u015bci jubileuszowych w Kodniu.<\/p>\n<p>8. Pan B\u00f3g powo\u0142a\u0142 do wieczno\u015bci \u015bp. Wand\u0119 Halin\u0119 Milewsk\u0105 z Wierzbna. Z ofiar zebranych na pogrzebie b\u0119dzie sprawowanych 14 Mszy \u015bw. Pierwsza Msza \u015bw. jutro o 7.30 w 7 dzie\u0144 po \u015bmierci. Wieczny odpoczynek racz jej da\u0107, Panie\u2026<\/p>\n<h2 style=\"text-align: center;\"><span style=\"color: #ff0000;\">13 sierpnia \u2013 19 Niedziela zwyk\u0142a<\/span><\/h2>\n<p>1. Dzi\u015b po Mszy \u015bw. o 9.00 zmianka tajemnic r\u00f3\u017ca\u0144cowych dla wsp\u00f3lnoty rodzic\u00f3w modl\u0105cych si\u0119 za dzieci. Zapraszam po Mszy o godz. 18.00 wszystkich na nabo\u017ce\u0144stwo Fatimskie ulicami Wierzbna. Rozwa\u017caj\u0105c tajemnice \u015bwiat\u0142a b\u0119dziemy modli\u0107 si\u0119 o jedno\u015b\u0107 w naszym polskim narodzie i o Bo\u017ce b\u0142ogos\u0142awie\u0144stwo w rodzinach.<\/p>\n<p>2. We wtorek uroczysto\u015b\u0107 Wniebowzi\u0119cia Naj\u015bwi\u0119tszej Maryi Panny. Porz\u0105dek Mszy \u015bw. jak w niedziel\u0119: o 9.00, 11.00 i 18.00.<\/p>\n<p>3. W niedziel\u0119 20 sierpnia na Eucharystii o godz. 11.00 &#8211; Do\u017cynki Parafialne jako wyraz wdzi\u0119czno\u015bci Panu Bogu za tegoroczne zbiory. Serdecznie prosz\u0119 ka\u017cd\u0105 miejscowo\u015b\u0107 o przygotowanie wie\u0144c\u00f3w do\u017cynkowych. Po uroczystej Eucharystii prezentacja wie\u0144c\u00f3w i konkurs o so\u0142tysach i naszych miejscowo\u015bciach. Uczestnicy konkursu, jako nagrod\u0119, maj\u0105 ufundowan\u0105 wycieczk\u0119. Szczeg\u00f3\u0142y niech b\u0119d\u0105 niespodziank\u0105 i atrakcj\u0105 w naszych do\u017cynkach.<\/p>\n<p>4. Dzi\u0119kuj\u0119 za sprz\u0105tanie ko\u015bcio\u0142a rodzinom z W\u00f3lki i na sobot\u0119 zapraszam: p. Teres\u0119 i Zbigniewa Bzoch, p. Gra\u017cyn\u0119 i Mariana Wojty\u0144skich oraz p. Katarzyn\u0119 i Grzegorza Wojty\u0144skich z W\u00f3lki.<\/p>\n<p>5. Wczoraj w naszej \u015bwi\u0105tyni zawarli ma\u0142\u017ce\u0144stwo Joanna i Patrick Heiner z Munchen. \u017byczymy im Bo\u017cego b\u0142ogos\u0142awie\u0144stwa i szcz\u0119\u015bcia w budowaniu rodziny na chrze\u015bcija\u0144skich warto\u015bciach.<\/p>\n<p>6. Zach\u0119cam do lektury nowy Nr \u201eEcha Katolickiego\u201d. Polecamy bogat\u0105 fotogaleri\u0119 z trasy pieszej pielgrzymki na Jasn\u0105 G\u00f3r\u0119, przeczytamy o Rycerstwie Niepokalanej, Wniebowzi\u0119ciu NMP oraz \u015bwiadectwa m\u0142odych ma\u0142\u017conk\u00f3w.<\/p>\n<p>7. Pan B\u00f3g powo\u0142a\u0142 do wieczno\u015bci \u015bp. Szymona Parola z Wygl\u0119d\u00f3wka. B\u0119dzie sprawowanych 17 Mszy \u015bw. o zbawienie jego duszy. Wieczny odpoczynek racz mu da\u0107, Panie&#8230;<\/p>\n<h2 style=\"text-align: center;\"><span style=\"color: #ff0000;\">6 sierpnia \u2013 Przemienienie Pa\u0144skie<\/span><\/h2>\n<p style=\"text-align: justify;\">1. \u015awi\u0119to Przemienienia Pa\u0144skiego ods\u0142ania prawd\u0119, \u017ce Chrystus Pan jest prawdziwym Synem Bo\u017cym i Zbawicielem. W ka\u017cdej Eucharystii Pan przychodzi na o\u0142tarz pod postaci\u0105 Chleba i Wina, aby umacnia\u0107 nasza wiar\u0119 i nape\u0142nia\u0107 nas \u0141ask\u0105 Bo\u017c\u0105. Z racji pierwszej niedzieli po sumie adoracja Naj\u015bwi\u0119tszego Sakramentu i procesja eucharystyczna oraz zmianka tajemnic r\u00f3\u017ca\u0144cowych. Ofiarami do puszek dzi\u015b wspieramy ks. Jaros\u0142awa Dziedzica i misje w Boliwii. Intencja Apostolstwa Modlitwy na sierpie\u0144: Aby arty\u015bci naszych czas\u00f3w poprzez dzie\u0142a swojego geniuszu pomagali wszystkim odkrywa\u0107 pi\u0119kno \u015bwiata stworzonego.\u00a0 Dzi\u015b w Gr\u0119bkowie o 12.00 \u2013 uroczysta suma odpustowa.<\/p>\n<p style=\"text-align: justify;\">2. Z ca\u0142ego serca dzi\u0119kuje wszystkim, kt\u00f3rzy przyj\u0119li pielgrzym\u00f3w na nocleg do swojego domu. Serdecznie dzi\u0119kuj\u0119 tym, kt\u00f3rzy pomagali przygotowa\u0107 kolacj\u0119 i \u015bniadanie dla pielgrzym\u00f3w z Pieszej Bia\u0142ostockiej Pielgrzymki. Dzi\u0119kuje za w\u0119dlin\u0119 p. Popowskim z Wierzbna i za kie\u0142bas\u0119 \u2013 p. Wiechowskim z Sulk. Pielgrzymi s\u0105 bardzo wdzi\u0119czni za wspania\u0142e pierogi: R. Szyma\u0144skich i Jaworowskich z Wierzbna, p. Jolancie Ol\u0119dzkiej i R. Brzuszkiewicz z Jaworka, R. Aleksandrowicz i Matusik oraz R. Leszczy\u0144skich z Lasu Jaworskiego, p. Czes\u0142awie Milewskiej z Wygl\u0119d\u00f3wka, p. Barbarze Krzy\u017canowskiej z Wierzbna, p. Ewie Ko\u0142ak z kuzynkami, R. Jasi\u0144skich ze \u015awidna, p. Hannie Tomkiewicz, p. Zofii Krzy\u017canowskiej i Ma\u0142gorzacie W\u0105sowskiej z Cierpi\u0105t, R. Jaworskich z Adamowa, R. G\u0105siorowskich z Jan\u00f3wka, p. Teresie Leszczy\u0144skiej, Alinie Salach i El\u017cbiecie Kubuj z Helenowa, p. Agnieszce Mr\u00f3z z Cierpi\u0105t i p. Danucie Kapitanowicz z Wygl\u0119dowka, znajomym z Bia\u0142ej Podlaskiej oraz p. Miros\u0142awowi Jachimowiczowi za pieczarki (10 skrzynek). Dzi\u0119kuj\u0119 za pomidory i og\u00f3rki p. Aleksandrowiczom z Lasu Jaworskiego, p. Komorowskim i p. G\u0105siorowskim z Jan\u00f3wka. Dzi\u0119kuj\u0119 za ciasto: p. Joli Ol\u0119dzkiej, p. Krystynie Gog\u0142ozie i p. Ma\u0142gorzacie Malinowskiej.\u00a0 Z serca dzi\u0119kuj\u0119 za pieczywo piekarni w Broszkowie i w Bielanach oraz p. Gromulskiej z Dobrego. Wsp\u00f3lnymi si\u0142ami uda\u0142o si\u0119 pos\u0142u\u017cy\u0107 i nakarmi\u0107 utrudzonych pielgrzym\u00f3w. Chwa\u0142a Panu.<\/p>\n<p style=\"text-align: justify;\">3. Dzi\u0119kuj\u0119 za ofiary na tac\u0119 (2 642 z\u0142) z ubieg\u0142ej niedzieli na remont frontonu ko\u015bcio\u0142a.<\/p>\n<p style=\"text-align: justify;\">4. W czwartek \u015bwi\u0119to \u015bw. Wawrzy\u0144ca diakona i m\u0119czennika. Eucharystia o 18.00.<\/p>\n<p style=\"text-align: justify;\">5. W najbli\u017csz\u0105 niedziel\u0119 po Mszy \u015bw. o 9.00 zmianka tajemnic r\u00f3\u017ca\u0144cowych dla rodzic\u00f3w modl\u0105cych si\u0119 za dzieci, a po Mszy \u015bw. o 18.00 nabo\u017ce\u0144stwo Fatimskie ulicami Wierzbna. Zapraszam do wzi\u0119cia udzia\u0142u w scenkach przedstawiaj\u0105cych tajemnice \u015bwiat\u0142a. Druh\u00f3w stra\u017cak\u00f3w prosz\u0119 o czuwanie nad przemarszem i kierowanie ruchem.<\/p>\n<p style=\"text-align: justify;\">6. Serdecznie prosz\u0119 o przygotowanie wie\u0144c\u00f3w z ka\u017cdej miejscowo\u015bci na Do\u017cynki Parafialne w niedziel\u0119 20 sierpnia na Mszy \u015bw. o godz. 11.00.<\/p>\n<p style=\"text-align: justify;\">7. Dzi\u0119kuj\u0119 za sprz\u0105tanie ko\u015bcio\u0142a mieszka\u0144com \u015awidna i na sobot\u0119 zapraszam: p. Zofi\u0119 i Tadeusza Jab\u0142o\u0144skich, p. Wojciecha Kruszewskiego oraz p. Jolant\u0119 Bzoch z W\u00f3lki.<\/p>\n<p style=\"text-align: justify;\">8. Zach\u0119cam do lektury nowy Nr. \u201eEcha Katolickiego\u201d. Przeczytamy o \u015bw. Janie Vianneyu, o Bogu Ojcu i Jego obecno\u015bci w \u017cyciu ka\u017cdego z nas, a tak\u017ce o etapach wychodzenia z choroby alkoholowej.<\/p>\n","protected":false},"excerpt":{"rendered":"<p>Powr\u00f3t do listy og\u0142osze\u0144 27 sierpnia \u2013 21 Niedziela zwyk\u0142a 1. Z serca dzi\u0119kuj\u0119 za przygotowanie wie\u0144c\u00f3w do\u017cynkowych na nasze Parafialne Dzi\u0119kczynienie za Plony. Dzi\u0119kuj\u0119 p. Marii Patoka i p. Waldemarowi G\u0105siorowskiemu za podj\u0119cie zadania starosty do\u017cynek, a p. Rafa\u0142owi Okrzei za zorganizowanie konnej przeja\u017cd\u017cki. 2. Dzi\u015b ofiarami do puszek po ka\u017cdej Mszy \u015bw. wspieramy rodziny w p\u00f3\u0142nocno-zachodniej Polsce, kt\u00f3re ucierpia\u0142y z powodu huraganu. Jest grafik na wrzesie\u0144 dla czytaj\u0105cych s\u0142owo Bo\u017ce podczas Eucharystii. 3. W pi\u0105tek 1 wrze\u015bnia i modlimy si\u0119 za poleg\u0142ych w obronie Ojczyzny w 78 rocznic\u0119 wybuchu II wojny \u015bwiatowej. Nabo\u017ce\u0144stwo wynagradzaj\u0105ce Naj\u015bwi\u0119tszemu Sercu Pana Jezusa po Mszy \u015bw. o 7.30 i 18.00. Zapraszam na spowied\u017a p\u00f3\u0142 godziny przede Msz\u0105 \u015bw. Od godz. 9.00 odwiedzam ludzi chorych. 4. Pierwsza sobota miesi\u0105ca i nabo\u017ce\u0144stwo wynagradzaj\u0105ce Niepokalanemu Sercu Maryi po Mszy \u015bw. o godz. 18.00. Zach\u0119cam dzieci do spowiedzi przed rozpocz\u0119ciem nowego roku szkolnego. B\u0119d\u0119 w konfesjonale ju\u017c \u2026 <a class=\"continue-reading-link\" href=\"https:\/\/www.parafiawierzbno.com.pl\/?page_id=5452\">Czytaj dalej <span class=\"meta-nav\">&rarr; <\/span><\/a><\/p>\n","protected":false},"author":1,"featured_media":0,"parent":225,"menu_order":0,"comment_status":"closed","ping_status":"closed","template":"","meta":{"ngg_post_thumbnail":0},"_links":{"self":[{"href":"https:\/\/www.parafiawierzbno.com.pl\/index.php?rest_route=\/wp\/v2\/pages\/5452"}],"collection":[{"href":"https:\/\/www.parafiawierzbno.com.pl\/index.php?rest_route=\/wp\/v2\/pages"}],"about":[{"href":"https:\/\/www.parafiawierzbno.com.pl\/index.php?rest_route=\/wp\/v2\/types\/page"}],"author":[{"embeddable":true,"href":"https:\/\/www.parafiawierzbno.com.pl\/index.php?rest_route=\/wp\/v2\/users\/1"}],"replies":[{"embeddable":true,"href":"https:\/\/www.parafiawierzbno.com.pl\/index.php?rest_route=%2Fwp%2Fv2%2Fcomments&post=5452"}],"version-history":[{"count":7,"href":"https:\/\/www.parafiawierzbno.com.pl\/index.php?rest_route=\/wp\/v2\/pages\/5452\/revisions"}],"predecessor-version":[{"id":5676,"href":"https:\/\/www.parafiawierzbno.com.pl\/index.php?rest_route=\/wp\/v2\/pages\/5452\/revisions\/5676"}],"up":[{"embeddable":true,"href":"https:\/\/www.parafiawierzbno.com.pl\/index.php?rest_route=\/wp\/v2\/pages\/225"}],"wp:attachment":[{"href":"https:\/\/www.parafiawierzbno.com.pl\/index.php?rest_route=%2Fwp%2Fv2%2Fmedia&parent=5452"}],"curies":[{"name":"wp","href":"https:\/\/api.w.org\/{rel}","templated":true}]}}