{"id":5697,"date":"2017-09-07T07:26:52","date_gmt":"2017-09-07T05:26:52","guid":{"rendered":"https:\/\/www.parafiawierzbno.com.pl\/?page_id=5697"},"modified":"2017-09-27T21:52:19","modified_gmt":"2017-09-27T19:52:19","slug":"ogloszenia-wrzesien-2017","status":"publish","type":"page","link":"https:\/\/www.parafiawierzbno.com.pl\/?page_id=5697","title":{"rendered":"Og\u0142oszenia &#8211; Wrzesie\u0144 2017"},"content":{"rendered":"<p><a title=\"Og\u0142oszenia parafialne\" href=\"https:\/\/www.parafiawierzbno.com.pl\/?page_id=225\">Powr\u00f3t do listy og\u0142osze\u0144<\/a><\/p>\n<h2 style=\"text-align: center;\"><span style=\"color: #ff0000;\">24 wrze\u015bnia \u2013 25 Niedziela zwyk\u0142a<\/span><\/h2>\n<p>1. Dzi\u0119kuj\u0119 misjonarzowi ks. Jaros\u0142awowi Dziedzicowi za odwiedziny w Wierzbnie i wyg\u0142oszone s\u0142owo Bo\u017ce. Prze\u017cywamy w naszej Ojczy\u017anie Niedziel\u0119 Modlitw o Trze\u017awo\u015b\u0107 Narodu. Chcemy dzi\u0119kowa\u0107 Panu Bogu za Narodowy Kongres Trze\u017awo\u015bci, a tak\u017ce prosi\u0107 by zaowocowa\u0142 trze\u017awo\u015bci\u0105 wszystkich Polak\u00f3w. Serdeczne \u201eB\u00f3g zap\u0142a\u0107!\u201d za wzruszaj\u0105ce \u015bwiadectwo \u017cycia Magdy i Grzegorza Wojdat\u00f3w. Mo\u017cemy du\u017co zrobi\u0107, aby w rodzinach naszej parafii panowa\u0142a rado\u015b\u0107, trze\u017awo\u015b\u0107 i mi\u0142o\u015b\u0107. Dzi\u0119kuj\u0119 za ofiary na tac\u0119, kt\u00f3re dzi\u015b s\u0105 przeznaczone na remont frontonu ko\u015bcio\u0142a i dzwonnicy.<\/p>\n<p>2. Od czwartku do soboty szczeg\u00f3lne dni modlitwy, tzw. 40-godzinne Nabo\u017ce\u0144stwo. Pan Jezus w Naj\u015bwi\u0119tszym Sakramencie czeka na nas i czas, po\u015bwi\u0119cony\u00a0 na modlitw\u0119 b\u0119dzie czasem b\u0142ogos\u0142awionym. Zawierzmy Panu nasze rodziny, dzieci i m\u0142odzie\u017c, ludzi chorych i starszych, problemy z osobami uzale\u017cnionymi od alkoholu. M\u00f3dlmy si\u0119 te\u017c w intencji naszej Ojczyzny, by nar\u00f3d Polski by\u0142 wierny chrze\u015bcija\u0144skiemu dziedzictwu.<\/p>\n<p>3. W pi\u0105tek \u015bw. Archanio\u0142\u00f3w Micha\u0142a, Gabriela i Rafa\u0142a. Zapraszam na Eucharysti\u0119 o 7.15 i 18.00.<\/p>\n<p>4. Od najbli\u017cszej niedzieli Suma b\u0119dzie sprawowana o godz. 12.00, a Msza wieczorowa w niedziel\u0119 i \u015bwi\u0119ta o godz. 17.00. W pa\u017adzierniku zach\u0119cam do licznego udzia\u0142u w nabo\u017ce\u0144stwach r\u00f3\u017ca\u0144cowych: w dni powszednie po Mszy o 17.00 i w niedziel\u0119 przed sum\u0105 o 11.30. Dla dzieci i m\u0142odzie\u017cy b\u0119dzie konkurs aktywno\u015bci.<\/p>\n<p>5. W niedziel\u0119 1 pa\u017adziernika na godz. 9.00 z okazji Dnia Seniora zapraszam szanownych Babcie i Dziadk\u00f3w na uroczyst\u0105 Eucharysti\u0119, a potem na program s\u0142owno-muzyczny. Ciesz\u0119 si\u0119, \u017ce mamy woluntariuszy, gotowych pomaga\u0107 ludziom chorym, starszym i samotnym.<\/p>\n<p>6. Ofiary na tac\u0119 w najbli\u017csz\u0105 niedziel\u0119 b\u0119d\u0105 przeznaczone na Caritas naszej diecezji. Po Mszy \u015bw. ministranci b\u0119d\u0105 tak\u017ce rozprowadza\u0107 cegie\u0142ki na budow\u0119 Domu Pielgrzyma w Pratulinie. Zach\u0119cam do uczestnictwa w Pielgrzymce M\u0119\u017cczyzn do Pratulina. Szczeg\u00f3\u0142y w gablocie przy ko\u015bciele.<\/p>\n<p>7. Serdecznie dzi\u0119kuj\u0119 mieszka\u0144com \u015awidna za sprz\u0105tanie na cmentarzu. Zosta\u0142y wywiezione \u015bmieci na kompostownik i oczyszczona alejka przy parkanie. Ponawiam pro\u015bb\u0119, aby\u015bmy segregowali \u015bmieci: plastyki wrzucamy do \u017c\u00f3\u0142tych work\u00f3w, a szk\u0142o do bia\u0142ych.<\/p>\n<p>8. Dzi\u0119kuj\u0119 za sprz\u0105tanie ko\u015bcio\u0142a i na sobot\u0119 zapraszam: p. Jolant\u0119 i Andrzeja Barcz, Marzen\u0119 Chmielewsk\u0105 i Wies\u0142awa Kujawa oraz p. Romana Redek z Sobonia.<\/p>\n<p>9. Zach\u0119cam do lektury nowy Nr \u201eEcha Katolickiego\u201d. Przeczytamy o szczeg\u00f3\u0142ach akcji \u201eR\u00f3\u017caniec na granicach\u201d, o szansach wyj\u015bcia z na\u0142ogu pija\u0144stwa, o jubileuszu OSP w Gr\u0119bkowie. Znajdziemy tak\u017ce list starost\u00f3w do pani premier w sprawie zwalczania afryka\u0144skiego pomoru \u015bwi\u0144.<\/p>\n<h2 style=\"text-align: center;\"><span style=\"color: #ff0000;\">17 wrze\u015bnia \u2013 24 Niedziela zwyk\u0142a<\/span><\/h2>\n<p>1. Jeste\u015bmy wdzi\u0119czni ks. Kanonikowi Stanis\u0142awowi Abramczukowi za jego pos\u0142ug\u0119 w naszej wsp\u00f3lnocie, za jego u\u015bmiech i dobro\u0107. Niech \u015bw. Stanis\u0142aw Kostka, wyprasza naszemu Solenizantowi d\u0142ugie lata \u017cycia w zdrowiu i rado\u015bci, aby\u015bmy wsp\u00f3lnie kroczyli drog\u0105 ku \u015bwi\u0119to\u015bci.<\/p>\n<p>2. Dzi\u015b obchodzimy Dzie\u0144 \u015arodk\u00f3w Spo\u0142ecznego Przekazu. Po Mszy \u015bw. o 18.00 spotkanie dla woluntariuszy w celu przygotowania Dnia Seniora. Z serca dzi\u0119kuj\u0119 wszystkim za wsp\u00f3ln\u0105 modlitw\u0119 i za zaanga\u017cowanie w Nabo\u017ce\u0144stwo Fatimskie.<\/p>\n<p>3. Jutro \u015bwi\u0119to \u015bw. Stanis\u0142awa Kostki, patrona dzieci i m\u0142odzie\u017cy. Zapraszam na 16.00 dzieci i m\u0142odzie\u017c na ognisko i zabawy sportowe na boisko za plebani\u0105, a o 18.00 b\u0119dziemy wsp\u00f3lnie uczestniczy\u0107 w uroczystej Eucharystii w intencji dzieci i m\u0142odzie\u017cy.<\/p>\n<p>4. W pi\u0105tek uroczysto\u015b\u0107 Rocznicy Po\u015bwi\u0119cenia Ko\u015bcio\u0142a Katedralnego w Siedlcach. Zapraszam na Eucharysti\u0119 o godz. 18.00.<\/p>\n<p>5. W dniach 21-23 wrze\u015bnia odb\u0119dzie si\u0119 w Warszawie Narodowy Kongres Trze\u017awo\u015bci w celu promocji trze\u017awo\u015bci i abstynencji. Polska potrzebuje odnowy moralnej i mobilizacji do autentycznej troski o trze\u017awo\u015b\u0107 wszystkich rodak\u00f3w. W Polsce ponad 3 mln Polak\u00f3w pije alkohol ryzykownie i szkodliwie.<\/p>\n<p>6. W najbli\u017csz\u0105 niedziel\u0119 b\u0119dziemy go\u015bci\u0107 ma\u0142\u017conk\u00f3w Magd\u0119 i Grzegorza Wojdat\u00f3w, kt\u00f3rzy na Mszy \u015bw. o 9.00 i 12.00 dadz\u0105 \u015bwiadectwo, jak z Bo\u017c\u0105 pomoc\u0105 wyrwali si\u0119 z side\u0142 pija\u0144stwa i jak obecnie pomagaj\u0105 innym w drodze do trze\u017awo\u015bci. Ofiary na tac\u0119 w niedziel\u0119 24 wrze\u015bnia s\u0105 przeznaczone na remont frontonu ko\u015bcio\u0142a i dzwonnicy.<\/p>\n<p>7. Informuj\u0119, \u017ce w dniach 28-30 wrze\u015bnia b\u0119dziemy prze\u017cywali 40-godzinne Nabo\u017ce\u0144stwo. Serdecznie prosz\u0119 tak zaplanowa\u0107 swoje obowi\u0105zki, aby mie\u0107 czas dla Chrystusa w Naj\u015bwi\u0119tszym Sakramencie.<\/p>\n<p>8. W pi\u0105tek od godz. 10.00 zapraszam mieszka\u0144c\u00f3w \u015awidna do segregacji i wywiezienia \u015bmieci na kompostownik. Postaramy si\u0119 tak\u017ce oczy\u015bci\u0107 alejk\u0119 z trawy.<\/p>\n<p>9. Dzi\u0119kuj\u0119 za sprz\u0105tanie ko\u015bcio\u0142a p. Kazimierzowi i Markowi Madziarowi, a na sobot\u0119 zapraszam: p. Agnieszk\u0119 i Andrzeja Chabiera, p. Czes\u0142aw\u0119 i Stanis\u0142awa Smoli\u0144skich oraz p. Halin\u0119 i Eugeniusza Szatkowskich z Sobonia<\/p>\n<p>10. Zach\u0119cam do lektury nowy Nr \u201eEcha Katolickiego\u201d. Przeczytamy\u00a0 dzi\u0119kczynieniu za tegoroczne plony w Woli Gu\u0142owskiej, jak dieta \u015bw. Hildegardy skutecznie zmienia \u017cycie, o formacji w Szkole Liturgicznej oraz o odkryciach archeologicznych w naszym regionie.<\/p>\n<p>11. Pan B\u00f3g powo\u0142a\u0142 do wieczno\u015bci \u015bp. Henryk\u0119 Ko\u0142ak i \u015bp. Karola Kujaw\u0119. Z ofiar zebranych na pogrzebnie b\u0119dzie sprawowanych 13 Mszy \u015bw. o zbawienie \u015bp. Henryki Ko\u0142ak i 12 Mszy o \u0142ask\u0119 nieba dla \u015bp. Karola Kujawy. Wczoraj odszed\u0142 po nagrod\u0119 do Pana \u015bp. Andrzej Szyma\u0144ski z Wierzbna. Pogrzeb we wtorek o 14.30. Wieczny odpoczynek racz im da\u0107, Panie\u2026<\/p>\n<h2 style=\"text-align: center;\"><span style=\"color: #ff0000;\">10 wrze\u015bnia \u2013 23 Niedziela zwyk\u0142a<\/span><\/h2>\n<p>1. Dzi\u015b po Mszy \u015bw. o 9.00 zmianka tajemnic r\u00f3\u017ca\u0144cowych dla wsp\u00f3lnoty rodzic\u00f3w modl\u0105cych si\u0119 za dzieci. Po obiedzie wyje\u017cd\u017cam na rekolekcje dla kapelan\u00f3w stra\u017cy po\u017carnej do Biskupina. W parafii zast\u0105pi mnie ks. Kanonik Stanis\u0142aw Abramczuk.<\/p>\n<p>2. W poniedzia\u0142ek i wtorek Mszy \u015bw. wieczorowej nie b\u0119dzie.<\/p>\n<p>3. W czwartek \u015bwi\u0119to Podwy\u017cszenia Krzy\u017ca \u015bw. i Msza \u015bw. o godz. 18.00.<\/p>\n<p>4. W pi\u0105tek wspomnienie Naj\u015bwi\u0119tszej Maryi Panny Bolesnej. Zapraszam na Eucharysti\u0119 o 18.00, a po niej nabo\u017ce\u0144stwo Fatimskie ulicami Wierzbna. Prosz\u0119 o zabranie lampion\u00f3w, a druh\u00f3w stra\u017cak\u00f3w o kierowanie ruchem i czuwanie nad bezpiecze\u0144stwem naszego przemarszu.<\/p>\n<p>5. W najbli\u017csz\u0105 niedziel\u0119 po Mszy \u015bw. o 18.00 spotkanie dla zespo\u0142u charytatywnego. Celem przygotowanie spotkania dla ludzi starszych z okazji Dnia Seniora.<\/p>\n<p>6. Zach\u0119cam do lektury nowy Nr \u201eEcha Katolickiego\u201d. Przeczytamy o sile modlitwy r\u00f3\u017ca\u0144cowej w akcji \u201eR\u00f3\u017caniec do Granic\u201d, o wychowaniu m\u0142odzie\u017cy i czym naprawd\u0119 jest m\u0119stwo. S\u0105 tak\u017ce rady jak walczy\u0107 z alergi\u0105 pokarmow\u0105 u dzieci.<\/p>\n<p>7. Serdecznie dzi\u0119kuj\u0119 rodzinom z W\u00f3lki za trosk\u0119 o czysto\u015b\u0107 ko\u015bcio\u0142a i na sobot\u0119 zapraszam do sprz\u0105tania nast\u0119puj\u0105ce rodziny z Sobonia: p. El\u017cbieta i Pawe\u0142 Smolarscy, p. Agnieszka i Krzysztof Abramowscy oraz p. Kazimierz Madziar.<\/p>\n<p>8. Pan powo\u0142a\u0142 do wieczno\u015bci sp. Krystyn\u0119 Dudek z Wierzbna. Pogrzeb we wtorek o godz. 14.30 \u2013 r\u00f3\u017caniec, a potem Eucharystia. Wieczny odpoczynek racz jej da\u0107, Panie\u2026<\/p>\n<h2 style=\"text-align: center;\"><span style=\"color: #ff0000;\">3 wrze\u015bnia \u2013 22 Niedziela zwyk\u0142a<\/span><\/h2>\n<p>1. Dzi\u015b niedziela miesi\u0119cznej adoracji Naj\u015bwi\u0119tszego Sakramentu. Po sumie procesja eucharystyczna wok\u00f3\u0142 \u015bwi\u0105tyni i zmianka tajemnic r\u00f3\u017ca\u0144cowych. Tradycyjnie ofiarami do puszek wspieramy misje w Boliwii i misjonarza ks. Jaros\u0142awa Dziedzica. Intencja Apostolstwa Modlitwy na wrzesie\u0144: Aby nasze parafie, o\u017cywiane duchem misyjnym, by\u0142y miejscami, gdzie przekazuje si\u0119 wiar\u0119 i daje \u015bwiadectwo mi\u0142o\u015bci. Serdecznie dzi\u0119kuj\u0119 za ofiary na remont frontonu ko\u015bcio\u0142a (1526 z\u0142) i dla ludzi dotkni\u0119tych nawa\u0142nic\u0105 w p\u00f3\u0142nocno-zachodniej Polsce (1762 z\u0142). Dobrze, \u017ce potrafimy by\u0107 solidarni i ch\u0119tni pom\u00f3c innym w biedzie.<\/p>\n<p>2. Dzi\u0119kuj\u0119 rodzicom, kt\u00f3rzy zach\u0119cili w sobot\u0119 dzieci i m\u0142odzie\u017c do spowiedzi, aby w \u0142asce u\u015bwi\u0119caj\u0105cej i przyja\u017ani z Chrystusem rozpoczynali nowy rok szkolny.<\/p>\n<p>3. Jutro rozpocz\u0119cie nowego roku szkolnego. Zapraszam na uroczyst\u0105 Eucharysti\u0119 o godz. 8.00 rodzic\u00f3w z dzie\u0107mi, m\u0142odzie\u017c, nauczycieli i wychowawc\u00f3w, aby modli\u0107 si\u0119 o Bo\u017ce b\u0142ogos\u0142awie\u0144stwo\u00a0 i ch\u0119ci do nauki. Dyrekcja szko\u0142y prosi, aby uczniowie wzi\u0119li obuwie na zmian\u0119.<\/p>\n<p>4. W czwartek o 7.30 Msza \u015bw. za zmar\u0142ych polecanych w wypominkach, od 17.00 adoracja Naj\u015bwi\u0119tszego Sakramentu i modlitwa za powo\u0142anych do s\u0142u\u017cby Bo\u017cej w kap\u0142a\u0144stwie i \u017cycia konsekrowanego. Potem o 18.00 Eucharystia.<\/p>\n<p>5. W pi\u0105tek \u015bwi\u0119to Narodzenia Naj\u015bwi\u0119tszej Maryi Panny i w naszej parafii dokonamy Aktu Po\u015bwi\u0119cenia Ko\u015bcio\u0142a w Polsce Niepokalanemu Sercu Maryi. Zapraszam na Eucharysti\u0119 o 9.00 i 18.00.<\/p>\n<p>6. Od niedzieli 10 wrze\u015bnia rozpoczyna si\u0119 Tydzie\u0144 Wychowania pod has\u0142em \u201eMaryja wychowawczyni\u0105 pokole\u0144\u201d. Po Mszy \u015bw. o 9.00 zmianka tajemnic r\u00f3\u017ca\u0144cowych dla wsp\u00f3lnoty rodzic\u00f3w modl\u0105cych si\u0119 za dzieci. Informuj\u0119, \u017ce od 10 do 14 wrze\u015bnia b\u0119d\u0119 na rekolekcjach kapelan\u00f3w stra\u017cy po\u017carnej w Biskupinie. W parafii zast\u0105pi mnie ks. Kan. Stanis\u0142aw Abramczuk.<\/p>\n<p>7. Nabo\u017ce\u0144stwo Fatimskie b\u0119dzie wyj\u0105tkowo w pi\u0105tek 15 wrze\u015bnia we wspomnienie Matki Bo\u017cej Bolesnej. B\u0119dziemy rozwa\u017ca\u0107 tajemnice bolesne r\u00f3\u017ca\u0144ca. Zach\u0119cam dzieci i m\u0142odzie\u017c do zaanga\u017cowania si\u0119 w przygotowanie scenek, przybli\u017caj\u0105cych tre\u015b\u0107 rozwa\u017canej tajemnicy.<\/p>\n<p>8. Serdecznie dzi\u0119kuj\u0119 za sprz\u0105tanie ko\u015bcio\u0142a i na sobot\u0119 zapraszam: p. Bernard\u0119 i Waleriana Kowalczyk, p. Mariann\u0119 i Alfreda Chabiera, p. Joann\u0119 i Roberta Cieniewskich oraz Danut\u0119 i Kazimierza \u017belazowskich z W\u00f3lki. W nast\u0119pnej kolejno\u015bci trosk\u0119 o czysto\u015b\u0107 ko\u015bcio\u0142a przejm\u0105 mieszka\u0144cy Sobonia.<\/p>\n<p>9. Zach\u0119cam do lektury nowy Nr \u201eEcha Katolickiego\u201d, kt\u00f3ry jest w du\u017cej mierze po\u015bwi\u0119cony kultowi maryjnemu oraz o wychowaniu na przyk\u0142adzie Maryi<\/p>\n","protected":false},"excerpt":{"rendered":"<p>Powr\u00f3t do listy og\u0142osze\u0144 24 wrze\u015bnia \u2013 25 Niedziela zwyk\u0142a 1. Dzi\u0119kuj\u0119 misjonarzowi ks. Jaros\u0142awowi Dziedzicowi za odwiedziny w Wierzbnie i wyg\u0142oszone s\u0142owo Bo\u017ce. Prze\u017cywamy w naszej Ojczy\u017anie Niedziel\u0119 Modlitw o Trze\u017awo\u015b\u0107 Narodu. Chcemy dzi\u0119kowa\u0107 Panu Bogu za Narodowy Kongres Trze\u017awo\u015bci, a tak\u017ce prosi\u0107 by zaowocowa\u0142 trze\u017awo\u015bci\u0105 wszystkich Polak\u00f3w. Serdeczne \u201eB\u00f3g zap\u0142a\u0107!\u201d za wzruszaj\u0105ce \u015bwiadectwo \u017cycia Magdy i Grzegorza Wojdat\u00f3w. Mo\u017cemy du\u017co zrobi\u0107, aby w rodzinach naszej parafii panowa\u0142a rado\u015b\u0107, trze\u017awo\u015b\u0107 i mi\u0142o\u015b\u0107. Dzi\u0119kuj\u0119 za ofiary na tac\u0119, kt\u00f3re dzi\u015b s\u0105 przeznaczone na remont frontonu ko\u015bcio\u0142a i dzwonnicy. 2. Od czwartku do soboty szczeg\u00f3lne dni modlitwy, tzw. 40-godzinne Nabo\u017ce\u0144stwo. Pan Jezus w Naj\u015bwi\u0119tszym Sakramencie czeka na nas i czas, po\u015bwi\u0119cony\u00a0 na modlitw\u0119 b\u0119dzie czasem b\u0142ogos\u0142awionym. Zawierzmy Panu nasze rodziny, dzieci i m\u0142odzie\u017c, ludzi chorych i starszych, problemy z osobami uzale\u017cnionymi od alkoholu. M\u00f3dlmy si\u0119 te\u017c w intencji naszej Ojczyzny, by nar\u00f3d Polski by\u0142 wierny chrze\u015bcija\u0144skiemu dziedzictwu. 3. W pi\u0105tek \u015bw. \u2026 <a class=\"continue-reading-link\" href=\"https:\/\/www.parafiawierzbno.com.pl\/?page_id=5697\">Czytaj dalej <span class=\"meta-nav\">&rarr; <\/span><\/a><\/p>\n","protected":false},"author":1,"featured_media":0,"parent":225,"menu_order":0,"comment_status":"closed","ping_status":"closed","template":"","meta":{"ngg_post_thumbnail":0},"_links":{"self":[{"href":"https:\/\/www.parafiawierzbno.com.pl\/index.php?rest_route=\/wp\/v2\/pages\/5697"}],"collection":[{"href":"https:\/\/www.parafiawierzbno.com.pl\/index.php?rest_route=\/wp\/v2\/pages"}],"about":[{"href":"https:\/\/www.parafiawierzbno.com.pl\/index.php?rest_route=\/wp\/v2\/types\/page"}],"author":[{"embeddable":true,"href":"https:\/\/www.parafiawierzbno.com.pl\/index.php?rest_route=\/wp\/v2\/users\/1"}],"replies":[{"embeddable":true,"href":"https:\/\/www.parafiawierzbno.com.pl\/index.php?rest_route=%2Fwp%2Fv2%2Fcomments&post=5697"}],"version-history":[{"count":6,"href":"https:\/\/www.parafiawierzbno.com.pl\/index.php?rest_route=\/wp\/v2\/pages\/5697\/revisions"}],"predecessor-version":[{"id":5701,"href":"https:\/\/www.parafiawierzbno.com.pl\/index.php?rest_route=\/wp\/v2\/pages\/5697\/revisions\/5701"}],"up":[{"embeddable":true,"href":"https:\/\/www.parafiawierzbno.com.pl\/index.php?rest_route=\/wp\/v2\/pages\/225"}],"wp:attachment":[{"href":"https:\/\/www.parafiawierzbno.com.pl\/index.php?rest_route=%2Fwp%2Fv2%2Fmedia&parent=5697"}],"curies":[{"name":"wp","href":"https:\/\/api.w.org\/{rel}","templated":true}]}}