{"id":5753,"date":"2017-11-08T09:11:31","date_gmt":"2017-11-08T08:11:31","guid":{"rendered":"https:\/\/www.parafiawierzbno.com.pl\/?page_id=5753"},"modified":"2017-12-04T00:01:48","modified_gmt":"2017-12-03T23:01:48","slug":"ogloszenia-listopad-2017","status":"publish","type":"page","link":"https:\/\/www.parafiawierzbno.com.pl\/?page_id=5753","title":{"rendered":"Og\u0142oszenia &#8211; Listopad 2017"},"content":{"rendered":"<p><a title=\"Og\u0142oszenia parafialne\" href=\"https:\/\/www.parafiawierzbno.com.pl\/?page_id=225\">Powr\u00f3t do listy og\u0142osze\u0144<\/a><\/p>\n<h2 style=\"text-align: center;\"><span style=\"color: #ff0000;\">26 listopada \u2013 Uroczysto\u015b\u0107 Chrystusa Kr\u00f3la Wszech\u015bwiata<\/span><\/h2>\n<p>1. Dzi\u015b uroczysto\u015b\u0107 Chrystusa Kr\u00f3la Wszech\u015bwiata i zawierzamy Panu swoje \u017cycie, aby by\u0142 kr\u00f3lem naszych serc. Po Mszy \u015bw. o 9.00 spotkanie wolontariuszy, a po sumie adoracja Naj\u015bwi\u0119tszego Sakramentu, litania do Naj\u015bwi\u0119tszego Serca Pana Jezusa i akt zawierzenia Panu Jezusowi. O 13.30 w \u015awidnie przy krzy\u017cu chcemy uczci\u0107 150 r. urodzin ks. Tomasza Sobiepanka, kt\u00f3ry jako m\u0119czennik odda\u0142 swoje \u017cycie w obozie koncentracyjnym w Dachau. Odm\u00f3wimy Koronk\u0119 do Mi\u0142osierdzia Bo\u017cego i polecimy w modlitwie zmar\u0142ych z kartek wypominkowych ze \u015awidna, W\u00f3lki i Adamowa. Zach\u0119cam do udzia\u0142u we wsp\u00f3lnej modlitwie. Jest nowy grafik dla czytaj\u0105cych S\u0142owo Bo\u017ce podczas Mszy \u015bw.<\/p>\n<p>2. W czwartek \u015bw. Andrzeja Aposto\u0142a. Msza \u015bw. o 17.00 i 17.30.<\/p>\n<p>3. Pierwszy pi\u0105tek miesi\u0105ca. Msza \u015bw. wynagradzaj\u0105ca Naj\u015bwi\u0119tszemu Sercu Pana Jezusa o godz. 7.30, po niej nabo\u017ce\u0144stwo wynagradzaj\u0105ce. Od 9.00 odwiedzam chorych, pragn\u0105cych si\u0119 wyspowiada\u0107 i przyj\u0105\u0107 Chrystusa w Komunii \u015bw. Potem jeszcze Msza \u015bw. o 17.00<\/p>\n<p>4. Najbli\u017csza niedziela rozpoczyna Adwent, szczeg\u00f3lny czas oczekiwania na spotkanie z Panem. Dla naszej wsp\u00f3lnoty rozpoczn\u0105 si\u0119 Rekolekcje Adwentowe, kt\u00f3rym b\u0119dzie przewodniczy\u0142 ks. Andrzej Danieluk. Potrafi on \u015bwietnie g\u0142osi\u0107 homilie. W niedziel\u0119 ofiary na tac\u0119 b\u0119d\u0105 przeznaczone do dyspozycji ks. rekolekcjonisty. 4 i 5 grudnia (w poniedzia\u0142ek i wtorek) dni spowiedzi, zapraszam na Msz\u0119 o godz. 10.00, 12.00 i 17.00. Uczniowie naszej szko\u0142y b\u0119d\u0105 uczestniczy\u0107 we Mszy \u015bw. o 12.00, je\u015bli rodzice podpisz\u0105 o\u015bwiadczenie, \u017ce chc\u0105 aby ich dzieci skorzysta\u0142y z rekolekcji.<\/p>\n<p>5. W I Niedziel\u0119 Adwentu zach\u0119cam do czynu mi\u0142o\u015bci wobec bli\u017aniego poprzez akcj\u0119 Pomoc Rodzina \u2013 Rodzinie. Woluntariusze b\u0119d\u0105 proponowa\u0107 po Mszy \u015bw. wylosowanie potrzebuj\u0105cej rodziny lub os\u00f3b samotnych (bez podawania nazwiska). Przygotujemy dla nich paczk\u0119 (np. s\u0142odycze, \u015brodki higieniczne, upominek zrobiony w\u0142asnor\u0119cznie, op\u0142atek i kartk\u0119 z \u017cyczeniami na Bo\u017ce Narodzenie). Przed \u015bwi\u0119tami wolontariusze dostarcz\u0105 te paczki pod w\u0142a\u015bciwy adres. Zawarto\u015b\u0107 jednej paczki w granicach 100 z\u0142.<\/p>\n<p>6. W Adwencie zach\u0119cam do licznego uczestnictwa w Roratach o godz. 7.00, a kwadrans wcze\u015bniej b\u0119dziemy \u015bpiewa\u0107 godzinki o Niepokalanym pocz\u0119ciu NMP. Dla dzieci i m\u0142odzie\u017cy b\u0119dzie konkurs aktywno\u015bci.<\/p>\n<p>7. Serdecznie dzi\u0119kuj\u0119 tym, kto wczoraj sprz\u0105ta\u0142 \u015bwi\u0105tyni\u0119 i na sobot\u0119 zapraszam: p. Urszul\u0119 i Szczepana Tomkiewicz, p. Ew\u0119 i Adama Trzeci\u0144skich oraz p. Helen\u0119 Bia\u0142ousz z Wierzbna.<\/p>\n<p>8. Planujemy po raz kolejny zorganizowa\u0107 Orszak Trzech Kr\u00f3li na 6 stycznia. Obecnie przy\u015bwieca has\u0142o: B\u00f3g jest dla wszystkich!<\/p>\n<p>9. Zach\u0119cam do lektury nowy Nr \u201eEcha Katolickiego\u201d. Przeczytamy o obronie \u017cycia nienarodzonym i projekcie ustawy \u201eZatrzymaj Aborcj\u0119\u201d, jak przezwyci\u0119\u017cy\u0107 w sobie l\u0119k, oraz o pogrzebie \u017co\u0142nierza AK Antoniego Do\u0142\u0119gi w Trzebieszowie.<\/p>\n<p>10. Pan B\u00f3g powo\u0142a\u0142 do wieczno\u015bci \u015bp. Waldemara Witowskiego. Pogrzeb w poniedzia\u0142ek, o 12.30 wyprowadzenie z domu i o 13.00 Msza \u015bw. o zbawienie jego duszy. Wieczny odpoczynek racz mu da\u0107, Panie\u2026<\/p>\n<h2 style=\"text-align: center;\"><span style=\"color: #ff0000;\">19 listopada \u2013 33 Niedziela zwyk\u0142a<\/span><\/h2>\n<p>1. Ojciec \u015bw. Franciszek ustanowi\u0142 \u015awiatowy Dzie\u0144 Ubogich, kt\u00f3ry jest obchodzony po raz pierwszy 19 listopada. Ks. Biskup Kazimierz Gurda kieruje do nas zaproszenie do w\u0142\u0105czenia si\u0119 w konkretn\u0105 pomoc potrzebuj\u0105cym. Po Mszy \u015bw. o 9.00 dla rodzic\u00f3w i dzieci klasy III katecheza w ramach przygotowa\u0144 do I spowiedzi i Komunii \u015bw. Wieczorem po Mszy \u015bw. o 17.00 spotkanie wolontariuszy, aby zaplanowa\u0107 wigili\u0119 dla senior\u00f3w.<\/p>\n<p>2. W najbli\u017cszy pi\u0105tek przypada 150 r. urodzin Ks. Tomasza Sobiepanka. Zapraszam na Msz\u0119 \u015bw. w intencji parafian. Jestem\u00a0 przekonany, \u017ce ks. Tomasz jest or\u0119downikiem przed Bogiem dla ca\u0142ej wsp\u00f3lnoty parafialnej. W niedziel\u0119 26 listopada o 13.30 w \u015awidnie przy krzy\u017cu (nieopodal miejsca gdzie mieszka\u0142a rodzina Sobiepank\u00f3w) modlitwa wspominkowa i koronka do Mi\u0142osierdzia Bo\u017cego. Zapraszam wszystkich parafian, a szczeg\u00f3lnie mieszka\u0144c\u00f3w \u015awidna i W\u00f3lki.<\/p>\n<p>3. W niedziel\u0119 za tydzie\u0144 Uroczysto\u015b\u0107 Jezusa Chrystusa Kr\u00f3la Wszech\u015bwiata. Po sumie wystawienie Naj\u015bwi\u0119tszego Sakramentu, Litania do Naj\u015bwi\u0119tszego Serca Pana Jezusa i akt po\u015bwi\u0119cenia. Ofiary na tac\u0119 b\u0119d\u0105 przeznaczone na remont frontonu ko\u015bcio\u0142a i dzwonnicy.<\/p>\n<p>4. W sobot\u0119 25 listopada od godz. 9.00 zapraszam mieszka\u0144c\u00f3w W\u00f3lki do wywiezienia naturalnych \u015bmieci z cmentarza na kompostownik. Serdecznie prosz\u0119, aby przy sk\u0142adaniu na cmentarzu zesch\u0142ych kwiat\u00f3w, wyjmowa\u0107 je z doniczek. Pan Piotr Pi\u00f3rek jutro zakr\u0119ca wod\u0119 na zim\u0119.<\/p>\n<p>5. Dzi\u0119kuj\u0119 za sprz\u0105tanie ko\u015bcio\u0142a rodzinom z Wierzbna i na sobot\u0119 zapraszam: p. Mari\u0119 i Ryszarda Kujawa, p. Jadwig\u0119 Kra\u015bn\u0105, p. Agnieszk\u0119 i Andrzeja Michalczyk oraz Natali\u0119 i Piotra Kisiel.<\/p>\n<p>6. Informuj\u0119, \u017ce Rekolekcje Adwentowe w naszej parafii rozpoczn\u0105 si\u0119 w I Niedziel\u0119 Adwentu 3 grudnia. Poprowadzi je ks. Andrzej Danieluk z Garwolina. W poniedzia\u0142ek i wtorek (4 i 5 grudnia) kap\u0142ani b\u0119d\u0105 pos\u0142ugiwa\u0107 w konfesjona\u0142ach. Gor\u0105ca pro\u015bba, by\u015bmy tak zaplanowali czas, aby wszyscy mogli przez trzy dni uczestniczy\u0107 w naukach rekolekcyjnych.<\/p>\n<p>7. Zach\u0119cam do lektury nowy Nr \u201eEcha Katolickiego\u201d. Przeczytamy o \u015bwi\u0119towaniu 99 r. Niepodleg\u0142o\u015bci w naszej diecezji, jak zawalczy\u0107 o niebo i o b\u0142. Biskupie Grzegorzu Chomyszynie zamordowanym w 1945 r. przez NKWD.<\/p>\n<p>8. Wczoraj w naszej \u015bwi\u0105tyni zawarli Sakrament Ma\u0142\u017ce\u0144stwa Adam i Lidia Jachimowicz. Niech Chrystus Pan b\u0142ogos\u0142awi im na dalsze lata \u017cycia.<\/p>\n<h2 style=\"text-align: center;\"><span style=\"color: #ff0000;\">12 listopada \u2013 32 Niedziela zwyk\u0142a<\/span><\/h2>\n<p>1. W Polsce obchodzimy Dzie\u0144 solidarno\u015bci z Ko\u015bcio\u0142em prze\u015bladowanym. Zbi\u00f3rka do puszek na potrzeby prze\u015bladowanych wsp\u00f3lnot Ko\u015bcio\u0142a. Po Mszy \u015bw. o 9.00 zmianka tajemnic r\u00f3\u017ca\u0144cowych dla wsp\u00f3lnoty rodzic\u00f3w modl\u0105cych si\u0119 za dzieci.<\/p>\n<p>2. Dzi\u0119kuj\u0119 za wsp\u00f3ln\u0105 modlitw\u0119 w dniu wczorajszym w intencji Ojczyzny z okazji \u015awi\u0119ta Niepodleg\u0142o\u015bci. Uczniowie z gimnazjum przedstawili program artystyczny, kt\u00f3ry okaza\u0142 si\u0119 dobr\u0105 lekcj\u0105 patriotyzmu. Gratuluj\u0119 najbardziej wytrwa\u0142ym, kt\u00f3rzy wzi\u0119li udzia\u0142 w rajdzie rowerowym. Dzi\u0119kuj\u0119 wszystkim, kt\u00f3rzy udekorowali swoje domy bia\u0142o-czerwon\u0105 flag\u0105.<\/p>\n<p>3. Zapraszam na modlitw\u0119 za zmar\u0142ych polecanych Bo\u017cemu Mi\u0142osierdziu w wypominkach. W ci\u0105gu tygodnia 15 min przed Msz\u0105 \u015bw. o 17.00 modlimy si\u0119 za zmar\u0142ych: w poniedzia\u0142ek \u2013 kartki z Wierzbna cz.1, we wtorek \u2013 z Wierzbna cz. 2 i z Lasu Jaworskiego, w \u015brod\u0119 \u2013 z Jan\u00f3wka i Wygl\u0119d\u00f3wka, w czwartek \u2013 z Sobonia, Helenowa i z Cierpi\u0105t, w pi\u0105tek \u2013 ze \u015awidna, W\u00f3lki i Adamowa, w sobot\u0119 \u2013 z Jaworka i kartki bez adresu.<\/p>\n<p>4. W najbli\u017csz\u0105 niedziel\u0119 po Mszy \u015bw. o 9.00 spotkanie dla rodzic\u00f3w i dzieci klasy III, przygotowuj\u0105cych si\u0119 do I spowiedzi i Komunii \u015bw. Po Mszy \u015bw. wieczorowej spotkanie wolontariuszy. Serdecznie zapraszam.<\/p>\n<p>5. W niedziel\u0119 26 listopada po sumie o 13.30 przy krzy\u017cu w \u015awidnie uczcimy 150 r. Urodzin ks. Tomasza Sobiepanka, kt\u00f3ry odda\u0142 swoje \u017cycie jako m\u0119czennik w Dachau.\u00a0 Zach\u0119cam do licznego udzia\u0142u. Po modlitwie b\u0119dzie mo\u017cna rozgrza\u0107 si\u0119 przy ognisku gor\u0105c\u0105 herbat\u0105.<\/p>\n<p>6. Dzi\u0119kuj\u0119 rodzinom z Sobonia za trosk\u0119 o czysto\u015b\u0107 ko\u015bcio\u0142a i placu przy \u015bwi\u0105tyni. Teraz dy\u017cur podejmuj\u0105 mieszka\u0144cy Wierzbna. Na sobot\u0119 zapraszam: p. Teres\u0119 Szyma\u0144sk\u0105, p. Ann\u0119 i Krzysztofa Szyma\u0144skich oraz p. Katarzyn\u0119 i Marcina Gryglas.<\/p>\n<p>7. Zach\u0119cam do lektury nowy Nr \u201eEcha Katolickiego\u201d. Przeczytamy zbli\u017caj\u0105cym si\u0119 jubileuszu 200-lecia naszej diecezji, od czego zale\u017cy skuteczno\u015b\u0107 naszych modlitw za zmar\u0142ych oraz o niezwyk\u0142ej historii hospicjum w Wilnie. Dowiemy si\u0119 tak\u017ce jak Polonia \u015bwi\u0119tuje dzie\u0144 11 listopada.<\/p>\n<p>8. Pan B\u00f3g powo\u0142a\u0142 do wieczno\u015bci \u015bp. Henryka Szyma\u0144skiego z Wierzbna. Z ofiar zebranych na pogrzebie b\u0119dzie sprawowanych 11 Mszy \u015bw. o zbawienie jego duszy. Wieczny odpoczynek racz mu da\u0107, Panie\u2026<\/p>\n<h2 style=\"text-align: center;\"><span style=\"color: #ff0000;\">5 listopada \u2013 31 Niedziela zwyk\u0142a<\/span><\/h2>\n<p>1. Dzi\u015b po sumie procesja na cmentarz i r\u00f3\u017caniec za zmar\u0142ych, aby wyprasza\u0107 Bo\u017ce Mi\u0142osierdzie dla dusz w czy\u015b\u0107cu cierpi\u0105cych. Intencja Apostolstwa Modlitwy na listopad: Aby chrze\u015bcijanie w Azji, daj\u0105c \u015bwiadectwo Ewangelii swoimi s\u0142owami i czynami, przyczyniali si\u0119 do dialogu, pokoju i wzajemnego zrozumienia, zw\u0142aszcza z wyznawcami innych religii. Po sumie tak\u017ce zmianka r\u00f3\u017ca\u0144cowa dla KRK w Wierzbnie.<\/p>\n<p>2. Zach\u0119cam wszystkich do modlitwy za zmar\u0142ych. Przez ca\u0142y listopad modlimy si\u0119 15 min przede Msz\u0105 \u015bw. w niedziel\u0119 i w dni powszednie przed Msz\u0105 wieczorow\u0105. Dodatkowo do \u015brody w\u0142\u0105cznie r\u00f3\u017caniec za zmar\u0142ych na cmentarzu z czytaniem wypominek.<\/p>\n<p>3. Dzi\u0119kuj\u0119 za ofiary na tac\u0119 29 pa\u017adziernika na remont dzwonnicy i frontonu ko\u015bcio\u0142a w wysoko\u015bci 1820 z\u0142 i za ofiary na cmentarzu na utylizacj\u0119 plastykowych wie\u0144c\u00f3w i wyw\u00f3z \u015bmieci w wysoko\u015bci 2281 z\u0142. Serdeczne \u201eB\u00f3g zap\u0142a\u0107!\u201d<\/p>\n<p>4. W sobot\u0119 99 rocznica odzyskania niepodleg\u0142o\u015bci, \u015bwi\u0119to narodowe. Zapraszam na Eucharysti\u0119 w intencji Ojczyzny o godz. 9.00. Potem m\u0142odzie\u017c z gimnazjum zaprezentuje program artystyczny i przejdziemy pod pomnik marsza\u0142ka J\u00f3zefa Pi\u0142sudskiego, aby od\u015bpiewa\u0107 hymn Polski. Je\u015bli b\u0119dzie dobra pogoda, czyli bez deszczu, to zach\u0119cam do kr\u00f3tkiego rajdu na rowerach na terenie naszej gminy. Zako\u0144czymy na placu przy szkole, \u015bpiewaj\u0105c przy ognisku patriotyczne pie\u015bni. Z serca dzi\u0119kuj\u0119 p. Andrzejowi Chabierze za odnowienie pomnika marsza\u0142ka J. Pi\u0142sudskiego.<\/p>\n<p>5. W sobot\u0119 o 18.00 wyjazd z parkingu przy ko\u015bciele na spektakl o ks. Stanis\u0142awie Brz\u00f3zce \u201eOstatni buntownik 1865\u201d w Wy\u017cszym Seminarium Duchownym w Opolu. Jest jeszcze kilka wolnych miejsc w busie.<\/p>\n<p>6. W najbli\u017csz\u0105 niedziel\u0119 Dzie\u0144 solidarno\u015bci z Ko\u015bcio\u0142em prze\u015bladowanym. Zbi\u00f3rka do puszek na potrzeby prze\u015bladowanych wsp\u00f3lnot Ko\u015bcio\u0142a. Po Mszy \u015bw. o 9.00 zmianka tajemnic r\u00f3\u017ca\u0144cowych dla wsp\u00f3lnoty rodzic\u00f3w modl\u0105cych si\u0119 za dzieci.<\/p>\n<p>7. Serdecznie dzi\u0119kuj\u0119 rodzinom z Sobonia za sprz\u0105tanie ko\u015bcio\u0142a i na sobot\u0119 zapraszam: p. Regin\u0119 i S\u0142awomira Tafil, p. Mieczys\u0142awa i Tadeusza Dmowskich, p. El\u017cbiet\u0119 i S\u0142awomira Szcz\u0119snych oraz p. Czes\u0142awa Chmielewskiego.<\/p>\n<p>8. Do Sakramentu Ma\u0142\u017ce\u0144stwa przygotowuj\u0105 si\u0119: Adam Jachimowicz i Lidia Jachimowicz z d. Rolecka, cywilnie zwi\u0105zani, zam. w Wierzbnie. Zapowiedz trzecia. Otoczmy ich naszymi modlitwami.<\/p>\n<p>9. Wczoraj w naszej \u015bwi\u0105tyni zawarli Sakrament Ma\u0142\u017ce\u0144stwa: Karolina Siwiak i Micha\u0142 Marchelewicz. Niech Pan Jezus hojnie b\u0142ogos\u0142awi Nowo\u017ce\u0144com na drodze \u017cycia ma\u0142\u017ce\u0144skiego i rodzinnego.<\/p>\n<p>10. Naczelnik Urz\u0119du Skarbowego w W\u0119growie, serdecznie zaprasza wszystkich przedsi\u0119biorc\u00f3w, na spotkanie informacyjne po\u015bwi\u0119cone Jednolitemu Plikowi Kontrolnemu. Spotkania b\u0119d\u0105 si\u0119 odbywa\u0142y w ka\u017cdy wtorek listopada, pierwsze 7 listopada o godz. 10.00 w W\u0119growskim O\u015brodku Kultury. Informacje w gablocie przed ko\u015bcio\u0142em.<\/p>\n<p>11. Zapraszam do lektury nowy Nr \u201eEcha Katolickiego\u201d. Przeczytamy o tym, jak rozmawia\u0107 z dzieckiem o \u015bmierci, dlaczego dzieci si\u0119 k\u0142\u00f3c\u0105 i jak m\u0105drze rozwi\u0105zywa\u0107 spory, czym jest odpust ca\u0142kowity i jak go osi\u0105gn\u0105\u0107 oraz znajdziemy niezwyk\u0142\u0105 histori\u0119 znanego hymnu \u201eBo\u017ce, co\u015b Polsk\u0119\u201d.<\/p>\n","protected":false},"excerpt":{"rendered":"<p>Powr\u00f3t do listy og\u0142osze\u0144 26 listopada \u2013 Uroczysto\u015b\u0107 Chrystusa Kr\u00f3la Wszech\u015bwiata 1. Dzi\u015b uroczysto\u015b\u0107 Chrystusa Kr\u00f3la Wszech\u015bwiata i zawierzamy Panu swoje \u017cycie, aby by\u0142 kr\u00f3lem naszych serc. Po Mszy \u015bw. o 9.00 spotkanie wolontariuszy, a po sumie adoracja Naj\u015bwi\u0119tszego Sakramentu, litania do Naj\u015bwi\u0119tszego Serca Pana Jezusa i akt zawierzenia Panu Jezusowi. O 13.30 w \u015awidnie przy krzy\u017cu chcemy uczci\u0107 150 r. urodzin ks. Tomasza Sobiepanka, kt\u00f3ry jako m\u0119czennik odda\u0142 swoje \u017cycie w obozie koncentracyjnym w Dachau. Odm\u00f3wimy Koronk\u0119 do Mi\u0142osierdzia Bo\u017cego i polecimy w modlitwie zmar\u0142ych z kartek wypominkowych ze \u015awidna, W\u00f3lki i Adamowa. Zach\u0119cam do udzia\u0142u we wsp\u00f3lnej modlitwie. Jest nowy grafik dla czytaj\u0105cych S\u0142owo Bo\u017ce podczas Mszy \u015bw. 2. W czwartek \u015bw. Andrzeja Aposto\u0142a. Msza \u015bw. o 17.00 i 17.30. 3. Pierwszy pi\u0105tek miesi\u0105ca. Msza \u015bw. wynagradzaj\u0105ca Naj\u015bwi\u0119tszemu Sercu Pana Jezusa o godz. 7.30, po niej nabo\u017ce\u0144stwo wynagradzaj\u0105ce. Od 9.00 odwiedzam chorych, pragn\u0105cych si\u0119 wyspowiada\u0107 i przyj\u0105\u0107 Chrystusa \u2026 <a class=\"continue-reading-link\" href=\"https:\/\/www.parafiawierzbno.com.pl\/?page_id=5753\">Czytaj dalej <span class=\"meta-nav\">&rarr; <\/span><\/a><\/p>\n","protected":false},"author":1,"featured_media":0,"parent":225,"menu_order":0,"comment_status":"closed","ping_status":"closed","template":"","meta":{"ngg_post_thumbnail":0},"_links":{"self":[{"href":"https:\/\/www.parafiawierzbno.com.pl\/index.php?rest_route=\/wp\/v2\/pages\/5753"}],"collection":[{"href":"https:\/\/www.parafiawierzbno.com.pl\/index.php?rest_route=\/wp\/v2\/pages"}],"about":[{"href":"https:\/\/www.parafiawierzbno.com.pl\/index.php?rest_route=\/wp\/v2\/types\/page"}],"author":[{"embeddable":true,"href":"https:\/\/www.parafiawierzbno.com.pl\/index.php?rest_route=\/wp\/v2\/users\/1"}],"replies":[{"embeddable":true,"href":"https:\/\/www.parafiawierzbno.com.pl\/index.php?rest_route=%2Fwp%2Fv2%2Fcomments&post=5753"}],"version-history":[{"count":6,"href":"https:\/\/www.parafiawierzbno.com.pl\/index.php?rest_route=\/wp\/v2\/pages\/5753\/revisions"}],"predecessor-version":[{"id":5761,"href":"https:\/\/www.parafiawierzbno.com.pl\/index.php?rest_route=\/wp\/v2\/pages\/5753\/revisions\/5761"}],"up":[{"embeddable":true,"href":"https:\/\/www.parafiawierzbno.com.pl\/index.php?rest_route=\/wp\/v2\/pages\/225"}],"wp:attachment":[{"href":"https:\/\/www.parafiawierzbno.com.pl\/index.php?rest_route=%2Fwp%2Fv2%2Fmedia&parent=5753"}],"curies":[{"name":"wp","href":"https:\/\/api.w.org\/{rel}","templated":true}]}}