{"id":5793,"date":"2018-01-14T13:40:26","date_gmt":"2018-01-14T12:40:26","guid":{"rendered":"https:\/\/www.parafiawierzbno.com.pl\/?page_id=5793"},"modified":"2018-01-29T07:37:13","modified_gmt":"2018-01-29T06:37:13","slug":"ogloszenia-styczen-2018","status":"publish","type":"page","link":"https:\/\/www.parafiawierzbno.com.pl\/?page_id=5793","title":{"rendered":"Og\u0142oszenia &#8211; Stycze\u0144 2018"},"content":{"rendered":"<p><a title=\"Og\u0142oszenia parafialne\" href=\"https:\/\/www.parafiawierzbno.com.pl\/?page_id=225\">Powr\u00f3t do listy og\u0142osze\u0144<\/a><\/p>\n<h2 style=\"text-align: center;\"><span style=\"color: #00ccff;\">28 stycznia \u2013 4 Niedziela zwyk\u0142a<\/span><\/h2>\n<p>1. W pi\u0105tek go\u015bcili\u015bmy konserwatora zabytk\u00f3w i wiele pyta\u0144 odno\u015bnie remontu ko\u015bcio\u0142a uleg\u0142o rozja\u015bnieniu. Dzi\u0119kuj\u0119 za ofiary na tac\u0119 przeznaczone na remont ko\u015bcio\u0142a.<\/p>\n<p>2. Jest grafik na luty dla czytaj\u0105cych s\u0142owo Bo\u017ce podczas Mszy \u015bw. Intencja Apostolstwa Modlitwy na luty: Aby ci, kt\u00f3rzy maj\u0105 w\u0142adz\u0119 ekonomiczn\u0105, polityczn\u0105 i duchow\u0105, nie ulegali pokusie korupcji.<\/p>\n<p>3. Pierwszy czwartek miesi\u0105ca: o 7.30 \u2013 Msza \u015bw. za zmar\u0142ych polecanych Bo\u017cemu Mi\u0142osierdziu w wypominkach, a od 16.00 adoracja Naj\u015bwi\u0119tszego Sakramentu, modlitwa o powo\u0142ania kap\u0142a\u0144skie i do \u017cycia konsekrowanego oraz okazja do spowiedzi.<\/p>\n<p>4. W pi\u0105tek \u015bwi\u0119to Ofiarowania Pa\u0144skiego. Zapraszam na Eucharysti\u0119 o 9.00 i 17.00. Przynosimy ze sob\u0105 gromnice. Ofiary na tac\u0119 s\u0105 przeznaczone na zakony klauzurowe w naszej diecezji. Od 14.00 zapraszam m\u0142odzie\u017c i doros\u0142ych, aby rozebra\u0107 choinki i szopk\u0119. Od 10.00 odwiedzam chorych pragn\u0105cych przyj\u0105\u0107 Chrystusa w Komunii \u015bw.<\/p>\n<p>5. Najbli\u017csza niedziela jest pierwsz\u0105 w miesi\u0105cu lutym. Po Mszy \u015bw. o 9.00 spotkanie z radnymi parafialnymi na plebanii. Prosz\u0119 o obecno\u015b\u0107 wszystkich radnych, aby om\u00f3wi\u0107 sprawy remontowe ko\u015bcio\u0142a i dzwonnicy. Po sumie wystawienie Naj\u015bwi\u0119tszego Sakramentu, kr\u00f3tka adoracja i zmianka tajemnic r\u00f3\u017ca\u0144cowych. Ofiarami do puszek wesprzemy misjonarza ks. Jaros\u0142awa Dziedzica.<\/p>\n<p>6. Dzi\u0119kuj\u0119 za sprz\u0105tanie ko\u015bcio\u0142a rodzinom z Wierzbna i na sobot\u0119 zapraszam: p. Krystyn\u0119 i Piotra Pi\u00f3rek, p. Paulin\u0119 Rojek, p. Krystyn\u0119 i Zdzis\u0142awa Jaworowskich oraz p. Agnieszk\u0119 i Miros\u0142awa Jaworowskich.<\/p>\n<p>7. Informuj\u0119, \u017ce w Gr\u0119bkowie w dniach 17 i 24 lutego b\u0119d\u0105 konferencje dla narzeczonych planuj\u0105cych w tym roku zawarcie Sakramentu Ma\u0142\u017ce\u0144stwa.<\/p>\n<p>8. Zach\u0119cam do lektury nowy Nr. \u201eEcha Katolickiego\u201d. Przeczytamy jak ratowa\u0107 ma\u0142\u017ce\u0144stwo, sk\u0105d unici brali m\u0119stwo do przeciwstawiania si\u0119 naciskom carskiej machiny oraz o r\u00f3\u017cnych drogach powo\u0142ania do s\u0142u\u017cby w Ko\u015bciele.<\/p>\n<h2 style=\"text-align: center;\"><span style=\"color: #00ccff;\">21 stycznia \u2013 3 Niedziela zwyk\u0142a<\/span><\/h2>\n<p>1. Dzi\u0119kujemy Panu Bogu za wszystkie Babcie i Dziadk\u00f3w. \u017byczymy pokoju ducha, zdrowia i Bo\u017cego b\u0142ogos\u0142awie\u0144stwa na d\u0142ugie lata. Niech Wasze modlitwy wypraszaj\u0105 potrzebne \u0142aski dla naszej parafii i ca\u0142ej Ojczyzny.<\/p>\n<p>2. Dzi\u015b po ka\u017cdej Mszy \u015bw. ministranci b\u0119d\u0105 rozprowadza\u0107 cegie\u0142ki na budow\u0119 Domu Pielgrzyma w Pratulinie. Zach\u0119cam do kupowania cegie\u0142ek, poniewa\u017c do ko\u0144ca czerwca musimy rozprowadzi\u0107 wszystkie cegie\u0142ki na \u0142\u0105czn\u0105 kwot\u0119 ponad 3500 z\u0142.<\/p>\n<p>3. We wtorek wspomnienie B\u0142. Wincentego Lewoniuka i Towarzyszy, m\u0119czennik\u00f3w z Pratulina. Zapraszam na Eucharysti\u0119 o 17.00.<\/p>\n<p>4. W czwartek \u015bwi\u0119to nawr\u00f3cenia \u015bw. Paw\u0142a Aposto\u0142a.<\/p>\n<p>5. W najbli\u017csz\u0105 niedziel\u0119 ofiary na tac\u0119 b\u0119d\u0105 przeznaczone na remont ko\u015bcio\u0142a.<\/p>\n<p>6. Z serca dzi\u0119kuj\u0119 odgarni\u0119cie \u015bniegu wok\u00f3\u0142 ko\u015bcio\u0142a i na parkingu. Serdecznie dzi\u0119kuj\u0119 za sprz\u0105tanie ko\u015bcio\u0142a rodzinom z Wierzbna i na sobot\u0119 zapraszam: p. Zbigniewa i Eugeniusza Lisieckich, p. Maryl\u0119 i Dariusza Wal\u0119ckich oraz p. Barbar\u0119 i Witolda Pi\u00f3rek.<\/p>\n<p>7. Zach\u0119cam do lektury nowy Nr \u201eEcha Katolickiego\u201d. Polecam rozmow\u0119 z ks. biskupem Piotrem Sawczukiem o b\u0142. M\u0119czennikach z Pratulina, oraz wywiad z prof. Mieczys\u0142awem Ryb\u0105 o bie\u017c\u0105cej sytuacji w naszym kraju.<\/p>\n<h2 style=\"text-align: center;\"><span style=\"color: #33cccc;\">14 stycznia \u2013 2 Niedziela zwyk\u0142a<\/span><\/h2>\n<p>1. Dzi\u015b obchodzimy \u015awiatowy Dzie\u0144 Migranta i Uchod\u017acy. Modlitw\u0105 otaczamy tych, kt\u00f3rzy znajduj\u0105 si\u0119 w bardzo trudnych warunkach na obczy\u017anie, cz\u0119sto bez dachu nad g\u0142ow\u0105. Po Mszy \u015bw. o 9.00 katecheza dla rodzic\u00f3w i dzieci klasy III przygotowuj\u0105cych si\u0119 do pierwszej spowiedzi i Komunii \u015bw.<\/p>\n<p>2. Jutro (15-22 stycznia) Ojciec \u015bw. Franciszek udaje si\u0119 w pielgrzymk\u0119 apostolsk\u0105 do Chile i Peru. Pami\u0119tajmy o papie\u017cu w naszych modlitwach.<\/p>\n<p>3. Od czwartku rozpoczyna si\u0119 Tydzie\u0144 Modlitw o Jedno\u015b\u0107 Chrze\u015bcijan pod has\u0142em: \u201ePrawica Twoja ws\u0142awi\u0142a mnie moc\u0105\u201d (Wj 15,6).<\/p>\n<p>4. W najbli\u017csz\u0105 niedziel\u0119 obchodzimy Dzie\u0144 Babci. Wyra\u017amy wdzi\u0119czno\u015b\u0107 i serdeczno\u015b\u0107 naszym Babciom i Dziadkom. Po ka\u017cdej Mszy \u015bw. zach\u0119cam do nabycia cegie\u0142ek na budow\u0119 Domu Pielgrzyma w Pratulinie. Jest to nasz wk\u0142ad w budow\u0119 domu, kt\u00f3ry b\u0119dzie s\u0142u\u017cy\u0142 ca\u0142ej diecezji.<\/p>\n<p>5. Dzi\u0119kuj\u0119 za \u017cyczliwo\u015b\u0107 i go\u015bcinno\u015b\u0107 podczas wizyt duszpasterskich. Zauwa\u017cam, \u017ce bogactwem naszej parafii s\u0105 osoby starsze, kt\u00f3re swoimi modlitwami wypraszaj\u0105 wiele \u0142ask dla ca\u0142ej wsp\u00f3lnoty. Troch\u0119 za ma\u0142o jest m\u0142odych ma\u0142\u017ce\u0144stw i chcia\u0142bym, aby wi\u0119cej by\u0142o chrzt\u00f3w w naszej parafii. Serdecznie dzi\u0119kuj\u0119 za ofiary przeznaczone na remont ko\u015bcio\u0142a. \u0141\u0105cznie zosta\u0142a zebrana suma 16 550 z\u0142. Serdeczne B\u00f3g zap\u0142a\u0107!<\/p>\n<p>6. W sobot\u0119 zapraszam mieszka\u0144c\u00f3w Wierzbna do wywiezienia naturalnych \u015bmieci na kompostownik. Dzi\u0119kuj\u0119 za sprz\u0105tanie ko\u015bcio\u0142a rodzinom z Wierzbna i na sobot\u0119 zapraszam: p. Mieczys\u0142awa Wal\u0119ckiego, p. Karolin\u0119 i Cezarego Jachimowicz oraz p. Mari\u0119 Szyma\u0144sk\u0105.<\/p>\n<p>7. Informuj\u0119, \u017ce w dniach 17 i 24 lutego odb\u0119d\u0105 si\u0119 konferencje dla narzeczonych w Gr\u0119bkowie. Pocz\u0105tek spotkania o 10.00 w sali przy plebanii.<\/p>\n<p>8. Zach\u0119cam do lektury nowy Nr \u201eEcha Katolickiego\u201d. Znajdziemy obszern\u0105 galeri\u0119 z Orszak\u00f3w Trzech Kr\u00f3li, organizowanych w naszej diecezji, a tak\u017ce przeczytamy sk\u0105d si\u0119 bior\u0105 choroby zatok oraz czym jest syndrom wypalenia zawodowego.<\/p>\n<h2 style=\"text-align: center;\"><span style=\"color: #33cccc;\">7 stycznia \u2013 \u015awi\u0119to Chrztu Pa\u0144skiego<\/span><\/h2>\n<p>1. \u015awi\u0119to Chrztu Pa\u0144skiego ko\u0144czy oficjalnie okres Narodzenia Pa\u0144skiego. Jest to tak\u017ce niedziela miesi\u0119cznej adoracji Naj\u015bwi\u0119tszego Sakramentu. Dlatego po sumie kr\u00f3tka adoracja Naj\u015bwi\u0119tszego Sakramentu i zmianka tajemnic r\u00f3\u017ca\u0144cowych. Intencja Apostolstwa Modlitwy na stycze\u0144: Aby chrze\u015bcijanie, a tak\u017ce inne mniejszo\u015bci religijne w krajach azjatyckich, mogli \u017cy\u0107 swoj\u0105 wiar\u0105 w pe\u0142nej wolno\u015bci.<\/p>\n<p>2. Wznosz\u0119 dzi\u0119kczynienie Panu Bogu za wspania\u0142\u0105 pogod\u0119 w dniu wczorajszym i z serca dzi\u0119kuj\u0119 wszystkim, kt\u00f3rzy si\u0119 zaanga\u017cowali w przygotowanie i organizacj\u0119 Orszaku Trzech Kr\u00f3li w naszej spo\u0142eczno\u015bci. Swoj\u0105 wdzi\u0119czno\u015b\u0107 wyrazili tak\u017ce ksi\u0119\u017ca, kt\u00f3rzy czynnie wzi\u0119li udzia\u0142 w naszym \u015bwi\u0119towaniu. Dzi\u0119kuj\u0119 za przygotowanie dekoracji scen i za u\u017cyczenie przyczep, dzi\u0119kuj\u0119 aktorom m\u0142odszym i starszym, dzi\u0119kuj\u0119 za przygotowanie pocz\u0119stunku (bigos, zupa pieczarkowa, kie\u0142basa, ciasto), dzi\u0119kuj\u0119 za \u017cyw\u0105 szopk\u0119. B\u00f3g zap\u0142a\u0107! druhom stra\u017cakom za asyst\u0119 i czuwanie nad bezpiecze\u0144stwem ca\u0142ego orszaku. Warto wsp\u00f3lnie si\u0119 natrudzi\u0107 dla Bo\u017cej chwa\u0142y.<\/p>\n<p>3. Wczoraj przy okazji po\u015bwi\u0119cenia kredy i kadzid\u0142a zosta\u0142o z\u0142o\u017cone dla misjonarza ks. Jaros\u0142awa Dziedzica 624 z\u0142. W jego imieniu wszystkim dzi\u0119kuj\u0119. B\u00f3g zap\u0142a\u0107!<\/p>\n<p>4. W tym tygodniu kontynuuj\u0119 wizyt\u0119 duszpastersk\u0105 i pragn\u0119 odwiedzi\u0107 rodziny w nast\u0119puj\u0105cym porz\u0105dku: w poniedzia\u0142ek \u2013 Jaworek, w \u015brod\u0119 \u2013 \u015awidno, w pi\u0105tek \u2013 W\u00f3lk\u0119 i w sobot\u0119 \u2013 Wierzbno cz. II. Pocz\u0105tek wizyty od godz. 9.00.<\/p>\n<p>5. W najbli\u017csz\u0105 niedziel\u0119 po Mszy \u015bw. o 9.00 katecheza dla rodzic\u00f3w i dzieci klasy III w ramach przygotowania do pierwszej spowiedzi i Komunii \u015bw.<\/p>\n<p>6. Dzi\u0119kuj\u0119 za sprz\u0105tanie ko\u015bcio\u0142a i na sobot\u0119 zapraszam: p. Alicj\u0119 i Krzysztofa Twardowskich, p. Agnieszk\u0119 i Piotra Potrykus oraz p. Krystyn\u0119 Wal\u0119ck\u0105 z Wierzbna.<\/p>\n<p>7. Zach\u0119cam do lektury Nowy nr \u201eEcha Katolickiego\u201d. Przeczytamy dlaczego wa\u017cne, aby rodzina modli\u0142a si\u0119 wsp\u00f3lnie, ciekawe \u015bwiadectwo kleryka z Gruzji i relacj\u0119 misjonarki \u015bwieckiej pos\u0142uguj\u0105cej w Tanzanii.<\/p>\n","protected":false},"excerpt":{"rendered":"<p>Powr\u00f3t do listy og\u0142osze\u0144 28 stycznia \u2013 4 Niedziela zwyk\u0142a 1. W pi\u0105tek go\u015bcili\u015bmy konserwatora zabytk\u00f3w i wiele pyta\u0144 odno\u015bnie remontu ko\u015bcio\u0142a uleg\u0142o rozja\u015bnieniu. Dzi\u0119kuj\u0119 za ofiary na tac\u0119 przeznaczone na remont ko\u015bcio\u0142a. 2. Jest grafik na luty dla czytaj\u0105cych s\u0142owo Bo\u017ce podczas Mszy \u015bw. Intencja Apostolstwa Modlitwy na luty: Aby ci, kt\u00f3rzy maj\u0105 w\u0142adz\u0119 ekonomiczn\u0105, polityczn\u0105 i duchow\u0105, nie ulegali pokusie korupcji. 3. Pierwszy czwartek miesi\u0105ca: o 7.30 \u2013 Msza \u015bw. za zmar\u0142ych polecanych Bo\u017cemu Mi\u0142osierdziu w wypominkach, a od 16.00 adoracja Naj\u015bwi\u0119tszego Sakramentu, modlitwa o powo\u0142ania kap\u0142a\u0144skie i do \u017cycia konsekrowanego oraz okazja do spowiedzi. 4. W pi\u0105tek \u015bwi\u0119to Ofiarowania Pa\u0144skiego. Zapraszam na Eucharysti\u0119 o 9.00 i 17.00. Przynosimy ze sob\u0105 gromnice. Ofiary na tac\u0119 s\u0105 przeznaczone na zakony klauzurowe w naszej diecezji. Od 14.00 zapraszam m\u0142odzie\u017c i doros\u0142ych, aby rozebra\u0107 choinki i szopk\u0119. Od 10.00 odwiedzam chorych pragn\u0105cych przyj\u0105\u0107 Chrystusa w Komunii \u015bw. 5. Najbli\u017csza niedziela jest \u2026 <a class=\"continue-reading-link\" href=\"https:\/\/www.parafiawierzbno.com.pl\/?page_id=5793\">Czytaj dalej <span class=\"meta-nav\">&rarr; <\/span><\/a><\/p>\n","protected":false},"author":1,"featured_media":0,"parent":225,"menu_order":0,"comment_status":"closed","ping_status":"closed","template":"","meta":{"ngg_post_thumbnail":0},"_links":{"self":[{"href":"https:\/\/www.parafiawierzbno.com.pl\/index.php?rest_route=\/wp\/v2\/pages\/5793"}],"collection":[{"href":"https:\/\/www.parafiawierzbno.com.pl\/index.php?rest_route=\/wp\/v2\/pages"}],"about":[{"href":"https:\/\/www.parafiawierzbno.com.pl\/index.php?rest_route=\/wp\/v2\/types\/page"}],"author":[{"embeddable":true,"href":"https:\/\/www.parafiawierzbno.com.pl\/index.php?rest_route=\/wp\/v2\/users\/1"}],"replies":[{"embeddable":true,"href":"https:\/\/www.parafiawierzbno.com.pl\/index.php?rest_route=%2Fwp%2Fv2%2Fcomments&post=5793"}],"version-history":[{"count":6,"href":"https:\/\/www.parafiawierzbno.com.pl\/index.php?rest_route=\/wp\/v2\/pages\/5793\/revisions"}],"predecessor-version":[{"id":6434,"href":"https:\/\/www.parafiawierzbno.com.pl\/index.php?rest_route=\/wp\/v2\/pages\/5793\/revisions\/6434"}],"up":[{"embeddable":true,"href":"https:\/\/www.parafiawierzbno.com.pl\/index.php?rest_route=\/wp\/v2\/pages\/225"}],"wp:attachment":[{"href":"https:\/\/www.parafiawierzbno.com.pl\/index.php?rest_route=%2Fwp%2Fv2%2Fmedia&parent=5793"}],"curies":[{"name":"wp","href":"https:\/\/api.w.org\/{rel}","templated":true}]}}