{"id":6436,"date":"2018-02-11T07:31:56","date_gmt":"2018-02-11T06:31:56","guid":{"rendered":"https:\/\/www.parafiawierzbno.com.pl\/?page_id=6436"},"modified":"2018-03-06T21:57:54","modified_gmt":"2018-03-06T20:57:54","slug":"ogloszenia-luty-2018","status":"publish","type":"page","link":"https:\/\/www.parafiawierzbno.com.pl\/?page_id=6436","title":{"rendered":"Og\u0142oszenia &#8211; Luty 2018"},"content":{"rendered":"<p><a title=\"Og\u0142oszenia parafialne\" href=\"https:\/\/www.parafiawierzbno.com.pl\/?page_id=225\">Powr\u00f3t do listy og\u0142osze\u0144<\/a><\/p>\n<h2 style=\"text-align: center;\"><span style=\"color: #993366;\">25 luty \u2013 II Niedziela Wielkiego Postu<\/span><\/h2>\n<p>1. Dzi\u015b niedziela pomocy Ko\u015bcio\u0142owi na misjach na ca\u0142ym \u015bwiecie \u201eAd gentes\u201d. Modlitw\u0105 i ofiarami do puszek wspieramy misjonarzy i misjonarki, kt\u00f3rzy po\u015bwi\u0119caj\u0105 swoje \u017cycie g\u0142osz\u0105c Ewangeli\u0119, s\u0142u\u017c\u0105c z mi\u0142o\u015bci\u0105 cz\u0119sto w bardzo trudnych warunkach. Z serca dzi\u0119kuj\u0119 za ofiary na remont elewacji ko\u015bcio\u0142a i dzwonnicy.<\/p>\n<p>2. Jest grafik na marzec dla czytaj\u0105cych S\u0142owo Bo\u017ce podczas Eucharystii.<\/p>\n<p>3. Pierwszy czwartek miesi\u0105ca i zach\u0119cam od 16.00 do adoracji Naj\u015bwi\u0119tszego Sakramentu oraz modlitwy o nowe i \u015bwi\u0119te powo\u0142ania kap\u0142a\u0144skie, misyjne i do \u017cycia konsekrowanego. Rano o 7.30 Msza \u015bw. za zmar\u0142ych polecanych Bo\u017cemu Mi\u0142osierdziu w wypominkach.<\/p>\n<p>4. Od pi\u0105tku do niedzieli (2- 4 marca) Rekolekcje Wielkopostne w naszej parafii. Dobrze przygotujmy si\u0119 do Sakramentu pokuty i pojednania i zach\u0119\u0107my tych, kt\u00f3rzy maj\u0105 opory, niech otworz\u0105 si\u0119 na Bo\u017ce Mi\u0142osierdzie. W pi\u0105tek i w sobot\u0119 Msza \u015bw. z nauk\u0105 rekolekcyjn\u0105 o 10.00, 12.00 i 18.00. Kap\u0142ani b\u0119d\u0105 s\u0142u\u017cy\u0107 w konfesjona\u0142ach. W niedziel\u0119 ofiarami na tac\u0119 wyrazimy wdzi\u0119czno\u015b\u0107 Rekolekcjoni\u015bcie ks. Markowi Matusikowi.<\/p>\n<p>5. Najbli\u017csza niedziela jest te\u017c niedziel\u0105 miesi\u0119cznej adoracji Naj\u015bwi\u0119tszej Sakramentu, o 11.30 wystawienie Naj\u015bwi\u0119tszego Sakramentu i nabo\u017ce\u0144stwo Gorzkich \u017cali, a po sumie zmianka tajemnic r\u00f3\u017ca\u0144cowych.<\/p>\n<p>6. Dzi\u0119kuj\u0119 za sprz\u0105tanie ko\u015bcio\u0142a i na sobot\u0119 na godz. 8.00 zapraszam: p. Krystyn\u0119 i Romana Gog\u0142oza, p. Bogus\u0142awa Tylusa oraz p. Hann\u0119 i Andrzeja Miklaszewskich.<\/p>\n<p>7. Do Sakramentu Ma\u0142\u017ce\u0144stwa przygotowuj\u0105 si\u0119: Przemys\u0142aw Sapryk, kawaler zam. w \u017belazowie, par. \u015bw. Wawrzy\u0144ca w Korytnicy i Monika W\u0105sowska, panna zam. w Wygl\u0119d\u00f3wku, zapowiedz pierwsza. Otoczmy ich nasz\u0105 modlitw\u0105, aby stworzyli szcz\u0119\u015bliw\u0105 chrze\u015bcija\u0144sk\u0105 rodzin\u0119.<\/p>\n<p>8. Zach\u0119cam do lektury nowy Nr \u201eEcha Katolickiego\u201d. Przeczytamy dlaczego z\u0142y duch boi si\u0119 postu, o trudach i rado\u015bciach macierzy\u0144stwa opowiada matka trzyna\u015bciorga dzieci. Znajdziemy relacj\u0119 z pogrzebu \u015bp. Ks. kanonika Stanis\u0142awa Dadasa.<\/p>\n<h2 style=\"text-align: center;\"><span style=\"color: #800080;\">18 luty \u2013 I Niedziela Wielkiego Postu<\/span><\/h2>\n<p>1. Z serca dzi\u0119kuj\u0119 wszystkim za modlitw\u0119 w intencji \u015bp. Ks. Stanis\u0142awa Dadasa. W pi\u0105tek kilkadziesi\u0105t os\u00f3b z naszej parafii uczestniczy\u0142o w jego pogrzebie w Zwoli Poduchownej. W moim sercu utkwi\u0142y s\u0142owa, kt\u00f3re ks. Stanis\u0142aw wypowiedzia\u0142 do swego brata przed \u015bmierci\u0105, \u017ce: \u201e\u017cycie jest pi\u0119kne\u201d. Starajmy si\u0119 pi\u0119knie prze\u017cywa\u0107 ka\u017cdy dzie\u0144 \u017cycia. Dzi\u015b o 12.00 &#8211; Msza \u015bw. o szcz\u0119\u015bcie wieczne dla ks. Stanis\u0142awa Dadasa w 7 dzie\u0144, a 11 marca o 17.00 \u2013 Msza \u015bw. w 30 dzie\u0144 po \u015bmierci. Przez ca\u0142y czerwiec b\u0119dzie sprawowana Msza \u015bw. gregoria\u0144ska o nagrod\u0119 nieba dla ks. Stanis\u0142awa Dadasa.<\/p>\n<p>2. Dzi\u015b pierwsza niedziela Wielkiego Postu i przed sum\u0105&nbsp; (o 11.30) rozwa\u017camy M\u0119k\u0119 Pa\u0144sk\u0105 w Gorzkich \u017calach. Dzisiejsza taca jest przeznaczona na Jubileusz naszej diecezji. Zach\u0119cam do licznego udzia\u0142u w nabo\u017ce\u0144stwach Drogi Krzy\u017cowej w pi\u0105tki o 16.30.<\/p>\n<p>3. W czwartek \u015bwi\u0119to Katedry \u015bw. Piotra.<\/p>\n<p>4. W najbli\u017csz\u0105 niedziel\u0119 taca b\u0119dzie przeznaczona na remont elewacji ko\u015bcio\u0142a i dzwonnicy, a ofiary do puszek na misje katolickie \u201eAd gentes\u201d.<\/p>\n<p>5. Zaplanujmy sobie czas, aby dobrze skorzysta\u0107 z Rekolekcji Wielkopostnych, kt\u00f3re poprowadzi dla naszej parafii ks. Marek Matusik. Porz\u0105dek b\u0119dzie nast\u0119puj\u0105cy: w pi\u0105tek i w sobot\u0119 (2 i 3 marca) Msza \u015bw. o 10.00, 12.00 i 18.00. Wieczorna Msza \u015bw. b\u0119dzie specjalnie o 18.00, aby wi\u0119cej os\u00f3b mog\u0142o skorzysta\u0107 z nauk rekolekcyjnych. W pi\u0105tek i sobot\u0119 kap\u0142ani b\u0119d\u0105 s\u0142u\u017cyli w konfesjona\u0142ach.<\/p>\n<p>6. Katechezy przed chrztem dla rodzic\u00f3w i chrzestnych odb\u0119d\u0105 si\u0119 10 i 17 marca o godz. 19.00 na plebanii. Zapraszam serdecznie.<\/p>\n<p>7. Dzi\u0119kuj\u0119 za sprz\u0105tanie ko\u015bcio\u0142a rodzinom z Wierzbna i na sobot\u0119 zapraszam: p. Weronik\u0119 Patok\u0119, p. Agnieszk\u0119 i Witolda Kujawa oraz p. Mart\u0119 i Huberta Ha\u0142adaj.<\/p>\n<p>8. Zach\u0119cam do lektury nowy Nr \u201eEcha Katolickiego\u201d. Przeczytamy o darze rozumu i sposobie zdobywania go, o po\u015bcie eucharystycznym a tak\u017ce o cudach w Lourdes.<\/p>\n<h2 style=\"text-align: center;\"><span style=\"color: #00ccff;\">11 luty \u2013 6 Niedziela zwyk\u0142a<\/span><\/h2>\n<p>1. Dzi\u015b po Mszy \u015bw. o 9.00 zmianka tajemnic r\u00f3\u017ca\u0144cowych dla rodzic\u00f3w modl\u0105cych si\u0119 za dzieci oraz kolejna katecheza dla rodzic\u00f3w i dzieci klasy III przygotowuj\u0105cych si\u0119 do pierwszej spowiedzi i Komunii \u015bw. Jednocz\u0105c si\u0119 ze wszystkimi chorymi w Lourdes zapraszam na Eucharysti\u0119 o 12.00 osoby w podesz\u0142ym wieku i ci\u0119\u017cko chorych, aby przez sakrament namaszczenia chorych Chrystus umocni\u0142 ich duchowo i fizycznie.<\/p>\n<p>2. Rozpoczynamy Tydzie\u0144 Modlitw o Trze\u017awo\u015b\u0107 Narodu, kt\u00f3ry b\u0119dzie obchodzony&nbsp; pod has\u0142em: \u201eTrze\u017awo\u015b\u0107 egzaminem wolno\u015bci\u201d. Jest to czas modlitwy i pokuty w intencji tych, kt\u00f3rzy nadu\u017cywaj\u0105 napoj\u00f3w alkoholowych.<\/p>\n<p>3. \u015aroda Popielcowa oznacza rozpocz\u0119cie Wielkiego Postu. Tego dnia zachowujemy post \u015bcis\u0142y. Oznacza to \u017ce mo\u017cemy przyj\u0105\u0107 trzy posi\u0142ki bezmi\u0119sne, z kt\u00f3rych jeden mo\u017cna spo\u017cy\u0107 do syto\u015bci. Podczas Mszy \u015bw. b\u0142ogos\u0142awie\u0144stwo i posypanie g\u0142\u00f3w popio\u0142em. Zapraszam na Msz\u0119 \u015bw. o 9.00 i 17.00. Dzieci i m\u0142odzie\u017c z naszej szko\u0142y mog\u0105 uczestniczy\u0107 we Mszy \u015bw. o 9.00, je\u015bli rodzice napisz\u0105 stosowne o\u015bwiadczenie<\/p>\n<p>4. W ka\u017cdy pi\u0105tek Wielkiego Postu zapraszam na nabo\u017ce\u0144stwo Drogi Krzy\u017cowej o 16.30, a w niedziele przed sum\u0105 o 11.30 rozwa\u017camy m\u0119k\u0119 Pa\u0144sk\u0105 w Gorzkich \u017calach.&nbsp; Dla dzieci b\u0119dzie konkurs aktywno\u015bci i uk\u0142adanka wielkopostna. Zach\u0119cam wszystkich parafian do gorliwego uczestnictwa w tych nabo\u017ce\u0144stwach. Rekolekcje Wielkopostne dla nas poprowadzi ks. dr Marek Matusik w dniach 2- 4 marca.<\/p>\n<p>5. W najbli\u017csz\u0105 niedziel\u0119 ofiary na tac\u0119 s\u0105 przeznaczone na Jubileusz naszej Diecezji.<\/p>\n<p>6. Bardzo serdecznie dzi\u0119kuj\u0119 p. Wojciechowi Popowskiemu, p. Tadeuszowi Jab\u0142o\u0144skiemu i p. Piotrowi Pi\u00f3rkowi za wywiezienie naturalnych \u015bmieci z cmentarza na kompostownik. Dzi\u0119kuj\u0119 za sprz\u0105tanie ko\u015bcio\u0142a rodzinom z Wierzbna i na sobot\u0119 zapraszam: p. Janin\u0119 i Waldemara Replin, p. Monik\u0119 i Daniela Replin oraz p. Ew\u0119 i Mariusza Replin.<\/p>\n<p>7. Konferencje dla narzeczonych planuj\u0105cych w tym roku zawarcie Sakramentu Ma\u0142\u017ce\u0144stwa odb\u0119d\u0105 si\u0119 w Gr\u0119bkowie w trzy soboty: 17 i 24 lutego oraz 3 marca. Pocz\u0105tek o godz. 10.00 w sali przy plebanii.<\/p>\n<p>8. Katechezy przed chrztem dla rodzic\u00f3w i chrzestnych odb\u0119d\u0105 si\u0119 10 i 17 marca o godz. 19.00 na plebanii. Zapraszam serdecznie.<\/p>\n<p>9. Zach\u0119cam do lektury nowy Nr. \u201eEcha Katolickiego\u201d. Przeczytamy o uzdrowieniach w Lourdes za wstawiennictwem Maryi, o sakramencie namaszczenia chorych i o znaczeniu postanowie\u0144 wielkopostnych.<\/p>\n<h2 style=\"text-align: center;\"><span style=\"color: #00ccff;\">4 luty \u2013 5 Niedziela zwyk\u0142a<\/span><\/h2>\n<p>1. Dzi\u015b po Mszy \u015bw. o 9.00 spotkanie z radnymi parafialnymi w sprawie inwestycji w bie\u017c\u0105cym roku. Po sumie adoracja Naj\u015bwi\u0119tszego Sakramentu i zmianka tajemnic r\u00f3\u017ca\u0144cowych. Ofiarami do puszek wspieramy ks. Jaros\u0142awa Dziedzica, misjonarza z Boliwii.<\/p>\n<p>2. Dzi\u0119kuj\u0119 za ofiary na tac\u0119 z ubieg\u0142ej niedzieli (1971 z\u0142), przeznaczone na remont elewacji ko\u015bcio\u0142a. Nie jest jeszcze oszacowany przybli\u017cony koszt materia\u0142\u00f3w, kt\u00f3re nale\u017cy zastosowa\u0107 do prac renowacyjnych elewacji naszej \u015bwi\u0105tyni i dzwonnicy, ale z pewno\u015bci\u0105 b\u0119dzie to kilkadziesi\u0105t tysi\u0119cy z\u0142otych, a do tego jeszcze wynagrodzenie dla firmy, kt\u00f3ra t\u0119 prac\u0119 wykona.<\/p>\n<p>3. W poniedzia\u0142ek \u015bw. Agaty, dziewicy i m\u0119czennicy. Zapraszam na Msz\u0119 \u015bw. o 7.30 oraz b\u0142ogos\u0142awie\u0144stwo chleba i wody.<\/p>\n<p>4. W najbli\u017csz\u0105 niedziel\u0119&nbsp; obchodzimy \u015awiatowy Dzie\u0144 Chorego. Zapraszam na sum\u0119 o 12.00 ludzi w podesz\u0142ym wieku i chorych, aby mogli przyj\u0105\u0107 sakrament namaszczenia chorych. Serdecznie prosz\u0119 by zainteresowa\u0107 si\u0119 samotnymi i chorymi babciami, dziadkami i s\u0105siadami, przywie\u015b\u0107 ich do ko\u015bcio\u0142a, aby Chrystus m\u00f3g\u0142 ich umocni\u0107 i pokrzepi\u0107 sw\u0105 \u0142ask\u0105. Po Mszy \u015bw. o 9.00 zmianka tajemnic r\u00f3\u017ca\u0144cowych dla rodzic\u00f3w modl\u0105cych si\u0119 za dzieci oraz katecheza dla rodzic\u00f3w i dzieci przed pierwsz\u0105 spowiedzi\u0105 i Komuni\u0105 \u015bw.<\/p>\n<p>5. Dzi\u0119kuj\u0119 tym, kto w pi\u0105tek pom\u00f3g\u0142 przy sprz\u0105tni\u0119ciu dekoracji bo\u017conarodzeniowej. W sobot\u0119 zapraszam mieszka\u0144c\u00f3w Wierzbna do segregacji \u015bmieci na cmentarzu i wywiezienia naturalnych \u015bmieci na kompostownik. Dzi\u0119kuj\u0119 rodzinom z Wierzbna za sprz\u0105tanie ko\u015bcio\u0142a i na sobot\u0119 zapraszam: p. Iren\u0119 i Wojciecha Popowskich, p. Ew\u0119 Ko\u0142ak, oraz p. Monik\u0119 i Karola Potrykus.<\/p>\n<p>6. Zach\u0119cam do wzi\u0119cia udzia\u0142u w sobot\u0119 24 lutego w III Kongresie R\u00f3\u017ca\u0144cowym w Radzyniu Podlaskim dla zelator\u00f3w i cz\u0142onk\u00f3w K\u00f3\u0142 \u017bywego R\u00f3\u017ca\u0144ca. Wyjazd o 7.00 rano wraz z parafianami z Czerwonki i jest jeszcze 10 wolnych miejsc.<\/p>\n<p>7. Zach\u0119cam do lektury nowy Nr. \u201eEcha Katolickiego\u201d. Przeczytamy jak skutecznie przyswaja\u0107 wiedz\u0119, o niebezpiecze\u0144stwie okultyzmu i jogi oraz jak odchudza\u0107 si\u0119 z g\u0142ow\u0105.<\/p>\n<p>8. Pan B\u00f3g powo\u0142a\u0142 do wieczno\u015bci \u015bp. Sabin\u0119 W\u0105sowsk\u0105 z Jaworka. Z ofiar zebranych na pogrzebie b\u0119dzie sprawowanych 7 Mszy \u015bw. o zbawienie jej duszy. Wieczny odpoczynek racz jej da\u0107, Panie\u2026<\/p>\n","protected":false},"excerpt":{"rendered":"<p>Powr\u00f3t do listy og\u0142osze\u0144 25 luty \u2013 II Niedziela Wielkiego Postu 1. Dzi\u015b niedziela pomocy Ko\u015bcio\u0142owi na misjach na ca\u0142ym \u015bwiecie \u201eAd gentes\u201d. Modlitw\u0105 i ofiarami do puszek wspieramy misjonarzy i misjonarki, kt\u00f3rzy po\u015bwi\u0119caj\u0105 swoje \u017cycie g\u0142osz\u0105c Ewangeli\u0119, s\u0142u\u017c\u0105c z mi\u0142o\u015bci\u0105 cz\u0119sto w bardzo trudnych warunkach. Z serca dzi\u0119kuj\u0119 za ofiary na remont elewacji ko\u015bcio\u0142a i dzwonnicy. 2. Jest grafik na marzec dla czytaj\u0105cych S\u0142owo Bo\u017ce podczas Eucharystii. 3. Pierwszy czwartek miesi\u0105ca i zach\u0119cam od 16.00 do adoracji Naj\u015bwi\u0119tszego Sakramentu oraz modlitwy o nowe i \u015bwi\u0119te powo\u0142ania kap\u0142a\u0144skie, misyjne i do \u017cycia konsekrowanego. Rano o 7.30 Msza \u015bw. za zmar\u0142ych polecanych Bo\u017cemu Mi\u0142osierdziu w wypominkach. 4. Od pi\u0105tku do niedzieli (2- 4 marca) Rekolekcje Wielkopostne w naszej parafii. Dobrze przygotujmy si\u0119 do Sakramentu pokuty i pojednania i zach\u0119\u0107my tych, kt\u00f3rzy maj\u0105 opory, niech otworz\u0105 si\u0119 na Bo\u017ce Mi\u0142osierdzie. W pi\u0105tek i w sobot\u0119 Msza \u015bw. z nauk\u0105 rekolekcyjn\u0105 o 10.00, \u2026 <a class=\"continue-reading-link\" href=\"https:\/\/www.parafiawierzbno.com.pl\/?page_id=6436\">Czytaj dalej <span class=\"meta-nav\">&rarr; <\/span><\/a><\/p>\n","protected":false},"author":1,"featured_media":0,"parent":225,"menu_order":0,"comment_status":"closed","ping_status":"closed","template":"","meta":{"ngg_post_thumbnail":0},"_links":{"self":[{"href":"https:\/\/www.parafiawierzbno.com.pl\/index.php?rest_route=\/wp\/v2\/pages\/6436"}],"collection":[{"href":"https:\/\/www.parafiawierzbno.com.pl\/index.php?rest_route=\/wp\/v2\/pages"}],"about":[{"href":"https:\/\/www.parafiawierzbno.com.pl\/index.php?rest_route=\/wp\/v2\/types\/page"}],"author":[{"embeddable":true,"href":"https:\/\/www.parafiawierzbno.com.pl\/index.php?rest_route=\/wp\/v2\/users\/1"}],"replies":[{"embeddable":true,"href":"https:\/\/www.parafiawierzbno.com.pl\/index.php?rest_route=%2Fwp%2Fv2%2Fcomments&post=6436"}],"version-history":[{"count":5,"href":"https:\/\/www.parafiawierzbno.com.pl\/index.php?rest_route=\/wp\/v2\/pages\/6436\/revisions"}],"predecessor-version":[{"id":6454,"href":"https:\/\/www.parafiawierzbno.com.pl\/index.php?rest_route=\/wp\/v2\/pages\/6436\/revisions\/6454"}],"up":[{"embeddable":true,"href":"https:\/\/www.parafiawierzbno.com.pl\/index.php?rest_route=\/wp\/v2\/pages\/225"}],"wp:attachment":[{"href":"https:\/\/www.parafiawierzbno.com.pl\/index.php?rest_route=%2Fwp%2Fv2%2Fmedia&parent=6436"}],"curies":[{"name":"wp","href":"https:\/\/api.w.org\/{rel}","templated":true}]}}