{"id":6455,"date":"2018-03-06T22:01:01","date_gmt":"2018-03-06T21:01:01","guid":{"rendered":"https:\/\/www.parafiawierzbno.com.pl\/?page_id=6455"},"modified":"2018-03-25T21:28:08","modified_gmt":"2018-03-25T19:28:08","slug":"ogloszenia-marzec-2018","status":"publish","type":"page","link":"https:\/\/www.parafiawierzbno.com.pl\/?page_id=6455","title":{"rendered":"Og\u0142oszenia &#8211; Marzec 2018"},"content":{"rendered":"<p><a title=\"Og\u0142oszenia parafialne\" href=\"https:\/\/www.parafiawierzbno.com.pl\/?page_id=225\">Powr\u00f3t do listy og\u0142osze\u0144<\/a><\/p>\n<h2 style=\"text-align: center;\"><span style=\"color: #ff0000;\">25 marca \u2013 Niedziela Palmowa<\/span><\/h2>\n<p>1. Dzi\u015b 50 rocznica \u015bmierci Biskupa Ignacego \u015awirskiego, a wczoraj w katedrze siedleckiej zosta\u0142 rozpocz\u0119ty jego proces beatyfikacyjny na poziomie diecezjalnym.<\/p>\n<p>2. Niedziela Palmowa rozpoczyna Wielki Tydzie\u0144. Przed sum\u0105 nabo\u017ce\u0144stwo Gorzkich&nbsp; \u017cali i uroczysta procesja z palmami wok\u00f3\u0142 ko\u015bcio\u0142a. Jest grafik dla zespo\u0142u liturgicznego na kwiecie\u0144. Zapraszam do licznego uczestnictwa w Drodze Krzy\u017cowej ulicami Wierzbna. Pocz\u0105tek w ko\u015bciele o godz. 15.00 wsp\u00f3ln\u0105 Koronk\u0105 do Mi\u0142osierdzia Bo\u017cego. Dzi\u0119kuj\u0119 za ofiary na kwiaty do Grobu Pa\u0144skiego: Helen\u00f3w &#8211; 100 z\u0142, Wygl\u0119d\u00f3wek \u2013 320 z\u0142, Jan\u00f3wek \u2013 310 z\u0142, W\u00f3lka \u2013 180 z\u0142, \u015awidno \u2013 300 z\u0142, Sobo\u0144 \u2013 390 z\u0142 i Wierzbno \u2013 955 z\u0142. Serdeczne \u201eB\u00f3g zap\u0142a\u0107!\u201d<\/p>\n<p>3. We wtorek od 15.00 zapraszam m\u0142odzie\u017c i doros\u0142ych do dekoracji ko\u015bcio\u0142a. We wtorek po Mszy \u015bw. o 18.00 spotkanie ministrant\u00f3w, aby przygotowa\u0107 asyst\u0119 na Triduum Paschalne. Dzi\u0119kuj\u0119 za sprz\u0105tanie ko\u015bcio\u0142a rodzinom z Wierzbna i zapraszam w tym tygodniu w czwartek od 8.30 do sprz\u0105tanie ko\u015bcio\u0142a przed \u015bwi\u0119tami: p. Teres\u0119 i Waldemara Jachomowicz, p. Bo\u017cen\u0119 Chabiera, p. Wincentego Lisieckiego, p. Jolant\u0119 i Zbigniewa Wysiejewskich oraz p. Agnieszk\u0119 Durk\u0119.<\/p>\n<p>4. Serdecznie dzi\u0119kuj\u0119 za ofiary na remont elewacji ko\u015bcio\u0142a i dzwonnicy. Wczoraj Krzysztof Ko\u0142ak i Janek Turek uko\u0144czyli odprowadzenie wody deszczowej i drenacj\u0119 wok\u00f3\u0142 ko\u015bcio\u0142a. Z serca dzi\u0119kuj\u0119 druhom stra\u017cakom za oczyszczenie rynien na ko\u015bciele i plebanii.<\/p>\n<p>5. W czwartek rozpoczynamy najwa\u017cniejsze dni w roku ko\u015bcielnym, tzw. Triduum Paschalne. Zapraszam w Wielki Czwartek na 18.00 na sprawowanie Mszy \u015bw. Wieczerzy Pa\u0144skiej, aby dzi\u0119kowa\u0107 Chrystusowi za dar Eucharystii i kap\u0142a\u0144stwa. Obrz\u0119d umycia n\u00f3g oznacza, \u017ce Ko\u015bci\u00f3\u0142 ma s\u0142u\u017cy\u0107 z mi\u0142o\u015bci\u0105. Taki przyk\u0142ad daje nam Pan Jezus.<\/p>\n<p>6. Wielki Pi\u0105tek M\u0119ki Pa\u0144skiej jest dniem pokuty i obowi\u0105zuje nas zachowanie \u015bcis\u0142ego postu oraz wstrzemi\u0119\u017aliwo\u015bci od pokarm\u00f3w mi\u0119snych (mo\u017cna si\u0119 naje\u015b\u0107 raz do syta). O 15.00 Koronka do Mi\u0142osierdzia Bo\u017cego i pierwszy dzie\u0144 nowenny, a o 18.00 Liturgia M\u0119ki Pa\u0144skiej. Ofiary z\u0142o\u017cone podczas adoracji krzy\u017ca s\u0105 przeznaczone na bazylik\u0119 Grobu Pa\u0144skiego w Jerozolimie. Zach\u0119cam do prywatnej adoracji Chrystusa w Naj\u015bwi\u0119tszym Sakramencie od godz. 7.00 do 22.00. Porz\u0105dek adoracji znajdziemy w gablocie przed ko\u015bcio\u0142em.<\/p>\n<p>7. Gor\u0105co zapraszam na adoracj\u0119 w Wielki Pi\u0105tek wg nast\u0119puj\u0105cego porz\u0105dku: 7.00 \u2013 siostry z K\u00f3\u0142ka R\u00f3\u017ca\u0144cowego, 8.00 \u2013 mieszka\u0144cy Lasu Jaworskiego, 9.00 \u2013 mieszka\u0144cy Helenowa, 10.00 \u2013 mieszka\u0144cy Jaworka, 11.00 \u2013 mieszka\u0144cy Wygl\u0119d\u00f3wka, 12.00 \u2013 mieszka\u0144cy Jan\u00f3wka, 13.00 \u2013 dzieci ze Szko\u0142y Podstawowej, kl. II-VII, 14.00 &#8211; m\u0142odzie\u017c z Gimnazjum, 15.00 \u2013 Koronka do Mi\u0142osierdzia Bo\u017cego i droga krzy\u017cowa \u2013 wszyscy czciciele Mi\u0142osierdzia Bo\u017cego, 16.00 \u2013 mieszka\u0144cy W\u00f3lki, 17.00 \u2013 mieszka\u0144cy \u015awidna, 19.00 \u2013 mieszka\u0144cy Sobonia, 20.00 \u2013 mieszka\u0144cy Wierzbna (od p. Szyma\u0144skiej do Urz\u0119du Gminy), 21.00 \u2013 mieszka\u0144cy Wierzbna II cz. i o 22.00 zako\u0144czenie adoracji.<\/p>\n<p>8. W Wielk\u0105 Sobot\u0119 adoracja Pana Jezusa w Grobie podobnie jak w Wielki Pi\u0105tek. Zapraszam od 7.00 \u2013 siostry z K\u00f3\u0142ka R\u00f3\u017ca\u0144cowego, potem od 8.00 \u2013 mieszka\u0144cy Lasu Jaworskiego, 9.00 \u2013 mieszka\u0144cy Helenowa, 10.00 \u2013 mieszka\u0144cy Jaworka, 11.00 \u2013 mieszka\u0144cy Wygl\u0119d\u00f3wka, 12.00 \u2013 mieszka\u0144cy Jan\u00f3wka, 13.00 \u2013 dzieci ze Szko\u0142y Podstawowej, kl. II-VII, 14.00 &#8211; m\u0142odzie\u017c z Gimnazjum, 15.00 \u2013 Koronka do Mi\u0142osierdzia Bo\u017cego \u2013 ludzie chorzy i czciciele Mi\u0142osierdzia Bo\u017cego, 16.00 \u2013 mieszka\u0144cy W\u00f3lki, 17.00 \u2013 mieszka\u0144cy \u015awidna, 18.00 \u2013 mieszka\u0144cy Sobonia, 19.00 \u2013 mieszka\u0144cy Wierzbna (od p. Szyma\u0144skiej do Urz\u0119du Gminy), 22.00 \u2013 mieszka\u0144cy Wierzbna II cz. i o 23.00 zako\u0144czenie adoracji.<\/p>\n<p>9. W Wielk\u0105 Sobot\u0119 po\u015bwi\u0119cenie pokarm\u00f3w wielkanocnych wg tradycyjnej trasy: od 8.30 Wierzbno, potem Las Jaworski, Helen\u00f3w, Jaworek, Jan\u00f3wek, Wygl\u0119d\u00f3wek, W\u00f3lka, \u015awidno i Sobo\u0144. O godz. 15.00 koronka do Mi\u0142osierdzia Bo\u017cego w ko\u015bciele i jeszcze po\u015bwi\u0119cenie pokarm\u00f3w w Wierzbnie.<\/p>\n<p>10. Wszystkich zapraszam na godz. 20.00 w Wielk\u0105 Sobot\u0119 na uroczyst\u0105 Wigili\u0119 Paschaln\u0105, kt\u00f3ra jest \u015bwi\u0119towaniem Zmartwychwstania Pa\u0144skiego. Zabierzmy ze sob\u0105 \u015bwiece. W niedziel\u0119 Zmartwychwstania Pa\u0144skiego o godz. 6.00 uroczysta Rezurekcja w intencji parafian i go\u015bci. Zapraszam druh\u00f3w stra\u017cak\u00f3w z OSP Wierzbno i OSP Jaworek do trzymania stra\u017cy przy grobie, honorowej asysty i czuwania nad procesj\u0105 rezurekcyjn\u0105. Potem jeszcze Msza \u015bw. o 10.00 i 12.00. Podczas Mszy \u015bw. o 12.00 zostan\u0105 nagrodzone dzieci, kt\u00f3re gorliwie uczestniczy\u0142y w nabo\u017ce\u0144stwach Drogi Krzy\u017cowej i Gorzkich \u017cali. W niedziel\u0119 Zmartwychwstania b\u0119dzie ju\u017c Msz \u015bw. o godz. 18.00.<\/p>\n<p>11. Do Sakramentu Ma\u0142\u017ce\u0144stwa przygotowuj\u0105 si\u0119: Marcin Szatkowski, kawaler z Ja- worka i Olga Bardakova, panna zam. w Warszawie, zapowiedz druga. Otoczmy ich nasz\u0105 modlitw\u0105, aby stworzyli wierz\u0105c\u0105 chrze\u015bcija\u0144sk\u0105 rodzin\u0119.<\/p>\n<p>12. Zach\u0119cam do lektury nowy Nr \u201eEcha Katolickiego\u201d. Przeczytamy o rozpocz\u0119tym procesie beatyfikacyjnym bpa Ignacego \u015awirskiego, jak dobrze przygotowa\u0107 si\u0119 do Triduum Paschalnego oraz o darze m\u0119stwa<\/p>\n<p>13. Pan B\u00f3g powo\u0142a\u0142 do wieczno\u015bci \u015bp. Barbar\u0119 Miszczak z Cierpi\u0105t. Z ofiar zebranych na pogrzebie b\u0119dzie sprawowanych 13 Mszy \u015bw. o zbawienie jej duszy. Jutro o 7.30 zapraszam na Msz\u0119 \u015bw. w 7 dzie\u0144 po \u015bmierci. Wieczny odpoczynek racz jej da\u0107, Panie\u2026<\/p>\n<h2 style=\"text-align: center;\"><span style=\"color: #800080;\">18 marca \u2013 V Niedziela Wielkiego Postu<\/span><\/h2>\n<p>1. Ju\u017c V Niedziela Wielkiego Postu. Po Mszy \u015bw. o 9.00 zmianka tajemnic r\u00f3\u017ca\u0144cowych dla wsp\u00f3lnoty rodzic\u00f3w modl\u0105cych si\u0119 za dzieci i kolejna katecheza dla rodzic\u00f3w i dzieci przygotowuj\u0105cych si\u0119 do pierwszej spowiedzi i Komunii \u015bw.<\/p>\n<p>2. Jutro Uroczysto\u015b\u0107 \u015aw. J\u00f3zefa, Oblubie\u0144ca NMP. Zapraszam na Msz\u0119 \u015bw. o 7.30. Potem b\u0119d\u0119 pos\u0142ugiwa\u0142 w konfesjonale na rekolekcjach w Gr\u0119bkowie.<\/p>\n<p>3. W sobot\u0119 24 marca w katedrze siedleckiej podczas Mszy \u015bw. o 12.00 uroczyste rozpocz\u0119cie procesu beatyfikacyjnego Biskupa Ignacego \u015awirskiego.<\/p>\n<p>4. Najbli\u017csza niedziela to Niedziela Palmowa, upami\u0119tniaj\u0105ca wjazd Jezusa do Jerozolimy i pocz\u0105tek Wielkiego Tygodnia. Ofiary na tac\u0119 b\u0119d\u0105 przeznaczone na remont elewacji ko\u015bcio\u0142a i dzwonnicy. Od przysz\u0142ej Niedzieli Msza \u015bw. wieczorowa b\u0119dzie sprawowana o godz. 18.00.<\/p>\n<p>5. W Niedziel\u0119 Palmow\u0105 o 15.00 Droga Krzy\u017cowa ulicami Wierzbna. Zapraszam druh\u00f3w stra\u017cak\u00f3w do warty honorowej i czuwania nad przemarszem kolumny, a mieszka\u0144c\u00f3w wszystkich wiosek do licznego udzia\u0142u we wsp\u00f3lnej modlitwie. Zapraszam do niesienia krzy\u017ca nast\u0119puj\u0105ce grupy ludzi: z ko\u015bcio\u0142a do I stacji \u2013 druhowie stra\u017cacy, do II stacji &#8211; siostry z k\u00f3\u0142ek r\u00f3\u017ca\u0144cowych w Wierzbnie, do III stacji \u2013 cz\u0142onkowie Domowego Ko\u015bcio\u0142a, do IV stacji \u2013 dzieci komunijne z rodzicami, do V stacji \u2013 mieszka\u0144cy Lasu Jaworskiego, do VI stacji \u2013 mieszka\u0144cy Helenowa, do VII stacji \u2013 mieszka\u0144cy Jaworka, do VIII stacji \u2013 mieszka\u0144cy Cierpi\u0105t, do IX stacji \u2013 mieszka\u0144cy Jan\u00f3wka, do X stacji \u2013 mieszka\u0144cy Wygl\u0119d\u00f3wka, do XI stacji \u2013 mieszka\u0144cy W\u00f3lki, do XII stacji \u2013 mieszka\u0144cy \u015awidna, do XIII stacji \u2013 mieszka\u0144cy Sobonia, do XIV stacji \u2013 mieszka\u0144cy Wierzbna i do ko\u015bcio\u0142a \u2013 m\u0142odzie\u017c gimnazjalna i ministranci. Niech to nabo\u017ce\u0144stwo Drogi Krzy\u017cowej pomo\u017ce nam odkry\u0107 zbawcz\u0105 warto\u015b\u0107 m\u0119ki i \u015bmierci Pana naszego, Jezusa Chrystusa.<\/p>\n<p>6. W tym tygodniu zosta\u0142y rozpocz\u0119te prace przy ko\u015bciele w celu odprowadzenia wody z rynien i drenacji. Druh\u00f3w stra\u017cak\u00f3w prosz\u0119 o oczyszczenie rynien na ko\u015bciele z li\u015bci, aby woda deszczowa swobodnie mog\u0142a odp\u0142ywa\u0107.<\/p>\n<p>7. Uczennica klasy II gimnazjum Paulina Koszewska godnie reprezentowa\u0142a szko\u0142\u0119 i dekanat gr\u0119bkowski i zdoby\u0142a I miejsce na Etapie Rejonowym w Siedlcach w Diecezjalnym Konkursie Biblijnym. Gratulujemy!<\/p>\n<p>8. Dzi\u0119kuj\u0119 za sprz\u0105tanie ko\u015bcio\u0142a i na sobot\u0119 zapraszam: p. Paulin\u0119 i Artura \u017baboklickich, p. Barbar\u0119 Jachimowicz oraz p. Lidi\u0119 i Adama Jachimowicz.<\/p>\n<p>9. Do Sakramentu Ma\u0142\u017ce\u0144stwa przygotowuj\u0105 si\u0119: Marcin Szatkowski, kawaler z Jaworka i Olga Bardakova, panna zam. w Warszawie, zapowiedz pierwsza. Otoczmy ich nasz\u0105 modlitw\u0105, aby stworzyli wierz\u0105c\u0105 chrze\u015bcija\u0144sk\u0105 rodzin\u0119.<\/p>\n<p>10. Zach\u0119cam do lektury nowy Nr \u201eEcha Katolickiego\u201d. Przeczytamy o ekstremalnej drodze krzy\u017cowej, jak rozumie\u0107 wyra\u017cenia \u201ewynagradza\u0107 Panu Bogu\u201d i \u201ezado\u015b\u0107uczyni\u0107 drugiemu cz\u0142owiekowi\u201d oraz czym jest boja\u017a\u0144 Bo\u017ca.<\/p>\n<h2 style=\"text-align: center;\"><span style=\"color: #800080;\">11 marca \u2013 IV Niedziela Wielkiego Postu<\/span><\/h2>\n<p>1. Dzisiejsza IV Niedziela Wielkiego Postu zwana Laetare pozwala na ozdabianie o\u0142tarza kwiatami i mo\u017cna u\u017cywa\u0107 szat koloru r\u00f3\u017cowego. Na bocznym o\u0142tarzu s\u0105 jeszcze baranki wielkanocne (po 5 z\u0142) jako pomoc dla Caritas.<\/p>\n<p>2. Do wtorku w\u0142\u0105cznie prowadz\u0119 rekolekcje wielkopostne w Wyszkowie i prosz\u0119 o modlitw\u0119, abym m\u00f3g\u0142 sta\u0107 si\u0119 u\u017cytecznym narz\u0119dziem Ducha \u015awi\u0119tego.<\/p>\n<p>3. Zapraszam na Msz\u0119 \u015bw. w intencji Ojczyzny w \u015brod\u0119 o 17.30. Zgodnie z zaleceniem Episkopatu Polski co miesi\u0105c do listopada b\u0119dziemy modli\u0107 si\u0119 o Bo\u017ce b\u0142ogos\u0142awie\u0144stwo i pomy\u015blno\u015b\u0107 dla Ojczyzny.<\/p>\n<p>4. Zach\u0119cam do licznego uczestnictwa w nabo\u017ce\u0144stwie Drogi Krzy\u017cowej. W pi\u0105tek na drog\u0119 Krzy\u017cow\u0105 o 15.30, a potem o 16.00 Msza \u015bw. W pi\u0105tek spowiadam na rekolekcjach w Czerwonce, a w sobot\u0119 w Wi\u015bniewie.<\/p>\n<p>5. W sobot\u0119 o 19.00 kolejna katecheza dla rodzic\u00f3w i chrzestnych przed Chrztem dziecka.<\/p>\n<p>6. W najbli\u017csz\u0105 niedziel\u0119 po Mszy \u015bw. o 9.00 zmianka tajemnic r\u00f3\u017ca\u0144cowych dla wsp\u00f3lnoty rodzic\u00f3w modl\u0105cych si\u0119 za dzieci oraz katecheza dla rodzic\u00f3w i dzieci klasy III, przygotowuj\u0105cych si\u0119 do I spowiedzi i Komunii \u015bw.<\/p>\n<p>7. Serdecznie dzi\u0119kuj\u0119 rodzinom z Wierzbna za sprz\u0105tanie ko\u015bcio\u0142a&nbsp; i na sobot\u0119 zapraszam: p. Renat\u0119 i Miros\u0142awa Jachimowicz, p. Barbar\u0119 Krzy\u017canowsk\u0105 oraz p. Mari\u0119 i Lecha Radzio.<\/p>\n<p>8. Do Sakramentu Ma\u0142\u017ce\u0144stwa przygotowuj\u0105 si\u0119: Przemys\u0142aw Sapryk, kawaler zam. w \u017belazowie, par. \u015bw. Wawrzy\u0144ca w Korytnicy i Monika W\u0105sowska, panna zam. w Wygl\u0119d\u00f3wku, zapowiedz trzecia. Otoczmy ich nasz\u0105 modlitw\u0105, aby stworzyli szcz\u0119\u015bliw\u0105 chrze\u015bcija\u0144sk\u0105 rodzin\u0119.<\/p>\n<p>9. Zach\u0119cam do lektury nowy Nr. \u201eEcha Katolickiego\u201d. Przeczytamy o cudzie, przez wstawiennictwo \u015bw. J\u00f3zefa, na czym polega prawdziwa pobo\u017cno\u015b\u0107, czy mo\u017cna wierzy\u0107 w sny oraz dlaczego znajomo\u015b\u0107 historii swojego narodu jest bardzo wa\u017cna.<\/p>\n<h2 style=\"text-align: center;\"><span style=\"color: #993366;\">4 marca \u2013 III Niedziela Wielkiego Postu<\/span><\/h2>\n<p>1. Z ca\u0142ego serca dzi\u0119kuj\u0119 ks. kan. Markowi Matusikowi za przewodniczenie Rekolekcjom Wielkopostnym w naszej parafii, dzi\u0119kuj\u0119 kap\u0142anom pos\u0142uguj\u0105cym w konfesjona\u0142ach, dzi\u0119kuj\u0119 wszystkim, kt\u00f3rzy przygotowali ciasto i pos\u0142ugiwali na plebanii. Dzi\u0119kuj\u0119 za ofiary na tac\u0119, kt\u00f3re s\u0105 nasz\u0105 wdzi\u0119czno\u015bci\u0105 dla ks. rekolekcjonisty.<\/p>\n<p>2. Dzi\u0119kuj\u0119 tak\u017ce za modlitw\u0119 w mojej intencji z okazji Patrona \u015bw. Kazimierza Kr\u00f3lewicza. Pozdrawiam wszystkich Kazimierzy w&nbsp; naszej wsp\u00f3lnocie parafialnej.<\/p>\n<p>3. Dzi\u015b pierwsza niedziela marca i przed sum\u0105 o 11.30 wystawienie Naj\u015bwi\u0119tszego Sakramentu i nabo\u017ce\u0144stwo Gorzkich \u017cali. Po sumie zmianka tajemnic r\u00f3\u017ca\u0144cowych. Intencja Apostolstwa modlitwy na&nbsp; marzec: Aby ca\u0142y Ko\u015bci\u00f3\u0142 dostrzeg\u0142 piln\u0105 potrzeb\u0119 formacji do duchowego rozeznania na poziomie osobistym i wsp\u00f3lnotowym. Na o\u0142tarzu \u015bw. Micha\u0142a s\u0105 do nabycia po 5 z\u0142 baranki wielkanocne. Jest to cegie\u0142ka pomocy dla diecezjalnej Caritas.<\/p>\n<p>4. Dzi\u0119kuj\u0119 za ofiary z ostatniej niedzieli na remont elewacji ko\u015bcio\u0142a i dzwonnicy w wysoko\u015bci 2493 z\u0142. Jest ju\u017c inwestorski kosztorys na planowane prace na 254&nbsp;000 z\u0142. Z\u0142o\u017cy\u0142em tak\u017ce wniosek o dofinansowanie do konserwatora wojew\u00f3dzkiego.<\/p>\n<p>5. Zach\u0119cam do licznego uczestnictwa w nabo\u017ce\u0144stwie Drogi Krzy\u017cowej. W najbli\u017cszy pi\u0105tek o 17.30 Drog\u0119 Krzy\u017cow\u0105 prowadz\u0105 dzieci wraz z pani\u0105 katechetk\u0105. Ja b\u0119d\u0119 s\u0142u\u017cy\u0142 na rekolekcjach w Oleksinie i przyjad\u0119 na Msz\u0119 \u015bw. o 18.00.<\/p>\n<p>6. Zapraszam rodzic\u00f3w dzieci i rodzic\u00f3w chrzestnych na katechezy przygotowuj\u0105ce do Sakramentu Chrztu \u015bwi\u0119tego w sobot\u0119 10 i 17 marca o godz. 19.00 na plebani\u0119.<\/p>\n<p>7. Serdecznie dzi\u0119kuj\u0119 za sprz\u0105tanie ko\u015bcio\u0142a rodzinom z Wierzbna i na sobot\u0119 zapraszam: p. Teodozj\u0119 Witowsk\u0105, p. Sylwestra Maliszkiewicza, p. Ann\u0119 i Cezarego Dudek oraz p. Marka Dudek.<\/p>\n<p>8. Do Sakramentu Ma\u0142\u017ce\u0144stwa przygotowuj\u0105 si\u0119: Przemys\u0142aw Sapryk, kawaler zam. w \u017belazowie, par. \u015bw. Wawrzy\u0144ca w Korytnicy i Monika W\u0105sowska, panna zam. w Wygl\u0119d\u00f3wku, zapowiedz druga. Otoczmy ich nasz\u0105 modlitw\u0105, aby stworzyli szcz\u0119\u015bliw\u0105 chrze\u015bcija\u0144sk\u0105 rodzin\u0119.<\/p>\n<p>9. Zach\u0119cam do lektury nowy Nr \u201eEcha Katolickiego\u201d. Znajdziemy ciekawe artyku\u0142y na Wielki Post, np. co daje rozwa\u017canie M\u0119ki Pa\u0144skiej, o siedmiu radach ojca Pio na temat spowiedzi i wiele innych.<\/p>\n","protected":false},"excerpt":{"rendered":"<p>Powr\u00f3t do listy og\u0142osze\u0144 25 marca \u2013 Niedziela Palmowa 1. Dzi\u015b 50 rocznica \u015bmierci Biskupa Ignacego \u015awirskiego, a wczoraj w katedrze siedleckiej zosta\u0142 rozpocz\u0119ty jego proces beatyfikacyjny na poziomie diecezjalnym. 2. Niedziela Palmowa rozpoczyna Wielki Tydzie\u0144. Przed sum\u0105 nabo\u017ce\u0144stwo Gorzkich&nbsp; \u017cali i uroczysta procesja z palmami wok\u00f3\u0142 ko\u015bcio\u0142a. Jest grafik dla zespo\u0142u liturgicznego na kwiecie\u0144. Zapraszam do licznego uczestnictwa w Drodze Krzy\u017cowej ulicami Wierzbna. Pocz\u0105tek w ko\u015bciele o godz. 15.00 wsp\u00f3ln\u0105 Koronk\u0105 do Mi\u0142osierdzia Bo\u017cego. Dzi\u0119kuj\u0119 za ofiary na kwiaty do Grobu Pa\u0144skiego: Helen\u00f3w &#8211; 100 z\u0142, Wygl\u0119d\u00f3wek \u2013 320 z\u0142, Jan\u00f3wek \u2013 310 z\u0142, W\u00f3lka \u2013 180 z\u0142, \u015awidno \u2013 300 z\u0142, Sobo\u0144 \u2013 390 z\u0142 i Wierzbno \u2013 955 z\u0142. Serdeczne \u201eB\u00f3g zap\u0142a\u0107!\u201d 3. We wtorek od 15.00 zapraszam m\u0142odzie\u017c i doros\u0142ych do dekoracji ko\u015bcio\u0142a. We wtorek po Mszy \u015bw. o 18.00 spotkanie ministrant\u00f3w, aby przygotowa\u0107 asyst\u0119 na Triduum Paschalne. Dzi\u0119kuj\u0119 za sprz\u0105tanie ko\u015bcio\u0142a rodzinom z Wierzbna i \u2026 <a class=\"continue-reading-link\" href=\"https:\/\/www.parafiawierzbno.com.pl\/?page_id=6455\">Czytaj dalej <span class=\"meta-nav\">&rarr; <\/span><\/a><\/p>\n","protected":false},"author":1,"featured_media":0,"parent":225,"menu_order":0,"comment_status":"closed","ping_status":"closed","template":"","meta":{"ngg_post_thumbnail":0},"_links":{"self":[{"href":"https:\/\/www.parafiawierzbno.com.pl\/index.php?rest_route=\/wp\/v2\/pages\/6455"}],"collection":[{"href":"https:\/\/www.parafiawierzbno.com.pl\/index.php?rest_route=\/wp\/v2\/pages"}],"about":[{"href":"https:\/\/www.parafiawierzbno.com.pl\/index.php?rest_route=\/wp\/v2\/types\/page"}],"author":[{"embeddable":true,"href":"https:\/\/www.parafiawierzbno.com.pl\/index.php?rest_route=\/wp\/v2\/users\/1"}],"replies":[{"embeddable":true,"href":"https:\/\/www.parafiawierzbno.com.pl\/index.php?rest_route=%2Fwp%2Fv2%2Fcomments&post=6455"}],"version-history":[{"count":6,"href":"https:\/\/www.parafiawierzbno.com.pl\/index.php?rest_route=\/wp\/v2\/pages\/6455\/revisions"}],"predecessor-version":[{"id":7228,"href":"https:\/\/www.parafiawierzbno.com.pl\/index.php?rest_route=\/wp\/v2\/pages\/6455\/revisions\/7228"}],"up":[{"embeddable":true,"href":"https:\/\/www.parafiawierzbno.com.pl\/index.php?rest_route=\/wp\/v2\/pages\/225"}],"wp:attachment":[{"href":"https:\/\/www.parafiawierzbno.com.pl\/index.php?rest_route=%2Fwp%2Fv2%2Fmedia&parent=6455"}],"curies":[{"name":"wp","href":"https:\/\/api.w.org\/{rel}","templated":true}]}}