{"id":7254,"date":"2018-05-06T12:31:41","date_gmt":"2018-05-06T10:31:41","guid":{"rendered":"https:\/\/www.parafiawierzbno.com.pl\/?page_id=7254"},"modified":"2018-05-28T07:57:27","modified_gmt":"2018-05-28T05:57:27","slug":"ogloszenia-maj-2018","status":"publish","type":"page","link":"https:\/\/www.parafiawierzbno.com.pl\/?page_id=7254","title":{"rendered":"Og\u0142oszenia &#8211; Maj 2018"},"content":{"rendered":"<p><a title=\"Og\u0142oszenia parafialne\" href=\"https:\/\/www.parafiawierzbno.com.pl\/?page_id=225\">Powr\u00f3t do listy og\u0142osze\u0144<\/a><\/p>\n<h2 style=\"text-align: center;\"><span style=\"color: #00ccff;\">27 maja \u2013 Urocz. Naj\u015bwi\u0119tszej Tr\u00f3jcy<\/span><\/h2>\n<p>1. \u015awi\u0119tujemy dzi\u015b Uroczysto\u015b\u0107 Naj\u015bwi\u0119tszej Tr\u00f3jcy. O 16.30 nabo\u017ce\u0144stwo po-\u015bwi\u0119cenia p\u00f3l w Wierzbnie, zako\u0144czone o 18.00 Eucharysti\u0105 o b\u0142ogos\u0142awie\u0144stwo dla mieszka\u0144c\u00f3w Wierzbna i obfite plony. Ofiary na tac\u0119 s\u0105 przeznaczone na re-mont elewacji \u015bwi\u0105tyni i dzwonnicy. Jeste\u015bmy zaproszeni do Kryp na Piknik Pa-triotyczny. Jest nowy grafik na czerwiec dla zespo\u0142u liturgicznego.<\/p>\n<p>2. We wtorek zapraszam o 19.00 ch\u0119tnych parafian i rodzic\u00f3w dzieci klasy IV do uprz\u0105tni\u0119cia ulicy, kt\u00f3r\u0105 w czwartek przejdzie procesja Bo\u017cego Cia\u0142a.<\/p>\n<p>3. W czwartek uroczysto\u015b\u0107 Naj\u015bwi\u0119tszego Cia\u0142a i Krwi Chrystusa. Na Eucharystii o godz. 9.00 dzieci klasy IV b\u0119d\u0105 prze\u017cywa\u0107 rocznic\u0119 I Komunii \u015awi\u0119tej. Odnowi\u0105 przyrzeczenia chrzcielne i wyra\u017c\u0105 wdzi\u0119czno\u015b\u0107 Panu Jezusowi za Jego mi\u0142o\u015b\u0107. Po Mszy \u015bw. o 9.00 wyruszymy w procesji Eucharystycznej do 4 o\u0142tarzy wg trady-cyjnej trasy. Niech ta procesja b\u0119dzie dowodem naszej mi\u0142o\u015bci do Chrystusa obecnego w Eucharystii. Zapraszam druh\u00f3w stra\u017cak\u00f3w do asysty w procesji i kierowa- nia ruchem drogowym. Prosz\u0119 przygotowa\u0107 i zabra\u0107 na procesj\u0119 wszystkie chor\u0105gwie, feretrony i obrazy. Dzieci komunijne zach\u0119cam do sypania kwiatk\u00f3w, a ministrant\u00f3w do przygotowania uroczystej asysty. Prosz\u0119 o przygotowanie o\u0142tarzy mieszka\u0144c\u00f3w Sobonia, Jaworka i Wierzbna. Potem b\u0119dzie jeszcze Msza \u015bw. o 12.00 i 18.00.<\/p>\n<p>4. W czwartek na Msz\u0119 \u015bw. o 9.00 prosz\u0119, aby dzieci przynios\u0142y majow\u0105 uk\u0142adank\u0119. Za gorliwo\u015b\u0107 uczestnictwa w nabo\u017ce\u0144stwach majowych b\u0119d\u0105 upominki.<\/p>\n<p>5. Podczas oktawy Bo\u017cego Cia\u0142a serdecznie zapraszam na Eucharysti\u0119 o 18.00 i organizowanie procesji wok\u00f3\u0142 \u015bwi\u0105tyni mieszka\u0144c\u00f3w nast\u0119puj\u0105cych miejscowo\u015bci: w pi\u0105tek 1 czerwca: Jaworek, a sobot\u0119 2 czerwca \u2013 Wierzbno, w niedziel\u0119 po Mszy \u015bw. o 12.00 \u2013 Jan\u00f3wek i Wygl\u0119d\u00f3wek, w poniedzia\u0142ek 4 czerwca \u2013 Sobo\u0144, we wtorek 5 czerwca \u2013 W\u00f3lka i \u015awidno, w \u015brod\u0119 6 czerwca \u2013 Las Jaworski, Helen\u00f3w i Cierpi\u0119ta, a w czwartek na zako\u0144czenie oktawy \u2013 ca\u0142\u0105 wsp\u00f3lnot\u0119 Parafialn\u0105. Tradycyjnie na zako\u0144czenie po\u015bwi\u0119cenie wiank\u00f3w.<\/p>\n<p>6. W czerwcu zapraszam na nabo\u017ce\u0144stwa ku czci Naj\u015bwi\u0119tszego Serca Pana Jezusa. B\u0119dzie tak\u017ce sprawowana Msza \u015bw. gregoria\u0144ska o \u0142ask\u0119 nieba dla ks. Stanis\u0142awa Dadasa. W gablocie jest grafik, o kt\u00f3rej godzinie ka\u017cdego dnia b\u0119dzie Msza \u015bw. w intencji \u015bp. ks. Stanis\u0142awa. Wszyscy chcemy wyrazi\u0107 modlitewn\u0105 wdzi\u0119czno\u015b\u0107 ks. Stanis\u0142awowi i powinni\u015bmy licznie uczestniczy\u0107 w tej gregoriance. Kto mo\u017ce niech uczestniczy codziennie, a proponuj\u0119 taki porz\u0105dek, aby w poniedzia\u0142ki byli szczeg\u00f3lnie mieszka\u0144cy Sobonia, we wtorki &#8211; mieszka\u0144cy Adamowa, \u015awidna i W\u00f3lki, w \u015brody \u2013 mieszka\u0144cy Jan\u00f3wka i Wygl\u0119d\u00f3wka, w czwartki &#8211; mieszka\u0144cy Lasu Jaworskiego, Helenowa i Cierpi\u0105t, w pi\u0105tki \u2013 mieszka\u0144cy Jaworka, a w soboty \u2013 mieszka\u0144cy Wierzbna.<\/p>\n<p>7. Organizujemy 9 czerwca wyjazd do Siedlec na Centralne Uroczysto\u015bci Jubileuszu naszej Diecezji. Prosz\u0119 ch\u0119tnych o zg\u0142aszanie si\u0119, aby rezerwowa\u0107 miejsca.<\/p>\n<p>8. W najbli\u017csz\u0105 niedziel\u0119, 3 czerwca, \u015awi\u0119to Dzi\u0119kczynienia. Ofiarami do puszek wspieramy budow\u0119 \u015bwi\u0105tyni Opatrzno\u015bci Bo\u017cej w Warszawie. Po sumie procesja eucharystyczna i zmianka tajemnic r\u00f3\u017ca\u0144cowych z okazji pierwszej niedzieli miesi\u0105ca.<\/p>\n<p>9. Serdecznie dzi\u0119kuj\u0119 mieszka\u0144com Lasu Jaworskiego za sprz\u0105tanie ko\u015bcio\u0142a i na sobot\u0119 zapraszam: p. Regin\u0119 i Marka Wiel\u0105dek, p. Mieczys\u0142awa Radzio, p. Kry-styn\u0119 i Dariusza Radzio.<\/p>\n<p>10. Do Sakramentu Ma\u0142\u017ce\u0144stwa przygotowuj\u0105 si\u0119: Konrad Karol Kowalski, stanu wolnego, zam. w Warszawie, par \u015bw. Floriana i Ilona Jasi\u0144ska, panna zam. w Wygl\u0119d\u00f3wku, zapowiedz druga. Otoczmy ich nasz\u0105 modlitw\u0105.<\/p>\n<p>11. Zach\u0119cam do lektury nowy Nr \u201eEcha Katolickiego\u201d. Znajdziemy materia\u0142y formacyjne dla K\u00f3\u0142 \u017bywego R\u00f3\u017ca\u0144ca, relacj\u0119 z pogrzebu \u015bp. Ks. Konstantego Kusyka oraz \u015bwiadectwo pochodz\u0105cej z naszej diecezji siostry R\u00f3\u017cy.<\/p>\n<h2 style=\"text-align: center;\"><span style=\"color: #ff0000;\">20 maja \u2013 Zes\u0142anie Ducha \u015awi\u0119tego<\/span><\/h2>\n<p>1. Wraz z ca\u0142ym Ko\u015bcio\u0142em prze\u017cywamy Uroczysto\u015b\u0107 Zes\u0142ania Ducha \u015awi\u0119tego i wo\u0142amy o Jego dary dla wszystkich ochrzczonych. W naszej wsp\u00f3lnocie parafial-nej wraz z dzie\u0107mi dzi\u0119kujemy Panu Jezusowi za Pierwsz\u0105 Komuni\u0119 \u015awi\u0119t\u0105. U\u015bwiadamiamy sobie jak wielkim skarbem jest dla nas Eucharystia. Z ca\u0142ego ser-ca dzi\u0119kuj\u0119 p. katechetce Marcie Korzeniak za serce i trud przygotowania dzieci do pierwszej spowiedzi i Komunii \u015bw., dzi\u0119kuj\u0119 p. Andrzejowi K\u0105cy za opraw\u0119 muzyczn\u0105, a p. Anecie za dekoracj\u0119 \u015bwi\u0105tyni. Serdecznie dzi\u0119kuj\u0119 rodzicom za zaanga\u017cowanie i wsp\u00f3\u0142prac\u0119 w ci\u0105gu ca\u0142ego roku przygotowa\u0144 do tej uroczysto\u015bci.<\/p>\n<p>2. Rozpoczynamy tzw. \u201eBia\u0142y tydzie\u0144\u201d. Zapraszam dzieci komunijne i rodzic\u00f3w codziennie o godz. 18.00 na Eucharysti\u0119 i nabo\u017ce\u0144stwo majowe.<\/p>\n<p>3. Jutro \u015bwi\u0119to NMP Matki Ko\u015bcio\u0142a. Zapraszam na Msz\u0119 \u015bw. o 9.00 i 18.00.<\/p>\n<p>4. W czwartek \u015bwi\u0119to Jezusa Chrystusa Najwy\u017cszego i Wiecznego Kap\u0142ana. Msza \u015bw. o 7.30 i 18.00.<\/p>\n<p>5. W sobot\u0119 od 15.00 nabo\u017ce\u0144stwo po\u015bwi\u0119cenia p\u00f3l w Soboniu, zako\u0144czone Eucharysti\u0105 o obfite plony i Bo\u017ce b\u0142ogos\u0142awie\u0144stwo dla pracuj\u0105cych na roli.<\/p>\n<p>6. W najbli\u017csz\u0105 niedziel\u0119 Uroczysto\u015b\u0107 Naj\u015bwi\u0119tszej Tr\u00f3jcy i odpust parafialny w Wi\u015bniewie. Ofiary na tac\u0119 b\u0119d\u0105 przeznaczone na remont elewacji \u015bwi\u0105tyni i dzwonnicy. Od 16.30 nabo\u017ce\u0144stwo po\u015bwi\u0119cenia p\u00f3l w Wierzbnie, zako\u0144czone o 18.00 Eucharysti\u0105 o b\u0142ogos\u0142awie\u0144stwo dla mieszka\u0144c\u00f3w Wierzbna i obfite plony. W Krypach zapraszaj\u0105 nas na Piknik Patriotyczny<\/p>\n<p>7. Serdecznie dzi\u0119kuj\u0119 rodzicom dzieci komunijnych za sprz\u0105tanie \u015bwi\u0105tyni w tym tygodniu i na sobot\u0119 zapraszam rodziny z Lasu Jaworskiego: p. Halin\u0119 i Eugeniu-sza Wiel\u0105dek, p. Janin\u0119 i Bogus\u0142awa Aleksandrowicz oraz p. Monik\u0119 i Roberta Matusik.<\/p>\n<p>8. Rocznic\u0119 Pierwszej Komunii \u015awi\u0119tej b\u0119dziemy prze\u017cywa\u0107 Uroczysto\u015b\u0107 Cia\u0142a i Krwi Chrystusa Pana na Mszy \u015bw. o 9.00. Zapraszam w pi\u0105tek o 17.00 dzieci kla-sy IV i rodzic\u00f3w do sakramentu pokuty.<\/p>\n<p>9. Do Sakramentu Ma\u0142\u017ce\u0144stwa przygotowuj\u0105 si\u0119: \u0141ukasz Chabiera, kawaler z W\u00f3lki i Justyna Go\u0142\u0119gowska, panna z Siedlec, Parafii Katedralnej Niepokalanego Pocz\u0119cia&nbsp; NMP, zapowied\u017a trzecia; Konrad Karol Kowalski rozwiedziony, zam. w Warszawie, par \u015bw. Floriana i Ilona Jasi\u0144ska, panna zam. w Wygl\u0119d\u00f3wku, zapo-wiedz pierwsza. Otoczmy ich nasz\u0105 modlitw\u0105.<\/p>\n<p>10. Zach\u0119cam do lektury nowy Nr \u201eEcha Katolickiego\u201d. Przeczytamy w jaki spos\u00f3b dzia\u0142a Duch \u015awi\u0119ty, jak wychowywa\u0107 po katolicku oraz o \u0142askach uproszonych za przyczyn\u0105 \u015bw. Rity.<\/p>\n<p>11. W \u015brod\u0119 6 czerwca od 9.00 do 13.00 bezp\u0142atne badanie s\u0142uchu w Przychodni Centrum w Wierzbnie. Zainteresowanych prosimy o zapisywanie si\u0119 w przychodni.<\/p>\n<p>12. Pan B\u00f3g powo\u0142a\u0142 do wieczno\u015bci \u015bp. Teres\u0119 Filipiak z Jan\u00f3wka i Kazimierza Ku\u015bmierczyka z Jaworka. Pogrzeb \u015bp. Teresy we wtorek o godz. 14.15, a \u015bp. Kazi-mierza w \u015brod\u0119 o 14.00. Wieczny odpoczynek racz im da\u0107, Panie\u2026<\/p>\n<h2 style=\"text-align: center;\"><span style=\"color: #33cccc;\">13 maja \u2013 Urocz. Wniebowst\u0105pienia Pa\u0144skiego<\/span><\/h2>\n<p>1. Dzi\u015b uroczysto\u015b\u0107 Wniebowst\u0105pienia Pa\u0144skiego. Po Mszy \u015bw. o 9.00 zmianka tajemnic dla wsp\u00f3lnoty rodzic\u00f3w modl\u0105cych si\u0119 za dzieci. Przed sum\u0105 (20 min) nabo\u017ce\u0144stwo majowe. Od 15.00 nabo\u017ce\u0144stwo po\u015bwi\u0119cenia p\u00f3l w Jaworku zako\u0144czone Msz\u0105 \u015bw. o Bo\u017ce b\u0142ogos\u0142awie\u0144stwo w pracy na roli i o dobry urodzaj. Po Mszy \u015bw. wieczorowej zapraszam na Nabo\u017ce\u0144stwo Fatimskie. B\u0119dziemy modli\u0107 si\u0119 o spokojny deszcz i b\u0142ogos\u0142awie\u0144stwo dla rolnik\u00f3w. Procesja wok\u00f3\u0142 ko\u015bcio\u0142a i na cmentarzu. Ofiary na tac\u0119 s\u0105 przeznaczone na Jubileusz Diecezji. Gor\u0105co zach\u0119cam po ka\u017cdej Mszy \u015bw. do nabywania cegie\u0142ek na budow\u0119 Domu Pielgrzyma w Pratulinie.<\/p>\n<p>2. Dzi\u0119kuj\u0119 za ofiary na tac\u0119 w ubieg\u0142\u0105 niedziel\u0119 (2282 z\u0142) na zakup sprz\u0119tu stra\u017cackiego dla OSP Wierzbno.<\/p>\n<p>3. W poniedzia\u0142ek ko\u015bci\u00f3\u0142 sprz\u0105taj\u0105 rodzice dzieci, przygotowuj\u0105cych si\u0119 do I spowiedzi i Komunii \u015bw. W pi\u0105tek od godz. 16.00 pierwsza spowied\u017a dzieci, zach\u0119cam tak\u017ce do sakramentu pokuty rodzic\u00f3w, rodze\u0144stwo i rodzic\u00f3w chrzestnych.<\/p>\n<p>4. W najbli\u017csz\u0105 niedziel\u0119 uroczysto\u015b\u0107 Zes\u0142ania Ducha \u015awi\u0119tego i na Mszy \u015bw. o 10.00 Uroczysto\u015b\u0107 Pierwszej Komunii \u015bwi\u0119tej dla dzieci z klasy III.<\/p>\n<p>5. Dzi\u0119kuj\u0119 za sprz\u0105tanie ko\u015bcio\u0142a rodzinom z Wierzbna, a 26 maja dy\u017cur troski o czysto\u015b\u0107 ko\u015bcio\u0142a przejm\u0105&nbsp; ju\u017c mieszka\u0144cy Lasu Jaworskiego.<\/p>\n<p>6. Informuj\u0119, \u017ce planujemy nabo\u017ce\u0144stwo po\u015bwi\u0119cenie p\u00f3l w sobot\u0119 26 maja w Soboniu, a w niedziel\u0119 27 maja w Wierzbnie.<\/p>\n<p>7. Do Sakramentu Ma\u0142\u017ce\u0144stwa przygotowuj\u0105 si\u0119: \u0141ukasz Chabiera, kawaler z W\u00f3lki i Justyna Go\u0142\u0119gowska, panna z Siedlec, Parafii Katedralnej Niepokalanego Pocz\u0119cia&nbsp; NMP, zapowied\u017a druga. Otoczmy ich nasz\u0105 modlitw\u0105, aby z Bo\u017c\u0105 pomoc\u0105 stworzyli chrze\u015bcija\u0144sk\u0105 rodzin\u0119.<\/p>\n<p>8. Zach\u0119cam do lektury nowy Nr \u201eEcha Katolickiego\u201d. Przeczytamy o mocy r\u00f3\u017ca\u0144ca i cudach wyproszonych&nbsp; za jego przyczyn\u0105, o w\u0142oskim kapucynie o. Leopoldzie, o \u015bwi\u0119towaniu 3 Maja w naszej diecezji oraz o przyczynach kryzys\u00f3w w rodzinie.<\/p>\n<h2 style=\"text-align: center;\"><span style=\"color: #33cccc;\">6 maja \u2013 6 Niedziela Wielkanocy<\/span><\/h2>\n<p>1. Pierwsza niedziela maja, po Mszy \u015bw. o 9.00 zapraszam rodzic\u00f3w i dzieci klasy III na katechez\u0119 i spotkanie przygotowuj\u0105ce do pierwszej spowiedzi i Komunii \u015bw. Po sumie wystawienie Naj\u015bwi\u0119tszego Sakramentu, nabo\u017ce\u0144stwo majowe, procesja eucharystyczna i zmianka tajemnic r\u00f3\u017ca\u0144cowych. Dzi\u0119kuj\u0119 za ofiary na tac\u0119, kt\u00f3re s\u0105 przeznaczone na konieczny sprz\u0119t ga\u015bniczy i ratowniczy dla druh\u00f3w OSP Wierzbno. Po Mszy \u015bw. ofiarami do puszek wspieramy ks. Jaros\u0142awa Dziedzica i jego misje w Boliwii. Dzi\u015b od 15.00 nabo\u017ce\u0144stwo po\u015bwi\u0119cenia p\u00f3l w Jan\u00f3wku, a potem w Wygl\u0119d\u00f3wku. Intencja Apostolstwa Modlitwy na maj: Aby \u015bwieccy, poprzez wykorzystanie w\u0142asnej kreatywno\u015bci, wype\u0142niali swoj\u0105 szczeg\u00f3ln\u0105 misj\u0119 w s\u0142u\u017cbie wyzwaniom wsp\u00f3\u0142czesnego \u015bwiata.<\/p>\n<p>2. Uwielbiam Pana Boga za pi\u0119kn\u0105 pogod\u0119 w urocz. NMP Kr\u00f3lowej Polski. Przekonuj\u0119 si\u0119, \u017ce wsp\u00f3lnie mo\u017cemy du\u017co zrobi\u0107. Dzi\u0119kuj\u0119 mieszka\u0144com poszczeg\u00f3lnych miejscowo\u015bci za ciasto i przygotowanie pie\u015bni patriotycznych, dzi\u0119kuj\u0119 p. S\u0142awomirowi Zaboklickiemu za ufundowanie i wykonanie masztu, dzi\u0119kuj\u0119 kampanii reprezentacyjnej OSP Wierzbno i OSP Jaworek za u\u015bwietnienie Maj\u00f3wki Patriotycznej, dzi\u0119kuj\u0119 p. Wo\u0142kiewiczowi za pami\u0105tkow\u0105 tablic\u0119, dzi\u0119kuje p. Rafa\u0142owi Miklaszewskiemu za namiot i fotografie. Serdecznie dzi\u0119kuj\u0119 za pomoc p. El\u017cbiecie W\u0105sowskiej, p. Marzenie Kazimierskiej, p. Markowi Wiel\u0105dek, p. Krzysztofowi Zwierz, p. Ma\u0142gorzacie Malinowskiej, p. Anecie Miklaszewskiej oraz p. Ma\u0142gorzacie i Micha\u0142owi W\u0105sowskim. Doch\u00f3d ze sprzeda\u017cy lod\u00f3w jest przekazany druhom z OSP Wierzbno. Z serca \u201eB\u00f3g zap\u0142a\u0107!\u201d<\/p>\n<p>3. We wtorek urocz. \u015aw. Stanis\u0142awa, biskupa i m\u0119czennika, g\u0142\u00f3wnego patrona Polski.<\/p>\n<p>4. W pi\u0105tek rozpocz\u0119cie nowenny przed Zes\u0142aniem Ducha \u015awi\u0119tego.<\/p>\n<p>5. W najbli\u017csz\u0105 niedziel\u0119 uroczysto\u015b\u0107 Wniebowst\u0105pienia Pa\u0144skiego. Po Mszy \u015bw. o 9.00 zmianka tajemnic dla wsp\u00f3lnoty rodzic\u00f3w modl\u0105cych si\u0119 za dzieci. Od 15.00 nabo\u017ce\u0144stwo po\u015bwi\u0119cenia p\u00f3l w Jaworku zako\u0144czone Msz\u0105 \u015bw. o bo\u017ce b\u0142ogos\u0142awie\u0144stwo w pracy na roli i dobry urodzaj. Po Mszy \u015bw. wieczorowej Nabo\u017ce\u0144stwo Fatimskie i procesja wok\u00f3\u0142 ko\u015bcio\u0142a i na cmentarzu. Ofiary na tac\u0119 b\u0119d\u0105 przeznaczone na Jubileusz Diecezji. Gor\u0105co zach\u0119cam do nabywania cegie\u0142ek na budow\u0119 Domu Pielgrzyma w Pratulinie.<\/p>\n<p>6. Serdecznie dzi\u0119kuj\u0119 mieszka\u0144com Jaworka za solidn\u0105 prac\u0119 przy segregacji i wywiezieniu naturalnych odpad\u00f3w na kompostownik.<\/p>\n<p>7. Dzi\u0119kuj\u0119 za sprz\u0105tanie ko\u015bcio\u0142a i na sobot\u0119 zapraszam: p. Iren\u0119 Wr\u00f3blewsk\u0105, p. Dorot\u0119 i Dariusza Wr\u00f3blewskich oraz p. Wand\u0119 Zieli\u0144sk\u0105.<\/p>\n<p>8. Do Sakramentu Ma\u0142\u017ce\u0144stwa przygotowuj\u0105 si\u0119: Micha\u0142 Tomkiewicz, kawaler ze \u015awidna i Anna Rostek, panna ze Stoczka, parafia \u015bw. Stanis\u0142awa biskupa i m\u0119czennika w Stoczku, zapowied\u017a trzecia. \u0141ukasz Chabiera, kawaler z W\u00f3lki i Justyna Go\u0142\u0119gowska, panna z Siedlec, Parafii Katedralnej Niepokalanego Pocz\u0119cia&nbsp; NMP, zapowied\u017a pierwsza. Otoczmy ich nasz\u0105 modlitw\u0105, aby z Bo\u017c\u0105 pomoc\u0105 stworzyli chrze\u015bcija\u0144sk\u0105 rodzin\u0119.<\/p>\n<p>9. Zach\u0119cam do lektury nowy Nr \u201eEcha Katolickiego\u201d. Przeczytamy, dlaczego warto zaprzyja\u017ani\u0107 si\u0119 ze \u015bw. Szarbelem, dlaczego papie\u017c Franciszek zwo\u0142a\u0142 synod nt. m\u0142odzie\u017cy oraz \u015bwiadectwo Moniki i Marcina.<\/p>\n","protected":false},"excerpt":{"rendered":"<p>Powr\u00f3t do listy og\u0142osze\u0144 27 maja \u2013 Urocz. Naj\u015bwi\u0119tszej Tr\u00f3jcy 1. \u015awi\u0119tujemy dzi\u015b Uroczysto\u015b\u0107 Naj\u015bwi\u0119tszej Tr\u00f3jcy. O 16.30 nabo\u017ce\u0144stwo po-\u015bwi\u0119cenia p\u00f3l w Wierzbnie, zako\u0144czone o 18.00 Eucharysti\u0105 o b\u0142ogos\u0142awie\u0144stwo dla mieszka\u0144c\u00f3w Wierzbna i obfite plony. Ofiary na tac\u0119 s\u0105 przeznaczone na re-mont elewacji \u015bwi\u0105tyni i dzwonnicy. Jeste\u015bmy zaproszeni do Kryp na Piknik Pa-triotyczny. Jest nowy grafik na czerwiec dla zespo\u0142u liturgicznego. 2. We wtorek zapraszam o 19.00 ch\u0119tnych parafian i rodzic\u00f3w dzieci klasy IV do uprz\u0105tni\u0119cia ulicy, kt\u00f3r\u0105 w czwartek przejdzie procesja Bo\u017cego Cia\u0142a. 3. W czwartek uroczysto\u015b\u0107 Naj\u015bwi\u0119tszego Cia\u0142a i Krwi Chrystusa. Na Eucharystii o godz. 9.00 dzieci klasy IV b\u0119d\u0105 prze\u017cywa\u0107 rocznic\u0119 I Komunii \u015awi\u0119tej. Odnowi\u0105 przyrzeczenia chrzcielne i wyra\u017c\u0105 wdzi\u0119czno\u015b\u0107 Panu Jezusowi za Jego mi\u0142o\u015b\u0107. Po Mszy \u015bw. o 9.00 wyruszymy w procesji Eucharystycznej do 4 o\u0142tarzy wg trady-cyjnej trasy. Niech ta procesja b\u0119dzie dowodem naszej mi\u0142o\u015bci do Chrystusa obecnego w Eucharystii. Zapraszam druh\u00f3w stra\u017cak\u00f3w do asysty \u2026 <a class=\"continue-reading-link\" href=\"https:\/\/www.parafiawierzbno.com.pl\/?page_id=7254\">Czytaj dalej <span class=\"meta-nav\">&rarr; <\/span><\/a><\/p>\n","protected":false},"author":1,"featured_media":0,"parent":225,"menu_order":0,"comment_status":"closed","ping_status":"closed","template":"","meta":{"ngg_post_thumbnail":0},"_links":{"self":[{"href":"https:\/\/www.parafiawierzbno.com.pl\/index.php?rest_route=\/wp\/v2\/pages\/7254"}],"collection":[{"href":"https:\/\/www.parafiawierzbno.com.pl\/index.php?rest_route=\/wp\/v2\/pages"}],"about":[{"href":"https:\/\/www.parafiawierzbno.com.pl\/index.php?rest_route=\/wp\/v2\/types\/page"}],"author":[{"embeddable":true,"href":"https:\/\/www.parafiawierzbno.com.pl\/index.php?rest_route=\/wp\/v2\/users\/1"}],"replies":[{"embeddable":true,"href":"https:\/\/www.parafiawierzbno.com.pl\/index.php?rest_route=%2Fwp%2Fv2%2Fcomments&post=7254"}],"version-history":[{"count":6,"href":"https:\/\/www.parafiawierzbno.com.pl\/index.php?rest_route=\/wp\/v2\/pages\/7254\/revisions"}],"predecessor-version":[{"id":7830,"href":"https:\/\/www.parafiawierzbno.com.pl\/index.php?rest_route=\/wp\/v2\/pages\/7254\/revisions\/7830"}],"up":[{"embeddable":true,"href":"https:\/\/www.parafiawierzbno.com.pl\/index.php?rest_route=\/wp\/v2\/pages\/225"}],"wp:attachment":[{"href":"https:\/\/www.parafiawierzbno.com.pl\/index.php?rest_route=%2Fwp%2Fv2%2Fmedia&parent=7254"}],"curies":[{"name":"wp","href":"https:\/\/api.w.org\/{rel}","templated":true}]}}