{"id":7857,"date":"2018-07-02T06:49:59","date_gmt":"2018-07-02T04:49:59","guid":{"rendered":"https:\/\/www.parafiawierzbno.com.pl\/?page_id=7857"},"modified":"2018-08-01T17:10:10","modified_gmt":"2018-08-01T15:10:10","slug":"ogloszenia-lipiec-2018","status":"publish","type":"page","link":"https:\/\/www.parafiawierzbno.com.pl\/?page_id=7857","title":{"rendered":"Og\u0142oszenia &#8211; Lipiec 2018"},"content":{"rendered":"<p><a title=\"Og\u0142oszenia parafialne\" href=\"https:\/\/www.parafiawierzbno.com.pl\/?page_id=225\">Powr\u00f3t do listy og\u0142osze\u0144<\/a><\/p>\n<h2 style=\"text-align: center;\"><span style=\"color: #ff0000;\">29 lipca \u2013 17 Niedziela zwyk\u0142a<\/span><\/h2>\n<p>1. Z serca dzi\u0119kuj\u0119 kierowcom za wsparcie Akcji \u015bw. Krzysztof. Na MIVA przes\u0142a\u0142em 1285 z\u0142. Dzi\u0119kuj\u0119 r\u00f3wnie\u017c za ofiary na remont elewacji ko\u015bcio\u0142a i dzwonnicy. Wczoraj rozmawia\u0142em z szefem firmy i mo\u017ce za dwa tygodnie przyst\u0105pi\u0105 do pracy. Jest nowy grafik dla czytaj\u0105cych S\u0142owo Bo\u017ce podczas Eucharystii. Intencje apostolstwa modlitwy na sierpie\u0144: Aby wielkie wybory ekonomiczne i polityczne chroni\u0142y rodziny jako skarb ludzko\u015bci. Parafialna: Aby nasza modlitwa by\u0142a wsparciem dla misjonarzy i misjonarek, by z moc\u0105 Ducha \u015awi\u0119tego g\u0142osili Ewangeli\u0119.<\/p>\n<p>2. W \u015brod\u0119 rozpoczynamy sierpie\u0144. Jest serdeczna pro\u015bba, aby prze\u017cy\u0107 miesi\u0105c sierpie\u0144 bez alkoholu. Episkopat Polski zach\u0119ca do stu dni abstynencji na stulecie odzyskania niepodleg\u0142o\u015bci. Jest to nasz egzamin z wolno\u015bci i mi\u0142o\u015bci do Ojczyzny!<\/p>\n<p>3. W czwartek 2 sierpnia mo\u017cemy uzyska\u0107 odpust \u201ePorcjunkuli\u201d, zwi\u0105zany z male\u0144kim ko\u015bci\u00f3\u0142kiem w Asy\u017cu z czas\u00f3w \u015bw. Franciszka.&nbsp; O 7.30 Msza \u015bw. za zmar\u0142ych polecanych Bo\u017cemu Mi\u0142osierdziu w wypominkach, od 17.00 adoracja Naj\u015bw. Sakramentu, modlitwa o powo\u0142ania do kap\u0142a\u0144stwa i \u017cycia konsekrowanego oraz okazja do spowiedzi przed pierwszym pi\u0105tkiem miesi\u0105ca.<\/p>\n<p>4. Pierwszy pi\u0105tek, o 7.30 Msza \u015bw. wynagradzaj\u0105ca Naj\u015bw. Sercu Pana Jezusa za grzechy nasze i ca\u0142ego \u015bwiata, od 9.00 odwiedzam chorych pragn\u0105cych przyj\u0105\u0107 Komuni\u0119 \u015bw. i jeszcze Msza \u015bw. o 18.00.<\/p>\n<p>5. W najbli\u017csz\u0105 niedziel\u0119 b\u0119dziemy go\u015bci\u0107 misjonarza ks. Tomasza Denickiego. Wesprzemy go ofiarami na tac\u0119, a po Mszy \u015bw. ks. misjonarz b\u0119dzie rozprowadza\u0142 ksi\u0105\u017cki o swojej pos\u0142udze w Boliwii.<\/p>\n<p>6. W pi\u0105tek, 3 sierpnia, witamy ok. 16.30 i go\u015bcimy utrudzonych pielgrzym\u00f3w z Bia\u0142ostockiej Pieszej Pielgrzymki. Serdecznie prosz\u0119 o zrobienie pierog\u00f3w z grzybami, kapust\u0105 i mi\u0119sem. Pragniemy ugo\u015bci\u0107 pielgrzym\u00f3w kolacj\u0105 i w sobot\u0119 o 7.00 rano \u2013 \u015bniadaniem. Prosz\u0119 o zg\u0142aszanie wolontariuszy, gotowych pos\u0142u\u017cy\u0107 pielgrzymom. Z serca dzi\u0119kuj\u0119 tym, kt\u00f3rzy ju\u017c od lat zapraszaj\u0105 pielgrzym\u00f3w do swych dom\u00f3w, aby mogli skorzysta\u0107 z prysznica i odpocz\u0105\u0107 przed kolejnym etapem. Je\u015bli kto\u015b pragnie przyj\u0105\u0107 pielgrzym\u00f3w na nocleg, to prosz\u0119 zg\u0142osi\u0107 do mnie, poniewa\u017c kwatermistrz zawsze szuka takich \u017cyczliwych ludzi.<\/p>\n<p>7. W niedziel\u0119 ok 13.50 witamy w Wierzbnie Bia\u0142ostock\u0105 Rowerow\u0105 Pielgrzymk\u0119 na Jasn\u0105 G\u00f3r\u0119. Zechc\u0105 u nas troch\u0119 odpocz\u0105\u0107, posili\u0107 si\u0119 i odm\u00f3wi\u0107 w \u015bwi\u0105tyni Koronk\u0119 do Mi\u0142osierdzia Bo\u017cego.<\/p>\n<p>8. Dzi\u0119kuj\u0119 za sprz\u0105tanie ko\u015bcio\u0142a rodzinom z Jaworka i na sobot\u0119 zapraszam: p. Ryszarda Pernach, p. Agat\u0119 i Waldemara Mr\u00f3z oraz p. Ireneusza i Wies\u0142awa Zagrodzkich.<\/p>\n<p>9. Do Sakramentu Ma\u0142\u017ce\u0144stwa przygotowuj\u0105 si\u0119: Marcin Lipka, kawaler zam. w parafii \u015bw. Wawrzy\u0144ca w Korytnicy i Katarzyna Replin, panna zam. w Wierzbnie, zapowiedz druga. Otoczmy narzeczonych nasz\u0105 modlitw\u0105, aby z Bo\u017c\u0105 pomoc\u0105 stworzyli szcz\u0119\u015bliwa chrze\u015bcija\u0144sk\u0105 rodzin\u0119<\/p>\n<p>10. Zach\u0119cam do lektury nowy Nr \u201eEcha Katolickiego\u201d. Przeczytamy jak niepe\u0142nosprawni pielgrzymuj\u0105 do Cz\u0119stochowy, o akcji: \u201eAlzheimer! Jak z nim \u017cy\u0107!\u201d Jest tak\u017ce o spotkaniu z misjonark\u0105 Katarzyn\u0105 Parnick\u0105, o potrzebie zakupu nowej windy dla Kamila i Beaty Chabiera. Zach\u0119cam do wsparcia ich poprzez wp\u0142at\u0119 na konto podane w \u201eEchu\u201d a tak\u017ce w gablocie przy ko\u015bciele.<\/p>\n<h2 style=\"text-align: center;\"><span style=\"color: #ff0000;\">22 lipca \u2013 16 Niedziela zwyk\u0142a<\/span><\/h2>\n<p>1. Rozpoczynamy Tydzie\u0144 \u015bw. Krzysztofa i Akcj\u0119 1 gr za 1 km na \u015brodki transportu dla misjonarzy. Mottem tego tygodnia jest wezwanie: \u201eZ moc\u0105 Ducha \u015awi\u0119tego niesiemy Chrystusa\u201d. Dzi\u015b po ka\u017cdej Mszy \u015bw. b\u0142ogos\u0142awie\u0144stwo kierowc\u00f3w i samochod\u00f3w, motocykli, skuter\u00f3w i rower\u00f3w z okazji \u015bw. Krzysztofa, patrona kierowc\u00f3w. W ubieg\u0142ym roku z Akcji \u015bw. Krzysztof zrealizowano 96 projekt\u00f3w polskich misjonarzy i misjonarek z 26 kraj\u00f3w \u015bwiata na sum\u0119 2 mln 775 tys. z\u0142. (zakupiono 48 samochod\u00f3w, 2 busy, 1 ambulans, 8 motocykli, 470 rower\u00f3w, 2 \u0142odzie i 30 w\u00f3zk\u00f3w inwalidzkich).<\/p>\n<p>2. Przekazuj\u0119 gor\u0105ce pozdrowienia od wiernych i kap\u0142an\u00f3w pos\u0142uguj\u0105cych w Kazachstanie. Jestem wdzi\u0119czny Panu Bogu za dni tam sp\u0119dzone, za do\u015bwiadczenie rado\u015bci i \u017cywej nadziei wiernych Ko\u015bcio\u0142a w tym kraju. By\u0142em w kilku parafiach katolickich: w Astanie, Karagandzie, Szczuci\u0144skie, Pietropaw\u0142owsku i w Oziornym. Wkr\u00f3tce b\u0119d\u0105 fotografie z Kazachstanu na naszej stronie parafialnej. Prosz\u0119&nbsp; by\u015bmy pami\u0119tali w codziennych modlitwach o misjach i o misjonarzach.<\/p>\n<p>3. Jutro \u015bw. Brygidy, patronki Europy. Msza \u015bw. o 7.30 i 18.00.<\/p>\n<p>4. W czwartek wspomnienie \u015bw. Joachima i Anny, rodzic\u00f3w NMP. To szczeg\u00f3lny dzie\u0144 wdzi\u0119czno\u015bci naszym szanownym dziadkom i babciom oraz emerytom. Zapraszam na Eucharysti\u0119 o 7.00 i 18.00.<\/p>\n<p>5. W najbli\u017csz\u0105 niedziel\u0119 ofiary b\u0119d\u0105 przeznaczone na remont elewacji ko\u015bcio\u0142a i dzwonnicy. Mam nadziej\u0119, \u017ce firma ju\u017c rozpocznie prac\u0119 przy zabezpieczaniu fundament\u00f3w.<\/p>\n<p>6. Ju\u017c wkr\u00f3tce w pi\u0105tek 3 sierpnia b\u0119dziemy go\u015bci\u0107 pielgrzym\u00f3w z Bia\u0142ostockiej Pieszej Pielgrzymki. Zatrzymaj\u0105 si\u0119 w Wierzbnie na nocleg i w sobot\u0119 rano po Eucharystii i \u015bniadaniu rozpoczn\u0105 kolejny dzie\u0144 pielgrzymowania do Tronu Jasnog\u00f3rskiej Pani. Z ca\u0142ego serca prosz\u0119 o przygotowanie pierog\u00f3w dla pielgrzym\u00f3w. Cho\u0107 jest to pi\u0105tek, to mog\u0105 by\u0107 pierogi z grzybami i z mi\u0119sem. Zapro\u015bmy te\u017c pielgrzym\u00f3w do naszych dom\u00f3w, aby mogli odpocz\u0105\u0107 i dozna\u0107 naszej go\u015bcinno\u015bci.<\/p>\n<p>7. Dzi\u0119kuj\u0119 za sprz\u0105tanie ko\u015bcio\u0142a rodzinom z Jaworka i na sobot\u0119 zapraszam: p. Stanis\u0142aw\u0119 Ku\u015bmierczyk, p. Agnieszk\u0119 i Sylwestra \u0141okietek oraz p. Wac\u0142awa Zdzis\u0142awa Zagrodzkiego.<\/p>\n<p>8. Do Sakramentu Ma\u0142\u017ce\u0144stwa przygotowuj\u0105 si\u0119: Marcin Lipka, kawaler zam. w parafii \u015bw. Wawrzy\u0144ca w Korytnicy i Katarzyna Replin, panna zam. w Wierzbnie, zapowiedz pierwsza. Otoczmy narzeczonych nasz\u0105 modlitw\u0105, aby z Bo\u017c\u0105 pomoc\u0105 stworzyli szcz\u0119\u015bliwa chrze\u015bcija\u0144sk\u0105 rodzin\u0119.<\/p>\n<p>9. Zach\u0119cam do lektury nowy Nr \u201eEcha Katolickiego\u201d. Przeczytamy o kulcie Krwi Chrystusa, kt\u00f3ra oczyszcza nas z grzech\u00f3w i uzdrawia oraz o powierzaniu siostrom konkretnych pr\u00f3\u015bb w internetowej skrzynce intencji<\/p>\n<h2 style=\"text-align: center;\"><span style=\"color: #ff0000;\">15 lipca \u2013 15 Niedziela zwyk\u0142a<\/span><\/h2>\n<p>1. Serdecznie pozdrawiam z Kazachstanu. Dzi\u015b \u0142\u0105cz\u0119 si\u0119 z nasz\u0105 parafi\u0105 sprawuj\u0105c Eucharysti\u0119 w Sanktuarium Matki Bo\u017cej Kr\u00f3lowej Pokoju w Oziornom. Do dzi\u015b mieszka tu wielu Polak\u00f3w, potomk\u00f3w wywiezionych ze wschodniej Polski.<\/p>\n<p>2. W niedziel\u0119 22 lipca po ka\u017cdej Mszy \u015bw. b\u0142ogos\u0142awie\u0144stwo samochod\u00f3w, skuter\u00f3w i rower\u00f3w z okazji \u015bw. Krzysztofa, Patrona podr\u00f3\u017cuj\u0105cych. \u201eAkcja 1 gr za 1 km\u201d, aby pom\u00f3c polskim misjonarzom i misjonarkom w zakupie \u015brodk\u00f3w transportu.<\/p>\n<p>3. Zach\u0119cam do podj\u0119cia trudu pielgrzymowania do tronu Jasnog\u00f3rskiej Pani. To niezapomniane do\u015bwiadczenie braterskiej \u017cyczliwo\u015bci i mi\u0142o\u015bci oraz wsp\u00f3lnoty Ko\u015bcio\u0142a. W gablocie s\u0105 bli\u017csze informuje o Pieszej Podlaskiej Pielgrzymce i Bia\u0142ostockiej Pieszej Pielgrzymce na Jasn\u0105 G\u00f3r\u0119.<\/p>\n<p>4. Dzi\u0119kuj\u0119 za sprz\u0105tanie ko\u015bcio\u0142a i na sobot\u0119 zapraszam: p. Katarzyn\u0119 i S\u0142awomira Laskowskich, p. Tadeusza Banaszek, p. Zbigniewa Podlaszewskiego oraz p. Barbar\u0119 i Micha\u0142a Troszkiewicz.<\/p>\n<p>5. Zach\u0119cam do lektury nowy Nr \u201eEcha Katolickiego\u201d.<\/p>\n<h2 style=\"text-align: center;\"><span style=\"color: #ff0000;\">8 lipca \u2013 14 Niedziela zwyk\u0142a<\/span><\/h2>\n<p>1. Cieszymy si\u0119 z obecno\u015bci w naszej wsp\u00f3lnocie p. Katarzyny Parnickiej, kt\u00f3ra jest \u015bwieck\u0105 misjonark\u0105 pos\u0142uguj\u0105c\u0105 w Paragwaju. Dzi\u0119kujemy za jej \u015bwiadectwo i zapewniamy o modlitewnym wsparciu.<\/p>\n<p>2. Po Mszy \u015bw. o 9.00 zmianka tajemnic r\u00f3\u017ca\u0144cowych dla wsp\u00f3lnoty rodzic\u00f3w modl\u0105cych si\u0119 za dzieci. Po sumie koncert pie\u015bni patriotycznych w wykonaniu W\u0119growskiego Ch\u00f3ru \u201eBelcanto\u201d i wystawa \u201eW\u0119growskie Drogi do Niepodleg\u0142o\u015bci\u201d.<\/p>\n<p>3. Jutro wyruszam do Kazachstanu a w parafii zast\u0105pi mnie ks. Stanis\u0142aw Abramczuk. W najbli\u017csz\u0105 niedziel\u0119 w Kazachstanie w Oziornom odprawi\u0119 dwie Msze \u015bw., kt\u00f3re s\u0105 wyznaczone w grafiku.<\/p>\n<p>4. W pi\u0105tek po Mszy \u015bw. o 18.00 Nabo\u017ce\u0144stwo Fatimskie, kt\u00f3remu b\u0119dzie przewodniczy\u0142 ks. Piotr Wr\u00f3blewski.<\/p>\n<p>5. W niedziel\u0119 22 lipca po ka\u017cdej Mszy \u015bw. b\u0142ogos\u0142awie\u0144stwo samochod\u00f3w, skuter\u00f3w i rower\u00f3w z okazji \u015bw. Krzysztofa, Patrona podr\u00f3\u017cuj\u0105cych. \u201eAkcja 1 gr za 1 km\u201d, aby pom\u00f3c polskim misjonarzom i misjonarkom w zakupie \u015brodk\u00f3w transportu.<\/p>\n<p>6. Dzi\u0119kuj\u0119 za sprz\u0105tanie ko\u015bcio\u0142a mieszka\u0144com Helenowa i na sobot\u0119 zapraszam rodziny z Jaworka: p. Zofi\u0119 Jarmu\u017cewsk\u0105, p. Gra\u017cyn\u0119 i Stefana Cichockich oraz p. Miros\u0142awa Ku\u015bmierczyka.<\/p>\n<p>7. Zach\u0119cam do lektury nowy Nr \u201eEcha Katolickiego\u201d. Przeczytamy wspomnienia o ks. infu\u0142acie Antonim Chojeckim, jak g\u0142osi\u0107 dzi\u015b Ewangeli\u0119 oraz co o tatua\u017cach m\u00f3wi nasza wiara.<\/p>\n<h2 style=\"text-align: center;\"><span style=\"color: #ff0000;\">1 lipca \u2013 13 Niedziela zwyk\u0142a<\/span><\/h2>\n<p>1. Dzi\u015b po sumie adoracja Naj\u015bwi\u0119tszego Sakramentu i procesja eucharystyczna, a potem zmianka tajemnic r\u00f3\u017ca\u0144cowych. Intencja Apostolstwa Modlitwy na lipiec: Aby kap\u0142ani, kt\u00f3rzy do\u015bwiadczaj\u0105 zm\u0119czenia i samotno\u015bci w swojej pracy duszpasterskiej, znale\u017ali pomoc i pocieszenie w przyja\u017ani Pana i swoich braci. Ofiarami do puszek wspieramy misjonarza ks. Jaros\u0142awa Dziedzica i misje w Boliwii.<\/p>\n<p>2. Serdecznie dzi\u0119kuj\u0119 wszystkim, kt\u00f3rzy wnie\u015bli sw\u00f3j wk\u0142ad w \u015bwi\u0119towanie uroczysto\u015bci odpustu \u015bw. Aposto\u0142\u00f3w Piotra i Paw\u0142a, a wi\u0119c p. Anecie Miklaszewskiej za \u015bpiew i dekoracj\u0119 kwiatami, p. Marii Komorowskiej za zmian\u0119 obrus\u00f3w, katechetce p. Marcie Korzeniak za opiek\u0119 nad dzie\u0107mi podczas procesji, druhom stra\u017cakom za asyst\u0119 na procesji, pa\u0144stwu Popowskim za w\u0119dlin\u0119 i tym, kt\u00f3rzy przynie\u015bli ciasto i przygotowali obiad dla kap\u0142an\u00f3w. B\u00f3g zap\u0142a\u0107! Z serca dzi\u0119kuj\u0119 wszystkim, kt\u00f3rzy uczestniczyli we Mszy \u015bw. o \u0142ask\u0119 nieba dla ks. Stanis\u0142awa Dadasa. Jest to najlepszy dow\u00f3d naszej wdzi\u0119czno\u015bci.<\/p>\n<p>3. Jutro w Kodniu Diecezjalny Dzie\u0144 Chorego i Odpust ku czci Matki Bo\u017cej Kode\u0144skiej. O godz. 12.00 uroczysta suma pod przewodnictwem ks. Biskupa Kazimierza Gurdy. Szczeg\u00f3\u0142owy program w gablocie przy ko\u015bciele.<\/p>\n<p>4. W czwartek o 7.30 Msza \u015bw. za zmar\u0142ych polecanych w wypominkach, a od 17.00 wystawienie Naj\u015bw. Sakramentu, adoracja, modlitwa o powo\u0142ania kap\u0142a\u0144skie i do \u017cycia konsekrowanego, a tak\u017ce okazja do spowiedzi przed I pi\u0105tkiem miesi\u0105ca.<\/p>\n<p>5. Pierwszy pi\u0105tek miesi\u0105ca, od 9.00 odwiedzam chorych pragn\u0105cych przyj\u0105\u0107 Chrystusa w Komunii \u015bw., od 17.00 \u2013 spowied\u017a, a potem Msza \u015bw. Litania do Naj\u015bwi\u0119tszego Serca Pana Jezusa i akt wynagrodzenia za grzechy nasze i ca\u0142ego \u015bwiata.<\/p>\n<p>6. W najbli\u017csz\u0105 niedziel\u0119 po Mszy \u015bw. o 9.00 zmianka tajemnic r\u00f3\u017ca\u0144cowych dla wsp\u00f3lnoty rodzic\u00f3w modl\u0105cych si\u0119 za dzieci. Po sumie koncert pie\u015bni patriotycznych w wykonaniu W\u0119growskiego Ch\u00f3ru \u201eBelcanto\u201d i wystawa \u201eW\u0119growskie Drogi do Niepodleg\u0142o\u015bci\u201d. Zach\u0119cam do uczestnictwa.<\/p>\n<p>7. Trwaj\u0105 zapisy na Jubileuszow\u0105 Pielgrzymk\u0119 do Krakowa, Kalwarii Zebrzydowskiej i Wadowic we wrze\u015bniu. Dotychczas zg\u0142osi\u0142o si\u0119 23 osoby i zach\u0119cam innych do podj\u0119cia decyzji o swoim uczestnictwie.<\/p>\n<p>8. Od 9 do 17 lipca wyje\u017cd\u017cam do Kazachstanu w ramach przys\u0142uguj\u0105cego mi urlopu. W parafii zast\u0105pi mnie ks. Stanis\u0142aw Abramczuk.<\/p>\n<p>9. Dzi\u0119kuj\u0119 za sprz\u0105tanie ko\u015bcio\u0142a rodzinom z Helenowa i na sobot\u0119 zapraszam: p. Barbar\u0119 i Arkadiusza Zalewskich, p. Ma\u0142gorzat\u0119 i Konrada Tafila oraz p. Agnieszk\u0119 i Grzegorza Brogowskich. W nast\u0119pnej kolejno\u015bci trosk\u0119 o czysto\u015b\u0107 ko\u015bcio\u0142a przejmie Jaworek.<\/p>\n<p>10. Zach\u0119cam do lektury nowy Nr. \u201eEcha Katolickiego\u201d. Przeczytamy o \u0142askach uproszonych za wstawiennictwem Maryi w Kodniu, jak dobrze prze\u017cy\u0107 wakacje oraz o egzaminie wiary.<\/p>\n","protected":false},"excerpt":{"rendered":"<p>Powr\u00f3t do listy og\u0142osze\u0144 29 lipca \u2013 17 Niedziela zwyk\u0142a 1. Z serca dzi\u0119kuj\u0119 kierowcom za wsparcie Akcji \u015bw. Krzysztof. Na MIVA przes\u0142a\u0142em 1285 z\u0142. Dzi\u0119kuj\u0119 r\u00f3wnie\u017c za ofiary na remont elewacji ko\u015bcio\u0142a i dzwonnicy. Wczoraj rozmawia\u0142em z szefem firmy i mo\u017ce za dwa tygodnie przyst\u0105pi\u0105 do pracy. Jest nowy grafik dla czytaj\u0105cych S\u0142owo Bo\u017ce podczas Eucharystii. Intencje apostolstwa modlitwy na sierpie\u0144: Aby wielkie wybory ekonomiczne i polityczne chroni\u0142y rodziny jako skarb ludzko\u015bci. Parafialna: Aby nasza modlitwa by\u0142a wsparciem dla misjonarzy i misjonarek, by z moc\u0105 Ducha \u015awi\u0119tego g\u0142osili Ewangeli\u0119. 2. W \u015brod\u0119 rozpoczynamy sierpie\u0144. Jest serdeczna pro\u015bba, aby prze\u017cy\u0107 miesi\u0105c sierpie\u0144 bez alkoholu. Episkopat Polski zach\u0119ca do stu dni abstynencji na stulecie odzyskania niepodleg\u0142o\u015bci. Jest to nasz egzamin z wolno\u015bci i mi\u0142o\u015bci do Ojczyzny! 3. W czwartek 2 sierpnia mo\u017cemy uzyska\u0107 odpust \u201ePorcjunkuli\u201d, zwi\u0105zany z male\u0144kim ko\u015bci\u00f3\u0142kiem w Asy\u017cu z czas\u00f3w \u015bw. Franciszka.&nbsp; O 7.30 Msza \u015bw. za zmar\u0142ych \u2026 <a class=\"continue-reading-link\" href=\"https:\/\/www.parafiawierzbno.com.pl\/?page_id=7857\">Czytaj dalej <span class=\"meta-nav\">&rarr; <\/span><\/a><\/p>\n","protected":false},"author":1,"featured_media":0,"parent":225,"menu_order":0,"comment_status":"closed","ping_status":"closed","template":"","meta":{"ngg_post_thumbnail":0},"_links":{"self":[{"href":"https:\/\/www.parafiawierzbno.com.pl\/index.php?rest_route=\/wp\/v2\/pages\/7857"}],"collection":[{"href":"https:\/\/www.parafiawierzbno.com.pl\/index.php?rest_route=\/wp\/v2\/pages"}],"about":[{"href":"https:\/\/www.parafiawierzbno.com.pl\/index.php?rest_route=\/wp\/v2\/types\/page"}],"author":[{"embeddable":true,"href":"https:\/\/www.parafiawierzbno.com.pl\/index.php?rest_route=\/wp\/v2\/users\/1"}],"replies":[{"embeddable":true,"href":"https:\/\/www.parafiawierzbno.com.pl\/index.php?rest_route=%2Fwp%2Fv2%2Fcomments&post=7857"}],"version-history":[{"count":8,"href":"https:\/\/www.parafiawierzbno.com.pl\/index.php?rest_route=\/wp\/v2\/pages\/7857\/revisions"}],"predecessor-version":[{"id":7874,"href":"https:\/\/www.parafiawierzbno.com.pl\/index.php?rest_route=\/wp\/v2\/pages\/7857\/revisions\/7874"}],"up":[{"embeddable":true,"href":"https:\/\/www.parafiawierzbno.com.pl\/index.php?rest_route=\/wp\/v2\/pages\/225"}],"wp:attachment":[{"href":"https:\/\/www.parafiawierzbno.com.pl\/index.php?rest_route=%2Fwp%2Fv2%2Fmedia&parent=7857"}],"curies":[{"name":"wp","href":"https:\/\/api.w.org\/{rel}","templated":true}]}}