{"id":7883,"date":"2018-08-05T08:02:39","date_gmt":"2018-08-05T06:02:39","guid":{"rendered":"https:\/\/www.parafiawierzbno.com.pl\/?page_id=7883"},"modified":"2018-08-26T23:02:20","modified_gmt":"2018-08-26T21:02:20","slug":"ogloszenia-sierpien-2018","status":"publish","type":"page","link":"https:\/\/www.parafiawierzbno.com.pl\/?page_id=7883","title":{"rendered":"Og\u0142oszenia &#8211; Sierpie\u0144 2018"},"content":{"rendered":"<p><a title=\"Og\u0142oszenia parafialne\" href=\"https:\/\/www.parafiawierzbno.com.pl\/?page_id=225\">Powr\u00f3t do listy og\u0142osze\u0144<\/a><\/p>\n<h2 style=\"text-align: center;\"><span style=\"color: #ff0000;\">26 sierpnia \u2013 Uroczysto\u015b\u0107 Naj\u015bwi\u0119tszej Maryi Panny Cz\u0119stochowskiej<\/span><\/h2>\n<p>1. Wczoraj uczestniczy\u0142em w Pielgrzymce K\u00f3\u0142 \u017bywego R\u00f3\u017ca\u0144ca do Le\u015bnej Podlaskiej. Bardzo du\u017co rozmodlonych ludzi, \u017ce bazylika le\u015bnia\u0144ska p\u0119ka\u0142a w szwach. Dzi\u015b prze\u017cywamy uroczysto\u015b\u0107 NMP Cz\u0119stochowskiej, \u201eCzarnej Madonny\u201d, kt\u00f3ra od ponad 600 lat czuwa nad nasz\u0105 Ojczyzn\u0105 i otacza swoj\u0105 matczyn\u0105 opiek\u0105. Jest nowy grafik dla czytaj\u0105cych s\u0142owo Bo\u017ce podczas Eucharystii.<\/p>\n<p>2. Ju\u017c ostatni tydzie\u0144 wakacji, ko\u0144czy si\u0119 pi\u0119kny czas odpoczynku i od 3 wrze\u015bnia dzieci i m\u0142odzie\u017c rozpoczynaj\u0105 kolejny rok nauki. Zach\u0119cam do skorzystania z sakramentu pokuty i pojednania w sobot\u0119 od godz. 17.00, aby w \u0142asce u\u015bwi\u0119caj\u0105cej wraca\u0107 do szko\u0142y po wakacjach. Po Mszy \u015bw. o 18.00 nabo\u017ce\u0144stwo wynagradzaj\u0105ce Niepokalanemu Sercu Maryi z okazji pierwszej soboty miesi\u0105ca.<\/p>\n<p>3. W sobot\u0119 pami\u0119tamy w modlitwach o wszystkich poleg\u0142ych w obronie Ojczyzny w 79 rocznic\u0119 wybuchu II wojny \u015bwiatowej.<\/p>\n<p>4. W najbli\u017csz\u0105 niedziel\u0119 po sumie adoracja Naj\u015bwi\u0119tszego Sakramentu i procesja eucharystyczna wok\u00f3\u0142 ko\u015bcio\u0142a, a potem zmianka tajemnic r\u00f3\u017ca\u0144cowych.<\/p>\n<p>5. Dzi\u0119kuj\u0119 za sprz\u0105tanie ko\u015bcio\u0142a i na sobot\u0119 zapraszam: p. Jerzego Ku\u017am\u0119, p. Mariann\u0119 Ku\u015bmierczyk oraz p. Stanis\u0142aw\u0119 i Kazimierza W\u0105sowskich z Jaworka.<\/p>\n<p>6. Do Sakramentu Ma\u0142\u017ce\u0144stwa przygotowuj\u0105 si\u0119 nast\u0119puj\u0105ce osoby: Maciej Dawid Jasi\u0144ski, kawaler z Wygl\u0119d\u00f3wka i Justyna Paw\u0142owska, panna zam. w par. \u015bw. Bart\u0142omieja w Gr\u0119bkowie, zapowiedz druga. Otoczmy ich gor\u0105c\u0105 modlitw\u0105, aby mogli stworzy\u0107 dobr\u0105 chrze\u015bcija\u0144sk\u0105 rodzin\u0119.<\/p>\n<p>7. Wczoraj w naszej \u015bwi\u0105tyni zawarli Sakrament Ma\u0142\u017ce\u0144stwa Katarzyna Replin i Marcin Lipka. Pozdrawiamy Nowo\u017ce\u0144c\u00f3w i \u017cyczymy obfito\u015bci \u0142aski Bo\u017cej w \u017cyciu ma\u0142\u017ce\u0144skim i rodzinnym.<\/p>\n<p>8. Zach\u0119cam do lektury nowy Nr \u201eEcha Katolickiego\u201d. Przeczytamy jak poruszy\u0107 niebo, o mocy modlitwy uwielbienia i dzi\u0119kowaniu&nbsp; w ciemno, jak przez codzienne obowi\u0105zki dojrzewa\u0142a do \u015bwi\u0119to\u015bci s. Faustyna, jak skutecznie wzywa\u0107 or\u0119downictwa Ducha \u015awi\u0119tego oraz materia\u0142y formacyjne dla k\u00f3\u0142 \u017bywego R\u00f3\u017ca\u0144ca.<\/p>\n<h2 style=\"text-align: center;\"><span style=\"color: #ff0000;\">19 sierpnia \u2013 20 Niedziela zwyk\u0142a<\/span><\/h2>\n<p>1. Do\u017cynki Parafialne to wezwanie do szczeg\u00f3lnego dzi\u0119kczynienia Panu Bogu za tegoroczne zbiory i urodzaje. Widzimy Bo\u017ce b\u0142ogos\u0142awie\u0144stwo w trudnej pracy rolnik\u00f3w. Serdecznie dzi\u0119kuj\u0119 poszczeg\u00f3lnym miejscowo\u015bciom za przygotowanie wie\u0144c\u00f3w do\u017cynkowych oraz bukiet\u00f3w zb\u00f3\u017c i warzyw. Na uroczystej Eucharystii o 11.00 z ca\u0142ego serca dzi\u0119kujemy Dobremu Bogu za wszystko, co wyros\u0142o na naszych polach, sadach i ogrodach. Po Mszy \u015bw. procesja z wie\u0144cami do o\u0142tarza polowego, tam prezentacje i koncert pie\u015bni w wykonaniu Jawork\u00f3w. B\u0119d\u0105 tak\u017ce lody i napoje.<\/p>\n<p>2. W \u015brod\u0119 wspominamy NMP, jako Kr\u00f3low\u0105 \u015bwiata.<\/p>\n<p>3. W pi\u0105tek \u015bwi\u0119to \u015bw. Bart\u0142omieja aposto\u0142a.<\/p>\n<p>4. W najbli\u017csz\u0105 niedziel\u0119 Uroczysto\u015b\u0107 NMP Cz\u0119stochowskiej. Ofiary na tac\u0119 s\u0105 przeznaczone na remont elewacji ko\u015bcio\u0142a i dzwonnicy.<\/p>\n<p>5. Dzi\u0119kuj\u0119 p. Januszowi Waleckiemu za zrobienie drzwi do zakrystii. Solidne wykonanie, w dodatku ocieplone warstw\u0105 styropianu.<\/p>\n<p>6. W sobot\u0119 25 sierpnia o 7.00 Pielgrzymka do Le\u015bnej Podlaskiej. Wyjazd organizuje p. Czes\u0142awa Gryglas z Wycz\u00f3\u0142k i s\u0105 jeszcze wolne miejsca. W programie m.in. konferencja p. Lecha Dokowicza o znakach czasu. Koszt pielgrzymki &#8211; 40 z\u0142. Dobrze zabra\u0107 ze sob\u0105 sto\u0142eczek, poniewa\u017c w bazylice le\u015bnia\u0144skiej nie b\u0119dzie tyle miejsca.<\/p>\n<p>7. Ostatnia szansa, aby podj\u0105\u0107 decyzj\u0119 o pielgrzymce do Krakowa, Kalwarii Zebrzydowskiej i Wadowic w dniach 15 i 16 wrze\u015bnia. Uda\u0142o si\u0119 nam znale\u017a\u0107 niedrogie noclegi ko\u0142o Krakowa, dlatego koszt pielgrzymki b\u0119dzie wynosi\u0142 nie 330, a 250 z\u0142.<\/p>\n<p>8. Dzi\u0119kuj\u0119 za sprz\u0105tanie ko\u015bcio\u0142a rodzinom z Jaworka i na sobot\u0119 zapraszam: p. Teres\u0119 i Janusza Doma\u0144skich, p. Barbar\u0119 i Macieja Grabarczyk oraz p. Dorot\u0119 i Bogdana W\u0105sowskich.<\/p>\n<p>9. Do Sakramentu Ma\u0142\u017ce\u0144stwa przygotowuj\u0105 si\u0119 nast\u0119puj\u0105ce osoby: Maciej Dawid Jasi\u0144ski, kawaler z Wygl\u0119d\u00f3wka i Justyna Paw\u0142owska, panna zam. w par. \u015bw. Bart\u0142omieja w Gr\u0119bkowie, zapowiedz pierwsza. Otoczmy ich gor\u0105c\u0105 modlitw\u0105, aby mogli stworzy\u0107 dobr\u0105 chrze\u015bcija\u0144sk\u0105 rodzin\u0119.<\/p>\n<p>10. Zach\u0119cam do lektury nowy Nr. \u201eEcha Katolickiego\u201d. Dowiemy si\u0119 jak modli\u0142 si\u0119 Jana Pawe\u0142 II, dzi\u0119ki wspomnieniom osobistego sekretarza Papie\u017ca, czy da si\u0119 wytrwa\u0107 w trze\u017awo\u015bci przez ca\u0142e \u017cycie, \u015bwiadectwo pielgrzymki do grobu \u015bw. Jakuba oraz jak nauczy\u0107 si\u0119 zapobiega\u0107 stresom.<\/p>\n<h2 style=\"text-align: center;\"><span style=\"color: #ff0000;\">12 sierpnia \u2013 19 Niedziela zwyk\u0142a<\/span><\/h2>\n<p>1. Po Mszy \u015bw. o 9.00 zmianka tajemnic r\u00f3\u017ca\u0144cowych dla wsp\u00f3lnoty rodzic\u00f3w modl\u0105cych si\u0119 za dzieci. Jeszcze raz dzi\u0119kuj\u0119 za pierogi i pomidory dla pielgrzym\u00f3w. Serdecznie prosz\u0119 zabra\u0107 na plebanii tace i blachy po pierogach.<\/p>\n<p>2. Jutro po Mszy \u015bw. o 18.00 Nabo\u017ce\u0144stwo Fatimskie wok\u00f3\u0142 ko\u015bcio\u0142a i na cmentarzu. B\u0119dziemy prosi\u0107 Maryj\u0119 o mocn\u0105 wiar\u0119 i ducha jedno\u015bci w rodzinach.<\/p>\n<p>3. W \u015brod\u0119 uroczysto\u015b\u0107 Wniebowzi\u0119cia NMP i zapraszam na Msze \u015bw. o 9.00, 11.00 i 18.00. Po Komunii tradycyjnie b\u0142ogos\u0142awie\u0144stwo zi\u00f3\u0142 i kwiat\u00f3w w cze\u015b\u0107 Matki Bo\u017cej.<\/p>\n<p>4. W najbli\u017csz\u0105 niedziel\u0119 Do\u017cynki Parafialne na Mszy o 11.00. Nasz\u0105 okolic\u0119 Opatrzno\u015b\u0107 Bo\u017ca strze\u017ce od gwa\u0142townych nawa\u0142nic, po\u017car\u00f3w i innych nieszcz\u0119\u015b\u0107. Prosz\u0119, aby ka\u017cda miejscowo\u015b\u0107 przygotowa\u0142a wieniec lub bukiet ze zbo\u017ca, warzyw i kwiat\u00f3w, jako podzi\u0119kowanie dla Pana Boga za zebrane plony i opiek\u0119 Bo\u017c\u0105 nad nami od wszelkich nawa\u0142nic. Po Mszy \u015bw. procesja z wie\u0144cami do o\u0142tarza polowego i prezentacja wie\u0144c\u00f3w przez przedstawicieli wiosek.<\/p>\n<p>5. Zach\u0119cam, aby zapisywa\u0107 si\u0119 na pielgrzymk\u0119 do Krakowa, Kalwarii Zebrzydowskiej i Wadowic, poniewa\u017c trzeba rezerwowa\u0107 miejsca noclegowe.<\/p>\n<p>6. Serdecznie dzi\u0119kuj\u0119 mieszka\u0144com Jan\u00f3wka za segregacj\u0119 i wywiezienie naturalnych \u015bmieci z cmentarza na kompostownik.<\/p>\n<p>7. Dzi\u0119kuj\u0119 rodzinom z Jaworka za sprz\u0105tanie ko\u015bcio\u0142a i na sobot\u0119 zapraszam: p. Ann\u0119 i Wies\u0142awa Chro\u015bcickich, p. Hann\u0119 Gra\u017cyn\u0119 Kucharsk\u0105 oraz p. Ryszarda Mr\u00f3z.<\/p>\n<p>8. Zach\u0119cam do lektury nowy Nr \u201eEcha Katolickiego\u201d. Znajdziemy bogat\u0105 fotorelacj\u0119 z Pieszej Pielgrzymki Podlaskiej na Jasn\u0105 G\u00f3r\u0119, przeczytamy o cudzie ocalenia Polak\u00f3w w Oziornom oraz o zapomnianym buncie w Treblince.<\/p>\n<p>9. Pan B\u00f3g powo\u0142a\u0142 do wieczno\u015bci \u015bp. Ryszarda Ku\u015bmierczyka z Jaworka. Z ofiar zebranych na pogrzebie b\u0119dzie sprawowane 3 Msze \u015bw. o zbawienie jego duszy. Wieczny odpoczynek racz mu da\u0107, Panie\u2026<\/p>\n<h2 style=\"text-align: center;\"><span style=\"color: #ff0000;\"><strong>5 sierpnia \u2013 18 Niedziela zwyk\u0142a<\/strong><\/span><\/h2>\n<p>1. Dzi\u015b go\u015bcimy misjonarza z Boliwii ks. Tomasza Denickiego. Dzi\u0119kujemy za S\u0142owo Bo\u017ce i \u015bwiadectwo pracy duszpasterskiej w bardzo trudnych warunkach. Zach\u0119cam do nabycia jego ksi\u0105\u017cki o misjach w Boliwii (15 z\u0142). Po sumie adoracja Naj\u015bwi\u0119tszego Sakramentu i procesja eucharystyczna, a potem zmianka tajemnic r\u00f3\u017ca\u0144cowych. O 13.50 witamy pielgrzym\u00f3w Bia\u0142ostockiej Rowerowej Pielgrzymki na Jasn\u0105 G\u00f3r\u0119. Dzi\u015b odpust parafialny w Gr\u0119bkowie.<\/p>\n<p>2. Bardzo serdecznie dzi\u0119kuj\u0119 Wam, Drodzy Parafianie, za wielkie i otwarte serce. Z ca\u0142ego serca dzi\u0119kuj\u0119 tym, kt\u00f3rzy przyj\u0119li pielgrzym\u00f3w do swoich dom\u00f3w. Serdecznie dzi\u0119kuj\u0119 wolontariuszom, kt\u00f3rzy w pi\u0105tek i sobot\u0119 rado\u015bnie pos\u0142ugiwali pielgrzymom. Dzi\u0119kuj\u0119 za pierogi: p. Matusikom i Aleksandrowiczom z Lasu Jaworskiego, rodzinie Leszczy\u0144skich z Lasu Jaworskiego, p. Wies\u0142awie \u0141ukasiak z Wierzbna, p. Helenie Bia\u0142ousz, p. Henryce Miklaszewskiej, p. Barbarze i Krystynie Pi\u00f3rek, rodzinie Szyma\u0144skich z Wierzbna, p. Czes\u0142awie Milewskiej z Wygl\u0119d\u00f3wka, p. Joli Ol\u0119dzkiej z Jaworka, p. Marii Patoka, rodzinie G\u0105siorowskich z Jan\u00f3wka, p. Jasi\u0144skim ze \u015awidna, rodzinie Tomkiewicz ze \u015awidna i rodzinie Jaworskich z Adamowa, p. Alinie Salach, p. Agnieszce Brogowskiej i p. Teresie Leszczy\u0144skiej z Helenowa, p. Danucie Kapitanowicz i Zofii \u015aledziewskiej z Wygl\u0119d\u00f3wka, p. Irenie Kiesner z Sobonia oraz p. Zofii Laskowskiej z Jakubowa. Dzi\u0119kuj\u0119 za pomidory i og\u00f3rki: p. Krystynie Gog\u0142ozie, rodzinie Aleksandrowicz z Lasu Jaworskiego i p. G\u0105siorowskim z Jan\u00f3wka. Z serca dzi\u0119kuj\u0119 za w\u0119dliny p. Popowskim z Wierzbna i p. Wiechowskim z Sulk, dzi\u0119kuj\u0119 p. Miros\u0142awowi Jachimowiczowi za 13 skrzynek pieczarek na pierogi. Dzi\u0119kuj\u0119 za pieczywo z piekarni Bielany i p. Gromulskiej z Dobrego. Cieszy, \u017ce sta\u0107 nas na konkretn\u0105 s\u0142u\u017cb\u0119 dla innych.<\/p>\n<p>3. Jutro \u015bwi\u0119to Przemienienia Pa\u0144skiego. Zapraszam na Eucharysti\u0119 o godz. 9.00 i 18.00.<\/p>\n<p>4. Na sobot\u0119 zapraszam do wywiezienia naturalnych \u015bmieci z cmentarza na kompostownik i oczyszczenia alejek na cmentarzu mieszka\u0144c\u00f3w Jan\u00f3wka i Wygl\u0119d\u00f3wka.<\/p>\n<p>5. Dzi\u0119kuj\u0119 za sprz\u0105tanie ko\u015bcio\u0142a rodzinom z Jaworka i na sobot\u0119 zapraszam: p. Ma\u0142gorzat\u0119 i Tadeusza Szatkowskich, p. Monik\u0119 i W\u0142odzimierza Durka oraz p. Halin\u0119 i Stanis\u0142awa Mr\u00f3z.<\/p>\n<p>6. Do Sakramentu Ma\u0142\u017ce\u0144stwa przygotowuj\u0105 si\u0119: Marcin Lipka, kawaler zam. w parafii \u015bw. Wawrzy\u0144ca w Korytnicy i Katarzyna Replin, panna zam. w Wierzbnie, zapowiedz trzecia. Otoczmy narzeczonych nasz\u0105 modlitw\u0105, aby z Bo\u017c\u0105 pomoc\u0105 stworzyli szcz\u0119\u015bliwa chrze\u015bcija\u0144sk\u0105 rodzin\u0119<\/p>\n<p>7. Zach\u0119cam do lektury nowy Nr \u201eEcha Katolickiego\u201d. Przeczytamy wspomnienie o biskupie Ignacym \u015awirskim, ks. Janie Bosko, kt\u00f3ry cz\u0119sto mawia\u0142, \u017ce \u201esmutny \u015bwi\u0119ty to \u017caden \u015bwi\u0119ty\u201d, oraz o tym jak podwy\u017cszy\u0107 przysz\u0142\u0105 emerytur\u0119, co radzi ZUS.<\/p>\n","protected":false},"excerpt":{"rendered":"<p>Powr\u00f3t do listy og\u0142osze\u0144 26 sierpnia \u2013 Uroczysto\u015b\u0107 Naj\u015bwi\u0119tszej Maryi Panny Cz\u0119stochowskiej 1. Wczoraj uczestniczy\u0142em w Pielgrzymce K\u00f3\u0142 \u017bywego R\u00f3\u017ca\u0144ca do Le\u015bnej Podlaskiej. Bardzo du\u017co rozmodlonych ludzi, \u017ce bazylika le\u015bnia\u0144ska p\u0119ka\u0142a w szwach. Dzi\u015b prze\u017cywamy uroczysto\u015b\u0107 NMP Cz\u0119stochowskiej, \u201eCzarnej Madonny\u201d, kt\u00f3ra od ponad 600 lat czuwa nad nasz\u0105 Ojczyzn\u0105 i otacza swoj\u0105 matczyn\u0105 opiek\u0105. Jest nowy grafik dla czytaj\u0105cych s\u0142owo Bo\u017ce podczas Eucharystii. 2. Ju\u017c ostatni tydzie\u0144 wakacji, ko\u0144czy si\u0119 pi\u0119kny czas odpoczynku i od 3 wrze\u015bnia dzieci i m\u0142odzie\u017c rozpoczynaj\u0105 kolejny rok nauki. Zach\u0119cam do skorzystania z sakramentu pokuty i pojednania w sobot\u0119 od godz. 17.00, aby w \u0142asce u\u015bwi\u0119caj\u0105cej wraca\u0107 do szko\u0142y po wakacjach. Po Mszy \u015bw. o 18.00 nabo\u017ce\u0144stwo wynagradzaj\u0105ce Niepokalanemu Sercu Maryi z okazji pierwszej soboty miesi\u0105ca. 3. W sobot\u0119 pami\u0119tamy w modlitwach o wszystkich poleg\u0142ych w obronie Ojczyzny w 79 rocznic\u0119 wybuchu II wojny \u015bwiatowej. 4. W najbli\u017csz\u0105 niedziel\u0119 po sumie adoracja Naj\u015bwi\u0119tszego Sakramentu i \u2026 <a class=\"continue-reading-link\" href=\"https:\/\/www.parafiawierzbno.com.pl\/?page_id=7883\">Czytaj dalej <span class=\"meta-nav\">&rarr; <\/span><\/a><\/p>\n","protected":false},"author":1,"featured_media":0,"parent":225,"menu_order":0,"comment_status":"closed","ping_status":"closed","template":"","meta":{"ngg_post_thumbnail":0},"_links":{"self":[{"href":"https:\/\/www.parafiawierzbno.com.pl\/index.php?rest_route=\/wp\/v2\/pages\/7883"}],"collection":[{"href":"https:\/\/www.parafiawierzbno.com.pl\/index.php?rest_route=\/wp\/v2\/pages"}],"about":[{"href":"https:\/\/www.parafiawierzbno.com.pl\/index.php?rest_route=\/wp\/v2\/types\/page"}],"author":[{"embeddable":true,"href":"https:\/\/www.parafiawierzbno.com.pl\/index.php?rest_route=\/wp\/v2\/users\/1"}],"replies":[{"embeddable":true,"href":"https:\/\/www.parafiawierzbno.com.pl\/index.php?rest_route=%2Fwp%2Fv2%2Fcomments&post=7883"}],"version-history":[{"count":8,"href":"https:\/\/www.parafiawierzbno.com.pl\/index.php?rest_route=\/wp\/v2\/pages\/7883\/revisions"}],"predecessor-version":[{"id":8205,"href":"https:\/\/www.parafiawierzbno.com.pl\/index.php?rest_route=\/wp\/v2\/pages\/7883\/revisions\/8205"}],"up":[{"embeddable":true,"href":"https:\/\/www.parafiawierzbno.com.pl\/index.php?rest_route=\/wp\/v2\/pages\/225"}],"wp:attachment":[{"href":"https:\/\/www.parafiawierzbno.com.pl\/index.php?rest_route=%2Fwp%2Fv2%2Fmedia&parent=7883"}],"curies":[{"name":"wp","href":"https:\/\/api.w.org\/{rel}","templated":true}]}}