{"id":8275,"date":"2018-10-08T15:57:35","date_gmt":"2018-10-08T13:57:35","guid":{"rendered":"https:\/\/www.parafiawierzbno.com.pl\/?page_id=8275"},"modified":"2018-10-29T01:12:23","modified_gmt":"2018-10-29T00:12:23","slug":"ogloszenia-pazdziernik-2018","status":"publish","type":"page","link":"https:\/\/www.parafiawierzbno.com.pl\/?page_id=8275","title":{"rendered":"Og\u0142oszenia &#8211; Pa\u017adziernik 2018"},"content":{"rendered":"<p><a title=\"Og\u0142oszenia parafialne\" href=\"https:\/\/www.parafiawierzbno.com.pl\/?page_id=225\">Powr\u00f3t do listy og\u0142osze\u0144<\/a><\/p>\n<h2 style=\"text-align: center;\"><span style=\"color: #003366;\">28 pa\u017adziernika \u2013 Uroczysto\u015b\u0107 Rocznicy po\u015bwi\u0119cenia ko\u015bcio\u0142a<\/span><\/h2>\n<p>1. Dzi\u015b Uroczysto\u015b\u0107 Rocznicy po\u015bwi\u0119cenia naszego ko\u015bcio\u0142a. Otaczamy modlitw\u0105 budowniczych, fundator\u00f3w i wszystkich, kt\u00f3rzy w ci\u0105gu 160 lat troszczyli si\u0119 o nasz ko\u015bci\u00f3\u0142 parafialny. Wyra\u017cam wdzi\u0119czno\u015b\u0107 tym, kto obecnie nie szcz\u0119dzi si\u0142 i czasu, aby nasza \u015bwi\u0105tynia by\u0142a godnym miejscem modlitwy. Dzi\u0119kuj\u0119 parafianom za cotygodniowe sprz\u0105tanie ko\u015bcio\u0142a i otoczenia wok\u00f3\u0142. B\u00f3g zap\u0142a\u0107! Za ofiary na tac\u0119, kt\u00f3re przeznaczamy na remont elewacji ko\u015bcio\u0142a i dzwonnicy.<\/p>\n<p>2. Dzi\u015b tak\u017ce Dzie\u0144 Solidarno\u015bci z Ko\u015bcio\u0142em prze\u015bladowanym. Ofiarami do puszek wspieramy Ko\u015bci\u00f3\u0142 w Pakistanie. To muzu\u0142ma\u0144ski kraj, gdzie 1,5 mln katolik\u00f3w Pakista\u0144skich jest ci\u0105gle dr\u0119czonych i dyskryminowanych. Trzeba przerwa\u0107 mil-czenie i oboj\u0119tno\u015b\u0107 na los naszych braci i si\u00f3str \u017cyj\u0105cych w Pakistanie.<\/p>\n<p>3. Po Mszy \u015bw. o 9.00 uczniowie przedstawi\u0105 program o \u015bwi\u0119tych, a potem zostan\u0105 rozdane nagrody za gorliwie uczestnictwo w nabo\u017ce\u0144stwach r\u00f3\u017ca\u0144cowych. Zapraszam rodzic\u00f3w i dzieci klasy III na spotkanie przygotowuj\u0105ce do pierwszej spowiedzi i Komunii \u015bw. Jest nowy grafik dla czytaj\u0105cych s\u0142owo Bo\u017ce podczas Eucharystii. Liczenie wiernych w ubieg\u0142\u0105 niedziel\u0119 da\u0142o 45% uczestnicz\u0105cych w Eucharystii. Frekwencj\u0119 poprawili go\u015bcie obecni na Mszy \u015bw.<\/p>\n<p>4. W czwartek Uroczysto\u015b\u0107 Wszystkich \u015awi\u0119tych. Msza \u015bw. o 9.00, 12.00 i 17.00. Po sumie uroczysta procesja na cmentarz i modlitwa za zmar\u0142ych spoczywaj\u0105cych na naszym cmentarzu.<\/p>\n<p>5. W pi\u0105tek, 2 Listopada, Wspomnienie wszystkich wiernych zmar\u0142ych. Msza \u015bw. o 9.00, a po niej procesja na cmentarz i modlitwa za dusze w czy\u015b\u0107cu cierpi\u0105ce. Potem suma o 12.00 i Msza \u015bw. wieczorowa o 17.00. Zach\u0119cam do korzystania z sakramentu pokuty, aby potem przez oktaw\u0119 od 1 do 8 listopada ofiarowa\u0107 odpusty za zmar\u0142ych i dusze w czy\u015b\u0107cu cierpi\u0105ce. P\u00f3\u0142 godziny przede Msz\u0105 \u015bw. modlimy si\u0119 za zmar\u0142ych polecanych Bo\u017cemu Mi\u0142osierdziu w wypominkach.<\/p>\n<p>6. W sobot\u0119 o 7.30 Msza \u015bw. wynagradzaj\u0105ca Niep. Sercu Maryi za grzechy nasze i ca\u0142ego \u015bwiata.<\/p>\n<p>7. W niedziel\u0119 4 listopada na Mszy \u015bw. o 9.00 b\u0119dziemy go\u015bci\u0107 relikwie \u015bw. Stanis\u0142awa Kostki, patrona m\u0142odzie\u017cy. Po homilii uroczyste przyj\u0119cie kandydat\u00f3w do Sakramentu Bierzmowania. Po sumie zmianka tajemnic r\u00f3\u017ca\u0144cowych.<\/p>\n<p>8. Dzi\u0119kuj\u0119 naszym parafianom i go\u015bciom za uprz\u0105tni\u0119cie mogi\u0142 swoich bliskich, a tak\u017ce mogi\u0142, o kt\u00f3re nikt specjalnie si\u0119 nie troszczy. Przez ca\u0142y listopad przed Msz\u0105 \u015bw. wieczorow\u0105 (15 min) modlitwa wypominkowa, a tak\u017ce w pierwsze czwartki miesi\u0105ca w ci\u0105gu ca\u0142ego roku. Aby pom\u00f3c zmar\u0142ym w osi\u0105gni\u0119ciu zbawienia od 2 do 8 listopada modlitwa r\u00f3\u017ca\u0144cowa na cmentarzu, po Mszy \u015bw. o 17.00, a w niedziel\u0119 po sumie. Ofiary na tac\u0119 na cmentarzu na utylizacj\u0119 plastyk\u00f3w.<\/p>\n<p>9. Dzi\u0119kuj\u0119 za sprz\u0105tanie ko\u015bcio\u0142a i otoczenia wok\u00f3\u0142 rodzinom z Jan\u00f3wka. Na sobot\u0119 zapraszam: p. Barbar\u0119 Napi\u00f3rkowsk\u0105, p. Teres\u0119 i Jacka Ga\u0142eckich oraz p. Jadwig\u0119 i Lecha Kiesner.<\/p>\n<p>10. Zach\u0119cam do lektury nowy Nr \u201eEcha Katolickiego\u201d. Przeczytamy o sensie modli-twy wypominkowej i praktyce odpust\u00f3w za zmar\u0142ych, aby odkry\u0107 moc r\u00f3\u017ca\u0144ca, trze-ba si\u0119ga\u0107 po niego z ufno\u015bci\u0105 oraz o konsekwencjach \u017cycia w globalnej metropolii.<\/p>\n<h2 style=\"text-align: center;\"><span style=\"color: #666699;\">21 pa\u017adziernika \u2013 29 Niedziela zwyk\u0142a<\/span><\/h2>\n<p>1. Dzisiejsz\u0105 niedziel\u0105 rozpoczynamy w ca\u0142ym Ko\u015bciele Tydzie\u0144 Misyjny, kt\u00f3remu przy\u015bwieca has\u0142o: \u201ePe\u0142ni Ducha i pos\u0142ani\u201d. Z Polski ponad 2000 misjonarzy i misjonarek pos\u0142uguje w r\u00f3\u017cnych zak\u0105tkach \u015bwiata. Modlitw\u0105 i ofiarami na tac\u0119 wspieramy misje katolickie. Dzi\u015b tak\u017ce liczenie wiernych uczestnicz\u0105cych we Eucharystii i przyst\u0119puj\u0105cych do Komunii \u015bw.<\/p>\n<p>2. Jutro liturgiczne wspomnienie \u015bw. Jana Paw\u0142a II. Zapraszam na Msz\u0119 \u015bw. o 17.00 i 18.00.<\/p>\n<p>3. W najbli\u017csz\u0105 niedziel\u0119 \u015bwi\u0119tujemy rocznic\u0119 po\u015bwi\u0119cenia naszego ko\u015bcio\u0142a. Po Mszy \u015bw. o 9.00 spotkanie dla rodzic\u00f3w i dzieci przygotowuj\u0105cych si\u0119 do pierwszej spowiedzi i Komunii \u015bw. Ofiary na tac\u0119 s\u0105 przeznaczone na prace remontowe przy ko\u015bciele.<\/p>\n<p>4. Z ca\u0142ego serca dzi\u0119kuj\u0119 mieszka\u0144com Sobonia za sprz\u0105tanie na cmentarzu. Sumiennie pracowa\u0142o ponad 20 os\u00f3b. Dzi\u0119kuj\u0119 tak\u017ce tym, kto ju\u017c uprz\u0105tn\u0105\u0142 mogi\u0142y swoich bliskich i znajomych.<\/p>\n<p>5. Dzi\u0119kuj\u0119 rodzinom z Jan\u00f3wka za sprz\u0105tanie ko\u015bcio\u0142a i placu przy ko\u015bciele oraz zapraszam na sobot\u0119: p. Teres\u0119 i Wac\u0142awa Zalewskich, p. Teodor\u0119 i Andrzeja Ko\u0142ak oraz p. Anet\u0119 i Krzysztofa Ko\u0142ak.<\/p>\n<p>6. Na bocznym o\u0142tarzu le\u017c\u0105 kalendarze misyjne i kalendarze z wie\u0144cami do\u017cynkowymi po 6 z\u0142, oraz kalendarze rolnicze po 25 z\u0142.<\/p>\n<p>7. Wczoraj Sakrament Ma\u0142\u017ce\u0144stwa zawarli w naszej \u015bwi\u0105tyni Daniel Marcin Szkup i Julia Magdalena Mr\u00f3z. \u017byczymy Nowo\u017ce\u0144com obfitego b\u0142ogos\u0142awie\u0144stwa Bo\u017cego i szcz\u0119\u015bcia w \u017cyciu rodzinnym i ma\u0142\u017ce\u0144skim.<\/p>\n<p>8. Zach\u0119cam do lektury nowy Nr \u201eEcha Katolickiego. Przeczytamy cichym bohaterstwie ksi\u0119\u017cy, kt\u00f3rzy za wierno\u015b\u0107 Bogu i ojczy\u017anie byli represjonowani i skazywani na \u015bmier\u0107, o peregrynacji po domach Matki Bo\u017cej Trzykro\u0107 Przedziwnej oraz o Tygodniu Misyjnym i pos\u0142aniu ks. Paw\u0142a Wysoki\u0144skiego do Boliwii.<\/p>\n<h2 style=\"text-align: center;\"><span style=\"color: #666699;\">14 pa\u017adziernika \u2013 28 Niedziela zwyk\u0142a<\/span><\/h2>\n<p>1. Prze\u017cywamy dzi\u015b XVIII Dzie\u0144 Papieski pod has\u0142em: \u201ePromieniowanie ojcostwa\u201d. Po Mszy \u015bw. o 9.00 program s\u0142owno-muzyczny po\u015bwi\u0119cony \u015bw. Janowi Paw\u0142owi II. Potem zmianka tajemnic r\u00f3\u017ca\u0144cowych dla wsp\u00f3lnoty rodzic\u00f3w modl\u0105cych si\u0119 za dzieci. Ofiarami do puszek wspieramy Fundacj\u0119 Dzie\u0142o Nowego Tysi\u0105clecia, kt\u00f3ra wspomaga zdoln\u0105 m\u0142odzie\u017c z biedniejszych rodzin.<\/p>\n<p>2. Pozdrawiamy w Dniu Edukacji nauczycieli i wychowawc\u00f3w. \u017byczymy mocy \u0142aski Bo\u017cej, zdrowia i cierpliwo\u015bci w pracy pedagogicznej, a tak\u017ce wdzi\u0119czno\u015bci ze strony wychowank\u00f3w.<\/p>\n<p>3. We wtorek, 16 pa\u017adziernika, obchodzimy 40 rocznic\u0119 wyboru papie\u017ca \u015bw. Jana Paw\u0142a II. Zapraszam na Eucharysti\u0119 o 17.00.<\/p>\n<p>4. W czwartek \u015bwi\u0119to \u015bw. \u0141ukasza ewangelisty, patrona s\u0142u\u017cby zdrowia. Msza \u015bw. o 17.00, a po niej r\u00f3\u017caniec za pracownik\u00f3w s\u0142u\u017cby zdrowia.<\/p>\n<p>5. W najbli\u017csz\u0105 niedziel\u0119 rozpoczynamy Tydzie\u0144 Misyjny pod has\u0142em: \u201ePe\u0142ni Ducha i pos\u0142ani\u201d. W ca\u0142ej Polsce liczenie wiernych uczestnicz\u0105cych na Eucharystii i przyst\u0119puj\u0105cych do Komunii \u015bw. Ofiary na tac\u0119 s\u0105 przeznaczone na misje katolickie.<\/p>\n<p>6. W 2019 roku w Wierzbnie b\u0119dzie Sakrament Bierzmowania dla m\u0142odzie\u017cy z klasy III gimnazjum, klasy VIII i VII szko\u0142y podstawowej oraz starszej m\u0142odzie\u017cy, kt\u00f3ra jeszcze nie przyst\u0119powa\u0142a do tego sakramentu. Trzeba zg\u0142osi\u0107 si\u0119 do ko\u0144ca pa\u017adziernika, aby 4 listopada by\u0107 uroczy\u015bcie w\u0142\u0105czonym do grona kandydat\u00f3w przygotowuj\u0105cych si\u0119 do Sakramentu Bierzmowania.<\/p>\n<p>7. Chwa\u0142a Bogu, uko\u0144czyli\u015bmy prace przy konserwacji fundament\u00f3w i tak\u017ce zosta\u0142a przeprowadzona piel\u0119gnacja drzew przy ko\u015bciele.<\/p>\n<p>8. Zbli\u017ca si\u0119 listopad, serdecznie prosz\u0119 o uprz\u0105tni\u0119cie mogi\u0142 i otoczenia wok\u00f3\u0142 grob\u00f3w naszych zmar\u0142ych. Segregujemy odpady, plastyk wk\u0142adamy do \u017c\u00f3\u0142tych work\u00f3w, a szk\u0142o do zielonych. Li\u015bcie i zesch\u0142e kwiaty prosz\u0119 wysypywa\u0107 na pryzm\u0119 w ogrodzeniu. Serdecznie prosz\u0119, aby\u015bmy nie kupowali plastykowych wie\u0144c\u00f3w i wi\u0105zanek. Ga\u0142\u0105zki \u015bwierkowe i \u017cywe kwiaty to symbol \u017cycia, a plastyk &#8211; \u017cycia nie symbolizuje. Zapraszam w sobot\u0119 do pracy na cmentarzu mieszka\u0144c\u00f3w Sobonia. Trzeba zamie\u015b\u0107 alejki i wywie\u017a\u0107 naturalne \u015bmieci na kompostownik.<\/p>\n<p>9. Dzi\u0119kuj\u0119 za sprz\u0105tanie ko\u015bcio\u0142a i placu przy ko\u015bciele mieszka\u0144com Jan\u00f3wka, a na sobot\u0119 zapraszam: p. Mari\u0119 i Henryka Gr\u0105dzkich, p. Barbar\u0119 i Jadwig\u0119 Barcz oraz p. Ew\u0119 i Zygmunta Gawor.<\/p>\n<p>10. Zach\u0119cam do lektury nowy Nr \u201eEcha Katolickiego\u201d. Znajdziemy relacj\u0119 z pielgrzym ki m\u0119\u017cczyzn do Pratulina, o 40 rocznicy wyboru kard. Wojty\u0142y na Stolic\u0119 Piotrow\u0105, o&nbsp;&nbsp;&nbsp;&nbsp;&nbsp;&nbsp; zgromadzeniach zakonnych, utworzonych przez b\u0142. o. Honorata Ko\u017ami\u0144skiego oraz jak z\u0142o dobrem zwyci\u0119\u017ca\u0107 w nauczaniu b\u0142. ks. Jerzego Popie\u0142uszko.<\/p>\n<h2 style=\"text-align: center;\"><span style=\"color: #333399;\">7 pa\u017adziernika \u2013 27 Niedziela zwyk\u0142a<\/span><\/h2>\n<p>1.&nbsp;Z serca pozdrawiamy Szanownych Senior\u00f3w, Kochane Babcie i Dziadk\u00f3w. Dzi\u0119kujemy za modlitwy, kt\u00f3rymi wspieracie swoje rodziny, parafi\u0119 i nasz\u0105 Ojczyzn\u0119. \u017byczymy Wam wielu lat \u017cycia w zdrowiu i pokoju ducha oraz \u017cyczliwo\u015bci od bliskich. Jan Pawe\u0142 II powiedzia\u0142 do ludzi starszych: \u201eBez zniech\u0119cenia kontynuujcie wasz\u0105 drog\u0119 i niech rado\u015b\u0107 b\u0119dzie w sercach waszych\u201d. &nbsp;Po Mszy \u015bw. o 9.00 program s\u0142owno-muzyczny dla Senior\u00f3w.<\/p>\n<p>2.&nbsp;W naszej wsp\u00f3lnocie go\u015bcimy misjonark\u0119 z Kolumbii Agnieszk\u0119 Matyk\u0119. Dzi\u0119kujemy jej za \u015bwiadectwo \u017cycia Ewangeli\u0105. Ofiarami do puszek wspieramy misjonarza ks. Jaros\u0142awa Dziedzica z Boliwii. Dzi\u015b po sumie zmianka tajemnic r\u00f3\u017ca\u0144cowych. Intencja Apostolstwa modlitwy na pa\u017adziernik: Aby osoby konsekrowane wzbudzi\u0142y w sobie zapa\u0142 misyjny i by\u0142y obecne w\u015br\u00f3d ubogich, zepchni\u0119tych na margines i pozbawionych g\u0142osu.<\/p>\n<p>3.&nbsp;Zach\u0119cam do licznego udzia\u0142u w Nabo\u017ce\u0144stwach R\u00f3\u017ca\u0144cowych w niedziele przed sum\u0105 o 11.30, a w dni powszednie po Mszy \u015bw. o 17.00. Pierwsz\u0105 tajemnic\u0119 w nabo\u017ce\u0144stwach r\u00f3\u017ca\u0144cowych ofiarujemy w naszym dekanacie za misjonarza ks. Jaros\u0142awa Dziedzica, kt\u00f3ry pozdrawia z Boliwii ca\u0142\u0105 parafi\u0119.<\/p>\n<p>4.&nbsp;W sobot\u0119 po Mszy \u015bw. o 17.00 Nabo\u017ce\u0144stwo Fatimskie wok\u00f3\u0142 ko\u015bcio\u0142a i na cmentarzu. B\u0119dziemy szczeg\u00f3lnie modli\u0107 si\u0119 za nauczycieli i wychowawc\u00f3w z okazji Dnia Nauczyciela. Na procesj\u0119 prosz\u0119 zabra\u0107 lampiony.<\/p>\n<p>5.&nbsp;W najbli\u017csz\u0105 niedziel\u0119 obchodzimy XVIII Dzie\u0144 Papieski&nbsp;pod has\u0142em: \u201ePromieniowanie ojcostwa\u201d. Po Mszy \u015bw. o 9.00 program s\u0142owno-muzyczny o \u015bw. Janie Pawle II. Ofiarami do puszek wspieramy Dzie\u0142o Nowego Tysi\u0105clecia.<\/p>\n<p>6.&nbsp;&nbsp;Dzi\u0119kuje rodzinom z Jan\u00f3wka za sprz\u0105tanie ko\u015bcio\u0142a. Na sobot\u0119 zapraszam: p. Marzenn\u0119 i Rafa\u0142a Okrzeja, p. Mari\u0119 i Adama Patoka oraz p. Marzen\u0119 i Miros\u0142awa Filipiak. Od jutra kontynuujemy prac\u0119 przy zabezpieczaniu fundament\u00f3w ko\u015bcio\u0142a.<\/p>\n<p>7.&nbsp;Do Sakramentu Ma\u0142\u017ce\u0144stwa przygotowuj\u0105 si\u0119: Daniel Marcin Szkup, kawaler zam. w parafii \u015awi\u0119tej Tr\u00f3jcy w Rozbitym Kamieniu i Julia Magdalena Mr\u00f3z, panna z Jaworka, zapowiedz trzecia. Otoczmy ich nasz\u0105 modlitw\u0105.<\/p>\n<p>8.&nbsp;Zach\u0119cam 14 pa\u017adziernika do rejestracji i zaanga\u017cowania w akcj\u0119 Dzie\u0144 dawcy szpiku dla Pauliny i innych w Gminnej Bibliotece Publicznej w Gr\u0119bkowie.<\/p>\n<p>9.&nbsp;Mamy nowy Nr Echa Katolickiego i przeczytamy o skuteczno\u015bci modlitwy r\u00f3\u017ca\u0144cowej, o or\u0119downictwie \u015bw. ojca Pio i \u015bw. Ryty a tak\u017ce o dobrej spowiedzi. Zapraszam do lektury.<\/p>\n<p>10. Pan Emil W\u0105sowski zaprasza we wtorek o godz. 18.00 na spotkanie przedwyborcze do Sali GS Wierzbno. Og\u0142oszenie w gablocie przy ko\u015bciele.<\/p>\n","protected":false},"excerpt":{"rendered":"<p>Powr\u00f3t do listy og\u0142osze\u0144 28 pa\u017adziernika \u2013 Uroczysto\u015b\u0107 Rocznicy po\u015bwi\u0119cenia ko\u015bcio\u0142a 1. Dzi\u015b Uroczysto\u015b\u0107 Rocznicy po\u015bwi\u0119cenia naszego ko\u015bcio\u0142a. Otaczamy modlitw\u0105 budowniczych, fundator\u00f3w i wszystkich, kt\u00f3rzy w ci\u0105gu 160 lat troszczyli si\u0119 o nasz ko\u015bci\u00f3\u0142 parafialny. Wyra\u017cam wdzi\u0119czno\u015b\u0107 tym, kto obecnie nie szcz\u0119dzi si\u0142 i czasu, aby nasza \u015bwi\u0105tynia by\u0142a godnym miejscem modlitwy. Dzi\u0119kuj\u0119 parafianom za cotygodniowe sprz\u0105tanie ko\u015bcio\u0142a i otoczenia wok\u00f3\u0142. B\u00f3g zap\u0142a\u0107! Za ofiary na tac\u0119, kt\u00f3re przeznaczamy na remont elewacji ko\u015bcio\u0142a i dzwonnicy. 2. Dzi\u015b tak\u017ce Dzie\u0144 Solidarno\u015bci z Ko\u015bcio\u0142em prze\u015bladowanym. Ofiarami do puszek wspieramy Ko\u015bci\u00f3\u0142 w Pakistanie. To muzu\u0142ma\u0144ski kraj, gdzie 1,5 mln katolik\u00f3w Pakista\u0144skich jest ci\u0105gle dr\u0119czonych i dyskryminowanych. Trzeba przerwa\u0107 mil-czenie i oboj\u0119tno\u015b\u0107 na los naszych braci i si\u00f3str \u017cyj\u0105cych w Pakistanie. 3. Po Mszy \u015bw. o 9.00 uczniowie przedstawi\u0105 program o \u015bwi\u0119tych, a potem zostan\u0105 rozdane nagrody za gorliwie uczestnictwo w nabo\u017ce\u0144stwach r\u00f3\u017ca\u0144cowych. Zapraszam rodzic\u00f3w i dzieci klasy III na spotkanie przygotowuj\u0105ce do pierwszej \u2026 <a class=\"continue-reading-link\" href=\"https:\/\/www.parafiawierzbno.com.pl\/?page_id=8275\">Czytaj dalej <span class=\"meta-nav\">&rarr; <\/span><\/a><\/p>\n","protected":false},"author":1,"featured_media":0,"parent":225,"menu_order":0,"comment_status":"closed","ping_status":"closed","template":"","meta":{"ngg_post_thumbnail":0},"_links":{"self":[{"href":"https:\/\/www.parafiawierzbno.com.pl\/index.php?rest_route=\/wp\/v2\/pages\/8275"}],"collection":[{"href":"https:\/\/www.parafiawierzbno.com.pl\/index.php?rest_route=\/wp\/v2\/pages"}],"about":[{"href":"https:\/\/www.parafiawierzbno.com.pl\/index.php?rest_route=\/wp\/v2\/types\/page"}],"author":[{"embeddable":true,"href":"https:\/\/www.parafiawierzbno.com.pl\/index.php?rest_route=\/wp\/v2\/users\/1"}],"replies":[{"embeddable":true,"href":"https:\/\/www.parafiawierzbno.com.pl\/index.php?rest_route=%2Fwp%2Fv2%2Fcomments&post=8275"}],"version-history":[{"count":8,"href":"https:\/\/www.parafiawierzbno.com.pl\/index.php?rest_route=\/wp\/v2\/pages\/8275\/revisions"}],"predecessor-version":[{"id":8309,"href":"https:\/\/www.parafiawierzbno.com.pl\/index.php?rest_route=\/wp\/v2\/pages\/8275\/revisions\/8309"}],"up":[{"embeddable":true,"href":"https:\/\/www.parafiawierzbno.com.pl\/index.php?rest_route=\/wp\/v2\/pages\/225"}],"wp:attachment":[{"href":"https:\/\/www.parafiawierzbno.com.pl\/index.php?rest_route=%2Fwp%2Fv2%2Fmedia&parent=8275"}],"curies":[{"name":"wp","href":"https:\/\/api.w.org\/{rel}","templated":true}]}}