{"id":9063,"date":"2019-01-15T01:15:42","date_gmt":"2019-01-15T00:15:42","guid":{"rendered":"https:\/\/www.parafiawierzbno.com.pl\/?page_id=9063"},"modified":"2019-02-10T22:26:27","modified_gmt":"2019-02-10T21:26:27","slug":"ogloszenia-styczen-2019","status":"publish","type":"page","link":"https:\/\/www.parafiawierzbno.com.pl\/?page_id=9063","title":{"rendered":"Og\u0142oszenia &#8211; Stycze\u0144 2019"},"content":{"rendered":"<p><a title=\"Og\u0142oszenia parafialne\" href=\"https:\/\/www.parafiawierzbno.com.pl\/?page_id=225\">Powr\u00f3t do listy og\u0142osze\u0144<\/a><\/p>\n<h2 style=\"text-align: center;\"><span style=\"color: #000080;\">27 stycznia \u2013 3 Niedziela zwyk\u0142a<\/span><\/h2>\n<p>1. Duchowo \u0142\u0105czymy si\u0119 z Panam\u0105, gdzie m\u0142odzi z ca\u0142ego \u015bwiata spotykaj\u0105 si\u0119 z Ojcem \u015bw. Franciszkiem. Dzi\u015b po Mszy \u015bw. o 9.00 katecheza dla kandydat\u00f3w do Sakramentu Bierzmowania i rodzic\u00f3w. Serdecznie dzi\u0119kuj\u0119 za ofiary na tac\u0119 na remont elewacji ko\u015bcio\u0142a i dzwonnicy. Dzi\u015b prze\u017cywamy \u015awiatowy Dzie\u0144 tr\u0119dowatych i wed\u0142ug danych \u015awiatowej Organizacji Zdrowia w 2017 roku zanotowano ponad 210 tysi\u0119cy nowych zachorowa\u0144 na tr\u0105d.<\/p>\n<p>2. Jest grafik na luty dla czytaj\u0105cych S\u0142owo Bo\u017ce podczas Eucharystii. Na naszej stronie: https:\/\/www.parafiawierzbno.com.pl jest ju\u017c film z Orszaku Trzech Kr\u00f3li w naszej wsp\u00f3lnocie. Serdecznie dzi\u0119kuj\u0119 p. Rafa\u0142owi Miklaszewskiemu za zredagowanie tego filmu.<\/p>\n<p>3. W tym tygodniu pierwszy pi\u0105tek miesi\u0105ca, o 7.30 \u2013 Msza \u015bw. wynagradzaj\u0105ca Naj\u015bwi\u0119tszemu Sercu Pana Jezusa za grzechy nasze i ca\u0142ego \u015bwiata, a od 9.00 odwiedzam chorych pragn\u0105cych przyj\u0105\u0107 Chrystusa w Komunii \u015bw.<\/p>\n<p>4. W sobot\u0119, \u015bwi\u0119to Ofiarowania Pa\u0144skiego i Dzie\u0144 \u017bycia Konsekrowanego. Zapraszam na Msz\u0119 \u015bw. o 9.00 i 17.00. Ofiary na tac\u0119 s\u0105 przeznaczone na zakony klauzurowe w naszej diecezji.<\/p>\n<p>5. Najbli\u017csza niedziela jest pierwsz\u0105 niedziel\u0105 lutego. Po sumie adoracja Naj\u015bwi\u0119tszego Sakramentu i zmianka tajemnic r\u00f3\u017ca\u0144cowych. Ofiarami do puszek wspieramy ks. Jaros\u0142awa Dziedzica i misje w Boliwii.<\/p>\n<p>6. Kurs dla narzeczonych w Gr\u0119bkowie w soboty 16 i 23 lutego. Rozpocz\u0119cie o godzinie 10.00 w sali katechetycznej przy plebanii. M\u0142odzi, kt\u00f3rzy w tym roku planuj\u0105 zawrze\u0107 Sakrament Ma\u0142\u017ce\u0144stwa powinni uczestniczy\u0107 w tym kursie.<\/p>\n<p>7. W sobot\u0119 od 13.00 zapraszam doros\u0142ych i m\u0142odzie\u017c do rozebrania dekoracji bo\u017conarodzeniowej w naszej \u015bwi\u0105tyni. Dzi\u0119kuj\u0119 za sprz\u0105tanie ko\u015bcio\u0142a rodzinom z Wygl\u0119d\u00f3wka i na sobot\u0119 zapraszam na 15.00, (poniewa\u017c o 9.00 b\u0119dzie Msza \u015bw.) nast\u0119puj\u0105ce rodziny: p. Helen\u0119 \u015aledziewsk\u0105, p. Zofi\u0119 i Mieczys\u0142awa \u015aledziewskich oraz p. W\u0142adys\u0142aw\u0119 Zwierz.<\/p>\n<p>8. Zach\u0119cam do lektury nowy Nr. \u201eEcha Katolickiego\u201d. Przeczytamy jakie wyzwania stoj\u0105 przed wsp\u00f3\u0142czesnymi rodzicami, jak mieszka\u0144cy naszej diecezji uczcili pami\u0119\u0107 o b\u0142. M\u0119czennikach Podlaskich oraz o roli profilaktyki i wsparcia w walce z chorob\u0105 nowotworow\u0105.<\/p>\n<h2 style=\"text-align: center;\"><span style=\"color: #000080;\">20 stycznia \u2013 2 Niedziela zwyk\u0142a<\/span><\/h2>\n<p>1. Dzi\u015b po Mszy \u015bw. o 9.00 katecheza dla rodzic\u00f3w i dzieci klasy III przygotowuj\u0105cych si\u0119 do pierwszej spowiedzi i Komunii \u015bw. Prze\u017cywamy tydzie\u0144 Modlitw o Jedno\u015b\u0107 Chrze\u015bcijan pod has\u0142em: \u201eD\u0105\u017c do sprawiedliwo\u015bci\u201d.<\/p>\n<p>2. Uczniowie naszej szko\u0142y podstawowej brali udzia\u0142 w og\u00f3lnopolskim Konkursie Biblia i przypowie\u015bci biblijne\u201d i zaj\u0119\u0142y bardzo dobre miejsca. Pragn\u0119 pochwali\u0107 Szymona Twarowskiego i Ameli\u0119 Gronek w grupie m\u0142odszej, Maj\u0119 Twardowsk\u0105, Filipa Falkowskiego, Micha\u0142a Brogowskiego i Czarka Wiechowskiego w \u015bredniej grupie oraz \u0141ucj\u0119 Mr\u00f3z z klasy VIII.<\/p>\n<p>&nbsp;3. W \u015brod\u0119 wspomnienie b\u0142. Wincentego Lewoniuka i Towarzyszy, m\u0119czennik\u00f3w z Pratulina. Ks. Biskup Kazimierz zaprasza na uroczysto\u015bci do Pratulina.<\/p>\n<p>4. W pi\u0105tek \u015bwi\u0119to nawr\u00f3cenia \u015bw. Paw\u0142a Aposto\u0142a. Zapraszam na Eucharysti\u0119 o godz. 17.00.<\/p>\n<p>5. W najbli\u017csz\u0105 niedziel\u0119 po Mszy \u015bw. o 9.00 spotkanie dla kandydat\u00f3w do Sakramentu Bierzmowania i ich rodzic\u00f3w. Ofiary na tac\u0119 b\u0119d\u0105 przeznaczone na remont elewacji ko\u015bcio\u0142a i dzwonnicy.<\/p>\n<p>6. Dzi\u0119kuj\u0119 za sprz\u0105tanie ko\u015bcio\u0142a rodzinom z Wygl\u0119d\u00f3wka i na sobot\u0119 zapraszam: p. Remigiusza Zalewskiego, p. Janusza Stachowicza oraz p. Eugeni\u0119 Stachowicz.<\/p>\n<p>7. Zach\u0119cam do lektury \u201eEcha Katolickiego\u201d. Przeczytamy o zje\u017adzie Kol\u0119dnik\u00f3w misyjnych w Siedlcach, o \u0142askach jakie wierni otrzymuj\u0105 za wstawiennictwem b\u0142. M\u0119czennik\u00f3w z Pratulina oraz s\u0105 wyniki bada\u0144 ukazuj\u0105cych zaanga\u017cowanie katolik\u00f3w w Polsce w praktyki religijne.<\/p>\n<h2 style=\"text-align: center;\"><span style=\"color: #ff0000;\">13 stycznia 2019 \u2013 Niedziela Chrztu Pa\u0144skiego<\/span><\/h2>\n<p>1. Prze\u017cywamy niedziel\u0119 Chrztu Pa\u0144skiego, kt\u00f3ra ko\u0144czy okres Narodzenia Pa\u0144skiego. W naszej wsp\u00f3lnocie jest to r\u00f3wnie\u017c niedziela radiowa. Dzi\u0119kuj\u0119 za ofiary na tac\u0119 na rzecz Katolickiego Radia Podlasie i zach\u0119cam do nabycia ksi\u0105\u017cek, kt\u00f3re s\u0105 nam proponowane. Po Mszy \u015bw. uczniowie naszej szko\u0142y, pod kierunkiem p. Marty Korzeniak przedstawi\u0105 jase\u0142ka, a potem zmianka tajemnic r\u00f3\u017ca\u0144cowych dla wsp\u00f3lnoty rodzic\u00f3w modl\u0105cych si\u0119 za dzieci.<\/p>\n<p>2. Z serca dzi\u0119kuj\u0119 wszystkim zaanga\u017cowanym w Orszak Trzech Kr\u00f3li w \u015bwi\u0119to Objawienia Pa\u0144skiego. To dzi\u0119ki Wam ju\u017c po raz pi\u0105ty mogli\u015bmy prze\u017cy\u0107 wielkie \u015bwi\u0119to. Dzi\u0119kuj\u0119 Agnieszce Leszczy\u0144skiej i Grzegorzowi Bartnickiemu za rol\u0119 Maryi i J\u00f3zefa, dzi\u0119kuj\u0119 kr\u00f3lom: ks. Miros\u0142awowi Rogo\u017anickiemu, ks. Markowi Weresie, Arturowi Skrzypkowi, dzi\u0119kuj\u0119 p. Anecie Miklaszewskiej i ca\u0142emu orszakowi anio\u0142\u00f3w, Micha\u0142owi W\u0105sowskiemu za rol\u0119 Heroda i wiele wysi\u0142ku w przygotowanie Orszaku, Dzi\u0119kuje Krzysztofowi Mr\u00f3z, Mai Gryglas, Klaudii Wojty\u0144skiej i wszystkim, kt\u00f3rzy podj\u0119li role diabe\u0142k\u00f3w, dzi\u0119kuj\u0119 p. Ma\u0142gorzacie W\u0105sowskiej i Dawidowi Jaworowskiemu za role dworzan Heroda, p. Hannie Tomkiewicz i Jerzemu Leszczy\u0144skiemu za role gospodarzy oraz Witoldowi Kujawie i Zofii Leszczy\u0144skiej jako biesiadnikom, dzi\u0119kuj\u0119 p. Joli Ol\u0119dzkiej, rodzinie Brzuszkiewicz\u00f3w i Mroz\u00f3w z Jaworka za role pasterzy. Dzi\u0119kuj\u0119 p. Andrzejowi K\u0105cy, Krzysztofowi Zwierz i Radkowi Mr\u00f3z za nag\u0142o\u015bnienie orszaku.&nbsp; Serdecznie podzi\u0119kowanie dla p. Kingi Gromulskiej z Dobrego za pyszne krem\u00f3wki papieskie, a p. Wies\u0142awie \u0141ukasiak, Irenie Kiesner i Ma\u0142gorzacie W\u0105sowskiej za bigos, oraz p. Dorocie i Jaros\u0142awowi Wiechowskim za mi\u0119sn\u0105 wk\u0142adk\u0119 do bigosu. Dzi\u0119kuj\u0119 gwiazdorowi p. Waldemarowi G\u0105siorowskiemu, harcerzom i zuchom, Basi i Radkowi za pi\u0119kne kol\u0119dy, druhom stra\u017cakom z OSP Wierzbno i OSP Jaworek za asyst\u0119 i czuwanie nad spokojnym przemarszem kolumny, dzi\u0119kuj\u0119 p. Kazimierzowi W\u0105sowskiemu za \u017cyw\u0105 szopk\u0119 i ks. kan. Stanis\u0142awowi za rol\u0119 kardyna\u0142a. Chwa\u0142a Panu za wszystko.<\/p>\n<p>3. W czwartek uczestniczyli\u015bmy w Zje\u017adzie Kol\u0119dnik\u00f3w Misyjnych w sanktuarium \u015bw. J\u00f3zefa w Siedlcach. Dzi\u0119kuj\u0119 naszym kol\u0119dnikom z Wierzbna za pi\u0119kn\u0105 prezentacj\u0119.<\/p>\n<p>4. Dzi\u0119kuj\u0119 za trosk\u0119 o sprawy parafii, ofiary na remont elewacji ko\u015bcio\u0142a i serdeczne spotkania w rodzinach podczas kol\u0119dy. Dzi\u0119kuj\u0119 za ofiary na prace remontowe \u2013 11&nbsp;750 z\u0142. Jutro, w poniedzia\u0142ek, od 9.00 wizyta duszpasterska na W\u00f3lce.<\/p>\n<p>5. W pi\u0105tek rozpoczyna si\u0119 Tydzie\u0144 Modlitw o Jedno\u015b\u0107 Chrze\u015bcijan pod has\u0142em: \u201eD\u0105\u017c do sprawiedliwo\u015bci\u201d.<\/p>\n<p>6. W najbli\u017csz\u0105 niedziel\u0119 po Mszy \u015bw. o 9.00 katecheza dla rodzic\u00f3w i dzieci klasy III przygotowuj\u0105cych si\u0119 do pierwszej spowiedzi i Komunii \u015bw.<\/p>\n<p>7. Dzi\u0119kuj\u0119 za sprz\u0105tanie rodzinom z Wygl\u0119d\u00f3wka i na sobot\u0119 zapraszam: p. Gra\u017cyn\u0119 Kope\u0107, p. Jadwig\u0119 i Romana Milewskich oraz p. Danut\u0119 i S\u0142awomira Kapitanowicz.<\/p>\n<p>8. Zach\u0119cam do lektury nowego Nr \u201eEcha Katolickiego\u201d. Przeczytamy o dialogu i ruchu ekumenicznym. Jest tak\u017ce bogata fotogaleria z Orszak\u00f3w Trzech Kr\u00f3li, tak\u017ce z Wierzbna.<\/p>\n<p>9. Pan B\u00f3g powo\u0142a\u0142 do wieczno\u015bci \u015bp. Ryszarda Wiel\u0105dka z Lasu Jaworskiego i \u015bp. Czes\u0142awa Santorka z Jan\u00f3wka. Wieczny odpoczynek racz im da\u0107, Panie\u2026<\/p>\n<h2 style=\"text-align: center;\"><span style=\"color: #ff0000;\">6 stycznia \u2013 uroczysto\u015b\u0107 Objawienia Pa\u0144skiego<\/span><\/h2>\n<p>1. Dzi\u015b wraz z wszystkimi narodami oddajemy pok\u0142on Chrystusowi, narodzonemu w Betlejem, jako naszemu Panu i Zbawicielowi. Po Komunii \u015bw. b\u0142ogos\u0142awie\u0144stwo wody, kredy i kadzid\u0142a. Ofiary na tac\u0119 s\u0105 dzi\u015b przeznaczone na misje katolickie. Intencja Apostolstwa Modlitwy na stycze\u0144: Za m\u0142odzie\u017c, szczeg\u00f3lnie w Ameryce \u0141aci\u0144skie, aby za przyk\u0142adem Maryi odpowiedzia\u0142a na wezwanie Pana do przekazywania \u015bwiatu rado\u015bci Ewangelii.<\/p>\n<p>2. Z ca\u0142ego serca zapraszam wszystkich parafian do uczestnictwa w Orszaku Trzech Kr\u00f3li. W tym roku my\u015bl\u0105 przewodni\u0105 s\u0105 s\u0142owa Jana Paw\u0142a II: \u201eNiech zst\u0105pi Duch Tw\u00f3j i odnowi oblicze ziemi\u201d. Pocz\u0105tek o godz. 13.00 przy pieczarkarni. Ka\u017cdy otrzyma \u015bpiewnik i koron\u0119. W\u0142\u0105czajmy si\u0119 w radosne kol\u0119dowanie.<\/p>\n<p>Z serca dzi\u0119kuj\u0119 tym, kt\u00f3rzy ch\u0119tnie zaanga\u017cowali si\u0119 w podj\u0119cie r\u00f3l i konkretnych zada\u0144, przygotowanie scen i \u017cywej szopki. Dzi\u0119kuj\u0119 p. Kindze Gromulskiej za krem\u00f3wki papieskie, a p. Wies\u0142awie \u0141ukasiak, Irenie Kiesner i Ma\u0142gorzacie W\u0105sowskiej za pyszny bigos.<\/p>\n<p>3. W czwartek Diecezjalny Zjazd Kol\u0119dnik\u00f3w Misyjnych w Siedlcach. Nasi kol\u0119dnicy wyje\u017cd\u017caj\u0105 o 8.00 rano sprzed szko\u0142y podstawowej.<\/p>\n<p>4. W najbli\u017csz\u0105 niedziel\u0119 \u015awi\u0119to Chrztu Pa\u0144skiego. B\u0119dziemy go\u015bci\u0107 przedstawicieli Katolickiego Radia Podlasie. Po Mszy \u015bw. o 9.00 uczniowie naszej szko\u0142y przedstawi\u0105 jase\u0142ka, przygotowane przez katechetk\u0119 p. Mart\u0119 Korzeniak.<\/p>\n<p>5. Dzi\u0119kuj\u0119 za \u017cyczliwe przyj\u0119cie podczas wizyt kol\u0119dowych. W tym tygodniu w pi\u0105tek odwiedz\u0119 rodziny w Jaworku, a w sobot\u0119 \u2013 w \u015awidnie.<\/p>\n<p>6. Serdecznie dzi\u0119kuj\u0119 za sprz\u0105tanie ko\u015bcio\u0142a rodzinom z Wygl\u0119d\u00f3wka i na sobot\u0119 zapraszam: p. Agnieszk\u0119 Cyran, p. Mari\u0119 i J\u00f3zefa Kope\u0107 oraz Magdalen\u0119 i Leszka Parol.<\/p>\n<p>7. Zach\u0119cam do lektury najnowszy Nr \u201eEcha Katolickiego\u201d. Przeczytamy o fenomenie Orszak\u00f3w Trzech Kr\u00f3li, r\u00f3wnie\u017c o orszaku w Wierzbnie, \u015bwiadectwo Anny, kt\u00f3ra by\u0142a \u015bwiadkiem Jehowy oraz o modlitwie aktami strzelistymi.<\/p>\n<p>8. Pan B\u00f3g powo\u0142a\u0142 do wieczno\u015bci: \u015bp. Janin\u0119 Ku\u015bmierczyk i \u015bp. Czes\u0142awa Santorka. Z ofiar zebranych na pogrzebie b\u0119dzie sprawowanych 5 Mszy \u015bw. o zbawienie \u015bp. Janiny. Pogrzeb \u015bp. Czes\u0142awa Santorka w \u015brod\u0119 o 10.30. Wieczny odpoczynek racz im da\u0107, Panie\u2026<\/p>\n","protected":false},"excerpt":{"rendered":"<p>Powr\u00f3t do listy og\u0142osze\u0144 27 stycznia \u2013 3 Niedziela zwyk\u0142a 1. Duchowo \u0142\u0105czymy si\u0119 z Panam\u0105, gdzie m\u0142odzi z ca\u0142ego \u015bwiata spotykaj\u0105 si\u0119 z Ojcem \u015bw. Franciszkiem. Dzi\u015b po Mszy \u015bw. o 9.00 katecheza dla kandydat\u00f3w do Sakramentu Bierzmowania i rodzic\u00f3w. Serdecznie dzi\u0119kuj\u0119 za ofiary na tac\u0119 na remont elewacji ko\u015bcio\u0142a i dzwonnicy. Dzi\u015b prze\u017cywamy \u015awiatowy Dzie\u0144 tr\u0119dowatych i wed\u0142ug danych \u015awiatowej Organizacji Zdrowia w 2017 roku zanotowano ponad 210 tysi\u0119cy nowych zachorowa\u0144 na tr\u0105d. 2. Jest grafik na luty dla czytaj\u0105cych S\u0142owo Bo\u017ce podczas Eucharystii. Na naszej stronie: https:\/\/www.parafiawierzbno.com.pl jest ju\u017c film z Orszaku Trzech Kr\u00f3li w naszej wsp\u00f3lnocie. Serdecznie dzi\u0119kuj\u0119 p. Rafa\u0142owi Miklaszewskiemu za zredagowanie tego filmu. 3. W tym tygodniu pierwszy pi\u0105tek miesi\u0105ca, o 7.30 \u2013 Msza \u015bw. wynagradzaj\u0105ca Naj\u015bwi\u0119tszemu Sercu Pana Jezusa za grzechy nasze i ca\u0142ego \u015bwiata, a od 9.00 odwiedzam chorych pragn\u0105cych przyj\u0105\u0107 Chrystusa w Komunii \u015bw. 4. W sobot\u0119, \u015bwi\u0119to Ofiarowania Pa\u0144skiego i \u2026 <a class=\"continue-reading-link\" href=\"https:\/\/www.parafiawierzbno.com.pl\/?page_id=9063\">Czytaj dalej <span class=\"meta-nav\">&rarr; <\/span><\/a><\/p>\n","protected":false},"author":1,"featured_media":0,"parent":225,"menu_order":0,"comment_status":"closed","ping_status":"closed","template":"","meta":{"ngg_post_thumbnail":0},"_links":{"self":[{"href":"https:\/\/www.parafiawierzbno.com.pl\/index.php?rest_route=\/wp\/v2\/pages\/9063"}],"collection":[{"href":"https:\/\/www.parafiawierzbno.com.pl\/index.php?rest_route=\/wp\/v2\/pages"}],"about":[{"href":"https:\/\/www.parafiawierzbno.com.pl\/index.php?rest_route=\/wp\/v2\/types\/page"}],"author":[{"embeddable":true,"href":"https:\/\/www.parafiawierzbno.com.pl\/index.php?rest_route=\/wp\/v2\/users\/1"}],"replies":[{"embeddable":true,"href":"https:\/\/www.parafiawierzbno.com.pl\/index.php?rest_route=%2Fwp%2Fv2%2Fcomments&post=9063"}],"version-history":[{"count":4,"href":"https:\/\/www.parafiawierzbno.com.pl\/index.php?rest_route=\/wp\/v2\/pages\/9063\/revisions"}],"predecessor-version":[{"id":9092,"href":"https:\/\/www.parafiawierzbno.com.pl\/index.php?rest_route=\/wp\/v2\/pages\/9063\/revisions\/9092"}],"up":[{"embeddable":true,"href":"https:\/\/www.parafiawierzbno.com.pl\/index.php?rest_route=\/wp\/v2\/pages\/225"}],"wp:attachment":[{"href":"https:\/\/www.parafiawierzbno.com.pl\/index.php?rest_route=%2Fwp%2Fv2%2Fmedia&parent=9063"}],"curies":[{"name":"wp","href":"https:\/\/api.w.org\/{rel}","templated":true}]}}