{"id":9102,"date":"2019-03-10T07:40:22","date_gmt":"2019-03-10T06:40:22","guid":{"rendered":"https:\/\/www.parafiawierzbno.com.pl\/?page_id=9102"},"modified":"2019-04-03T18:41:04","modified_gmt":"2019-04-03T16:41:04","slug":"ogloszenia-marzec-2019","status":"publish","type":"page","link":"https:\/\/www.parafiawierzbno.com.pl\/?page_id=9102","title":{"rendered":"Og\u0142oszenia &#8211; Marzec 2019"},"content":{"rendered":"<p><a title=\"Og\u0142oszenia parafialne\" href=\"https:\/\/www.parafiawierzbno.com.pl\/?page_id=225\">Powr\u00f3t do listy og\u0142osze\u0144<\/a><\/p>\n<h2 style=\"text-align: center;\"><span style=\"color: #333399;\">31 marca &#8211; IV Niedziela Wielkiego Postu<\/span><\/h2>\n<p>1. IV Niedziela Wielkiego Postu nazywa si\u0119 Laetare, czyli niedziel\u0105 radosn\u0105. Antyfona na wej\u015bcie g\u0142osi: \u201eRaduj si\u0119, Jerozolimo, zbierzcie si\u0119 wszyscy, kt\u00f3rzy j\u0105 kochacie\u201d. Przed sum\u0105 o 11.30 \u2013 nabo\u017ce\u0144stwo Gorzkich \u017cali. Jest grafik na kwiecie\u0144 dla zespo\u0142u liturgicznego czytaj\u0105cego S\u0142owo Bo\u017ce podczas Eucharystii. Dzi\u0119kuj\u0119 za ofiary na remont elewacji ko\u015bcio\u0142a i dzwonnicy.<\/p>\n<p>2. W tym tygodniu pierwszy czwartek miesi\u0105ca. O 7.30 Msza \u015bw. za zmar\u0142ych polecanych Bo\u017cemu Mi\u0142osierdziu w wypominkach, a od 17.00 adoracja Naj\u015bw. Sakramentu, modlitwa za powo\u0142anych i o nowe powo\u0142ania kap\u0142a\u0144skie, misyjne i do \u017cycia konsekrowanego a tak\u017ce okazja do spowiedzi przed pierwszym pi\u0105tkiem miesi\u0105ca.<\/p>\n<p>3. Pierwszy pi\u0105tek \u2013 o 7.30 Msza \u015bw. wynagradzaj\u0105ca Naj\u015bwi\u0119tszemu Sercu Pana Jezusa i od 8.45 odwiedzam chorych pragn\u0105cych przyj\u0105\u0107 Chrystusa w Komunii \u015bw. Zapraszam na nabo\u017ce\u0144stwo Drogi Krzy\u017cowej o 17.30 (b\u0119dzie prowadzi\u0107 katechetka p. Marta Korzeniak z dzie\u0107mi) i Msz\u0119 \u015bw. o 18.00.<\/p>\n<p>4. W tym tygodniu w poniedzia\u0142ek, pi\u0105tek i sobot\u0119 jestem na spowiedzi rekolekcyjnej. Ze wzgl\u0119du na spowied\u017a w Wi\u015bniewie Msza \u015bw. w sobot\u0119 o godz. 17.00, poniewa\u017c o 18.00 pos\u0142uguj\u0119 na rekolekcjach.<\/p>\n<p>5. W najbli\u017csz\u0105 niedziel\u0119 po sumie zmianka tajemnic r\u00f3\u017ca\u0144cowych. O godz. 15.00 zapraszam na nabo\u017ce\u0144stwo Drogi Krzy\u017cowej ulicami Wierzbna. B\u0119dziemy si\u0119 szczeg\u00f3lnie modli\u0107 za nasz\u0105 m\u0142odzie\u017c i rodziny. Zapraszam do licznego udzia\u0142u wszystkich parafian, druh\u00f3w stra\u017cak\u00f3w do warty honorowej i kierowania ruchem na trasie przemarszu. Do niesienia krzy\u017ca zapraszam nast\u0119puj\u0105ce grupy ludzi: z ko\u015bcio\u0142a do I stacji \u2013 druhowie stra\u017cacy, do II stacji \u2013 siostry z K\u00f3\u0142 \u017bywego R\u00f3\u017ca\u0144ca z Wierzbna, do III stacji \u2013 dzieci, przygotowuj\u0105ce si\u0119 do I Komunii \u015bw. wraz z rodzicami, do IV stacji \u2013 m\u0142odzie\u017c, przygotowuj\u0105ca si\u0119 do Sakramentu Bierzmowania, do V stacji \u2013 mieszka\u0144cy Lasu Jaworskiego, do VI stacji \u2013 mieszka\u0144cy Helenowa, do VII stacji \u2013 mieszka\u0144cy Jaworka, do VIII stacji \u2013 wsp\u00f3lnota Domowego Ko\u015bcio\u0142a, do IX stacji \u2013 mieszka\u0144cy Jan\u00f3wka, do X stacji \u2013 mieszka\u0144cy Wygl\u0119d\u00f3wka, do XI stacji \u2013 mieszka\u0144cy W\u00f3lki, do XII stacji \u2013 mieszka\u0144cy \u015awidna, do XIII stacji \u2013 mieszka\u0144cy Sobonia, do XIV stacji \u2013 mieszka\u0144cy Wierzbna i do ko\u015bcio\u0142a \u2013 druhowie stra\u017cacy. Niech wsp\u00f3lny \u015bpiew i modlitwa jednoczy nas w \u017cyw\u0105 wsp\u00f3lnot\u0119 Ko\u015bcio\u0142a.<\/p>\n<p>6. Dzi\u0119kuj\u0119 mieszka\u0144com Jaworka za segregacj\u0119 \u015bmieci na cmentarzu i wywiezienie naturalnych odpad\u00f3w na kompostownik.<\/p>\n<p>7. Dzi\u0119kuj\u0119 rodzinom z W\u00f3lki za sprz\u0105tanie ko\u015bcio\u0142a i na sobot\u0119 zapraszam: p. Zdzis\u0142awa Blanc, p. Danut\u0119&nbsp; i Kazimierza \u017belazowskich oraz p. Joann\u0119 i Roberta Cieniewskich.<\/p>\n<p>8. Pani Mariola Zalewska ze Stawisk (664&nbsp;497&nbsp;467) organizuje 3 maja Pielgrzymk\u0119 do Torunia. Spotkanie w Radiu Maryja, Msza \u015bw. w sanktuarium Matki Bo\u017cej Nowej Ewangelizacji i zwiedzanie star\u00f3wki toru\u0144skiej. Koszt 80 z\u0142. Zach\u0119cam do uczestnictwa.<\/p>\n<p>9. Na stoliku za \u0142awkami le\u017cy nowy Nr \u201eEcha Katolickiego\u201d. Przeczytamy o procesie beatyfikacyjnym bpa Ignacego \u015awirskiego, jak dobrze prze\u017cy\u0107 spowied\u017a oraz o sposobach prze\u017cywania \u201eGorzkich \u017cali\u201d i inne ciekawe artyku\u0142y.<\/p>\n<h2 style=\"text-align: center;\"><span style=\"color: #333399;\">24 marca \u2013 III Niedziela Wielkiego Postu<\/span><\/h2>\n<p>1. Dzi\u0119kuj\u0119 ks. Leszkowi Hryciukowi za przeprowadzenie Rekolekcji Wielkopostnych w naszej wsp\u00f3lnocie parafialnej, dzi\u0119kuje tak\u017ce kap\u0142anom, kt\u00f3rzy w pi\u0105tek i wczoraj pos\u0142ugiwali w konfesjona\u0142ach. Dzi\u0119kuj\u0119 tym, kt\u00f3rzy przynie\u015bli ciasto i przygotowali posi\u0142ki. Po Mszy \u015bw. o 9.00 katecheza dla rodzic\u00f3w i m\u0142odzie\u017cy przygotowuj\u0105cej si\u0119 do Sakramentu Bierzmowania.<\/p>\n<p>2. Jutro uroczysto\u015b\u0107 Zwiastowania Pa\u0144skiego. To tak\u017ce dzie\u0144 podj\u0119cia Duchowej Adopcji Dziecka Pocz\u0119tego. Przez 9 miesi\u0119cy otaczamy modlitewn\u0105 opiek\u0105 dziecko, kt\u00f3rego \u017cycie jest zagro\u017cone. Zapraszam na Msz\u0119 \u015bw. o 9.00 i 18.00. Od poniedzia\u0142ku Msza \u015bw. wieczorowa b\u0119dzie sprawowana o godz. 18.00.<\/p>\n<p>3. W czwartek z uczniami klasy VII, VIII i III gimnazjum jedziemy na pielgrzymk\u0119 do Kodnia, Kostom\u0142ot\u00f3w i Pratulina. Msza \u015bw. w Wierzbnie rano o 7.15.<\/p>\n<p>4. W pi\u0105tek jestem na spowiedzi rekolekcyjnej w Oleksinie. Zapraszam na nabo\u017ce\u0144stwo drog\u0119 Krzy\u017cow\u0105 o godz. 16.30 i na Msz\u0119 \u015bw. o 17.00, poniewa\u017c o 18.00 spowiadam w Oleksinie.<\/p>\n<p>5. W najbli\u017csz\u0105 niedziel\u0119 ofiary na tac\u0119 b\u0119d\u0105 przeznaczone na remont elewacji ko\u015bcio\u0142a i dzwonnicy. Msza \u015bw. o 9.00, 12.00 i wieczorem o godz. 18.00.<\/p>\n<p>6. W sobot\u0119 zapraszam mieszka\u0144c\u00f3w Jaworka do segregacji odpad\u00f3w na cmentarzu i wywiezienia ga\u0142\u0119zi, zesch\u0142ych kwiat\u00f3w i wie\u0144c\u00f3w na kompostownik.<\/p>\n<p>7. W niedziel\u0119 7 kwietnia planujemy nabo\u017ce\u0144stwo Drogi Krzy\u017cowej ulicami Wierzbna.<\/p>\n<p>8. Dzi\u0119kuj\u0119 za sprz\u0105tanie ko\u015bcio\u0142a i na sobot\u0119 zapraszam: p. Teres\u0119 i Zbigniewa Bzoch, p. Gra\u017cyn\u0119 i Mariana Wojty\u0144skich oraz p. Katarzyn\u0119 i Grzegorza Wojty\u0144skich z W\u00f3lki.<\/p>\n<p>9. Zach\u0119cam do lektury nowy Nr. \u201e Echa Katolickiego\u201d. Przeczytamy o tym, co z nasz\u0105 wra\u017cliwo\u015bci\u0105 na potrzeby bli\u017anich, o kryzysie humanitarnym, z kt\u00f3rym musz\u0105 mierzy\u0107 si\u0119 miliony Jeme\u0144czyk\u00f3w, o misji na Jamajce ks. Tomasza Denickiego i wiele innych cennych artyku\u0142\u00f3w.<\/p>\n<h2 style=\"text-align: center;\"><span style=\"color: #333399;\">17 marca \u2013 II Niedziela Wielkiego Postu<\/span><\/h2>\n<p>1. Dzi\u015b Niedziela pomocy Ko\u015bcio\u0142owi w \u015bwiecie \u201eAd gentes\u201d. Ponad 2000 misjonarzy i misjonarek z Polski g\u0142osi Ewangeli\u0119 i niesie mi\u0142o\u015b\u0107 Chrystusa do lud\u00f3w i narod\u00f3w, nieznaj\u0105cych jeszcze Pana Boga. W najnowszym Nr \u201eEcha Katolickiego\u201d przeczytamy list ks. Jaros\u0142awa Dziedzica z Boliwii z podzi\u0119kowaniem za modlitwy. Wspieramy misje katolickie modlitw\u0105 i ofiarami do puszek. Po Mszy \u015bw. o 9.00 katecheza dla rodzic\u00f3w i dzieci klasy III, przygotowuj\u0105cych si\u0119 do pierwszej spowiedzi i Komunii \u015bw.<\/p>\n<p>2. We wtorek uroczysto\u015b\u0107 \u015bw. J\u00f3zefa, Oblubie\u0144ca NMP. Zapraszam na Eucharysti\u0119 o godz. 7.30 i 17.00.<\/p>\n<p>3. W tym tygodniu (od pi\u0105tku do niedzieli) b\u0119dziemy prze\u017cywa\u0107 Rekolekcje Wielkopostne. To bardzo wa\u017cny czas dzia\u0142ania Ducha \u015awi\u0119tego i prosz\u0119 w moim imieniu zaprosi\u0107 tych, kt\u00f3rzy rzadko ucz\u0119szczaj\u0105 do ko\u015bcio\u0142a. Rekolekcje poprowadzi ks. Leszek Hryciuk. W pi\u0105tek i w sobot\u0119 kap\u0142ani b\u0119d\u0105 s\u0142u\u017cy\u0107 w konfesjona\u0142ach. Zapraszam w pi\u0105tek i w sobot\u0119 na Eucharysti\u0119 o godz. 10.00, 12.00 i 17.00. W pi\u0105tek po Mszy \u015bw. o 10.00 nauka stanowa dla m\u0119\u017cczyzn, a o 16.30 \u2013 nabo\u017ce\u0144stwo Drogi Krzy\u017cowej, w sobot\u0119 te\u017c po Mszy \u015bw. o 10.00 \u2013 nauka stanowa dla kobiet. W niedziel\u0119 ofiarami na tac\u0119 wyrazimy wdzi\u0119czno\u015b\u0107 ks. rekolekcjoni\u015bcie. Jak w ka\u017cd\u0105 niedziel\u0119 Msza \u015bw. o 9.00, 12.00 i 17.00. Po Mszy \u015bw. o 9.00 katecheza dla rodzic\u00f3w i m\u0142odzie\u017cy przygotowuj\u0105cej si\u0119 do Sakramentu Bierzmowania oraz kr\u00f3tki program o krzy\u017cu, przygotowany przez m\u0142odzie\u017c z MOWu z Jaworka.<\/p>\n<p>4. Na o\u0142tarzu \u015bw. Micha\u0142a le\u017c\u0105 baranki wielkanocne, po 5 z\u0142, jako pomoc dla Caritas.<\/p>\n<p>5. Dzi\u0119kuj\u0119 za sprz\u0105tanie ko\u015bcio\u0142a rodzinom ze \u015awidna i na sobot\u0119 zapraszam z W\u00f3lki: p. Zofi\u0119 i Tadeusza Jab\u0142o\u0144skich, p. Halin\u0119 Kruszewsk\u0105 z synem Wojciechem oraz p. Jolant\u0119 Bzoch.<\/p>\n<p>6. Zach\u0119cam do lektury nowy Nr. \u201eEcha Katolickiego\u201d. Przeczytamy o cudach jako odpowiedzi na bezgraniczn\u0105 ufno\u015b\u0107 pok\u0142adan\u0105 w Bogu, o apostolstwie w codziennym \u017cyciu oraz o nadu\u017cyciach i pr\u00f3bach obrony w zwi\u0105zku z wprowadzeniem karty LGBT.<\/p>\n<h2 style=\"text-align: center;\"><span style=\"color: #333399;\">10 marca \u2013 I Niedziela Wielkiego Postu<\/span><\/h2>\n<p>1. Po Mszy \u015bw. o 9.00 zmianka tajemnic r\u00f3\u017ca\u0144cowych dla wsp\u00f3lnoty rodzic\u00f3w modl\u0105cych si\u0119 za dzieci, a o 11.30 zapraszam na nabo\u017ce\u0144stwo Gorzkich \u017bali. Dla dzieci i m\u0142odzie\u017cy konkurs aktywno\u015bci za udzia\u0142 w nabo\u017ce\u0144stwie Gorzkich \u017bali i Drogi Krzy\u017cowej.<\/p>\n<p>2. Zach\u0119cam w pi\u0105tek o 16.30 do licznego udzia\u0142u w nabo\u017ce\u0144stwie Drogi Krzy\u017cowej. Prowadz\u0105 uczniowie naszej szko\u0142y podstawowej wraz z pani\u0105 katechetk\u0105.<\/p>\n<p>3. W najbli\u017csz\u0105 niedziel\u0119 obchodzimy Dzie\u0144 Modlitwy, Postu i Solidarno\u015bci z Misjonarzami i pomagamy Ko\u015bcio\u0142owi w \u015bwiecie \u201eAd gentes\u201d. Ofiary do puszek s\u0105 przeznaczone jako wsparcie dla polskich misjonarzy i misjonarek, kt\u00f3rzy g\u0142osz\u0105 Ewangeli\u0119 w 99 krajach misyjnych. Po Mszy \u015bw. o 9.00 katecheza dla rodzic\u00f3w i dzieci klasy III przygotowuj\u0105cych si\u0119 do pierwszej spowiedzi i Komunii \u015bw.<\/p>\n<p>4. Na bocznym o\u0142tarzu s\u0105 baranki wielkanocne&nbsp; po 5 z\u0142 jako wsparcie dla Caritas. Le\u017cy tak\u017ce korona cierniowa i dzieci mog\u0105 przez drobne wyrzeczenia i pos\u0142usze\u0144stwo rodzicom oraz czyny mi\u0142osierdzia nak\u0142ada\u0107 na ciernie kwiatki. Tak mog\u0105 \u0142agodzi\u0107 cierpienia Chrystusa, kt\u00f3ry za nas wiele wycierpia\u0142, umar\u0142 na krzy\u017cu i zmartwychwsta\u0142. Zaplanujmy sobie tak czas na Rekolekcje Wielkopostne od 22 do 24 marca, aby przez trzy dni jak najwi\u0119cej skorzysta\u0107 z nauk rekolekcyjnych, kt\u00f3re wyg\u0142osi dla nas ks. Leszek Hryciuk.<\/p>\n<p>5. W najbli\u017csz\u0105 sobot\u0119 16 marca jest organizowany wyjazd na Kongres R\u00f3\u017ca\u0144cowy do Radzynia Podlaskiego. Zach\u0119cam do wzi\u0119cia udzia\u0142u cz\u0142onkinie \u017bywego R\u00f3\u017ca\u0144ca i prosz\u0119 zg\u0142asza\u0107 si\u0119 do pani Czes\u0142awy Gryglas z Wycz\u00f3\u0142ek.<\/p>\n<p>6. Dzi\u0119kuj\u0119 za sprz\u0105tanie ko\u015bcio\u0142a rodzinom ze \u015awidna i na sobot\u0119 zapraszam: p. Hann\u0119 i S\u0142awomira Bergiel, p. Mieczys\u0142aw\u0119 Lipi\u0144sk\u0105 oraz p. Ann\u0119 i Jacka Lipi\u0144skich. Tak \u015awidno zako\u0144czy dy\u017cur troski o czysto\u015b\u0107 ko\u015bcio\u0142a i w dalszej kolejno\u015bci zapraszam rodziny z W\u00f3lki.<\/p>\n<p>7. Zach\u0119cam do lektury nowy Nr \u201eEcha Katolickiego\u201d. Przeczytamy o logice Wielkiego Postu, o tym jak Pan B\u00f3g mo\u017ce wyci\u0105gn\u0105\u0107 cz\u0142owieka z najwi\u0119kszego dna, czyli o Mateuszu Talbocie oraz o akcji dobroczynnej \u201eKilometry dobra\u201d, a tak\u017ce o wstawiennictwie \u015bw. J\u00f3zefa.<\/p>\n<p>8. Pan B\u00f3g powo\u0142a\u0142 do wieczno\u015bci \u015bp. Mariann\u0119 Ku\u015bmierczyk z Jaworka. Z ofiar zebranych na pogrzebie b\u0119dzie sprawowanych 7 Mszy \u015bw. o zbawienie jej duszy. Wieczny odpoczynek racz jej da\u0107, Panie\u2026<\/p>\n<h2 style=\"text-align: center;\"><span style=\"color: #333399;\">3 marca \u2013 8 Niedziela zwyk\u0142a<\/span><\/h2>\n<p>1. Chwa\u0142a Bogu, w czwartek uda\u0142o si\u0119 z\u0142o\u017cy\u0107 wniosek o dofinansowanie remontu elewacji ko\u015bcio\u0142a i dzwonnicy. Teraz prosz\u0119 o modlitw\u0119, aby\u015bmy otrzymali wsparcie od konserwatora wojew\u00f3dzkiego. Rozpoczynamy Tydzie\u0144 Modlitw o Trze\u017awo\u015b\u0107 Narodu pod has\u0142em: \u201eM\u0142odzi, trze\u017awi i wolni\u201d. Z okazji zapust\u00f3w po Mszy \u015bw. m\u0142odzie\u017c cz\u0119stuje p\u0105czkami. Po sumie wystawienie Naj\u015bwi\u0119tszego Sakramentu, adoracja i zmianka tajemnic r\u00f3\u017ca\u0144cowych. Ofiarami do puszek wspieramy misjonarza ks. Jaros\u0142awa Dziedzica i misje w Boliwii. Intencja Apostolstwa Modlitwy na marzec: \u201eZa wsp\u00f3lnoty chrze\u015bcija\u0144skie, szczeg\u00f3lnie te prze\u015bladowane, aby odczuwa\u0142y blisko\u015b\u0107 Chrystusa, a ich prawa by\u0142y respektowane\u201d.<\/p>\n<p>2. Jutro \u015bwi\u0119to \u015bw. Kazimierza Kr\u00f3lewicza. Zapraszam na Eucharysti\u0119 o 17.00 i 17.30.<\/p>\n<p>3. \u015aroda Popielcowa rozpoczyna czas wewn\u0119trznego oczyszczenia i pokuty. Podczas Mszy \u015bw. o 9.00 i 17.00 odb\u0119dzie si\u0119 obrz\u0119d posypania g\u0142\u00f3w popio\u0142em. Zachowujemy wstrzemi\u0119\u017aliwo\u015b\u0107 od pokarm\u00f3w mi\u0119snych i \u015bcis\u0142y post (jeden posi\u0142ek do syta). Rekolekcje Wielkopostne w naszej wsp\u00f3lnocie odb\u0119d\u0105 si\u0119 przed III Niedziel\u0105 Wielkiego Postu i poprowadzi je ks. Leszek Hryciuk.<\/p>\n<p>4. Pierwszy czwartek miesi\u0105ca, o 7.30 \u2013 Msza \u015bw. za zmar\u0142ych polecanych Bo\u017cemu Mi\u0142osierdziu w wypominkach, a od 16.00 \u2013 adoracja Naj\u015bwi\u0119tszego Sakramentu i modlitwa za powo\u0142anych do s\u0142u\u017cby Bo\u017cej oraz o nowe powo\u0142ania kap\u0142a\u0144skie, misyjne i do \u017cycia konsekrowanego.<\/p>\n<p>5. Najbli\u017cszy pi\u0105tek to Dzie\u0144 Modlitwy Wynagradzaj\u0105cej i Pokuty za grzechy wykorzystania seksualnego os\u00f3b ma\u0142oletnich. Zapraszam na drog\u0119 krzy\u017cow\u0105 o 16.30, a potem na Eucharysti\u0119.<\/p>\n<p>6. W najbli\u017csz\u0105 niedziel\u0119 po Mszy \u015bw. o 9.00 zmianka tajemnic r\u00f3\u017ca\u0144cowych dla wsp\u00f3lnoty rodzic\u00f3w modl\u0105cych si\u0119 za dzieci, a przed sum\u0105 o 11.30 zapraszam na nabo\u017ce\u0144stwo Gorzkich \u017bali. Dla dzieci i m\u0142odzie\u017cy b\u0119dzie konkurs aktywno\u015bci w nabo\u017ce\u0144stwach drogi krzy\u017cowej.<\/p>\n<p>7. Dzi\u0119kuj\u0119 za sprz\u0105tanie ko\u015bcio\u0142a rodzinom ze \u015awidna i na sobot\u0119 zapraszam: p Ew\u0119 i Dariusza Bergier, p. Anet\u0119 i Mariusza Bergier oraz p. Wand\u0119 i Alfreda Krasuskich.<\/p>\n<p>8. Zach\u0119cam do lektury nowy Nr \u201eEcha Katolickiego\u201d. Przeczytamy cenne artyku\u0142y: jak wychowywa\u0107 m\u0142ode pokolenie do \u017cycia w trze\u017awo\u015bci, o objawach uzale\u017cnienia alkoholowego i sposobach leczenia, o mocy s\u0142owa, kt\u00f3re mo\u017ce niszczy\u0107 lub budowa\u0107.<\/p>\n","protected":false},"excerpt":{"rendered":"<p>Powr\u00f3t do listy og\u0142osze\u0144 31 marca &#8211; IV Niedziela Wielkiego Postu 1. IV Niedziela Wielkiego Postu nazywa si\u0119 Laetare, czyli niedziel\u0105 radosn\u0105. Antyfona na wej\u015bcie g\u0142osi: \u201eRaduj si\u0119, Jerozolimo, zbierzcie si\u0119 wszyscy, kt\u00f3rzy j\u0105 kochacie\u201d. Przed sum\u0105 o 11.30 \u2013 nabo\u017ce\u0144stwo Gorzkich \u017cali. Jest grafik na kwiecie\u0144 dla zespo\u0142u liturgicznego czytaj\u0105cego S\u0142owo Bo\u017ce podczas Eucharystii. Dzi\u0119kuj\u0119 za ofiary na remont elewacji ko\u015bcio\u0142a i dzwonnicy. 2. W tym tygodniu pierwszy czwartek miesi\u0105ca. O 7.30 Msza \u015bw. za zmar\u0142ych polecanych Bo\u017cemu Mi\u0142osierdziu w wypominkach, a od 17.00 adoracja Naj\u015bw. Sakramentu, modlitwa za powo\u0142anych i o nowe powo\u0142ania kap\u0142a\u0144skie, misyjne i do \u017cycia konsekrowanego a tak\u017ce okazja do spowiedzi przed pierwszym pi\u0105tkiem miesi\u0105ca. 3. Pierwszy pi\u0105tek \u2013 o 7.30 Msza \u015bw. wynagradzaj\u0105ca Naj\u015bwi\u0119tszemu Sercu Pana Jezusa i od 8.45 odwiedzam chorych pragn\u0105cych przyj\u0105\u0107 Chrystusa w Komunii \u015bw. Zapraszam na nabo\u017ce\u0144stwo Drogi Krzy\u017cowej o 17.30 (b\u0119dzie prowadzi\u0107 katechetka p. Marta Korzeniak z dzie\u0107mi) i \u2026 <a class=\"continue-reading-link\" href=\"https:\/\/www.parafiawierzbno.com.pl\/?page_id=9102\">Czytaj dalej <span class=\"meta-nav\">&rarr; <\/span><\/a><\/p>\n","protected":false},"author":1,"featured_media":0,"parent":225,"menu_order":0,"comment_status":"closed","ping_status":"closed","template":"","meta":{"ngg_post_thumbnail":0},"_links":{"self":[{"href":"https:\/\/www.parafiawierzbno.com.pl\/index.php?rest_route=\/wp\/v2\/pages\/9102"}],"collection":[{"href":"https:\/\/www.parafiawierzbno.com.pl\/index.php?rest_route=\/wp\/v2\/pages"}],"about":[{"href":"https:\/\/www.parafiawierzbno.com.pl\/index.php?rest_route=\/wp\/v2\/types\/page"}],"author":[{"embeddable":true,"href":"https:\/\/www.parafiawierzbno.com.pl\/index.php?rest_route=\/wp\/v2\/users\/1"}],"replies":[{"embeddable":true,"href":"https:\/\/www.parafiawierzbno.com.pl\/index.php?rest_route=%2Fwp%2Fv2%2Fcomments&post=9102"}],"version-history":[{"count":6,"href":"https:\/\/www.parafiawierzbno.com.pl\/index.php?rest_route=\/wp\/v2\/pages\/9102\/revisions"}],"predecessor-version":[{"id":9150,"href":"https:\/\/www.parafiawierzbno.com.pl\/index.php?rest_route=\/wp\/v2\/pages\/9102\/revisions\/9150"}],"up":[{"embeddable":true,"href":"https:\/\/www.parafiawierzbno.com.pl\/index.php?rest_route=\/wp\/v2\/pages\/225"}],"wp:attachment":[{"href":"https:\/\/www.parafiawierzbno.com.pl\/index.php?rest_route=%2Fwp%2Fv2%2Fmedia&parent=9102"}],"curies":[{"name":"wp","href":"https:\/\/api.w.org\/{rel}","templated":true}]}}