{"id":9177,"date":"2019-05-18T15:17:39","date_gmt":"2019-05-18T13:17:39","guid":{"rendered":"https:\/\/www.parafiawierzbno.com.pl\/?page_id=9177"},"modified":"2019-06-20T09:25:48","modified_gmt":"2019-06-20T07:25:48","slug":"ogloszenia-maj-2019","status":"publish","type":"page","link":"https:\/\/www.parafiawierzbno.com.pl\/?page_id=9177","title":{"rendered":"Og\u0142oszenia &#8211; Maj 2019"},"content":{"rendered":"<p><a title=\"Og\u0142oszenia parafialne\" href=\"https:\/\/www.parafiawierzbno.com.pl\/?page_id=225\">Powr\u00f3t do listy og\u0142osze\u0144<\/a><\/p>\n<h2 style=\"text-align: center;\"><span style=\"color: #339966;\">26 maja \u2013 6 Niedziela Wielkanocy<\/span><\/h2>\n<p>1. Dzie\u0144 Matki, z ca\u0142ego serca pozdrawiamy nasze Mamy i dzi\u0119kujemy za ich mi\u0142o\u015b\u0107 pod r\u00f3\u017cnymi postaciami, dzi\u0119kujemy \u017ce przekazuj\u0105 nam wiar\u0119 i chrze\u015bcija\u0144skie warto\u015bci, to dzi\u0119ki nim w rodzinach jest szcz\u0119\u015bcie. Dla tych mam, kt\u00f3re odesz\u0142y do Pana, prosimy o nagrod\u0119 nieba. Po Mszy \u015bw. o 9.00 katecheza dla rodzic\u00f3w i m\u0142odzie\u017cy przygotowuj\u0105cej si\u0119 do Sakramentu Bierzmowania. Dzi\u015b o 16.00 nabo\u017ce\u0144stwo po\u015bwi\u0119cenia p\u00f3l w Wierzbnie, zako\u0144czone Eucharysti\u0105 o godz. 18.00. Dzi\u0119kuj\u0119 za ofiary na tac\u0119, kt\u00f3re s\u0105 przeznaczone na remont elewacji ko\u015bcio\u0142a i dzwonnicy. Jest nowy grafik na czerwiec dla czytaj\u0105cych S\u0142owo Bo\u017ce podczas Eucharystii.<\/p>\n<p>2. W pi\u0105tek \u015bwi\u0119to Nawiedzenia NMP i zako\u0144czenie nabo\u017ce\u0144stw majowych. Za gorliwe uczestnictwo w nabo\u017ce\u0144stwach majowych dzieci i m\u0142odzie\u017c otrzymaj\u0105 upominki.<\/p>\n<p>3. Pierwsza sobota miesi\u0105ca &#8211; o 7.30 Msza \u015bw. wynagradzaj\u0105ca Niepokalanemu Sercu Maryi. Nabo\u017ce\u0144stwo do Naj\u015bwi\u0119tszego Serca Pana Jezusa b\u0119dzie w dni powszednie po Mszy \u015bw. o godz.18.00 i w niedziele o 10.40. Zapraszam do wsp\u00f3lnej modlitwy.<\/p>\n<p>4. Informuj\u0119, \u017ce od czerwca i do ko\u0144ca wrze\u015bnia suma w niedziel\u0119 b\u0119dzie sprawowana o 11.00. W najbli\u017csz\u0105 niedziel\u0119 Uroczysto\u015b\u0107 Wniebowst\u0105pienia Pa\u0144skiego. Msza \u015bw. o godz. 9.00, 11.00 i 18.00. Ofiarami do puszek wspieramy budow\u0119 \u015awi\u0105tyni Opatrzno\u015bci Bo\u017cej w Warszawie.<\/p>\n<p>5. Z ca\u0142ego serca dzi\u0119kuj\u0119 mieszka\u0144com W\u00f3lki za postawienie pi\u0119knego krzy\u017ca, kt\u00f3ry wczoraj zosta\u0142 po\u015bwi\u0119cony. Konkretny przyk\u0142ad, jak wsp\u00f3lnymi si\u0142ami mo\u017cna wiele osi\u0105gn\u0105\u0107. Dzi\u0119kuj\u0119 za zaanga\u017cowanie radnego p. Tadeusza Jab\u0142o\u0144skiego.<\/p>\n<p>6. Dzi\u0119kuj\u0119 za sprz\u0105tanie ko\u015bcio\u0142a rodzinom z Sobonia i na sobot\u0119 zapraszam: p. Mariana Korczak, p. Zofi\u0119 \u017baboklick\u0105, p. Danut\u0119 Ho\u0142ubiec z synami oraz p. El\u017cbiet\u0119 i Kazimierza Zalewskich.<\/p>\n<p>7. Na sobot\u0119 od 9.00 zapraszam mieszka\u0144c\u00f3w Lasu Jaworskiego do segregacji odpad\u00f3w na cmentarzu i wywiezienia naturalnych \u015bmieci na kompostownik.<\/p>\n<p>8. Do Sakramentu Ma\u0142\u017ce\u0144stwa przygotowuj\u0105 si\u0119: Monika Grabowska, panna z Wierzbna i Grzegorz Po\u0142aski, kawaler zamieszka\u0142y w Parafii pw. \u015aw. Leonarda w Liwie, zapowiedz druga. Otoczmy narzeczonych nasz\u0105 modlitw\u0105.<\/p>\n<p>9. Zach\u0119cam do lektury nowy Nr. \u201eEcha Katolickiego\u201d. Przeczytamy: czym jest komfortowy katolicyzm, wyzwania jakie stoj\u0105 przed matkami oraz czy potrafimy stan\u0105\u0107 w obronie \u015bw. Jana Paw\u0142a II. S\u0105 tak\u017ce materia\u0142y formacyjne dla K\u00f3\u0142 \u017bywego R\u00f3\u017ca\u0144ca.<\/p>\n<p>10. Pan B\u00f3g powo\u0142a\u0142 do wieczno\u015bci \u015bp. Wies\u0142awa Makowskiego. Z ofiar zebranych na pogrzebie b\u0119dzie 9 Mszy \u015bw. o zbawienie jego duszy. Wieczny odpoczynek racz mu da\u0107, Panie\u2026<\/p>\n<h2 style=\"text-align: center;\"><span style=\"color: #339966;\">19 maja \u2013 5 Niedziela Wielkanocy<\/span><\/h2>\n<p>1. Uroczysto\u015b\u0107 Pierwszej Komunii \u015bwi\u0119tej dzieci jest dla nas wezwaniem do dzi\u0119kczynienia za to, \u017ce mo\u017cemy przyjmowa\u0107 Chrystusa Pana w Eucharystii. Z ca\u0142ego serca dzi\u0119kuj\u0119 katechetce p. Marcie Korzeniak za zaanga\u017cowanie i wielkie serce w przygotowaniu dzieci do pierwszej spowiedzi i Komunii \u015bw. Dzi\u0119kuj\u0119 p. Anecie za dekoracj\u0119 ko\u015bcio\u0142a i opraw\u0119 muzyczn\u0105 dzisiejszej uroczysto\u015bci. Dzi\u0119kuj\u0119 za wsp\u00f3\u0142prac\u0119 w ci\u0105gu ca\u0142ego roku z rodzicami. Teraz rozpoczynamy \u201eBia\u0142y Tydzie\u0144\u201d, aby wsp\u00f3lnie dzi\u0119kowa\u0107 za Komuni\u0119 \u015bw.<\/p>\n<p>2. Informuj\u0119, ze rocznic\u0119 Pierwszej Komunii \u015bw. dla dzieci z klasy IV b\u0119dziemy prze\u017cywa\u0107 20 czerwca podczas Uroczysto\u015bci Bo\u017cego Cia\u0142a.<\/p>\n<p>3. W pi\u0105tek obchodzimy wspomnienie NMP Wspomo\u017cycielki Wiernych i jest to pi\u0105ta rocznica ingresu Biskupa Kazimierza Gurdy do katedry siedleckiej. B\u0119dziemy pami\u0119ta\u0107 o naszym Pasterzu w modlitwie.<\/p>\n<p>4. Zach\u0119cam w sobot\u0119 od 15.00 do udzia\u0142u w nabo\u017ce\u0144stwie po\u015bwi\u0119cenia p\u00f3l na W\u00f3lce, a potem w \u015awidnie. Na zako\u0144czenie przy ostatnim krzy\u017cu Msza \u015bw. z pro\u015bb\u0105 o Bo\u017ce b\u0142ogos\u0142awie\u0144stwo dla rolnik\u00f3w i obfite urodzaje. W niedziel\u0119 od 16.00 nabo\u017ce\u0144stwo po\u015bwi\u0119cenia p\u00f3l w Wierzbnie i o 18.00 Msza \u015bw. w intencji mieszka\u0144c\u00f3w Wierzbna i o b\u0142ogos\u0142awie\u0144stwo dla rolnik\u00f3w.<\/p>\n<p>5. W najbli\u017csz\u0105 niedziel\u0119 po Mszy \u015bw. o 9.00 katecheza dla rodzic\u00f3w i m\u0142odzie\u017cy przygotowuj\u0105cej si\u0119 do Sakramentu Bierzmowania. Ofiary na tac\u0119 s\u0105 przeznaczone na remont elewacji ko\u015bcio\u0142a i dzwonnicy. Prosz\u0119 o modlitw\u0119, aby zosta\u0142y nam przyznane pieni\u0105dze jako dofinansowanie dla prac remontowych przy ko\u015bciele.<\/p>\n<p>6. W niedziel\u0119, 26 maja, obchodzimy Dzie\u0144 Matki i wyra\u017camy wdzi\u0119czno\u015b\u0107 naszym Mamom za ich mi\u0142o\u015b\u0107 i trosk\u0119, za wychowanie i modlitewne wsparcie.<\/p>\n<p>7. Dzi\u0119kuj\u0119 rodzicom dzieci komunijnych za solidne posprz\u0105tanie ko\u015bcio\u0142a i na sobot\u0119 zapraszam rodziny z Sobonia: p. Marzen\u0119 i Wies\u0142awa Kujawa, p. Romana Redek, p. Krystyn\u0119 Bojanowicz oraz p. Marzen\u0119 i Wojciecha Kazimierskich.<\/p>\n<p>8. Pani Alina Roso\u0142ek z Czerwonki organizuje w dniach 9 &#8211; 10 czerwca pielgrzymk\u0119 do Lichenia i Torunia. Nocleg w Licheniu i koszt 150 z\u0142. Prosz\u0119 kontaktowa\u0107 si\u0119 z telefonicznie (25 \u2013 791 23 23).<\/p>\n<p>8. Do Sakramentu Ma\u0142\u017ce\u0144stwa przygotowuj\u0105 si\u0119: Monika Grabowska, panna z Wierzbna i Grzegorz Po\u0142aski, kawaler zamieszka\u0142y w Parafii pw. \u015aw. Leonarda w Liwie, zapowiedz pierwsza. Otoczmy ich naszymi modlitwami.<\/p>\n<p>9. Zach\u0119cam do lektury nowy Nr. \u201eEcha Katolickiego\u201d. Znajdziemy relacj\u0119 z Diecezjalnego Dnia Rodziny w Parczewie, przeczytamy o mi\u0142o\u015bci, kt\u00f3ra by\u0142a si\u0142\u0105 nap\u0119dow\u0105 w \u017cyciu \u015bw. Rity oraz zapis historii ks. Wiktora Sopy\u0142y, wi\u0119\u017ania z Dachau, kt\u00f3ry swoje ocalenie przypisywa\u0142 Matce Bo\u017cej Cz\u0119stochowskiej.<\/p>\n<h2 style=\"text-align: center;\"><span style=\"color: #008000;\">12 maja \u2013 4 Niedziela Wielkanocy<\/span><\/h2>\n<p>1. Dzi\u015b Niedziela Dobrego Pasterza i rozpoczynamy Tydzie\u0144 Modlitw o powo\u0142ania kap\u0142a\u0144skie, misyjne i do \u017cycia konsekrowanego.&nbsp; Ofiary na tac\u0119 s\u0105 przeznaczone na potrzeby WSD w Opolu ko\u0142o Siedlec. Po Mszy \u015bw. o 9.00 zmianka tajemnic r\u00f3\u017ca\u0144cowych dla wsp\u00f3lnoty rodzic\u00f3w modl\u0105cych si\u0119 za dzieci.<\/p>\n<p>2. Biskup Kazimierz Gurda zarz\u0105dzi\u0142, aby dzi\u015b po ka\u017cdej Mszy \u015bw. by\u0142y \u015bpiewane \u201dSuplikacje\u201d, prosz\u0105c o deszcz i o sprzyjaj\u0105ce warunki atmosferyczne dla upraw. Dzi\u0119kujemy Panu Bogu za deszcz w pi\u0105tek. Zapraszam o godz. 15.00 na nabo\u017ce\u0144stwo po\u015bwi\u0119cenia p\u00f3l w Jan\u00f3wku, a potem o 16.00 w Wygl\u0119d\u00f3wku. Na zako\u0144czenie Msza \u015bw. z pro\u015bb\u0105 o Bo\u017ce b\u0142ogos\u0142awie\u0144stwo dla rolnik\u00f3w i dobre urodzaje.<\/p>\n<p>3. Z serca dzi\u0119kuj\u0119 za ofiary dla OSP Wierzbno z ubieg\u0142ej niedzieli w wysoko\u015bci&nbsp; 4235 z\u0142. W imieniu druh\u00f3w sk\u0142adam wszystkim serdeczne: B\u00f3g zap\u0142a\u0107!<\/p>\n<p>4. Jutro wspomnienie NMP Fatimskiej i po Mszy \u015bw. o godz. 18.00 nabo\u017ce\u0144stwo fatimskie na cmentarzu i wok\u00f3\u0142 ko\u015bcio\u0142a.<\/p>\n<p>5. W sobot\u0119, 18 maja, 99 urodziny Jana Paw\u0142a II. Po nabo\u017ce\u0144stwie majowym modlitwa przez wstawiennictwo \u015bw. Jana Paw\u0142a II. Tak\u017ce w sobot\u0119 od 16.00 pierwsza spowied\u017a dla dzieci z klasy III, dla ich rodzic\u00f3w i chrzestnych.<\/p>\n<p>6. W tym tygodniu ko\u015bci\u00f3\u0142 sprz\u0105taj\u0105 rodzice dzieci komunijnych. Sprz\u0105tanie w pi\u0105tek od godz. 9.00.<\/p>\n<p>7. W niedziel\u0119 19 maja w naszej wsp\u00f3lnocie uroczysto\u015b\u0107 Pierwszej Komunii \u015bw. podczas Mszy \u015bw. o 10.00. Nast\u0119pne Msze \u015bw. o 12.00 i 18.00. Po po\u0142udniu w naszej parafii odb\u0119dzie si\u0119 rejonowe spotkanie Domowego Ko\u015bcio\u0142a.<\/p>\n<p>8. Wszystkie panie s\u0105 zaproszone 26 maja na IV Diecezjaln\u0105 Pielgrzymk\u0119 Kobiet do Pratulina. Tematyka b\u0119dzie dotyczy\u0107 miejsca kobiety-katoliczki we wsp\u00f3\u0142czesnym \u015bwiecie. Szczeg\u00f3\u0142y w gablocie przed ko\u015bcio\u0142em.<\/p>\n<p>9. Zach\u0119cam do lektury nowy Nr \u201eEcha Katolickiego\u201d. Przeczytamy, czy mo\u017cna wymodli\u0107 powo\u0142anie swemu dziecku, \u015bwiadectwo Bartka, kt\u00f3ry szed\u0142 57 dni do Maryi, gdzie szuka\u0107 pomocy przy uzale\u017cnieniu od gier w sieci i wiele innych ciekawych artyku\u0142\u00f3w.<\/p>\n<h2 style=\"text-align: center;\"><span style=\"color: #008000;\">5 maja \u2013 3 Niedziela Wielkanocy<\/span><\/h2>\n<p>1. Dzi\u015b niedziela miesi\u0119cznej adoracji Naj\u015bwi\u0119tszego Sakramentu. Przed sum\u0105 o 11.40 wystawienie Naj\u015bw. Sakramentu, nabo\u017ce\u0144stwo majowe i adoracja, a po Mszy \u015bw. zmianka tajemnic r\u00f3\u017ca\u0144cowych. Ofiarami do puszek wspieramy naszego misjonarza ks. Jaros\u0142awa Dziedzica i misje w Boliwii. Z serca dzi\u0119kuj\u0119 za ofiary na tac\u0119 przeznaczone do dyspozycji druh\u00f3w stra\u017cak\u00f3w OSP Wierzbno jako wyraz naszej wdzi\u0119czno\u015bci. Intencja Apostolstwa Modlitwy na maj: Aby Ko\u015bci\u00f3\u0142 w Afryce poprzez zaanga\u017cowanie swoich cz\u0142onk\u00f3w by\u0142 zaczynem jedno\u015bci pomi\u0119dzy narodami, a tak\u017ce znakiem nadziei dla tego kontynentu.<\/p>\n<p>2. Zach\u0119cam do licznego uczestnictwa w nabo\u017ce\u0144stwach majowych: w dni powszednie po Mszy \u015bw. o 18.00 i w niedziel\u0119 o 11.40. Dla dzieci i m\u0142odzie\u017cy jest ciekawa uk\u0142adanka sanktuari\u00f3w maryjnych na \u015bwiecie.<\/p>\n<p>3. W poniedzia\u0142ek \u015bwi\u0119to \u015bw. Aposto\u0142\u00f3w Filipa i Jakuba. Zapraszam na Msz\u0119 \u015bw. o 7.30 i 18.00. Po nabo\u017ce\u0144stwie majowym spotkanie z rodzicami i dzie\u0107mi klasy III przygotowuj\u0105cymi si\u0119 do pierwszej spowiedzi i Komunii \u015bw. Informuj\u0119, \u017ce uroczysto\u015b\u0107 Pierwszej Komunii \u015bw. w naszej wsp\u00f3lnocie parafialnej b\u0119dzie 19 maja o godz. 10.00.<\/p>\n<p>4. W \u015brod\u0119 uroczysto\u015b\u0107 \u015bw. Stanis\u0142awa, biskupa i m\u0119czennika, g\u0142\u00f3wnego patrona Polski.<\/p>\n<p>5. W najbli\u017csz\u0105 niedziel\u0119 rozpocz\u0119cie Tygodnia modlitw o powo\u0142ania kap\u0142a\u0144skie zakonne i misyjne. Ofiarami na tac\u0119 wspieramy nasze WSD w Nowym Opolu. Po Mszy \u015bw. o 9.00 zmianka tajemnic r\u00f3\u017ca\u0144cowych dla wsp\u00f3lnoty rodzic\u00f3w modl\u0105cych si\u0119 za dzieci.<\/p>\n<p>6. W niedziel\u0119 12 maja zapraszam na nabo\u017ce\u0144stwo po\u015bwi\u0119cenia p\u00f3l w Jan\u00f3wku (od 15.00) i w Wygl\u0119d\u00f3wku od 16.00. Na zako\u0144czenie Msza \u015bw. W sobot\u0119 25 maja \u2013 nabo\u017ce\u0144stwo po\u015bwi\u0119cenia p\u00f3l na W\u00f3lce i w \u015awidnie, a 26 maja od 16.00 nabo\u017ce\u0144stwo po\u015bwi\u0119cenia p\u00f3l w Wierzbnie. Potrzebne jest nam Bo\u017ce b\u0142ogos\u0142awie\u0144stwo i deszcz dla zasiew\u00f3w.<\/p>\n<p>7. Do Komunii \u015bw. przyst\u0119pujemy procesyjnie, zaczynaj\u0105c od ko\u0144ca ko\u015bcio\u0142a, w dw\u00f3ch szeregach ze z\u0142o\u017conymi r\u0119koma i rozchodzimy si\u0119 na zewn\u0119trzna stron\u0119 szeregu. Po przyj\u0119ciu Chrystusa w Komunii \u015bw. nie czynimy znaku krzy\u017ca, ale wracamy na swoje miejsce i trwamy w dzi\u0119kczynieniu.<\/p>\n<p>8. Dzi\u0119kuj\u0119 za sprz\u0105tanie ko\u015bcio\u0142a i otoczenia wok\u00f3\u0142 \u015bwi\u0105tyni rodzinom z Sobonia i na sobot\u0119 zapraszam: p. Agnieszk\u0119 i Andrzeja Chabiera, p. Halin\u0119 i Eugeniusza Szatkowskich oraz p. Jolant\u0119 i Andrzeja Barcz z Sobonia.<\/p>\n<p>9. Zach\u0119cam do lektury nowy Nr \u201eEcha Katolickiego\u201d. Przeczytamy o prze\u015bladowaniu chrze\u015bcijan na \u015bwiecie, o Maryi, kt\u00f3ra zawsze zaradzi troskom swoich dzieci oraz o bezp\u0142atnych warsztatach dla os\u00f3b, kt\u00f3re opiekuj\u0105 si\u0119 w domu chorymi po udarach i wypadkach.<\/p>\n","protected":false},"excerpt":{"rendered":"<p>Powr\u00f3t do listy og\u0142osze\u0144 26 maja \u2013 6 Niedziela Wielkanocy 1. Dzie\u0144 Matki, z ca\u0142ego serca pozdrawiamy nasze Mamy i dzi\u0119kujemy za ich mi\u0142o\u015b\u0107 pod r\u00f3\u017cnymi postaciami, dzi\u0119kujemy \u017ce przekazuj\u0105 nam wiar\u0119 i chrze\u015bcija\u0144skie warto\u015bci, to dzi\u0119ki nim w rodzinach jest szcz\u0119\u015bcie. Dla tych mam, kt\u00f3re odesz\u0142y do Pana, prosimy o nagrod\u0119 nieba. Po Mszy \u015bw. o 9.00 katecheza dla rodzic\u00f3w i m\u0142odzie\u017cy przygotowuj\u0105cej si\u0119 do Sakramentu Bierzmowania. Dzi\u015b o 16.00 nabo\u017ce\u0144stwo po\u015bwi\u0119cenia p\u00f3l w Wierzbnie, zako\u0144czone Eucharysti\u0105 o godz. 18.00. Dzi\u0119kuj\u0119 za ofiary na tac\u0119, kt\u00f3re s\u0105 przeznaczone na remont elewacji ko\u015bcio\u0142a i dzwonnicy. Jest nowy grafik na czerwiec dla czytaj\u0105cych S\u0142owo Bo\u017ce podczas Eucharystii. 2. W pi\u0105tek \u015bwi\u0119to Nawiedzenia NMP i zako\u0144czenie nabo\u017ce\u0144stw majowych. Za gorliwe uczestnictwo w nabo\u017ce\u0144stwach majowych dzieci i m\u0142odzie\u017c otrzymaj\u0105 upominki. 3. Pierwsza sobota miesi\u0105ca &#8211; o 7.30 Msza \u015bw. wynagradzaj\u0105ca Niepokalanemu Sercu Maryi. Nabo\u017ce\u0144stwo do Naj\u015bwi\u0119tszego Serca Pana Jezusa b\u0119dzie w dni powszednie \u2026 <a class=\"continue-reading-link\" href=\"https:\/\/www.parafiawierzbno.com.pl\/?page_id=9177\">Czytaj dalej <span class=\"meta-nav\">&rarr; <\/span><\/a><\/p>\n","protected":false},"author":1,"featured_media":0,"parent":225,"menu_order":0,"comment_status":"closed","ping_status":"closed","template":"","meta":{"ngg_post_thumbnail":0},"_links":{"self":[{"href":"https:\/\/www.parafiawierzbno.com.pl\/index.php?rest_route=\/wp\/v2\/pages\/9177"}],"collection":[{"href":"https:\/\/www.parafiawierzbno.com.pl\/index.php?rest_route=\/wp\/v2\/pages"}],"about":[{"href":"https:\/\/www.parafiawierzbno.com.pl\/index.php?rest_route=\/wp\/v2\/types\/page"}],"author":[{"embeddable":true,"href":"https:\/\/www.parafiawierzbno.com.pl\/index.php?rest_route=\/wp\/v2\/users\/1"}],"replies":[{"embeddable":true,"href":"https:\/\/www.parafiawierzbno.com.pl\/index.php?rest_route=%2Fwp%2Fv2%2Fcomments&post=9177"}],"version-history":[{"count":6,"href":"https:\/\/www.parafiawierzbno.com.pl\/index.php?rest_route=\/wp\/v2\/pages\/9177\/revisions"}],"predecessor-version":[{"id":9195,"href":"https:\/\/www.parafiawierzbno.com.pl\/index.php?rest_route=\/wp\/v2\/pages\/9177\/revisions\/9195"}],"up":[{"embeddable":true,"href":"https:\/\/www.parafiawierzbno.com.pl\/index.php?rest_route=\/wp\/v2\/pages\/225"}],"wp:attachment":[{"href":"https:\/\/www.parafiawierzbno.com.pl\/index.php?rest_route=%2Fwp%2Fv2%2Fmedia&parent=9177"}],"curies":[{"name":"wp","href":"https:\/\/api.w.org\/{rel}","templated":true}]}}