{"id":9251,"date":"2019-08-15T10:38:27","date_gmt":"2019-08-15T08:38:27","guid":{"rendered":"https:\/\/www.parafiawierzbno.com.pl\/?page_id=9251"},"modified":"2019-08-15T10:38:27","modified_gmt":"2019-08-15T08:38:27","slug":"ogloszenia-lipiec-2019","status":"publish","type":"page","link":"https:\/\/www.parafiawierzbno.com.pl\/?page_id=9251","title":{"rendered":"Og\u0142oszenia &#8211; Lipiec 2019"},"content":{"rendered":"<p><a title=\"Og\u0142oszenia parafialne\" href=\"https:\/\/www.parafiawierzbno.com.pl\/?page_id=225\">Powr\u00f3t do listy og\u0142osze\u0144<\/a><\/p>\n<h2 style=\"text-align: center;\"><span style=\"color: #ff0000;\">28 lipca \u2013 17 Niedziela zwyk\u0142a<\/span><\/h2>\n<p>1.&nbsp; Dzi\u015b po ka\u017cdej Mszy \u015bw. b\u0142ogos\u0142awie\u0144stwo kierowc\u00f3w i pojazd\u00f3w z okazji \u015bw. Krzysztofa. Wspieramy akcj\u0119 MIVA \u015bw. Krzysztof \u201e1 grosz za 1 km\u201d jako wsparcie na zakup \u015brodk\u00f3w transportu dla misjonarek i misjonarzy. Dzi\u015b uroczysto\u015b\u0107 odpustowa w Kopciach. Jest nowy grafik na sierpie\u0144 dla czytaj\u0105cych S\u0142owo Bo\u017ce podczas Eucharystii. Dzi\u0119kuj\u0119 za ofiary na tac\u0119, kt\u00f3re s\u0105 przeznaczone na remont elewacji ko\u015bcio\u0142a i dzwonnicy.<\/p>\n<p>2. W sobot\u0119 po godz. 16.00 przyb\u0119d\u0105 do Wierzbna strudzeni pielgrzymi z 33 Bia\u0142ostockiej Pieszej Pielgrzymki. Jak co roku, chcemy ich go\u015bcinnie przyj\u0105\u0107, nakarmi\u0107 i cieszy\u0107 si\u0119 ich obecno\u015bci\u0105. Serdecznie prosz\u0119 o zrobienie pierog\u00f3w z grzybami, kapust\u0105 i mi\u0119sem oraz przyj\u0119cie pielgrzym\u00f3w do naszych dom\u00f3w. Jak sta\u0142o si\u0119 ju\u017c prawie tradycj\u0105, pragniemy w sobot\u0119 ugo\u015bci\u0107 ich kolacj\u0105, b\u0119dzie grillowana kie\u0142basa i w niedziel\u0119 o 7.00 rano pierogi na \u015bniadanie. Prosz\u0119 wolontariuszy do pomocy w pos\u0142udze pielgrzymom. W poniedzia\u0142ek, 5 sierpnia oko\u0142o 13.30 przyb\u0119dzie do nas oko\u0142o 170 pielgrzym\u00f3w rowerowych w trzech grupach, aby odpocz\u0105\u0107, posili\u0107 si\u0119 i odm\u00f3wi\u0107 Koronk\u0119 do Mi\u0142osierdzia Bo\u017cego.<\/p>\n<p>3. W tym tygodniu pierwszy czwartek miesi\u0105ca \u2013 o 7.30: Msza \u015bw. za zmar\u0142ych polecanych w wypominkach, a o 17.00 \u2013 adoracja naj\u015bwi\u0119tszego Sakramentu, modlitwa za powo\u0142anych do s\u0142u\u017cby Bo\u017cej oraz o nowe powo\u0142ania kap\u0142a\u0144skie, zakonne i misyjne, tak\u017ce okazja do spowiedzi przed pierwszym pi\u0105tkiem miesi\u0105ca.<\/p>\n<p>4. Pierwszy pi\u0105tek, o 7.30 Msza \u015bw. wynagradzaj\u0105ca Naj\u015bwi\u0119tszemu Sercu Pana Jezusa za grzechy nasze i ca\u0142ego \u015bwiata, od 9.00 \u2013 odwiedzam chorych pragn\u0105cych przyj\u0105\u0107 Komuni\u0119 \u015bw. i jeszcze Msza \u015bw. o 18.00.<\/p>\n<p>5. Pierwsza sobota miesi\u0105ca, o 7.30 \u2013 Msza \u015bw. wynagradzaj\u0105ca Niepokalanemu Sercu Maryi, od 16.00 \u2013 oczekujemy na wej\u015bcie Bia\u0142ostockiej Pieszej Pielgrzymki i Msza \u015bw. o 18.00.<\/p>\n<p>6. W najbli\u017csz\u0105 niedziel\u0119 ofiarami do puszek wspieramy misjonarza ks. Jaros\u0142awa Dziedzica, a po sumie wystawienie Naj\u015bwi\u0119tszego Sakramentu, adoracja i procesja Eucharystyczna wok\u00f3\u0142 ko\u015bcio\u0142a oraz zmianka tajemnic r\u00f3\u017ca\u0144cowych.<\/p>\n<p>7. Cieszy, \u017ce wielu parafian dba o porz\u0105dek na mogi\u0142ach, ale mo\u017cna spotka\u0107 te\u017c zaniedbane miejsca na cmentarzu. W sobot\u0119 zapraszam mieszka\u0144c\u00f3w Helenowa do segregacji \u015bmieci na cmentarzu i do wywiezienia naturalnych odpad\u00f3w na kompostownik.<\/p>\n<p>8. Modlimy si\u0119 o Bo\u017ce b\u0142ogos\u0142awie\u0144stwo na czas \u017cniw. Planujemy 18 sierpnia zorganizowa\u0107 Do\u017cynki Parafialne, jako nasze dzi\u0119kczynienie Panu Bogu za zbiory. Serdecznie prosz\u0119, aby ka\u017cda miejscowo\u015b\u0107 przygotowa\u0142a wieniec do\u017cynkowy i kr\u00f3tk\u0105 prezentacj\u0119.<\/p>\n<p>8. Dzi\u0119kuj\u0119 za sprz\u0105tanie ko\u015bcio\u0142a rodzinom z Wierzbna i na sobot\u0119 zapraszam: p. Jana i Ireneusza Karaban, p. Ma\u0142gorzat\u0119 Malinowsk\u0105 oraz p. Zdzis\u0142awa i Mateusza Kornatko.<\/p>\n<p>9. Do Sakramentu Ma\u0142\u017ce\u0144stwa przygotowuj\u0105 si\u0119: Krzysztof Pawe\u0142 Piesak, kawaler zam. w parafii NMP Matki Ko\u015bcio\u0142a w Ruchnie i Iwona Hanna Po\u0142awska, panna zam. w Jan\u00f3wku, par. tutejszej, zapowiedz pierwsza. Otoczmy narzeczonych modlitw\u0105, aby stworzyli pi\u0119kn\u0105 chrze\u015bcija\u0144sk\u0105 rodzin\u0119.<\/p>\n<p>10. Zach\u0119cam do lektury nowy Nr \u201eEcha Katolickiego\u201d. Znajdziemy relacj\u0119 z ingresu bpa Piotra Sawczuka do katedry drohiczy\u0144skiej, o nieustannej pielgrzymce zawierzenia oraz jak rozpozna\u0107 i pom\u00f3c, gdy kto\u015b usprawiedliwia alkoholizm w rodzinie.<\/p>\n<p>11. Pan B\u00f3g powo\u0142a\u0142 do wieczno\u015bci sp. Helen\u0119 Mirowsk\u0105 z d. Leszczy\u0144sk\u0105. Z ofiar zebranych na pogrzebie b\u0119dzie sprawowanych 9 Mszy \u015bw. o zbawienie jej duszy. Wieczny odpoczynek racz jej da\u0107, Panie\u2026<\/p>\n<p>&nbsp;<\/p>\n<h2 style=\"text-align: center;\"><span style=\"color: #ff0000;\">21 lipca \u2013 16 Niedziela zwyk\u0142a<\/span><\/h2>\n<p>1. Przekazuj\u0119 gor\u0105ce pozdrowienia od katolik\u00f3w w Oziornoje w Kazachstanie, oraz w Rosji: w Stawropolu, Tuapse, \u0141azarewskoje i Soczi. Moje serce si\u0119 raduje, gdy spotykam chrze\u015bcijan, kt\u00f3rzy z entuzjazmem dziel\u0105 si\u0119 swoj\u0105 wiar\u0105. Z ca\u0142ego serca dzi\u0119kuj\u0119 ks. Stanis\u0142awowi za opiek\u0119 nad parafi\u0105 podczas mojej nieobecno\u015bci.<\/p>\n<p>2. Po Mszy \u015bw. o 9.00 zmianka tajemnic r\u00f3\u017ca\u0144cowych dla wsp\u00f3lnoty rodzic\u00f3w modl\u0105cych si\u0119 za dzieci. Dzi\u015b uroczysto\u015b\u0107 odpustowa \u015bw. Aleksego w Oleksinie.<\/p>\n<p>3. W poniedzia\u0142ek \u015bwi\u0119to \u015bw. Marii Magdaleny. Msza \u015bw. o 18.30.<\/p>\n<p>4. W czwartek \u015bw. Jakuba aposto\u0142a i zapraszam na Msz\u0119 \u015bw. o 18.00.<\/p>\n<p>5. W pi\u0105tek wspomnienie \u015bw. Joachima i Anny, rodzic\u00f3w NMP. Jest to dzie\u0144 wdzi\u0119czno\u015bci dziadkom i babciom oraz ludziom starszym. W Eucharystii b\u0119dziemy ich zawierza\u0107 Dobremu Bogu.<\/p>\n<p>6. W najbli\u017csz\u0105 niedziel\u0119 po ka\u017cdej Mszy \u015bw. b\u0142ogos\u0142awie\u0144stwo samochod\u00f3w, motocykli i innych \u015brodk\u00f3w transportu. B\u0119dziemy wspiera\u0107 akcj\u0119 \u015bw. Krzysztof: \u201e1 grosz za 1km\u201d na zakup \u015brodk\u00f3w transportu dla misjonarzy i misjonarek. Ofiary na tac\u0119 b\u0119d\u0105 przeznaczone na remont elewacji ko\u015bcio\u0142a i dzwonnicy.<\/p>\n<p>7. Zbli\u017ca si\u0119 sierpie\u0144 i czas Pielgrzymek na Jasn\u0105 G\u00f3r\u0119. Ju\u017c w sobot\u0119 3 sierpnia przyjd\u0105 do nas utrudzeni pielgrzymi z Bia\u0142ostockiej Pieszej Pielgrzymki, kt\u00f3rych jak co roku pragniemy go\u015bcinnie przyj\u0105\u0107 do swoich dom\u00f3w i nakarmi\u0107. W poniedzia\u0142ek 5 sierpnia przyjedzie do Wierzbna oko\u0142o 170 rowerowych pielgrzym\u00f3w. Serdecznie prosz\u0119 o przygotowanie pierog\u00f3w.<\/p>\n<p>8. Dzi\u0119kuj\u0119 za sprz\u0105tanie ko\u015bcio\u0142a rodzinom z Wierzbna i na sobot\u0119 zapraszam: p. Urszul\u0119 i Szczepana Tomkiewicz\u00f3w, p. Ew\u0119 i Adama Trzeci\u0144skich oraz p. Helen\u0119 Bia\u0142ousz.<\/p>\n<p>9. Zach\u0119cam do lektury nowy Nr. \u201eEcha Katolickiego\u201d. Przeczytamy, \u017ce Pan B\u00f3g przychodzi po cichu, zawsze wtedy gdy Go potrzebujemy, czego mog\u0105 nauczy\u0107 wsp\u00f3\u0142czesnych ludzi rodzice Maryi, Joachim i Anna oraz znajdziemy pr\u00f3b\u0119 odpowiedzi na pytanie: dlaczego dosz\u0142o do krwawych wydarze\u0144 na Wo\u0142yniu?<\/p>\n<h2 style=\"text-align: center;\"><span style=\"color: #ff0000;\">14 lipca \u2013 15 Niedziela zwyk\u0142a<\/span><\/h2>\n<p>1. Pozdrawiam z Rosji z P\u00f3\u0142nocnego Kaukazu. Towarzysz\u0119 ks. Biskupowi Kazimierzowi Gurdzie w spotkaniach z naszymi misjonarzami w Stawropolu, Soczi i Tuapse. Ufam, \u017ce ju\u017c w pi\u0105tek szcz\u0119\u015bliwie wr\u00f3cimy do Polski.<\/p>\n<p>2. W czwartek w tym tygodniu nie b\u0119dzie Mszy \u015bw. w Wierzbnie. Ks. Stanis\u0142aw Abramczuk otacza opiek\u0105 duszpastersk\u0105 ca\u0142\u0105 wsp\u00f3lnot\u0119 parafialn\u0105.<\/p>\n<p>3. W najbli\u017csz\u0105 niedziel\u0119 po Mszy \u015bw. o 9.00 zmianka tajemnic r\u00f3\u017ca\u0144cowych dla wsp\u00f3lnoty rodzic\u00f3w modl\u0105cych si\u0119 za dzieci. Ks. Wojciech Zadro\u017cny zaprasza na odpust \u015bw. Jacka do Wyszkowa.<\/p>\n<p>4. W niedziel\u0119 28 lipca po ka\u017cdej Mszy \u015bw. b\u0142ogos\u0142awie\u0144stwo pojazd\u00f3w z okazji \u015bw. Krzysztofa i akcja \u201e1 grosz za 1km\u201d na zakup \u015brodk\u00f3w transportu dla misjonarzy i misjonarek.<\/p>\n<p>5. Dzi\u0119kuj\u0119 za sprz\u0105tanie ko\u015bcio\u0142a i na sobot\u0119 zapraszam: p. Mari\u0119 i Ryszarda Kujawa, p. Agnieszk\u0119 i Andrzeja Michalczyk oraz p. Natali\u0119 i Piotra Kisiel.<\/p>\n<p>6. Zapraszam do nabycia i lektury nowy Nr. \u201eEcha Katolickiego.<\/p>\n<h2 style=\"text-align: center;\"><span style=\"color: #ff0000;\">7 lipca \u2013 14 Niedziela zwyk\u0142a<\/span><\/h2>\n<p>1. Pozdrawiam &nbsp;z Kazachstanu i duchowo \u0142\u0105cz\u0119 si\u0119 z ca\u0142\u0105 wsp\u00f3lnot\u0105 parafialn\u0105 z Sanktuarium Matki Bo\u017cej Kr\u00f3lowej Pokoju w Oziornom. Modl\u0119 si\u0119 o mi\u0142o\u015b\u0107 i pok\u00f3j w rodzinach oraz na ca\u0142ym \u015bwiecie. Dzi\u015b w Wierzbnie po Mszy \u015bw. o 11.00 adoracja Naj\u015bwi\u0119tszego Sakramentu i procesja eucharystyczna wok\u00f3\u0142 ko\u015bcio\u0142a oraz zmianka tajemnic r\u00f3\u017ca\u0144cowych.<\/p>\n<p>2. W tym tygodniu Msza \u015bw. w Wierzbnie: w poniedzia\u0142ek, pi\u0105tek i w sobot\u0119 o godz. 18.00. Msze \u015bw. b\u0119dzie sprawowa\u0142 ks. Stanis\u0142aw Abramczuk.<\/p>\n<p>3. W sobot\u0119 \u2013 Dzie\u0144 Fatimski i po Mszy \u015bw. serdecznie zapraszam na nabo\u017ce\u0144stwo fatimskie wok\u00f3\u0142 ko\u015bcio\u0142a i na cmentarzu parafialnym.&nbsp;<\/p>\n<p>4. Dzi\u0119kuj\u0119 za sprz\u0105tanie ko\u015bcio\u0142a rodzinom z Sobonia i na sobot\u0119 zapraszam rodziny z Wierzbna: p. Teres\u0119 Szyma\u0144sk\u0105, p. Monik\u0119 i Grzegorza Szyma\u0144skich, p. Ann\u0119 i Krzysztofa Jaworowskich oraz p. Katarzyn\u0119 i Marcina Gryglas.<\/p>\n<p>5. Zach\u0119cam do lektury nowy Nr. \u201eEcha Katolickiego\u201d. Znajdziemy wiele ciekawych artyku\u0142\u00f3w.<\/p>\n<p>&nbsp;<\/p>\n","protected":false},"excerpt":{"rendered":"<p>Powr\u00f3t do listy og\u0142osze\u0144 28 lipca \u2013 17 Niedziela zwyk\u0142a 1.&nbsp; Dzi\u015b po ka\u017cdej Mszy \u015bw. b\u0142ogos\u0142awie\u0144stwo kierowc\u00f3w i pojazd\u00f3w z okazji \u015bw. Krzysztofa. Wspieramy akcj\u0119 MIVA \u015bw. Krzysztof \u201e1 grosz za 1 km\u201d jako wsparcie na zakup \u015brodk\u00f3w transportu dla misjonarek i misjonarzy. Dzi\u015b uroczysto\u015b\u0107 odpustowa w Kopciach. Jest nowy grafik na sierpie\u0144 dla czytaj\u0105cych S\u0142owo Bo\u017ce podczas Eucharystii. Dzi\u0119kuj\u0119 za ofiary na tac\u0119, kt\u00f3re s\u0105 przeznaczone na remont elewacji ko\u015bcio\u0142a i dzwonnicy. 2. W sobot\u0119 po godz. 16.00 przyb\u0119d\u0105 do Wierzbna strudzeni pielgrzymi z 33 Bia\u0142ostockiej Pieszej Pielgrzymki. Jak co roku, chcemy ich go\u015bcinnie przyj\u0105\u0107, nakarmi\u0107 i cieszy\u0107 si\u0119 ich obecno\u015bci\u0105. Serdecznie prosz\u0119 o zrobienie pierog\u00f3w z grzybami, kapust\u0105 i mi\u0119sem oraz przyj\u0119cie pielgrzym\u00f3w do naszych dom\u00f3w. Jak sta\u0142o si\u0119 ju\u017c prawie tradycj\u0105, pragniemy w sobot\u0119 ugo\u015bci\u0107 ich kolacj\u0105, b\u0119dzie grillowana kie\u0142basa i w niedziel\u0119 o 7.00 rano pierogi na \u015bniadanie. Prosz\u0119 wolontariuszy do pomocy w pos\u0142udze pielgrzymom. \u2026 <a class=\"continue-reading-link\" href=\"https:\/\/www.parafiawierzbno.com.pl\/?page_id=9251\">Czytaj dalej <span class=\"meta-nav\">&rarr; <\/span><\/a><\/p>\n","protected":false},"author":1,"featured_media":0,"parent":225,"menu_order":0,"comment_status":"closed","ping_status":"closed","template":"","meta":{"ngg_post_thumbnail":0},"_links":{"self":[{"href":"https:\/\/www.parafiawierzbno.com.pl\/index.php?rest_route=\/wp\/v2\/pages\/9251"}],"collection":[{"href":"https:\/\/www.parafiawierzbno.com.pl\/index.php?rest_route=\/wp\/v2\/pages"}],"about":[{"href":"https:\/\/www.parafiawierzbno.com.pl\/index.php?rest_route=\/wp\/v2\/types\/page"}],"author":[{"embeddable":true,"href":"https:\/\/www.parafiawierzbno.com.pl\/index.php?rest_route=\/wp\/v2\/users\/1"}],"replies":[{"embeddable":true,"href":"https:\/\/www.parafiawierzbno.com.pl\/index.php?rest_route=%2Fwp%2Fv2%2Fcomments&post=9251"}],"version-history":[{"count":3,"href":"https:\/\/www.parafiawierzbno.com.pl\/index.php?rest_route=\/wp\/v2\/pages\/9251\/revisions"}],"predecessor-version":[{"id":9254,"href":"https:\/\/www.parafiawierzbno.com.pl\/index.php?rest_route=\/wp\/v2\/pages\/9251\/revisions\/9254"}],"up":[{"embeddable":true,"href":"https:\/\/www.parafiawierzbno.com.pl\/index.php?rest_route=\/wp\/v2\/pages\/225"}],"wp:attachment":[{"href":"https:\/\/www.parafiawierzbno.com.pl\/index.php?rest_route=%2Fwp%2Fv2%2Fmedia&parent=9251"}],"curies":[{"name":"wp","href":"https:\/\/api.w.org\/{rel}","templated":true}]}}