{"id":9256,"date":"2019-08-15T10:42:03","date_gmt":"2019-08-15T08:42:03","guid":{"rendered":"https:\/\/www.parafiawierzbno.com.pl\/?page_id=9256"},"modified":"2019-08-26T09:17:33","modified_gmt":"2019-08-26T07:17:33","slug":"ogloszenia-sierpien-2019","status":"publish","type":"page","link":"https:\/\/www.parafiawierzbno.com.pl\/?page_id=9256","title":{"rendered":"Og\u0142oszenia &#8211; Sierpie\u0144 2019"},"content":{"rendered":"<p><a title=\"Og\u0142oszenia parafialne\" href=\"https:\/\/www.parafiawierzbno.com.pl\/?page_id=225\">Powr\u00f3t do listy og\u0142osze\u0144<\/a><\/p>\n<h2 style=\"text-align: center;\"><span style=\"color: #ff0000;\">25 sierpnia \u2013 21 Niedziela zwyk\u0142a<\/span><\/h2>\n<p>1. Jeszcze raz dzi\u0119kuj\u0119 parafianom za przygotowane wie\u0144ce i kosze z p\u0142odami ziemi oraz prezentacje na Do\u017cynkach Parafialnych. Niech Pan hojnie wynagrodzi. Dzi\u015b ofiary na tac\u0119 s\u0105 przeznaczone na remont elewacji ko\u015bcio\u0142a i dzwonnicy. Jest nowy grafik na wrzesie\u0144 dla czytaj\u0105cych S\u0142owo Bo\u017ce podczas Eucharystii. Ofiarami do puszek wspieramy dzi\u015b ks. Jaros\u0142awa Dziedzica i misje w Boliwii.<\/p>\n<p>2. Jutro Urocz. NMP Cz\u0119stochowskiej i zapraszam na Msz\u0119 \u015bw. o 9.00 i 18.00.<\/p>\n<p>3. W najbli\u017csz\u0105 niedziel\u0119 b\u0119dziemy go\u015bci\u0107 misjonarza z Peru, ks. Grzegorza Sagana. &nbsp;Ju\u017c od 15 lat s\u0142u\u017cy w Ameryce Po\u0142udniowej, a obecnie wyka\u0144cza budow\u0119 ko\u015bcio\u0142a i plebanii. Wesprzemy go modlitw\u0105 i ofiarami na tac\u0119. Po sumie z racji pierwszej niedzieli adoracja Naj\u015bw. Sakramentu i procesja eucharystyczna wok\u00f3\u0142 ko\u015bcio\u0142a. B\u0119dziemy w modlitwie pami\u0119ta\u0107 o poleg\u0142ych w obronie Ojczyzny w 80 r. wybuchu II wojny \u015bwiatowej.<\/p>\n<p>4. Zapraszam 2 wrze\u015bnia o 8.00 na Eucharysti\u0119 w intencji uczni\u00f3w, nauczycieli i wychowawc\u00f3w, aby\u015bmy z rado\u015bci\u0105 rozpocz\u0119li nowy rok szkolny. Dyrekcja szko\u0142y podstawowej prosi uczni\u00f3w o zabranie obuwia na zmian\u0119.<\/p>\n<p>5. W ostatnim czasie s\u0142yszymy w mediach o r\u00f3\u017cnych atakach na biskup\u00f3w i kap\u0142an\u00f3w. Odpowiedzi\u0105 na ten zam\u0119t powinna by\u0107 gor\u0105ca modlitwa i dobrowolnie podj\u0119ty post. Proponuj\u0119 tzw. Sztafet\u0119 modlitwy na wrzesie\u0144. Jedna osoba albo ca\u0142a rodzina podejmuje w konkretnym dniu modlitw\u0119 za kap\u0142an\u00f3w i osoby konsekrowane oraz o nowe i \u015bwi\u0119te powo\u0142ania do s\u0142u\u017cby Bo\u017cej. Odm\u00f3wmy cho\u0107by cz\u0119\u015b\u0107 R\u00f3\u017ca\u0144ca, koronk\u0119 do Mi\u0142osierdzia Bo\u017cego oraz w tym dniu zach\u0119cam do przyj\u0119cia Komunii \u015bw. w intencji os\u00f3b powo\u0142anych do s\u0142u\u017cby w Ko\u015bciele, aby byli wierni swemu powo\u0142aniu. Lista dla ch\u0119tnych le\u017cy na stoliku za \u0142awkami.<\/p>\n<p>6. W najbli\u017csz\u0105 sobot\u0119 Diecezjalna Pielgrzymka K\u00f3\u0142 \u017bywego R\u00f3\u017ca\u0144ca do Le\u015bnej Podlaskiej. Wyjazd w sobot\u0119 o 7.00 rano. Zach\u0119cam do wzi\u0119cia udzia\u0142u, poniewa\u017c naprawd\u0119 warto. S\u0105 jeszcze wolne miejsca w autokarze. Prosz\u0119 zg\u0142asza\u0107 si\u0119 do pani Czes\u0142awy Gryglas z Wycz\u00f3\u0142ek.<\/p>\n<p>7. Serdecznie dzi\u0119kuj\u0119 p. Piotrowi Pi\u00f3rkowi za wykoszenie trawy na cmentarzu i w parafialnym sadzie. Dzi\u0119kuj\u0119 za sprz\u0105tanie ko\u015bcio\u0142a rodzinom z Wierzbna i na sobot\u0119 zapraszam: p. Katarzyn\u0119 i Ma\u0142gorzat\u0119 Chabiera, p. Danut\u0119 Szmankowsk\u0105 oraz p. Magdalen\u0119 i Marcina Szmanowskich.<\/p>\n<p>8. Do Sakramentu Ma\u0142\u017ce\u0144stwa przygotowuj\u0105 si\u0119 nast\u0119puj\u0105ce osoby: Adam St\u0119pniak, kawaler zam. w Parafii pw. \u015aw. Bart\u0142omieja w Gr\u0119bkowie i Natalia Ku\u015bmierczyk, panna zam. w Jaworku, zapowied\u017a pierwsza. Otoczmy narzeczonych modlitw\u0105, aby stworzyli pi\u0119kn\u0105 chrze\u015bcija\u0144sk\u0105 rodzin\u0119.<\/p>\n<p>9. Zach\u0119cam do lektury nowy Nr \u201eEcha Katolickiego\u201d. Przeczytamy, \u017ce w kode\u0144skim sanktuarium wci\u0105\u017c dziej\u0105 si\u0119 cuda, \u015bwiadectwo Micha\u0142a, kt\u00f3ry by\u0142 uzale\u017cniony od pornografii i jak spowied\u017a zmieni\u0142a jego \u017cycie, o ks. Wiktorze Sopy\u0142a, wi\u0119\u017aniu obozu w Dachau i budowniczym ko\u015bcio\u0142a w Gr\u0119z\u00f3wce. Znajdziemy te\u017c materia\u0142y formacyjne dla K\u00f3\u0142 \u017bywego R\u00f3\u017ca\u0144ca.<\/p>\n<h2 style=\"text-align: center;\"><span style=\"color: #ff0000;\">18 sierpnia \u2013 20 Niedziela zwyk\u0142a<\/span><\/h2>\n<p>1. Do\u017cynki Parafialne to czas radosnego dzi\u0119kczynienia Panu Bogu za tegoroczne zbiory. Rolnicy i ca\u0142a nasza wsp\u00f3lnota ma za co dzi\u0119kowa\u0107, poniewa\u017c po mimo suszy s\u0105 ca\u0142kiem dobre plony. Dzi\u0119kuj\u0119 mieszka\u0144com poszczeg\u00f3lnych miejscowo\u015bci za przygotowanie wie\u0144c\u00f3w lub kosz\u00f3w z tegorocznymi p\u0142odami. Po raz kolejny przekonujemy si\u0119 jak potrzebne jest Bo\u017ce b\u0142ogos\u0142awie\u0144stwo dla wszystkiego, co \u017cyje. Na sumie uroczyste Do\u017cynki Parafialne, a po Eucharystii procesja do o\u0142tarza polowego i wyst\u0119py go\u015bci, prezentacja wie\u0144c\u00f3w i na zako\u0144czenie wyst\u0105pi zesp\u00f3\u0142 \u201eDiverse\u201d. Zapraszam do degustacji ciast, przygotowanych przez nasze parafianki, a ju\u017c odp\u0142atnie dla ch\u0119tnych napoje i lody. Serdecznie dzi\u0119kuj\u0119 za dekoracje o\u0142tarza polowego.<\/p>\n<p>2. W czwartek wspominamy NMP Kr\u00f3low\u0105 \u015bwiata. Msza \u015bw. o godz. 18.00<\/p>\n<p>3. W sobot\u0119 \u015bwi\u0119to \u015bw. Bart\u0142omieja aposto\u0142a. Zapraszam na Eucharysti\u0119 o godz. 18.00<\/p>\n<p>4. W najbli\u017csz\u0105 niedziel\u0119 ofiary na tac\u0119 s\u0105 przeznaczone na remont elewacji ko\u015bcio\u0142a i dzwonnicy. Firma, kt\u00f3ra podj\u0119\u0142a si\u0119 pracy przy ko\u015bciele z nieznanych mi przyczyn wci\u0105\u017c op\u00f3\u017ania rozpocz\u0119cie dzia\u0142ania.<\/p>\n<p>5. Dzi\u0119kuj\u0119 za sprz\u0105tanie ko\u015bcio\u0142a rodzinom z Wierzbna i na sobot\u0119 zapraszam: p. Ann\u0119 i Kazimierza Grabowskich, p. Waldemara i Mariusza De\u0142bakowskich oraz p. Teres\u0119 i Andrzeja Chabiera.<\/p>\n<p>6. Zach\u0119cam 31 sierpnia do udzia\u0142u w Diecezjalnej Pielgrzymce K\u00f3\u0142 \u017bywego R\u00f3\u017ca\u0144ca do Le\u015bnej Podlaskiej. Wyjazd o godz. 7.00 rano w sobot\u0119. Koszt wynaj\u0119cia autobusu to 45 z\u0142 od osoby. Prosz\u0119 zg\u0142asza\u0107 si\u0119 do p. Czes\u0142awy Gryglas z Wycz\u00f3\u0142ek.<\/p>\n<p>7. Zach\u0119cam do lektury nowy Nr \u201eEcha Katolickiego\u201d. Przeczytamy, dlaczego warto zawierzy\u0107 Maryi, o moralno\u015bci ekonomicznej oraz o pos\u0142udze misjonarzy z naszej diecezji na Wschodzie.<\/p>\n<h2 style=\"text-align: center;\"><span style=\"color: #ff0000;\">11 sierpnia \u2013 19 Niedziela zwyk\u0142a<\/span><\/h2>\n<p>1. Po Mszy \u015bw. o 9.00 zmianka tajemnic r\u00f3\u017ca\u0144cowych dla wsp\u00f3lnoty rodzic\u00f3w modl\u0105cych si\u0119 za dzieci.<\/p>\n<p>2. We wtorek, 13 sierpnia, zapraszam na Msz\u0119 \u015bw. o 18.00 i na Nabo\u017ce\u0144stwo Fatimskie. B\u0119dziemy si\u0119 modli\u0107 za tych, kt\u00f3rzy podejmuj\u0105 abstynencj\u0119, aby dzi\u0119ki wstawiennictwu NMP wytrwali w swoich postanowieniach.<\/p>\n<p>3. W czwartek Uroczysto\u015b\u0107 Wniebowzi\u0119cia NMP. Zapraszam na Eucharysti\u0119 o 9.00, 11.00 i 18.00. Na zako\u0144czenie Mszy \u015bw. tradycyjnie b\u0142ogos\u0142awie\u0144stwo zi\u00f3\u0142 i kwiat\u00f3w. Bukiet kwiat\u00f3w, ro\u015blin zielonych i zi\u00f3\u0142 leczniczych, przynoszony do ko\u015bcio\u0142a oznacza duchow\u0105 dojrza\u0142o\u015b\u0107 Maryi oraz bogactwo \u0142ask, jakimi J\u0105 B\u00f3g obdarzy\u0142.<\/p>\n<p>4. W najbli\u017csz\u0105 niedziel\u0119 na Mszy \u015bw. o 11.00 &#8211; Do\u017cynki Parafialne. B\u0119dziemy dzi\u0119kowa\u0107 Panu Bogu za tegoroczne plony. Serdecznie prosz\u0119 ka\u017cd\u0105 miejscowo\u015b\u0107 o przygotowanie wie\u0144ca do\u017cynkowego i kr\u00f3tkiej prezentacji oraz jednego ciasta na wsp\u00f3lny st\u00f3\u0142. Niech ca\u0142a parafia b\u0119dzie jak wielka rodzina. Dla ch\u0119tnych b\u0119d\u0105 tak\u017ce lody i napoje. Zadanie starosty przyj\u0119li p. Zofia i Jerzy Leszczy\u0144scy z Lasu Jaworskiego. Na zako\u0144czenie przy o\u0142tarzu polowym go\u015bcinne wyst\u0119py zespo\u0142u Divers z Gr\u0119bkowa.<\/p>\n<p>5. Do Sakramentu Ma\u0142\u017ce\u0144stwa przygotowuj\u0105 si\u0119: Krzysztof Pawe\u0142 Piesak, kawaler zam. w parafii NMP Matki Ko\u015bcio\u0142a w Ruchnie i Iwona Hanna Po\u0142awska, panna zam. w Jan\u00f3wku, par. tutejszej, zapowiedz trzecia. Otoczmy ich nasz\u0105 modlitw\u0105, aby z Bo\u017c\u0105 pomoc\u0105 stworzyli szcz\u0119\u015bliw\u0105 chrze\u015bcija\u0144sk\u0105 rodzin\u0119.<\/p>\n<p>6. Dzi\u0119kuj\u0119 za sprz\u0105tanie ko\u015bcio\u0142a rodzinom z Wierzbna i na sobot\u0119 zapraszam: p. Wies\u0142aw\u0119 i Henryka \u0141ukasiak, p. Ann\u0119 i Mariusza Chabiera oraz p. Leszka i Wies\u0142awa \u0141ukasiak.<\/p>\n<p>7. Zach\u0119cam do lektury nowy Nr \u201eEcha Katolickiego\u201d. Znajdziemy obszerny fotoreporta\u017c z tegorocznej Pieszej Pielgrzymki Podlaskiej na Jasn\u0105 G\u00f3r\u0119, przeczytamy o roli i pos\u0142udze ksi\u0119\u017cy kapelan\u00f3w w powstaniu warszawskim, czego mo\u017ce nauczy\u0107 wsp\u00f3\u0142czesnych katolik\u00f3w \u015bw. Edyta Stein i wiele innych ciekawych artyku\u0142\u00f3w.<\/p>\n<h2 style=\"text-align: center;\"><span style=\"color: #ff0000;\">4 sierpnia \u2013 18 Niedziela zwyk\u0142a<\/span><\/h2>\n<p>1. Dzi\u015b pierwsza niedziela sierpnia. Po Mszy \u015bw. ofiarami do puszek wspieramy misjonarza ks. Jaros\u0142awa Dziedzica i misje w Boliwii. Po sumie adoracja Naj\u015bwi\u0119tszego Sakramentu i procesja eucharystyczna wok\u00f3\u0142 ko\u015bcio\u0142a oraz zmianka tajemnic r\u00f3\u017ca\u0144cowych. Intencja Apostolstwa Modlitwy na sierpie\u0144: Aby rodziny przez \u017cycie modlitwy i mi\u0142o\u015bci stawa\u0142y si\u0119 bardziej \u201eszko\u0142ami wzrastania w cz\u0142owiecze\u0144stwie\u201d. Dzi\u0119kuj\u0119 za ofiary z akcji \u015bw. Krzysztof \u201e1 grosz za 1 km\u201d, poniewa\u017c wp\u0142aci\u0142em na konto MIVA 1375 z\u0142. Dzi\u015b tak\u017ce w Gr\u0119bkowie odpust parafialny Przemienienia Pa\u0144skiego i uroczysta suma o 12.00.<\/p>\n<p>2. Atmosfera pielgrzymki przepe\u0142nia nasze serca. Dzi\u0119kuj\u0119 p. Miros\u0142awowi Jachimowiczowi za 15 skrzynek pieczarek na pierogi, a pani Kindze Gromulskiej z Dobrego za pieczywo oraz p. Dorocie i Jaros\u0142awowi Wiechowskim za w\u0119dlin\u0119. Serdecznie dzi\u0119kuj\u0119 tym, kt\u00f3rzy przygotowali pierogi i zaprosili utrudzonych pielgrzym\u00f3w na nocleg. Pierogi w Wierzbnie staj\u0105 si\u0119 niemal daniem regionalnym i dzie\u0142em pracy ca\u0142ych rodzin. Z ca\u0142ego serca dzi\u0119kuj\u0119 za pyszne pierogi: p. Wies\u0142awie \u0141ukasiak z rodzin\u0105, p. Krystynie Pi\u00f3rek, rodzinie Gryglas, Jaworowskich i Szyma\u0144skich z Wierzbna, Zofii Leszczy\u0144skiej z rodzin\u0105, rodzinie Matusik\u00f3w i Aleksandrowicz\u00f3w z Lasu Jaworskiego, rodzinie Jasi\u0144skich ze \u015awidna, p. Hannie Tomkiewicz z rodzin\u0105, p. El\u017cbiecie Szcz\u0119snej z Sobonia z rodzin\u0105, p. Milewskiej i p. Danucie Kapitanowicz z Wygl\u0119d\u00f3wka, p. Jolancie Ol\u0119dzkiej z Jaworka, p. Marii i Zofii Patoka z Jan\u00f3wka, r. G\u0105siorowskich, p. Alinie Salach i Celinie Zdzieborskiej oraz p. Teresie i Kazimierzowi Leszczy\u0144skim z Helenowa. Dzi\u0119kuj\u0119 za pomidory i og\u00f3rki pa\u0144stwu Aleksandrowicz\u00f3w z Lasu Jaworskiego, p. Waldemarowi G\u0105siorowskiemu i p. Henryce Miklaszewskiej. \u201eB\u00f3g zap\u0142a\u0107!\u201d<\/p>\n<p>3. W poniedzia\u0142ek oko\u0142o 13.30 przyjad\u0105 do Wierzbna uczestnicy Bia\u0142ostockiej Rowerowej Pielgrzymki na Jasn\u0105 G\u00f3r\u0119. Chcemy ich go\u015bcinnie i serdecznie przyj\u0105\u0107.<\/p>\n<p>4. We wtorek \u015bwi\u0119to Przemienienia Pa\u0144skiego. Zapraszam na Msz\u0119 \u015bw. o 9.00 i 18.00.<\/p>\n<p>5. Zapraszam ca\u0142\u0105 wsp\u00f3lnot\u0119 parafialn\u0105 do udzia\u0142u w zbi\u00f3rce zu\u017cytego sprz\u0119tu elektrycznego i elektronicznego (sprz\u0119t RTV i AGD, np. lod\u00f3wki, pralki, telewizory, komputery). Prosz\u0119 &nbsp;6 sierpnia do godz. 13.00 z\u0142o\u017cy\u0107&nbsp; ten sprz\u0119t na parkingu przy sklepie p. Romana Gog\u0142ozy. Przychody z akcji wspomog\u0105 zakup nowoczesnych Inkubator\u00f3w do Szpitala na Wybrze\u017cu Ko\u015bci S\u0142oniowej, prowadzonego przez Siostry Orionistki oraz Akcj\u0119 \u201eWyprawka dla dzieci\u201d prowadzon\u0105 w Kamerunie przez Siostry Pallotynki.<\/p>\n<p>6. W sobot\u0119 \u015bwi\u0119to \u015bw. Wawrzy\u0144ca diakona i m\u0119czennika. Msza \u015bw. o 18.00.<\/p>\n<p>7. W najbli\u017csz\u0105 niedziel\u0119 po Mszy \u015bw. o 9.00 zmianka tajemnic r\u00f3\u017ca\u0144cowych dla wsp\u00f3lnoty rodzic\u00f3w modl\u0105cych si\u0119 za dzieci.<\/p>\n<p>8. Dzi\u0119kuj\u0119 mieszka\u0144com Helenowa za segregacj\u0119 \u015bmieci na cmentarzu i wywiezienie naturalnych odpad\u00f3w na kompostownik. Dzi\u0119kuj\u0119 wszystkim za zrobienie porz\u0105dku na mogi\u0142ach swoich bliskich zmar\u0142ych.<\/p>\n<p>9. Dzi\u0119kuj\u0119 rodzinom z Wierzbna za sprz\u0105tanie ko\u015bcio\u0142a i placu przy ko\u015bciele. Na sobot\u0119 zapraszam: p. El\u017cbiet\u0119 Zajkowsk\u0105, p. Justyn\u0119 i Przemys\u0142awa \u015awiderskich oraz p. Danut\u0119 i Franciszka Kowalczyk.<\/p>\n<p>10. Do Sakramentu Ma\u0142\u017ce\u0144stwa przygotowuj\u0105 si\u0119: Krzysztof Pawe\u0142 Piesak, kawaler zam. w parafii NMP Matki Ko\u015bcio\u0142a w Ruchnie i Iwona Hanna Po\u0142awska, panna zam. w Jan\u00f3wku, par. tutejszej, zapowiedz druga. Otoczmy ich nasz\u0105 modlitw\u0105, aby z Bo\u017c\u0105 pomoc\u0105 stworzyli szcz\u0119\u015bliw\u0105 chrze\u015bcija\u0144sk\u0105 rodzin\u0119.<\/p>\n<p>11. Zach\u0119cam do lektury nowy Nr. \u201eEcha Katolickiego\u201d. Przeczytamy: dlaczego Ko\u015bci\u00f3\u0142 na zachodzie zepchni\u0119ty zosta\u0142 na margines?, co wsp\u00f3\u0142czesnemu cz\u0142owiekowi ma do zaoferowania b\u0142. Edmund Bojanowski, niezwyk\u0142e \u015bwiadectwo Paw\u0142a, kt\u00f3ry przesiedzia\u0142 w wi\u0119zieniu 10 lat.<\/p>\n","protected":false},"excerpt":{"rendered":"<p>Powr\u00f3t do listy og\u0142osze\u0144 25 sierpnia \u2013 21 Niedziela zwyk\u0142a 1. Jeszcze raz dzi\u0119kuj\u0119 parafianom za przygotowane wie\u0144ce i kosze z p\u0142odami ziemi oraz prezentacje na Do\u017cynkach Parafialnych. Niech Pan hojnie wynagrodzi. Dzi\u015b ofiary na tac\u0119 s\u0105 przeznaczone na remont elewacji ko\u015bcio\u0142a i dzwonnicy. Jest nowy grafik na wrzesie\u0144 dla czytaj\u0105cych S\u0142owo Bo\u017ce podczas Eucharystii. Ofiarami do puszek wspieramy dzi\u015b ks. Jaros\u0142awa Dziedzica i misje w Boliwii. 2. Jutro Urocz. NMP Cz\u0119stochowskiej i zapraszam na Msz\u0119 \u015bw. o 9.00 i 18.00. 3. W najbli\u017csz\u0105 niedziel\u0119 b\u0119dziemy go\u015bci\u0107 misjonarza z Peru, ks. Grzegorza Sagana. &nbsp;Ju\u017c od 15 lat s\u0142u\u017cy w Ameryce Po\u0142udniowej, a obecnie wyka\u0144cza budow\u0119 ko\u015bcio\u0142a i plebanii. Wesprzemy go modlitw\u0105 i ofiarami na tac\u0119. Po sumie z racji pierwszej niedzieli adoracja Naj\u015bw. Sakramentu i procesja eucharystyczna wok\u00f3\u0142 ko\u015bcio\u0142a. B\u0119dziemy w modlitwie pami\u0119ta\u0107 o poleg\u0142ych w obronie Ojczyzny w 80 r. wybuchu II wojny \u015bwiatowej. 4. Zapraszam 2 wrze\u015bnia o \u2026 <a class=\"continue-reading-link\" href=\"https:\/\/www.parafiawierzbno.com.pl\/?page_id=9256\">Czytaj dalej <span class=\"meta-nav\">&rarr; <\/span><\/a><\/p>\n","protected":false},"author":1,"featured_media":0,"parent":225,"menu_order":0,"comment_status":"closed","ping_status":"closed","template":"","meta":{"ngg_post_thumbnail":0},"_links":{"self":[{"href":"https:\/\/www.parafiawierzbno.com.pl\/index.php?rest_route=\/wp\/v2\/pages\/9256"}],"collection":[{"href":"https:\/\/www.parafiawierzbno.com.pl\/index.php?rest_route=\/wp\/v2\/pages"}],"about":[{"href":"https:\/\/www.parafiawierzbno.com.pl\/index.php?rest_route=\/wp\/v2\/types\/page"}],"author":[{"embeddable":true,"href":"https:\/\/www.parafiawierzbno.com.pl\/index.php?rest_route=\/wp\/v2\/users\/1"}],"replies":[{"embeddable":true,"href":"https:\/\/www.parafiawierzbno.com.pl\/index.php?rest_route=%2Fwp%2Fv2%2Fcomments&post=9256"}],"version-history":[{"count":5,"href":"https:\/\/www.parafiawierzbno.com.pl\/index.php?rest_route=\/wp\/v2\/pages\/9256\/revisions"}],"predecessor-version":[{"id":9264,"href":"https:\/\/www.parafiawierzbno.com.pl\/index.php?rest_route=\/wp\/v2\/pages\/9256\/revisions\/9264"}],"up":[{"embeddable":true,"href":"https:\/\/www.parafiawierzbno.com.pl\/index.php?rest_route=\/wp\/v2\/pages\/225"}],"wp:attachment":[{"href":"https:\/\/www.parafiawierzbno.com.pl\/index.php?rest_route=%2Fwp%2Fv2%2Fmedia&parent=9256"}],"curies":[{"name":"wp","href":"https:\/\/api.w.org\/{rel}","templated":true}]}}