{"id":9402,"date":"2019-12-25T10:56:18","date_gmt":"2019-12-25T09:56:18","guid":{"rendered":"https:\/\/www.parafiawierzbno.com.pl\/?page_id=9402"},"modified":"2019-12-25T10:56:18","modified_gmt":"2019-12-25T09:56:18","slug":"ogloszenia-grudzien-2019","status":"publish","type":"page","link":"https:\/\/www.parafiawierzbno.com.pl\/?page_id=9402","title":{"rendered":"Og\u0142oszenia &#8211; Grudzie\u0144 2019"},"content":{"rendered":"<p><a title=\"Og\u0142oszenia parafialne\" href=\"https:\/\/www.parafiawierzbno.com.pl\/?page_id=225\">Powr\u00f3t do listy og\u0142osze\u0144<\/a><\/p>\n<h2 style=\"text-align: center;\"><span style=\"color: #ff0000;\">22 grudnia \u2013 IV Niedziela Adwentu<\/span><\/h2>\n<p>1. Z ca\u0142ego serca dzi\u0119kuj\u0119 ks. Stanis\u0142awowi Tymoszukowi za przeprowadzenie Rekolekcji Adwentowych. \u017byczymy Ci mocy Ducha w g\u0142oszeniu Ewangelii, aby przez twoj\u0105 pos\u0142ug\u0119 Chrystus rodzi\u0142 si\u0119 w sercach wielu ludzi, \u017cyczymy tak\u017ce pokoju ducha i zdrowia na ka\u017cdy dzie\u0144.<\/p>\n<p>2. Na Mszy \u015bw. o 12.00 harcerze b\u0119d\u0105 przekazywa\u0107 \u015bwiate\u0142ko pokoju z Betlejem. Dzi\u015b o 13.30 Wigilia dla Szanownych Senior\u00f3w w szkole podstawowej na sali gimnastycznej. Bogactwem naszej parafii s\u0105 Seniorzy: Kochane Babcie i Dziadkowie, kt\u00f3rzy swoj\u0105 modlitw\u0105 i cich\u0105 ofiar\u0105 wypraszaj\u0105 Bo\u017ce b\u0142ogos\u0142awie\u0144stwo dla rodzin, dla naszej spo\u0142eczno\u015bci i ca\u0142ej Ojczyzny.<\/p>\n<p>3. Jutro od 10.00 zapraszam rodzic\u00f3w dzieci klasy I do dekoracji ko\u015bcio\u0142a na \u015awi\u0119ta Bo\u017cego Narodzenia.<\/p>\n<p>3. We wtorek Wigilia \u015awi\u0105t Bo\u017cego Narodzenia. Zgodnie z polsk\u0105 tradycj\u0105 w dzie\u0144 wigilii zachowujemy wstrzemi\u0119\u017aliwo\u015b\u0107 od pokarm\u00f3w mi\u0119snych. Zach\u0119cam, aby zaprosi\u0107 kogo\u015b, kto w samotno\u015bci b\u0119dzie oczekiwa\u0142 \u015awi\u0105t Narodzenia Pa\u0144skiego. Wigilijna wieczerza powinna jednoczy\u0107 nas w mi\u0142o\u015bci i serdeczno\u015bci: sk\u0142adamy sobie \u017cyczenia, dzielimy si\u0119 op\u0142atkiem i \u015bpiewamy kol\u0119dy, spo\u017cywamy postne potrawy, a o p\u00f3\u0142nocy zapraszam na uroczyst\u0105 Msz\u0119 \u015bw. zwan\u0105 Pasterk\u0105.<\/p>\n<p>4. W uroczysto\u015b\u0107 Narodzenia Pa\u0144skiego, 25 grudnia,&nbsp; b\u0119dzie sprawowana, opr\u00f3cz Pasterki jeszcze Eucharystia o godz. 10.00 i 12.00. Nie b\u0119dzie Mszy \u015bw. wieczorowej.<\/p>\n<p>5. W dniu 26 grudnia, \u015bw. Szczepana, pierwszego m\u0119czennika. Zapraszam na Msz\u0119 \u015bw. o 9.00, 12.00 i 17.00. W czasie Mszy \u015bw. o 9.00 zostan\u0105 uroczy\u015bcie pos\u0142ani Kol\u0119dnicy Misyjni do rodzin, aby nie\u015b\u0107 rado\u015b\u0107 z narodzin Zbawiciela \u015bwiata. W tym roku ofiary z\u0142o\u017cone kol\u0119dnikom s\u0105 przeznaczone dla dzieci w Ameryce Po\u0142udniowej.<\/p>\n<p>6. W pi\u0105tek 27 grudnia o godz. 13.00 w W\u0119growskim O\u015brodku Kultury b\u0119dzie specjalna projekcja filmu: \u201eNieplanowane\u201d, na podstawie pami\u0119tnika Abby Johnson. Wieczorem o 18.30 pr\u00f3ba Orszaku Trzech Kr\u00f3li w sali konferencyjnej urz\u0119du gminy.&nbsp;<\/p>\n<p>7. W sobot\u0119 28 grudnia rozpoczynam wizyt\u0119 duszpastersk\u0105 od Wierzbna (od p. Szyma\u0144skiej do p. Ha\u0142adaj\u00f3w). Pocz\u0105tek od godz. 9.00.<\/p>\n<p>8. Niedziela, 29 grudnia, to \u015awi\u0119to \u015bw. Rodziny: Jezusa, Maryi i J\u00f3zefa. Zapraszam ma\u0142\u017conk\u00f3w, aby odnowili przysi\u0119g\u0119 ma\u0142\u017ce\u0144sk\u0105 i zawierzali Panu Bogu swoje rodziny. Po Mszy \u015bw. o 9.00 zapraszam na op\u0142atek na plebani radnych parafialnych.<\/p>\n<p>9. Dzi\u0119kuj\u0119 za sprz\u0105tanie ko\u015bcio\u0142a i na sobot\u0119 zapraszam: p. El\u017cbiet\u0119 i Wincentego Chabiera, p. Krzysztofa Miszczaka, p. Zbigniew Staniszewski i p. Szczepan Staniszewski.<\/p>\n<p>10. Zach\u0119cam do lektury \u015bwi\u0105teczny Nr. \u201eEcha Katolickiego\u201d. Przeczytamy o Bogu, kt\u00f3ry przyszed\u0142 na \u015bwiat, by nieustannie nas szuka\u0107, o sensie \u017cycia dzi\u0119ki wierze m\u00f3wi niepe\u0142nosprawna Basia, kiedy po raz pierwszy obchodzono \u015bwi\u0119ta Bo\u017cego Narodzenia i wiele innych ciekawych artyku\u0142\u00f3w.<\/p>\n<h2 style=\"text-align: center;\"><span style=\"color: #333399;\">15 grudnia \u2013 III Niedziela Adwentu<\/span><\/h2>\n<p>1. Trzecia niedziela Adwentu zwana \u201eGaudete\u201d wzywa do rado\u015bci, poniewa\u017c Pan jest blisko. Z serca dzi\u0119kuj\u0119 tym, kt\u00f3rzy przygotowali paczki i \u017cyczenia \u015bwi\u0105teczne w ramach akcji Rodzina-Rodzinie. Zapraszam dzi\u015b o 18.30 do sali konferencyjnej urz\u0119du gminy wszystkich zainteresowanych organizacj\u0105 Orszaku Trzech Kr\u00f3li w naszej spo\u0142eczno\u015bci.<\/p>\n<p>2. W tym tygodniu we wtorek i \u015brod\u0119 wraz z wolontariuszami zapraszamy Senior\u00f3w na Wigilijne Spotkanie w niedziel\u0119 22 grudnia. We wtorek odwiedzimy naszych Szanownych Senior\u00f3w w Soboniu, Helenowie i Lesie Jaworskim, a w \u015brod\u0119 \u2013 w W\u00f3lce, \u015awidnie i Adamowie. Prosz\u0119 o dowiezienie Szanownych Senior\u00f3w w niedziel\u0119 na Msz\u0119 \u015bw. o 12.00, przede Msz\u0105 b\u0119dzie okazja do spowiedzi. Potem w Szkole Podstawowej spotkanie wigilijne: jase\u0142ka, \u017cyczenia i dzielenie si\u0119 op\u0142atkiem, wsp\u00f3lne kol\u0119dowanie, \u015bw. Miko\u0142aj i czas na rozmowy przy herbacie. Prosz\u0119 o pierogi i ciasto dla naszych Szanownych Senior\u00f3w.<\/p>\n<p>3. Rekolekcje Adwentowe w Wierzbnie w pi\u0105tek, sobot\u0119 i niedziel\u0119. B\u0119dzie im przewodniczy\u0142 ks. Stanis\u0142aw Tymoszuk, kt\u00f3ry pos\u0142ugiwa\u0142 na misjach w Czadzie. W pi\u0105tek i w sobot\u0119 dni spowiedzi i zapraszam na Msz\u0119 \u015bw. o 10.00, 12.00 i 17.00. W pi\u0105tek po Mszy \u015bw. o 10.00 nauka stanowa dla m\u0119\u017cczyzn, a w sobot\u0119 \u2013 nauka stanowa dla kobiet. Dzieci i m\u0142odzie\u017c gromadz\u0105 si\u0119 na Mszy \u015bw. o 12.00. W sobot\u0119 po obiedzie odwiedz\u0119 chorych pragn\u0105cych si\u0119 wyspowiada\u0107 i przyj\u0105\u0107 Chrystusa w Komunii \u015bw. W niedziel\u0119 ofiarami na tac\u0119 wyrazimy wdzi\u0119czno\u015b\u0107 ks. rekolekcjoni\u015bcie. &nbsp;<\/p>\n<p>4. W niedziel\u0119 22 grudnia na Mszy \u015bw. o 12.00 harcerze przynios\u0105 \u015bwiate\u0142ko betlejemskie. We\u017amy lampiony, aby to \u015bwiate\u0142ko z Betlejem zap\u0142on\u0119\u0142o w naszych domach.<\/p>\n<p>5. We wtorek o 13.30 w ko\u015bciele spotkanie 7 grup Kol\u0119dnik\u00f3w Misyjnych. Zapraszam dzieci i m\u0142odzie\u017c oraz doros\u0142ych opiekun\u00f3w. Informuj\u0119, \u017ce 26 grudnia na Mszy \u015bw. o 12.00 nasi Kol\u0119dnicy Misyjni zostan\u0105 uroczy\u015bcie pos\u0142ani, aby b\u0119d\u0105 odwiedza\u0107 rodziny i dzieli\u0107 si\u0119 rado\u015bci\u0105 z narodzenia Pana Jezusa. W tym roku ofiary sk\u0142adane przy tej okazji s\u0105 przeznaczone dla dzieci w Ameryce po\u0142udniowej w rejonie Amazonii.<\/p>\n<p>6. Dzi\u0119kuj\u0119 za sprz\u0105tanie ko\u015bcio\u0142a rodzinom z Wierzbna i zapraszam do sprz\u0105tania w sobot\u0119 po Mszy \u015bw. o 12.00: p. Mieczys\u0142aw\u0119 i Bogdana Jachimowicz, p. Mariol\u0119 i Tomasza Jachimowicz, p. Wiolett\u0119 i Adama Florowskich oraz p. Arkadiusza Florowskiego.<\/p>\n<p>7. Zach\u0119cam do lektury nowy Nr \u201eEcha Katolickiego\u201d. Przeczytamy: jakie pu\u0142apki czekaj\u0105 konsument\u00f3w przed \u015bwi\u0119tami, dlaczego o bli\u017anich nie mo\u017cna m\u00f3wi\u0107 \u017ale oraz dlaczego przestajemy czu\u0107 g\u0142\u00f3d Boga.<\/p>\n<h2 style=\"text-align: center;\"><span style=\"color: #333399;\">8 grudnia \u2013 Niepokalane Pocz\u0119cie NMP<\/span><\/h2>\n<p>1. Uroczysto\u015b\u0107 Niepokalanego Pocz\u0119cia NMP ukazuje pe\u0142n\u0105 \u0142aski Maryj\u0119, wybran\u0105 na Matk\u0119 Zbawiciela \u015bwiata. Dzi\u015b tak\u017ce Dzie\u0144 Modlitwy i Pomocy Materialnej Ko\u015bcio\u0142owi na Wschodzie. Ofiarami do puszek wspieramy wsp\u00f3lnoty katolickie w krajach by\u0142ego Zwi\u0105zku Sowieckiego. Po Mszy \u015bw. o 9.00 zmianka tajemnic r\u00f3\u017ca\u0144cowych dla wsp\u00f3lnoty rodzic\u00f3w modl\u0105cych si\u0119 za dzieci. Zapraszam ch\u0119tnych na 18.30 do sali konferencyjnej urz\u0119du gminy na spotkanie organizacyjne Orszaku Trzech Kr\u00f3li.<\/p>\n<p>2. Zach\u0119cam do uczestnictwa w Roratach w poniedzia\u0142ki, \u015brody i soboty o godz. 7.00 rano, aby wraz z Maryj\u0105 prze\u017cywa\u0107 radosny czas Adwentu. Na o\u0142tarzu \u015bw. Micha\u0142a Archanio\u0142a s\u0105 jeszcze \u015bwiecie Wigilijnego Dzie\u0142a Pomocy: ma\u0142e po 7 z\u0142, \u015brednie po 13 z\u0142 i du\u017ce po 20 z\u0142.<\/p>\n<p>3. W czwartek o 17.00 zapraszam na Eucharysti\u0119 w 39 r. \u015bmierci ks. Leona Rydera, d\u0142ugoletniego proboszcza w Wierzbnie.<\/p>\n<p>4. Podobnie jak w latach ubieg\u0142ych planujemy Wigili\u0119 dla Senior\u00f3w w IV Niedziel\u0119 Adwentu, czyli 22 grudnia. W tym tygodniu z wolontariuszami b\u0119dziemy odwiedza\u0107 naszych szanownych Senior\u00f3w w \u015brod\u0119 w Wierzbnie, w czwartek w Jan\u00f3wku i Wygl\u0119d\u00f3wku, a w pi\u0105tek w Jaworku i Cierpi\u0119tach. W poniedzia\u0142ek i sobot\u0119 osobi\u015bcie b\u0119d\u0119 na pos\u0142ugiwa\u0142 na rekolekcjach.<\/p>\n<p>5. Serdecznie prosz\u0119 do 16 grudnia dostarczy\u0107 na plebani\u0119 paczki Rodzina-Rodzinie, aby trafi\u0142y pod w\u0142a\u015bciwy adres jeszcze przed rekolekcjami.<\/p>\n<p>6. Dzi\u0119kuj\u0119 za sprz\u0105tanie ko\u015bcio\u0142a rodzinom z Wierzbna i na sobot\u0119 zapraszam: p. Krystyn\u0119 i Jana Ko\u015bciesza, p. Ann\u0119 i Miros\u0142awa Stankiewicz oraz p. Mieczys\u0142aw\u0119 Rychlik.<\/p>\n<p>7. Zach\u0119cam do lektury nowy Nr. \u201eEcha Katolickiego\u201d. Przeczytamy o kierownictwie duchowym, o na\u015bladowaniu Niepokalanej Maryi, oraz o planowaniu czasu w rodzinie.<\/p>\n<h2 style=\"text-align: center;\"><span style=\"color: #333399;\">1 grudnia \u2013 I Niedziela Adwentu<\/span><\/h2>\n<p>1. Czas Adwentu jest okresem przygotowania do uroczysto\u015bci Narodzenia Pa\u0144skiego i kieruje nasze umys\u0142y ku oczekiwaniu powt\u00f3rnego przyj\u015bcia Chrystusa na ko\u0144cu czas\u00f3w. Zach\u0119cam do licznego udzia\u0142u w Mszy \u015bw. Roratniej w poniedzia\u0142ki, \u015brody i soboty o 7.00 rano. Przede Msz\u0105 \u015bw. (20 min) \u015bpiewamy Godzinki do Matki Bo\u017cej. Dzi\u0119kuj\u0119 p. Krystynie Gog\u0142ozie za pi\u0119kny wieniec adwentowy. Rekolekcje Adwentowe w naszej parafii odb\u0119d\u0105 si\u0119 w dniach 20-22 grudnia i poprowadzi je ks. Stanis\u0142aw Tymoszuk, kt\u00f3ry pos\u0142ugiwa\u0142 na misjach w Czadzie.<\/p>\n<p>2. Dzi\u015b pierwsza niedziela grudnia, po sumie adoracja Naj\u015bwi\u0119tszego Sakramentu i zmianka tajemnic r\u00f3\u017ca\u0144cowych. Ofiarami do puszek wspieramy ks. Jaros\u0142awa Dziedzica i misje w Boliwii. Intencja Apostolstwa Modlitwy na grudzie\u0144: Aby ka\u017cdy kraj podj\u0105\u0142 konieczne dzia\u0142ania, by zadba\u0107 o przysz\u0142o\u015b\u0107 dzieci, szczeg\u00f3lnie tych, kt\u00f3re cierpi\u0105.<\/p>\n<p>3. Pragniemy w\u0142\u0105czy\u0107 si\u0119 w dzie\u0142o Kol\u0119dnik\u00f3w Misyjnych, aby wnosi\u0107 rado\u015b\u0107 Bo\u017cego narodzenia do rodzin naszej parafii. Serdecznie prosz\u0119 rodzic\u00f3w, dzieci i m\u0142odzie\u017c o zaanga\u017cowanie. W tym roku wspieramy dzieci w Ameryce Po\u0142udniowej w rejonie Amazonii. Z Bo\u017c\u0105 pomoc\u0105, podejmujemy trud przygotowania Orszaku Trzech Kr\u00f3li w naszej spo\u0142eczno\u015bci. W najbli\u017csz\u0105 niedziel\u0119 o 18.30 zapraszam ch\u0119tnych do sali konferencyjnej urz\u0119du gminy na spotkanie organizacyjne.<\/p>\n<p>4. Na o\u0142tarzu \u015bw. Micha\u0142a Archanio\u0142a znajduj\u0105 si\u0119 \u015bwiece Wigilijnego Dzie\u0142a Pomocy: ma\u0142e po 7 z\u0142, \u015brednie po 13 z\u0142 i du\u017ce po 20 z\u0142. Pieni\u0105dze wk\u0142adamy do puszki.<\/p>\n<p>5. W tym tygodniu pierwszy czwartek miesi\u0105ca: o 7.30 Msza \u015bw. za zmar\u0142ych polecanych Bo\u017cemu Mi\u0142osierdziu w wypominkach (kartki z Wierzbna), od 16.00 adoracja Naj\u015bwi\u0119tszego Sakramentu, modlitwa za powo\u0142anych do s\u0142u\u017cby Bo\u017cej oraz o nowe powo\u0142ania kap\u0142a\u0144skie, misyjne i do \u017cycia konsekrowanego. B\u0119dzie tak\u017ce okazja do spowiedzi przed I pi\u0105tkiem.<\/p>\n<p>6. Pierwszy pi\u0105tek miesi\u0105ca, o 7.30 Msza \u015bw. wynagradzaj\u0105ca Naj\u015bwi\u0119tszemu Sercu Pana Jezusa za grzechy nasze i ca\u0142ego \u015bwiata, a od 9.00 odwiedzam chorych pragn\u0105cych przyj\u0105\u0107 Chrystusa w Komunii \u015bw.<\/p>\n<p>7. Najbli\u017csza niedziela b\u0119dzie prze\u017cywana jako uroczysto\u015b\u0107 Niepokalanego Pocz\u0119cia NMP. Na Msz\u0119 \u015bw. o 9.00 zapraszam m\u0142odzie\u017c, kt\u00f3ra przyj\u0119\u0142a Sakrament Bierzmowania, a teraz otrzyma dyplomy potwierdzaj\u0105ce to wa\u017cne wydarzenie. Po Mszy \u015bw. zmianka tajemnic r\u00f3\u017ca\u0144cowych dla wsp\u00f3lnoty rodzic\u00f3w modl\u0105cych si\u0119 za dzieci. W Polsce b\u0119dzie to Dzie\u0144 Modlitwy i Pomocy Materialnej Ko\u015bcio\u0142owi na Wschodzie. Ofiarami do puszek wesprzemy katolickie wsp\u00f3lnoty w krajach by\u0142ego Zwi\u0105zku Sowieckiego.<\/p>\n<p>8. Dzi\u0119kuj\u0119 mieszka\u0144com W\u00f3lki i \u015awidna za wywiezienie naturalnych odpad\u00f3w na kompostownik. Dzi\u0119kuj\u0119 rodzinom z Wierzbna za sprz\u0105tanie ko\u015bcio\u0142a i na sobot\u0119 zapraszam: p. Barbar\u0119 i Krzysztofa Chabiera, p. Anet\u0119 i Przemys\u0142awa G\u00f3rskich oraz p. Wincentego Lisieckiego.<\/p>\n<p>9. Zach\u0119cam do lektury nowy Nr \u201eEcha Katolickiego\u201d. Przeczytamy o sile modlitwy zdolnej poruszy\u0107 \u015bwiat, o adwencie z Prymasem Tysi\u0105clecia oraz o za\u0142o\u017ceniach programu duszpasterskiego \u201eEucharystia daje \u017cycie\u201d.<\/p>\n","protected":false},"excerpt":{"rendered":"<p>Powr\u00f3t do listy og\u0142osze\u0144 22 grudnia \u2013 IV Niedziela Adwentu 1. Z ca\u0142ego serca dzi\u0119kuj\u0119 ks. Stanis\u0142awowi Tymoszukowi za przeprowadzenie Rekolekcji Adwentowych. \u017byczymy Ci mocy Ducha w g\u0142oszeniu Ewangelii, aby przez twoj\u0105 pos\u0142ug\u0119 Chrystus rodzi\u0142 si\u0119 w sercach wielu ludzi, \u017cyczymy tak\u017ce pokoju ducha i zdrowia na ka\u017cdy dzie\u0144. 2. Na Mszy \u015bw. o 12.00 harcerze b\u0119d\u0105 przekazywa\u0107 \u015bwiate\u0142ko pokoju z Betlejem. Dzi\u015b o 13.30 Wigilia dla Szanownych Senior\u00f3w w szkole podstawowej na sali gimnastycznej. Bogactwem naszej parafii s\u0105 Seniorzy: Kochane Babcie i Dziadkowie, kt\u00f3rzy swoj\u0105 modlitw\u0105 i cich\u0105 ofiar\u0105 wypraszaj\u0105 Bo\u017ce b\u0142ogos\u0142awie\u0144stwo dla rodzin, dla naszej spo\u0142eczno\u015bci i ca\u0142ej Ojczyzny. 3. Jutro od 10.00 zapraszam rodzic\u00f3w dzieci klasy I do dekoracji ko\u015bcio\u0142a na \u015awi\u0119ta Bo\u017cego Narodzenia. 3. We wtorek Wigilia \u015awi\u0105t Bo\u017cego Narodzenia. Zgodnie z polsk\u0105 tradycj\u0105 w dzie\u0144 wigilii zachowujemy wstrzemi\u0119\u017aliwo\u015b\u0107 od pokarm\u00f3w mi\u0119snych. Zach\u0119cam, aby zaprosi\u0107 kogo\u015b, kto w samotno\u015bci b\u0119dzie oczekiwa\u0142 \u015awi\u0105t Narodzenia Pa\u0144skiego. Wigilijna wieczerza \u2026 <a class=\"continue-reading-link\" href=\"https:\/\/www.parafiawierzbno.com.pl\/?page_id=9402\">Czytaj dalej <span class=\"meta-nav\">&rarr; <\/span><\/a><\/p>\n","protected":false},"author":1,"featured_media":0,"parent":225,"menu_order":0,"comment_status":"closed","ping_status":"closed","template":"","meta":{"ngg_post_thumbnail":0},"_links":{"self":[{"href":"https:\/\/www.parafiawierzbno.com.pl\/index.php?rest_route=\/wp\/v2\/pages\/9402"}],"collection":[{"href":"https:\/\/www.parafiawierzbno.com.pl\/index.php?rest_route=\/wp\/v2\/pages"}],"about":[{"href":"https:\/\/www.parafiawierzbno.com.pl\/index.php?rest_route=\/wp\/v2\/types\/page"}],"author":[{"embeddable":true,"href":"https:\/\/www.parafiawierzbno.com.pl\/index.php?rest_route=\/wp\/v2\/users\/1"}],"replies":[{"embeddable":true,"href":"https:\/\/www.parafiawierzbno.com.pl\/index.php?rest_route=%2Fwp%2Fv2%2Fcomments&post=9402"}],"version-history":[{"count":2,"href":"https:\/\/www.parafiawierzbno.com.pl\/index.php?rest_route=\/wp\/v2\/pages\/9402\/revisions"}],"predecessor-version":[{"id":9404,"href":"https:\/\/www.parafiawierzbno.com.pl\/index.php?rest_route=\/wp\/v2\/pages\/9402\/revisions\/9404"}],"up":[{"embeddable":true,"href":"https:\/\/www.parafiawierzbno.com.pl\/index.php?rest_route=\/wp\/v2\/pages\/225"}],"wp:attachment":[{"href":"https:\/\/www.parafiawierzbno.com.pl\/index.php?rest_route=%2Fwp%2Fv2%2Fmedia&parent=9402"}],"curies":[{"name":"wp","href":"https:\/\/api.w.org\/{rel}","templated":true}]}}