{"id":9777,"date":"2020-02-10T05:50:33","date_gmt":"2020-02-10T04:50:33","guid":{"rendered":"https:\/\/www.parafiawierzbno.com.pl\/?page_id=9777"},"modified":"2020-03-13T14:45:12","modified_gmt":"2020-03-13T13:45:12","slug":"ogloszenia-luty-2020","status":"publish","type":"page","link":"https:\/\/www.parafiawierzbno.com.pl\/?page_id=9777","title":{"rendered":"Og\u0142oszenia &#8211; Luty 2020"},"content":{"rendered":"<p><a title=\"Og\u0142oszenia parafialne\" href=\"https:\/\/www.parafiawierzbno.com.pl\/?page_id=225\">Powr\u00f3t do listy og\u0142osze\u0144<\/a><\/p>\n<h2 style=\"text-align: center;\"><span style=\"color: #0000ff;\">23 luty \u2013 7 Niedziela zwyk\u0142a<\/span><\/h2>\n<p>1. Dzi\u015b rozpoczynamy Tydzie\u0144 Modlitw o Trze\u017awo\u015b\u0107 Narodu pod has\u0142em: \u201eSzcz\u0119\u015bliwe dzieci w trze\u017awych rodzinach\u201d. Jest to czas przeb\u0142agania za pija\u0144stwo, narkomani\u0119, a tak\u017ce czas podejmowania ofiar w intencji nawr\u00f3cenia grzesznik\u00f3w. Zach\u0119cam do podejmowania przyrzecze\u0144 abstynenckich. Dzi\u0119kuj\u0119 za ofiary na tac\u0119 na remont elewacji ko\u015bcio\u0142a i dzwonnicy. Ofiarami do puszek wesprzemy leczenie chorego dziecka Kacperka Boruty. Jest nowy grafik na marzec dla czytaj\u0105cych s\u0142owo Bo\u017ce podczas Eucharystii.<\/p>\n<p>2. \u015aroda Popielcowa rozpoczyna okres Wielkiego Postu. Zachowujemy post \u015bcis\u0142y i wstrzemi\u0119\u017aliwo\u015b\u0107 od pokarm\u00f3w mi\u0119snych. Dla dzieci i m\u0142odzie\u017cy b\u0119dzie konkurs aktywno\u015bci w tym czasie. Zapraszam na Msz\u0119 \u015bw. o 9.00 i o 17.00. W pi\u0105tek o 16.30 nabo\u017ce\u0144stwo Drogi Krzy\u017cowej w intencji wynagradzaj\u0105cej za grzechy pija\u0144stwa i oraz wykorzystywania seksualnego nieletnich. Patronem Wielkiego Postu b\u0119dzie S\u0142uga Bo\u017cy kard. Stefan Wyszy\u0144ski.<\/p>\n<p>3. W najbli\u017csz\u0105 niedziel\u0119 o 11.30 nabo\u017ce\u0144stwo Gorzkich \u017cali, a po sumie zmianka tajemnic r\u00f3\u017ca\u0144cowych z okazji pierwszej niedzieli miesi\u0105ca.<\/p>\n<p>4. Do 15 marca prowadz\u0119 zapisy dla ch\u0119tnych uczestniczy\u0107 w uroczysto\u015bci beatyfikacji S\u0142ugi Bo\u017cego kard. Stefana Wyszy\u0144skiego w dniu 7 czerwca. Zach\u0119cam do licznego udzia\u0142u.<\/p>\n<p>5. Rekolekcje Wielkopostne przeprowadzi w naszej parafii misjonarz ks. Jaros\u0142aw Dziedzic z Quiroga w Boliwii. Zaplanujmy czas, aby w dniach 13-15 marca gorliwie uczestniczy\u0107 w rekolekcjach i zach\u0119cajmy tych, kt\u00f3rzy s\u0142abo chodz\u0105 do ko\u015bcio\u0142a.<\/p>\n<p>6. Zach\u0119cam do wzi\u0119cia udzia\u0142u 14 marca w Kongresie K\u00f3\u0142 \u017bywego R\u00f3\u017ca\u0144ca w Go\u0144czycach. Temat: Pragnienie Serca Jezusowego \u2013 Eucharystia\u201d. Wyjazd autobusem wraz z parafianami z Czerwonki. Prosz\u0119 zg\u0142asza\u0107 si\u0119 do p. Krystyny Pi\u00f3rek.<\/p>\n<p>7. Dzi\u0119kuj\u0119 za sprz\u0105tanie ko\u015bcio\u0142a rodzinom z Jaworka i na sobot\u0119 zapraszam: p. Dorot\u0119 i Bogdana W\u0105sowskich, p. Mieczys\u0142awa i Dariusza Ku\u015bmierczyk oraz p. Jerzego Kuzm\u0119.<\/p>\n<p>8. Komenda Powiatowa Policji w W\u0119growie zwraca si\u0119 z apelem: \u201eKa\u017cdego roku na terenie powiatu w\u0119growskiego odnotowujemy wypadki drogowe z udzia\u0142em rowerzyst\u00f3w i pieszych. Wielu zdarzeniom mo\u017cna by\u0142oby zapobiec, gdyby przestrzegano zasad ruchu drogowego. W ko\u015bcio\u0142ach na terenie ca\u0142ego kraju odbywaj\u0105 si\u0119 Msze \u015bw. w r\u00f3\u017cnych porach dnia, cz\u0119sto po zmroku. Jest to okres, w kt\u00f3rym pogoda cz\u0119sto nie sprzyja pieszym i osobom poruszaj\u0105cym si\u0119 po drodze. Piesi powinni korzysta\u0107 z chodnika, a je\u015bli tego nie ma, to z pobocza. Jeste\u015bmy w\u00f3wczas obowi\u0105zani i\u015b\u0107 lew\u0105 stron\u0105 jezdni. Pami\u0119tajmy o przechodzeniu przez jezdni\u0119 w miejscach dozwolonych i do tego wyznaczonych. U\u017cywanie element\u00f3w odblaskowych ma ogromny wp\u0142yw na zwi\u0119kszenie naszej widoczno\u015bci na drodze a tym samym wp\u0142ywa na popraw\u0119 naszego bezpiecze\u0144stwa. W\u0119growska Policja apeluje do niechronionych uczestnik\u00f3w ruchu drogowego o rozwag\u0119, obowi\u0105zkowe u\u017cywanie element\u00f3w odblaskowych i stosowanie si\u0119 do przepis\u00f3w ruchu drogowego\u201d.<\/p>\n<p>9. Zach\u0119cam do lektury nowy Nr. \u201eEcha Katolickiego\u201d. Przeczytamy o obietnicach zwi\u0105zanych z pierwszymi pi\u0105tkami miesi\u0105ca, o podst\u0119pnym dzia\u0142aniu sekt, o programie 12 krok\u00f3w jako pomocy wyj\u015bcia z ka\u017cdego uzale\u017cnienia, wywiad z misjonark\u0105 Paulin\u0105 Korneluk oraz materia\u0142y formacyjne dla K\u00f3\u0142 \u017bywego R\u00f3\u017ca\u0144ca. Tak\u017ce w Tygodniku \u201eIdziemy\u201d znajdziemy wiele cennych artyku\u0142\u00f3w.<\/p>\n<h2 style=\"text-align: center;\"><span style=\"color: #0000ff;\">16 luty \u2013 6 Niedziela zwyk\u0142a<\/span><\/h2>\n<p>1. Mamy ma\u0142\u0105 namiastk\u0119 zimy, co raduje przede wszystkim dzieci i m\u0142odzie\u017c, prze\u017cywaj\u0105cych ferie.<\/p>\n<p>2. Ofiary na tac\u0119 w najbli\u017csz\u0105 niedziel\u0119 s\u0105 przeznaczone na remont elewacji ko\u015bcio\u0142a i dzwonnicy. Chwa\u0142a Bogu, zosta\u0142o przyznane 50 tys. z\u0142 na ten cel od Starostwa Powiatu W\u0119growskiego. Ofiarami do puszek wesprzemy leczenie ma\u0142ego Kacpra Boruty, chorego na rdzeniowy zanik mi\u0119\u015bni.<\/p>\n<p>3. W tym tygodniu tradycyjny t\u0142usty czwartek, a 26 lutego ju\u017c rozpoczynamy Wielki Post.<\/p>\n<p>4. Przypominam o Katechezach dla narzeczonych w Gr\u0119bkowie w dniach 22- 23.02 i 29.02 \u2013 1.03. Rozpocz\u0119cie o godz. 9.00. Koszt kursu dla par z naszego dekanatu wynosi 200 z\u0142.<\/p>\n<p>5. Dzi\u0119kuj\u0119 za sprz\u0105tanie ko\u015bcio\u0142a rodzinom z Jaworka i na sobot\u0119 zapraszam: p. Hann\u0119 Gra\u017cyn\u0119 Kucharsk\u0105, p. Ryszarda Mr\u00f3z oraz p. Teres\u0119 i Janusza Doma\u0144skich.<\/p>\n<p>6. Zach\u0119cam do lektury nowy Nr. \u201eEcha Katolickiego\u201d. Znajdziemy obszern\u0105 informacj\u0119 o pogrzebie \u015bp. Ks. J\u00f3zefie Kuzawi\u0144skim, przeczytamy o przes\u0142aniu Kard. Stefana Wyszy\u0144skiego, o r\u00f3\u017ca\u0144cu, jako \u017ar\u00f3dle si\u0142y, oraz nowy cykl artku\u0142\u00f3w o Eucharystii, kt\u00f3ra daje \u017cycie.<\/p>\n<h2 style=\"text-align: center;\"><span style=\"color: #0000ff;\">9 luty \u2013 5 Niedziela zwyk\u0142a<\/span><\/h2>\n<p>1. Dzi\u0119kujemy za obecno\u015b\u0107 i \u015bwiadectwo Si\u00f3str S\u0142u\u017cek Niepokalanej. Modlimy si\u0119 o powo\u0142ania kap\u0142a\u0144skie i do \u017cycia konsekrowanego, aby nie zabrak\u0142o pracownik\u00f3w na niwie Pa\u0144skiej. Po Mszy \u015bw. o 9.00 zmianka tajemnic r\u00f3\u017ca\u0144cowych dla wsp\u00f3lnoty rodzic\u00f3w modl\u0105cych si\u0119 za dzieci.<\/p>\n<p>2. We wtorek kolejna rocznica objawie\u0144 Matki Bo\u017cej w Lourdes i \u015awiatowy Dzie\u0144 Chorego. Na Msz\u0119 \u015bw. o 9.00 zapraszam szczeg\u00f3lnie ludzi chorych i starszych. Przede Msza \u015bw. okazja do spowiedzi, a podczas Mszy \u015bw. b\u0119dzie udzielony sakrament chorych.<\/p>\n<p>3. W pi\u0105tek \u015bwi\u0119to \u015bw. Cyryla i Metodego, Patron\u00f3w Europy. Zapraszam na Msz\u0119 \u015bw. o godz. 17.00.<\/p>\n<p>4. Katechezy dla narzeczonych w Gr\u0119bkowie w dniach 22- 23.02 i 29.02 \u2013 1.03. Rozpocz\u0119cie o godz. 9.00. Koszt kursu dla par z naszego dekanatu 200 z\u0142.<\/p>\n<p>5. Zach\u0119cam do wzi\u0119cia udzia\u0142u w pielgrzymce do Dachau w dniach 28-30 kwietnia. W najbli\u017cszym tygodniu zg\u0142osz\u0119 ju\u017c nasz\u0105 grup\u0119 do Biura \u201eArka\u201d.<\/p>\n<p>6. Serdecznie dzi\u0119kuj\u0119 rodzinom z Jaworka za sprz\u0105tanie ko\u015bcio\u0142a i na sobot\u0119 zapraszam: p. Halin\u0119 i Stanis\u0142awa Mr\u00f3z oraz p. Ann\u0119 i Wies\u0142awa Chro\u015bcickich.<\/p>\n<p>7. Do Sakramentu Ma\u0142\u017ce\u0144stwa przygotowuj\u0105 si\u0119: Jacek Staniszewski, kawaler z Wierzbna i Marta Roguska, panna z parafii \u015aw. Wawrzy\u0144ca w Korytnicy, zapowiedz trzecia. Otoczmy narzeczonych modlitw\u0105, aby z Bo\u017c\u0105 pomoc\u0105 stworzyli szcz\u0119\u015bliw\u0105 chrze\u015bcija\u0144sk\u0105 rodzin\u0119.<\/p>\n<p>8. Zach\u0119cam do lektury nowy Nr \u201eEcha Katolickiego\u201d. Przeczytamy dlaczego prosimy Boga o uzdrowienie przez wstawiennictwo Maryi, o propozycjach duszpasterstwa akademickiego, a w dziale zdrowie znajdziemy z\u0142ote rady dla sercowc\u00f3w.<\/p>\n<h2 style=\"text-align: center;\"><span style=\"color: #0000ff;\">2 luty \u2013 \u015awi\u0119to Ofiarowania Pa\u0144skiego<\/span><\/h2>\n<p>1. \u015awi\u0119to Ofiarowania Pa\u0144skiego nawi\u0105zuje do tajemnicy Narodzenia Pa\u0144skiego, dlatego mo\u017cna \u015bpiewa\u0107 kol\u0119dy. Prze\u017cywamy tak\u017ce Dzie\u0144 \u017bycia Konsekrowanego i dzisiejsze ofiary na tac\u0119 s\u0105 przeznaczone na zakony klauzurowe w naszej diecezji. Po sumie adoracja Naj\u015bwi\u0119tszego Sakramentu i zmianka tajemnic r\u00f3\u017ca\u0144cowych. Ofiarami do puszek wspieramy ks. Jaros\u0142awa Dziedzica i misje w Boliwii. Intencja Apostolstwa Modlitwy na luty: \u201eM\u00f3dlmy si\u0119, aby krzyk braci migrant\u00f3w, kt\u00f3rzy wpadli w r\u0119ce pozbawionych skrupu\u0142\u00f3w handlarzy ludzi, by\u0142 s\u0142yszany i brany pod uwag\u0119\u201d.<\/p>\n<p>2. Jutro o 10.00 zapraszam ch\u0119tnych do rozebrania choinek i szopki.<\/p>\n<p>3. Pierwszy czwartek miesi\u0105ca, od 16.00 adoracja Naj\u015bwi\u0119tszego Sakramentu i modlitwa za powo\u0142anych do s\u0142u\u017cby Bo\u017cej oraz o nowe powo\u0142ania kap\u0142a\u0144skie, misyjne i do \u017cycia konsekrowanego. B\u0119dzie tak\u017ce okazja do spowiedzi przed pierwszym pi\u0105tkiem miesi\u0105ca.<\/p>\n<p>4. Pierwszy pi\u0105tek miesi\u0105ca, o 7.30 Msza \u015bw. wynagradzaj\u0105ca Naj\u015bwi\u0119tszemu Sercu Pana Jezusa za grzechy nasze i ca\u0142ego \u015bwiata, od 9.00 odwiedzam chorych pragn\u0105cych przyj\u0105\u0107 Chrystusa w Komunii \u015bw., a wieczorem Msza \u015bw. o 17.00.<\/p>\n<p>5. W najbli\u017csz\u0105 niedziel\u0119 b\u0119dziemy go\u015bci\u0107 Siostry S\u0142u\u017cki Niepokalanej, kt\u00f3re przybli\u017c\u0105 nam or\u0119dzie Matki Bo\u017cej Gietrzwa\u0142dzkiej. Po Mszy \u015bw. o 9.00 zmianka tajemnic r\u00f3\u017ca\u0144cowych dla rodzic\u00f3w modl\u0105cych si\u0119 za dzieci.<\/p>\n<p>6. Organizujemy grup\u0119 na Pielgrzymk\u0119 do Dachau w dniach 28-30 kwietnia. Po drodze zwiedzanie Ratyzbony i Pragi. W \u015brod\u0119 29 kwietnia Msza \u015bw. w Dachau w 75 r. wyzwolenia obozu zag\u0142ady. Koszt pielgrzymki oko\u0142o 1000 z\u0142.<\/p>\n<p>7. Dzi\u0119kuje za sprz\u0105tanie ko\u015bcio\u0142a rodzinom z Jaworka i na sobot\u0119 zapraszam: p. Ma\u0142gorzat\u0119 i Tadeusza Szatkowskich oraz p. Monik\u0119 i W\u0142odzimierza Durka.<\/p>\n<p>8. Do Sakramentu Ma\u0142\u017ce\u0144stwa przygotowuj\u0105 si\u0119: Jacek Staniszewski, kawaler z Wierzbna i Marta Roguska, panna z parafii \u015aw. Wawrzy\u0144ca w Korytnicy, zapowiedz druga. Otoczmy narzeczonych modlitw\u0105, aby z Bo\u017c\u0105 pomoc\u0105 stworzyli szcz\u0119\u015bliw\u0105 chrze\u015bcija\u0144sk\u0105 rodzin\u0119.<\/p>\n<p>9. Zach\u0119cam do lektury nowy Nr. \u201eEcha Katolickiego\u201d. Przeczytamy \u015bwiadectwa os\u00f3b konsekrowanych, co zdecydowa\u0142o o beatyfikacji kard. Stefana Wyszy\u0144skiego oraz jak pisa\u0107 o dobru, aby by\u0142o atrakcyjne.<\/p>\n","protected":false},"excerpt":{"rendered":"<p>Powr\u00f3t do listy og\u0142osze\u0144 23 luty \u2013 7 Niedziela zwyk\u0142a 1. Dzi\u015b rozpoczynamy Tydzie\u0144 Modlitw o Trze\u017awo\u015b\u0107 Narodu pod has\u0142em: \u201eSzcz\u0119\u015bliwe dzieci w trze\u017awych rodzinach\u201d. Jest to czas przeb\u0142agania za pija\u0144stwo, narkomani\u0119, a tak\u017ce czas podejmowania ofiar w intencji nawr\u00f3cenia grzesznik\u00f3w. Zach\u0119cam do podejmowania przyrzecze\u0144 abstynenckich. Dzi\u0119kuj\u0119 za ofiary na tac\u0119 na remont elewacji ko\u015bcio\u0142a i dzwonnicy. Ofiarami do puszek wesprzemy leczenie chorego dziecka Kacperka Boruty. Jest nowy grafik na marzec dla czytaj\u0105cych s\u0142owo Bo\u017ce podczas Eucharystii. 2. \u015aroda Popielcowa rozpoczyna okres Wielkiego Postu. Zachowujemy post \u015bcis\u0142y i wstrzemi\u0119\u017aliwo\u015b\u0107 od pokarm\u00f3w mi\u0119snych. Dla dzieci i m\u0142odzie\u017cy b\u0119dzie konkurs aktywno\u015bci w tym czasie. Zapraszam na Msz\u0119 \u015bw. o 9.00 i o 17.00. W pi\u0105tek o 16.30 nabo\u017ce\u0144stwo Drogi Krzy\u017cowej w intencji wynagradzaj\u0105cej za grzechy pija\u0144stwa i oraz wykorzystywania seksualnego nieletnich. Patronem Wielkiego Postu b\u0119dzie S\u0142uga Bo\u017cy kard. Stefan Wyszy\u0144ski. 3. W najbli\u017csz\u0105 niedziel\u0119 o 11.30 nabo\u017ce\u0144stwo Gorzkich \u017cali, a po sumie \u2026 <a class=\"continue-reading-link\" href=\"https:\/\/www.parafiawierzbno.com.pl\/?page_id=9777\">Czytaj dalej <span class=\"meta-nav\">&rarr; <\/span><\/a><\/p>\n","protected":false},"author":1,"featured_media":0,"parent":225,"menu_order":0,"comment_status":"closed","ping_status":"closed","template":"","meta":{"ngg_post_thumbnail":0},"_links":{"self":[{"href":"https:\/\/www.parafiawierzbno.com.pl\/index.php?rest_route=\/wp\/v2\/pages\/9777"}],"collection":[{"href":"https:\/\/www.parafiawierzbno.com.pl\/index.php?rest_route=\/wp\/v2\/pages"}],"about":[{"href":"https:\/\/www.parafiawierzbno.com.pl\/index.php?rest_route=\/wp\/v2\/types\/page"}],"author":[{"embeddable":true,"href":"https:\/\/www.parafiawierzbno.com.pl\/index.php?rest_route=\/wp\/v2\/users\/1"}],"replies":[{"embeddable":true,"href":"https:\/\/www.parafiawierzbno.com.pl\/index.php?rest_route=%2Fwp%2Fv2%2Fcomments&post=9777"}],"version-history":[{"count":5,"href":"https:\/\/www.parafiawierzbno.com.pl\/index.php?rest_route=\/wp\/v2\/pages\/9777\/revisions"}],"predecessor-version":[{"id":9784,"href":"https:\/\/www.parafiawierzbno.com.pl\/index.php?rest_route=\/wp\/v2\/pages\/9777\/revisions\/9784"}],"up":[{"embeddable":true,"href":"https:\/\/www.parafiawierzbno.com.pl\/index.php?rest_route=\/wp\/v2\/pages\/225"}],"wp:attachment":[{"href":"https:\/\/www.parafiawierzbno.com.pl\/index.php?rest_route=%2Fwp%2Fv2%2Fmedia&parent=9777"}],"curies":[{"name":"wp","href":"https:\/\/api.w.org\/{rel}","templated":true}]}}