{"id":9785,"date":"2020-03-13T14:46:45","date_gmt":"2020-03-13T13:46:45","guid":{"rendered":"https:\/\/www.parafiawierzbno.com.pl\/?page_id=9785"},"modified":"2020-03-28T19:54:48","modified_gmt":"2020-03-28T18:54:48","slug":"ogloszenia-marzec-2020","status":"publish","type":"page","link":"https:\/\/www.parafiawierzbno.com.pl\/?page_id=9785","title":{"rendered":"Og\u0142oszenia &#8211; Marzec 2020"},"content":{"rendered":"<p><a title=\"Og\u0142oszenia parafialne\" href=\"https:\/\/www.parafiawierzbno.com.pl\/?page_id=225\">Powr\u00f3t do listy og\u0142osze\u0144<\/a><\/p>\n<h2 style=\"text-align: center;\"><span style=\"color: #0000ff;\">29 marca \u2013 V Niedziela Wielkiego Postu<\/span><\/h2>\n<p>1.&nbsp; Zgodnie z tradycj\u0105 w V Niedziel\u0119 Wielkiego Postu krzy\u017ce zosta\u0142y zas\u0142oni\u0119te i zostan\u0105 ods\u0142oni\u0119te dopiero po liturgii M\u0119ki Pa\u0144skiej w Wielki Pi\u0105tek. Dzi\u0119kuj\u0119 p. Rafa\u0142owi Miklaszewskiemu za udost\u0119pnienie transmisji Mszy \u015bw. o 12.00 w Internecie. Zach\u0119cam do duchowego uczestnictwa we Mszy \u015bw. na naszej stronie: https:\/\/www.parafiawierzbno.com.pl. Pami\u0119tamy o zarz\u0105dzeniu w\u0142adz pa\u0144stwowych, \u017ce w liturgii Mszy \u015bw. nie mo\u017ce uczestniczy\u0107 wi\u0119cej ni\u017c 5 os\u00f3b, wy\u0142\u0105czaj\u0105c z tej liczby osoby sprawuj\u0105ce pos\u0142ug\u0119.<\/p>\n<p>2. We wtorek o 7.30 Msza \u015bw. o ustanie epidemii koronawirusa, za zara\u017conych, za s\u0142u\u017cb\u0119 zdrowia, za wolontariuszy pomagaj\u0105cych starszym i chorym oraz za rz\u0105dz\u0105cych nasz\u0105 Ojczyzn\u0105.<\/p>\n<p>3. Od 1 kwietnia Msza \u015bw. wieczorowa b\u0119dzie sprawowana o godz. 18.00. Codziennie od 9.00 do 17.00 zach\u0119cam do prywatnej adoracji Naj\u015bwi\u0119tszego Sakramentu. Godzin\u0119 przed Msz\u0105 \u015bw. wieczorow\u0105 mo\u017cemy korzysta\u0107 z sakramentu pokuty i pojednania.<\/p>\n<p>4. Pierwszy czwartek miesi\u0105ca, o 7.30 Msza \u015bw. za zmar\u0142ych polecanych Bo\u017cemu Mi\u0142osierdziu w wypominkach.<\/p>\n<p>5. Pierwszy pi\u0105tek miesi\u0105ca, o 7.30 Msza \u015bw. wynagradzaj\u0105ca Naj\u015bwi\u0119tszemu Sercu Pana Jezusa za grzechy nasze i ca\u0142ego \u015bwiata. W zwi\u0105zku z kwarantann\u0105 nie b\u0119dzie odwiedzin chorych, przyjmuj\u0105cych co miesi\u0105c Komuni\u0119 \u015bw.<\/p>\n<p>6. Dzi\u0119kuj\u0119 za ofiary na kwiaty do Grobu Pa\u0144skiego: Helen\u00f3w \u2013 180 z\u0142, Jan\u00f3wek \u2013 500 z\u0142, Jaworek \u2013 360 z\u0142. Serdeczne \u201eB\u00f3g zap\u0142a\u0107!\u201d<\/p>\n<p>7. Za tydzie\u0144 Niedziela Palmowa, czyli M\u0119ki Pa\u0144skiej. W naszej \u015bwi\u0105tyni b\u0119dzie sprawowana Msza \u015bw. o 9.00, 12.00 i 18.00. Ufam, ze b\u0119dzie r\u00f3wnie\u017c transmisja na stronie internetowej ze Mszy \u015bw. w Wierzbnie o 12.00. Jak co roku przygotujemy Kaplic\u0119 do przechowania Naj\u015bwi\u0119tszego Sakramentu, tzw. Ciemnic\u0119 oraz Gr\u00f3b Pa\u0144ski. Obrz\u0119d b\u0142ogos\u0142awie\u0144stwa pokarm\u00f3w na st\u00f3\u0142 \u015bwi\u0105teczny w tym roku b\u0119dzie sprawowa\u0107 w domu ojciec lub matka wed\u0142ug formularza, kt\u00f3ry b\u0119dzie dost\u0119pny na naszej parafialnej stronie. Teksty obrz\u0119du b\u0142ogos\u0142awie\u0144stwa pokarm\u00f3w le\u017c\u0105 na stoliku za \u0142awkami.<\/p>\n<p>8. Dzi\u0119kuj\u0119 za sprz\u0105tanie ko\u015bcio\u0142a rodzinom z Jaworka i na sobot\u0119 zapraszam: p. Monik\u0119 i Andrzeja Mr\u00f3z, p. Iren\u0119 Koszewsk\u0105 oraz p. Ann\u0119 i Adama Basa. Z serca dzi\u0119kuj\u0119 wszystkim mieszka\u0144com Jaworka, kt\u00f3rzy ko\u0144cz\u0105 sw\u00f3j dy\u017cur troski o czysto\u015b\u0107 \u015bwi\u0105tyni, zapraszam rodziny z Helenowa.<\/p>\n<p>9. Zach\u0119cam do lektury nowy Nr. \u201eEcha Katolickiego\u201d. Przeczytamy jak b\u0119dzie wygl\u0105da\u0107 tegoroczne Triduum Paschalne w naszej ojczy\u017anie, \u015bwiadectwo wiary Asii Bibi. Jest tak\u017ce tekst modlitwy do \u015bw. Rity w czasach koronawirusa.<\/p>\n<p>10. Pan B\u00f3g powo\u0142a\u0142 do wieczno\u015bci \u015bp. Gra\u017cyn\u0119 Kacprzykowsk\u0105 z d. Kra\u015bna. Wieczny odpoczynek racz jej da\u0107, Panie\u2026<\/p>\n<h2 style=\"text-align: center;\"><span style=\"color: #0000ff;\">22 marca \u2013 IV Niedziela Wielkiego Postu<\/span><\/h2>\n<p>1. Prze\u017cywamy szczeg\u00f3lny Wielki Post, poniewa\u017c lepiej rozumiemy jak kruche jest zdrowie i \u017cycie cz\u0142owieka z powodu niewidocznego go\u0142ym okiem koronawirusa. Modlimy si\u0119 za obj\u0119tych kwarantann\u0105 i zara\u017conych wirusem, za s\u0142u\u017cb\u0119 zdrowia, za czuwaj\u0105cych nad porz\u0105dkiem oraz za wielu ludzi dobrej woli nios\u0105cych pomoc ludziom starszym i chorym.<\/p>\n<p>2. Dzi\u0119kuj\u0119 wszystkim parafianom za modlitw\u0119 r\u00f3\u017ca\u0144cow\u0105 w gronie rodziny o 20.30 ka\u017cdego dnia. Prosz\u0119 naszych drogich senior\u00f3w, a tak\u017ce dzieci i m\u0142odzie\u017c o pozostanie w domu i uczestniczenie we Mszy \u015bw. transmitowanej przez media. Codziennie od 9.00 do 17.00 mo\u017cna przychodzi\u0107 do ko\u015bcio\u0142a na prywatn\u0105 adoracj\u0119 Naj\u015bwi\u0119tszego Sakramentu, aby u Chrystusa czerpa\u0107 si\u0142\u0119 i pok\u00f3j z modlitwy. Od godz. 16.00 jestem w konfesjonale, aby da\u0107 mo\u017cliwo\u015b\u0107 korzystania z sakramentu pokuty. W niedziele p\u00f3\u0142 godziny przede Mszami zach\u0119cam do spowiedzi, poniewa\u017c przed Wielkanoc\u0105 mog\u0105 by\u0107 du\u017ce kolejki.<\/p>\n<p>3. We wtorek o 7.30 Msza \u015bw. b\u0142agalna za dotkni\u0119tych koronawirusem i poddanych kwarantannie, oraz za s\u0142u\u017cb\u0119 zdrowia i wszystkich wolontariuszy \u015bpiesz\u0105cych z pomoc\u0105.<\/p>\n<p>4. W czwartek Uroczysto\u015b\u0107 Zwiastowania Pa\u0144skiego. Zapraszam na Msz\u0119 \u015bw. o 9.00 i 17.00. Jest to dzie\u0144 podj\u0119cia Duchowej Adopcji Dziecka Pocz\u0119tego.<\/p>\n<p>5. W najbli\u017csz\u0105 niedziel\u0119 ofiary na tac\u0119 s\u0105 przeznaczone na remont elewacji ko\u015bcio\u0142a i dzwonnicy. Dzi\u0119kuj\u0119 mieszka\u0144com Jan\u00f3wka za ofiary na kwiaty do Grobu Pa\u0144skiego (460 z\u0142).<\/p>\n<p>6. Dzi\u0119kuj\u0119 za sprz\u0105tanie mieszka\u0144com Jaworka i na sobot\u0119 zapraszam: p. Sabin\u0119 Brzuszkiewicz, p. Ew\u0119 i Adama Brzuszkiewicz oraz p. Danut\u0119 i Grzegorza Ku\u015bmierczyk.<\/p>\n<p>7. Zach\u0119cam do lektury nowy Nr \u201eEcha Katolickiego\u201d. Przeczytamy jak wzmocni\u0107 odporno\u015b\u0107 organizmu, by ochroni\u0107 si\u0119 przed wirusami, Dzie\u0144 \u015awi\u0119to\u015bci \u017bycia jest okazj\u0105 do podj\u0119cia Duchowej Adopcji Dziecka Pocz\u0119tego i wiele innych artyku\u0142\u00f3w. Jest tak\u017ce nowy Nr Tygodnika \u201eIdziemy\u201d.<\/p>\n<p>8. Pan B\u00f3g powo\u0142a\u0142 do wieczno\u015bci \u015bp. Tadeusza \u0141ukasiaka z Sobonia. W czwartek o 17.00 Msza \u015bw. o zbawienie jego duszy w 7 dzie\u0144. Wieczny odpoczynek racz mu da\u0107, Panie\u2026<\/p>\n<h2 style=\"text-align: center;\"><span style=\"color: #0000ff;\">15 marca \u2013 III Niedziela Wielkiego Postu<\/span><\/h2>\n<p>1. Z serca dzi\u0119kujemy misjonarzowi ks. Jaros\u0142awowi Dziedzicowi za \u015bwiadectwo \u017cycia, za s\u0142owo Bo\u017ce i pos\u0142ug\u0119 w konfesjonale. Cieszymy si\u0119, \u017ce jest z nami i nadal b\u0119dziemy go wspiera\u0107 modlitwa i ofiar\u0105 materialn\u0105, aby jeszcze wiele lat w mocy Ducha \u015awi\u0119tego g\u0142osi\u0142 Ewangeli\u0119 na misjach.<\/p>\n<p>2. Zgodnie z decyzj\u0105 ks. Biskupa Kazimierza Gurdy, codziennie od 9.00 rano wystawienie Naj\u015bwi\u0119tszego Sakramentu do Mszy \u015bw. o godz. 17.00. Zapraszam do osobistej modlitwy w ciszy. Pan Jezus zaprasza: \u201ePrzyjd\u017acie do Mnie wszyscy, kt\u00f3rzy utrudzeni i obci\u0105\u017ceni jeste\u015bcie, a Ja was pokrzepi\u0119\u201d (Mt 11, 28).<\/p>\n<p>3. Prosz\u0119 wzi\u0105\u0107 do serca zarz\u0105dzenia zwi\u0105zane z epidemi\u0105 koronawirusa i zach\u0119cam w rodzinach do modlitwy r\u00f3\u017ca\u0144cowej o 20.30. Modlimy si\u0119 w intencji chorych, tych, kt\u00f3rzy si\u0119 nimi opiekuj\u0105 oraz s\u0142u\u017cb medycznych i sanitarnych.<\/p>\n<p>4. W czwartek uroczysto\u015b\u0107 \u015aw. J\u00f3zefa, Oblubie\u0144ca NMP. Msza \u015bw. o 17.00.<\/p>\n<p>5. Najbli\u017csza niedziela jest nazywana \u201eLaetare\u201d, czyli rado\u015bci. Mo\u017cna u\u017cywa\u0107 szat koloru r\u00f3\u017cowego. By\u0107 mo\u017ce b\u0119d\u0105 jakie\u015b pocieszaj\u0105ce wie\u015bci w sprawie epidemii koronawirusa w Polsce.<\/p>\n<p>6. Dzi\u0119kuje za sprz\u0105tanie ko\u015bcio\u0142a rodzinom z Jaworka i na sobot\u0119 zapraszam: p. Jolant\u0119 Ol\u0119dzk\u0105, p. Iren\u0119 Szatkowsk\u0105 oraz p. Zbigniewa i p. Leszka Szatkowskich.<\/p>\n<p>7. Zach\u0119cam do lektury nowy Nr. \u201eEcha Katolickiego\u201d. Przeczytamy, czym jest oddanie si\u0119 Matce Bo\u017cej na w\u0142asno\u015b\u0107, o krzy\u017cu, jakim jest choroba oraz o pomocy drugiemu cz\u0142owiekowi z potrzeby serca. Jest tak\u017ce nowy Nr Tygodnika \u201eIdziemy\u201d.<\/p>\n<h2 style=\"text-align: center;\"><span style=\"color: #0000ff;\">8 marca \u2013 II Niedziela Wielkiego Postu<\/span><\/h2>\n<p>1. Dzi\u015b w ca\u0142ym Ko\u015bciele prze\u017cywamy szczeg\u00f3lny dzie\u0144 modlitwy, postu i solidarno\u015bci z misjonarzami. Ofiarami do puszek wspieramy dzie\u0142o pomocy misjonarkom i misjonarzom \u201eAd Gentes\u201d. Pami\u0119tamy dzi\u015b tak\u017ce o wszystkich Kobietach i \u017cyczymy Wam pogody ducha, mocnej wiary i serdeczno\u015bci na ka\u017cdy dzie\u0144. Prosimy, aby Matka Bo\u017ca otacza\u0142a Szanowne Panie swoj\u0105 opiek\u0105 i pomaga\u0142a odkrywa\u0107 pi\u0119kno kobieco\u015bci wed\u0142ug Bo\u017cego zamys\u0142u. Stefan Kardyna\u0142 Wyszy\u0144ski cz\u0119sto powtarza\u0142: \u201eGdy kobieta wchodzi, wsta\u0144!\u201d Po Mszy \u015bw. o 9.00 zmianka tajemnic r\u00f3\u017ca\u0144cowych dla wsp\u00f3lnoty rodzic\u00f3w modl\u0105cych si\u0119 za dzieci.<\/p>\n<p>2. W pi\u0105tek 7 rocznica wyboru Ojca \u015bwi\u0119tego Franciszka. Niech Pan B\u00f3g obdarza go zdrowiem i moc\u0105 Ducha \u015awi\u0119tego dla dobra ca\u0142ego Ko\u015bcio\u0142a.<\/p>\n<p>3. 13-15 marca: Rekolekcje Wielkopostne w naszej parafii, kt\u00f3re przeprowadzi misjonarz z Boliwii ks. Jaros\u0142aw Dziedzic. Przygotujmy si\u0119 solidnie do spowiedzi, poniewa\u017c w pi\u0105tek i sobot\u0119 kap\u0142ani b\u0119d\u0105 pos\u0142ugiwali w konfesjona\u0142ach. Msza \u015bw. o 10.00, 12.00 i 17.00. Zapraszam tak\u017ce na nauki stanowe \u2013 w pi\u0105tek po Mszy \u015bw. o 10.00 &#8211; panie, a w sobot\u0119 \u2013 pan\u00f3w. W pi\u0105tek o 16.30 \u2013 nabo\u017ce\u0144stwo Drogi Krzy\u017cowej. W niedziel\u0119 po Mszy \u015bw. o 9.00 wystawienie Naj\u015bwi\u0119tszego Sakramentu i prywatna adoracja do sumy, zako\u0144czona nabo\u017ce\u0144stwem Gorzkich \u017cali. Ofiarami na tac\u0119 wyrazimy wdzi\u0119czno\u015b\u0107 misjonarzowi, ks. Jaros\u0142awowi.<\/p>\n<p>4. Na o\u0142tarzu \u015bw. Micha\u0142a Archanio\u0142a s\u0105 baranki paschalne po 5 z\u0142, jako cegie\u0142ka dla Caritas.<\/p>\n<p>5. Dzi\u0119kuj\u0119 za sprz\u0105tanie ko\u015bcio\u0142a rodzinom z Jaworka i na sobot\u0119 o 8.00 rano zapraszam: p. Ew\u0119 i Hipolita Patoka oraz p. Alin\u0119 i S\u0142awomira Mr\u00f3z.<\/p>\n<p>6. Zach\u0119cam do lektury nowy Nr \u201eEcha Katolickiego\u201d. Przeczytamy, jak rol\u0119 kobiety w Ko\u015bciele widzia\u0142 Prymas Wyszy\u0144ski, o Misjonarzach, kt\u00f3rzy s\u0105 wdzi\u0119czni za modlitw\u0119, o wirusie oboj\u0119tno\u015bci i inne artyku\u0142y. Jest do nabycia Tygodnik \u201eIdziemy\u201d i miesi\u0119cznik \u201eMisyjne drogi\u201d a w nim list od ks. Tomasza Denickiego z Jamajki: \u201ePami\u0119ta\u0107 o najbiedniejszych\u201d.<\/p>\n<h2 style=\"text-align: center;\"><span style=\"color: #0000ff;\">1 marca \u2013 I Niedziela Wielkiego Postu<\/span><\/h2>\n<p>1. Czas Wielkiego Postu jest szans\u0105 umocnienia w wierze, o\u017cywienia mi\u0142o\u015bci w czynach mi\u0142osierdzia oraz drog\u0105 pokuty i przemiany ducha. Zapraszam w ka\u017cd\u0105 niedziel\u0119 o 11.30 na nabo\u017ce\u0144stwo Gorzkich \u017cali, a w pi\u0105tki o 16.30 na Drog\u0119 Krzy\u017cow\u0105. Dzi\u015b pierwsza niedziela miesi\u0105ca i po sumie zmianka tajemnic r\u00f3\u017ca\u0144cowych. Intencja Apostolstwa Modlitwy na marzec: M\u00f3dlmy si\u0119, aby Ko\u015bci\u00f3\u0142 w Chinach trwa\u0142 w wierno\u015bci Ewangelii i wzrasta\u0142 w jedno\u015bci. 1 marca obchodzimy w naszej Ojczy\u017anie jako Dzie\u0144 Pami\u0119ci o \u017bo\u0142nierzach Wykl\u0119tych. To bohaterowie, o kt\u00f3rych nie mo\u017cna zapomina\u0107.<\/p>\n<p>2. W \u015brod\u0119 \u015bwi\u0119to \u015bw. Kazimierza Kr\u00f3lewicza. Zapraszam na Msz\u0119 \u015bw. o 17.00, aby wsp\u00f3lnie modli\u0107 si\u0119 przez wstawiennictwo tego Patrona.<\/p>\n<p>3. Pierwszy czwartek miesi\u0105ca, o 7.30 Msza \u015bw. za zmar\u0142ych polecanych Bo\u017cemu Mi\u0142osierdziu w wypominkach, a o 16.00 adoracja Naj\u015bwi\u0119tszego Sakramentu, modlitwa za powo\u0142anych do s\u0142u\u017cby Bo\u017cej, o nowe powo\u0142ania kap\u0142a\u0144skie, misyjne i do \u017cycia konsekrowanego oraz okazja do spowiedzi.<\/p>\n<p>4. Pierwszy pi\u0105tek miesi\u0105ca, o 7.30 Msza \u015bw. wynagradzaj\u0105ca Naj\u015bwi\u0119tszemu Sercu Pana Jezusa za grzechy nasze i ca\u0142ego \u015bwiata, od 9.00 odwiedzam chorych pragn\u0105cych przyj\u0105\u0107 Chrystusa w Komunii \u015bw., a o 16.30 \u2013 nabo\u017ce\u0144stwo Drogi Krzy\u017cowej.<\/p>\n<p>5. W sobot\u0119 po Mszy \u015bw. o 17.00 nabo\u017ce\u0144stwo wynagradzaj\u0105ce Niepokalanemu Sercu Maryi z okazji pierwszej soboty.<\/p>\n<p>6. W najbli\u017csz\u0105 niedziel\u0119 szczeg\u00f3ln\u0105 modlitw\u0105 otaczamy misjonarzy i misjonarki, a ofiarami do puszek wspieramy misje katolickie \u201eAd gentes\u201d.<\/p>\n<p>7. W dniach 13-15 marca &#8211; Rekolekcje wielkopostne w Wierzbnie. W tym roku przeprowadzi je dla nas misjonarz ks. Jaros\u0142aw Dziedzic. Zaplanujmy swoje zaj\u0119cia tak, aby przez trzy dni skorzysta\u0107 z nauk rekolekcyjnych i solidnie przygotowa\u0107 si\u0119 do sakramentu pokuty i pojednania.<\/p>\n<p>8. Trwaj\u0105 zapisy na Uroczysto\u015b\u0107 Beatyfikacji kard. Stefana Wyszy\u0144skiego w dniu 7 czerwca.<\/p>\n<p>Zach\u0119cam tak\u017ce do wzi\u0119cia udzia\u0142u 14 marca w Kongresie R\u00f3\u017ca\u0144cowym w Go\u0144czycach. Temat: \u201ePragnienie Serca Jezusowego \u2013 Eucharystia\u201d. Zapisy u p. Krystyny Pi\u00f3rek<\/p>\n<p>9. Dzi\u0119kuj\u0119 rodzinom z Jaworka za sprz\u0105tanie ko\u015bcio\u0142a i na sobot\u0119 zapraszam: p. Halin\u0119 Giela, p. Teres\u0119 i S\u0142awomira Krasuskich, p. Miros\u0142aw\u0119 i S\u0142awomira Chrupek.<\/p>\n<p>10. Zach\u0119cam do lektury nowy Nr \u201eEcha Katolickiego\u201d. Przeczytamy: \u201ePokaza\u0142, jak s\u0142u\u017cy\u0107 Chrystusowi\u201d &#8211; wspomnienia o ks. J\u00f3zefie Kuzawi\u0144skim, dowiemy si\u0119, \u017ce brak przebaczenia jak wirus rozk\u0142ada naszego ducha, dlaczego diabe\u0142 nie lubi postu, o propozycji duchowej adopcji kap\u0142ana na Wielki Post oraz jak rozumie\u0107 sens i warto\u015b\u0107 krzy\u017ca.<\/p>\n","protected":false},"excerpt":{"rendered":"<p>Powr\u00f3t do listy og\u0142osze\u0144 29 marca \u2013 V Niedziela Wielkiego Postu 1.&nbsp; Zgodnie z tradycj\u0105 w V Niedziel\u0119 Wielkiego Postu krzy\u017ce zosta\u0142y zas\u0142oni\u0119te i zostan\u0105 ods\u0142oni\u0119te dopiero po liturgii M\u0119ki Pa\u0144skiej w Wielki Pi\u0105tek. Dzi\u0119kuj\u0119 p. Rafa\u0142owi Miklaszewskiemu za udost\u0119pnienie transmisji Mszy \u015bw. o 12.00 w Internecie. Zach\u0119cam do duchowego uczestnictwa we Mszy \u015bw. na naszej stronie: https:\/\/www.parafiawierzbno.com.pl. Pami\u0119tamy o zarz\u0105dzeniu w\u0142adz pa\u0144stwowych, \u017ce w liturgii Mszy \u015bw. nie mo\u017ce uczestniczy\u0107 wi\u0119cej ni\u017c 5 os\u00f3b, wy\u0142\u0105czaj\u0105c z tej liczby osoby sprawuj\u0105ce pos\u0142ug\u0119. 2. We wtorek o 7.30 Msza \u015bw. o ustanie epidemii koronawirusa, za zara\u017conych, za s\u0142u\u017cb\u0119 zdrowia, za wolontariuszy pomagaj\u0105cych starszym i chorym oraz za rz\u0105dz\u0105cych nasz\u0105 Ojczyzn\u0105. 3. Od 1 kwietnia Msza \u015bw. wieczorowa b\u0119dzie sprawowana o godz. 18.00. Codziennie od 9.00 do 17.00 zach\u0119cam do prywatnej adoracji Naj\u015bwi\u0119tszego Sakramentu. Godzin\u0119 przed Msz\u0105 \u015bw. wieczorow\u0105 mo\u017cemy korzysta\u0107 z sakramentu pokuty i pojednania. 4. Pierwszy czwartek miesi\u0105ca, o 7.30 \u2026 <a class=\"continue-reading-link\" href=\"https:\/\/www.parafiawierzbno.com.pl\/?page_id=9785\">Czytaj dalej <span class=\"meta-nav\">&rarr; <\/span><\/a><\/p>\n","protected":false},"author":1,"featured_media":0,"parent":225,"menu_order":0,"comment_status":"closed","ping_status":"closed","template":"","meta":{"ngg_post_thumbnail":0},"_links":{"self":[{"href":"https:\/\/www.parafiawierzbno.com.pl\/index.php?rest_route=\/wp\/v2\/pages\/9785"}],"collection":[{"href":"https:\/\/www.parafiawierzbno.com.pl\/index.php?rest_route=\/wp\/v2\/pages"}],"about":[{"href":"https:\/\/www.parafiawierzbno.com.pl\/index.php?rest_route=\/wp\/v2\/types\/page"}],"author":[{"embeddable":true,"href":"https:\/\/www.parafiawierzbno.com.pl\/index.php?rest_route=\/wp\/v2\/users\/1"}],"replies":[{"embeddable":true,"href":"https:\/\/www.parafiawierzbno.com.pl\/index.php?rest_route=%2Fwp%2Fv2%2Fcomments&post=9785"}],"version-history":[{"count":5,"href":"https:\/\/www.parafiawierzbno.com.pl\/index.php?rest_route=\/wp\/v2\/pages\/9785\/revisions"}],"predecessor-version":[{"id":9813,"href":"https:\/\/www.parafiawierzbno.com.pl\/index.php?rest_route=\/wp\/v2\/pages\/9785\/revisions\/9813"}],"up":[{"embeddable":true,"href":"https:\/\/www.parafiawierzbno.com.pl\/index.php?rest_route=\/wp\/v2\/pages\/225"}],"wp:attachment":[{"href":"https:\/\/www.parafiawierzbno.com.pl\/index.php?rest_route=%2Fwp%2Fv2%2Fmedia&parent=9785"}],"curies":[{"name":"wp","href":"https:\/\/api.w.org\/{rel}","templated":true}]}}