{"id":9922,"date":"2020-05-03T10:57:50","date_gmt":"2020-05-03T08:57:50","guid":{"rendered":"https:\/\/www.parafiawierzbno.com.pl\/?page_id=9922"},"modified":"2020-05-31T10:12:40","modified_gmt":"2020-05-31T08:12:40","slug":"ogloszenia-maj-2020","status":"publish","type":"page","link":"https:\/\/www.parafiawierzbno.com.pl\/?page_id=9922","title":{"rendered":"Og\u0142oszenia &#8211; Maj 2020"},"content":{"rendered":"<p><a title=\"Og\u0142oszenia parafialne\" href=\"https:\/\/www.parafiawierzbno.com.pl\/?page_id=225\">Powr\u00f3t do listy og\u0142osze\u0144<\/a><\/p>\n<h2 style=\"text-align: center;\"><span style=\"color: #ff0000;\">31 maja \u2013 Urocz. Zes\u0142ania Ducha \u015awi\u0119tego<\/span><\/h2>\n<p>1. Uroczysto\u015b\u0107 Zes\u0142ania Ducha \u015awi\u0119tego ko\u0144czy okres Wielkanocny. Gor\u0105co zach\u0119cam do korzystania z sakramentu pokuty tych parafian, kt\u00f3rzy tego nie uczynili, z powodu pandemii, w Wielkim Po\u015bcie i po Triduum Paschalnym. Od czerwca suma w niedziel\u0119 b\u0119dzie sprawowana o godz. 11.00 przez miesi\u0105ce letnie. W ko\u015bciele nosimy maseczki, aby unika\u0107 zara\u017ce\u0144 koronawirusem. &nbsp;Jest grafik na czerwiec dla czytaj\u0105cych s\u0142owo Bo\u017ce podczas Eucharystii.&nbsp; Intencja Apostolstwa Modlitwy na czerwiec: M\u00f3dlmy si\u0119, aby wszyscy, kt\u00f3rzy cierpi\u0105, znale\u017ali drogi \u017cycia, daj\u0105c si\u0119 poruszy\u0107 przez Serce Jezusa.<\/p>\n<p>Dzi\u0119kuj\u0119 za ofiary na tac\u0119 przeznaczone na remont elewacji ko\u015bcio\u0142a i dzwonnicy. Pewna osoba spoza parafii z\u0142o\u017cy\u0142a na ten cel 5000 z\u0142. Serdeczne \u201eB\u00f3g zap\u0142a\u0107!\u201d<\/p>\n<p>2.&nbsp; Jutro \u015awi\u0119to NMP Matki Ko\u015bcio\u0142a. Zapraszam na Msz\u0119 \u015bw. o 9.00 i 18.00. Szczeg\u00f3ln\u0105 modlitw\u0105 otoczymy ks. Grzegorza Suchodolskiego, kt\u00f3ry podczas Uroczystej Eucharystii o 11.00 otrzyma \u015bwi\u0119cenia biskupie. Uroczysto\u015b\u0107 b\u0119dzie transmitowana przez TV Trwam i Katolickie Radio Podlasie.<\/p>\n<p>3. Informuj\u0119, \u017ce 11 czerwca w Uroczysto\u015b\u0107 Bo\u017cego Cia\u0142a na Mszy \u015bw. o 9.00 dzieci z klasy IV b\u0119d\u0105 prze\u017cywa\u0107 Rocznic\u0119 Pierwszej Komunii \u015awi\u0119tej.<\/p>\n<p>4. W czerwcu czcimy Naj\u015bwi\u0119tsze Serce Pana i zapraszam do wsp\u00f3lnej modlitwy 15 min przede Msz\u0105 \u015bw. wieczorow\u0105, a w niedziel\u0119 po sumie. Zach\u0119cam do adoracji Naj\u015bwi\u0119tszego Sakramentu w ci\u0105gu dnia.<\/p>\n<p>5. W czwartek \u015bwi\u0119to Jezusa Chrystusa Najwy\u017cszego i Wiecznego Kap\u0142ana. Modlimy si\u0119 o u\u015bwi\u0119cenie kap\u0142an\u00f3w oraz o nowe powo\u0142ania kap\u0142a\u0144skie, misyjne i do \u017cycia konsekrowanego. Od 17.00 okazja do spowiedzi przed pierwszym pi\u0105tkiem miesi\u0105ca.<\/p>\n<p>6. Pierwszy pi\u0105tek miesi\u0105ca, o 7.30 Msza \u015bw. wynagradzaj\u0105ca Naj\u015bw. Sercu Jezusa za grzechy nasze i ca\u0142ego \u015bwiata, od 9.00 pragn\u0119 odwiedzi\u0107 chorych, kt\u00f3rzy przed pandemi\u0105 koronawirusa co miesi\u0105c przyjmowali Chrystusa w Komunii \u015bw.<\/p>\n<p>7. W najbli\u017csz\u0105 niedziel\u0119 uroczysto\u015b\u0107 Naj\u015bwi\u0119tszej Tr\u00f3jcy i odpust parafialny w Wi\u015bniewie. Po sumie procesja eucharystyczna wok\u00f3\u0142 ko\u015bcio\u0142a. W naszej \u015bwi\u0105tyni Msza \u015bw. o 9.00, 11.00 i 18.00. Ofiarami do puszek wesprzemy buduj\u0105ce si\u0119 ko\u015bcio\u0142y w diecezji siedleckiej.<\/p>\n<p>8. Dzi\u0119kuj\u0119 mieszka\u0144com \u015awidna za postawienie pi\u0119knego metalowego krzy\u017ca ju\u017c na granicy naszej parafii. Niech Chrystus Wam hojnie b\u0142ogos\u0142awi.<\/p>\n<p>9. Zach\u0119cam do lektury nowy Nr \u201eEcha Katolickiego\u201d. Znajdziemy cykl artyku\u0142\u00f3w po\u015bwi\u0119conych nowemu Biskupowi Nominatowi Grzegorzowi Suchodolskiemu oraz materia\u0142y formacyjne dla K\u00f3\u0142 \u017bywego R\u00f3\u017ca\u0144ca. Jest te\u017c nowy nr Tygodnika \u201eIdziemy\u201d.<\/p>\n<p>10. Do Sakramentu Ma\u0142\u017ce\u0144stwa przygotowuj\u0105 si\u0119: Pawe\u0142 Skar\u017cy\u0144ski, kawaler z Parafii \u015bw. Bart\u0142omieja w Gr\u0119bkowie i Agnieszka Leszczy\u0144ska, panna z naszej parafii, zapowiedz trzecia. Otoczmy narzeczonych modlitw\u0105, aby z Bo\u017c\u0105 pomoc\u0105 stworzyli szcz\u0119\u015bliw\u0105 chrze\u015bcija\u0144sk\u0105 rodzin\u0119.<\/p>\n<p>11. Dzi\u0119kuj\u0119 za sprz\u0105tanie ko\u015bcio\u0142a rodzinom z Jan\u00f3wka i na sobot\u0119 zapraszam: p. Lucyn\u0119 i Bogdana Patoka oraz p. Ann\u0119 i Waldemara G\u0105siorowskich. Dzi\u0119kuj\u0119 p. Piotrowi Pi\u00f3rkowi za wykoszenie trawy na cmentarzu. Dzi\u0119kuj\u0119 mieszka\u0144com Wierzbna za segregacj\u0119 i wywiezienie naturalnych odpad\u00f3w z cmentarza na kompostownik.<\/p>\n<p>12. Pan B\u00f3g powo\u0142a\u0142 do wieczno\u015bci \u015bp. Tadeusza Banaszka z Jaworka. Z ofiar zebranych na pogrzebie b\u0119dzie sprawowanych 9 Mszy \u015bw. o zbawienie jego duszy. Wieczny odpoczynek racz mu da\u0107, Panie\u2026<\/p>\n<h2 style=\"text-align: center;\"><span style=\"color: #ff0000;\">24 maja- Urocz. Wniebowst\u0105pienia Pa\u0144skiego<\/span><\/h2>\n<p>1. \u201ePan w\u015br\u00f3d rado\u015bci wst\u0119puje do nieba\u201d \u2013 \u015bpiewamy dzi\u015b z psalmist\u0105. Uroczysto\u015b\u0107 Wniebowst\u0105pienia Pa\u0144skiego pokazuje, \u017ce jeste\u015bmy zaproszeni do \u017cycia w chwale zbawionych. Niebo nie jest miejscem w kosmosie. Jest stanem po tamtej stronie. Niebo jest tam, gdzie dzieje si\u0119 wola Bo\u017ca bez jakiegokolwiek sprzeciwu. Niebo jest wtedy, gdy \u017cycie osi\u0105ga swoja pe\u0142ni\u0119 i szcz\u0119\u015bcie. Takiego \u017cycia nie znajdzie si\u0119 na ziemi.<\/p>\n<p>2. Po Mszy \u015bw. o 9.00 zmianka tajemnic r\u00f3\u017ca\u0144cowych dla wsp\u00f3lnoty rodzic\u00f3w modl\u0105cych si\u0119 za dzieci, a po sumie wystawienie Naj\u015bwi\u0119tszego Sakramentu i prywatna adoracja do godz. 18.00. Zach\u0119cam do licznego uczestnictwa w nabo\u017ce\u0144stwie majowym i nowennie do Ducha \u015awi\u0119tego. Wed\u0142ug przepis\u00f3w sanitarnych nosimy maseczki zakrywaj\u0105ce usta i nos oraz w naszej \u015bwi\u0105tyni mo\u017ce gromadzi\u0107 si\u0119 22 osoby, nie licz\u0105c ministrant\u00f3w.<\/p>\n<p>3. We wtorek Dzie\u0144 Matki. Oka\u017cmy szacunek i mi\u0142o\u015b\u0107 naszym \u017cyj\u0105cym mamom, a dla zmar\u0142ych pro\u015bmy o \u0142ask\u0119 nieba.<\/p>\n<p>4. W najbli\u017csz\u0105 niedziel\u0119 Uroczysto\u015b\u0107 Zes\u0142ania Ducha \u015awi\u0119tego. Ofiary na tac\u0119 s\u0105 przeznaczone na remont elewacji ko\u015bcio\u0142a i dzwonnicy.<\/p>\n<p>5. Serdecznie dzi\u0119kuj\u0119 mieszka\u0144com Lasu Jaworskiego za solidne wype\u0142nienie dy\u017curu troski o czysto\u015b\u0107 ko\u015bcio\u0142a. W najbli\u017csz\u0105 sobot\u0119 zapraszam ju\u017c rodziny z Jan\u00f3wka: p. Bo\u017cen\u0119 i Zbigniewa Patoka, p. Agnieszk\u0119 i Artura Patoka oraz p. Jadwig\u0119 i Mariana Jaczewskich z Jan\u00f3wka.<\/p>\n<p>6. Dzi\u0119kuj\u0119 p. Henrykowi \u0141ukasiakowi i Klaudii za pomalowanie ogrodzenia wok\u00f3\u0142 krzy\u017ca na skwerze przed ko\u015bcio\u0142em. B\u00f3g zap\u0142a\u0107! W sobot\u0119 od 9.00 zapraszam mieszka\u0144c\u00f3w Wierzbna do segregacji i wywiezienia naturalnych odpad\u00f3w z cmentarza na kompostownik.<\/p>\n<p>7. Zach\u0119cam do lektury nowy Nr \u201eEcha Katolickiego\u201d i Tygodnika \u201eIdziemy\u201d. Przeczytamy: Jak skutecznie wo\u0142a\u0107 do Boga i jak us\u0142ysze\u0107 odpowiedz?&nbsp; O popkulturze na Zachodzie oraz jak reagowa\u0107 na p\u0142acz dziecka?<\/p>\n<p>8. Do Sakramentu Ma\u0142\u017ce\u0144stwa przygotowuj\u0105 si\u0119: Pawe\u0142 Skar\u017cy\u0144ski, kawaler z Parafii \u015bw. Bart\u0142omieja w Gr\u0119bkowie i Agnieszka Leszczy\u0144ska, panna z Lasu Jaworskiego, zapowiedz druga. Otoczmy narzeczonych modlitw\u0105, aby z Bo\u017c\u0105 pomoc\u0105 stworzyli szcz\u0119\u015bliw\u0105 chrze\u015bcija\u0144sk\u0105 rodzin\u0119.<\/p>\n<h2 style=\"text-align: center;\"><span style=\"color: #ff0000;\">17 maja \u2013 VI Niedziela Wielkanocy<\/span><\/h2>\n<p>1. Wraz z ca\u0142ym Ko\u015bcio\u0142em wielbimy Boga za dar \u015bwi\u0119tego \u017cycia i apostolskiej pos\u0142ugi naszego wielkiego rodaka \u015bw. Jana Paw\u0142a II. Mo\u017cemy dalej ws\u0142uchiwa\u0107 si\u0119 w jego g\u0142os i uczy\u0107 si\u0119 zawierza\u0107 Maryi siebie i nasze sprawy: Totus Tuus! Ca\u0142y Tw\u00f3j!<\/p>\n<p>2. W ramach obchod\u00f3w 100. rocznicy urodzin \u015bw. Jana Paw\u0142a II, Pierwszy Program Telewizji Polskiej oraz Polskie Radio wyemituj\u0105 w poniedzia\u0142ek&nbsp; 18 maja br. o godzinie 18:00 widowisko muzyczne Santo subito \u2013 Prorok naszych czas\u00f3w, podczas kt\u00f3rego zaprezentowane zostan\u0105 utwory wa\u017cne dla polskiej kultury, przybli\u017caj\u0105ce sylwetk\u0119 i nauczanie Papie\u017ca Polaka. Koncert, zosta\u0142 podzielony na cz\u0119\u015bci, kt\u00f3re odnosz\u0105 si\u0119 do wyzwa\u0144 stawianych nam przez Ewangeli\u0119, a kt\u00f3re by\u0142y jednocze\u015bnie cz\u0119stym tematem papieskiego przepowiadania. Wezwanie do pokoju, jedno\u015bci, dialogu religijnego, solidarno\u015bci i \u015bwi\u0119to\u015bci \u017cycia.<\/p>\n<p>3. Zach\u0119cam do korzystania ze spowiedzi wielkanocnej, do adoracji Naj\u015bwi\u0119tszego Sakramentu codziennie od godz. 9.00 oraz do nabo\u017ce\u0144stw majowych (15 min przed Msz\u0105 \u015bw. wieczorow\u0105).<\/p>\n<p>4. Wg zalece\u0144 sanitarnych nosimy maseczki zakrywaj\u0105ce usta i noc, aby zapobiega\u0107 infekcji. W naszej \u015bwi\u0105tyni mo\u017ce si\u0119 gromadzi\u0107 22 os\u00f3b (policzy\u0142em zakrysti\u0119 i lo\u017c\u0119 nad zakrysti\u0105), a pozostali wok\u00f3\u0142 \u015bwi\u0105tyni zachowuj\u0105c bezpieczn\u0105 odleg\u0142o\u015b\u0107.<\/p>\n<p>5. W najbli\u017csz\u0105 niedziel\u0119 obchodzimy uroczysto\u015b\u0107 Wniebowst\u0105pienia Pa\u0144skiego. Zapraszam na Msz\u0119 \u015bw. o 9.00, 12.00 i 18.00. B\u0119dziemy poleca\u0107 modlitwie naszego Biskupa Kazimierza w 6 rocznic\u0119 ingresu do katedry siedleckiej.<\/p>\n<p>6. Dzi\u0119kuj\u0119 za sprz\u0105tanie Ko\u015bcio\u0142a rodzinom z Lasu Jaworskiego i na sobot\u0119 zapraszam: p. Zofi\u0119 i Jerzego Leszczy\u0144skich oraz p. Olg\u0119 i Paw\u0142a Polkowskich.<\/p>\n<p>7. Zach\u0119cam do lektury nowy Nr. \u201eEcha Katolickiego\u201d i Tygodnika \u201eIdziemy\u201d. Przeczytamy wiele artyku\u0142\u00f3w o \u017cyciu i pos\u0142udze Papie\u017ca Polaka.<\/p>\n<p>8. Do Sakramentu Ma\u0142\u017ce\u0144stwa przygotowuj\u0105 si\u0119: Pawe\u0142 Skar\u017cy\u0144ski, kawaler z Parafii \u015bw. Bart\u0142omieja w Gr\u0119bkowie i Agnieszka Leszczy\u0144ska, panna z Lasu Jaworskiego, zapowiedz pierwsza. Otoczmy narzeczonych modlitw\u0105, aby z Bo\u017c\u0105 pomoc\u0105 stworzyli szcz\u0119\u015bliw\u0105 chrze\u015bcija\u0144sk\u0105 rodzin\u0119.<\/p>\n<p>&nbsp;<\/p>\n<h2 style=\"text-align: center;\"><span style=\"color: #ff0000;\">10 maja \u2013 V Niedziela Wielkanocy<\/span><\/h2>\n<p>1. Dzi\u015b odpust \u015bw. Stanis\u0142awa Biskupa i M\u0119czennika w Czerwonce. U nas Msza \u015bw. o 9.00, 12.00 i 18.00. Msza \u015bw. o 12.00 jest transmitowana przez internet. Zach\u0119cam do korzystania z Sakramentu Pokuty tych, kt\u00f3rzy nie byli u spowiedzi w czasie Wielkiego Postu poniewa\u017c 31 maja ko\u0144czy si\u0119 okres Wielkanocny i mamy spe\u0142ni\u0107 obowi\u0105zek na\u0142o\u017cony przez przykazanie ko\u015bcielne.<\/p>\n<p>2. W \u015brod\u0119 wspomnienie NMP z Fatimy i zapraszam&nbsp; o 17.30 na R\u00f3\u017caniec i maj\u00f3wk\u0119 oraz na Msz\u0119 \u015bw. o 18.00. Z powodu pandemii nie b\u0119dzie nabo\u017ce\u0144stwa fatimskiego wok\u00f3\u0142 ko\u015bcio\u0142a.<\/p>\n<p>3. W sobot\u0119 \u015bwi\u0119to \u015bw. Andrzeja Boboli, patrona Polski. Msza \u015bw. o 18.00.<\/p>\n<p>4. W najbli\u017csz\u0105 niedziel\u0119&nbsp; dzi\u0119kujemy Panu Bogu za dar osoby i pos\u0142ugi Ojca \u015bwi\u0119tego Jana Paw\u0142a II w 100 r. Urodzin. Msza \u015bw. dzi\u0119kczynna o godz. 9.00. B\u0119dzie czytany list Konferencji Episkopatu Polski.<\/p>\n<p>5. Z ca\u0142ego serca dzi\u0119kuj\u0119 p. Jurkowi Ku\u017amie i Micha\u0142owi W\u0105sowskiemu za wymurowanie z kamieni coko\u0142u przy kapliczce Niepokalanej Maryi. A\u017c mi\u0142o popatrze\u0107!<\/p>\n<p>6. Dzi\u0119kuj\u0119 za sprz\u0105tanie ko\u015bcio\u0142a rodzinom z Lasu Jaworskiego i na sobot\u0119 zapraszam: p. Helen\u0119 Wiel\u0105dek i p. Tadeusza Wiel\u0105dek, p. Henryk\u0119 Wiel\u0105dek oraz p. Jana i Halin\u0119 G\u00f3jskich.<\/p>\n<p>7. Zach\u0119cam do lektury nowy Nr. \u201eEcha Katolickiego\u201d i Tygodnika \u201eIdziemy\u201d. W Echu przeczytamy dlaczego post w pi\u0105tki jest nam potrzebny i jak go prze\u017cywa\u0107, jak w czasie pandemii dzia\u0142aj\u0105 wsp\u00f3lnoty ruchy katolickie naszej diecezji oraz \u015bwiadectwo kobiety, kt\u00f3r\u0105 Maryja Niepokalana wyci\u0105gn\u0119\u0142a z alkoholizmu.<\/p>\n<h2 style=\"text-align: center;\"><span style=\"color: #ff0000;\">3 maja \u2013 IV Niedziela Wielkanocy<\/span><\/h2>\n<p>1. Niedziela Dobrego Pasterza rozpoczyna Tydzie\u0144 Modlitw o Powo\u0142ania Kap\u0142a\u0144skie, misyjne i do \u017cycia konsekrowanego. W Polsce i na ca\u0142ym \u015bwiecie potrzeba wielu ofiarnych wsp\u00f3\u0142pracownik\u00f3w Chrystusa Dobrego Pasterza. Na sumie modlimy si\u0119 w intencji Ojczyzny i druh\u00f3w stra\u017cak\u00f3w z OSP Wierzbno i OSP Jaworek przez wstawiennictwo NMP Kr\u00f3lowej Polski i \u015bw. Floriana. Na sumie akt zawierzenia Polski Naj\u015bwi\u0119tszemu Sercu Pana Jezusa i Matce Bo\u017cej Kr\u00f3lowej Polski.<\/p>\n<p>2. Wielbimy Ojca niebieskiego za dar deszczu i dzi\u0119kuj\u0119 wszystkim, kt\u00f3rzy prosz\u0105 Pana Boga o dobre urodzaje i b\u0142ogos\u0142awie\u0144stwo dla rolnik\u00f3w. W tym roku z powodu pandemii nie b\u0119dzie nabo\u017ce\u0144stw po\u015bwi\u0119cenia p\u00f3l, ale modlitwa jest bardzo potrzebna. Zach\u0119cam korzystania z sakramentu pokuty, w niedziele 30 min przede Msz\u0105 \u015bw., a w dniu powszednie od 17.00 jestem do dyspozycji w konfesjonale. Dzi\u0119kuj\u0119 tym, kt\u00f3rzy nawiedzaj\u0105 Pana Jezusa w ci\u0105gu dnia i zapraszam do prywatnej adoracji w Naj\u015bwi\u0119tszym Sakramencie.<\/p>\n<p>3. Intencja Apostolstwa Modlitwy na maj: M\u00f3dlmy si\u0119, aby diakoni, wierni s\u0142u\u017cbie S\u0142owa i ubogich, byli o\u017cywiaj\u0105cym znakiem dla ca\u0142ego Ko\u015bcio\u0142a. Zach\u0119cam do modlitwy r\u00f3\u017ca\u0144cowej o 20.30 w intencji o ustanie epidemii koronawirusa i o potrzebny deszcz, a tak\u017ce do odmawiania litanii do Naj\u015bwi\u0119tszej Maryi Panny w rodzinach.&nbsp; W naszej \u015bwi\u0105tyni nabo\u017ce\u0144stwo majowe o 17.50 w dni powszednie i o 11.50 w niedziele.<\/p>\n<p>4. Serdecznie dzi\u0119kuj\u0119 p. Romanowi Gog\u0142ozie za kwiaty na skwer przed ko\u015bcio\u0142em i tym, kt\u00f3rzy zrobili porz\u0105dek.<\/p>\n<p>5. Pierwszy czwartek miesi\u0105ca, otaczamy modlitw\u0105 na adoracji naszych ziomk\u00f3w: ks. Paw\u0142a Florowskiego i ks. Piotra Wr\u00f3blewskiego, a tak\u017ce prosimy o nowe powo\u0142ania kap\u0142a\u0144skie i do \u017cycia konsekrowanego.<\/p>\n<p>6. W pi\u0105tek uroczysto\u015b\u0107 \u015bw. Stanis\u0142awa Biskupa i m\u0119czennika, g\u0142\u00f3wnego patrona Polski. Msza \u015bw. o godz. 18.00.<\/p>\n<p>7. W najbli\u017csz\u0105 niedziel\u0119 Odpust Parafialny \u015bw. Stanis\u0142awa Biskupa i M\u0119czennika w Czerwonce. U nas Msza \u015bw. o 9.00, 12.00 (tak\u017ce transmisja przez Internet) oraz o 18.00.<\/p>\n<p>8. Serdecznie dzi\u0119kuj\u0119 za sprz\u0105tanie ko\u015bcio\u0142a rodzinom z Lasu Jaworskiego i na sobot\u0119 zapraszam: p. Regin\u0119 i Marka Wiel\u0105dek, p. Mieczys\u0142awa Radzio oraz p. Krystyn\u0119 i Dariusza Radzio.<\/p>\n<p>9. Zach\u0119cam do lektury nowy Nr. \u201eEcha Katolickiego\u201d i Tygodnika \u201eIdziemy\u201d. W Echu przeczytamy jak odkry\u0107 na nowo pi\u0119kno Litanii loreta\u0144skiej, o \u015bw. s. Faustynie Kowalskiej oraz jak ustrzec si\u0119 kleszczy.<\/p>\n","protected":false},"excerpt":{"rendered":"<p>Powr\u00f3t do listy og\u0142osze\u0144 31 maja \u2013 Urocz. Zes\u0142ania Ducha \u015awi\u0119tego 1. Uroczysto\u015b\u0107 Zes\u0142ania Ducha \u015awi\u0119tego ko\u0144czy okres Wielkanocny. Gor\u0105co zach\u0119cam do korzystania z sakramentu pokuty tych parafian, kt\u00f3rzy tego nie uczynili, z powodu pandemii, w Wielkim Po\u015bcie i po Triduum Paschalnym. Od czerwca suma w niedziel\u0119 b\u0119dzie sprawowana o godz. 11.00 przez miesi\u0105ce letnie. W ko\u015bciele nosimy maseczki, aby unika\u0107 zara\u017ce\u0144 koronawirusem. &nbsp;Jest grafik na czerwiec dla czytaj\u0105cych s\u0142owo Bo\u017ce podczas Eucharystii.&nbsp; Intencja Apostolstwa Modlitwy na czerwiec: M\u00f3dlmy si\u0119, aby wszyscy, kt\u00f3rzy cierpi\u0105, znale\u017ali drogi \u017cycia, daj\u0105c si\u0119 poruszy\u0107 przez Serce Jezusa. Dzi\u0119kuj\u0119 za ofiary na tac\u0119 przeznaczone na remont elewacji ko\u015bcio\u0142a i dzwonnicy. Pewna osoba spoza parafii z\u0142o\u017cy\u0142a na ten cel 5000 z\u0142. Serdeczne \u201eB\u00f3g zap\u0142a\u0107!\u201d 2.&nbsp; Jutro \u015awi\u0119to NMP Matki Ko\u015bcio\u0142a. Zapraszam na Msz\u0119 \u015bw. o 9.00 i 18.00. Szczeg\u00f3ln\u0105 modlitw\u0105 otoczymy ks. Grzegorza Suchodolskiego, kt\u00f3ry podczas Uroczystej Eucharystii o 11.00 otrzyma \u015bwi\u0119cenia biskupie. Uroczysto\u015b\u0107 b\u0119dzie transmitowana \u2026 <a class=\"continue-reading-link\" href=\"https:\/\/www.parafiawierzbno.com.pl\/?page_id=9922\">Czytaj dalej <span class=\"meta-nav\">&rarr; <\/span><\/a><\/p>\n","protected":false},"author":1,"featured_media":0,"parent":225,"menu_order":0,"comment_status":"closed","ping_status":"closed","template":"","meta":{"ngg_post_thumbnail":0},"_links":{"self":[{"href":"https:\/\/www.parafiawierzbno.com.pl\/index.php?rest_route=\/wp\/v2\/pages\/9922"}],"collection":[{"href":"https:\/\/www.parafiawierzbno.com.pl\/index.php?rest_route=\/wp\/v2\/pages"}],"about":[{"href":"https:\/\/www.parafiawierzbno.com.pl\/index.php?rest_route=\/wp\/v2\/types\/page"}],"author":[{"embeddable":true,"href":"https:\/\/www.parafiawierzbno.com.pl\/index.php?rest_route=\/wp\/v2\/users\/1"}],"replies":[{"embeddable":true,"href":"https:\/\/www.parafiawierzbno.com.pl\/index.php?rest_route=%2Fwp%2Fv2%2Fcomments&post=9922"}],"version-history":[{"count":7,"href":"https:\/\/www.parafiawierzbno.com.pl\/index.php?rest_route=\/wp\/v2\/pages\/9922\/revisions"}],"predecessor-version":[{"id":9965,"href":"https:\/\/www.parafiawierzbno.com.pl\/index.php?rest_route=\/wp\/v2\/pages\/9922\/revisions\/9965"}],"up":[{"embeddable":true,"href":"https:\/\/www.parafiawierzbno.com.pl\/index.php?rest_route=\/wp\/v2\/pages\/225"}],"wp:attachment":[{"href":"https:\/\/www.parafiawierzbno.com.pl\/index.php?rest_route=%2Fwp%2Fv2%2Fmedia&parent=9922"}],"curies":[{"name":"wp","href":"https:\/\/api.w.org\/{rel}","templated":true}]}}