{"id":9968,"date":"2020-06-09T07:53:18","date_gmt":"2020-06-09T05:53:18","guid":{"rendered":"https:\/\/www.parafiawierzbno.com.pl\/?page_id=9968"},"modified":"2020-06-27T22:55:35","modified_gmt":"2020-06-27T20:55:35","slug":"ogloszenia-czerwiec-2020","status":"publish","type":"page","link":"https:\/\/www.parafiawierzbno.com.pl\/?page_id=9968","title":{"rendered":"Og\u0142oszenia &#8211; Czerwiec 2020"},"content":{"rendered":"<p><a title=\"Og\u0142oszenia parafialne\" href=\"https:\/\/www.parafiawierzbno.com.pl\/?page_id=225\">Powr\u00f3t do listy og\u0142osze\u0144<\/a><\/p>\n<h2 style=\"text-align: center;\"><span style=\"color: #ff0000;\">28 czerwca \u2013 Odpust Parafialny \u015bw. Aposto\u0142\u00f3w Piotra i Paw\u0142a<\/span><\/h2>\n<p>1. Nasza parafia ma wielkich or\u0119downik\u00f3w przed Bogiem i dzi\u015b wzywamy wstawiennictwa \u015bwi\u0119tych Aposto\u0142\u00f3w Piotra i Paw\u0142a. Jest grafik na lipiec dla czytaj\u0105cych s\u0142owo Bo\u017ce podczas Eucharystii. Dzi\u0119kuj\u0119 za ofiary na tac\u0119, kt\u00f3re przeznaczamy na figur\u0119 \u015bw. Floriana dla OSP Wierzbno w 100 r. dzia\u0142alno\u015bci stra\u017cy po\u017carnej.<\/p>\n<p>2. Dzi\u015b modlimy si\u0119 za nasz\u0105 Ojczyzn\u0119 i za wszystkich Polak\u00f3w o dojrza\u0142e uczestnictwo w wyborach prezydenckich.<\/p>\n<p>3. Jutro uroczysto\u015b\u0107 \u015bw. Aposto\u0142\u00f3w Piotra i Paw\u0142a wg kalendarza liturgicznego. Zapraszam na Msz\u0119 \u015bw. o 9.00 i 18.00.<\/p>\n<p>4. Serdecznie prosz\u0119 o \u017cyczliwe przyj\u0119cie mojego nast\u0119pcy, ks. Alfreda Wasilaka, kt\u00f3ry od 1 lipca b\u0119dzie pos\u0142ugiwa\u0142 w naszej parafii.<\/p>\n<p>5. Pierwszy pi\u0105tek miesi\u0105ca, o 7.30 Msza \u015bw. wynagradzaj\u0105ca Naj\u015bwi\u0119tszemu sercu Pana Jezusa za grzechy nasze i ca\u0142ego \u015bwiata.<\/p>\n<p>6. W najbli\u017csz\u0105 niedziel\u0119 &nbsp;na Mszy \u015bw. o 9.00 uroczyste wprowadzenie nowego ks. Proboszcza przez ks. dziekana kan. Marka Zalewskiego. Po sumie adoracja Naj\u015bwi\u0119tszego Sakramentu, procesja eucharystyczna wok\u00f3\u0142 ko\u015bcio\u0142a i zmianka tajemnic r\u00f3\u017ca\u0144cowych dla K\u00f3\u0142 \u017bywego R\u00f3\u017ca\u0144ca. Ofiary na tac\u0119 b\u0119d\u0105 przeznaczone na potrzeby Katolickiego Radia Podlasie na op\u0142acenie koncesji.<\/p>\n<p>7. Dzi\u0119kuj\u0119 rodzinom z Jan\u00f3wka za sprz\u0105tanie ko\u015bcio\u0142a i na sobot\u0119 zapraszam: p. Ew\u0119 i Stefana Patoka, p. Iwon\u0119 Patoka oraz p. Katarzyn\u0119 i Mariusza Patoka z Jan\u00f3wka.<\/p>\n<p>8. Zach\u0119cam do lektury nowy Nr. \u201eEcha Katolickiego\u201d. Przeczytamy o zmianach w\u015br\u00f3d duchowie\u0144stwa naszej diecezji, jak zachowa\u0107 r\u00f3wnowag\u0119 mi\u0119dzy prac\u0105 a wypoczynkiem s\u0105 te\u017c materia\u0142y formacyjne dla K\u00f3\u0142 \u017bywego R\u00f3\u017ca\u0144ca. Jest tak\u017ce nowy nr Tygodnika \u201eIdziemy\u201d.<\/p>\n<h2 style=\"text-align: center;\"><span style=\"color: #ff0000;\">21 czerwca \u2013 12 Niedziela zwyk\u0142a<\/span><\/h2>\n<p>1. Po Mszy \u015bw. o 9.00 zapraszam radnych parafialnych na spotkanie podsumowuj\u0105ce moj\u0105 pos\u0142ug\u0119 w Wierzbnie. Ofiarami do puszek wspieramy dzi\u015b Katolicki Uniwersytet Lubelski.<\/p>\n<p>2. W \u015brod\u0119 uroczysto\u015b\u0107 Narodzenia \u015bw. Jana Chrzciciela. Zapraszam na Eucharysti\u0119 o godz. 18.00 i 18.30.<\/p>\n<p>3. W najbli\u017csz\u0105 niedziel\u0119 28 czerwca b\u0119dziemy prze\u017cywa\u0107 odpust parafialny \u015aw. Aposto\u0142\u00f3w Piotra i Paw\u0142a. Uroczyst\u0105 sum\u0119 o godz. 12.00 b\u0119dzie sprawowa\u0142 ks. dziekan kan. Marek Zalewski z Gr\u0119bkowa. Ofiary na tac\u0119 b\u0119d\u0105 przeznaczone na figur\u0119 \u015bw. Floriana, kt\u00f3ra stanie przed stra\u017cnic\u0105 OSP Wierzbno, dla upami\u0119tnienia 100. rocznicy powstania jednostki stra\u017cackiej w naszej miejscowo\u015bci.<\/p>\n<p>4. Gor\u0105co zach\u0119cam do wzi\u0119cia udzia\u0142u w wyborach prezydenckich w dniach 28 czerwca i 12 lipca, aby\u015bmy mogli wybra\u0107 kandydata, kt\u00f3ry broni rodziny i warto\u015bci chrze\u015bcija\u0144skich. M\u00f3dlmy si\u0119 tak\u017ce o jedno\u015b\u0107 i wzajemne poszanowanie w naszej Ojczy\u017anie.<\/p>\n<p>5. Rozpocz\u0119\u0142y si\u0119 prace przy remoncie elewacji ko\u015bcio\u0142a i dzwonnicy. Mycie ko\u015bcio\u0142a mia\u0142o za cel usuni\u0119cie glon\u00f3w ze \u015bcian. We wtorek b\u0119dzie pan konserwator i dalsze prace b\u0119d\u0105 pod jego kierunkiem. Ks. Proboszcz, kt\u00f3ry od 1 lipca przejmie parafi\u0119, b\u0119dzie kontynuowa\u0142 prace. Serdecznie prosz\u0119, by\u015bcie wspierali go dobrym s\u0142owem i \u017cyczliw\u0105 pomoc\u0105.<\/p>\n<p>6. Dzi\u0119kuj\u0119 za sprz\u0105tanie ko\u015bcio\u0142a rodzinom z Jan\u00f3wka i na sobot\u0119 zapraszam: p. Krystyn\u0119 i Sylwestra Okrzeja oraz p. Milen\u0119 i Andrzeja Po\u0142awskich.<\/p>\n<p>7. Zach\u0119cam do lektury nowy Nr. \u201eEcha Katolickiego\u201d. Jest relacja ze \u015bwi\u0119ce\u0144 nowych kap\u0142an\u00f3w, o \u017cyciu naszych misjonarzy w czasie pandemii oraz jak kult Niepokalanego Serca Maryi pomaga w przezwyci\u0119\u017caniu zagro\u017ce\u0144 cz\u0142owieka. Jest tak\u017ce nowy nr Tygodnika \u201eIdziemy\u201d.<\/p>\n<p>8. Firma Oko-Lux zaprasza w Gminnej Bibliotece Publicznej w Wierzbnie 8 lipca od godz. 9.00 do badania wzroku i ci\u015bnienia \u015br\u00f3dga\u0142kowego. Szczeg\u00f3\u0142y og\u0142osze\u0144 w gablocie przy ko\u015bciele.<\/p>\n<h2 style=\"text-align: center;\"><span style=\"color: #ff0000;\">14 czerwca \u2013 11 Niedziela zwyk\u0142a<\/span><\/h2>\n<p>1. Z serca dzi\u0119kuj\u0119 wszystkim, kt\u00f3rzy \u015bpiewem i wsp\u00f3ln\u0105 modlitw\u0105 w\u0142\u0105czyli si\u0119 w procesj\u0119 Bo\u017cego Cia\u0142a. To wyraz naszej wdzi\u0119czno\u015bci i mi\u0142o\u015bci do Chrystusa w Eucharystii. Po Mszy \u015bw. o 9.00 zmianka tajemnic r\u00f3\u017ca\u0144cowych dla wsp\u00f3lnoty rodzic\u00f3w modl\u0105cych si\u0119 za dzieci, a po sumie litania do Naj\u015bw. Serca Pana Jezusa i procesja eucharystyczna wok\u00f3\u0142 ko\u015bcio\u0142a. Dzi\u0119kuj\u0119 za ofiary na tac\u0119, kt\u00f3re s\u0105 dzi\u015b przeznaczone na potrzeby WSD w Opolu k. Siedlec. W uroczysto\u015b\u0107 Bo\u017cego Cia\u0142a na remont elewacji ko\u015bcio\u0142a zosta\u0142o z\u0142o\u017cone na tac\u0119 2810 z\u0142. B\u00f3g zap\u0142a\u0107!<\/p>\n<p>2. Zach\u0119cam do w\u0142\u0105czania si\u0119 wszystkich parafian w organizacj\u0119 procesji eucharystycznej po Mszy \u015bw. o 18.00. W poniedzia\u0142ek 15 czerwca&nbsp; zapraszam \u2013 Jan\u00f3wek i Wygl\u0119d\u00f3wek, we wtorek 16 czerwca \u2013 W\u00f3lka i \u015awidno, w \u015brod\u0119 17 czerwca \u2013 Las Jaworski i Helen\u00f3w, a w czwartek na zako\u0144czenie oktawy Bo\u017cego Cia\u0142a \u2013 ca\u0142\u0105 wsp\u00f3lnot\u0119 parafialn\u0105. Tradycyjnie&nbsp; w czwartek po\u015bwi\u0119cenie wiank\u00f3w i dla dzieci lody za uczestnictwo w procesji eucharystycznej.<\/p>\n<p>3. Serdecznie dzi\u0119kuj\u0119 druhom stra\u017cakom z Wierzbna za nowe bezpieczne pod\u0142\u0105czenie ko\u015bcio\u0142a do trakcji elektrycznej. Dzi\u0119kuj\u0119 p. Waldemarowi Jachimowiczowi za podno\u015bnik, a p. Krzysztofowi Twardowskiemu za ca\u0142\u0105 instalacj\u0119.<\/p>\n<p>4. Zbli\u017caj\u0105 si\u0119 egzaminy uczni\u00f3w klasy VIII. We wtorek 16 czerwca o 7.30 zapraszam rodzic\u00f3w i m\u0142odzie\u017c na Msz\u0119 \u015bw. o szcz\u0119\u015bliwe zdanie egzamin\u00f3w i b\u0142og. Bo\u017ce w dalszym \u017cyciu.<\/p>\n<p>5. W pi\u0105tek uroczysto\u015b\u0107 Naj\u015bwi\u0119tszego Serca Pana Jezusa. Zapraszam na Eucharysti\u0119 o godz. 18.00. W sobot\u0119 wspominamy Niepokalane Serce Maryi.<\/p>\n<p>6. W najbli\u017csz\u0105 niedziel\u0119 ofiarami do puszek wspieramy Katolicki Uniwersytet Lubelski.<\/p>\n<p>7. Dzi\u0119kuj\u0119 rodzinom z Jan\u00f3wka za sprz\u0105tanie ko\u015bcio\u0142a i zapraszam na sobot\u0119: p. Wand\u0119 i Wies\u0142awa \u0141abarzewskich oraz p. Beat\u0119 i Mariusza \u0141abarzewskich.<\/p>\n<p>8. Zach\u0119cam do lektury nowy Nr. \u201eEcha Katolickiego\u201d. Przeczytamy, jak zabiega\u0107 o prawa rodziny, wspomnienia o \u015bp. Ks. Piotrze Wojdacie oraz wiele innych cennych artyku\u0142\u00f3w. Jest tak\u017ce nowy numer Tygodnika \u201eIdziemy\u201d.<\/p>\n<p>9. Wczoraj otrzyma\u0142em od ks. Biskupa Kazimierza Gurdy, przez naszego ks. dziekana, nominacj\u0119 z dniem 1 lipca do parafii w Huszlewie. Dzi\u0119kuj\u0119 za wszelk\u0105 \u017cyczliwo\u015b\u0107 i prosz\u0119 o modlitw\u0119 w mojej intencji i nast\u0119pcy w Wierzbnie.<\/p>\n<p>10. Pan B\u00f3g powo\u0142a\u0142 do wieczno\u015bci \u015bp. Gabriela Stachowicza z Wygl\u0119d\u00f3wka. Pogrzeb we wtorek o godz. 14.00. Wieczny odpoczynek racz mu da\u0107, Panie\u2026<\/p>\n<h2 style=\"text-align: center;\"><span style=\"color: #ff0000;\">7 czerwca \u2013 Urocz. Naj\u015bwi\u0119tszej Tr\u00f3jcy<\/span><\/h2>\n<p>1. Tajemnica Tr\u00f3jcy \u015awi\u0119tej jest centraln\u0105 tajemnic\u0105 wiary i \u017cycia chrze\u015bcija\u0144skiego. &nbsp;Z okazji pierwszej niedzieli po sumie wystawienie Naj\u015bwi\u0119tszego Sakramentu, litania do Naj\u015bw. Serca Pana Jezusa i procesja eucharystyczna wok\u00f3\u0142 ko\u015bcio\u0142a. Ofiarami do puszek wspieramy buduj\u0105ce si\u0119 ko\u015bcio\u0142y w naszej diecezji. Dzi\u015b odpust parafialny w Wi\u015bniewie. Przez ca\u0142e lato suma w niedziel\u0119 b\u0119dzie sprawowana o godz. 11.00.<\/p>\n<p>2. Uwielbiam Pana Boga za dar wiary i powo\u0142ania kap\u0142a\u0144skiego. Na pami\u0105tk\u0119 mojego Jubileuszu Kap\u0142a\u0144skiego po Mszy \u015bw. otrzymacie dzi\u015b pami\u0105tkowe obrazki. Dzi\u0119kuj\u0119 za modlitwy w intencji kap\u0142an\u00f3w i prosz\u0119, by\u015bmy gorliwie modlili si\u0119 o nowe powo\u0142ania, kap\u0142a\u0144skie, misyjne i do \u017cycia konsekrowanego.<\/p>\n<p>3. We wtorek po Mszy \u015bw. o 18.00 spotkanie z rodzicami i dzie\u0107mi, kt\u00f3re w Uroczysto\u015b\u0107 Bo\u017cego Cia\u0142a b\u0119d\u0105 prze\u017cywa\u0107 rocznic\u0119 Pierwszej Komunii \u015awi\u0119tej.<\/p>\n<p>4. W czwartek Uroczysto\u015b\u0107 Naj\u015bwi\u0119tszego Cia\u0142a i Krwi Chrystusa. Zapraszam na Msz\u0119 \u015bw. o 9.00 i procesj\u0119 eucharystyczn\u0105 ulicami Wierzbna, wg tradycyjnej trasy. Na Mszy \u015bw. i na procesji u\u017cywamy maseczek. Nasze modlitewne uczestnictwo b\u0119dzie znakiem mi\u0142o\u015bci i wdzi\u0119czno\u015bci dla Chrystusa, kt\u00f3ry daje si\u0119 nam bez reszty w Eucharystii. Zabieramy na procesj\u0119 wszystkie chor\u0105gwie, feretrony i obrazy. Prosz\u0119 o przygotowanie o\u0142tarzy przez mieszka\u0144c\u00f3w Sobonia, Jaworka i Wierzbna. Druh\u00f3w stra\u017cak\u00f3w z OSP Wierzbno i OSP Jaworek zapraszam do asysty i kierowania ruchem podczas przemarszu procesji. Ofiary na tac\u0119 b\u0119d\u0105 przeznaczone na remont elewacji ko\u015bcio\u0142a i dzwonnicy. W Bo\u017ce Cia\u0142o jeszcze Msza \u015bw. o 12.00 i 18.00.<\/p>\n<p>5. Po uroczysto\u015bci Bo\u017cego Cia\u0142a firma przyst\u0119puje do prac remontowych przy ko\u015bciele. Zako\u0144czymy ca\u0142odzienn\u0105 adoracj\u0119 Naj\u015bwi\u0119tszego Sakramentu, dzi\u0119kuj\u0119 tym, kt\u00f3rzy ch\u0119tnie przychodzili na modlitw\u0119 do Chrystusa w monstrancji.<\/p>\n<p>6. Przez oktaw\u0119 Bo\u017cego Cia\u0142a zapraszam do licznego udzia\u0142u we Mszy \u015bw. o 18.00 i w procesji eucharystycznej wok\u00f3\u0142 ko\u015bcio\u0142a mieszka\u0144c\u00f3w nast\u0119puj\u0105cych miejscowo\u015bci: w pi\u0105tek 12 czerwca \u2013 Jaworek, w sobot\u0119 13 czerwca \u2013 Wierzbno, w niedziel\u0119 po sumie \u2013 Sobo\u0144, w poniedzia\u0142ek 15 czerwca \u2013 Jan\u00f3wek i Wygl\u0119d\u00f3wek, we wtorek 16 czerwca \u2013 W\u00f3lka i \u015awidno, w \u015brod\u0119 17 czerwca \u2013 Las Jaworski i Helen\u00f3w, a w czwartek na zako\u0144czenie oktawy Bo\u017cego Cia\u0142a \u2013 ca\u0142\u0105 wsp\u00f3lnot\u0119 parafialn\u0105. Tradycyjnie po\u015bwi\u0119cenie wiank\u00f3w i lody dla dzieci za uczestnictwo w procesji eucharystycznej.<\/p>\n<p>7. W najbli\u017csz\u0105 niedziel\u0119 po Mszy \u015bw. o 9.00 zmianka tajemnic r\u00f3\u017ca\u0144cowych dla wsp\u00f3lnoty rodzic\u00f3w modl\u0105cych si\u0119 za dzieci. Ofiary na tac\u0119 b\u0119d\u0105 przeznaczone na potrzeby naszego WSD w Opolu k. Siedlec.<\/p>\n<p>8. Zbli\u017caj\u0105 si\u0119 egzaminy uczni\u00f3w klasy VIII. We wtorek 16 czerwca o 7.30 zapraszam rodzic\u00f3w i m\u0142odzie\u017c na Msz\u0119 \u015bw. o szcz\u0119\u015bliwe zdanie egzamin\u00f3w i b\u0142og. Bo\u017ce w dalszym \u017cyciu.<\/p>\n<p>9. Dzi\u0119kuj\u0119 za sprz\u0105tanie ko\u015bcio\u0142a rodzinom z Jan\u00f3wka i na sobot\u0119 zapraszam: p. Zofi\u0119 Patoka, p. Mariol\u0119 i Dariusza Patoka oraz p. Barbar\u0119 i Miros\u0142awa Patoka.<\/p>\n<p>10. Zach\u0119cam do lektury nowy Nr. \u201eEcha Katolickiego\u201d. Znajdziemy relacj\u0119 ze \u015bwi\u0119ce\u0144 Bpa Grzegorza Suchodolskiego, o Samorz\u0105dowej Karcie Praw Rodziny, o rozmi\u0119kczonym chrze\u015bcija\u0144stwie i inne. Jest te\u017c nowy Nr Tygodnika \u201eIdziemy\u201d.<\/p>\n","protected":false},"excerpt":{"rendered":"<p>Powr\u00f3t do listy og\u0142osze\u0144 28 czerwca \u2013 Odpust Parafialny \u015bw. Aposto\u0142\u00f3w Piotra i Paw\u0142a 1. Nasza parafia ma wielkich or\u0119downik\u00f3w przed Bogiem i dzi\u015b wzywamy wstawiennictwa \u015bwi\u0119tych Aposto\u0142\u00f3w Piotra i Paw\u0142a. Jest grafik na lipiec dla czytaj\u0105cych s\u0142owo Bo\u017ce podczas Eucharystii. Dzi\u0119kuj\u0119 za ofiary na tac\u0119, kt\u00f3re przeznaczamy na figur\u0119 \u015bw. Floriana dla OSP Wierzbno w 100 r. dzia\u0142alno\u015bci stra\u017cy po\u017carnej. 2. Dzi\u015b modlimy si\u0119 za nasz\u0105 Ojczyzn\u0119 i za wszystkich Polak\u00f3w o dojrza\u0142e uczestnictwo w wyborach prezydenckich. 3. Jutro uroczysto\u015b\u0107 \u015bw. Aposto\u0142\u00f3w Piotra i Paw\u0142a wg kalendarza liturgicznego. Zapraszam na Msz\u0119 \u015bw. o 9.00 i 18.00. 4. Serdecznie prosz\u0119 o \u017cyczliwe przyj\u0119cie mojego nast\u0119pcy, ks. Alfreda Wasilaka, kt\u00f3ry od 1 lipca b\u0119dzie pos\u0142ugiwa\u0142 w naszej parafii. 5. Pierwszy pi\u0105tek miesi\u0105ca, o 7.30 Msza \u015bw. wynagradzaj\u0105ca Naj\u015bwi\u0119tszemu sercu Pana Jezusa za grzechy nasze i ca\u0142ego \u015bwiata. 6. W najbli\u017csz\u0105 niedziel\u0119 &nbsp;na Mszy \u015bw. o 9.00 uroczyste wprowadzenie nowego ks. Proboszcza \u2026 <a class=\"continue-reading-link\" href=\"https:\/\/www.parafiawierzbno.com.pl\/?page_id=9968\">Czytaj dalej <span class=\"meta-nav\">&rarr; <\/span><\/a><\/p>\n","protected":false},"author":1,"featured_media":0,"parent":225,"menu_order":0,"comment_status":"closed","ping_status":"closed","template":"","meta":{"ngg_post_thumbnail":0},"_links":{"self":[{"href":"https:\/\/www.parafiawierzbno.com.pl\/index.php?rest_route=\/wp\/v2\/pages\/9968"}],"collection":[{"href":"https:\/\/www.parafiawierzbno.com.pl\/index.php?rest_route=\/wp\/v2\/pages"}],"about":[{"href":"https:\/\/www.parafiawierzbno.com.pl\/index.php?rest_route=\/wp\/v2\/types\/page"}],"author":[{"embeddable":true,"href":"https:\/\/www.parafiawierzbno.com.pl\/index.php?rest_route=\/wp\/v2\/users\/1"}],"replies":[{"embeddable":true,"href":"https:\/\/www.parafiawierzbno.com.pl\/index.php?rest_route=%2Fwp%2Fv2%2Fcomments&post=9968"}],"version-history":[{"count":5,"href":"https:\/\/www.parafiawierzbno.com.pl\/index.php?rest_route=\/wp\/v2\/pages\/9968\/revisions"}],"predecessor-version":[{"id":9980,"href":"https:\/\/www.parafiawierzbno.com.pl\/index.php?rest_route=\/wp\/v2\/pages\/9968\/revisions\/9980"}],"up":[{"embeddable":true,"href":"https:\/\/www.parafiawierzbno.com.pl\/index.php?rest_route=\/wp\/v2\/pages\/225"}],"wp:attachment":[{"href":"https:\/\/www.parafiawierzbno.com.pl\/index.php?rest_route=%2Fwp%2Fv2%2Fmedia&parent=9968"}],"curies":[{"name":"wp","href":"https:\/\/api.w.org\/{rel}","templated":true}]}}