{"id":9987,"date":"2020-07-05T07:56:42","date_gmt":"2020-07-05T05:56:42","guid":{"rendered":"https:\/\/www.parafiawierzbno.com.pl\/?page_id=9987"},"modified":"2020-07-26T00:09:16","modified_gmt":"2020-07-25T22:09:16","slug":"ogloszenia-lipiec-2020","status":"publish","type":"page","link":"https:\/\/www.parafiawierzbno.com.pl\/?page_id=9987","title":{"rendered":"Og\u0142oszenia &#8211; Lipiec 2020"},"content":{"rendered":"<p><a title=\"Og\u0142oszenia parafialne\" href=\"https:\/\/www.parafiawierzbno.com.pl\/?page_id=225\">Powr\u00f3t do listy og\u0142osze\u0144<\/a><\/p>\n<h2 style=\"text-align: center;\"><strong>SIEDEMNASTA NIEDZIELA W CI\u0104GU ROKU 26 lipca 2020<br \/>\n<\/strong><strong>OG\u0141OSZENIA DUSZPASTERSKIE<\/strong><\/h2>\n<p>1. Trwa czas wakacji, urlop\u00f3w. Bywa, \u017ce zapatrzeni w siebie, nie dostrzegamy tych, kt\u00f3rzy pozostali na uboczu, kt\u00f3rzy mo\u017ce w szczeg\u00f3lny spos\u00f3b potrzebuj\u0105 naszej pomocy. Nie wszyscy maj\u0105 radosne wakacje. Pami\u0119tajmy o pracy rolnik\u00f3w podczas \u017cniw, szanujmy ich trud, otoczmy ich nasz\u0105 modlitw\u0105.<\/p>\n<p>2. Dzisiaj po ka\u017cdej Mszy \u015bwi\u0119tej b\u0142ogos\u0142awie\u0144stwo pojazd\u00f3w. Ofiary sk\u0142adane do puszek s\u0105 przeznaczone na zakup \u015brodk\u00f3w transportu dla misjonarzy.<\/p>\n<p>3. Dzisiaj ostatnia niedziela miesi\u0105ca tradycyjnie ofiary sk\u0142adane na tac\u0119 s\u0105 przeznaczone na remont ko\u015bcio\u0142a.<\/p>\n<p>4. W tym tygodniu przypada pierwsza sobota miesi\u0105ca. Ze szczeg\u00f3ln\u0105 czci\u0105 zwracamy si\u0119 ku Niepokalanemu Sercu Matki. Podczas pierwszosobotniego nabo\u017ce\u0144stwa powierzymy Jej matczynej opiece ca\u0142\u0105 nasz\u0105 codzienno\u015b\u0107.<\/p>\n<p>5. W sobot\u0119, 1 sierpnia, mija 76. rocznica wybuchu powstania warszawskiego. Poleg\u0142ym za wolno\u015b\u0107 Ojczyzny jeste\u015bmy winni nasz\u0105 modlitewn\u0105 pami\u0119\u0107.<\/p>\n<p>6. W przysz\u0142\u0105 niedziel\u0119, 2 sierpnia, przypada odpust Porcjunkuli, zwi\u0105zany z osob\u0105 \u015awi\u0119tego Franciszka z Asy\u017cu. Warunkiem jego uzyskania jest nawiedzenie jakiegokolwiek parafialnego ko\u015bcio\u0142a i odm\u00f3wienie w nim przynajmniej modlitwy Ojcze nasz i Zdrowa\u015b Maryjo, stan \u0142aski u\u015bwi\u0119caj\u0105cej i przyj\u0119cie Komunii \u015bw. tego dnia lub w jego pobli\u017cu, modlitwa w intencjach wyznaczonych przez papie\u017ca oraz wyzbycie si\u0119 przywi\u0105zania do grzechu, nawet lekkiego. Odpust ten mo\u017cna uzyska\u0107 od po\u0142udnia 1 sierpnia do p\u00f3\u0142nocy 2 sierpnia. Skorzystajmy z tej nadzwyczajnej \u0142aski darowania kar doczesnych za grzechy odpuszczone w sakramencie pojednania, a jeszcze przez nas nienaprawione.<\/p>\n<p>7. Pragn\u0119 gor\u0105co podzi\u0119kowa\u0107 panom, kt\u00f3rzy w tym tygodniu pracowali przy zbijaniu tynku na ko\u015bciele oraz tym, kt\u00f3rzy wywie\u017ali gruz.<\/p>\n<p>8. Dzi\u0119kuj\u0119 Katarzynie Leszczy\u0144skiej, Mai Gryglas i Alicji Jaworowskiej za uporz\u0105dkowanie zakrystii.<\/p>\n<p>9. Od 3 sierpnia w naszej parafii w\u0142\u0105czymy si\u0119 w duchowe pielgrzymowanie. Szczeg\u00f3\u0142y podam w przysz\u0142\u0105 niedziel\u0119.<\/p>\n<p>10. Na stoliku wy\u0142o\u017cony jest nowy numer Echa katolickiego, mo\u017cemy w nim przeczyta\u0107 min. Czym jest modlitwa Jezusowa, dlaczego nie warto lekcewa\u017cy\u0107 b\u00f3lu zatok.<\/p>\n<p>11. Dzi\u0119kuj\u0119 rodzinom z Jan\u00f3wka z sprz\u0105tanie ko\u015bcio\u0142a w przysz\u0142ym tygodniu zapraszam rodziny Ko\u0142ak i Zalewskich.<\/p>\n<p>12. W Jan\u00f3wku skradziono rower i narz\u0119dzia za zwrot w\u0142a\u015bciciel obieca\u0142 nagrod\u0119.<\/p>\n<p>&nbsp;13. Do przyj\u0119cia sakramentu ma\u0142\u017ce\u0144stwa przygotowuj\u0105 si\u0119 Lech Komorowski kawaler, zamieszka\u0142y w Wygl\u0119d\u00f3wku par. tut. i Angelika Maria Nowak&nbsp; panna zam. w&nbsp; G\u0142upiance par. \u015awi\u0119tej Tr\u00f3jcy w Ko\u0142bieli, zap. II. Otoczmy ich nasz\u0105 modlitw\u0105 by dobrze prze\u017cyli ten czas przygotowania.<\/p>\n<p>14. Wszystkim solenizantom i jubilatom, kt\u00f3rzy b\u0119d\u0105 prze\u017cywali swoje \u015bwi\u0119to w najbli\u017cszych dniach, \u017cycz\u0119 Bo\u017cego b\u0142og. i obfito\u015bci Bo\u017cych \u0142ask.<\/p>\n<h2 style=\"text-align: center;\"><strong>SZESNASTA NIEDZIELA W CI\u0104GU ROKU 19 lipca 2020<br \/>\n<\/strong><strong>OG\u0141OSZENIA DUSZPASTERSKIE<\/strong><\/h2>\n<p>1. Pami\u0119tajmy o w\u0142a\u015bciwym wykorzystaniu podarowanego nam czasu wakacji. To nie jest czas wolny od przykaza\u0144 Bo\u017cych i ko\u015bcielnych. Niech sprzyja pog\u0142\u0119bieniu naszych relacji z Bogiem, umocnieniu wiary, nawr\u00f3ceniu. Temu w\u0142a\u015bnie s\u0142u\u017cy ka\u017cda niedzielna Eucharystia. Nie rezygnujmy z tego najcenniejszego realnego spotkania z Panem Jezusem, tak \u0142atwo zas\u0142aniaj\u0105c si\u0119 wakacjami, oddaleniem \u015bwi\u0105tyni. Wierzy\u0107 w Chrystusa \u2013 to znaczy by\u0107 Jego \u015bwiadkiem wobec bli\u017anich i \u015bwiata; to znaczy by\u0107 \u015bwiat\u0142em dla wsp\u00f3\u0142czesnego \u015bwiata.<\/p>\n<p>2. W najbli\u017csz\u0105 \u015brod\u0119, 22 lipca, w kalendarzu liturgicznym przypada \u015bwi\u0119to \u015awi\u0119tej Marii Magdaleny, patronki dobrej przemiany. Magdalena, wierna uczennica Chrystusa, by\u0142a przy Jego \u015bmierci i pierwsza ujrza\u0142a Go po zmartwychwstaniu wczesnym rankiem dnia paschalnego.<\/p>\n<p>3. W sobot\u0119, 25 lipca, obchodzimy \u015bwi\u0119to \u015awi\u0119tego Jakuba Aposto\u0142a. Zosta\u0142 powo\u0142any jako jeden z pierwszych uczni\u00f3w Pana Jezusa. Tego samego dnia czcimy te\u017c \u015awi\u0119tego Krzysztofa, m\u0119czennika z po\u0142owy III wieku, patrona kierowc\u00f3w i podr\u00f3\u017cuj\u0105cych, or\u0119downika w \u015bmiertelnych niebezpiecze\u0144stwach. B\u0142ogos\u0142awie\u0144stwo kierowc\u00f3w, samochod\u00f3w i innych pojazd\u00f3w w naszej parafii odb\u0119dzie si\u0119 w przysz\u0142\u0105 niedziel\u0119 po wszystkich Mszach \u015bwi\u0119tych. Ofiary sk\u0142adane przy tej okazji do puszek s\u0105 przeznaczone na zakup \u015brodk\u00f3w transportu dla misjonarzy.<\/p>\n<p>4. Na poniedzia\u0142ek na godz. 10.00 zapraszam m\u0142odzie\u017c od klasy 7 wzwy\u017c do pomocy przy porz\u0105dkach w zakrystii.<\/p>\n<p>5. Wzr\u00f3s\u0142 koszt malowania elewacji ko\u015bcio\u0142a o 60 tysi\u0119cy z\u0142otych. Mo\u017cna jednak obni\u017cy\u0107 koszta je\u015bli znajd\u0105 si\u0119 panowie, kt\u00f3rzy podejm\u0105 si\u0119 zbicia tynku. Radnych prosz\u0119 o zrobienie list pan\u00f3w, kt\u00f3rzy zechc\u0105 podj\u0105\u0107 si\u0119 tego zadania.<\/p>\n<p>6. Dzisiaj po Mszy \u015bwi\u0119tej wieczorowej zapraszam Rad\u0119 Parafialn\u0105 na spotkanie.<\/p>\n<p>7. W tym roku te\u017c b\u0119dziemy dzi\u0119kowa\u0107 za tegoroczne plony. Prosz\u0119 o przygotowywanie wie\u0144c\u00f3w.<\/p>\n<p>8. Tradycyjnie Piesza Pielgrzymka Bia\u0142ostocka zatrzyma si\u0119 u nas na nocleg. B\u0119dzie to tylko 15 os\u00f3b.<\/p>\n<p>9. Na stoliku wy\u0142o\u017cony jest nowy numer Echa katolickiego, mo\u017cemy w nim przeczyta\u0107 min. O \u015bwi\u0119tym Szarbelu, o siostrze R\u00f3\u017cy Niew\u0119g\u0142owskiej, kt\u00f3ra wyprasza zza \u015bwiat\u00f3w potrzebne \u0142aski.<\/p>\n<p>10. Dzi\u0119kuj\u0119 rodzinom z Jan\u00f3wka za sprz\u0105tanie ko\u015bcio\u0142a i w przysz\u0142ym tygodniu zapraszam rodziny Ga\u0142eckich i Kiesner\u00f3w<\/p>\n<p>11. Do przyj\u0119cia sakramentu ma\u0142\u017ce\u0144stwa przygotowuj\u0105 si\u0119 Przemys\u0142aw Marian Drobotowicz, kaw. zam. w Warszawie, par. \u015bw. J\u00f3zefa Oblubie\u0144ca Naj\u015bwi\u0119tszej Maryi Panny w Warszawie i Paulina Duszak, panna zam. w W\u00f3lce parafii tut. zap. III. , oraz Lech Komorowski kawaler, zamieszka\u0142y w Wygl\u0119d\u00f3wku par. tut. i Angelika Maria Nowak&nbsp; panna zam. w&nbsp; G\u0142upiance par. \u015awi\u0119tej Tr\u00f3jcy w Ko\u0142bieli, zap. I. Otoczmy ich nasz\u0105 modlitw\u0105 by dobrze prze\u017cyli ten czas przygotowania.<\/p>\n<p>12. Wszystkim solenizantom i jubilatom, kt\u00f3rzy b\u0119d\u0105 prze\u017cywali swoje \u015bwi\u0119to w najbli\u017cszych dniach, \u017cycz\u0119 Bo\u017cego b\u0142og. i obfito\u015bci Bo\u017cych \u0142ask.<\/p>\n<h2 style=\"text-align: center;\"><strong>PI\u0118TNASTA NIEDZIELA W CI\u0104GU ROKU 12 lipca 2020<\/strong><br \/>\n<strong>OG\u0141OSZENIA DUSZPASTERSKIE<\/strong><\/h2>\n<p>1. Dzi\u015b przypada kolejna lipcowa niedziela. W czasie wakacji i urlop\u00f3w nie zapominajmy o \u015bwi\u0119towaniu dnia Pa\u0144skiego. Niech na trasach wakacyjnych w\u0119dr\u00f3wek nie zabraknie \u015bwi\u0105ty\u0144. W ka\u017cdej z nich na spotkanie z nami czeka Zbawiciel \u2013 Jezus Chrystus. Pami\u0119tajmy, aby nasze zachowanie w czasie ich zwiedzania by\u0142o nacechowane powag\u0105 i nale\u017cn\u0105 czci\u0105 dla Boga obecnego w Naj\u015bwi\u0119tszym Sakramencie. Pami\u0119tajmy o godnym stroju, o ciszy i cho\u0107by kr\u00f3tkiej modlitwie uwielbienia.<\/p>\n<p>2. W czwartek, 16 lipca, w liturgii wspominamy Naj\u015bwi\u0119tsz\u0105 Maryj\u0119 Pann\u0119 z G\u00f3ry Karmel i histori\u0119 szkaplerza, kt\u00f3ra swymi korzeniami si\u0119ga XII wieku. W\u0142a\u015bnie na G\u00f3rze Karmel (p\u00f3\u0142nocno-zachodni Izrael) duchowi synowie proroka Eliasza prowadzili gorliwe \u017cycie modlitwy. Z powodu prze\u015bladowa\u0144 przenie\u015bli si\u0119 do Europy i dali pocz\u0105tek nowemu zakonowi \u2013 karmelit\u00f3w, kt\u00f3ry wpisa\u0142 si\u0119 w histori\u0119 i duchowe oblicze Ko\u015bcio\u0142a.<\/p>\n<p>3. Wspomnienie Naj\u015bwi\u0119tszej Maryi Panny z G\u00f3ry Karmel przypomina nam o jeszcze innym wa\u017cnym rysie duchowo\u015bci chrze\u015bcija\u0144skiej, a mianowicie o szkaplerzu. Matka Bo\u017ca objawi\u0142a go genera\u0142owi karmelit\u00f3w w Cambridge (Anglia) Szymonowi Stockowi w 1251 roku. Obieca\u0142a te\u017c ka\u017cdemu, kto b\u0119dzie go nosi\u0142 do \u015bmierci, \u017ce nie zazna ognia piekielnego i \u017cadnego innego niebezpiecze\u0144stwa. Dzi\u015b wielu z nas nosi medaliki szkaplerzne. Zadbajmy o to, aby nie by\u0142a to tylko dekoracja stroju. Niech to b\u0119dzie znak naszej religijno\u015bci, noszony z wiar\u0105 i mi\u0142o\u015bci\u0105. Pro\u015bmy te\u017c Matk\u0119 Bo\u017c\u0105, aby\u015bmy mogli doj\u015b\u0107 szcz\u0119\u015bliwie do naszej G\u00f3ry Karmel, kt\u00f3r\u0105 jest Chrystus. Jak Maryja, ws\u0142uchujmy si\u0119 w s\u0142owo Bo\u017ce, rozwa\u017cajmy je i zachowujmy w swoich sercach.<\/p>\n<p>4. Drodzy Diecezjanie! Zapraszam Was serdecznie na I Diecezjaln\u0105 Pielgrzymk\u0119 Te\u015bciowych i Te\u015bci\u00f3w do Sanktuarium Matki Bo\u017cej Kr\u00f3lowej Rodzin do Parczewa w niedziel\u0119 26 lipca br. pod has\u0142em: \u201eTe\u015bciowie z nieba rodem?\u201d. Ufam, \u017ce b\u0119dzie to dobry czas s\u0142uchania S\u0142owa o misji Te\u015bci\u00f3w oraz czas modlitwy za swoje dzieci i wnuki. Z pasterskim b\u0142ogos\u0142awie\u0144stwem Biskup Siedlecki Kazimierz Gurda<\/p>\n<p>5. Dzi\u0119kuj\u0119 rodzinom Cichockim i Rozbickim z Jan\u00f3wka za sprz\u0105tanie ko\u015bcio\u0142a w przysz\u0142ym tygodniu zapraszam do sprz\u0105tania p. Krystyn\u0119 Siemi\u0144sk\u0105 i Zdzis\u0142awa Po\u0142awskiego z Jan\u00f3wka<\/p>\n<p>6. Nowy numer Echa katolickiego wy\u0142o\u017cony jest na stoliku, mo\u017cna w nim przeczyta\u0107 min o tajemniczej \u015bmierci ks. Blachnickiego, jak opiekowa\u0107 si\u0119 osob\u0105 cierpi\u0105c\u0105 na demencj\u0119.<\/p>\n<p>7. W minionym tygodniu zosta\u0142a z\u0142o\u017cona ofiara na remont ko\u015bcio\u0142a 50 z\u0142 p. Marian Kra\u015bny z Siedlec.<\/p>\n<p>8. Do przyj\u0119cia sakramentu ma\u0142\u017ce\u0144stwa przygotowuj\u0105 si\u0119 Przemys\u0142aw Marian Drobotowicz, kaw. zam. w Warszawie, par. \u015bw. J\u00f3zefa Oblubie\u0144ca Naj\u015bwi\u0119tszej Maryi Panny w Warszawie i Paulina Duszak, panna zam. w W\u00f3lce parafii tut. zap. II. Otoczmy ich nasz\u0105 modlitw\u0105 by dobrze prze\u017cyli ten czas przygotowania.<\/p>\n<p>9. Wszystkim solenizantom i jubilatom, kt\u00f3rzy b\u0119d\u0105 prze\u017cywali swoje \u015bwi\u0119to w najbli\u017cszych dniach, \u017cycz\u0119 Bo\u017cego b\u0142og. i obfito\u015bci Bo\u017cych \u0142ask.<\/p>\n<h2 style=\"text-align: center;\"><strong>CZTERNASTA NIEDZIELA W CI\u0104GU ROKU 5 lipca 2020<br \/>\n<\/strong><strong>OG\u0141OSZENIA DUSZPASTERSKIE<\/strong><\/h2>\n<p>1. Dzi\u015b przypada pierwsza lipcowa niedziela. Niech trwaj\u0105ce wakacje i urlopy b\u0119d\u0105 okazj\u0105 do pog\u0142\u0119bienia wiary prze\u017cywanej w bezpo\u015brednim kontakcie z przyrod\u0105. Przez pi\u0119kno ziemi przemawia do nas sam Stw\u00f3rca. Zechciejmy dla Niego otworzy\u0107 nasze serca i umys\u0142y. Jednocze\u015bnie nie zapominajmy, \u017ce ka\u017cdy z nas, jako katolik, ma obowi\u0105zek uczestniczenia w niedzielnej Mszy \u015awi\u0119tej, kt\u00f3ra jest \u017ar\u00f3d\u0142em o\u017cywczej \u0142aski, przynosi pok\u00f3j i zbawienie.<\/p>\n<p>2. Ofiary sk\u0142adane dzisiaj na tac\u0119 przeznaczone s\u0105 na Katolickie Radio Podlasie.<\/p>\n<p>3. W poniedzia\u0142ek, 6 lipca, w liturgiczne wspomnienie b\u0142ogos\u0142awionej Marii Teresy Led\u00f3chowskiej, przypada \u015bwi\u0119to patronalne Apostolstwa Chorych, zwi\u0105zane ze wspomnieniem Naj\u015bwi\u0119tszej Maryi Panny Uzdrowienia Chorych. Nasz\u0105 modlitewn\u0105 pami\u0119ci\u0105 obejmijmy tych, kt\u00f3rzy staraj\u0105 si\u0119 pomaga\u0107 duchowo wszystkim chorym, cierpi\u0105cym i seniorom z naszej wsp\u00f3lnoty parafialnej.<\/p>\n<p>5. Od dzisiejszej niedzieli o godz. 8.45 b\u0119dziemy \u015bpiewali godzinki ku czci Naj\u015bwi\u0119tszej Maryi Panny, a przed b\u0142ogos\u0142awie\u0144stwem zar\u00f3wno w niedziele, jak i w zwyk\u0142e dni b\u0119dziemy modlili si\u0119 do \u015bwi\u0119tego Micha\u0142a Archanio\u0142a.<\/p>\n<p>6. Lipiec jest ostatnim miesi\u0105cem funkcjonowania telefonu stacjonarnego. Od dzisiaj mo\u017cna si\u0119 dzwoni\u0105c pod numer <strong>698 440&nbsp;548<\/strong>. B\u0119dzie to parafialny numer telefonu.<\/p>\n<p>7. Pragn\u0119 serdecznie podzi\u0119kowa\u0107 Paniom i Panom za pomoc przy roz\u0142adowaniu moich rzeczy.<\/p>\n<p>8. Dzi\u0119kuj\u0119 rodzinom z Jan\u00f3wka za sprz\u0105tanie ko\u015bcio\u0142a w przysz\u0142ym tygodniu zapraszam do sprz\u0105tania p. Mieczys\u0142aw\u0119 Ciechock\u0105 i Henryka Rozbickiego z Jan\u00f3wka<\/p>\n<p>9. Nowy numer Echa katolickiego wy\u0142o\u017cony jest na stoliku, mo\u017cna w nim przeczyta\u0107 min. Porady dla alergik\u00f3w, kim by\u0142a siostra Weronika Gulini<\/p>\n<p>10. Prosz\u0119 o zak\u0142adanie maseczek w czasie Mszy \u015bw. Przyjmijmy ten obowi\u0105zek w imi\u0119 mi\u0142o\u015bci bli\u017aniego.<\/p>\n<p>11. Nie zapominajmy te\u017c o tych, dla kt\u00f3rych lato jest czasem wyt\u0119\u017conej pracy, zw\u0142aszcza o pracuj\u0105cych na roli, na budowach, w szpitalach, transporcie, pozostaj\u0105cych na koniecznych dy\u017curach. M\u00f3dlmy si\u0119, aby Pan B\u00f3g b\u0142ogos\u0142awi\u0142 w ich trudzie. Oni cz\u0119sto pracuj\u0105, aby inni mogli wypoczywa\u0107.<\/p>\n<p>12. Do przyj\u0119cia sakramentu ma\u0142\u017ce\u0144stwa przygotowuj\u0105 si\u0119 Przemys\u0142aw Marian Drobotowicz, kaw. zam. w Warszawie, par. \u015bw. J\u00f3zefa Oblubie\u0144ca Naj\u015bwi\u0119tszej Maryi Panny w Warszawie i Paulina Duszak, panna zam. W W\u00f3lce parafii tut. zap. I. Otoczmy ich nasz\u0105 modlitw\u0105 by dobrze prze\u017cyli ten czas przygotowania.<\/p>\n<p>13. W minionym tygodniu do wieczno\u015bci odeszli + Jacek Witowski l. 42 z Wierzbna i Aleksandra Komorowska l. 90 z Wygl\u0119d\u00f3wek. Wieczny odpoczynek racz im da\u0107 Panie.<\/p>\n<p>14. Wszystkim solenizantom i jubilatom, kt\u00f3rzy b\u0119d\u0105 prze\u017cywali swoje \u015bwi\u0119to w najbli\u017cszych dniach, \u017cycz\u0119 Bo\u017cego b\u0142og. i obfito\u015bci Bo\u017cych \u0142ask.<\/p>\n","protected":false},"excerpt":{"rendered":"<p>Powr\u00f3t do listy og\u0142osze\u0144 SIEDEMNASTA NIEDZIELA W CI\u0104GU ROKU 26 lipca 2020 OG\u0141OSZENIA DUSZPASTERSKIE 1. Trwa czas wakacji, urlop\u00f3w. Bywa, \u017ce zapatrzeni w siebie, nie dostrzegamy tych, kt\u00f3rzy pozostali na uboczu, kt\u00f3rzy mo\u017ce w szczeg\u00f3lny spos\u00f3b potrzebuj\u0105 naszej pomocy. Nie wszyscy maj\u0105 radosne wakacje. Pami\u0119tajmy o pracy rolnik\u00f3w podczas \u017cniw, szanujmy ich trud, otoczmy ich nasz\u0105 modlitw\u0105. 2. Dzisiaj po ka\u017cdej Mszy \u015bwi\u0119tej b\u0142ogos\u0142awie\u0144stwo pojazd\u00f3w. Ofiary sk\u0142adane do puszek s\u0105 przeznaczone na zakup \u015brodk\u00f3w transportu dla misjonarzy. 3. Dzisiaj ostatnia niedziela miesi\u0105ca tradycyjnie ofiary sk\u0142adane na tac\u0119 s\u0105 przeznaczone na remont ko\u015bcio\u0142a. 4. W tym tygodniu przypada pierwsza sobota miesi\u0105ca. Ze szczeg\u00f3ln\u0105 czci\u0105 zwracamy si\u0119 ku Niepokalanemu Sercu Matki. Podczas pierwszosobotniego nabo\u017ce\u0144stwa powierzymy Jej matczynej opiece ca\u0142\u0105 nasz\u0105 codzienno\u015b\u0107. 5. W sobot\u0119, 1 sierpnia, mija 76. rocznica wybuchu powstania warszawskiego. Poleg\u0142ym za wolno\u015b\u0107 Ojczyzny jeste\u015bmy winni nasz\u0105 modlitewn\u0105 pami\u0119\u0107. 6. W przysz\u0142\u0105 niedziel\u0119, 2 sierpnia, przypada odpust Porcjunkuli, zwi\u0105zany z \u2026 <a class=\"continue-reading-link\" href=\"https:\/\/www.parafiawierzbno.com.pl\/?page_id=9987\">Czytaj dalej <span class=\"meta-nav\">&rarr; <\/span><\/a><\/p>\n","protected":false},"author":1,"featured_media":0,"parent":225,"menu_order":0,"comment_status":"closed","ping_status":"closed","template":"","meta":{"ngg_post_thumbnail":0},"_links":{"self":[{"href":"https:\/\/www.parafiawierzbno.com.pl\/index.php?rest_route=\/wp\/v2\/pages\/9987"}],"collection":[{"href":"https:\/\/www.parafiawierzbno.com.pl\/index.php?rest_route=\/wp\/v2\/pages"}],"about":[{"href":"https:\/\/www.parafiawierzbno.com.pl\/index.php?rest_route=\/wp\/v2\/types\/page"}],"author":[{"embeddable":true,"href":"https:\/\/www.parafiawierzbno.com.pl\/index.php?rest_route=\/wp\/v2\/users\/1"}],"replies":[{"embeddable":true,"href":"https:\/\/www.parafiawierzbno.com.pl\/index.php?rest_route=%2Fwp%2Fv2%2Fcomments&post=9987"}],"version-history":[{"count":10,"href":"https:\/\/www.parafiawierzbno.com.pl\/index.php?rest_route=\/wp\/v2\/pages\/9987\/revisions"}],"predecessor-version":[{"id":10039,"href":"https:\/\/www.parafiawierzbno.com.pl\/index.php?rest_route=\/wp\/v2\/pages\/9987\/revisions\/10039"}],"up":[{"embeddable":true,"href":"https:\/\/www.parafiawierzbno.com.pl\/index.php?rest_route=\/wp\/v2\/pages\/225"}],"wp:attachment":[{"href":"https:\/\/www.parafiawierzbno.com.pl\/index.php?rest_route=%2Fwp%2Fv2%2Fmedia&parent=9987"}],"curies":[{"name":"wp","href":"https:\/\/api.w.org\/{rel}","templated":true}]}}